{"id":467,"date":"2022-06-23T20:19:16","date_gmt":"2022-06-23T18:19:16","guid":{"rendered":"http:\/\/www.sanctachristiana.at\/hlw-rodaun\/?page_id=467"},"modified":"2023-04-27T10:07:31","modified_gmt":"2023-04-27T08:07:31","slug":"ho%cc%88here-lehranstalt-fu%cc%88r-wirtschaftliche-berufe","status":"publish","type":"page","link":"https:\/\/www.stachristiana.at\/hlw-rodaun\/was-wir-bieten\/ho%cc%88here-lehranstalt-fu%cc%88r-wirtschaftliche-berufe","title":{"rendered":"Ho\u0308here Lehranstalt fu\u0308r wirtschaftliche Berufe"},"content":{"rendered":"\n<p>HLW Sozialmanagement &#8211; ein Bildungsweg mit Zukunft<\/p>\n\n\n\n<ul class=\"wp-block-list\">\n<li>f\u00fcnfj\u00e4hrige Ausbildung mit Reife- und Diplompr\u00fcfung in Laptopklassen<\/li>\n\n\n\n<li>fundierte Allgemeinbildung<\/li>\n\n\n\n<li>praxisnahe soziale und wirtschaftliche Bildung<\/li>\n\n\n\n<li>Praktika in Einrichtungen des Gesundheits- und Sozialwesens oder Betrieben<\/li>\n<\/ul>\n\n\n\n<figure class=\"wp-block-image size-large is-resized\"><img loading=\"lazy\" decoding=\"async\" src=\"https:\/\/www.stachristiana.at\/app\/uploads\/sites\/2\/2023\/01\/hlw_V1_320A9596_ret-1024x682.jpg\" alt=\"\" class=\"wp-image-784\" width=\"620\" height=\"412\" srcset=\"https:\/\/www.stachristiana.at\/app\/uploads\/sites\/2\/2023\/01\/hlw_V1_320A9596_ret-1024x682.jpg 1024w, https:\/\/www.stachristiana.at\/app\/uploads\/sites\/2\/2023\/01\/hlw_V1_320A9596_ret-400x267.jpg 400w, https:\/\/www.stachristiana.at\/app\/uploads\/sites\/2\/2023\/01\/hlw_V1_320A9596_ret-768x512.jpg 768w, https:\/\/www.stachristiana.at\/app\/uploads\/sites\/2\/2023\/01\/hlw_V1_320A9596_ret-1536x1024.jpg 1536w, https:\/\/www.stachristiana.at\/app\/uploads\/sites\/2\/2023\/01\/hlw_V1_320A9596_ret-690x460.jpg 690w, https:\/\/www.stachristiana.at\/app\/uploads\/sites\/2\/2023\/01\/hlw_V1_320A9596_ret-113x75.jpg 113w, https:\/\/www.stachristiana.at\/app\/uploads\/sites\/2\/2023\/01\/hlw_V1_320A9596_ret.jpg 2000w\" sizes=\"auto, (max-width: 620px) 100vw, 620px\" \/><\/figure>\n\n\n\n<p>Ausbildungsinhalte sind:<\/p>\n\n\n\n<ul class=\"wp-block-list\">\n<li>gute Allgemeinbildung<\/li>\n\n\n\n<li>Kommunikations- und Teamf\u00e4higkeit<\/li>\n\n\n\n<li>Organisationskompetenz<\/li>\n\n\n\n<li>Praxiserfahrung<\/li>\n\n\n\n<li>Fremdsprachenkenntnisse (Englisch und Spanisch oder Franz\u00f6sisch)<\/li>\n\n\n\n<li>Informatik-Kenntnisse in allen Fachbereichen<\/li>\n\n\n\n<li>Freude an der Arbeit mit Menschen und am Einsatz f\u00fcr deren Interessen<\/li>\n<\/ul>\n\n\n\n<p>Deine Perspektiven nach der Matura<\/p>\n\n\n\n<ul class=\"wp-block-list\">\n<li>Studium an Universit\u00e4ten, Hochschulen und Fachhochschulen<\/li>\n\n\n\n<li>Fachausbildungen in verschiedenen P\u00e4dagogischen-, Sozial- und Gesundheitsberufen<\/li>\n\n\n\n<li>direkter Berufseinstieg in verschiedene Branchen<\/li>\n<\/ul>\n\n\n\n<p><\/p>\n\n\n\n<p><\/p>\n\n\n\n<div class=\"wp-block-buttons is-layout-flex wp-block-buttons-is-layout-flex\">\n<div class=\"wp-block-button is-style-outline is-style-outline--1\"><a class=\"wp-block-button__link wp-element-button\" href=\"https:\/\/www.stachristiana.at\/app\/uploads\/sites\/2\/2023\/01\/Stundentafel_HLW_2020-21.pdf\" target=\"_blank\" rel=\"noreferrer noopener\">Stundentafel HLW<\/a><\/div>\n\n\n\n<div class=\"wp-block-button is-style-outline is-style-outline--2\"><a class=\"wp-block-button__link wp-element-button\" href=\"https:\/\/www.sta-christiana.at\/images\/rodaun\/hlw\/schulbroschure2021web\/schulbroschuere2021.html\" target=\"_blank\" rel=\"noreferrer noopener\">Schulfolder<\/a><\/div>\n<\/div>\n","protected":false},"excerpt":{"rendered":"<p>HLW Sozialmanagement &#8211; ein Bildungsweg mit Zukunft Ausbildungsinhalte sind: Deine Perspektiven nach der Matura<\/p>\n","protected":false},"author":5,"featured_media":0,"parent":144,"menu_order":1,"comment_status":"closed","ping_status":"closed","template":"","meta":{"footnotes":""},"class_list":["post-467","page","type-page","status-publish","hentry"],"acf":[],"yoast_head":"<!-- This site is optimized with the Yoast SEO plugin v26.8 - https:\/\/yoast.com\/product\/yoast-seo-wordpress\/ -->\n<title>Ho\u0308here Lehranstalt fu\u0308r wirtschaftliche Berufe - HLW Rodaun<\/title>\n<meta name=\"robots\" content=\"index, follow, max-snippet:-1, max-image-preview:large, max-video-preview:-1\" \/>\n<link rel=\"canonical\" href=\"https:\/\/www.stachristiana.at\/hlw-rodaun\/was-wir-bieten\/ho\u0308here-lehranstalt-fu\u0308r-wirtschaftliche-berufe\" \/>\n<meta property=\"og:locale\" content=\"de_DE\" \/>\n<meta property=\"og:type\" content=\"article\" \/>\n<meta property=\"og:title\" content=\"Ho\u0308here Lehranstalt fu\u0308r wirtschaftliche Berufe - HLW Rodaun\" \/>\n<meta property=\"og:description\" content=\"HLW Sozialmanagement &#8211; ein Bildungsweg mit Zukunft Ausbildungsinhalte sind: Deine Perspektiven nach der Matura\" \/>\n<meta property=\"og:url\" content=\"https:\/\/www.stachristiana.at\/hlw-rodaun\/was-wir-bieten\/ho\u0308here-lehranstalt-fu\u0308r-wirtschaftliche-berufe\" \/>\n<meta property=\"og:site_name\" content=\"HLW Rodaun\" \/>\n<meta property=\"article:modified_time\" content=\"2023-04-27T08:07:31+00:00\" \/>\n<meta property=\"og:image\" content=\"https:\/\/www.stachristiana.at\/app\/uploads\/sites\/2\/2023\/01\/hlw_V1_320A9596_ret-1024x682.jpg\" \/>\n<meta name=\"twitter:card\" content=\"summary_large_image\" \/>\n<meta name=\"twitter:label1\" content=\"Gesch\u00e4tzte Lesezeit\" \/>\n\t<meta name=\"twitter:data1\" content=\"1\u00a0Minute\" \/>\n<script type=\"application\/ld+json\" class=\"yoast-schema-graph\">{\"@context\":\"https:\/\/schema.org\",\"@graph\":[{\"@type\":\"WebPage\",\"@id\":\"https:\/\/www.stachristiana.at\/hlw-rodaun\/was-wir-bieten\/ho%cc%88here-lehranstalt-fu%cc%88r-wirtschaftliche-berufe\",\"url\":\"https:\/\/www.stachristiana.at\/hlw-rodaun\/was-wir-bieten\/ho%cc%88here-lehranstalt-fu%cc%88r-wirtschaftliche-berufe\",\"name\":\"Ho\u0308here Lehranstalt fu\u0308r wirtschaftliche Berufe - HLW Rodaun\",\"isPartOf\":{\"@id\":\"https:\/\/www.stachristiana.at\/hlw-rodaun\/#website\"},\"primaryImageOfPage\":{\"@id\":\"https:\/\/www.stachristiana.at\/hlw-rodaun\/was-wir-bieten\/ho%cc%88here-lehranstalt-fu%cc%88r-wirtschaftliche-berufe#primaryimage\"},\"image\":{\"@id\":\"https:\/\/www.stachristiana.at\/hlw-rodaun\/was-wir-bieten\/ho%cc%88here-lehranstalt-fu%cc%88r-wirtschaftliche-berufe#primaryimage\"},\"thumbnailUrl\":\"https:\/\/www.stachristiana.at\/app\/uploads\/sites\/2\/2023\/01\/hlw_V1_320A9596_ret-1024x682.jpg\",\"datePublished\":\"2022-06-23T18:19:16+00:00\",\"dateModified\":\"2023-04-27T08:07:31+00:00\",\"breadcrumb\":{\"@id\":\"https:\/\/www.stachristiana.at\/hlw-rodaun\/was-wir-bieten\/ho%cc%88here-lehranstalt-fu%cc%88r-wirtschaftliche-berufe#breadcrumb\"},\"inLanguage\":\"de\",\"potentialAction\":[{\"@type\":\"ReadAction\",\"target\":[\"https:\/\/www.stachristiana.at\/hlw-rodaun\/was-wir-bieten\/ho%cc%88here-lehranstalt-fu%cc%88r-wirtschaftliche-berufe\"]}]},{\"@type\":\"ImageObject\",\"inLanguage\":\"de\",\"@id\":\"https:\/\/www.stachristiana.at\/hlw-rodaun\/was-wir-bieten\/ho%cc%88here-lehranstalt-fu%cc%88r-wirtschaftliche-berufe#primaryimage\",\"url\":\"https:\/\/www.stachristiana.at\/app\/uploads\/sites\/2\/2023\/01\/hlw_V1_320A9596_ret-1024x682.jpg\",\"contentUrl\":\"https:\/\/www.stachristiana.at\/app\/uploads\/sites\/2\/2023\/01\/hlw_V1_320A9596_ret-1024x682.jpg\"},{\"@type\":\"BreadcrumbList\",\"@id\":\"https:\/\/www.stachristiana.at\/hlw-rodaun\/was-wir-bieten\/ho%cc%88here-lehranstalt-fu%cc%88r-wirtschaftliche-berufe#breadcrumb\",\"itemListElement\":[{\"@type\":\"ListItem\",\"position\":1,\"name\":\"Start\",\"item\":\"https:\/\/www.stachristiana.at\/\"},{\"@type\":\"ListItem\",\"position\":2,\"name\":\"Was wir bieten\",\"item\":\"https:\/\/www.stachristiana.at\/hlw-rodaun\/was-wir-bieten\"},{\"@type\":\"ListItem\",\"position\":3,\"name\":\"Ho\u0308here Lehranstalt fu\u0308r wirtschaftliche Berufe\"}]},{\"@type\":\"WebSite\",\"@id\":\"https:\/\/www.stachristiana.at\/hlw-rodaun\/#website\",\"url\":\"https:\/\/www.stachristiana.at\/hlw-rodaun\/\",\"name\":\"Sta. Christiana - HLW Rodaun\",\"description\":\"H\u00f6here Lehranstalt, Fachschule und Aufbaulehrgang f\u00fcr wirtschaftliche Berufe\",\"publisher\":{\"@id\":\"https:\/\/www.stachristiana.at\/hlw-rodaun\/#organization\"},\"alternateName\":\"Sta. Christiana\",\"potentialAction\":[{\"@type\":\"SearchAction\",\"target\":{\"@type\":\"EntryPoint\",\"urlTemplate\":\"https:\/\/www.stachristiana.at\/hlw-rodaun\/?s={search_term_string}\"},\"query-input\":{\"@type\":\"PropertyValueSpecification\",\"valueRequired\":true,\"valueName\":\"search_term_string\"}}],\"inLanguage\":\"de\"},{\"@type\":\"Organization\",\"@id\":\"https:\/\/www.stachristiana.at\/hlw-rodaun\/#organization\",\"name\":\"Sta. Christiana - Schulen zum Leben\",\"alternateName\":\"Sta. Christiana\",\"url\":\"https:\/\/www.stachristiana.at\/hlw-rodaun\/\",\"logo\":{\"@type\":\"ImageObject\",\"inLanguage\":\"de\",\"@id\":\"https:\/\/www.stachristiana.at\/hlw-rodaun\/#\/schema\/logo\/image\/\",\"url\":\"https:\/\/www.stachristiana.at\/app\/uploads\/sites\/2\/2022\/05\/logo-sta-christiana.png\",\"contentUrl\":\"https:\/\/www.stachristiana.at\/app\/uploads\/sites\/2\/2022\/05\/logo-sta-christiana.png\",\"width\":1200,\"height\":491,\"caption\":\"Sta. Christiana - Schulen zum Leben\"},\"image\":{\"@id\":\"https:\/\/www.stachristiana.at\/hlw-rodaun\/#\/schema\/logo\/image\/\"}}]}<\/script>\n<!-- \/ Yoast SEO plugin. -->","yoast_head_json":{"title":"Ho\u0308here Lehranstalt fu\u0308r wirtschaftliche Berufe - HLW Rodaun","robots":{"index":"index","follow":"follow","max-snippet":"max-snippet:-1","max-image-preview":"max-image-preview:large","max-video-preview":"max-video-preview:-1"},"canonical":"https:\/\/www.stachristiana.at\/hlw-rodaun\/was-wir-bieten\/ho\u0308here-lehranstalt-fu\u0308r-wirtschaftliche-berufe","og_locale":"de_DE","og_type":"article","og_title":"Ho\u0308here Lehranstalt fu\u0308r wirtschaftliche Berufe - HLW Rodaun","og_description":"HLW Sozialmanagement &#8211; ein Bildungsweg mit Zukunft Ausbildungsinhalte sind: Deine Perspektiven nach der Matura","og_url":"https:\/\/www.stachristiana.at\/hlw-rodaun\/was-wir-bieten\/ho\u0308here-lehranstalt-fu\u0308r-wirtschaftliche-berufe","og_site_name":"HLW Rodaun","article_modified_time":"2023-04-27T08:07:31+00:00","og_image":[{"url":"https:\/\/www.stachristiana.at\/app\/uploads\/sites\/2\/2023\/01\/hlw_V1_320A9596_ret-1024x682.jpg","type":"","width":"","height":""}],"twitter_card":"summary_large_image","twitter_misc":{"Gesch\u00e4tzte Lesezeit":"1\u00a0Minute"},"schema":{"@context":"https:\/\/schema.org","@graph":[{"@type":"WebPage","@id":"https:\/\/www.stachristiana.at\/hlw-rodaun\/was-wir-bieten\/ho%cc%88here-lehranstalt-fu%cc%88r-wirtschaftliche-berufe","url":"https:\/\/www.stachristiana.at\/hlw-rodaun\/was-wir-bieten\/ho%cc%88here-lehranstalt-fu%cc%88r-wirtschaftliche-berufe","name":"Ho\u0308here Lehranstalt fu\u0308r wirtschaftliche Berufe - HLW Rodaun","isPartOf":{"@id":"https:\/\/www.stachristiana.at\/hlw-rodaun\/#website"},"primaryImageOfPage":{"@id":"https:\/\/www.stachristiana.at\/hlw-rodaun\/was-wir-bieten\/ho%cc%88here-lehranstalt-fu%cc%88r-wirtschaftliche-berufe#primaryimage"},"image":{"@id":"https:\/\/www.stachristiana.at\/hlw-rodaun\/was-wir-bieten\/ho%cc%88here-lehranstalt-fu%cc%88r-wirtschaftliche-berufe#primaryimage"},"thumbnailUrl":"https:\/\/www.stachristiana.at\/app\/uploads\/sites\/2\/2023\/01\/hlw_V1_320A9596_ret-1024x682.jpg","datePublished":"2022-06-23T18:19:16+00:00","dateModified":"2023-04-27T08:07:31+00:00","breadcrumb":{"@id":"https:\/\/www.stachristiana.at\/hlw-rodaun\/was-wir-bieten\/ho%cc%88here-lehranstalt-fu%cc%88r-wirtschaftliche-berufe#breadcrumb"},"inLanguage":"de","potentialAction":[{"@type":"ReadAction","target":["https:\/\/www.stachristiana.at\/hlw-rodaun\/was-wir-bieten\/ho%cc%88here-lehranstalt-fu%cc%88r-wirtschaftliche-berufe"]}]},{"@type":"ImageObject","inLanguage":"de","@id":"https:\/\/www.stachristiana.at\/hlw-rodaun\/was-wir-bieten\/ho%cc%88here-lehranstalt-fu%cc%88r-wirtschaftliche-berufe#primaryimage","url":"https:\/\/www.stachristiana.at\/app\/uploads\/sites\/2\/2023\/01\/hlw_V1_320A9596_ret-1024x682.jpg","contentUrl":"https:\/\/www.stachristiana.at\/app\/uploads\/sites\/2\/2023\/01\/hlw_V1_320A9596_ret-1024x682.jpg"},{"@type":"BreadcrumbList","@id":"https:\/\/www.stachristiana.at\/hlw-rodaun\/was-wir-bieten\/ho%cc%88here-lehranstalt-fu%cc%88r-wirtschaftliche-berufe#breadcrumb","itemListElement":[{"@type":"ListItem","position":1,"name":"Start","item":"https:\/\/www.stachristiana.at\/"},{"@type":"ListItem","position":2,"name":"Was wir bieten","item":"https:\/\/www.stachristiana.at\/hlw-rodaun\/was-wir-bieten"},{"@type":"ListItem","position":3,"name":"Ho\u0308here Lehranstalt fu\u0308r wirtschaftliche Berufe"}]},{"@type":"WebSite","@id":"https:\/\/www.stachristiana.at\/hlw-rodaun\/#website","url":"https:\/\/www.stachristiana.at\/hlw-rodaun\/","name":"Sta. Christiana - HLW Rodaun","description":"H\u00f6here Lehranstalt, Fachschule und Aufbaulehrgang f\u00fcr wirtschaftliche Berufe","publisher":{"@id":"https:\/\/www.stachristiana.at\/hlw-rodaun\/#organization"},"alternateName":"Sta. Christiana","potentialAction":[{"@type":"SearchAction","target":{"@type":"EntryPoint","urlTemplate":"https:\/\/www.stachristiana.at\/hlw-rodaun\/?s={search_term_string}"},"query-input":{"@type":"PropertyValueSpecification","valueRequired":true,"valueName":"search_term_string"}}],"inLanguage":"de"},{"@type":"Organization","@id":"https:\/\/www.stachristiana.at\/hlw-rodaun\/#organization","name":"Sta. Christiana - Schulen zum Leben","alternateName":"Sta. Christiana","url":"https:\/\/www.stachristiana.at\/hlw-rodaun\/","logo":{"@type":"ImageObject","inLanguage":"de","@id":"https:\/\/www.stachristiana.at\/hlw-rodaun\/#\/schema\/logo\/image\/","url":"https:\/\/www.stachristiana.at\/app\/uploads\/sites\/2\/2022\/05\/logo-sta-christiana.png","contentUrl":"https:\/\/www.stachristiana.at\/app\/uploads\/sites\/2\/2022\/05\/logo-sta-christiana.png","width":1200,"height":491,"caption":"Sta. Christiana - Schulen zum Leben"},"image":{"@id":"https:\/\/www.stachristiana.at\/hlw-rodaun\/#\/schema\/logo\/image\/"}}]}},"_links":{"self":[{"href":"https:\/\/www.stachristiana.at\/hlw-rodaun\/wp-json\/wp\/v2\/pages\/467","targetHints":{"allow":["GET"]}}],"collection":[{"href":"https:\/\/www.stachristiana.at\/hlw-rodaun\/wp-json\/wp\/v2\/pages"}],"about":[{"href":"https:\/\/www.stachristiana.at\/hlw-rodaun\/wp-json\/wp\/v2\/types\/page"}],"author":[{"embeddable":true,"href":"https:\/\/www.stachristiana.at\/hlw-rodaun\/wp-json\/wp\/v2\/users\/5"}],"replies":[{"embeddable":true,"href":"https:\/\/www.stachristiana.at\/hlw-rodaun\/wp-json\/wp\/v2\/comments?post=467"}],"version-history":[{"count":10,"href":"https:\/\/www.stachristiana.at\/hlw-rodaun\/wp-json\/wp\/v2\/pages\/467\/revisions"}],"predecessor-version":[{"id":1029,"href":"https:\/\/www.stachristiana.at\/hlw-rodaun\/wp-json\/wp\/v2\/pages\/467\/revisions\/1029"}],"up":[{"embeddable":true,"href":"https:\/\/www.stachristiana.at\/hlw-rodaun\/wp-json\/wp\/v2\/pages\/144"}],"wp:attachment":[{"href":"https:\/\/www.stachristiana.at\/hlw-rodaun\/wp-json\/wp\/v2\/media?parent=467"}],"curies":[{"name":"wp","href":"https:\/\/api.w.org\/{rel}","templated":true}]}}