{"id":17,"date":"2022-05-01T11:48:18","date_gmt":"2022-05-01T09:48:18","guid":{"rendered":"https:\/\/devmultisite.superfesch.at\/dummy\/?page_id=17"},"modified":"2026-04-30T09:11:19","modified_gmt":"2026-04-30T07:11:19","slug":"willkommen","status":"publish","type":"page","link":"https:\/\/www.stachristiana.at\/hlw-rodaun\/","title":{"rendered":"Willkommen"},"content":{"rendered":"\n<div class=\"wp-block-columns is-layout-flex wp-container-core-columns-is-layout-28f84493 wp-block-columns-is-layout-flex\">\n<div class=\"wp-block-column is-layout-flow wp-block-column-is-layout-flow\" style=\"flex-basis:80%\">\n<p class=\"has-text-align-left\">Wir freuen uns, Sie auf den Seiten der H\u00f6heren Lehranstalt f\u00fcr wirtschaftliche Berufe, der Fachschule und des Aufbaulehrgangs Sta Christiana begr\u00fc\u00dfen zu d\u00fcrfen!<\/p>\n\n\n\n<div style=\"height:20px\" aria-hidden=\"true\" class=\"wp-block-spacer\"><\/div>\n\n\n\n<p>Unsere Schule ist ein Lebensraum, in dem sich ALLE wohl f\u00fchlen und f\u00fcr den alle Verantwortung \u00fcbernehmen. H\u00f6flichkeit, Respekt, Offenheit, Toleranz und gegenseitiges Vertrauen bilden die Grundlage der Kommunikation zwischen den Schulpartnern.<\/p>\n<\/div>\n\n\n\n<div class=\"wp-block-column is-layout-flow wp-block-column-is-layout-flow\" style=\"flex-basis:20%\">\n<figure class=\"wp-block-image alignright size-full is-resized\"><img loading=\"lazy\" decoding=\"async\" width=\"427\" height=\"640\" src=\"https:\/\/www.stachristiana.at\/app\/uploads\/sites\/2\/2024\/10\/Foto-Halmer.jpg\" alt=\"\" class=\"wp-image-1584\" style=\"width:138px;height:193px\" srcset=\"https:\/\/www.stachristiana.at\/app\/uploads\/sites\/2\/2024\/10\/Foto-Halmer.jpg 427w, https:\/\/www.stachristiana.at\/app\/uploads\/sites\/2\/2024\/10\/Foto-Halmer-267x400.jpg 267w, https:\/\/www.stachristiana.at\/app\/uploads\/sites\/2\/2024\/10\/Foto-Halmer-307x460.jpg 307w, https:\/\/www.stachristiana.at\/app\/uploads\/sites\/2\/2024\/10\/Foto-Halmer-50x75.jpg 50w\" sizes=\"auto, (max-width: 427px) 100vw, 427px\" \/><\/figure>\n<\/div>\n<\/div>\n\n\n\n<div class=\"wp-block-group is-nowrap is-layout-flex wp-container-core-group-is-layout-6c531013 wp-block-group-is-layout-flex\"><\/div>\n\n\n\n<div style=\"height:27px\" aria-hidden=\"true\" class=\"wp-block-spacer\"><\/div>\n\n\n\n<h2 class=\"wp-block-heading\"><strong>Anmeldungen 2026\/27<\/strong><\/h2>\n\n\n\n<p>Termine f\u00fcr Aufnahmegespr\u00e4che f\u00fcr das Schuljahr 2026\/27 k\u00f6nnen jederzeit telefonisch oder per Mail vereinbart werden.<br>Weitere Infos finden Sie im Bereich <a href=\"https:\/\/www.stachristiana.at\/hlw-rodaun\/anmeldung\">Anmeldung<\/a><\/p>\n\n\n\n<p><strong>Achtung: aktuell nur noch Aufnahme auf Warteliste m\u00f6glich<\/strong><\/p>\n\n\n\n<div style=\"height:18px\" aria-hidden=\"true\" class=\"wp-block-spacer\"><\/div>\n\n\n\n<h2 class=\"wp-block-heading\"><strong>Tage der offenen T\u00fcr an der HLW 23 im Jahr 2026\/27<\/strong><\/h2>\n\n\n\n<p>1.) Tag der Wiener Schulen 14.10.2026, 9:00 \u2013 12:00<\/p>\n\n\n\n<p>2.) Informationsveranstaltung f\u00fcr Interessierte (online) 20.11.2026, 16:00 \u2013 17:00 (Link wird auf der Homepage vorab gepostet)<\/p>\n\n\n\n<p>3.) Tag der offenen T\u00fcr 21.11.2026, 9:00 \u2013 13:00<\/p>\n\n\n\n<div style=\"height:18px\" aria-hidden=\"true\" class=\"wp-block-spacer\"><\/div>\n\n\n\n<h2 class=\"wp-block-heading\"><strong>Schulautonome Tage 2026\/27<\/strong><\/h2>\n\n\n\n<p>Gem\u00e4\u00df SGA-Beschluss gelten folgende schulautonomen Tage:<\/p>\n\n\n\n<div class=\"wp-block-group is-layout-constrained wp-block-group-is-layout-constrained\">\n<ul class=\"wp-block-list\">\n<li>7. Dezember 2026<\/li>\n\n\n\n<li>23. Dezember 2026<\/li>\n\n\n\n<li>28. Mai 2027<\/li>\n\n\n\n<li>Tauschtag f\u00fcr den Tag der offenen T\u00fcr vom 21. November 2026 ist der 23. November 2026<\/li>\n<\/ul>\n<\/div>\n\n\n\n<div style=\"height:25px\" aria-hidden=\"true\" class=\"wp-block-spacer\"><\/div>\n\n\n\n<h2 class=\"wp-block-heading\"><strong>Handyfasten f\u00fcr Sch\u00fclerinnen und Sch\u00fcler<\/strong><\/h2>\n\n\n\n<p>Drei Wochen Handyfasten wirken sich st\u00e4rker positiv auf die psychische Gesundheit von Sch\u00fclerinnen und Sch\u00fclern aus als zwei Wochen Schulferien. Die HLW 23 Sta. Christiana beteiligt sich an der Handyfasten-Aktion. Ein ORF-Bericht dazu ist unter dem folgenden Link abrufbar.<\/p>\n\n\n\n<p><a href=\"https:\/\/orf.at\/av\/video\/onDemandVideoNews70584\" target=\"_blank\" rel=\"noreferrer noopener\">https:\/\/orf.at\/av\/video\/onDemandVideoNews70584<\/a><\/p>\n\n\n\n<div style=\"height:30px\" aria-hidden=\"true\" class=\"wp-block-spacer\"><\/div>\n\n\n\n<div style=\"height:36px\" aria-hidden=\"true\" class=\"wp-block-spacer\"><\/div>\n\n\n\n<figure class=\"wp-block-image size-large is-resized\"><img loading=\"lazy\" decoding=\"async\" width=\"1024\" height=\"1024\" src=\"https:\/\/www.stachristiana.at\/app\/uploads\/sites\/2\/2025\/11\/03-Gesundheitsfoerderung-1024x1024.png\" alt=\"\" class=\"wp-image-2094\" style=\"width:566px;height:auto\" srcset=\"https:\/\/www.stachristiana.at\/app\/uploads\/sites\/2\/2025\/11\/03-Gesundheitsfoerderung-1024x1024.png 1024w, https:\/\/www.stachristiana.at\/app\/uploads\/sites\/2\/2025\/11\/03-Gesundheitsfoerderung-400x400.png 400w, https:\/\/www.stachristiana.at\/app\/uploads\/sites\/2\/2025\/11\/03-Gesundheitsfoerderung-150x150.png 150w, https:\/\/www.stachristiana.at\/app\/uploads\/sites\/2\/2025\/11\/03-Gesundheitsfoerderung-768x768.png 768w, https:\/\/www.stachristiana.at\/app\/uploads\/sites\/2\/2025\/11\/03-Gesundheitsfoerderung-250x250.png 250w, https:\/\/www.stachristiana.at\/app\/uploads\/sites\/2\/2025\/11\/03-Gesundheitsfoerderung-460x460.png 460w, https:\/\/www.stachristiana.at\/app\/uploads\/sites\/2\/2025\/11\/03-Gesundheitsfoerderung-75x75.png 75w, https:\/\/www.stachristiana.at\/app\/uploads\/sites\/2\/2025\/11\/03-Gesundheitsfoerderung.png 1080w\" sizes=\"auto, (max-width: 1024px) 100vw, 1024px\" \/><\/figure>\n\n\n\n<h2 class=\"wp-block-heading\"><strong>Auch im Schuljahr 2025\/26 sind wir wieder offizieller Kooperationspartner der Wirtschaftsuniversit\u00e4t Wien<\/strong><\/h2>\n\n\n\n<figure class=\"wp-block-image size-full is-resized\"><img loading=\"lazy\" decoding=\"async\" width=\"1029\" height=\"622\" src=\"https:\/\/www.stachristiana.at\/app\/uploads\/sites\/2\/2025\/09\/WU.jpg\" alt=\"\" class=\"wp-image-1996\" style=\"width:609px;height:auto\" srcset=\"https:\/\/www.stachristiana.at\/app\/uploads\/sites\/2\/2025\/09\/WU.jpg 1029w, https:\/\/www.stachristiana.at\/app\/uploads\/sites\/2\/2025\/09\/WU-400x242.jpg 400w, https:\/\/www.stachristiana.at\/app\/uploads\/sites\/2\/2025\/09\/WU-1024x619.jpg 1024w, https:\/\/www.stachristiana.at\/app\/uploads\/sites\/2\/2025\/09\/WU-768x464.jpg 768w, https:\/\/www.stachristiana.at\/app\/uploads\/sites\/2\/2025\/09\/WU-761x460.jpg 761w, https:\/\/www.stachristiana.at\/app\/uploads\/sites\/2\/2025\/09\/WU-124x75.jpg 124w\" sizes=\"auto, (max-width: 1029px) 100vw, 1029px\" \/><\/figure>\n\n\n\n<p><\/p>\n\n\n\n<h2 class=\"wp-block-heading\"><\/h2>\n\n\n\n<h2 class=\"wp-block-heading\">Aktuelles<\/h2>\n\n\n\n<div id=\"list-block_2aefed1db147a21af949771fbc987a89\" class=\"article-list\">\n\t\t\n\t\t<a href=\"https:\/\/www.stachristiana.at\/hlw-rodaun\/news\/au-supermarche-einkaufen-auf-franzoesisch.html\" class=\"article-list-item focus-light\">\n\t\t\t<h3 class=\"list-item-title\">Au supermarch\u00e9: einkaufen auf Franz\u00f6sisch<\/h3>\n\t\t\t\t\t\t<div class=\"list-item-text\">\n\t\t\t\t<p>Einkaufen auf Franz\u00f6sisch &#8211; so kreativ und lustig kann Haus\u00fcbung sein<\/p>\n\t\t\t\t<span class=\"btn-read-more\" aria-hidden=\"true\"><i class=\"fa fa-chevron-right\" aria-hidden=\"true\"><\/i> mehr lesen&#8230;<\/span>\n\t\t\t<\/div>\n\t\t<\/a>\n\n\t\t\n\t\t<a href=\"https:\/\/www.stachristiana.at\/hlw-rodaun\/news\/1-fw-kein-augenblick-alltag.html\" class=\"article-list-item focus-light\">\n\t\t\t<h3 class=\"list-item-title\">1 FW: Kein Augenblick Alltag<\/h3>\n\t\t\t<figure class=\"list-item-thumb\"><img loading=\"lazy\" decoding=\"async\" width=\"250\" height=\"250\" src=\"https:\/\/www.stachristiana.at\/app\/uploads\/sites\/2\/2026\/04\/WhatsApp-Image-2026-04-15-at-16.37.521-250x250.jpeg\" class=\"attachment-article-thumb size-article-thumb wp-post-image\" alt=\"\" srcset=\"https:\/\/www.stachristiana.at\/app\/uploads\/sites\/2\/2026\/04\/WhatsApp-Image-2026-04-15-at-16.37.521-250x250.jpeg 250w, https:\/\/www.stachristiana.at\/app\/uploads\/sites\/2\/2026\/04\/WhatsApp-Image-2026-04-15-at-16.37.521-150x150.jpeg 150w\" sizes=\"auto, (max-width: 250px) 100vw, 250px\" \/><\/figure>\t\t\t<div class=\"list-item-text\">\n\t\t\t\t<p>Kein Augenblick Alltag &#8211; so lautet die Beschreibung zur Ausstellung, bei der es im wahrsten Sinn des Wortes nichts zu sehen gibt. Am 14.4. sowie 15.4.2026 macht sich die 1<span class=\"light\"> &#8230;<\/span> <\/p>\n\t\t\t\t<span class=\"btn-read-more\" aria-hidden=\"true\"><i class=\"fa fa-chevron-right\" aria-hidden=\"true\"><\/i> mehr lesen&#8230;<\/span>\n\t\t\t<\/div>\n\t\t<\/a>\n\n\t\t\n\t\t<a href=\"https:\/\/www.stachristiana.at\/hlw-rodaun\/news\/vorlesetag.html\" class=\"article-list-item focus-light\">\n\t\t\t<h3 class=\"list-item-title\">Vorlesetag<\/h3>\n\t\t\t<figure class=\"list-item-thumb\"><img loading=\"lazy\" decoding=\"async\" width=\"250\" height=\"250\" src=\"https:\/\/www.stachristiana.at\/app\/uploads\/sites\/2\/2026\/03\/IMG_1901-250x250.jpeg\" class=\"attachment-article-thumb size-article-thumb wp-post-image\" alt=\"\" srcset=\"https:\/\/www.stachristiana.at\/app\/uploads\/sites\/2\/2026\/03\/IMG_1901-250x250.jpeg 250w, https:\/\/www.stachristiana.at\/app\/uploads\/sites\/2\/2026\/03\/IMG_1901-150x150.jpeg 150w\" sizes=\"auto, (max-width: 250px) 100vw, 250px\" \/><\/figure>\t\t\t<div class=\"list-item-text\">\n\t\t\t\t<p>Anl\u00e4sslich des\u00a0\u00d6sterreichischen\u00a0Vorlesetages 2026\u00a0besuchten uns die 2. Klassen der Volksschule Sta. Christiana. Sch\u00fclerInnen der 1.HLW lasen den Kindern spannende Geschichten vor. Die Aktion hat sowohl den Vorleser*innen als auch den Volksschulkindern<span class=\"light\"> &#8230;<\/span> <\/p>\n\t\t\t\t<span class=\"btn-read-more\" aria-hidden=\"true\"><i class=\"fa fa-chevron-right\" aria-hidden=\"true\"><\/i> mehr lesen&#8230;<\/span>\n\t\t\t<\/div>\n\t\t<\/a>\n\n\t<\/div>\n\n\n\n<div style=\"height:70px\" aria-hidden=\"true\" class=\"wp-block-spacer\"><\/div>\n\n\n\n<div id=\"partners-block_2361efd5c504b0cf59c594cc1be9cc51\" class=\"partners\">\n\t<a href=\"http:\/\/www.hum.at\/\" target=\"_blank\" class=\"partners-item\"><img loading=\"lazy\" decoding=\"async\" width=\"76\" height=\"75\" src=\"https:\/\/www.stachristiana.at\/app\/uploads\/sites\/2\/2022\/06\/logo_hum-76x75.jpg\" class=\"attachment-partner-logo size-partner-logo\" alt=\"\" srcset=\"https:\/\/www.stachristiana.at\/app\/uploads\/sites\/2\/2022\/06\/logo_hum-76x75.jpg 76w, https:\/\/www.stachristiana.at\/app\/uploads\/sites\/2\/2022\/06\/logo_hum.jpg 111w\" sizes=\"auto, (max-width: 76px) 100vw, 76px\" \/><\/a><a href=\"http:\/\/www.humwien.at\/\" target=\"_blank\" class=\"partners-item\"><img loading=\"lazy\" decoding=\"async\" width=\"192\" height=\"56\" src=\"https:\/\/www.stachristiana.at\/app\/uploads\/sites\/2\/2022\/06\/logo_HumWien-192x56.jpg\" class=\"attachment-partner-logo size-partner-logo\" alt=\"\" srcset=\"https:\/\/www.stachristiana.at\/app\/uploads\/sites\/2\/2022\/06\/logo_HumWien-192x56.jpg 192w, https:\/\/www.stachristiana.at\/app\/uploads\/sites\/2\/2022\/06\/logo_HumWien-400x117.jpg 400w, https:\/\/www.stachristiana.at\/app\/uploads\/sites\/2\/2022\/06\/logo_HumWien.jpg 500w\" sizes=\"auto, (max-width: 192px) 100vw, 192px\" \/><\/a><img loading=\"lazy\" decoding=\"async\" width=\"74\" height=\"75\" src=\"https:\/\/www.stachristiana.at\/app\/uploads\/sites\/2\/2022\/06\/logo_guetesiegel_klein-74x75.jpg\" class=\"attachment-partner-logo size-partner-logo\" alt=\"\" srcset=\"https:\/\/www.stachristiana.at\/app\/uploads\/sites\/2\/2022\/06\/logo_guetesiegel_klein-74x75.jpg 74w, https:\/\/www.stachristiana.at\/app\/uploads\/sites\/2\/2022\/06\/logo_guetesiegel_klein-396x400.jpg 396w, https:\/\/www.stachristiana.at\/app\/uploads\/sites\/2\/2022\/06\/logo_guetesiegel_klein-150x150.jpg 150w, https:\/\/www.stachristiana.at\/app\/uploads\/sites\/2\/2022\/06\/logo_guetesiegel_klein-250x250.jpg 250w, https:\/\/www.stachristiana.at\/app\/uploads\/sites\/2\/2022\/06\/logo_guetesiegel_klein.jpg 400w\" sizes=\"auto, (max-width: 74px) 100vw, 74px\" \/><a href=\"https:\/\/pilgrim.at\/\" target=\"_blank\" class=\"partners-item\"><img loading=\"lazy\" decoding=\"async\" width=\"100\" height=\"75\" src=\"https:\/\/www.stachristiana.at\/app\/uploads\/sites\/2\/2022\/06\/logo_pilgrim-100x75.jpg\" class=\"attachment-partner-logo size-partner-logo\" alt=\"\" srcset=\"https:\/\/www.stachristiana.at\/app\/uploads\/sites\/2\/2022\/06\/logo_pilgrim-100x75.jpg 100w, https:\/\/www.stachristiana.at\/app\/uploads\/sites\/2\/2022\/06\/logo_pilgrim.jpg 190w\" sizes=\"auto, (max-width: 100px) 100vw, 100px\" \/><\/a><a href=\"http:\/\/www.mentalhealthdays.eu\/\" target=\"_blank\" class=\"partners-item\"><img loading=\"lazy\" decoding=\"async\" width=\"75\" height=\"75\" src=\"https:\/\/www.stachristiana.at\/app\/uploads\/sites\/2\/2025\/11\/mentalhealthdays_Teilnahme-Siegel_2025-75x75.png\" class=\"attachment-partner-logo size-partner-logo\" alt=\"\" srcset=\"https:\/\/www.stachristiana.at\/app\/uploads\/sites\/2\/2025\/11\/mentalhealthdays_Teilnahme-Siegel_2025-75x75.png 75w, https:\/\/www.stachristiana.at\/app\/uploads\/sites\/2\/2025\/11\/mentalhealthdays_Teilnahme-Siegel_2025-400x400.png 400w, https:\/\/www.stachristiana.at\/app\/uploads\/sites\/2\/2025\/11\/mentalhealthdays_Teilnahme-Siegel_2025-1024x1024.png 1024w, https:\/\/www.stachristiana.at\/app\/uploads\/sites\/2\/2025\/11\/mentalhealthdays_Teilnahme-Siegel_2025-150x150.png 150w, https:\/\/www.stachristiana.at\/app\/uploads\/sites\/2\/2025\/11\/mentalhealthdays_Teilnahme-Siegel_2025-768x768.png 768w, https:\/\/www.stachristiana.at\/app\/uploads\/sites\/2\/2025\/11\/mentalhealthdays_Teilnahme-Siegel_2025-250x250.png 250w, https:\/\/www.stachristiana.at\/app\/uploads\/sites\/2\/2025\/11\/mentalhealthdays_Teilnahme-Siegel_2025-460x460.png 460w, https:\/\/www.stachristiana.at\/app\/uploads\/sites\/2\/2025\/11\/mentalhealthdays_Teilnahme-Siegel_2025.png 1080w\" sizes=\"auto, (max-width: 75px) 100vw, 75px\" \/><\/a><\/div>\n","protected":false},"excerpt":{"rendered":"<p>Wir freuen uns, Sie auf den Seiten der H\u00f6heren Lehranstalt f\u00fcr wirtschaftliche Berufe, der Fachschule und des Aufbaulehrgangs Sta Christiana begr\u00fc\u00dfen zu d\u00fcrfen! Unsere Schule ist ein Lebensraum, in dem sich ALLE wohl f\u00fchlen und f\u00fcr den alle Verantwortung \u00fcbernehmen. H\u00f6flichkeit, Respekt, Offenheit, Toleranz und gegenseitiges Vertrauen bilden die Grundlage der Kommunikation zwischen den Schulpartnern. [&hellip;]<\/p>\n","protected":false},"author":1,"featured_media":0,"parent":0,"menu_order":0,"comment_status":"closed","ping_status":"closed","template":"","meta":{"footnotes":""},"class_list":["post-17","page","type-page","status-publish","hentry"],"acf":[],"yoast_head":"<!-- This site is optimized with the Yoast SEO plugin v26.8 - https:\/\/yoast.com\/product\/yoast-seo-wordpress\/ -->\n<title>Willkommen - HLW Rodaun<\/title>\n<meta name=\"robots\" content=\"index, follow, max-snippet:-1, max-image-preview:large, max-video-preview:-1\" \/>\n<link rel=\"canonical\" href=\"https:\/\/www.stachristiana.at\/hlw-rodaun\/\" \/>\n<meta property=\"og:locale\" content=\"de_DE\" \/>\n<meta property=\"og:type\" content=\"article\" \/>\n<meta property=\"og:title\" content=\"Willkommen - HLW Rodaun\" \/>\n<meta property=\"og:description\" content=\"Wir freuen uns, Sie auf den Seiten der H\u00f6heren Lehranstalt f\u00fcr wirtschaftliche Berufe, der Fachschule und des Aufbaulehrgangs Sta Christiana begr\u00fc\u00dfen zu d\u00fcrfen! Unsere Schule ist ein Lebensraum, in dem sich ALLE wohl f\u00fchlen und f\u00fcr den alle Verantwortung \u00fcbernehmen. H\u00f6flichkeit, Respekt, Offenheit, Toleranz und gegenseitiges Vertrauen bilden die Grundlage der Kommunikation zwischen den Schulpartnern. [&hellip;]\" \/>\n<meta property=\"og:url\" content=\"https:\/\/www.stachristiana.at\/hlw-rodaun\/\" \/>\n<meta property=\"og:site_name\" content=\"HLW Rodaun\" \/>\n<meta property=\"article:modified_time\" content=\"2026-04-30T07:11:19+00:00\" \/>\n<meta property=\"og:image\" content=\"https:\/\/www.stachristiana.at\/app\/uploads\/sites\/2\/2024\/10\/Foto-Halmer.jpg\" \/>\n\t<meta property=\"og:image:width\" content=\"427\" \/>\n\t<meta property=\"og:image:height\" content=\"640\" \/>\n\t<meta property=\"og:image:type\" content=\"image\/jpeg\" \/>\n<meta name=\"twitter:card\" content=\"summary_large_image\" \/>\n<meta name=\"twitter:label1\" content=\"Gesch\u00e4tzte Lesezeit\" \/>\n\t<meta name=\"twitter:data1\" content=\"2\u00a0Minuten\" \/>\n<script type=\"application\/ld+json\" class=\"yoast-schema-graph\">{\"@context\":\"https:\/\/schema.org\",\"@graph\":[{\"@type\":\"WebPage\",\"@id\":\"https:\/\/www.stachristiana.at\/hlw-rodaun\/\",\"url\":\"https:\/\/www.stachristiana.at\/hlw-rodaun\/\",\"name\":\"Willkommen - HLW Rodaun\",\"isPartOf\":{\"@id\":\"https:\/\/www.stachristiana.at\/hlw-rodaun\/#website\"},\"primaryImageOfPage\":{\"@id\":\"https:\/\/www.stachristiana.at\/hlw-rodaun\/#primaryimage\"},\"image\":{\"@id\":\"https:\/\/www.stachristiana.at\/hlw-rodaun\/#primaryimage\"},\"thumbnailUrl\":\"https:\/\/www.stachristiana.at\/app\/uploads\/sites\/2\/2024\/10\/Foto-Halmer.jpg\",\"datePublished\":\"2022-05-01T09:48:18+00:00\",\"dateModified\":\"2026-04-30T07:11:19+00:00\",\"breadcrumb\":{\"@id\":\"https:\/\/www.stachristiana.at\/hlw-rodaun\/#breadcrumb\"},\"inLanguage\":\"de\",\"potentialAction\":[{\"@type\":\"ReadAction\",\"target\":[\"https:\/\/www.stachristiana.at\/hlw-rodaun\/\"]}]},{\"@type\":\"ImageObject\",\"inLanguage\":\"de\",\"@id\":\"https:\/\/www.stachristiana.at\/hlw-rodaun\/#primaryimage\",\"url\":\"https:\/\/www.stachristiana.at\/app\/uploads\/sites\/2\/2024\/10\/Foto-Halmer.jpg\",\"contentUrl\":\"https:\/\/www.stachristiana.at\/app\/uploads\/sites\/2\/2024\/10\/Foto-Halmer.jpg\"},{\"@type\":\"BreadcrumbList\",\"@id\":\"https:\/\/www.stachristiana.at\/hlw-rodaun\/#breadcrumb\",\"itemListElement\":[{\"@type\":\"ListItem\",\"position\":1,\"name\":\"Start\",\"item\":\"https:\/\/www.stachristiana.at\/\"},{\"@type\":\"ListItem\",\"position\":2,\"name\":\"Willkommen\"}]},{\"@type\":\"WebSite\",\"@id\":\"https:\/\/www.stachristiana.at\/hlw-rodaun\/#website\",\"url\":\"https:\/\/www.stachristiana.at\/hlw-rodaun\/\",\"name\":\"Sta. Christiana - HLW Rodaun\",\"description\":\"H\u00f6here Lehranstalt, Fachschule und Aufbaulehrgang f\u00fcr wirtschaftliche Berufe\",\"publisher\":{\"@id\":\"https:\/\/www.stachristiana.at\/hlw-rodaun\/#organization\"},\"alternateName\":\"Sta. Christiana\",\"potentialAction\":[{\"@type\":\"SearchAction\",\"target\":{\"@type\":\"EntryPoint\",\"urlTemplate\":\"https:\/\/www.stachristiana.at\/hlw-rodaun\/?s={search_term_string}\"},\"query-input\":{\"@type\":\"PropertyValueSpecification\",\"valueRequired\":true,\"valueName\":\"search_term_string\"}}],\"inLanguage\":\"de\"},{\"@type\":\"Organization\",\"@id\":\"https:\/\/www.stachristiana.at\/hlw-rodaun\/#organization\",\"name\":\"Sta. Christiana - Schulen zum Leben\",\"alternateName\":\"Sta. Christiana\",\"url\":\"https:\/\/www.stachristiana.at\/hlw-rodaun\/\",\"logo\":{\"@type\":\"ImageObject\",\"inLanguage\":\"de\",\"@id\":\"https:\/\/www.stachristiana.at\/hlw-rodaun\/#\/schema\/logo\/image\/\",\"url\":\"https:\/\/www.stachristiana.at\/app\/uploads\/sites\/2\/2022\/05\/logo-sta-christiana.png\",\"contentUrl\":\"https:\/\/www.stachristiana.at\/app\/uploads\/sites\/2\/2022\/05\/logo-sta-christiana.png\",\"width\":1200,\"height\":491,\"caption\":\"Sta. Christiana - Schulen zum Leben\"},\"image\":{\"@id\":\"https:\/\/www.stachristiana.at\/hlw-rodaun\/#\/schema\/logo\/image\/\"}}]}<\/script>\n<!-- \/ Yoast SEO plugin. -->","yoast_head_json":{"title":"Willkommen - HLW Rodaun","robots":{"index":"index","follow":"follow","max-snippet":"max-snippet:-1","max-image-preview":"max-image-preview:large","max-video-preview":"max-video-preview:-1"},"canonical":"https:\/\/www.stachristiana.at\/hlw-rodaun\/","og_locale":"de_DE","og_type":"article","og_title":"Willkommen - HLW Rodaun","og_description":"Wir freuen uns, Sie auf den Seiten der H\u00f6heren Lehranstalt f\u00fcr wirtschaftliche Berufe, der Fachschule und des Aufbaulehrgangs Sta Christiana begr\u00fc\u00dfen zu d\u00fcrfen! Unsere Schule ist ein Lebensraum, in dem sich ALLE wohl f\u00fchlen und f\u00fcr den alle Verantwortung \u00fcbernehmen. H\u00f6flichkeit, Respekt, Offenheit, Toleranz und gegenseitiges Vertrauen bilden die Grundlage der Kommunikation zwischen den Schulpartnern. [&hellip;]","og_url":"https:\/\/www.stachristiana.at\/hlw-rodaun\/","og_site_name":"HLW Rodaun","article_modified_time":"2026-04-30T07:11:19+00:00","og_image":[{"width":427,"height":640,"url":"https:\/\/www.stachristiana.at\/app\/uploads\/sites\/2\/2024\/10\/Foto-Halmer.jpg","type":"image\/jpeg"}],"twitter_card":"summary_large_image","twitter_misc":{"Gesch\u00e4tzte Lesezeit":"2\u00a0Minuten"},"schema":{"@context":"https:\/\/schema.org","@graph":[{"@type":"WebPage","@id":"https:\/\/www.stachristiana.at\/hlw-rodaun\/","url":"https:\/\/www.stachristiana.at\/hlw-rodaun\/","name":"Willkommen - HLW Rodaun","isPartOf":{"@id":"https:\/\/www.stachristiana.at\/hlw-rodaun\/#website"},"primaryImageOfPage":{"@id":"https:\/\/www.stachristiana.at\/hlw-rodaun\/#primaryimage"},"image":{"@id":"https:\/\/www.stachristiana.at\/hlw-rodaun\/#primaryimage"},"thumbnailUrl":"https:\/\/www.stachristiana.at\/app\/uploads\/sites\/2\/2024\/10\/Foto-Halmer.jpg","datePublished":"2022-05-01T09:48:18+00:00","dateModified":"2026-04-30T07:11:19+00:00","breadcrumb":{"@id":"https:\/\/www.stachristiana.at\/hlw-rodaun\/#breadcrumb"},"inLanguage":"de","potentialAction":[{"@type":"ReadAction","target":["https:\/\/www.stachristiana.at\/hlw-rodaun\/"]}]},{"@type":"ImageObject","inLanguage":"de","@id":"https:\/\/www.stachristiana.at\/hlw-rodaun\/#primaryimage","url":"https:\/\/www.stachristiana.at\/app\/uploads\/sites\/2\/2024\/10\/Foto-Halmer.jpg","contentUrl":"https:\/\/www.stachristiana.at\/app\/uploads\/sites\/2\/2024\/10\/Foto-Halmer.jpg"},{"@type":"BreadcrumbList","@id":"https:\/\/www.stachristiana.at\/hlw-rodaun\/#breadcrumb","itemListElement":[{"@type":"ListItem","position":1,"name":"Start","item":"https:\/\/www.stachristiana.at\/"},{"@type":"ListItem","position":2,"name":"Willkommen"}]},{"@type":"WebSite","@id":"https:\/\/www.stachristiana.at\/hlw-rodaun\/#website","url":"https:\/\/www.stachristiana.at\/hlw-rodaun\/","name":"Sta. Christiana - HLW Rodaun","description":"H\u00f6here Lehranstalt, Fachschule und Aufbaulehrgang f\u00fcr wirtschaftliche Berufe","publisher":{"@id":"https:\/\/www.stachristiana.at\/hlw-rodaun\/#organization"},"alternateName":"Sta. Christiana","potentialAction":[{"@type":"SearchAction","target":{"@type":"EntryPoint","urlTemplate":"https:\/\/www.stachristiana.at\/hlw-rodaun\/?s={search_term_string}"},"query-input":{"@type":"PropertyValueSpecification","valueRequired":true,"valueName":"search_term_string"}}],"inLanguage":"de"},{"@type":"Organization","@id":"https:\/\/www.stachristiana.at\/hlw-rodaun\/#organization","name":"Sta. Christiana - Schulen zum Leben","alternateName":"Sta. Christiana","url":"https:\/\/www.stachristiana.at\/hlw-rodaun\/","logo":{"@type":"ImageObject","inLanguage":"de","@id":"https:\/\/www.stachristiana.at\/hlw-rodaun\/#\/schema\/logo\/image\/","url":"https:\/\/www.stachristiana.at\/app\/uploads\/sites\/2\/2022\/05\/logo-sta-christiana.png","contentUrl":"https:\/\/www.stachristiana.at\/app\/uploads\/sites\/2\/2022\/05\/logo-sta-christiana.png","width":1200,"height":491,"caption":"Sta. Christiana - Schulen zum Leben"},"image":{"@id":"https:\/\/www.stachristiana.at\/hlw-rodaun\/#\/schema\/logo\/image\/"}}]}},"_links":{"self":[{"href":"https:\/\/www.stachristiana.at\/hlw-rodaun\/wp-json\/wp\/v2\/pages\/17","targetHints":{"allow":["GET"]}}],"collection":[{"href":"https:\/\/www.stachristiana.at\/hlw-rodaun\/wp-json\/wp\/v2\/pages"}],"about":[{"href":"https:\/\/www.stachristiana.at\/hlw-rodaun\/wp-json\/wp\/v2\/types\/page"}],"author":[{"embeddable":true,"href":"https:\/\/www.stachristiana.at\/hlw-rodaun\/wp-json\/wp\/v2\/users\/1"}],"replies":[{"embeddable":true,"href":"https:\/\/www.stachristiana.at\/hlw-rodaun\/wp-json\/wp\/v2\/comments?post=17"}],"version-history":[{"count":138,"href":"https:\/\/www.stachristiana.at\/hlw-rodaun\/wp-json\/wp\/v2\/pages\/17\/revisions"}],"predecessor-version":[{"id":2297,"href":"https:\/\/www.stachristiana.at\/hlw-rodaun\/wp-json\/wp\/v2\/pages\/17\/revisions\/2297"}],"wp:attachment":[{"href":"https:\/\/www.stachristiana.at\/hlw-rodaun\/wp-json\/wp\/v2\/media?parent=17"}],"curies":[{"name":"wp","href":"https:\/\/api.w.org\/{rel}","templated":true}]}}