{"id":149,"date":"2022-05-10T16:12:03","date_gmt":"2022-05-10T14:12:03","guid":{"rendered":"https:\/\/devmultisite.superfesch.at\/hlw-rodaun\/?page_id=149"},"modified":"2024-04-25T10:30:44","modified_gmt":"2024-04-25T08:30:44","slug":"pressestimmen","status":"publish","type":"page","link":"https:\/\/www.stachristiana.at\/hlw-rodaun\/was-wir-tun\/pressestimmen","title":{"rendered":"Pressestimmen"},"content":{"rendered":"\n<div class=\"wp-block-media-text is-stacked-on-mobile\"><figure class=\"wp-block-media-text__media\"><img loading=\"lazy\" decoding=\"async\" width=\"721\" height=\"1024\" src=\"https:\/\/www.stachristiana.at\/app\/uploads\/sites\/2\/2024\/04\/Minigolf-721x1024.jpg\" alt=\"\" class=\"wp-image-1398 size-full\" srcset=\"https:\/\/www.stachristiana.at\/app\/uploads\/sites\/2\/2024\/04\/Minigolf-721x1024.jpg 721w, https:\/\/www.stachristiana.at\/app\/uploads\/sites\/2\/2024\/04\/Minigolf-282x400.jpg 282w, https:\/\/www.stachristiana.at\/app\/uploads\/sites\/2\/2024\/04\/Minigolf-768x1091.jpg 768w, https:\/\/www.stachristiana.at\/app\/uploads\/sites\/2\/2024\/04\/Minigolf-1081x1536.jpg 1081w, https:\/\/www.stachristiana.at\/app\/uploads\/sites\/2\/2024\/04\/Minigolf-1442x2048.jpg 1442w, https:\/\/www.stachristiana.at\/app\/uploads\/sites\/2\/2024\/04\/Minigolf-324x460.jpg 324w, https:\/\/www.stachristiana.at\/app\/uploads\/sites\/2\/2024\/04\/Minigolf-53x75.jpg 53w\" sizes=\"auto, (max-width: 721px) 100vw, 721px\" \/><\/figure><div class=\"wp-block-media-text__content\">\n<h2 class=\"wp-block-heading\">HLW 23 Sta Christiana beim Minigolfspielen mit Bewohnerinnen und Bewohnerns des Hauses Rosenberg<\/h2>\n\n\n\n<p><\/p>\n<\/div><\/div>\n\n\n\n<div style=\"height:35px\" aria-hidden=\"true\" class=\"wp-block-spacer\"><\/div>\n\n\n\n<div class=\"wp-block-media-text is-stacked-on-mobile\"><figure class=\"wp-block-media-text__media\"><img loading=\"lazy\" decoding=\"async\" width=\"1024\" height=\"683\" src=\"https:\/\/www.stachristiana.at\/app\/uploads\/sites\/2\/2024\/04\/39373728_XXL-1024x683.jpg\" alt=\"\" class=\"wp-image-1390 size-full\" srcset=\"https:\/\/www.stachristiana.at\/app\/uploads\/sites\/2\/2024\/04\/39373728_XXL-1024x683.jpg 1024w, https:\/\/www.stachristiana.at\/app\/uploads\/sites\/2\/2024\/04\/39373728_XXL-400x267.jpg 400w, https:\/\/www.stachristiana.at\/app\/uploads\/sites\/2\/2024\/04\/39373728_XXL-768x512.jpg 768w, https:\/\/www.stachristiana.at\/app\/uploads\/sites\/2\/2024\/04\/39373728_XXL-1536x1024.jpg 1536w, https:\/\/www.stachristiana.at\/app\/uploads\/sites\/2\/2024\/04\/39373728_XXL-690x460.jpg 690w, https:\/\/www.stachristiana.at\/app\/uploads\/sites\/2\/2024\/04\/39373728_XXL-113x75.jpg 113w, https:\/\/www.stachristiana.at\/app\/uploads\/sites\/2\/2024\/04\/39373728_XXL.jpg 2048w\" sizes=\"auto, (max-width: 1024px) 100vw, 1024px\" \/><\/figure><div class=\"wp-block-media-text__content\">\n<h2 class=\"wp-block-heading\">Wiener Sch\u00fclerinnen und Sch\u00fcler laufen f\u00fcr Menschen in der Not<\/h2>\n\n\n\n<p><a href=\"https:\/\/www.meinbezirk.at\/liesing\/c-lokales\/wiener-schueler-laufen-fuer-menschen-in-not_a6646356?ref=curate\">https:\/\/www.meinbezirk.at\/liesing\/c-lokales\/wiene<\/a><a href=\"https:\/\/www.meinbezirk.at\/liesing\/c-lokales\/wiener-schueler-laufen-fuer-menschen-in-not_a6646356?ref=curate\" target=\"_blank\" rel=\"noreferrer noopener\">r-schueler-laufen-fuer-menschen-in-not_a6646356?ref=curate<\/a><\/p>\n\n\n\n<p><a href=\"https:\/\/www.w24.at\/News\/2024\/4\/Caritas-LaufWunder-Laufen-fuer-Menschen-in-Not\" target=\"_blank\" rel=\"noreferrer noopener\">https:\/\/www.w24.at\/News\/2024\/4\/Caritas-LaufWunder-Laufen-fuer-Menschen-in-Not<\/a><\/p>\n\n\n\n<p><a href=\"https:\/\/www.stachristiana.at\/app\/uploads\/sites\/2\/2024\/04\/Kurier.jpg\" target=\"_blank\" rel=\"noreferrer noopener\">Bericht aus dem Kurier vom 20. April<\/a><\/p>\n\n\n\n<p><a href=\"https:\/\/www.stachristiana.at\/app\/uploads\/sites\/2\/2024\/04\/WienerbzLiesing_NOE_20240424_5_46717544_BSdS.pdf\" target=\"_blank\" rel=\"noreferrer noopener\">Bericht aus der Bezirkszeitung Liesing<\/a><\/p>\n<\/div><\/div>\n\n\n\n<div style=\"height:35px\" aria-hidden=\"true\" class=\"wp-block-spacer\"><\/div>\n\n\n\n<div class=\"wp-block-media-text is-stacked-on-mobile\"><figure class=\"wp-block-media-text__media\"><img loading=\"lazy\" decoding=\"async\" width=\"972\" height=\"621\" src=\"https:\/\/www.stachristiana.at\/app\/uploads\/sites\/2\/2024\/03\/Unbenannt.jpg\" alt=\"\" class=\"wp-image-1360 size-full\" srcset=\"https:\/\/www.stachristiana.at\/app\/uploads\/sites\/2\/2024\/03\/Unbenannt.jpg 972w, https:\/\/www.stachristiana.at\/app\/uploads\/sites\/2\/2024\/03\/Unbenannt-400x256.jpg 400w, https:\/\/www.stachristiana.at\/app\/uploads\/sites\/2\/2024\/03\/Unbenannt-768x491.jpg 768w, https:\/\/www.stachristiana.at\/app\/uploads\/sites\/2\/2024\/03\/Unbenannt-720x460.jpg 720w, https:\/\/www.stachristiana.at\/app\/uploads\/sites\/2\/2024\/03\/Unbenannt-117x75.jpg 117w\" sizes=\"auto, (max-width: 972px) 100vw, 972px\" \/><\/figure><div class=\"wp-block-media-text__content\">\n<p><\/p>\n\n\n\n<h2 class=\"wp-block-heading\">Sch\u00fclerinnen sammelten Kleidung f\u00fcr Bed\u00fcrftige<\/h2>\n\n\n\n<p><a href=\"https:\/\/www.meinbezirk.at\/meidling\/c-lokales\/schuelerinnen-sammelten-kleidung-fuer-beduerftige_a5444428\">https:\/\/www.meinbezirk.at\/meidling\/c-lokales\/schuelerinnen-sammelten-kleidung-fuer-beduerftige_a5444<\/a><a href=\"https:\/\/www.meinbezirk.at\/meidling\/c-lokales\/schuelerinnen-sammelten-kleidung-fuer-beduerftige_a5444428\" target=\"_blank\" rel=\"noreferrer noopener\">428<\/a><\/p>\n<\/div><\/div>\n\n\n\n<div style=\"height:35px\" aria-hidden=\"true\" class=\"wp-block-spacer\"><\/div>\n\n\n\n<div class=\"wp-block-media-text alignwide is-stacked-on-mobile\"><figure class=\"wp-block-media-text__media\"><img loading=\"lazy\" decoding=\"async\" width=\"983\" height=\"695\" src=\"https:\/\/www.stachristiana.at\/app\/uploads\/sites\/2\/2023\/06\/Unbenannt.jpg\" alt=\"\" class=\"wp-image-1068 size-full\" srcset=\"https:\/\/www.stachristiana.at\/app\/uploads\/sites\/2\/2023\/06\/Unbenannt.jpg 983w, https:\/\/www.stachristiana.at\/app\/uploads\/sites\/2\/2023\/06\/Unbenannt-400x283.jpg 400w, https:\/\/www.stachristiana.at\/app\/uploads\/sites\/2\/2023\/06\/Unbenannt-768x543.jpg 768w, https:\/\/www.stachristiana.at\/app\/uploads\/sites\/2\/2023\/06\/Unbenannt-651x460.jpg 651w, https:\/\/www.stachristiana.at\/app\/uploads\/sites\/2\/2023\/06\/Unbenannt-106x75.jpg 106w\" sizes=\"auto, (max-width: 983px) 100vw, 983px\" \/><\/figure><div class=\"wp-block-media-text__content\">\n<h2 class=\"wp-block-heading\">Bericht \u00fcber das &#8222;Laufwunder&#8220;<\/h2>\n\n\n\n<p><a href=\"https:\/\/www.meinbezirk.at\/liesing\/c-lokales\/sportliche-schueler-erlaufen-ueber-15000-euro_a6097203\" target=\"_blank\" rel=\"noreferrer noopener\">https:\/\/www.meinbezirk.at\/liesing\/c-lokales\/sportliche-schueler-erlaufen-ueber-15000-euro_a6097203<\/a><\/p>\n\n\n\n<p><\/p>\n<\/div><\/div>\n\n\n\n<div style=\"height:35px\" aria-hidden=\"true\" class=\"wp-block-spacer\"><\/div>\n\n\n\n<div class=\"wp-block-media-text alignwide is-stacked-on-mobile\"><figure class=\"wp-block-media-text__media\"><img loading=\"lazy\" decoding=\"async\" width=\"395\" height=\"197\" src=\"https:\/\/www.stachristiana.at\/app\/uploads\/sites\/2\/2023\/01\/janusKorczak-1.jpg\" alt=\"\" class=\"wp-image-731 size-full\" srcset=\"https:\/\/www.stachristiana.at\/app\/uploads\/sites\/2\/2023\/01\/janusKorczak-1.jpg 395w, https:\/\/www.stachristiana.at\/app\/uploads\/sites\/2\/2023\/01\/janusKorczak-1-150x75.jpg 150w\" sizes=\"auto, (max-width: 395px) 100vw, 395px\" \/><\/figure><div class=\"wp-block-media-text__content\">\n<h2 class=\"wp-block-heading\">Beitrag \u00fcber die Janusz Korczak-Ausstellung<\/h2>\n\n\n\n<p><a href=\"https:\/\/www.stachristiana.at\/app\/uploads\/sites\/2\/2023\/01\/Korczak-NL-12_22.pdf\" target=\"_blank\" rel=\"noreferrer noopener\">Newsletter der Janusz-Korczak-Gesellschaft<\/a><\/p>\n<\/div><\/div>\n\n\n\n<div style=\"height:35px\" aria-hidden=\"true\" class=\"wp-block-spacer\"><\/div>\n\n\n\n<div class=\"wp-block-media-text alignwide is-stacked-on-mobile\"><figure class=\"wp-block-media-text__media\"><img loading=\"lazy\" decoding=\"async\" width=\"1024\" height=\"760\" src=\"https:\/\/www.stachristiana.at\/app\/uploads\/sites\/2\/2023\/01\/Lotsen.jpeg\" alt=\"\" class=\"wp-image-726 size-full\" srcset=\"https:\/\/www.stachristiana.at\/app\/uploads\/sites\/2\/2023\/01\/Lotsen.jpeg 1024w, https:\/\/www.stachristiana.at\/app\/uploads\/sites\/2\/2023\/01\/Lotsen-400x297.jpeg 400w, https:\/\/www.stachristiana.at\/app\/uploads\/sites\/2\/2023\/01\/Lotsen-768x570.jpeg 768w, https:\/\/www.stachristiana.at\/app\/uploads\/sites\/2\/2023\/01\/Lotsen-620x460.jpeg 620w, https:\/\/www.stachristiana.at\/app\/uploads\/sites\/2\/2023\/01\/Lotsen-101x75.jpeg 101w\" sizes=\"auto, (max-width: 1024px) 100vw, 1024px\" \/><\/figure><div class=\"wp-block-media-text__content\">\n<h2 class=\"wp-block-heading\">Ehrung Sch\u00fclerlotsen<\/h2>\n\n\n\n<p>Artikel in der Kronen Zeitung vom 22. September 2022<\/p>\n<\/div><\/div>\n\n\n\n<div style=\"height:35px\" aria-hidden=\"true\" class=\"wp-block-spacer\"><\/div>\n\n\n\n<div class=\"wp-block-media-text alignwide is-stacked-on-mobile is-vertically-aligned-top\"><figure class=\"wp-block-media-text__media\"><img loading=\"lazy\" decoding=\"async\" width=\"773\" height=\"336\" src=\"https:\/\/www.stachristiana.at\/app\/uploads\/sites\/2\/2022\/05\/wien-extra-pressestimme-hilfswerk.png\" alt=\"\" class=\"wp-image-155 size-full\" srcset=\"https:\/\/www.stachristiana.at\/app\/uploads\/sites\/2\/2022\/05\/wien-extra-pressestimme-hilfswerk.png 773w, https:\/\/www.stachristiana.at\/app\/uploads\/sites\/2\/2022\/05\/wien-extra-pressestimme-hilfswerk-400x174.png 400w, https:\/\/www.stachristiana.at\/app\/uploads\/sites\/2\/2022\/05\/wien-extra-pressestimme-hilfswerk-768x334.png 768w, https:\/\/www.stachristiana.at\/app\/uploads\/sites\/2\/2022\/05\/wien-extra-pressestimme-hilfswerk-173x75.png 173w\" sizes=\"auto, (max-width: 773px) 100vw, 773px\" \/><\/figure><div class=\"wp-block-media-text__content\">\n<h2 class=\"wp-block-heading\">Sozialprojekt: 24.2.2022<\/h2>\n\n\n\n<div class=\"wp-block-buttons is-layout-flex wp-block-buttons-is-layout-flex\">\n<div class=\"wp-block-button\"><a class=\"wp-block-button__link wp-element-button\" href=\"https:\/\/www.wienxtra.at\/presse\/presseinfos\/presseinfo-gemeinsam-gegen-armut\/\">wienxtra.at<\/a><\/div>\n<\/div>\n<\/div><\/div>\n\n\n\n<div style=\"height:22px\" aria-hidden=\"true\" class=\"wp-block-spacer\"><\/div>\n\n\n\n<div class=\"wp-block-media-text alignwide is-stacked-on-mobile is-vertically-aligned-top\"><figure class=\"wp-block-media-text__media\"><img loading=\"lazy\" decoding=\"async\" width=\"1024\" height=\"727\" src=\"https:\/\/www.stachristiana.at\/app\/uploads\/sites\/2\/2022\/05\/HLW-Rodaun-Bericht-Noen-Indienprojekt-1024x727.jpg\" alt=\"\" class=\"wp-image-150 size-full\" srcset=\"https:\/\/www.stachristiana.at\/app\/uploads\/sites\/2\/2022\/05\/HLW-Rodaun-Bericht-Noen-Indienprojekt-1024x727.jpg 1024w, https:\/\/www.stachristiana.at\/app\/uploads\/sites\/2\/2022\/05\/HLW-Rodaun-Bericht-Noen-Indienprojekt-400x284.jpg 400w, https:\/\/www.stachristiana.at\/app\/uploads\/sites\/2\/2022\/05\/HLW-Rodaun-Bericht-Noen-Indienprojekt-768x545.jpg 768w, https:\/\/www.stachristiana.at\/app\/uploads\/sites\/2\/2022\/05\/HLW-Rodaun-Bericht-Noen-Indienprojekt-648x460.jpg 648w, https:\/\/www.stachristiana.at\/app\/uploads\/sites\/2\/2022\/05\/HLW-Rodaun-Bericht-Noen-Indienprojekt-106x75.jpg 106w, https:\/\/www.stachristiana.at\/app\/uploads\/sites\/2\/2022\/05\/HLW-Rodaun-Bericht-Noen-Indienprojekt.jpg 1126w\" sizes=\"auto, (max-width: 1024px) 100vw, 1024px\" \/><\/figure><div class=\"wp-block-media-text__content\">\n<h2 class=\"wp-block-heading\">Indienprojekt: 22.4.2022<\/h2>\n\n\n\n<div class=\"wp-block-file\"><a id=\"wp-block-file--media-f5bf2a83-a3d4-4119-9461-89421123f5e6\" href=\"https:\/\/www.stachristiana.at\/app\/uploads\/sites\/2\/2022\/05\/Bericht-HLW-Rodaun-Indienprojekt-Noen.pdf\">PDF N\u00d6N<\/a><a href=\"https:\/\/www.stachristiana.at\/app\/uploads\/sites\/2\/2022\/05\/Bericht-HLW-Rodaun-Indienprojekt-Noen.pdf\" class=\"wp-block-file__button wp-element-button\" download aria-describedby=\"wp-block-file--media-f5bf2a83-a3d4-4119-9461-89421123f5e6\">Herunterladen<\/a><\/div>\n<\/div><\/div>\n","protected":false},"excerpt":{"rendered":"<p>HLW 23 Sta Christiana beim Minigolfspielen mit Bewohnerinnen und Bewohnerns des Hauses Rosenberg Wiener Sch\u00fclerinnen und Sch\u00fcler laufen f\u00fcr Menschen in der Not https:\/\/www.meinbezirk.at\/liesing\/c-lokales\/wiener-schueler-laufen-fuer-menschen-in-not_a6646356?ref=curate https:\/\/www.w24.at\/News\/2024\/4\/Caritas-LaufWunder-Laufen-fuer-Menschen-in-Not Bericht aus dem Kurier vom 20. April Bericht aus der Bezirkszeitung Liesing Sch\u00fclerinnen sammelten Kleidung f\u00fcr Bed\u00fcrftige https:\/\/www.meinbezirk.at\/meidling\/c-lokales\/schuelerinnen-sammelten-kleidung-fuer-beduerftige_a5444428 Bericht \u00fcber das &#8222;Laufwunder&#8220; https:\/\/www.meinbezirk.at\/liesing\/c-lokales\/sportliche-schueler-erlaufen-ueber-15000-euro_a6097203 Beitrag \u00fcber die Janusz Korczak-Ausstellung Newsletter der [&hellip;]<\/p>\n","protected":false},"author":1,"featured_media":0,"parent":142,"menu_order":0,"comment_status":"closed","ping_status":"closed","template":"","meta":{"footnotes":""},"class_list":["post-149","page","type-page","status-publish","hentry"],"acf":[],"yoast_head":"<!-- This site is optimized with the Yoast SEO plugin v26.8 - https:\/\/yoast.com\/product\/yoast-seo-wordpress\/ -->\n<title>Pressestimmen - HLW Rodaun<\/title>\n<meta name=\"robots\" content=\"index, follow, max-snippet:-1, max-image-preview:large, max-video-preview:-1\" \/>\n<link rel=\"canonical\" href=\"https:\/\/www.stachristiana.at\/hlw-rodaun\/was-wir-tun\/pressestimmen\" \/>\n<meta property=\"og:locale\" content=\"de_DE\" \/>\n<meta property=\"og:type\" content=\"article\" \/>\n<meta property=\"og:title\" content=\"Pressestimmen - HLW Rodaun\" \/>\n<meta property=\"og:description\" content=\"HLW 23 Sta Christiana beim Minigolfspielen mit Bewohnerinnen und Bewohnerns des Hauses Rosenberg Wiener Sch\u00fclerinnen und Sch\u00fcler laufen f\u00fcr Menschen in der Not https:\/\/www.meinbezirk.at\/liesing\/c-lokales\/wiener-schueler-laufen-fuer-menschen-in-not_a6646356?ref=curate https:\/\/www.w24.at\/News\/2024\/4\/Caritas-LaufWunder-Laufen-fuer-Menschen-in-Not Bericht aus dem Kurier vom 20. April Bericht aus der Bezirkszeitung Liesing Sch\u00fclerinnen sammelten Kleidung f\u00fcr Bed\u00fcrftige https:\/\/www.meinbezirk.at\/meidling\/c-lokales\/schuelerinnen-sammelten-kleidung-fuer-beduerftige_a5444428 Bericht \u00fcber das &#8222;Laufwunder&#8220; https:\/\/www.meinbezirk.at\/liesing\/c-lokales\/sportliche-schueler-erlaufen-ueber-15000-euro_a6097203 Beitrag \u00fcber die Janusz Korczak-Ausstellung Newsletter der [&hellip;]\" \/>\n<meta property=\"og:url\" content=\"https:\/\/www.stachristiana.at\/hlw-rodaun\/was-wir-tun\/pressestimmen\" \/>\n<meta property=\"og:site_name\" content=\"HLW Rodaun\" \/>\n<meta property=\"article:modified_time\" content=\"2024-04-25T08:30:44+00:00\" \/>\n<meta property=\"og:image\" content=\"https:\/\/www.stachristiana.at\/app\/uploads\/sites\/2\/2024\/04\/Minigolf-721x1024.jpg\" \/>\n<meta name=\"twitter:card\" content=\"summary_large_image\" \/>\n<meta name=\"twitter:label1\" content=\"Gesch\u00e4tzte Lesezeit\" \/>\n\t<meta name=\"twitter:data1\" content=\"3\u00a0Minuten\" \/>\n<script type=\"application\/ld+json\" class=\"yoast-schema-graph\">{\"@context\":\"https:\/\/schema.org\",\"@graph\":[{\"@type\":\"WebPage\",\"@id\":\"https:\/\/www.stachristiana.at\/hlw-rodaun\/was-wir-tun\/pressestimmen\",\"url\":\"https:\/\/www.stachristiana.at\/hlw-rodaun\/was-wir-tun\/pressestimmen\",\"name\":\"Pressestimmen - HLW Rodaun\",\"isPartOf\":{\"@id\":\"https:\/\/www.stachristiana.at\/hlw-rodaun\/#website\"},\"primaryImageOfPage\":{\"@id\":\"https:\/\/www.stachristiana.at\/hlw-rodaun\/was-wir-tun\/pressestimmen#primaryimage\"},\"image\":{\"@id\":\"https:\/\/www.stachristiana.at\/hlw-rodaun\/was-wir-tun\/pressestimmen#primaryimage\"},\"thumbnailUrl\":\"https:\/\/www.stachristiana.at\/app\/uploads\/sites\/2\/2024\/04\/Minigolf-721x1024.jpg\",\"datePublished\":\"2022-05-10T14:12:03+00:00\",\"dateModified\":\"2024-04-25T08:30:44+00:00\",\"breadcrumb\":{\"@id\":\"https:\/\/www.stachristiana.at\/hlw-rodaun\/was-wir-tun\/pressestimmen#breadcrumb\"},\"inLanguage\":\"de\",\"potentialAction\":[{\"@type\":\"ReadAction\",\"target\":[\"https:\/\/www.stachristiana.at\/hlw-rodaun\/was-wir-tun\/pressestimmen\"]}]},{\"@type\":\"ImageObject\",\"inLanguage\":\"de\",\"@id\":\"https:\/\/www.stachristiana.at\/hlw-rodaun\/was-wir-tun\/pressestimmen#primaryimage\",\"url\":\"https:\/\/www.stachristiana.at\/app\/uploads\/sites\/2\/2024\/04\/Minigolf-721x1024.jpg\",\"contentUrl\":\"https:\/\/www.stachristiana.at\/app\/uploads\/sites\/2\/2024\/04\/Minigolf-721x1024.jpg\"},{\"@type\":\"BreadcrumbList\",\"@id\":\"https:\/\/www.stachristiana.at\/hlw-rodaun\/was-wir-tun\/pressestimmen#breadcrumb\",\"itemListElement\":[{\"@type\":\"ListItem\",\"position\":1,\"name\":\"Start\",\"item\":\"https:\/\/www.stachristiana.at\/\"},{\"@type\":\"ListItem\",\"position\":2,\"name\":\"Was wir tun\",\"item\":\"https:\/\/www.stachristiana.at\/hlw-rodaun\/was-wir-tun\"},{\"@type\":\"ListItem\",\"position\":3,\"name\":\"Pressestimmen\"}]},{\"@type\":\"WebSite\",\"@id\":\"https:\/\/www.stachristiana.at\/hlw-rodaun\/#website\",\"url\":\"https:\/\/www.stachristiana.at\/hlw-rodaun\/\",\"name\":\"Sta. Christiana - HLW Rodaun\",\"description\":\"H\u00f6here Lehranstalt, Fachschule und Aufbaulehrgang f\u00fcr wirtschaftliche Berufe\",\"publisher\":{\"@id\":\"https:\/\/www.stachristiana.at\/hlw-rodaun\/#organization\"},\"alternateName\":\"Sta. Christiana\",\"potentialAction\":[{\"@type\":\"SearchAction\",\"target\":{\"@type\":\"EntryPoint\",\"urlTemplate\":\"https:\/\/www.stachristiana.at\/hlw-rodaun\/?s={search_term_string}\"},\"query-input\":{\"@type\":\"PropertyValueSpecification\",\"valueRequired\":true,\"valueName\":\"search_term_string\"}}],\"inLanguage\":\"de\"},{\"@type\":\"Organization\",\"@id\":\"https:\/\/www.stachristiana.at\/hlw-rodaun\/#organization\",\"name\":\"Sta. Christiana - Schulen zum Leben\",\"alternateName\":\"Sta. Christiana\",\"url\":\"https:\/\/www.stachristiana.at\/hlw-rodaun\/\",\"logo\":{\"@type\":\"ImageObject\",\"inLanguage\":\"de\",\"@id\":\"https:\/\/www.stachristiana.at\/hlw-rodaun\/#\/schema\/logo\/image\/\",\"url\":\"https:\/\/www.stachristiana.at\/app\/uploads\/sites\/2\/2022\/05\/logo-sta-christiana.png\",\"contentUrl\":\"https:\/\/www.stachristiana.at\/app\/uploads\/sites\/2\/2022\/05\/logo-sta-christiana.png\",\"width\":1200,\"height\":491,\"caption\":\"Sta. Christiana - Schulen zum Leben\"},\"image\":{\"@id\":\"https:\/\/www.stachristiana.at\/hlw-rodaun\/#\/schema\/logo\/image\/\"}}]}<\/script>\n<!-- \/ Yoast SEO plugin. -->","yoast_head_json":{"title":"Pressestimmen - HLW Rodaun","robots":{"index":"index","follow":"follow","max-snippet":"max-snippet:-1","max-image-preview":"max-image-preview:large","max-video-preview":"max-video-preview:-1"},"canonical":"https:\/\/www.stachristiana.at\/hlw-rodaun\/was-wir-tun\/pressestimmen","og_locale":"de_DE","og_type":"article","og_title":"Pressestimmen - HLW Rodaun","og_description":"HLW 23 Sta Christiana beim Minigolfspielen mit Bewohnerinnen und Bewohnerns des Hauses Rosenberg Wiener Sch\u00fclerinnen und Sch\u00fcler laufen f\u00fcr Menschen in der Not https:\/\/www.meinbezirk.at\/liesing\/c-lokales\/wiener-schueler-laufen-fuer-menschen-in-not_a6646356?ref=curate https:\/\/www.w24.at\/News\/2024\/4\/Caritas-LaufWunder-Laufen-fuer-Menschen-in-Not Bericht aus dem Kurier vom 20. April Bericht aus der Bezirkszeitung Liesing Sch\u00fclerinnen sammelten Kleidung f\u00fcr Bed\u00fcrftige https:\/\/www.meinbezirk.at\/meidling\/c-lokales\/schuelerinnen-sammelten-kleidung-fuer-beduerftige_a5444428 Bericht \u00fcber das &#8222;Laufwunder&#8220; https:\/\/www.meinbezirk.at\/liesing\/c-lokales\/sportliche-schueler-erlaufen-ueber-15000-euro_a6097203 Beitrag \u00fcber die Janusz Korczak-Ausstellung Newsletter der [&hellip;]","og_url":"https:\/\/www.stachristiana.at\/hlw-rodaun\/was-wir-tun\/pressestimmen","og_site_name":"HLW Rodaun","article_modified_time":"2024-04-25T08:30:44+00:00","og_image":[{"url":"https:\/\/www.stachristiana.at\/app\/uploads\/sites\/2\/2024\/04\/Minigolf-721x1024.jpg","type":"","width":"","height":""}],"twitter_card":"summary_large_image","twitter_misc":{"Gesch\u00e4tzte Lesezeit":"3\u00a0Minuten"},"schema":{"@context":"https:\/\/schema.org","@graph":[{"@type":"WebPage","@id":"https:\/\/www.stachristiana.at\/hlw-rodaun\/was-wir-tun\/pressestimmen","url":"https:\/\/www.stachristiana.at\/hlw-rodaun\/was-wir-tun\/pressestimmen","name":"Pressestimmen - HLW Rodaun","isPartOf":{"@id":"https:\/\/www.stachristiana.at\/hlw-rodaun\/#website"},"primaryImageOfPage":{"@id":"https:\/\/www.stachristiana.at\/hlw-rodaun\/was-wir-tun\/pressestimmen#primaryimage"},"image":{"@id":"https:\/\/www.stachristiana.at\/hlw-rodaun\/was-wir-tun\/pressestimmen#primaryimage"},"thumbnailUrl":"https:\/\/www.stachristiana.at\/app\/uploads\/sites\/2\/2024\/04\/Minigolf-721x1024.jpg","datePublished":"2022-05-10T14:12:03+00:00","dateModified":"2024-04-25T08:30:44+00:00","breadcrumb":{"@id":"https:\/\/www.stachristiana.at\/hlw-rodaun\/was-wir-tun\/pressestimmen#breadcrumb"},"inLanguage":"de","potentialAction":[{"@type":"ReadAction","target":["https:\/\/www.stachristiana.at\/hlw-rodaun\/was-wir-tun\/pressestimmen"]}]},{"@type":"ImageObject","inLanguage":"de","@id":"https:\/\/www.stachristiana.at\/hlw-rodaun\/was-wir-tun\/pressestimmen#primaryimage","url":"https:\/\/www.stachristiana.at\/app\/uploads\/sites\/2\/2024\/04\/Minigolf-721x1024.jpg","contentUrl":"https:\/\/www.stachristiana.at\/app\/uploads\/sites\/2\/2024\/04\/Minigolf-721x1024.jpg"},{"@type":"BreadcrumbList","@id":"https:\/\/www.stachristiana.at\/hlw-rodaun\/was-wir-tun\/pressestimmen#breadcrumb","itemListElement":[{"@type":"ListItem","position":1,"name":"Start","item":"https:\/\/www.stachristiana.at\/"},{"@type":"ListItem","position":2,"name":"Was wir tun","item":"https:\/\/www.stachristiana.at\/hlw-rodaun\/was-wir-tun"},{"@type":"ListItem","position":3,"name":"Pressestimmen"}]},{"@type":"WebSite","@id":"https:\/\/www.stachristiana.at\/hlw-rodaun\/#website","url":"https:\/\/www.stachristiana.at\/hlw-rodaun\/","name":"Sta. Christiana - HLW Rodaun","description":"H\u00f6here Lehranstalt, Fachschule und Aufbaulehrgang f\u00fcr wirtschaftliche Berufe","publisher":{"@id":"https:\/\/www.stachristiana.at\/hlw-rodaun\/#organization"},"alternateName":"Sta. Christiana","potentialAction":[{"@type":"SearchAction","target":{"@type":"EntryPoint","urlTemplate":"https:\/\/www.stachristiana.at\/hlw-rodaun\/?s={search_term_string}"},"query-input":{"@type":"PropertyValueSpecification","valueRequired":true,"valueName":"search_term_string"}}],"inLanguage":"de"},{"@type":"Organization","@id":"https:\/\/www.stachristiana.at\/hlw-rodaun\/#organization","name":"Sta. Christiana - Schulen zum Leben","alternateName":"Sta. Christiana","url":"https:\/\/www.stachristiana.at\/hlw-rodaun\/","logo":{"@type":"ImageObject","inLanguage":"de","@id":"https:\/\/www.stachristiana.at\/hlw-rodaun\/#\/schema\/logo\/image\/","url":"https:\/\/www.stachristiana.at\/app\/uploads\/sites\/2\/2022\/05\/logo-sta-christiana.png","contentUrl":"https:\/\/www.stachristiana.at\/app\/uploads\/sites\/2\/2022\/05\/logo-sta-christiana.png","width":1200,"height":491,"caption":"Sta. Christiana - Schulen zum Leben"},"image":{"@id":"https:\/\/www.stachristiana.at\/hlw-rodaun\/#\/schema\/logo\/image\/"}}]}},"_links":{"self":[{"href":"https:\/\/www.stachristiana.at\/hlw-rodaun\/wp-json\/wp\/v2\/pages\/149","targetHints":{"allow":["GET"]}}],"collection":[{"href":"https:\/\/www.stachristiana.at\/hlw-rodaun\/wp-json\/wp\/v2\/pages"}],"about":[{"href":"https:\/\/www.stachristiana.at\/hlw-rodaun\/wp-json\/wp\/v2\/types\/page"}],"author":[{"embeddable":true,"href":"https:\/\/www.stachristiana.at\/hlw-rodaun\/wp-json\/wp\/v2\/users\/1"}],"replies":[{"embeddable":true,"href":"https:\/\/www.stachristiana.at\/hlw-rodaun\/wp-json\/wp\/v2\/comments?post=149"}],"version-history":[{"count":15,"href":"https:\/\/www.stachristiana.at\/hlw-rodaun\/wp-json\/wp\/v2\/pages\/149\/revisions"}],"predecessor-version":[{"id":1403,"href":"https:\/\/www.stachristiana.at\/hlw-rodaun\/wp-json\/wp\/v2\/pages\/149\/revisions\/1403"}],"up":[{"embeddable":true,"href":"https:\/\/www.stachristiana.at\/hlw-rodaun\/wp-json\/wp\/v2\/pages\/142"}],"wp:attachment":[{"href":"https:\/\/www.stachristiana.at\/hlw-rodaun\/wp-json\/wp\/v2\/media?parent=149"}],"curies":[{"name":"wp","href":"https:\/\/api.w.org\/{rel}","templated":true}]}}