{"id":1429,"date":"2024-04-30T10:25:50","date_gmt":"2024-04-30T08:25:50","guid":{"rendered":"https:\/\/www.stachristiana.at\/hlw-rodaun\/?page_id=1429"},"modified":"2024-09-23T10:52:00","modified_gmt":"2024-09-23T08:52:00","slug":"pilgrim","status":"publish","type":"page","link":"https:\/\/www.stachristiana.at\/hlw-rodaun\/wofuer-wir-stehen\/pilgrim","title":{"rendered":"PILGRIM"},"content":{"rendered":"\n<p>\u201ePILGRIM verkn\u00fcpft unter dem Motto \u201eBewusst leben \u2013 Zukunft geben\u201c Bildung f\u00fcr nachhaltige Entwicklung mit einer religi\u00f6s-ethisch-philosophischen Bildungsdimension. Sie richtet den Blick auf eine nachhaltig gesicherte Zukunft durch Ermutigen zum ver\u00e4ndernden Handeln und durch St\u00e4rken von Vertrauen in der Gegenwart. Durch den \u201eanderen\u201c Blick auf die Wirklichkeit soll Motivation geschaffen werden, das eigene Handeln in Verantwortung und Respekt vor allem Lebendigen zu \u00e4ndern.\u201c (<a href=\"https:\/\/pilgrim.at\/\">https:\/\/pilgrim.at\/<\/a>)<\/p>\n\n\n\n<p>Als Schule geh\u00f6ren wir auch dem Internationalen Bildungsnetzwerk f\u00fcr nachhaltige Entwicklung und Spiritualit\u00e4t PILGRIM an. Wir legen Wert darauf, immer wieder Projekte durchgef\u00fchrt werden, an denen sehr viele Sch\u00fcler:innen und Lehrer:innen unserer Schule beteiligt sind. Das Thema Nachhaltigkeit wird bei PILGRIM mit der religi\u00f6s, ethischen und philosophischen Dimension erweitert.<\/p>\n\n\n\n<p>Es geht dabei unter anderem darum, dass wir als Bildungseinrichtung dazu beitragen, eine Sensibilisierung in Bezug auf \u00f6kologische und soziale Nachhaltigkeit zu erreichen. Wir wollen den Sch\u00fcler:innen vermitteln, dass jede:r in kleinen Bereichen etwas Positives dazu beitragen kann. Dies ist ein Ziel, das wir durch diese Projekte an unserer Schule erreichen wollen.<\/p>\n\n\n\n<p><\/p>\n","protected":false},"excerpt":{"rendered":"<p>\u201ePILGRIM verkn\u00fcpft unter dem Motto \u201eBewusst leben \u2013 Zukunft geben\u201c Bildung f\u00fcr nachhaltige Entwicklung mit einer religi\u00f6s-ethisch-philosophischen Bildungsdimension. Sie richtet den Blick auf eine nachhaltig gesicherte Zukunft durch Ermutigen zum ver\u00e4ndernden Handeln und durch St\u00e4rken von Vertrauen in der Gegenwart. Durch den \u201eanderen\u201c Blick auf die Wirklichkeit soll Motivation geschaffen werden, das eigene Handeln in [&hellip;]<\/p>\n","protected":false},"author":17,"featured_media":0,"parent":70,"menu_order":0,"comment_status":"closed","ping_status":"closed","template":"","meta":{"footnotes":""},"class_list":["post-1429","page","type-page","status-publish","hentry"],"acf":[],"yoast_head":"<!-- This site is optimized with the Yoast SEO plugin v26.8 - https:\/\/yoast.com\/product\/yoast-seo-wordpress\/ -->\n<title>PILGRIM - HLW Rodaun<\/title>\n<meta name=\"robots\" content=\"index, follow, max-snippet:-1, max-image-preview:large, max-video-preview:-1\" \/>\n<link rel=\"canonical\" href=\"https:\/\/www.stachristiana.at\/hlw-rodaun\/wofuer-wir-stehen\/pilgrim\" \/>\n<meta property=\"og:locale\" content=\"de_DE\" \/>\n<meta property=\"og:type\" content=\"article\" \/>\n<meta property=\"og:title\" content=\"PILGRIM - HLW Rodaun\" \/>\n<meta property=\"og:description\" content=\"\u201ePILGRIM verkn\u00fcpft unter dem Motto \u201eBewusst leben \u2013 Zukunft geben\u201c Bildung f\u00fcr nachhaltige Entwicklung mit einer religi\u00f6s-ethisch-philosophischen Bildungsdimension. Sie richtet den Blick auf eine nachhaltig gesicherte Zukunft durch Ermutigen zum ver\u00e4ndernden Handeln und durch St\u00e4rken von Vertrauen in der Gegenwart. Durch den \u201eanderen\u201c Blick auf die Wirklichkeit soll Motivation geschaffen werden, das eigene Handeln in [&hellip;]\" \/>\n<meta property=\"og:url\" content=\"https:\/\/www.stachristiana.at\/hlw-rodaun\/wofuer-wir-stehen\/pilgrim\" \/>\n<meta property=\"og:site_name\" content=\"HLW Rodaun\" \/>\n<meta property=\"article:modified_time\" content=\"2024-09-23T08:52:00+00:00\" \/>\n<meta property=\"og:image\" content=\"https:\/\/www.stachristiana.at\/app\/uploads\/sites\/2\/2022\/05\/logo-sta-christiana.png\" \/>\n\t<meta property=\"og:image:width\" content=\"1200\" \/>\n\t<meta property=\"og:image:height\" content=\"491\" \/>\n\t<meta property=\"og:image:type\" content=\"image\/png\" \/>\n<meta name=\"twitter:card\" content=\"summary_large_image\" \/>\n<meta name=\"twitter:label1\" content=\"Gesch\u00e4tzte Lesezeit\" \/>\n\t<meta name=\"twitter:data1\" content=\"1\u00a0Minute\" \/>\n<script type=\"application\/ld+json\" class=\"yoast-schema-graph\">{\"@context\":\"https:\/\/schema.org\",\"@graph\":[{\"@type\":\"WebPage\",\"@id\":\"https:\/\/www.stachristiana.at\/hlw-rodaun\/wofuer-wir-stehen\/pilgrim\",\"url\":\"https:\/\/www.stachristiana.at\/hlw-rodaun\/wofuer-wir-stehen\/pilgrim\",\"name\":\"PILGRIM - HLW Rodaun\",\"isPartOf\":{\"@id\":\"https:\/\/www.stachristiana.at\/hlw-rodaun\/#website\"},\"datePublished\":\"2024-04-30T08:25:50+00:00\",\"dateModified\":\"2024-09-23T08:52:00+00:00\",\"breadcrumb\":{\"@id\":\"https:\/\/www.stachristiana.at\/hlw-rodaun\/wofuer-wir-stehen\/pilgrim#breadcrumb\"},\"inLanguage\":\"de\",\"potentialAction\":[{\"@type\":\"ReadAction\",\"target\":[\"https:\/\/www.stachristiana.at\/hlw-rodaun\/wofuer-wir-stehen\/pilgrim\"]}]},{\"@type\":\"BreadcrumbList\",\"@id\":\"https:\/\/www.stachristiana.at\/hlw-rodaun\/wofuer-wir-stehen\/pilgrim#breadcrumb\",\"itemListElement\":[{\"@type\":\"ListItem\",\"position\":1,\"name\":\"Start\",\"item\":\"https:\/\/www.stachristiana.at\/\"},{\"@type\":\"ListItem\",\"position\":2,\"name\":\"Wof\u00fcr wir stehen\",\"item\":\"https:\/\/www.stachristiana.at\/hlw-rodaun\/wofuer-wir-stehen\"},{\"@type\":\"ListItem\",\"position\":3,\"name\":\"PILGRIM\"}]},{\"@type\":\"WebSite\",\"@id\":\"https:\/\/www.stachristiana.at\/hlw-rodaun\/#website\",\"url\":\"https:\/\/www.stachristiana.at\/hlw-rodaun\/\",\"name\":\"Sta. Christiana - HLW Rodaun\",\"description\":\"H\u00f6here Lehranstalt, Fachschule und Aufbaulehrgang f\u00fcr wirtschaftliche Berufe\",\"publisher\":{\"@id\":\"https:\/\/www.stachristiana.at\/hlw-rodaun\/#organization\"},\"alternateName\":\"Sta. Christiana\",\"potentialAction\":[{\"@type\":\"SearchAction\",\"target\":{\"@type\":\"EntryPoint\",\"urlTemplate\":\"https:\/\/www.stachristiana.at\/hlw-rodaun\/?s={search_term_string}\"},\"query-input\":{\"@type\":\"PropertyValueSpecification\",\"valueRequired\":true,\"valueName\":\"search_term_string\"}}],\"inLanguage\":\"de\"},{\"@type\":\"Organization\",\"@id\":\"https:\/\/www.stachristiana.at\/hlw-rodaun\/#organization\",\"name\":\"Sta. Christiana - Schulen zum Leben\",\"alternateName\":\"Sta. Christiana\",\"url\":\"https:\/\/www.stachristiana.at\/hlw-rodaun\/\",\"logo\":{\"@type\":\"ImageObject\",\"inLanguage\":\"de\",\"@id\":\"https:\/\/www.stachristiana.at\/hlw-rodaun\/#\/schema\/logo\/image\/\",\"url\":\"https:\/\/www.stachristiana.at\/app\/uploads\/sites\/2\/2022\/05\/logo-sta-christiana.png\",\"contentUrl\":\"https:\/\/www.stachristiana.at\/app\/uploads\/sites\/2\/2022\/05\/logo-sta-christiana.png\",\"width\":1200,\"height\":491,\"caption\":\"Sta. Christiana - Schulen zum Leben\"},\"image\":{\"@id\":\"https:\/\/www.stachristiana.at\/hlw-rodaun\/#\/schema\/logo\/image\/\"}}]}<\/script>\n<!-- \/ Yoast SEO plugin. -->","yoast_head_json":{"title":"PILGRIM - HLW Rodaun","robots":{"index":"index","follow":"follow","max-snippet":"max-snippet:-1","max-image-preview":"max-image-preview:large","max-video-preview":"max-video-preview:-1"},"canonical":"https:\/\/www.stachristiana.at\/hlw-rodaun\/wofuer-wir-stehen\/pilgrim","og_locale":"de_DE","og_type":"article","og_title":"PILGRIM - HLW Rodaun","og_description":"\u201ePILGRIM verkn\u00fcpft unter dem Motto \u201eBewusst leben \u2013 Zukunft geben\u201c Bildung f\u00fcr nachhaltige Entwicklung mit einer religi\u00f6s-ethisch-philosophischen Bildungsdimension. Sie richtet den Blick auf eine nachhaltig gesicherte Zukunft durch Ermutigen zum ver\u00e4ndernden Handeln und durch St\u00e4rken von Vertrauen in der Gegenwart. Durch den \u201eanderen\u201c Blick auf die Wirklichkeit soll Motivation geschaffen werden, das eigene Handeln in [&hellip;]","og_url":"https:\/\/www.stachristiana.at\/hlw-rodaun\/wofuer-wir-stehen\/pilgrim","og_site_name":"HLW Rodaun","article_modified_time":"2024-09-23T08:52:00+00:00","og_image":[{"width":1200,"height":491,"url":"https:\/\/www.stachristiana.at\/app\/uploads\/sites\/2\/2022\/05\/logo-sta-christiana.png","type":"image\/png"}],"twitter_card":"summary_large_image","twitter_misc":{"Gesch\u00e4tzte Lesezeit":"1\u00a0Minute"},"schema":{"@context":"https:\/\/schema.org","@graph":[{"@type":"WebPage","@id":"https:\/\/www.stachristiana.at\/hlw-rodaun\/wofuer-wir-stehen\/pilgrim","url":"https:\/\/www.stachristiana.at\/hlw-rodaun\/wofuer-wir-stehen\/pilgrim","name":"PILGRIM - HLW Rodaun","isPartOf":{"@id":"https:\/\/www.stachristiana.at\/hlw-rodaun\/#website"},"datePublished":"2024-04-30T08:25:50+00:00","dateModified":"2024-09-23T08:52:00+00:00","breadcrumb":{"@id":"https:\/\/www.stachristiana.at\/hlw-rodaun\/wofuer-wir-stehen\/pilgrim#breadcrumb"},"inLanguage":"de","potentialAction":[{"@type":"ReadAction","target":["https:\/\/www.stachristiana.at\/hlw-rodaun\/wofuer-wir-stehen\/pilgrim"]}]},{"@type":"BreadcrumbList","@id":"https:\/\/www.stachristiana.at\/hlw-rodaun\/wofuer-wir-stehen\/pilgrim#breadcrumb","itemListElement":[{"@type":"ListItem","position":1,"name":"Start","item":"https:\/\/www.stachristiana.at\/"},{"@type":"ListItem","position":2,"name":"Wof\u00fcr wir stehen","item":"https:\/\/www.stachristiana.at\/hlw-rodaun\/wofuer-wir-stehen"},{"@type":"ListItem","position":3,"name":"PILGRIM"}]},{"@type":"WebSite","@id":"https:\/\/www.stachristiana.at\/hlw-rodaun\/#website","url":"https:\/\/www.stachristiana.at\/hlw-rodaun\/","name":"Sta. Christiana - HLW Rodaun","description":"H\u00f6here Lehranstalt, Fachschule und Aufbaulehrgang f\u00fcr wirtschaftliche Berufe","publisher":{"@id":"https:\/\/www.stachristiana.at\/hlw-rodaun\/#organization"},"alternateName":"Sta. Christiana","potentialAction":[{"@type":"SearchAction","target":{"@type":"EntryPoint","urlTemplate":"https:\/\/www.stachristiana.at\/hlw-rodaun\/?s={search_term_string}"},"query-input":{"@type":"PropertyValueSpecification","valueRequired":true,"valueName":"search_term_string"}}],"inLanguage":"de"},{"@type":"Organization","@id":"https:\/\/www.stachristiana.at\/hlw-rodaun\/#organization","name":"Sta. Christiana - Schulen zum Leben","alternateName":"Sta. Christiana","url":"https:\/\/www.stachristiana.at\/hlw-rodaun\/","logo":{"@type":"ImageObject","inLanguage":"de","@id":"https:\/\/www.stachristiana.at\/hlw-rodaun\/#\/schema\/logo\/image\/","url":"https:\/\/www.stachristiana.at\/app\/uploads\/sites\/2\/2022\/05\/logo-sta-christiana.png","contentUrl":"https:\/\/www.stachristiana.at\/app\/uploads\/sites\/2\/2022\/05\/logo-sta-christiana.png","width":1200,"height":491,"caption":"Sta. Christiana - Schulen zum Leben"},"image":{"@id":"https:\/\/www.stachristiana.at\/hlw-rodaun\/#\/schema\/logo\/image\/"}}]}},"_links":{"self":[{"href":"https:\/\/www.stachristiana.at\/hlw-rodaun\/wp-json\/wp\/v2\/pages\/1429","targetHints":{"allow":["GET"]}}],"collection":[{"href":"https:\/\/www.stachristiana.at\/hlw-rodaun\/wp-json\/wp\/v2\/pages"}],"about":[{"href":"https:\/\/www.stachristiana.at\/hlw-rodaun\/wp-json\/wp\/v2\/types\/page"}],"author":[{"embeddable":true,"href":"https:\/\/www.stachristiana.at\/hlw-rodaun\/wp-json\/wp\/v2\/users\/17"}],"replies":[{"embeddable":true,"href":"https:\/\/www.stachristiana.at\/hlw-rodaun\/wp-json\/wp\/v2\/comments?post=1429"}],"version-history":[{"count":2,"href":"https:\/\/www.stachristiana.at\/hlw-rodaun\/wp-json\/wp\/v2\/pages\/1429\/revisions"}],"predecessor-version":[{"id":1563,"href":"https:\/\/www.stachristiana.at\/hlw-rodaun\/wp-json\/wp\/v2\/pages\/1429\/revisions\/1563"}],"up":[{"embeddable":true,"href":"https:\/\/www.stachristiana.at\/hlw-rodaun\/wp-json\/wp\/v2\/pages\/70"}],"wp:attachment":[{"href":"https:\/\/www.stachristiana.at\/hlw-rodaun\/wp-json\/wp\/v2\/media?parent=1429"}],"curies":[{"name":"wp","href":"https:\/\/api.w.org\/{rel}","templated":true}]}}