{"id":1310,"date":"2024-02-19T10:20:04","date_gmt":"2024-02-19T09:20:04","guid":{"rendered":"https:\/\/www.stachristiana.at\/hlw-rodaun\/?page_id=1310"},"modified":"2024-02-19T10:52:05","modified_gmt":"2024-02-19T09:52:05","slug":"schulbibliothek-und-leseecke-2","status":"publish","type":"page","link":"https:\/\/www.stachristiana.at\/hlw-rodaun\/was-wir-bieten\/schulbibliothek-und-leseecke-2","title":{"rendered":"Schulbibliothek und Leseecke"},"content":{"rendered":"\n<p><\/p>\n\n\n\n<p>Die Schulbibliothek der HLW 23 Sta. Christiana bietet neben Fachliteratur und klassischer Lekt\u00fcre vor allem auch aktuelle Jugendliteratur sowie Belletristik. Aber auch Literatur f\u00fcr die Recherche zur Diplomarbeit bis hin zu Testtrainings als Vorbereitung auf FH und Uni Aufnahmepr\u00fcfungen sind vorhanden.<\/p>\n\n\n\n<p>Dar\u00fcber hinaus werden regelm\u00e4\u00dfig Ausgaben verschiedener Wochen- und Monatszeitungen und -Zeitschriften zur freien Benutzung in der Leseecke ausgelegt. Das Angebot reicht vom Falter, \u00fcber Trend und Gewinn bis hin zu News und Profil. Auf Anregung k\u00f6nnen auch andere Zeitschriften bestellt werden.<\/p>\n\n\n\n<p>Die neugestaltete Leseecke l\u00e4dt in ruhiger, gem\u00fctlicher Atmosph\u00e4re zum Schm\u00f6kern und Entspannen ein. \u00a0<\/p>\n\n\n\n<p>Link zum <a href=\"https:\/\/stachristiana.webopac.at\/\">Online-Katalog<\/a><\/p>\n\n\n\n<div id=\"gallery-block_66a54c481de608c90e86b9c481e7cc6e\" class=\"gallery\">\n\t\t\n\t\t<a href=\"https:\/\/www.stachristiana.at\/app\/uploads\/sites\/2\/2024\/02\/processed-F4C23ADC-EFC0-4680-9334-6590E597048E.jpeg\" class=\"gallery-item\" data-caption=\"&lt;strong&gt;processed-F4C23ADC-EFC0-4680-9334-6590E597048E&lt;\/strong&gt;\" data-fancybox=\"gallery-block_66a54c481de608c90e86b9c481e7cc6e\" data-width=\"1816\" data-height=\"2420\"><img loading=\"lazy\" decoding=\"async\" width=\"300\" height=\"400\" src=\"https:\/\/www.stachristiana.at\/app\/uploads\/sites\/2\/2024\/02\/processed-F4C23ADC-EFC0-4680-9334-6590E597048E-300x400.jpeg\" class=\"attachment-medium size-medium\" alt=\"\" srcset=\"https:\/\/www.stachristiana.at\/app\/uploads\/sites\/2\/2024\/02\/processed-F4C23ADC-EFC0-4680-9334-6590E597048E-300x400.jpeg 300w, https:\/\/www.stachristiana.at\/app\/uploads\/sites\/2\/2024\/02\/processed-F4C23ADC-EFC0-4680-9334-6590E597048E-768x1023.jpeg 768w, https:\/\/www.stachristiana.at\/app\/uploads\/sites\/2\/2024\/02\/processed-F4C23ADC-EFC0-4680-9334-6590E597048E-1153x1536.jpeg 1153w, https:\/\/www.stachristiana.at\/app\/uploads\/sites\/2\/2024\/02\/processed-F4C23ADC-EFC0-4680-9334-6590E597048E-1537x2048.jpeg 1537w, https:\/\/www.stachristiana.at\/app\/uploads\/sites\/2\/2024\/02\/processed-F4C23ADC-EFC0-4680-9334-6590E597048E-345x460.jpeg 345w, https:\/\/www.stachristiana.at\/app\/uploads\/sites\/2\/2024\/02\/processed-F4C23ADC-EFC0-4680-9334-6590E597048E-56x75.jpeg 56w, https:\/\/www.stachristiana.at\/app\/uploads\/sites\/2\/2024\/02\/processed-F4C23ADC-EFC0-4680-9334-6590E597048E.jpeg 1816w\" sizes=\"auto, (max-width: 300px) 100vw, 300px\" \/><\/a>\n\n\t\t\n\t\t<a href=\"https:\/\/www.stachristiana.at\/app\/uploads\/sites\/2\/2024\/02\/processed-D531F93D-B3CA-4C9A-BF2B-D3DC6ACEF71C.jpeg\" class=\"gallery-item\" data-caption=\"&lt;strong&gt;processed-D531F93D-B3CA-4C9A-BF2B-D3DC6ACEF71C&lt;\/strong&gt;\" data-fancybox=\"gallery-block_66a54c481de608c90e86b9c481e7cc6e\" data-width=\"1816\" data-height=\"2420\"><img loading=\"lazy\" decoding=\"async\" width=\"300\" height=\"400\" src=\"https:\/\/www.stachristiana.at\/app\/uploads\/sites\/2\/2024\/02\/processed-D531F93D-B3CA-4C9A-BF2B-D3DC6ACEF71C-300x400.jpeg\" class=\"attachment-medium size-medium\" alt=\"\" srcset=\"https:\/\/www.stachristiana.at\/app\/uploads\/sites\/2\/2024\/02\/processed-D531F93D-B3CA-4C9A-BF2B-D3DC6ACEF71C-300x400.jpeg 300w, https:\/\/www.stachristiana.at\/app\/uploads\/sites\/2\/2024\/02\/processed-D531F93D-B3CA-4C9A-BF2B-D3DC6ACEF71C-768x1023.jpeg 768w, https:\/\/www.stachristiana.at\/app\/uploads\/sites\/2\/2024\/02\/processed-D531F93D-B3CA-4C9A-BF2B-D3DC6ACEF71C-1153x1536.jpeg 1153w, https:\/\/www.stachristiana.at\/app\/uploads\/sites\/2\/2024\/02\/processed-D531F93D-B3CA-4C9A-BF2B-D3DC6ACEF71C-1537x2048.jpeg 1537w, https:\/\/www.stachristiana.at\/app\/uploads\/sites\/2\/2024\/02\/processed-D531F93D-B3CA-4C9A-BF2B-D3DC6ACEF71C-345x460.jpeg 345w, https:\/\/www.stachristiana.at\/app\/uploads\/sites\/2\/2024\/02\/processed-D531F93D-B3CA-4C9A-BF2B-D3DC6ACEF71C-56x75.jpeg 56w, https:\/\/www.stachristiana.at\/app\/uploads\/sites\/2\/2024\/02\/processed-D531F93D-B3CA-4C9A-BF2B-D3DC6ACEF71C.jpeg 1816w\" sizes=\"auto, (max-width: 300px) 100vw, 300px\" \/><\/a>\n\n\t\t\n\t\t<a href=\"https:\/\/www.stachristiana.at\/app\/uploads\/sites\/2\/2024\/02\/processed-B0AA45C1-A5D0-4C85-978E-58F631BC7402.jpeg\" class=\"gallery-item\" data-caption=\"&lt;strong&gt;processed-B0AA45C1-A5D0-4C85-978E-58F631BC7402&lt;\/strong&gt;\" data-fancybox=\"gallery-block_66a54c481de608c90e86b9c481e7cc6e\" data-width=\"1816\" data-height=\"2420\"><img loading=\"lazy\" decoding=\"async\" width=\"300\" height=\"400\" src=\"https:\/\/www.stachristiana.at\/app\/uploads\/sites\/2\/2024\/02\/processed-B0AA45C1-A5D0-4C85-978E-58F631BC7402-300x400.jpeg\" class=\"attachment-medium size-medium\" alt=\"\" srcset=\"https:\/\/www.stachristiana.at\/app\/uploads\/sites\/2\/2024\/02\/processed-B0AA45C1-A5D0-4C85-978E-58F631BC7402-300x400.jpeg 300w, https:\/\/www.stachristiana.at\/app\/uploads\/sites\/2\/2024\/02\/processed-B0AA45C1-A5D0-4C85-978E-58F631BC7402-768x1023.jpeg 768w, https:\/\/www.stachristiana.at\/app\/uploads\/sites\/2\/2024\/02\/processed-B0AA45C1-A5D0-4C85-978E-58F631BC7402-1153x1536.jpeg 1153w, https:\/\/www.stachristiana.at\/app\/uploads\/sites\/2\/2024\/02\/processed-B0AA45C1-A5D0-4C85-978E-58F631BC7402-1537x2048.jpeg 1537w, https:\/\/www.stachristiana.at\/app\/uploads\/sites\/2\/2024\/02\/processed-B0AA45C1-A5D0-4C85-978E-58F631BC7402-345x460.jpeg 345w, https:\/\/www.stachristiana.at\/app\/uploads\/sites\/2\/2024\/02\/processed-B0AA45C1-A5D0-4C85-978E-58F631BC7402-56x75.jpeg 56w, https:\/\/www.stachristiana.at\/app\/uploads\/sites\/2\/2024\/02\/processed-B0AA45C1-A5D0-4C85-978E-58F631BC7402.jpeg 1816w\" sizes=\"auto, (max-width: 300px) 100vw, 300px\" \/><\/a>\n\n\t\t\n\t\t<a href=\"https:\/\/www.stachristiana.at\/app\/uploads\/sites\/2\/2024\/02\/processed-5686BEDF-0D85-4085-8518-FDBB3966FCCF.jpeg\" class=\"gallery-item\" data-caption=\"&lt;strong&gt;processed-5686BEDF-0D85-4085-8518-FDBB3966FCCF&lt;\/strong&gt;\" data-fancybox=\"gallery-block_66a54c481de608c90e86b9c481e7cc6e\" data-width=\"2420\" data-height=\"1816\"><img loading=\"lazy\" decoding=\"async\" width=\"400\" height=\"300\" src=\"https:\/\/www.stachristiana.at\/app\/uploads\/sites\/2\/2024\/02\/processed-5686BEDF-0D85-4085-8518-FDBB3966FCCF-400x300.jpeg\" class=\"attachment-medium size-medium\" alt=\"\" srcset=\"https:\/\/www.stachristiana.at\/app\/uploads\/sites\/2\/2024\/02\/processed-5686BEDF-0D85-4085-8518-FDBB3966FCCF-400x300.jpeg 400w, https:\/\/www.stachristiana.at\/app\/uploads\/sites\/2\/2024\/02\/processed-5686BEDF-0D85-4085-8518-FDBB3966FCCF-1024x768.jpeg 1024w, https:\/\/www.stachristiana.at\/app\/uploads\/sites\/2\/2024\/02\/processed-5686BEDF-0D85-4085-8518-FDBB3966FCCF-768x576.jpeg 768w, https:\/\/www.stachristiana.at\/app\/uploads\/sites\/2\/2024\/02\/processed-5686BEDF-0D85-4085-8518-FDBB3966FCCF-1536x1153.jpeg 1536w, https:\/\/www.stachristiana.at\/app\/uploads\/sites\/2\/2024\/02\/processed-5686BEDF-0D85-4085-8518-FDBB3966FCCF-2048x1537.jpeg 2048w, https:\/\/www.stachristiana.at\/app\/uploads\/sites\/2\/2024\/02\/processed-5686BEDF-0D85-4085-8518-FDBB3966FCCF-613x460.jpeg 613w, https:\/\/www.stachristiana.at\/app\/uploads\/sites\/2\/2024\/02\/processed-5686BEDF-0D85-4085-8518-FDBB3966FCCF-100x75.jpeg 100w\" sizes=\"auto, (max-width: 400px) 100vw, 400px\" \/><\/a>\n\n\t\t\n\t\t<a href=\"https:\/\/www.stachristiana.at\/app\/uploads\/sites\/2\/2024\/02\/processed-7F51769D-C7F5-4D12-BDBB-03D0DB3F2AA2.jpeg\" class=\"gallery-item\" data-caption=\"&lt;strong&gt;processed-7F51769D-C7F5-4D12-BDBB-03D0DB3F2AA2&lt;\/strong&gt;\" data-fancybox=\"gallery-block_66a54c481de608c90e86b9c481e7cc6e\" data-width=\"2420\" data-height=\"1816\"><img loading=\"lazy\" decoding=\"async\" width=\"400\" height=\"300\" src=\"https:\/\/www.stachristiana.at\/app\/uploads\/sites\/2\/2024\/02\/processed-7F51769D-C7F5-4D12-BDBB-03D0DB3F2AA2-400x300.jpeg\" class=\"attachment-medium size-medium\" alt=\"\" srcset=\"https:\/\/www.stachristiana.at\/app\/uploads\/sites\/2\/2024\/02\/processed-7F51769D-C7F5-4D12-BDBB-03D0DB3F2AA2-400x300.jpeg 400w, https:\/\/www.stachristiana.at\/app\/uploads\/sites\/2\/2024\/02\/processed-7F51769D-C7F5-4D12-BDBB-03D0DB3F2AA2-1024x768.jpeg 1024w, https:\/\/www.stachristiana.at\/app\/uploads\/sites\/2\/2024\/02\/processed-7F51769D-C7F5-4D12-BDBB-03D0DB3F2AA2-768x576.jpeg 768w, https:\/\/www.stachristiana.at\/app\/uploads\/sites\/2\/2024\/02\/processed-7F51769D-C7F5-4D12-BDBB-03D0DB3F2AA2-1536x1153.jpeg 1536w, https:\/\/www.stachristiana.at\/app\/uploads\/sites\/2\/2024\/02\/processed-7F51769D-C7F5-4D12-BDBB-03D0DB3F2AA2-2048x1537.jpeg 2048w, https:\/\/www.stachristiana.at\/app\/uploads\/sites\/2\/2024\/02\/processed-7F51769D-C7F5-4D12-BDBB-03D0DB3F2AA2-613x460.jpeg 613w, https:\/\/www.stachristiana.at\/app\/uploads\/sites\/2\/2024\/02\/processed-7F51769D-C7F5-4D12-BDBB-03D0DB3F2AA2-100x75.jpeg 100w\" sizes=\"auto, (max-width: 400px) 100vw, 400px\" \/><\/a>\n\n\t\t\n\t\t<a href=\"https:\/\/www.stachristiana.at\/app\/uploads\/sites\/2\/2024\/02\/processed-7A5CC19A-F616-44D7-8B0C-B2CC95D7ACAF.jpeg\" class=\"gallery-item\" data-caption=\"&lt;strong&gt;processed-7A5CC19A-F616-44D7-8B0C-B2CC95D7ACAF&lt;\/strong&gt;\" data-fancybox=\"gallery-block_66a54c481de608c90e86b9c481e7cc6e\" data-width=\"2420\" data-height=\"1816\"><img loading=\"lazy\" decoding=\"async\" width=\"400\" height=\"300\" src=\"https:\/\/www.stachristiana.at\/app\/uploads\/sites\/2\/2024\/02\/processed-7A5CC19A-F616-44D7-8B0C-B2CC95D7ACAF-400x300.jpeg\" class=\"attachment-medium size-medium\" alt=\"\" srcset=\"https:\/\/www.stachristiana.at\/app\/uploads\/sites\/2\/2024\/02\/processed-7A5CC19A-F616-44D7-8B0C-B2CC95D7ACAF-400x300.jpeg 400w, https:\/\/www.stachristiana.at\/app\/uploads\/sites\/2\/2024\/02\/processed-7A5CC19A-F616-44D7-8B0C-B2CC95D7ACAF-1024x768.jpeg 1024w, https:\/\/www.stachristiana.at\/app\/uploads\/sites\/2\/2024\/02\/processed-7A5CC19A-F616-44D7-8B0C-B2CC95D7ACAF-768x576.jpeg 768w, https:\/\/www.stachristiana.at\/app\/uploads\/sites\/2\/2024\/02\/processed-7A5CC19A-F616-44D7-8B0C-B2CC95D7ACAF-1536x1153.jpeg 1536w, https:\/\/www.stachristiana.at\/app\/uploads\/sites\/2\/2024\/02\/processed-7A5CC19A-F616-44D7-8B0C-B2CC95D7ACAF-2048x1537.jpeg 2048w, https:\/\/www.stachristiana.at\/app\/uploads\/sites\/2\/2024\/02\/processed-7A5CC19A-F616-44D7-8B0C-B2CC95D7ACAF-613x460.jpeg 613w, https:\/\/www.stachristiana.at\/app\/uploads\/sites\/2\/2024\/02\/processed-7A5CC19A-F616-44D7-8B0C-B2CC95D7ACAF-100x75.jpeg 100w\" sizes=\"auto, (max-width: 400px) 100vw, 400px\" \/><\/a>\n\n\t\t\n\t\t<a href=\"https:\/\/www.stachristiana.at\/app\/uploads\/sites\/2\/2024\/02\/processed-3F01AD45-5B3E-40C5-ADEB-AAFEA4D35E8C.jpeg\" class=\"gallery-item\" data-caption=\"&lt;strong&gt;processed-3F01AD45-5B3E-40C5-ADEB-AAFEA4D35E8C&lt;\/strong&gt;\" data-fancybox=\"gallery-block_66a54c481de608c90e86b9c481e7cc6e\" data-width=\"2420\" data-height=\"1816\"><img loading=\"lazy\" decoding=\"async\" width=\"400\" height=\"300\" src=\"https:\/\/www.stachristiana.at\/app\/uploads\/sites\/2\/2024\/02\/processed-3F01AD45-5B3E-40C5-ADEB-AAFEA4D35E8C-400x300.jpeg\" class=\"attachment-medium size-medium\" alt=\"\" srcset=\"https:\/\/www.stachristiana.at\/app\/uploads\/sites\/2\/2024\/02\/processed-3F01AD45-5B3E-40C5-ADEB-AAFEA4D35E8C-400x300.jpeg 400w, https:\/\/www.stachristiana.at\/app\/uploads\/sites\/2\/2024\/02\/processed-3F01AD45-5B3E-40C5-ADEB-AAFEA4D35E8C-1024x768.jpeg 1024w, https:\/\/www.stachristiana.at\/app\/uploads\/sites\/2\/2024\/02\/processed-3F01AD45-5B3E-40C5-ADEB-AAFEA4D35E8C-768x576.jpeg 768w, https:\/\/www.stachristiana.at\/app\/uploads\/sites\/2\/2024\/02\/processed-3F01AD45-5B3E-40C5-ADEB-AAFEA4D35E8C-1536x1153.jpeg 1536w, https:\/\/www.stachristiana.at\/app\/uploads\/sites\/2\/2024\/02\/processed-3F01AD45-5B3E-40C5-ADEB-AAFEA4D35E8C-2048x1537.jpeg 2048w, https:\/\/www.stachristiana.at\/app\/uploads\/sites\/2\/2024\/02\/processed-3F01AD45-5B3E-40C5-ADEB-AAFEA4D35E8C-613x460.jpeg 613w, https:\/\/www.stachristiana.at\/app\/uploads\/sites\/2\/2024\/02\/processed-3F01AD45-5B3E-40C5-ADEB-AAFEA4D35E8C-100x75.jpeg 100w\" sizes=\"auto, (max-width: 400px) 100vw, 400px\" \/><\/a>\n\n\t<\/div>\n\n","protected":false},"excerpt":{"rendered":"<p>Die Schulbibliothek der HLW 23 Sta. Christiana bietet neben Fachliteratur und klassischer Lekt\u00fcre vor allem auch aktuelle Jugendliteratur sowie Belletristik. Aber auch Literatur f\u00fcr die Recherche zur Diplomarbeit bis hin zu Testtrainings als Vorbereitung auf FH und Uni Aufnahmepr\u00fcfungen sind vorhanden. Dar\u00fcber hinaus werden regelm\u00e4\u00dfig Ausgaben verschiedener Wochen- und Monatszeitungen und -Zeitschriften zur freien Benutzung [&hellip;]<\/p>\n","protected":false},"author":17,"featured_media":0,"parent":144,"menu_order":1,"comment_status":"closed","ping_status":"closed","template":"","meta":{"footnotes":""},"class_list":["post-1310","page","type-page","status-publish","hentry"],"acf":[],"yoast_head":"<!-- This site is optimized with the Yoast SEO plugin v26.8 - https:\/\/yoast.com\/product\/yoast-seo-wordpress\/ -->\n<title>Schulbibliothek und Leseecke - HLW Rodaun<\/title>\n<meta name=\"robots\" content=\"index, follow, max-snippet:-1, max-image-preview:large, max-video-preview:-1\" \/>\n<link rel=\"canonical\" href=\"https:\/\/www.stachristiana.at\/hlw-rodaun\/was-wir-bieten\/schulbibliothek-und-leseecke-2\" \/>\n<meta property=\"og:locale\" content=\"de_DE\" \/>\n<meta property=\"og:type\" content=\"article\" \/>\n<meta property=\"og:title\" content=\"Schulbibliothek und Leseecke - HLW Rodaun\" \/>\n<meta property=\"og:description\" content=\"Die Schulbibliothek der HLW 23 Sta. Christiana bietet neben Fachliteratur und klassischer Lekt\u00fcre vor allem auch aktuelle Jugendliteratur sowie Belletristik. Aber auch Literatur f\u00fcr die Recherche zur Diplomarbeit bis hin zu Testtrainings als Vorbereitung auf FH und Uni Aufnahmepr\u00fcfungen sind vorhanden. Dar\u00fcber hinaus werden regelm\u00e4\u00dfig Ausgaben verschiedener Wochen- und Monatszeitungen und -Zeitschriften zur freien Benutzung [&hellip;]\" \/>\n<meta property=\"og:url\" content=\"https:\/\/www.stachristiana.at\/hlw-rodaun\/was-wir-bieten\/schulbibliothek-und-leseecke-2\" \/>\n<meta property=\"og:site_name\" content=\"HLW Rodaun\" \/>\n<meta property=\"article:modified_time\" content=\"2024-02-19T09:52:05+00:00\" \/>\n<meta property=\"og:image\" content=\"https:\/\/www.stachristiana.at\/app\/uploads\/sites\/2\/2022\/05\/logo-sta-christiana.png\" \/>\n\t<meta property=\"og:image:width\" content=\"1200\" \/>\n\t<meta property=\"og:image:height\" content=\"491\" \/>\n\t<meta property=\"og:image:type\" content=\"image\/png\" \/>\n<meta name=\"twitter:card\" content=\"summary_large_image\" \/>\n<meta name=\"twitter:label1\" content=\"Gesch\u00e4tzte Lesezeit\" \/>\n\t<meta name=\"twitter:data1\" content=\"1\u00a0Minute\" \/>\n<script type=\"application\/ld+json\" class=\"yoast-schema-graph\">{\"@context\":\"https:\/\/schema.org\",\"@graph\":[{\"@type\":\"WebPage\",\"@id\":\"https:\/\/www.stachristiana.at\/hlw-rodaun\/was-wir-bieten\/schulbibliothek-und-leseecke-2\",\"url\":\"https:\/\/www.stachristiana.at\/hlw-rodaun\/was-wir-bieten\/schulbibliothek-und-leseecke-2\",\"name\":\"Schulbibliothek und Leseecke - HLW Rodaun\",\"isPartOf\":{\"@id\":\"https:\/\/www.stachristiana.at\/hlw-rodaun\/#website\"},\"datePublished\":\"2024-02-19T09:20:04+00:00\",\"dateModified\":\"2024-02-19T09:52:05+00:00\",\"breadcrumb\":{\"@id\":\"https:\/\/www.stachristiana.at\/hlw-rodaun\/was-wir-bieten\/schulbibliothek-und-leseecke-2#breadcrumb\"},\"inLanguage\":\"de\",\"potentialAction\":[{\"@type\":\"ReadAction\",\"target\":[\"https:\/\/www.stachristiana.at\/hlw-rodaun\/was-wir-bieten\/schulbibliothek-und-leseecke-2\"]}]},{\"@type\":\"BreadcrumbList\",\"@id\":\"https:\/\/www.stachristiana.at\/hlw-rodaun\/was-wir-bieten\/schulbibliothek-und-leseecke-2#breadcrumb\",\"itemListElement\":[{\"@type\":\"ListItem\",\"position\":1,\"name\":\"Start\",\"item\":\"https:\/\/www.stachristiana.at\/\"},{\"@type\":\"ListItem\",\"position\":2,\"name\":\"Was wir bieten\",\"item\":\"https:\/\/www.stachristiana.at\/hlw-rodaun\/was-wir-bieten\"},{\"@type\":\"ListItem\",\"position\":3,\"name\":\"Schulbibliothek und Leseecke\"}]},{\"@type\":\"WebSite\",\"@id\":\"https:\/\/www.stachristiana.at\/hlw-rodaun\/#website\",\"url\":\"https:\/\/www.stachristiana.at\/hlw-rodaun\/\",\"name\":\"Sta. Christiana - HLW Rodaun\",\"description\":\"H\u00f6here Lehranstalt, Fachschule und Aufbaulehrgang f\u00fcr wirtschaftliche Berufe\",\"publisher\":{\"@id\":\"https:\/\/www.stachristiana.at\/hlw-rodaun\/#organization\"},\"alternateName\":\"Sta. Christiana\",\"potentialAction\":[{\"@type\":\"SearchAction\",\"target\":{\"@type\":\"EntryPoint\",\"urlTemplate\":\"https:\/\/www.stachristiana.at\/hlw-rodaun\/?s={search_term_string}\"},\"query-input\":{\"@type\":\"PropertyValueSpecification\",\"valueRequired\":true,\"valueName\":\"search_term_string\"}}],\"inLanguage\":\"de\"},{\"@type\":\"Organization\",\"@id\":\"https:\/\/www.stachristiana.at\/hlw-rodaun\/#organization\",\"name\":\"Sta. Christiana - Schulen zum Leben\",\"alternateName\":\"Sta. Christiana\",\"url\":\"https:\/\/www.stachristiana.at\/hlw-rodaun\/\",\"logo\":{\"@type\":\"ImageObject\",\"inLanguage\":\"de\",\"@id\":\"https:\/\/www.stachristiana.at\/hlw-rodaun\/#\/schema\/logo\/image\/\",\"url\":\"https:\/\/www.stachristiana.at\/app\/uploads\/sites\/2\/2022\/05\/logo-sta-christiana.png\",\"contentUrl\":\"https:\/\/www.stachristiana.at\/app\/uploads\/sites\/2\/2022\/05\/logo-sta-christiana.png\",\"width\":1200,\"height\":491,\"caption\":\"Sta. Christiana - Schulen zum Leben\"},\"image\":{\"@id\":\"https:\/\/www.stachristiana.at\/hlw-rodaun\/#\/schema\/logo\/image\/\"}}]}<\/script>\n<!-- \/ Yoast SEO plugin. -->","yoast_head_json":{"title":"Schulbibliothek und Leseecke - HLW Rodaun","robots":{"index":"index","follow":"follow","max-snippet":"max-snippet:-1","max-image-preview":"max-image-preview:large","max-video-preview":"max-video-preview:-1"},"canonical":"https:\/\/www.stachristiana.at\/hlw-rodaun\/was-wir-bieten\/schulbibliothek-und-leseecke-2","og_locale":"de_DE","og_type":"article","og_title":"Schulbibliothek und Leseecke - HLW Rodaun","og_description":"Die Schulbibliothek der HLW 23 Sta. Christiana bietet neben Fachliteratur und klassischer Lekt\u00fcre vor allem auch aktuelle Jugendliteratur sowie Belletristik. Aber auch Literatur f\u00fcr die Recherche zur Diplomarbeit bis hin zu Testtrainings als Vorbereitung auf FH und Uni Aufnahmepr\u00fcfungen sind vorhanden. Dar\u00fcber hinaus werden regelm\u00e4\u00dfig Ausgaben verschiedener Wochen- und Monatszeitungen und -Zeitschriften zur freien Benutzung [&hellip;]","og_url":"https:\/\/www.stachristiana.at\/hlw-rodaun\/was-wir-bieten\/schulbibliothek-und-leseecke-2","og_site_name":"HLW Rodaun","article_modified_time":"2024-02-19T09:52:05+00:00","og_image":[{"width":1200,"height":491,"url":"https:\/\/www.stachristiana.at\/app\/uploads\/sites\/2\/2022\/05\/logo-sta-christiana.png","type":"image\/png"}],"twitter_card":"summary_large_image","twitter_misc":{"Gesch\u00e4tzte Lesezeit":"1\u00a0Minute"},"schema":{"@context":"https:\/\/schema.org","@graph":[{"@type":"WebPage","@id":"https:\/\/www.stachristiana.at\/hlw-rodaun\/was-wir-bieten\/schulbibliothek-und-leseecke-2","url":"https:\/\/www.stachristiana.at\/hlw-rodaun\/was-wir-bieten\/schulbibliothek-und-leseecke-2","name":"Schulbibliothek und Leseecke - HLW Rodaun","isPartOf":{"@id":"https:\/\/www.stachristiana.at\/hlw-rodaun\/#website"},"datePublished":"2024-02-19T09:20:04+00:00","dateModified":"2024-02-19T09:52:05+00:00","breadcrumb":{"@id":"https:\/\/www.stachristiana.at\/hlw-rodaun\/was-wir-bieten\/schulbibliothek-und-leseecke-2#breadcrumb"},"inLanguage":"de","potentialAction":[{"@type":"ReadAction","target":["https:\/\/www.stachristiana.at\/hlw-rodaun\/was-wir-bieten\/schulbibliothek-und-leseecke-2"]}]},{"@type":"BreadcrumbList","@id":"https:\/\/www.stachristiana.at\/hlw-rodaun\/was-wir-bieten\/schulbibliothek-und-leseecke-2#breadcrumb","itemListElement":[{"@type":"ListItem","position":1,"name":"Start","item":"https:\/\/www.stachristiana.at\/"},{"@type":"ListItem","position":2,"name":"Was wir bieten","item":"https:\/\/www.stachristiana.at\/hlw-rodaun\/was-wir-bieten"},{"@type":"ListItem","position":3,"name":"Schulbibliothek und Leseecke"}]},{"@type":"WebSite","@id":"https:\/\/www.stachristiana.at\/hlw-rodaun\/#website","url":"https:\/\/www.stachristiana.at\/hlw-rodaun\/","name":"Sta. Christiana - HLW Rodaun","description":"H\u00f6here Lehranstalt, Fachschule und Aufbaulehrgang f\u00fcr wirtschaftliche Berufe","publisher":{"@id":"https:\/\/www.stachristiana.at\/hlw-rodaun\/#organization"},"alternateName":"Sta. Christiana","potentialAction":[{"@type":"SearchAction","target":{"@type":"EntryPoint","urlTemplate":"https:\/\/www.stachristiana.at\/hlw-rodaun\/?s={search_term_string}"},"query-input":{"@type":"PropertyValueSpecification","valueRequired":true,"valueName":"search_term_string"}}],"inLanguage":"de"},{"@type":"Organization","@id":"https:\/\/www.stachristiana.at\/hlw-rodaun\/#organization","name":"Sta. Christiana - Schulen zum Leben","alternateName":"Sta. Christiana","url":"https:\/\/www.stachristiana.at\/hlw-rodaun\/","logo":{"@type":"ImageObject","inLanguage":"de","@id":"https:\/\/www.stachristiana.at\/hlw-rodaun\/#\/schema\/logo\/image\/","url":"https:\/\/www.stachristiana.at\/app\/uploads\/sites\/2\/2022\/05\/logo-sta-christiana.png","contentUrl":"https:\/\/www.stachristiana.at\/app\/uploads\/sites\/2\/2022\/05\/logo-sta-christiana.png","width":1200,"height":491,"caption":"Sta. Christiana - Schulen zum Leben"},"image":{"@id":"https:\/\/www.stachristiana.at\/hlw-rodaun\/#\/schema\/logo\/image\/"}}]}},"_links":{"self":[{"href":"https:\/\/www.stachristiana.at\/hlw-rodaun\/wp-json\/wp\/v2\/pages\/1310","targetHints":{"allow":["GET"]}}],"collection":[{"href":"https:\/\/www.stachristiana.at\/hlw-rodaun\/wp-json\/wp\/v2\/pages"}],"about":[{"href":"https:\/\/www.stachristiana.at\/hlw-rodaun\/wp-json\/wp\/v2\/types\/page"}],"author":[{"embeddable":true,"href":"https:\/\/www.stachristiana.at\/hlw-rodaun\/wp-json\/wp\/v2\/users\/17"}],"replies":[{"embeddable":true,"href":"https:\/\/www.stachristiana.at\/hlw-rodaun\/wp-json\/wp\/v2\/comments?post=1310"}],"version-history":[{"count":3,"href":"https:\/\/www.stachristiana.at\/hlw-rodaun\/wp-json\/wp\/v2\/pages\/1310\/revisions"}],"predecessor-version":[{"id":1323,"href":"https:\/\/www.stachristiana.at\/hlw-rodaun\/wp-json\/wp\/v2\/pages\/1310\/revisions\/1323"}],"up":[{"embeddable":true,"href":"https:\/\/www.stachristiana.at\/hlw-rodaun\/wp-json\/wp\/v2\/pages\/144"}],"wp:attachment":[{"href":"https:\/\/www.stachristiana.at\/hlw-rodaun\/wp-json\/wp\/v2\/media?parent=1310"}],"curies":[{"name":"wp","href":"https:\/\/api.w.org\/{rel}","templated":true}]}}