{"id":931,"date":"2022-12-21T11:18:07","date_gmt":"2022-12-21T10:18:07","guid":{"rendered":"http:\/\/www.sanctachristiana.at\/hlw-bafep-frohsdorf\/?page_id=931"},"modified":"2026-02-09T17:47:17","modified_gmt":"2026-02-09T16:47:17","slug":"schulbibliothek","status":"publish","type":"page","link":"https:\/\/www.stachristiana.at\/hlw-bafep-frohsdorf\/schulbibliothek","title":{"rendered":"Schulbibliothek"},"content":{"rendered":"\n<h2 class=\"wp-block-heading\">Schulbibliothek<\/h2>\n\n\n\n<p>Lesen ist eine der wichtigsten Grundqualifikationen f\u00fcr lebenslanges Lernen.&nbsp;Wir f\u00fchren \u00fcber 8000 B\u00fccher, die \u00fcber ein modernes Ausleihsystem mit PC und Handscanner entliehen werden k\u00f6nnen.&nbsp;<\/p>\n\n\n\n<figure class=\"wp-block-image size-full\"><img loading=\"lazy\" decoding=\"async\" width=\"900\" height=\"675\" src=\"https:\/\/www.stachristiana.at\/app\/uploads\/sites\/6\/2023\/01\/Bild10.jpg\" alt=\"\" class=\"wp-image-1170\" srcset=\"https:\/\/www.stachristiana.at\/app\/uploads\/sites\/6\/2023\/01\/Bild10.jpg 900w, https:\/\/www.stachristiana.at\/app\/uploads\/sites\/6\/2023\/01\/Bild10-400x300.jpg 400w, https:\/\/www.stachristiana.at\/app\/uploads\/sites\/6\/2023\/01\/Bild10-768x576.jpg 768w, https:\/\/www.stachristiana.at\/app\/uploads\/sites\/6\/2023\/01\/Bild10-613x460.jpg 613w, https:\/\/www.stachristiana.at\/app\/uploads\/sites\/6\/2023\/01\/Bild10-100x75.jpg 100w\" sizes=\"auto, (max-width: 900px) 100vw, 900px\" \/><\/figure>\n\n\n\n<p>Die gem\u00fctliche Einrichtung l\u00e4dt zum Lesen und Schm\u00f6kern ein. Au\u00dferdem k\u00f6nnen Laptops im Selbstlernbereich genutzt werden.<\/p>\n\n\n\n<p>Bibliothekar: Mag. Johannes Waldherr<br>Assistentin: Mag. Simone Scherz<\/p>\n\n\n\n<div id=\"linklist-block_1096456f1e154cf067165abc04156922\" class=\"linklist\">\n\t\t\n\t\t<a href=\"https:\/\/hlw-frohsdorf.webopac.at\/search\" target=\"_blank\" class=\"linklist-item linklist-item-hellblau\">\n\t\t\tOnline-Katalog der Schulbibliothek\t\t<\/a>\n\n\t<\/div>\n\n\n\n<figure class=\"wp-block-image size-full\"><img loading=\"lazy\" decoding=\"async\" width=\"1037\" height=\"684\" src=\"https:\/\/www.stachristiana.at\/app\/uploads\/sites\/6\/2026\/02\/Bibliothek-2025_2026.jpg\" alt=\"\" class=\"wp-image-3231\" srcset=\"https:\/\/www.stachristiana.at\/app\/uploads\/sites\/6\/2026\/02\/Bibliothek-2025_2026.jpg 1037w, https:\/\/www.stachristiana.at\/app\/uploads\/sites\/6\/2026\/02\/Bibliothek-2025_2026-400x264.jpg 400w, https:\/\/www.stachristiana.at\/app\/uploads\/sites\/6\/2026\/02\/Bibliothek-2025_2026-1024x675.jpg 1024w, https:\/\/www.stachristiana.at\/app\/uploads\/sites\/6\/2026\/02\/Bibliothek-2025_2026-768x507.jpg 768w, https:\/\/www.stachristiana.at\/app\/uploads\/sites\/6\/2026\/02\/Bibliothek-2025_2026-697x460.jpg 697w, https:\/\/www.stachristiana.at\/app\/uploads\/sites\/6\/2026\/02\/Bibliothek-2025_2026-114x75.jpg 114w\" sizes=\"auto, (max-width: 1037px) 100vw, 1037px\" \/><\/figure>\n","protected":false},"excerpt":{"rendered":"<p>Schulbibliothek Lesen ist eine der wichtigsten Grundqualifikationen f\u00fcr lebenslanges Lernen.&nbsp;Wir f\u00fchren \u00fcber 8000 B\u00fccher, die \u00fcber ein modernes Ausleihsystem mit PC und Handscanner entliehen werden k\u00f6nnen.&nbsp; Die gem\u00fctliche Einrichtung l\u00e4dt zum Lesen und Schm\u00f6kern ein. Au\u00dferdem k\u00f6nnen Laptops im Selbstlernbereich genutzt werden. Bibliothekar: Mag. Johannes WaldherrAssistentin: Mag. Simone Scherz<\/p>\n","protected":false},"author":16,"featured_media":0,"parent":0,"menu_order":0,"comment_status":"closed","ping_status":"closed","template":"","meta":{"footnotes":""},"class_list":["post-931","page","type-page","status-publish","hentry"],"acf":[],"yoast_head":"<!-- This site is optimized with the Yoast SEO plugin v26.8 - https:\/\/yoast.com\/product\/yoast-seo-wordpress\/ -->\n<title>Schulbibliothek - HLW, BAfEP &amp; BASOP Frohsdorf<\/title>\n<meta name=\"robots\" content=\"index, follow, max-snippet:-1, max-image-preview:large, max-video-preview:-1\" \/>\n<link rel=\"canonical\" href=\"https:\/\/www.stachristiana.at\/hlw-bafep-frohsdorf\/schulbibliothek\" \/>\n<meta property=\"og:locale\" content=\"de_DE\" \/>\n<meta property=\"og:type\" content=\"article\" \/>\n<meta property=\"og:title\" content=\"Schulbibliothek - HLW, BAfEP &amp; BASOP Frohsdorf\" \/>\n<meta property=\"og:description\" content=\"Schulbibliothek Lesen ist eine der wichtigsten Grundqualifikationen f\u00fcr lebenslanges Lernen.&nbsp;Wir f\u00fchren \u00fcber 8000 B\u00fccher, die \u00fcber ein modernes Ausleihsystem mit PC und Handscanner entliehen werden k\u00f6nnen.&nbsp; Die gem\u00fctliche Einrichtung l\u00e4dt zum Lesen und Schm\u00f6kern ein. Au\u00dferdem k\u00f6nnen Laptops im Selbstlernbereich genutzt werden. Bibliothekar: Mag. Johannes WaldherrAssistentin: Mag. Simone Scherz\" \/>\n<meta property=\"og:url\" content=\"https:\/\/www.stachristiana.at\/hlw-bafep-frohsdorf\/schulbibliothek\" \/>\n<meta property=\"og:site_name\" content=\"HLW, BAfEP &amp; BASOP Frohsdorf\" \/>\n<meta property=\"article:modified_time\" content=\"2026-02-09T16:47:17+00:00\" \/>\n<meta property=\"og:image\" content=\"https:\/\/www.stachristiana.at\/app\/uploads\/sites\/6\/2023\/01\/Bild10.jpg\" \/>\n\t<meta property=\"og:image:width\" content=\"900\" \/>\n\t<meta property=\"og:image:height\" content=\"675\" \/>\n\t<meta property=\"og:image:type\" content=\"image\/jpeg\" \/>\n<meta name=\"twitter:card\" content=\"summary_large_image\" \/>\n<meta name=\"twitter:label1\" content=\"Gesch\u00e4tzte Lesezeit\" \/>\n\t<meta name=\"twitter:data1\" content=\"1\u00a0Minute\" \/>\n<script type=\"application\/ld+json\" class=\"yoast-schema-graph\">{\"@context\":\"https:\/\/schema.org\",\"@graph\":[{\"@type\":\"WebPage\",\"@id\":\"https:\/\/www.stachristiana.at\/hlw-bafep-frohsdorf\/schulbibliothek\",\"url\":\"https:\/\/www.stachristiana.at\/hlw-bafep-frohsdorf\/schulbibliothek\",\"name\":\"Schulbibliothek - HLW, BAfEP &amp; BASOP Frohsdorf\",\"isPartOf\":{\"@id\":\"https:\/\/www.stachristiana.at\/hlw-bafep-frohsdorf\/#website\"},\"primaryImageOfPage\":{\"@id\":\"https:\/\/www.stachristiana.at\/hlw-bafep-frohsdorf\/schulbibliothek#primaryimage\"},\"image\":{\"@id\":\"https:\/\/www.stachristiana.at\/hlw-bafep-frohsdorf\/schulbibliothek#primaryimage\"},\"thumbnailUrl\":\"https:\/\/www.stachristiana.at\/app\/uploads\/sites\/6\/2023\/01\/Bild10.jpg\",\"datePublished\":\"2022-12-21T10:18:07+00:00\",\"dateModified\":\"2026-02-09T16:47:17+00:00\",\"breadcrumb\":{\"@id\":\"https:\/\/www.stachristiana.at\/hlw-bafep-frohsdorf\/schulbibliothek#breadcrumb\"},\"inLanguage\":\"de\",\"potentialAction\":[{\"@type\":\"ReadAction\",\"target\":[\"https:\/\/www.stachristiana.at\/hlw-bafep-frohsdorf\/schulbibliothek\"]}]},{\"@type\":\"ImageObject\",\"inLanguage\":\"de\",\"@id\":\"https:\/\/www.stachristiana.at\/hlw-bafep-frohsdorf\/schulbibliothek#primaryimage\",\"url\":\"https:\/\/www.stachristiana.at\/app\/uploads\/sites\/6\/2023\/01\/Bild10.jpg\",\"contentUrl\":\"https:\/\/www.stachristiana.at\/app\/uploads\/sites\/6\/2023\/01\/Bild10.jpg\"},{\"@type\":\"BreadcrumbList\",\"@id\":\"https:\/\/www.stachristiana.at\/hlw-bafep-frohsdorf\/schulbibliothek#breadcrumb\",\"itemListElement\":[{\"@type\":\"ListItem\",\"position\":1,\"name\":\"Start\",\"item\":\"https:\/\/www.stachristiana.at\/\"},{\"@type\":\"ListItem\",\"position\":2,\"name\":\"Schulbibliothek\"}]},{\"@type\":\"WebSite\",\"@id\":\"https:\/\/www.stachristiana.at\/hlw-bafep-frohsdorf\/#website\",\"url\":\"https:\/\/www.stachristiana.at\/hlw-bafep-frohsdorf\/\",\"name\":\"Sta. Christiana - HLW - BAfEP Frohsdorf\",\"description\":\"H\u00f6here Lehranstalt, Fachschule und Aufbaulehrgang f\u00fcr wirtschaftliche Berufe und Bildungsanstalt und Kolleg f\u00fcr Elementarp\u00e4dagogik\",\"publisher\":{\"@id\":\"https:\/\/www.stachristiana.at\/hlw-bafep-frohsdorf\/#organization\"},\"alternateName\":\"Sta. Christiana\",\"potentialAction\":[{\"@type\":\"SearchAction\",\"target\":{\"@type\":\"EntryPoint\",\"urlTemplate\":\"https:\/\/www.stachristiana.at\/hlw-bafep-frohsdorf\/?s={search_term_string}\"},\"query-input\":{\"@type\":\"PropertyValueSpecification\",\"valueRequired\":true,\"valueName\":\"search_term_string\"}}],\"inLanguage\":\"de\"},{\"@type\":\"Organization\",\"@id\":\"https:\/\/www.stachristiana.at\/hlw-bafep-frohsdorf\/#organization\",\"name\":\"Sta. Christiana - HLW und BAfEP Frohsdorf\",\"alternateName\":\"Sta. Christiana\",\"url\":\"https:\/\/www.stachristiana.at\/hlw-bafep-frohsdorf\/\",\"logo\":{\"@type\":\"ImageObject\",\"inLanguage\":\"de\",\"@id\":\"https:\/\/www.stachristiana.at\/hlw-bafep-frohsdorf\/#\/schema\/logo\/image\/\",\"url\":\"https:\/\/www.stachristiana.at\/app\/uploads\/sites\/6\/2022\/05\/logo-sta-christiana.png\",\"contentUrl\":\"https:\/\/www.stachristiana.at\/app\/uploads\/sites\/6\/2022\/05\/logo-sta-christiana.png\",\"width\":1200,\"height\":491,\"caption\":\"Sta. Christiana - HLW und BAfEP Frohsdorf\"},\"image\":{\"@id\":\"https:\/\/www.stachristiana.at\/hlw-bafep-frohsdorf\/#\/schema\/logo\/image\/\"}}]}<\/script>\n<!-- \/ Yoast SEO plugin. -->","yoast_head_json":{"title":"Schulbibliothek - HLW, BAfEP &amp; BASOP Frohsdorf","robots":{"index":"index","follow":"follow","max-snippet":"max-snippet:-1","max-image-preview":"max-image-preview:large","max-video-preview":"max-video-preview:-1"},"canonical":"https:\/\/www.stachristiana.at\/hlw-bafep-frohsdorf\/schulbibliothek","og_locale":"de_DE","og_type":"article","og_title":"Schulbibliothek - HLW, BAfEP &amp; BASOP Frohsdorf","og_description":"Schulbibliothek Lesen ist eine der wichtigsten Grundqualifikationen f\u00fcr lebenslanges Lernen.&nbsp;Wir f\u00fchren \u00fcber 8000 B\u00fccher, die \u00fcber ein modernes Ausleihsystem mit PC und Handscanner entliehen werden k\u00f6nnen.&nbsp; Die gem\u00fctliche Einrichtung l\u00e4dt zum Lesen und Schm\u00f6kern ein. Au\u00dferdem k\u00f6nnen Laptops im Selbstlernbereich genutzt werden. Bibliothekar: Mag. Johannes WaldherrAssistentin: Mag. Simone Scherz","og_url":"https:\/\/www.stachristiana.at\/hlw-bafep-frohsdorf\/schulbibliothek","og_site_name":"HLW, BAfEP &amp; BASOP Frohsdorf","article_modified_time":"2026-02-09T16:47:17+00:00","og_image":[{"width":900,"height":675,"url":"https:\/\/www.stachristiana.at\/app\/uploads\/sites\/6\/2023\/01\/Bild10.jpg","type":"image\/jpeg"}],"twitter_card":"summary_large_image","twitter_misc":{"Gesch\u00e4tzte Lesezeit":"1\u00a0Minute"},"schema":{"@context":"https:\/\/schema.org","@graph":[{"@type":"WebPage","@id":"https:\/\/www.stachristiana.at\/hlw-bafep-frohsdorf\/schulbibliothek","url":"https:\/\/www.stachristiana.at\/hlw-bafep-frohsdorf\/schulbibliothek","name":"Schulbibliothek - HLW, BAfEP &amp; BASOP Frohsdorf","isPartOf":{"@id":"https:\/\/www.stachristiana.at\/hlw-bafep-frohsdorf\/#website"},"primaryImageOfPage":{"@id":"https:\/\/www.stachristiana.at\/hlw-bafep-frohsdorf\/schulbibliothek#primaryimage"},"image":{"@id":"https:\/\/www.stachristiana.at\/hlw-bafep-frohsdorf\/schulbibliothek#primaryimage"},"thumbnailUrl":"https:\/\/www.stachristiana.at\/app\/uploads\/sites\/6\/2023\/01\/Bild10.jpg","datePublished":"2022-12-21T10:18:07+00:00","dateModified":"2026-02-09T16:47:17+00:00","breadcrumb":{"@id":"https:\/\/www.stachristiana.at\/hlw-bafep-frohsdorf\/schulbibliothek#breadcrumb"},"inLanguage":"de","potentialAction":[{"@type":"ReadAction","target":["https:\/\/www.stachristiana.at\/hlw-bafep-frohsdorf\/schulbibliothek"]}]},{"@type":"ImageObject","inLanguage":"de","@id":"https:\/\/www.stachristiana.at\/hlw-bafep-frohsdorf\/schulbibliothek#primaryimage","url":"https:\/\/www.stachristiana.at\/app\/uploads\/sites\/6\/2023\/01\/Bild10.jpg","contentUrl":"https:\/\/www.stachristiana.at\/app\/uploads\/sites\/6\/2023\/01\/Bild10.jpg"},{"@type":"BreadcrumbList","@id":"https:\/\/www.stachristiana.at\/hlw-bafep-frohsdorf\/schulbibliothek#breadcrumb","itemListElement":[{"@type":"ListItem","position":1,"name":"Start","item":"https:\/\/www.stachristiana.at\/"},{"@type":"ListItem","position":2,"name":"Schulbibliothek"}]},{"@type":"WebSite","@id":"https:\/\/www.stachristiana.at\/hlw-bafep-frohsdorf\/#website","url":"https:\/\/www.stachristiana.at\/hlw-bafep-frohsdorf\/","name":"Sta. Christiana - HLW - BAfEP Frohsdorf","description":"H\u00f6here Lehranstalt, Fachschule und Aufbaulehrgang f\u00fcr wirtschaftliche Berufe und Bildungsanstalt und Kolleg f\u00fcr Elementarp\u00e4dagogik","publisher":{"@id":"https:\/\/www.stachristiana.at\/hlw-bafep-frohsdorf\/#organization"},"alternateName":"Sta. Christiana","potentialAction":[{"@type":"SearchAction","target":{"@type":"EntryPoint","urlTemplate":"https:\/\/www.stachristiana.at\/hlw-bafep-frohsdorf\/?s={search_term_string}"},"query-input":{"@type":"PropertyValueSpecification","valueRequired":true,"valueName":"search_term_string"}}],"inLanguage":"de"},{"@type":"Organization","@id":"https:\/\/www.stachristiana.at\/hlw-bafep-frohsdorf\/#organization","name":"Sta. Christiana - HLW und BAfEP Frohsdorf","alternateName":"Sta. Christiana","url":"https:\/\/www.stachristiana.at\/hlw-bafep-frohsdorf\/","logo":{"@type":"ImageObject","inLanguage":"de","@id":"https:\/\/www.stachristiana.at\/hlw-bafep-frohsdorf\/#\/schema\/logo\/image\/","url":"https:\/\/www.stachristiana.at\/app\/uploads\/sites\/6\/2022\/05\/logo-sta-christiana.png","contentUrl":"https:\/\/www.stachristiana.at\/app\/uploads\/sites\/6\/2022\/05\/logo-sta-christiana.png","width":1200,"height":491,"caption":"Sta. Christiana - HLW und BAfEP Frohsdorf"},"image":{"@id":"https:\/\/www.stachristiana.at\/hlw-bafep-frohsdorf\/#\/schema\/logo\/image\/"}}]}},"_links":{"self":[{"href":"https:\/\/www.stachristiana.at\/hlw-bafep-frohsdorf\/wp-json\/wp\/v2\/pages\/931","targetHints":{"allow":["GET"]}}],"collection":[{"href":"https:\/\/www.stachristiana.at\/hlw-bafep-frohsdorf\/wp-json\/wp\/v2\/pages"}],"about":[{"href":"https:\/\/www.stachristiana.at\/hlw-bafep-frohsdorf\/wp-json\/wp\/v2\/types\/page"}],"author":[{"embeddable":true,"href":"https:\/\/www.stachristiana.at\/hlw-bafep-frohsdorf\/wp-json\/wp\/v2\/users\/16"}],"replies":[{"embeddable":true,"href":"https:\/\/www.stachristiana.at\/hlw-bafep-frohsdorf\/wp-json\/wp\/v2\/comments?post=931"}],"version-history":[{"count":17,"href":"https:\/\/www.stachristiana.at\/hlw-bafep-frohsdorf\/wp-json\/wp\/v2\/pages\/931\/revisions"}],"predecessor-version":[{"id":3232,"href":"https:\/\/www.stachristiana.at\/hlw-bafep-frohsdorf\/wp-json\/wp\/v2\/pages\/931\/revisions\/3232"}],"wp:attachment":[{"href":"https:\/\/www.stachristiana.at\/hlw-bafep-frohsdorf\/wp-json\/wp\/v2\/media?parent=931"}],"curies":[{"name":"wp","href":"https:\/\/api.w.org\/{rel}","templated":true}]}}