{"id":916,"date":"2022-12-21T10:44:36","date_gmt":"2022-12-21T09:44:36","guid":{"rendered":"http:\/\/www.sanctachristiana.at\/hlw-bafep-frohsdorf\/?page_id=916"},"modified":"2025-12-01T15:28:38","modified_gmt":"2025-12-01T14:28:38","slug":"schulgeld","status":"publish","type":"page","link":"https:\/\/www.stachristiana.at\/hlw-bafep-frohsdorf\/wer-wir-sind\/schulgeld","title":{"rendered":"Schulgeld"},"content":{"rendered":"\n<p><strong>Ausbildungsbeitr\u00e4ge pro Schuljahr&nbsp;f\u00fcr das Schuljahr 2025\/20256<\/strong><\/p>\n\n\n\n<ul class=\"wp-block-list\">\n<li>Bildungsanstalt und Kolleg f\u00fcr Elementarp\u00e4dagogik (BAfEP)<\/li>\n<\/ul>\n\n\n\n<p>\u20ac 2545.-&nbsp;zahlbar in 10 Teilbetr\u00e4gen<\/p>\n\n\n\n<ul class=\"wp-block-list\">\n<li>Bildungsanstalt f\u00fcr Sozialp\u00e4dagogik (BASOP)<\/li>\n<\/ul>\n\n\n\n<p>\u20ac 2545.-&nbsp;zahlbar in 10 Teilbetr\u00e4gen<\/p>\n\n\n\n<ul class=\"wp-block-list\">\n<li>H\u00f6here Lehranstalt, Aufbaulehrgang und ein- und dreij\u00e4hrige Fachschule f\u00fcr wirtschaftliche Berufe (HLW, ALW und FW)<\/li>\n<\/ul>\n\n\n\n<p>\u20ac 2385.-&nbsp;zahlbar in 10 Teilbetr\u00e4gen<\/p>\n\n\n\n<p>Die Jahresbeitr\u00e4ge des Schulgeldes werden in 10 Teilzahlungen pro Schuljahr eingehoben. Weder Matura, Abschlusspr\u00fcfung noch Praktikum werden bei der Einhebung ber\u00fccksichtigt.<\/p>\n\n\n\n<p><strong>Schulgeldbeihilfen<\/strong><\/p>\n\n\n\n<p>Speziell f\u00fcr das 9. Schuljahr gibt es von Gemeinden Zusch\u00fcsse zum Schulgeld bzw. \u00fcbernehmen Gemeinden das Schulgeld f\u00fcr das 9. Schuljahr.  Bitte erkundigen Sie sich bei Ihrer Heimatgemeinde.<\/p>\n\n\n\n<p><strong>Weitere Beitr\u00e4ge<\/strong><\/p>\n\n\n\n<ul class=\"wp-block-list\">\n<li>Einschreibgeb\u00fchr \u20ac 90.- f\u00e4llig bei Neuanmeldung<\/li>\n\n\n\n<li>Lehrmittelbeitrag K\u00fcche und Service \u20ac 40 .- bis \u20ac 90.- pro Semester<\/li>\n\n\n\n<li>Kopierkostenbeitrag \u20ac 30.- j\u00e4hrlich<\/li>\n\n\n\n<li>Qualit\u00e4tssicherungsbeitrag \u20ac 45.- j\u00e4hrlich<\/li>\n\n\n\n<li>Einschreibgeb\u00fchr f\u00fcr Schulbibliothek 5 \u20ac (einmalig bei Eintritt in die Schule)<\/li>\n\n\n\n<li>Spindmiete \u20ac 15.- und \u20ac 10.- Schl\u00fcsselkaution<\/li>\n\n\n\n<li>Mittagessen \u20ac 7.- (optional)<\/li>\n\n\n\n<li>Elternverein \u20ac 20.-<\/li>\n<\/ul>\n\n\n\n<p><strong>Sch\u00fclerfreifahrt und Schulbuchaktion<\/strong><\/p>\n\n\n\n<p>Stundenplan und Fahrplan werden nach M\u00f6glichkeit aufeinander abgestimmt. Antr\u00e4ge und dgl. k\u00f6nnen erst nach Schulbeginn gestellt werden. Bis zum 1. Oktober sind die Sch\u00fclerfahrten \u00fcberall ohne Ausweis m\u00f6glich.<\/p>\n\n\n\n<p><strong>Zahlungsmodalit\u00e4ten<\/strong><\/p>\n\n\n\n<p>Von September bis Juni sind die Teilbeitr\u00e4ge des Schulgelds im Voraus am Monatsersten zu entrichten. Die Anmeldung wird erst mit der Einzahlung der September-Rate des Ausbildungsbeitrages oder mit der Best\u00e4tigung der Errichtung eines Dauerauftrages bis sp\u00e4testens 31. Juli vollst\u00e4ndig, ansonsten wird der Platz an andere Bewerber vergeben.<br>Wir ersuchen Sie, einen Einziehungsauftrag einzurichten, da Sie sich dadurch l\u00e4ngerfristig Kosten ersparen. Bei Verwendung von Einzahlungsscheinen und Dauerauftr\u00e4gen bitte unbedingt Vor- und Zuname des Sch\u00fclers\/der Sch\u00fclerin sowie Klasse angeben, da sonst die richtige Verrechnung nicht gew\u00e4hrleistet werden kann. Unsere Bankverbindung: Schulverein Institut Sta. Christiana, IBAN: AT 89 20267 00000022517, Sparkasse Wr. Neustadt, BIC:\u00a0WINSATWNXXX.<\/p>\n\n\n\n<p>Wir bitten um Verst\u00e4ndnis, dass R\u00fcckverg\u00fctungen f\u00fcr vor\u00fcbergehende Abwesenheit nicht gew\u00e4hrt werden k\u00f6nnen und f\u00fcr Sch\u00fcler, die w\u00e4hrend des Schuljahres ausscheiden, der laufende und ein weiterer voller Monatsbeitrag zu entrichten ist. Sollten wir bei Nichteinzahlung des Schulbeitrages gezwungen sein, Mahnungen abzusenden, wird ab der dritten Mahnung eine Geb\u00fchr von 8 \u20ac pro Mahnung verrechnet, und in weiterer Folge die Beitragseinbringung unserem Anwalt \u00fcbergeben. Bei Nichteinzahlung des Schulbeitrages ist der Schulerhalter berechtigt, den\/die Sch\u00fcler\/in vom weiteren Schulbesuch auszuschlie\u00dfen.<\/p>\n\n\n\n<p><strong>Schulgeld-Buchhaltungsabteilung<\/strong><\/p>\n\n\n\n<p>Weitere Informationen erhalten Sie in der Verwaltungsabteilung bei Frau Cornelia Puchegger, Tel. 02627 452 35-17 oder&nbsp;<a href=\"mailto:schulgeld.frohsdorf@stachristiana.at\">schulgeld.frohsdorf@stachristiana.at<\/a>&nbsp;, MO 7.30 \u2013 15.00, DI \u2013FR: 7.30 \u2013 12.30<\/p>\n","protected":false},"excerpt":{"rendered":"<p>Ausbildungsbeitr\u00e4ge pro Schuljahr&nbsp;f\u00fcr das Schuljahr 2025\/20256 \u20ac 2545.-&nbsp;zahlbar in 10 Teilbetr\u00e4gen \u20ac 2545.-&nbsp;zahlbar in 10 Teilbetr\u00e4gen \u20ac 2385.-&nbsp;zahlbar in 10 Teilbetr\u00e4gen Die Jahresbeitr\u00e4ge des Schulgeldes werden in 10 Teilzahlungen pro Schuljahr eingehoben. Weder Matura, Abschlusspr\u00fcfung noch Praktikum werden bei der Einhebung ber\u00fccksichtigt. Schulgeldbeihilfen Speziell f\u00fcr das 9. Schuljahr gibt es von Gemeinden Zusch\u00fcsse zum Schulgeld [&hellip;]<\/p>\n","protected":false},"author":16,"featured_media":0,"parent":73,"menu_order":0,"comment_status":"closed","ping_status":"closed","template":"","meta":{"footnotes":""},"class_list":["post-916","page","type-page","status-publish","hentry"],"acf":[],"yoast_head":"<!-- This site is optimized with the Yoast SEO plugin v26.8 - https:\/\/yoast.com\/product\/yoast-seo-wordpress\/ -->\n<title>Schulgeld - HLW, BAfEP &amp; BASOP Frohsdorf<\/title>\n<meta name=\"robots\" content=\"index, follow, max-snippet:-1, max-image-preview:large, max-video-preview:-1\" \/>\n<link rel=\"canonical\" href=\"https:\/\/www.stachristiana.at\/hlw-bafep-frohsdorf\/wer-wir-sind\/schulgeld\" \/>\n<meta property=\"og:locale\" content=\"de_DE\" \/>\n<meta property=\"og:type\" content=\"article\" \/>\n<meta property=\"og:title\" content=\"Schulgeld - HLW, BAfEP &amp; BASOP Frohsdorf\" \/>\n<meta property=\"og:description\" content=\"Ausbildungsbeitr\u00e4ge pro Schuljahr&nbsp;f\u00fcr das Schuljahr 2025\/20256 \u20ac 2545.-&nbsp;zahlbar in 10 Teilbetr\u00e4gen \u20ac 2545.-&nbsp;zahlbar in 10 Teilbetr\u00e4gen \u20ac 2385.-&nbsp;zahlbar in 10 Teilbetr\u00e4gen Die Jahresbeitr\u00e4ge des Schulgeldes werden in 10 Teilzahlungen pro Schuljahr eingehoben. Weder Matura, Abschlusspr\u00fcfung noch Praktikum werden bei der Einhebung ber\u00fccksichtigt. Schulgeldbeihilfen Speziell f\u00fcr das 9. Schuljahr gibt es von Gemeinden Zusch\u00fcsse zum Schulgeld [&hellip;]\" \/>\n<meta property=\"og:url\" content=\"https:\/\/www.stachristiana.at\/hlw-bafep-frohsdorf\/wer-wir-sind\/schulgeld\" \/>\n<meta property=\"og:site_name\" content=\"HLW, BAfEP &amp; BASOP Frohsdorf\" \/>\n<meta property=\"article:modified_time\" content=\"2025-12-01T14:28:38+00:00\" \/>\n<meta property=\"og:image\" content=\"https:\/\/www.stachristiana.at\/app\/uploads\/sites\/6\/2022\/05\/logo-sta-christiana.png\" \/>\n\t<meta property=\"og:image:width\" content=\"1200\" \/>\n\t<meta property=\"og:image:height\" content=\"491\" \/>\n\t<meta property=\"og:image:type\" content=\"image\/png\" \/>\n<meta name=\"twitter:card\" content=\"summary_large_image\" \/>\n<meta name=\"twitter:label1\" content=\"Gesch\u00e4tzte Lesezeit\" \/>\n\t<meta name=\"twitter:data1\" content=\"3\u00a0Minuten\" \/>\n<script type=\"application\/ld+json\" class=\"yoast-schema-graph\">{\"@context\":\"https:\/\/schema.org\",\"@graph\":[{\"@type\":\"WebPage\",\"@id\":\"https:\/\/www.stachristiana.at\/hlw-bafep-frohsdorf\/wer-wir-sind\/schulgeld\",\"url\":\"https:\/\/www.stachristiana.at\/hlw-bafep-frohsdorf\/wer-wir-sind\/schulgeld\",\"name\":\"Schulgeld - HLW, BAfEP &amp; BASOP Frohsdorf\",\"isPartOf\":{\"@id\":\"https:\/\/www.stachristiana.at\/hlw-bafep-frohsdorf\/#website\"},\"datePublished\":\"2022-12-21T09:44:36+00:00\",\"dateModified\":\"2025-12-01T14:28:38+00:00\",\"breadcrumb\":{\"@id\":\"https:\/\/www.stachristiana.at\/hlw-bafep-frohsdorf\/wer-wir-sind\/schulgeld#breadcrumb\"},\"inLanguage\":\"de\",\"potentialAction\":[{\"@type\":\"ReadAction\",\"target\":[\"https:\/\/www.stachristiana.at\/hlw-bafep-frohsdorf\/wer-wir-sind\/schulgeld\"]}]},{\"@type\":\"BreadcrumbList\",\"@id\":\"https:\/\/www.stachristiana.at\/hlw-bafep-frohsdorf\/wer-wir-sind\/schulgeld#breadcrumb\",\"itemListElement\":[{\"@type\":\"ListItem\",\"position\":1,\"name\":\"Start\",\"item\":\"https:\/\/www.stachristiana.at\/\"},{\"@type\":\"ListItem\",\"position\":2,\"name\":\"Wer wir sind\",\"item\":\"https:\/\/www.stachristiana.at\/hlw-bafep-frohsdorf\/wer-wir-sind\"},{\"@type\":\"ListItem\",\"position\":3,\"name\":\"Schulgeld\"}]},{\"@type\":\"WebSite\",\"@id\":\"https:\/\/www.stachristiana.at\/hlw-bafep-frohsdorf\/#website\",\"url\":\"https:\/\/www.stachristiana.at\/hlw-bafep-frohsdorf\/\",\"name\":\"Sta. Christiana - HLW - BAfEP Frohsdorf\",\"description\":\"H\u00f6here Lehranstalt, Fachschule und Aufbaulehrgang f\u00fcr wirtschaftliche Berufe und Bildungsanstalt und Kolleg f\u00fcr Elementarp\u00e4dagogik\",\"publisher\":{\"@id\":\"https:\/\/www.stachristiana.at\/hlw-bafep-frohsdorf\/#organization\"},\"alternateName\":\"Sta. Christiana\",\"potentialAction\":[{\"@type\":\"SearchAction\",\"target\":{\"@type\":\"EntryPoint\",\"urlTemplate\":\"https:\/\/www.stachristiana.at\/hlw-bafep-frohsdorf\/?s={search_term_string}\"},\"query-input\":{\"@type\":\"PropertyValueSpecification\",\"valueRequired\":true,\"valueName\":\"search_term_string\"}}],\"inLanguage\":\"de\"},{\"@type\":\"Organization\",\"@id\":\"https:\/\/www.stachristiana.at\/hlw-bafep-frohsdorf\/#organization\",\"name\":\"Sta. Christiana - HLW und BAfEP Frohsdorf\",\"alternateName\":\"Sta. Christiana\",\"url\":\"https:\/\/www.stachristiana.at\/hlw-bafep-frohsdorf\/\",\"logo\":{\"@type\":\"ImageObject\",\"inLanguage\":\"de\",\"@id\":\"https:\/\/www.stachristiana.at\/hlw-bafep-frohsdorf\/#\/schema\/logo\/image\/\",\"url\":\"https:\/\/www.stachristiana.at\/app\/uploads\/sites\/6\/2022\/05\/logo-sta-christiana.png\",\"contentUrl\":\"https:\/\/www.stachristiana.at\/app\/uploads\/sites\/6\/2022\/05\/logo-sta-christiana.png\",\"width\":1200,\"height\":491,\"caption\":\"Sta. Christiana - HLW und BAfEP Frohsdorf\"},\"image\":{\"@id\":\"https:\/\/www.stachristiana.at\/hlw-bafep-frohsdorf\/#\/schema\/logo\/image\/\"}}]}<\/script>\n<!-- \/ Yoast SEO plugin. -->","yoast_head_json":{"title":"Schulgeld - HLW, BAfEP &amp; BASOP Frohsdorf","robots":{"index":"index","follow":"follow","max-snippet":"max-snippet:-1","max-image-preview":"max-image-preview:large","max-video-preview":"max-video-preview:-1"},"canonical":"https:\/\/www.stachristiana.at\/hlw-bafep-frohsdorf\/wer-wir-sind\/schulgeld","og_locale":"de_DE","og_type":"article","og_title":"Schulgeld - HLW, BAfEP &amp; BASOP Frohsdorf","og_description":"Ausbildungsbeitr\u00e4ge pro Schuljahr&nbsp;f\u00fcr das Schuljahr 2025\/20256 \u20ac 2545.-&nbsp;zahlbar in 10 Teilbetr\u00e4gen \u20ac 2545.-&nbsp;zahlbar in 10 Teilbetr\u00e4gen \u20ac 2385.-&nbsp;zahlbar in 10 Teilbetr\u00e4gen Die Jahresbeitr\u00e4ge des Schulgeldes werden in 10 Teilzahlungen pro Schuljahr eingehoben. Weder Matura, Abschlusspr\u00fcfung noch Praktikum werden bei der Einhebung ber\u00fccksichtigt. Schulgeldbeihilfen Speziell f\u00fcr das 9. Schuljahr gibt es von Gemeinden Zusch\u00fcsse zum Schulgeld [&hellip;]","og_url":"https:\/\/www.stachristiana.at\/hlw-bafep-frohsdorf\/wer-wir-sind\/schulgeld","og_site_name":"HLW, BAfEP &amp; BASOP Frohsdorf","article_modified_time":"2025-12-01T14:28:38+00:00","og_image":[{"width":1200,"height":491,"url":"https:\/\/www.stachristiana.at\/app\/uploads\/sites\/6\/2022\/05\/logo-sta-christiana.png","type":"image\/png"}],"twitter_card":"summary_large_image","twitter_misc":{"Gesch\u00e4tzte Lesezeit":"3\u00a0Minuten"},"schema":{"@context":"https:\/\/schema.org","@graph":[{"@type":"WebPage","@id":"https:\/\/www.stachristiana.at\/hlw-bafep-frohsdorf\/wer-wir-sind\/schulgeld","url":"https:\/\/www.stachristiana.at\/hlw-bafep-frohsdorf\/wer-wir-sind\/schulgeld","name":"Schulgeld - HLW, BAfEP &amp; BASOP Frohsdorf","isPartOf":{"@id":"https:\/\/www.stachristiana.at\/hlw-bafep-frohsdorf\/#website"},"datePublished":"2022-12-21T09:44:36+00:00","dateModified":"2025-12-01T14:28:38+00:00","breadcrumb":{"@id":"https:\/\/www.stachristiana.at\/hlw-bafep-frohsdorf\/wer-wir-sind\/schulgeld#breadcrumb"},"inLanguage":"de","potentialAction":[{"@type":"ReadAction","target":["https:\/\/www.stachristiana.at\/hlw-bafep-frohsdorf\/wer-wir-sind\/schulgeld"]}]},{"@type":"BreadcrumbList","@id":"https:\/\/www.stachristiana.at\/hlw-bafep-frohsdorf\/wer-wir-sind\/schulgeld#breadcrumb","itemListElement":[{"@type":"ListItem","position":1,"name":"Start","item":"https:\/\/www.stachristiana.at\/"},{"@type":"ListItem","position":2,"name":"Wer wir sind","item":"https:\/\/www.stachristiana.at\/hlw-bafep-frohsdorf\/wer-wir-sind"},{"@type":"ListItem","position":3,"name":"Schulgeld"}]},{"@type":"WebSite","@id":"https:\/\/www.stachristiana.at\/hlw-bafep-frohsdorf\/#website","url":"https:\/\/www.stachristiana.at\/hlw-bafep-frohsdorf\/","name":"Sta. Christiana - HLW - BAfEP Frohsdorf","description":"H\u00f6here Lehranstalt, Fachschule und Aufbaulehrgang f\u00fcr wirtschaftliche Berufe und Bildungsanstalt und Kolleg f\u00fcr Elementarp\u00e4dagogik","publisher":{"@id":"https:\/\/www.stachristiana.at\/hlw-bafep-frohsdorf\/#organization"},"alternateName":"Sta. Christiana","potentialAction":[{"@type":"SearchAction","target":{"@type":"EntryPoint","urlTemplate":"https:\/\/www.stachristiana.at\/hlw-bafep-frohsdorf\/?s={search_term_string}"},"query-input":{"@type":"PropertyValueSpecification","valueRequired":true,"valueName":"search_term_string"}}],"inLanguage":"de"},{"@type":"Organization","@id":"https:\/\/www.stachristiana.at\/hlw-bafep-frohsdorf\/#organization","name":"Sta. Christiana - HLW und BAfEP Frohsdorf","alternateName":"Sta. Christiana","url":"https:\/\/www.stachristiana.at\/hlw-bafep-frohsdorf\/","logo":{"@type":"ImageObject","inLanguage":"de","@id":"https:\/\/www.stachristiana.at\/hlw-bafep-frohsdorf\/#\/schema\/logo\/image\/","url":"https:\/\/www.stachristiana.at\/app\/uploads\/sites\/6\/2022\/05\/logo-sta-christiana.png","contentUrl":"https:\/\/www.stachristiana.at\/app\/uploads\/sites\/6\/2022\/05\/logo-sta-christiana.png","width":1200,"height":491,"caption":"Sta. Christiana - HLW und BAfEP Frohsdorf"},"image":{"@id":"https:\/\/www.stachristiana.at\/hlw-bafep-frohsdorf\/#\/schema\/logo\/image\/"}}]}},"_links":{"self":[{"href":"https:\/\/www.stachristiana.at\/hlw-bafep-frohsdorf\/wp-json\/wp\/v2\/pages\/916","targetHints":{"allow":["GET"]}}],"collection":[{"href":"https:\/\/www.stachristiana.at\/hlw-bafep-frohsdorf\/wp-json\/wp\/v2\/pages"}],"about":[{"href":"https:\/\/www.stachristiana.at\/hlw-bafep-frohsdorf\/wp-json\/wp\/v2\/types\/page"}],"author":[{"embeddable":true,"href":"https:\/\/www.stachristiana.at\/hlw-bafep-frohsdorf\/wp-json\/wp\/v2\/users\/16"}],"replies":[{"embeddable":true,"href":"https:\/\/www.stachristiana.at\/hlw-bafep-frohsdorf\/wp-json\/wp\/v2\/comments?post=916"}],"version-history":[{"count":14,"href":"https:\/\/www.stachristiana.at\/hlw-bafep-frohsdorf\/wp-json\/wp\/v2\/pages\/916\/revisions"}],"predecessor-version":[{"id":3163,"href":"https:\/\/www.stachristiana.at\/hlw-bafep-frohsdorf\/wp-json\/wp\/v2\/pages\/916\/revisions\/3163"}],"up":[{"embeddable":true,"href":"https:\/\/www.stachristiana.at\/hlw-bafep-frohsdorf\/wp-json\/wp\/v2\/pages\/73"}],"wp:attachment":[{"href":"https:\/\/www.stachristiana.at\/hlw-bafep-frohsdorf\/wp-json\/wp\/v2\/media?parent=916"}],"curies":[{"name":"wp","href":"https:\/\/api.w.org\/{rel}","templated":true}]}}