{"id":877,"date":"2022-12-20T13:22:31","date_gmt":"2022-12-20T12:22:31","guid":{"rendered":"http:\/\/www.sanctachristiana.at\/hlw-bafep-frohsdorf\/?page_id=877"},"modified":"2025-10-09T14:33:01","modified_gmt":"2025-10-09T12:33:01","slug":"auszeichnungen","status":"publish","type":"page","link":"https:\/\/www.stachristiana.at\/hlw-bafep-frohsdorf\/auszeichnungen","title":{"rendered":"Auszeichnungen"},"content":{"rendered":"\n<p>Unsere Auszeichnungen<\/p>\n\n\n\n<p><strong>Wettbewerbe<\/strong><\/p>\n\n\n\n<ul class=\"wp-block-list\">\n<li>Auszeichnung der UNESCO \u201eBildung f\u00fcr nachhaltige Entwicklung&#8220; 2005\u20132014<\/li>\n\n\n\n<li>Sieger \u201eMediencontest Nachhaltigkeit&#8220; 2008 des des Bundesministeriums f\u00fcr Land- und Forstwirtschaft, Umwelt und Wasserwirtschaft<\/li>\n\n\n\n<li>Regionalsieger Industrieviertel und 2. Platz Topschule 2007<\/li>\n\n\n\n<li>EDUCORB-Schule seit 2012\/2013<\/li>\n\n\n\n<li>Landessieger 2007 Fremdsprachenwettbewerb (Ungarisch), Landesschulrat f\u00fcr Nieder\u00f6sterreich<\/li>\n\n\n\n<li>Oxfordshire International School Partnerships Award 2007<\/li>\n\n\n\n<li>Sieger Euregio Innovationspreis 2006<\/li>\n\n\n\n<li>2. und 3. Platz 2006 Fremdsprachenwettbewerb (Ungarisch),&nbsp;Landesschulrat f\u00fcr Nieder\u00f6sterreich<\/li>\n\n\n\n<li>Bundessieger 2005 Jugendredewettbewerb, Landesschulrat f\u00fcr Nieder\u00f6sterreich<\/li>\n\n\n\n<li>Teilnahme 2005 -2013 am \u201eEuropean Spring Day&#8220; des Bundesministeriums f\u00fcr Unterricht, Kunst und Kultur<\/li>\n\n\n\n<li>Auszeichnung 2004 Wettbewerb \u201eWir suchen die bewegungs- und sportfreundlichste Schule \u00d6sterreichs&#8220;, Bundesministerium f\u00fcr Unterricht, Kunst und Kultur<\/li>\n\n\n\n<li>Sieger \u201eSchool Award&#8220; 2010<\/li>\n\n\n\n<li>Florian-Kuntner-Preis 2016<\/li>\n\n\n\n<li>Wettbewerb &#8222;Sound of Paper&#8220; 2019<\/li>\n\n\n\n<li>Austrian SDG-Award 2019<\/li>\n\n\n\n<li>N\u00d6 Jugendsingen seit 2023<\/li>\n\n\n\n<li>N\u00d6 Schulsport-Trophy seit 2023<\/li>\n<\/ul>\n\n\n\n<p><strong>Zertifizierungen<\/strong><\/p>\n\n\n\n<ul class=\"wp-block-list\">\n<li>Wir sind seit 2011\/2012 im \u201eAdvantage Partnership Programme&#8220; des British Council<\/li>\n\n\n\n<li>Wir sind seit dem Schuljahr 2007\/2008 von der WKO zertifizierte Unternehmerf\u00fchrerschein-Schule<\/li>\n\n\n\n<li>Die Schule ist seit dem Schuljahr 2005\/2006 Mitglied des \u201eGlobal Action School&#8220; Netzwerks<\/li>\n\n\n\n<li>Wir sind im Schuljahr 2008\/2009 in den Rang einer UNESCO-Schule erhoben worden.<\/li>\n\n\n\n<li>Wir sind Mitglied im \u201e\u00d6kolog-Netzwerk \u2013 Bildung f\u00fcr Nachhaltigkeit&#8220; seit dem Schuljahr 2005\/2006.<\/li>\n\n\n\n<li>Die Schule ist seit dem Schuljahr 2003\/2004 als PILGRIM-Schule zertifiziert.<\/li>\n\n\n\n<li>Wir tragen das Europasiegel f\u00fcr innovative Sprachprojekte seit dem Schuljahr 2005\/2006.<\/li>\n\n\n\n<li>Wir tragen das \u201eMy Europe School Certificate&#8220; seit dem Jahr 2005.<\/li>\n\n\n\n<li>Die Schule ist seit dem Schuljahr 2004\/2005 als ENIS-Schule (European Network of Innovative Schools) zertifiziert<\/li>\n\n\n\n<li>Peer Review des BM:UKK 2009\/2010<\/li>\n\n\n\n<li>Trainings- und Pr\u00fcfungscenter der \u00d6sterreichischen Computer Gesellschaft (OCG) seit dem Schuljahr 2013\/2014<\/li>\n\n\n\n<li>&#8222;Erasmus+&#8220; &#8211; Akkreditierung der Europ\u00e4ischen Union seit dem Schuljahr seit 2009\/2010<\/li>\n\n\n\n<li>E-Education-Schule des BMBWF seit 2016<\/li>\n\n\n\n<li>&#8222;Vitalk\u00fcche&#8220;-Qualit\u00e4tskriterien des Landes Nieder\u00f6sterreich seit 2019<\/li>\n\n\n\n<li>e-Education-Schule des BMBWF seit 2016<\/li>\n\n\n\n<li>EU-Botschafterschule der Europ\u00e4ischen Parlaments seit 2019<\/li>\n\n\n\n<li>Klimab\u00fcndnis-Schule seit 2020<\/li>\n\n\n\n<li>&#8222;Gesunde Schule&#8220;\u00a0 &#8211; BMHS seit 2021<\/li>\n\n\n\n<li>\u00d6sterreichisches Umweltzeichen H\u00f6here Lehranstalt f\u00fcr wirtschaftliche Berufe seit 2022<\/li>\n\n\n\n<li>\u00d6sterreichisches Umweltzeichen Bildungsanstalt und Kolleg f\u00fcr Elementarp\u00e4dagogik seit 2023<\/li>\n\n\n\n<li>&#8222;Wir feiern. Sicher&#8220;. G\u00fctesiegel der Jugend:Info Nieder\u00f6sterreich f\u00fcr Schulveranstaltungen seit 2023<\/li>\n\n\n\n<li>Singende und Klingende Schule seit 2016<\/li>\n\n\n\n<li>Schulsport-G\u00fctesiegel in Gold seit 2017<\/li>\n\n\n\n<li>VEGUcation. Pflanzliche Kochausbildung. Partnerschule seit 2024<\/li>\n<\/ul>\n","protected":false},"excerpt":{"rendered":"<p>Unsere Auszeichnungen Wettbewerbe Zertifizierungen<\/p>\n","protected":false},"author":16,"featured_media":0,"parent":0,"menu_order":0,"comment_status":"closed","ping_status":"closed","template":"","meta":{"footnotes":""},"class_list":["post-877","page","type-page","status-publish","hentry"],"acf":[],"yoast_head":"<!-- This site is optimized with the Yoast SEO plugin v26.8 - https:\/\/yoast.com\/product\/yoast-seo-wordpress\/ -->\n<title>Auszeichnungen - HLW, BAfEP &amp; BASOP Frohsdorf<\/title>\n<meta name=\"robots\" content=\"index, follow, max-snippet:-1, max-image-preview:large, max-video-preview:-1\" \/>\n<link rel=\"canonical\" href=\"https:\/\/www.stachristiana.at\/hlw-bafep-frohsdorf\/auszeichnungen\" \/>\n<meta property=\"og:locale\" content=\"de_DE\" \/>\n<meta property=\"og:type\" content=\"article\" \/>\n<meta property=\"og:title\" content=\"Auszeichnungen - HLW, BAfEP &amp; BASOP Frohsdorf\" \/>\n<meta property=\"og:description\" content=\"Unsere Auszeichnungen Wettbewerbe Zertifizierungen\" \/>\n<meta property=\"og:url\" content=\"https:\/\/www.stachristiana.at\/hlw-bafep-frohsdorf\/auszeichnungen\" \/>\n<meta property=\"og:site_name\" content=\"HLW, BAfEP &amp; BASOP Frohsdorf\" \/>\n<meta property=\"article:modified_time\" content=\"2025-10-09T12:33:01+00:00\" \/>\n<meta property=\"og:image\" content=\"https:\/\/www.stachristiana.at\/app\/uploads\/sites\/6\/2022\/05\/logo-sta-christiana.png\" \/>\n\t<meta property=\"og:image:width\" content=\"1200\" \/>\n\t<meta property=\"og:image:height\" content=\"491\" \/>\n\t<meta property=\"og:image:type\" content=\"image\/png\" \/>\n<meta name=\"twitter:card\" content=\"summary_large_image\" \/>\n<meta name=\"twitter:label1\" content=\"Gesch\u00e4tzte Lesezeit\" \/>\n\t<meta name=\"twitter:data1\" content=\"2\u00a0Minuten\" \/>\n<script type=\"application\/ld+json\" class=\"yoast-schema-graph\">{\"@context\":\"https:\/\/schema.org\",\"@graph\":[{\"@type\":\"WebPage\",\"@id\":\"https:\/\/www.stachristiana.at\/hlw-bafep-frohsdorf\/auszeichnungen\",\"url\":\"https:\/\/www.stachristiana.at\/hlw-bafep-frohsdorf\/auszeichnungen\",\"name\":\"Auszeichnungen - HLW, BAfEP &amp; BASOP Frohsdorf\",\"isPartOf\":{\"@id\":\"https:\/\/www.stachristiana.at\/hlw-bafep-frohsdorf\/#website\"},\"datePublished\":\"2022-12-20T12:22:31+00:00\",\"dateModified\":\"2025-10-09T12:33:01+00:00\",\"breadcrumb\":{\"@id\":\"https:\/\/www.stachristiana.at\/hlw-bafep-frohsdorf\/auszeichnungen#breadcrumb\"},\"inLanguage\":\"de\",\"potentialAction\":[{\"@type\":\"ReadAction\",\"target\":[\"https:\/\/www.stachristiana.at\/hlw-bafep-frohsdorf\/auszeichnungen\"]}]},{\"@type\":\"BreadcrumbList\",\"@id\":\"https:\/\/www.stachristiana.at\/hlw-bafep-frohsdorf\/auszeichnungen#breadcrumb\",\"itemListElement\":[{\"@type\":\"ListItem\",\"position\":1,\"name\":\"Start\",\"item\":\"https:\/\/www.stachristiana.at\/\"},{\"@type\":\"ListItem\",\"position\":2,\"name\":\"Auszeichnungen\"}]},{\"@type\":\"WebSite\",\"@id\":\"https:\/\/www.stachristiana.at\/hlw-bafep-frohsdorf\/#website\",\"url\":\"https:\/\/www.stachristiana.at\/hlw-bafep-frohsdorf\/\",\"name\":\"Sta. Christiana - HLW - BAfEP Frohsdorf\",\"description\":\"H\u00f6here Lehranstalt, Fachschule und Aufbaulehrgang f\u00fcr wirtschaftliche Berufe und Bildungsanstalt und Kolleg f\u00fcr Elementarp\u00e4dagogik\",\"publisher\":{\"@id\":\"https:\/\/www.stachristiana.at\/hlw-bafep-frohsdorf\/#organization\"},\"alternateName\":\"Sta. Christiana\",\"potentialAction\":[{\"@type\":\"SearchAction\",\"target\":{\"@type\":\"EntryPoint\",\"urlTemplate\":\"https:\/\/www.stachristiana.at\/hlw-bafep-frohsdorf\/?s={search_term_string}\"},\"query-input\":{\"@type\":\"PropertyValueSpecification\",\"valueRequired\":true,\"valueName\":\"search_term_string\"}}],\"inLanguage\":\"de\"},{\"@type\":\"Organization\",\"@id\":\"https:\/\/www.stachristiana.at\/hlw-bafep-frohsdorf\/#organization\",\"name\":\"Sta. Christiana - HLW und BAfEP Frohsdorf\",\"alternateName\":\"Sta. Christiana\",\"url\":\"https:\/\/www.stachristiana.at\/hlw-bafep-frohsdorf\/\",\"logo\":{\"@type\":\"ImageObject\",\"inLanguage\":\"de\",\"@id\":\"https:\/\/www.stachristiana.at\/hlw-bafep-frohsdorf\/#\/schema\/logo\/image\/\",\"url\":\"https:\/\/www.stachristiana.at\/app\/uploads\/sites\/6\/2022\/05\/logo-sta-christiana.png\",\"contentUrl\":\"https:\/\/www.stachristiana.at\/app\/uploads\/sites\/6\/2022\/05\/logo-sta-christiana.png\",\"width\":1200,\"height\":491,\"caption\":\"Sta. Christiana - HLW und BAfEP Frohsdorf\"},\"image\":{\"@id\":\"https:\/\/www.stachristiana.at\/hlw-bafep-frohsdorf\/#\/schema\/logo\/image\/\"}}]}<\/script>\n<!-- \/ Yoast SEO plugin. -->","yoast_head_json":{"title":"Auszeichnungen - HLW, BAfEP &amp; BASOP Frohsdorf","robots":{"index":"index","follow":"follow","max-snippet":"max-snippet:-1","max-image-preview":"max-image-preview:large","max-video-preview":"max-video-preview:-1"},"canonical":"https:\/\/www.stachristiana.at\/hlw-bafep-frohsdorf\/auszeichnungen","og_locale":"de_DE","og_type":"article","og_title":"Auszeichnungen - HLW, BAfEP &amp; BASOP Frohsdorf","og_description":"Unsere Auszeichnungen Wettbewerbe Zertifizierungen","og_url":"https:\/\/www.stachristiana.at\/hlw-bafep-frohsdorf\/auszeichnungen","og_site_name":"HLW, BAfEP &amp; BASOP Frohsdorf","article_modified_time":"2025-10-09T12:33:01+00:00","og_image":[{"width":1200,"height":491,"url":"https:\/\/www.stachristiana.at\/app\/uploads\/sites\/6\/2022\/05\/logo-sta-christiana.png","type":"image\/png"}],"twitter_card":"summary_large_image","twitter_misc":{"Gesch\u00e4tzte Lesezeit":"2\u00a0Minuten"},"schema":{"@context":"https:\/\/schema.org","@graph":[{"@type":"WebPage","@id":"https:\/\/www.stachristiana.at\/hlw-bafep-frohsdorf\/auszeichnungen","url":"https:\/\/www.stachristiana.at\/hlw-bafep-frohsdorf\/auszeichnungen","name":"Auszeichnungen - HLW, BAfEP &amp; BASOP Frohsdorf","isPartOf":{"@id":"https:\/\/www.stachristiana.at\/hlw-bafep-frohsdorf\/#website"},"datePublished":"2022-12-20T12:22:31+00:00","dateModified":"2025-10-09T12:33:01+00:00","breadcrumb":{"@id":"https:\/\/www.stachristiana.at\/hlw-bafep-frohsdorf\/auszeichnungen#breadcrumb"},"inLanguage":"de","potentialAction":[{"@type":"ReadAction","target":["https:\/\/www.stachristiana.at\/hlw-bafep-frohsdorf\/auszeichnungen"]}]},{"@type":"BreadcrumbList","@id":"https:\/\/www.stachristiana.at\/hlw-bafep-frohsdorf\/auszeichnungen#breadcrumb","itemListElement":[{"@type":"ListItem","position":1,"name":"Start","item":"https:\/\/www.stachristiana.at\/"},{"@type":"ListItem","position":2,"name":"Auszeichnungen"}]},{"@type":"WebSite","@id":"https:\/\/www.stachristiana.at\/hlw-bafep-frohsdorf\/#website","url":"https:\/\/www.stachristiana.at\/hlw-bafep-frohsdorf\/","name":"Sta. Christiana - HLW - BAfEP Frohsdorf","description":"H\u00f6here Lehranstalt, Fachschule und Aufbaulehrgang f\u00fcr wirtschaftliche Berufe und Bildungsanstalt und Kolleg f\u00fcr Elementarp\u00e4dagogik","publisher":{"@id":"https:\/\/www.stachristiana.at\/hlw-bafep-frohsdorf\/#organization"},"alternateName":"Sta. Christiana","potentialAction":[{"@type":"SearchAction","target":{"@type":"EntryPoint","urlTemplate":"https:\/\/www.stachristiana.at\/hlw-bafep-frohsdorf\/?s={search_term_string}"},"query-input":{"@type":"PropertyValueSpecification","valueRequired":true,"valueName":"search_term_string"}}],"inLanguage":"de"},{"@type":"Organization","@id":"https:\/\/www.stachristiana.at\/hlw-bafep-frohsdorf\/#organization","name":"Sta. Christiana - HLW und BAfEP Frohsdorf","alternateName":"Sta. Christiana","url":"https:\/\/www.stachristiana.at\/hlw-bafep-frohsdorf\/","logo":{"@type":"ImageObject","inLanguage":"de","@id":"https:\/\/www.stachristiana.at\/hlw-bafep-frohsdorf\/#\/schema\/logo\/image\/","url":"https:\/\/www.stachristiana.at\/app\/uploads\/sites\/6\/2022\/05\/logo-sta-christiana.png","contentUrl":"https:\/\/www.stachristiana.at\/app\/uploads\/sites\/6\/2022\/05\/logo-sta-christiana.png","width":1200,"height":491,"caption":"Sta. Christiana - HLW und BAfEP Frohsdorf"},"image":{"@id":"https:\/\/www.stachristiana.at\/hlw-bafep-frohsdorf\/#\/schema\/logo\/image\/"}}]}},"_links":{"self":[{"href":"https:\/\/www.stachristiana.at\/hlw-bafep-frohsdorf\/wp-json\/wp\/v2\/pages\/877","targetHints":{"allow":["GET"]}}],"collection":[{"href":"https:\/\/www.stachristiana.at\/hlw-bafep-frohsdorf\/wp-json\/wp\/v2\/pages"}],"about":[{"href":"https:\/\/www.stachristiana.at\/hlw-bafep-frohsdorf\/wp-json\/wp\/v2\/types\/page"}],"author":[{"embeddable":true,"href":"https:\/\/www.stachristiana.at\/hlw-bafep-frohsdorf\/wp-json\/wp\/v2\/users\/16"}],"replies":[{"embeddable":true,"href":"https:\/\/www.stachristiana.at\/hlw-bafep-frohsdorf\/wp-json\/wp\/v2\/comments?post=877"}],"version-history":[{"count":11,"href":"https:\/\/www.stachristiana.at\/hlw-bafep-frohsdorf\/wp-json\/wp\/v2\/pages\/877\/revisions"}],"predecessor-version":[{"id":3128,"href":"https:\/\/www.stachristiana.at\/hlw-bafep-frohsdorf\/wp-json\/wp\/v2\/pages\/877\/revisions\/3128"}],"wp:attachment":[{"href":"https:\/\/www.stachristiana.at\/hlw-bafep-frohsdorf\/wp-json\/wp\/v2\/media?parent=877"}],"curies":[{"name":"wp","href":"https:\/\/api.w.org\/{rel}","templated":true}]}}