{"id":873,"date":"2022-12-20T13:17:29","date_gmt":"2022-12-20T12:17:29","guid":{"rendered":"http:\/\/www.sanctachristiana.at\/hlw-bafep-frohsdorf\/?page_id=873"},"modified":"2024-09-05T11:23:34","modified_gmt":"2024-09-05T09:23:34","slug":"elternverein","status":"publish","type":"page","link":"https:\/\/www.stachristiana.at\/hlw-bafep-frohsdorf\/elternverein","title":{"rendered":"Elternverein"},"content":{"rendered":"\n<p>Der Elternverein der HLW, BAfEP und BASOP Sta. Christiana Frohsdorf hat sich zum Ziel gesetzt, Schulveranstaltungen, z. B. Sprachreisen, Sportunterricht au\u00dfer Haus, z. B. Schwimmunterricht, zu unterst\u00fctzen und Leistungs- und Sozialstipendien zu vergeben.<\/p>\n\n\n\n<p>Elternverein an der HLW, BAfEP und BASOP Sta. Christiana Frohsdorf<\/p>\n\n\n\n<p>c\/o HLW, BAfEP und BASOP Sta. Christiana Frohsdorf<br>Wiener Neust\u00e4dter Stra\u00dfe 74<br>2821 Frohsdorf<br><a href=\"mailto:elternverein.hlw-bafep-frohsdorf@stachristiana.at\">elternverein.hlw-bafep-frohsdorf@stachristiana.at<\/a><\/p>\n\n\n\n<p>ZVR-Zahl&nbsp;658489674<\/p>\n\n\n\n<p>Der Elternverein hat gem\u00e4\u00df den Statuten die Aufgabe, die notwendige Zusammenarbeit von Elternhaus und Schule zu unterst\u00fctzen, insbesonders&nbsp;<\/p>\n\n\n\n<p>a)&nbsp;an der Verwirklichung der Aufgaben der \u00f6sterreichischen Schulen im Sinne der Schulorganisation mitzuwirken,<br>b)&nbsp;die den Elternvereinen auf Grund schulunterrichtsgesetzlicher Bestimmungen \u00fcbertragenen Rechte und Mitsprachem\u00f6glichkeiten wahrzunehmen,<br>c)&nbsp;die Schule, Mitglieder des Vereines sowie die Sch\u00fcler\/innen in schulischen Angelegenheiten zu unterst\u00fctzen,<br>d)&nbsp;die erzieherischen Ma\u00dfnahmen des Elternhauses mit denen der Schule abzustimmen<br>e)&nbsp;bed\u00fcrftige Sch\u00fcler\/innen gelegentlich zu unterst\u00fctzen (z.B. bei Schulveranstaltungen)<br>f)&nbsp;Veranstaltungen informativer, bildender, gesellschaftlicher und \u00e4hnlicher Art abzuhalten bzw. zu f\u00f6rdern.&nbsp;<br>g)&nbsp;die f\u00fcr Unterrichts- und Erziehungszwecke verf\u00fcgbaren Einrichtungen der Schule im Einvernehmen mit der Schulleitung und den Lehrern und erforderlichenfalls mit der zust\u00e4ndigen Schulbeh\u00f6rde auszugestalten.<\/p>\n","protected":false},"excerpt":{"rendered":"<p>Der Elternverein der HLW, BAfEP und BASOP Sta. Christiana Frohsdorf hat sich zum Ziel gesetzt, Schulveranstaltungen, z. B. Sprachreisen, Sportunterricht au\u00dfer Haus, z. B. Schwimmunterricht, zu unterst\u00fctzen und Leistungs- und Sozialstipendien zu vergeben. Elternverein an der HLW, BAfEP und BASOP Sta. Christiana Frohsdorf c\/o HLW, BAfEP und BASOP Sta. Christiana FrohsdorfWiener Neust\u00e4dter Stra\u00dfe 742821 Frohsdorfelternverein.hlw-bafep-frohsdorf@stachristiana.at [&hellip;]<\/p>\n","protected":false},"author":16,"featured_media":0,"parent":0,"menu_order":0,"comment_status":"closed","ping_status":"closed","template":"","meta":{"footnotes":""},"class_list":["post-873","page","type-page","status-publish","hentry"],"acf":[],"yoast_head":"<!-- This site is optimized with the Yoast SEO plugin v26.8 - https:\/\/yoast.com\/product\/yoast-seo-wordpress\/ -->\n<title>Elternverein - HLW, BAfEP &amp; BASOP Frohsdorf<\/title>\n<meta name=\"robots\" content=\"index, follow, max-snippet:-1, max-image-preview:large, max-video-preview:-1\" \/>\n<link rel=\"canonical\" href=\"https:\/\/www.stachristiana.at\/hlw-bafep-frohsdorf\/elternverein\" \/>\n<meta property=\"og:locale\" content=\"de_DE\" \/>\n<meta property=\"og:type\" content=\"article\" \/>\n<meta property=\"og:title\" content=\"Elternverein - HLW, BAfEP &amp; BASOP Frohsdorf\" \/>\n<meta property=\"og:description\" content=\"Der Elternverein der HLW, BAfEP und BASOP Sta. Christiana Frohsdorf hat sich zum Ziel gesetzt, Schulveranstaltungen, z. B. Sprachreisen, Sportunterricht au\u00dfer Haus, z. B. Schwimmunterricht, zu unterst\u00fctzen und Leistungs- und Sozialstipendien zu vergeben. Elternverein an der HLW, BAfEP und BASOP Sta. Christiana Frohsdorf c\/o HLW, BAfEP und BASOP Sta. Christiana FrohsdorfWiener Neust\u00e4dter Stra\u00dfe 742821 Frohsdorfelternverein.hlw-bafep-frohsdorf@stachristiana.at [&hellip;]\" \/>\n<meta property=\"og:url\" content=\"https:\/\/www.stachristiana.at\/hlw-bafep-frohsdorf\/elternverein\" \/>\n<meta property=\"og:site_name\" content=\"HLW, BAfEP &amp; BASOP Frohsdorf\" \/>\n<meta property=\"article:modified_time\" content=\"2024-09-05T09:23:34+00:00\" \/>\n<meta property=\"og:image\" content=\"https:\/\/www.stachristiana.at\/app\/uploads\/sites\/6\/2022\/05\/logo-sta-christiana.png\" \/>\n\t<meta property=\"og:image:width\" content=\"1200\" \/>\n\t<meta property=\"og:image:height\" content=\"491\" \/>\n\t<meta property=\"og:image:type\" content=\"image\/png\" \/>\n<meta name=\"twitter:card\" content=\"summary_large_image\" \/>\n<meta name=\"twitter:label1\" content=\"Gesch\u00e4tzte Lesezeit\" \/>\n\t<meta name=\"twitter:data1\" content=\"1\u00a0Minute\" \/>\n<script type=\"application\/ld+json\" class=\"yoast-schema-graph\">{\"@context\":\"https:\/\/schema.org\",\"@graph\":[{\"@type\":\"WebPage\",\"@id\":\"https:\/\/www.stachristiana.at\/hlw-bafep-frohsdorf\/elternverein\",\"url\":\"https:\/\/www.stachristiana.at\/hlw-bafep-frohsdorf\/elternverein\",\"name\":\"Elternverein - HLW, BAfEP &amp; BASOP Frohsdorf\",\"isPartOf\":{\"@id\":\"https:\/\/www.stachristiana.at\/hlw-bafep-frohsdorf\/#website\"},\"datePublished\":\"2022-12-20T12:17:29+00:00\",\"dateModified\":\"2024-09-05T09:23:34+00:00\",\"breadcrumb\":{\"@id\":\"https:\/\/www.stachristiana.at\/hlw-bafep-frohsdorf\/elternverein#breadcrumb\"},\"inLanguage\":\"de\",\"potentialAction\":[{\"@type\":\"ReadAction\",\"target\":[\"https:\/\/www.stachristiana.at\/hlw-bafep-frohsdorf\/elternverein\"]}]},{\"@type\":\"BreadcrumbList\",\"@id\":\"https:\/\/www.stachristiana.at\/hlw-bafep-frohsdorf\/elternverein#breadcrumb\",\"itemListElement\":[{\"@type\":\"ListItem\",\"position\":1,\"name\":\"Start\",\"item\":\"https:\/\/www.stachristiana.at\/\"},{\"@type\":\"ListItem\",\"position\":2,\"name\":\"Elternverein\"}]},{\"@type\":\"WebSite\",\"@id\":\"https:\/\/www.stachristiana.at\/hlw-bafep-frohsdorf\/#website\",\"url\":\"https:\/\/www.stachristiana.at\/hlw-bafep-frohsdorf\/\",\"name\":\"Sta. Christiana - HLW - BAfEP Frohsdorf\",\"description\":\"H\u00f6here Lehranstalt, Fachschule und Aufbaulehrgang f\u00fcr wirtschaftliche Berufe und Bildungsanstalt und Kolleg f\u00fcr Elementarp\u00e4dagogik\",\"publisher\":{\"@id\":\"https:\/\/www.stachristiana.at\/hlw-bafep-frohsdorf\/#organization\"},\"alternateName\":\"Sta. Christiana\",\"potentialAction\":[{\"@type\":\"SearchAction\",\"target\":{\"@type\":\"EntryPoint\",\"urlTemplate\":\"https:\/\/www.stachristiana.at\/hlw-bafep-frohsdorf\/?s={search_term_string}\"},\"query-input\":{\"@type\":\"PropertyValueSpecification\",\"valueRequired\":true,\"valueName\":\"search_term_string\"}}],\"inLanguage\":\"de\"},{\"@type\":\"Organization\",\"@id\":\"https:\/\/www.stachristiana.at\/hlw-bafep-frohsdorf\/#organization\",\"name\":\"Sta. Christiana - HLW und BAfEP Frohsdorf\",\"alternateName\":\"Sta. Christiana\",\"url\":\"https:\/\/www.stachristiana.at\/hlw-bafep-frohsdorf\/\",\"logo\":{\"@type\":\"ImageObject\",\"inLanguage\":\"de\",\"@id\":\"https:\/\/www.stachristiana.at\/hlw-bafep-frohsdorf\/#\/schema\/logo\/image\/\",\"url\":\"https:\/\/www.stachristiana.at\/app\/uploads\/sites\/6\/2022\/05\/logo-sta-christiana.png\",\"contentUrl\":\"https:\/\/www.stachristiana.at\/app\/uploads\/sites\/6\/2022\/05\/logo-sta-christiana.png\",\"width\":1200,\"height\":491,\"caption\":\"Sta. Christiana - HLW und BAfEP Frohsdorf\"},\"image\":{\"@id\":\"https:\/\/www.stachristiana.at\/hlw-bafep-frohsdorf\/#\/schema\/logo\/image\/\"}}]}<\/script>\n<!-- \/ Yoast SEO plugin. -->","yoast_head_json":{"title":"Elternverein - HLW, BAfEP &amp; BASOP Frohsdorf","robots":{"index":"index","follow":"follow","max-snippet":"max-snippet:-1","max-image-preview":"max-image-preview:large","max-video-preview":"max-video-preview:-1"},"canonical":"https:\/\/www.stachristiana.at\/hlw-bafep-frohsdorf\/elternverein","og_locale":"de_DE","og_type":"article","og_title":"Elternverein - HLW, BAfEP &amp; BASOP Frohsdorf","og_description":"Der Elternverein der HLW, BAfEP und BASOP Sta. Christiana Frohsdorf hat sich zum Ziel gesetzt, Schulveranstaltungen, z. B. Sprachreisen, Sportunterricht au\u00dfer Haus, z. B. Schwimmunterricht, zu unterst\u00fctzen und Leistungs- und Sozialstipendien zu vergeben. Elternverein an der HLW, BAfEP und BASOP Sta. Christiana Frohsdorf c\/o HLW, BAfEP und BASOP Sta. Christiana FrohsdorfWiener Neust\u00e4dter Stra\u00dfe 742821 Frohsdorfelternverein.hlw-bafep-frohsdorf@stachristiana.at [&hellip;]","og_url":"https:\/\/www.stachristiana.at\/hlw-bafep-frohsdorf\/elternverein","og_site_name":"HLW, BAfEP &amp; BASOP Frohsdorf","article_modified_time":"2024-09-05T09:23:34+00:00","og_image":[{"width":1200,"height":491,"url":"https:\/\/www.stachristiana.at\/app\/uploads\/sites\/6\/2022\/05\/logo-sta-christiana.png","type":"image\/png"}],"twitter_card":"summary_large_image","twitter_misc":{"Gesch\u00e4tzte Lesezeit":"1\u00a0Minute"},"schema":{"@context":"https:\/\/schema.org","@graph":[{"@type":"WebPage","@id":"https:\/\/www.stachristiana.at\/hlw-bafep-frohsdorf\/elternverein","url":"https:\/\/www.stachristiana.at\/hlw-bafep-frohsdorf\/elternverein","name":"Elternverein - HLW, BAfEP &amp; BASOP Frohsdorf","isPartOf":{"@id":"https:\/\/www.stachristiana.at\/hlw-bafep-frohsdorf\/#website"},"datePublished":"2022-12-20T12:17:29+00:00","dateModified":"2024-09-05T09:23:34+00:00","breadcrumb":{"@id":"https:\/\/www.stachristiana.at\/hlw-bafep-frohsdorf\/elternverein#breadcrumb"},"inLanguage":"de","potentialAction":[{"@type":"ReadAction","target":["https:\/\/www.stachristiana.at\/hlw-bafep-frohsdorf\/elternverein"]}]},{"@type":"BreadcrumbList","@id":"https:\/\/www.stachristiana.at\/hlw-bafep-frohsdorf\/elternverein#breadcrumb","itemListElement":[{"@type":"ListItem","position":1,"name":"Start","item":"https:\/\/www.stachristiana.at\/"},{"@type":"ListItem","position":2,"name":"Elternverein"}]},{"@type":"WebSite","@id":"https:\/\/www.stachristiana.at\/hlw-bafep-frohsdorf\/#website","url":"https:\/\/www.stachristiana.at\/hlw-bafep-frohsdorf\/","name":"Sta. Christiana - HLW - BAfEP Frohsdorf","description":"H\u00f6here Lehranstalt, Fachschule und Aufbaulehrgang f\u00fcr wirtschaftliche Berufe und Bildungsanstalt und Kolleg f\u00fcr Elementarp\u00e4dagogik","publisher":{"@id":"https:\/\/www.stachristiana.at\/hlw-bafep-frohsdorf\/#organization"},"alternateName":"Sta. Christiana","potentialAction":[{"@type":"SearchAction","target":{"@type":"EntryPoint","urlTemplate":"https:\/\/www.stachristiana.at\/hlw-bafep-frohsdorf\/?s={search_term_string}"},"query-input":{"@type":"PropertyValueSpecification","valueRequired":true,"valueName":"search_term_string"}}],"inLanguage":"de"},{"@type":"Organization","@id":"https:\/\/www.stachristiana.at\/hlw-bafep-frohsdorf\/#organization","name":"Sta. Christiana - HLW und BAfEP Frohsdorf","alternateName":"Sta. Christiana","url":"https:\/\/www.stachristiana.at\/hlw-bafep-frohsdorf\/","logo":{"@type":"ImageObject","inLanguage":"de","@id":"https:\/\/www.stachristiana.at\/hlw-bafep-frohsdorf\/#\/schema\/logo\/image\/","url":"https:\/\/www.stachristiana.at\/app\/uploads\/sites\/6\/2022\/05\/logo-sta-christiana.png","contentUrl":"https:\/\/www.stachristiana.at\/app\/uploads\/sites\/6\/2022\/05\/logo-sta-christiana.png","width":1200,"height":491,"caption":"Sta. Christiana - HLW und BAfEP Frohsdorf"},"image":{"@id":"https:\/\/www.stachristiana.at\/hlw-bafep-frohsdorf\/#\/schema\/logo\/image\/"}}]}},"_links":{"self":[{"href":"https:\/\/www.stachristiana.at\/hlw-bafep-frohsdorf\/wp-json\/wp\/v2\/pages\/873","targetHints":{"allow":["GET"]}}],"collection":[{"href":"https:\/\/www.stachristiana.at\/hlw-bafep-frohsdorf\/wp-json\/wp\/v2\/pages"}],"about":[{"href":"https:\/\/www.stachristiana.at\/hlw-bafep-frohsdorf\/wp-json\/wp\/v2\/types\/page"}],"author":[{"embeddable":true,"href":"https:\/\/www.stachristiana.at\/hlw-bafep-frohsdorf\/wp-json\/wp\/v2\/users\/16"}],"replies":[{"embeddable":true,"href":"https:\/\/www.stachristiana.at\/hlw-bafep-frohsdorf\/wp-json\/wp\/v2\/comments?post=873"}],"version-history":[{"count":4,"href":"https:\/\/www.stachristiana.at\/hlw-bafep-frohsdorf\/wp-json\/wp\/v2\/pages\/873\/revisions"}],"predecessor-version":[{"id":2662,"href":"https:\/\/www.stachristiana.at\/hlw-bafep-frohsdorf\/wp-json\/wp\/v2\/pages\/873\/revisions\/2662"}],"wp:attachment":[{"href":"https:\/\/www.stachristiana.at\/hlw-bafep-frohsdorf\/wp-json\/wp\/v2\/media?parent=873"}],"curies":[{"name":"wp","href":"https:\/\/api.w.org\/{rel}","templated":true}]}}