{"id":867,"date":"2022-12-20T13:14:04","date_gmt":"2022-12-20T12:14:04","guid":{"rendered":"http:\/\/www.sanctachristiana.at\/hlw-bafep-frohsdorf\/?page_id=867"},"modified":"2023-01-11T14:17:19","modified_gmt":"2023-01-11T13:17:19","slug":"bildungszentrum","status":"publish","type":"page","link":"https:\/\/www.stachristiana.at\/hlw-bafep-frohsdorf\/bildungszentrum","title":{"rendered":"Bildungszentrum"},"content":{"rendered":"\n<p class=\"has-text-align-right\">Sta. Christiana &#8211; die famili\u00e4re Schule!<br>Qualit\u00e4t ist unsere Tradition &#8211; seit 1845<\/p>\n\n\n\n<p><strong>Frohsdorf ist ein p\u00e4dagogisches Kompetenzzentrum:<\/strong><\/p>\n\n\n\n<p><strong>P\u00e4dagogische Vielfalt \u2013 gute Leistungen \u2013 positive Beziehungen<\/strong><\/p>\n\n\n\n<p>Sta. Christiana Frohsdorf ist eine katholische Privatschule mit \u00d6ffentlichkeitsrecht. Schulerhalter ist der Schulverein Institut Sta. Christiana. In diesem Schuljahr besuchen insgesamt mehr als 800 Sch\u00fclerInnen, Studierende und Kinder unser Bildungszentrum Sta. Christiana Frohsdorf. Sie werden von rund 150 P\u00e4dagog*innen unterrichtet und betreut.<\/p>\n\n\n\n<figure class=\"wp-block-image size-full is-resized\"><img loading=\"lazy\" decoding=\"async\" src=\"https:\/\/www.stachristiana.at\/app\/uploads\/sites\/6\/2023\/01\/Sta-Christiana-10.jpg\" alt=\"\" class=\"wp-image-1161\" width=\"675\" height=\"450\" srcset=\"https:\/\/www.stachristiana.at\/app\/uploads\/sites\/6\/2023\/01\/Sta-Christiana-10.jpg 900w, https:\/\/www.stachristiana.at\/app\/uploads\/sites\/6\/2023\/01\/Sta-Christiana-10-400x267.jpg 400w, https:\/\/www.stachristiana.at\/app\/uploads\/sites\/6\/2023\/01\/Sta-Christiana-10-768x512.jpg 768w, https:\/\/www.stachristiana.at\/app\/uploads\/sites\/6\/2023\/01\/Sta-Christiana-10-690x460.jpg 690w, https:\/\/www.stachristiana.at\/app\/uploads\/sites\/6\/2023\/01\/Sta-Christiana-10-113x75.jpg 113w\" sizes=\"auto, (max-width: 675px) 100vw, 675px\" \/><\/figure>\n\n\n\n<p>Das Einzigartige von in Sta. Christiana Frohsdorf ist die p\u00e4dagogische Vielfalt, wir f\u00f6rdern und fordern Leistung und bem\u00fchen uns besonders um eine positive Beziehung zu unseren Sch\u00fcler*innen. Unsere Schule ist sehr famili\u00e4r und flexibel f\u00fcr Ver\u00e4nderungen. Das ist sowohl im sozialen wie auch im p\u00e4dagogischen Alltag positiv bemerkbar.<\/p>\n\n\n\n<p>Wir f\u00fchren in unserem Bildungszentrum einen Kindergarten, eine Volksschule, eine Neue Mittelschule, einen Hort, eine H\u00f6here Lehranstalt f\u00fcr wirtschaftliche Berufe, eine ein- und dreij\u00e4hrige Fachschule f\u00fcr wirtschaftliche Berufe, einen Aufbaulehrgang f\u00fcr wirtschaftliche Berufe, eine Bildungsanstalt f\u00fcr Elementarp\u00e4dagogik sowie ein Kolleg f\u00fcr Elementarp\u00e4dagogik.<\/p>\n\n\n\n<p>Weiters bieten wir als Bildungszentrum regelm\u00e4\u00dfig Vortr\u00e4ge zu p\u00e4dagogischen Themen f\u00fcr die \u00d6ffentlichkeit an.<\/p>\n\n\n\n<p>Wir sind damit ein p\u00e4dagogisches Kompetenzzentrum f\u00fcr Kinder, Jugendliche und Erwachsene.<\/p>\n","protected":false},"excerpt":{"rendered":"<p>Sta. Christiana &#8211; die famili\u00e4re Schule!Qualit\u00e4t ist unsere Tradition &#8211; seit 1845 Frohsdorf ist ein p\u00e4dagogisches Kompetenzzentrum: P\u00e4dagogische Vielfalt \u2013 gute Leistungen \u2013 positive Beziehungen Sta. Christiana Frohsdorf ist eine katholische Privatschule mit \u00d6ffentlichkeitsrecht. Schulerhalter ist der Schulverein Institut Sta. Christiana. In diesem Schuljahr besuchen insgesamt mehr als 800 Sch\u00fclerInnen, Studierende und Kinder unser Bildungszentrum [&hellip;]<\/p>\n","protected":false},"author":16,"featured_media":0,"parent":0,"menu_order":0,"comment_status":"closed","ping_status":"closed","template":"","meta":{"footnotes":""},"class_list":["post-867","page","type-page","status-publish","hentry"],"acf":[],"yoast_head":"<!-- This site is optimized with the Yoast SEO plugin v26.8 - https:\/\/yoast.com\/product\/yoast-seo-wordpress\/ -->\n<title>Bildungszentrum - HLW, BAfEP &amp; BASOP Frohsdorf<\/title>\n<meta name=\"robots\" content=\"index, follow, max-snippet:-1, max-image-preview:large, max-video-preview:-1\" \/>\n<link rel=\"canonical\" href=\"http:\/\/www.sanctachristiana.at\/hlw-bafep-frohsdorf\/bildungszentrum\" \/>\n<meta property=\"og:locale\" content=\"de_DE\" \/>\n<meta property=\"og:type\" content=\"article\" \/>\n<meta property=\"og:title\" content=\"Bildungszentrum - HLW, BAfEP &amp; BASOP Frohsdorf\" \/>\n<meta property=\"og:description\" content=\"Sta. Christiana &#8211; die famili\u00e4re Schule!Qualit\u00e4t ist unsere Tradition &#8211; seit 1845 Frohsdorf ist ein p\u00e4dagogisches Kompetenzzentrum: P\u00e4dagogische Vielfalt \u2013 gute Leistungen \u2013 positive Beziehungen Sta. Christiana Frohsdorf ist eine katholische Privatschule mit \u00d6ffentlichkeitsrecht. Schulerhalter ist der Schulverein Institut Sta. Christiana. In diesem Schuljahr besuchen insgesamt mehr als 800 Sch\u00fclerInnen, Studierende und Kinder unser Bildungszentrum [&hellip;]\" \/>\n<meta property=\"og:url\" content=\"http:\/\/www.sanctachristiana.at\/hlw-bafep-frohsdorf\/bildungszentrum\" \/>\n<meta property=\"og:site_name\" content=\"HLW, BAfEP &amp; BASOP Frohsdorf\" \/>\n<meta property=\"article:modified_time\" content=\"2023-01-11T13:17:19+00:00\" \/>\n<meta property=\"og:image\" content=\"http:\/\/www.sanctachristiana.at\/app\/uploads\/sites\/6\/2023\/01\/Sta-Christiana-10.jpg\" \/>\n<meta name=\"twitter:card\" content=\"summary_large_image\" \/>\n<meta name=\"twitter:label1\" content=\"Gesch\u00e4tzte Lesezeit\" \/>\n\t<meta name=\"twitter:data1\" content=\"2\u00a0Minuten\" \/>\n<script type=\"application\/ld+json\" class=\"yoast-schema-graph\">{\"@context\":\"https:\/\/schema.org\",\"@graph\":[{\"@type\":\"WebPage\",\"@id\":\"http:\/\/www.sanctachristiana.at\/hlw-bafep-frohsdorf\/bildungszentrum\",\"url\":\"http:\/\/www.sanctachristiana.at\/hlw-bafep-frohsdorf\/bildungszentrum\",\"name\":\"Bildungszentrum - HLW, BAfEP &amp; BASOP Frohsdorf\",\"isPartOf\":{\"@id\":\"https:\/\/www.stachristiana.at\/hlw-bafep-frohsdorf\/#website\"},\"primaryImageOfPage\":{\"@id\":\"http:\/\/www.sanctachristiana.at\/hlw-bafep-frohsdorf\/bildungszentrum#primaryimage\"},\"image\":{\"@id\":\"http:\/\/www.sanctachristiana.at\/hlw-bafep-frohsdorf\/bildungszentrum#primaryimage\"},\"thumbnailUrl\":\"https:\/\/www.stachristiana.at\/app\/uploads\/sites\/6\/2023\/01\/Sta-Christiana-10.jpg\",\"datePublished\":\"2022-12-20T12:14:04+00:00\",\"dateModified\":\"2023-01-11T13:17:19+00:00\",\"breadcrumb\":{\"@id\":\"http:\/\/www.sanctachristiana.at\/hlw-bafep-frohsdorf\/bildungszentrum#breadcrumb\"},\"inLanguage\":\"de\",\"potentialAction\":[{\"@type\":\"ReadAction\",\"target\":[\"http:\/\/www.sanctachristiana.at\/hlw-bafep-frohsdorf\/bildungszentrum\"]}]},{\"@type\":\"ImageObject\",\"inLanguage\":\"de\",\"@id\":\"http:\/\/www.sanctachristiana.at\/hlw-bafep-frohsdorf\/bildungszentrum#primaryimage\",\"url\":\"https:\/\/www.stachristiana.at\/app\/uploads\/sites\/6\/2023\/01\/Sta-Christiana-10.jpg\",\"contentUrl\":\"https:\/\/www.stachristiana.at\/app\/uploads\/sites\/6\/2023\/01\/Sta-Christiana-10.jpg\"},{\"@type\":\"BreadcrumbList\",\"@id\":\"http:\/\/www.sanctachristiana.at\/hlw-bafep-frohsdorf\/bildungszentrum#breadcrumb\",\"itemListElement\":[{\"@type\":\"ListItem\",\"position\":1,\"name\":\"Start\",\"item\":\"https:\/\/www.stachristiana.at\/\"},{\"@type\":\"ListItem\",\"position\":2,\"name\":\"Bildungszentrum\"}]},{\"@type\":\"WebSite\",\"@id\":\"https:\/\/www.stachristiana.at\/hlw-bafep-frohsdorf\/#website\",\"url\":\"https:\/\/www.stachristiana.at\/hlw-bafep-frohsdorf\/\",\"name\":\"Sta. Christiana - HLW - BAfEP Frohsdorf\",\"description\":\"H\u00f6here Lehranstalt, Fachschule und Aufbaulehrgang f\u00fcr wirtschaftliche Berufe und Bildungsanstalt und Kolleg f\u00fcr Elementarp\u00e4dagogik\",\"publisher\":{\"@id\":\"https:\/\/www.stachristiana.at\/hlw-bafep-frohsdorf\/#organization\"},\"alternateName\":\"Sta. Christiana\",\"potentialAction\":[{\"@type\":\"SearchAction\",\"target\":{\"@type\":\"EntryPoint\",\"urlTemplate\":\"https:\/\/www.stachristiana.at\/hlw-bafep-frohsdorf\/?s={search_term_string}\"},\"query-input\":{\"@type\":\"PropertyValueSpecification\",\"valueRequired\":true,\"valueName\":\"search_term_string\"}}],\"inLanguage\":\"de\"},{\"@type\":\"Organization\",\"@id\":\"https:\/\/www.stachristiana.at\/hlw-bafep-frohsdorf\/#organization\",\"name\":\"Sta. Christiana - HLW und BAfEP Frohsdorf\",\"alternateName\":\"Sta. Christiana\",\"url\":\"https:\/\/www.stachristiana.at\/hlw-bafep-frohsdorf\/\",\"logo\":{\"@type\":\"ImageObject\",\"inLanguage\":\"de\",\"@id\":\"https:\/\/www.stachristiana.at\/hlw-bafep-frohsdorf\/#\/schema\/logo\/image\/\",\"url\":\"https:\/\/www.stachristiana.at\/app\/uploads\/sites\/6\/2022\/05\/logo-sta-christiana.png\",\"contentUrl\":\"https:\/\/www.stachristiana.at\/app\/uploads\/sites\/6\/2022\/05\/logo-sta-christiana.png\",\"width\":1200,\"height\":491,\"caption\":\"Sta. Christiana - HLW und BAfEP Frohsdorf\"},\"image\":{\"@id\":\"https:\/\/www.stachristiana.at\/hlw-bafep-frohsdorf\/#\/schema\/logo\/image\/\"}}]}<\/script>\n<!-- \/ Yoast SEO plugin. -->","yoast_head_json":{"title":"Bildungszentrum - HLW, BAfEP &amp; BASOP Frohsdorf","robots":{"index":"index","follow":"follow","max-snippet":"max-snippet:-1","max-image-preview":"max-image-preview:large","max-video-preview":"max-video-preview:-1"},"canonical":"http:\/\/www.sanctachristiana.at\/hlw-bafep-frohsdorf\/bildungszentrum","og_locale":"de_DE","og_type":"article","og_title":"Bildungszentrum - HLW, BAfEP &amp; BASOP Frohsdorf","og_description":"Sta. Christiana &#8211; die famili\u00e4re Schule!Qualit\u00e4t ist unsere Tradition &#8211; seit 1845 Frohsdorf ist ein p\u00e4dagogisches Kompetenzzentrum: P\u00e4dagogische Vielfalt \u2013 gute Leistungen \u2013 positive Beziehungen Sta. Christiana Frohsdorf ist eine katholische Privatschule mit \u00d6ffentlichkeitsrecht. Schulerhalter ist der Schulverein Institut Sta. Christiana. In diesem Schuljahr besuchen insgesamt mehr als 800 Sch\u00fclerInnen, Studierende und Kinder unser Bildungszentrum [&hellip;]","og_url":"http:\/\/www.sanctachristiana.at\/hlw-bafep-frohsdorf\/bildungszentrum","og_site_name":"HLW, BAfEP &amp; BASOP Frohsdorf","article_modified_time":"2023-01-11T13:17:19+00:00","og_image":[{"url":"http:\/\/www.sanctachristiana.at\/app\/uploads\/sites\/6\/2023\/01\/Sta-Christiana-10.jpg","type":"","width":"","height":""}],"twitter_card":"summary_large_image","twitter_misc":{"Gesch\u00e4tzte Lesezeit":"2\u00a0Minuten"},"schema":{"@context":"https:\/\/schema.org","@graph":[{"@type":"WebPage","@id":"http:\/\/www.sanctachristiana.at\/hlw-bafep-frohsdorf\/bildungszentrum","url":"http:\/\/www.sanctachristiana.at\/hlw-bafep-frohsdorf\/bildungszentrum","name":"Bildungszentrum - HLW, BAfEP &amp; BASOP Frohsdorf","isPartOf":{"@id":"https:\/\/www.stachristiana.at\/hlw-bafep-frohsdorf\/#website"},"primaryImageOfPage":{"@id":"http:\/\/www.sanctachristiana.at\/hlw-bafep-frohsdorf\/bildungszentrum#primaryimage"},"image":{"@id":"http:\/\/www.sanctachristiana.at\/hlw-bafep-frohsdorf\/bildungszentrum#primaryimage"},"thumbnailUrl":"https:\/\/www.stachristiana.at\/app\/uploads\/sites\/6\/2023\/01\/Sta-Christiana-10.jpg","datePublished":"2022-12-20T12:14:04+00:00","dateModified":"2023-01-11T13:17:19+00:00","breadcrumb":{"@id":"http:\/\/www.sanctachristiana.at\/hlw-bafep-frohsdorf\/bildungszentrum#breadcrumb"},"inLanguage":"de","potentialAction":[{"@type":"ReadAction","target":["http:\/\/www.sanctachristiana.at\/hlw-bafep-frohsdorf\/bildungszentrum"]}]},{"@type":"ImageObject","inLanguage":"de","@id":"http:\/\/www.sanctachristiana.at\/hlw-bafep-frohsdorf\/bildungszentrum#primaryimage","url":"https:\/\/www.stachristiana.at\/app\/uploads\/sites\/6\/2023\/01\/Sta-Christiana-10.jpg","contentUrl":"https:\/\/www.stachristiana.at\/app\/uploads\/sites\/6\/2023\/01\/Sta-Christiana-10.jpg"},{"@type":"BreadcrumbList","@id":"http:\/\/www.sanctachristiana.at\/hlw-bafep-frohsdorf\/bildungszentrum#breadcrumb","itemListElement":[{"@type":"ListItem","position":1,"name":"Start","item":"https:\/\/www.stachristiana.at\/"},{"@type":"ListItem","position":2,"name":"Bildungszentrum"}]},{"@type":"WebSite","@id":"https:\/\/www.stachristiana.at\/hlw-bafep-frohsdorf\/#website","url":"https:\/\/www.stachristiana.at\/hlw-bafep-frohsdorf\/","name":"Sta. Christiana - HLW - BAfEP Frohsdorf","description":"H\u00f6here Lehranstalt, Fachschule und Aufbaulehrgang f\u00fcr wirtschaftliche Berufe und Bildungsanstalt und Kolleg f\u00fcr Elementarp\u00e4dagogik","publisher":{"@id":"https:\/\/www.stachristiana.at\/hlw-bafep-frohsdorf\/#organization"},"alternateName":"Sta. Christiana","potentialAction":[{"@type":"SearchAction","target":{"@type":"EntryPoint","urlTemplate":"https:\/\/www.stachristiana.at\/hlw-bafep-frohsdorf\/?s={search_term_string}"},"query-input":{"@type":"PropertyValueSpecification","valueRequired":true,"valueName":"search_term_string"}}],"inLanguage":"de"},{"@type":"Organization","@id":"https:\/\/www.stachristiana.at\/hlw-bafep-frohsdorf\/#organization","name":"Sta. Christiana - HLW und BAfEP Frohsdorf","alternateName":"Sta. Christiana","url":"https:\/\/www.stachristiana.at\/hlw-bafep-frohsdorf\/","logo":{"@type":"ImageObject","inLanguage":"de","@id":"https:\/\/www.stachristiana.at\/hlw-bafep-frohsdorf\/#\/schema\/logo\/image\/","url":"https:\/\/www.stachristiana.at\/app\/uploads\/sites\/6\/2022\/05\/logo-sta-christiana.png","contentUrl":"https:\/\/www.stachristiana.at\/app\/uploads\/sites\/6\/2022\/05\/logo-sta-christiana.png","width":1200,"height":491,"caption":"Sta. Christiana - HLW und BAfEP Frohsdorf"},"image":{"@id":"https:\/\/www.stachristiana.at\/hlw-bafep-frohsdorf\/#\/schema\/logo\/image\/"}}]}},"_links":{"self":[{"href":"https:\/\/www.stachristiana.at\/hlw-bafep-frohsdorf\/wp-json\/wp\/v2\/pages\/867","targetHints":{"allow":["GET"]}}],"collection":[{"href":"https:\/\/www.stachristiana.at\/hlw-bafep-frohsdorf\/wp-json\/wp\/v2\/pages"}],"about":[{"href":"https:\/\/www.stachristiana.at\/hlw-bafep-frohsdorf\/wp-json\/wp\/v2\/types\/page"}],"author":[{"embeddable":true,"href":"https:\/\/www.stachristiana.at\/hlw-bafep-frohsdorf\/wp-json\/wp\/v2\/users\/16"}],"replies":[{"embeddable":true,"href":"https:\/\/www.stachristiana.at\/hlw-bafep-frohsdorf\/wp-json\/wp\/v2\/comments?post=867"}],"version-history":[{"count":3,"href":"https:\/\/www.stachristiana.at\/hlw-bafep-frohsdorf\/wp-json\/wp\/v2\/pages\/867\/revisions"}],"predecessor-version":[{"id":1162,"href":"https:\/\/www.stachristiana.at\/hlw-bafep-frohsdorf\/wp-json\/wp\/v2\/pages\/867\/revisions\/1162"}],"wp:attachment":[{"href":"https:\/\/www.stachristiana.at\/hlw-bafep-frohsdorf\/wp-json\/wp\/v2\/media?parent=867"}],"curies":[{"name":"wp","href":"https:\/\/api.w.org\/{rel}","templated":true}]}}