{"id":862,"date":"2022-12-20T13:07:59","date_gmt":"2022-12-20T12:07:59","guid":{"rendered":"http:\/\/www.sanctachristiana.at\/hlw-bafep-frohsdorf\/?page_id=862"},"modified":"2025-02-18T13:28:33","modified_gmt":"2025-02-18T12:28:33","slug":"schulen-zum-leben","status":"publish","type":"page","link":"https:\/\/www.stachristiana.at\/hlw-bafep-frohsdorf\/wofuer-wir-stehen\/schulen-zum-leben","title":{"rendered":"Schulen zum Leben"},"content":{"rendered":"\n<h2 class=\"wp-block-heading\">Sta. Christiana &#8211; Schulen zum Leben!<\/h2>\n\n\n\n<p><strong>Die Schulen von Sta. Christiana Frohsdorf sind Lebensr\u00e4ume, in denen Menschlichkeit erfahren und einge\u00fcbt wird.<\/strong><\/p>\n\n\n\n<ul class=\"wp-block-list\">\n<li><strong>Unsere Werte<\/strong>\n<ul class=\"wp-block-list\">\n<li>Miteinander verbunden sein<\/li>\n\n\n\n<li>Gemeinschaft bilden<\/li>\n\n\n\n<li>Einander zuwenden<\/li>\n\n\n\n<li>Gegenseitig vertrauen&nbsp;<\/li>\n<\/ul>\n<\/li>\n<\/ul>\n\n\n\n<ul class=\"wp-block-list\">\n<li><strong>Unsere P\u00e4dagogik<\/strong>\n<ul class=\"wp-block-list\">\n<li>Talente entfalten und&nbsp;Leistung f\u00f6rdern<\/li>\n<\/ul>\n<\/li>\n<\/ul>\n\n\n\n<ul class=\"wp-block-list\">\n<li><strong>Unsere Erziehung<\/strong>\n<ul class=\"wp-block-list\">\n<li>Wurzeln geben und Identit\u00e4t entwickeln<\/li>\n<\/ul>\n<\/li>\n<\/ul>\n\n\n\n<figure class=\"wp-block-image size-full is-resized\"><img loading=\"lazy\" decoding=\"async\" width=\"900\" height=\"600\" src=\"https:\/\/www.stachristiana.at\/app\/uploads\/sites\/6\/2023\/01\/Sta-Christiana-08.jpg\" alt=\"\" class=\"wp-image-1155\" style=\"width:675px;height:450px\" srcset=\"https:\/\/www.stachristiana.at\/app\/uploads\/sites\/6\/2023\/01\/Sta-Christiana-08.jpg 900w, https:\/\/www.stachristiana.at\/app\/uploads\/sites\/6\/2023\/01\/Sta-Christiana-08-400x267.jpg 400w, https:\/\/www.stachristiana.at\/app\/uploads\/sites\/6\/2023\/01\/Sta-Christiana-08-768x512.jpg 768w, https:\/\/www.stachristiana.at\/app\/uploads\/sites\/6\/2023\/01\/Sta-Christiana-08-690x460.jpg 690w, https:\/\/www.stachristiana.at\/app\/uploads\/sites\/6\/2023\/01\/Sta-Christiana-08-113x75.jpg 113w\" sizes=\"auto, (max-width: 900px) 100vw, 900px\" \/><\/figure>\n\n\n\n<p><\/p>\n\n\n\n<p><strong>Unsere Werte<\/strong><\/p>\n\n\n\n<p>Miteinander verbunden sein<\/p>\n\n\n\n<p>Der Geist, der die Gr\u00fcnder von Sta. Christiana inspiriert hat, verbindet uns, er tr\u00e4gt uns, und wir wollen ihn im Sinne der Ordensschwestern von Sta. Christiana weitertragen. Diese uns verbindende Kraft soll in unserer Schule sp\u00fcrbar sein, wo wir mit Freude arbeiten &#8211; lehren und lernen &#8211; und uns gegenseitig unterst\u00fctzen und miteinander leben.<\/p>\n\n\n\n<p>Gemeinschaft bilden<br><\/p>\n\n\n\n<p>So, wie die Ordensschwestern von Sta. Christiana eine Gemeinschaft bildeten, sehen wir, Lehrer*innen und Sch\u00fcler*innen, uns als eine Gemeinschaft, in die wir jedes Jahr neue Sch\u00fcler*innen aufnehmen, um mit ihnen im gegenseitigen Vertrauen mit gegenseitiger Wertsch\u00e4tzung zu leben und zu arbeiten.<\/p>\n\n\n\n<p>Einander zuwenden<br><\/p>\n\n\n\n<p>Wir, Lehrer*innen und Sch\u00fcler*innen, wollen eine bedingungslose Zuwendung, die den ganzen Menschen mit seinen individuellen Begabungen und F\u00e4higkeiten entfalten helfen will, sp\u00fcrbar und erfahrbar werden lassen.<\/p>\n\n\n\n<p>Gegenseitig vertrauen<br><\/p>\n\n\n\n<p>Wir bem\u00fchen uns, einander mit unseren M\u00f6glichkeiten und Grenzen anzunehmen. Wir wollen eine Atmosph\u00e4re der Unkompliziertheit, der Einfachheit und des Vertrauens, der gegenseitigen Wertsch\u00e4tzung und Offenheit schaffen.<\/p>\n\n\n\n<figure class=\"wp-block-image size-full is-resized\"><img loading=\"lazy\" decoding=\"async\" width=\"900\" height=\"600\" src=\"https:\/\/www.stachristiana.at\/app\/uploads\/sites\/6\/2023\/01\/IMG_9926.jpg\" alt=\"\" class=\"wp-image-1190\" style=\"width:675px;height:450px\" srcset=\"https:\/\/www.stachristiana.at\/app\/uploads\/sites\/6\/2023\/01\/IMG_9926.jpg 900w, https:\/\/www.stachristiana.at\/app\/uploads\/sites\/6\/2023\/01\/IMG_9926-400x267.jpg 400w, https:\/\/www.stachristiana.at\/app\/uploads\/sites\/6\/2023\/01\/IMG_9926-768x512.jpg 768w, https:\/\/www.stachristiana.at\/app\/uploads\/sites\/6\/2023\/01\/IMG_9926-690x460.jpg 690w, https:\/\/www.stachristiana.at\/app\/uploads\/sites\/6\/2023\/01\/IMG_9926-113x75.jpg 113w\" sizes=\"auto, (max-width: 900px) 100vw, 900px\" \/><\/figure>\n","protected":false},"excerpt":{"rendered":"<p>Sta. Christiana &#8211; Schulen zum Leben! Die Schulen von Sta. Christiana Frohsdorf sind Lebensr\u00e4ume, in denen Menschlichkeit erfahren und einge\u00fcbt wird. Unsere Werte Miteinander verbunden sein Der Geist, der die Gr\u00fcnder von Sta. Christiana inspiriert hat, verbindet uns, er tr\u00e4gt uns, und wir wollen ihn im Sinne der Ordensschwestern von Sta. Christiana weitertragen. Diese uns [&hellip;]<\/p>\n","protected":false},"author":16,"featured_media":0,"parent":70,"menu_order":1,"comment_status":"closed","ping_status":"closed","template":"","meta":{"footnotes":""},"class_list":["post-862","page","type-page","status-publish","hentry"],"acf":[],"yoast_head":"<!-- This site is optimized with the Yoast SEO plugin v26.8 - https:\/\/yoast.com\/product\/yoast-seo-wordpress\/ -->\n<title>Schulen zum Leben - HLW, BAfEP &amp; BASOP Frohsdorf<\/title>\n<meta name=\"robots\" content=\"index, follow, max-snippet:-1, max-image-preview:large, max-video-preview:-1\" \/>\n<link rel=\"canonical\" href=\"https:\/\/www.stachristiana.at\/hlw-bafep-frohsdorf\/wofuer-wir-stehen\/schulen-zum-leben\" \/>\n<meta property=\"og:locale\" content=\"de_DE\" \/>\n<meta property=\"og:type\" content=\"article\" \/>\n<meta property=\"og:title\" content=\"Schulen zum Leben - HLW, BAfEP &amp; BASOP Frohsdorf\" \/>\n<meta property=\"og:description\" content=\"Sta. Christiana &#8211; Schulen zum Leben! Die Schulen von Sta. Christiana Frohsdorf sind Lebensr\u00e4ume, in denen Menschlichkeit erfahren und einge\u00fcbt wird. Unsere Werte Miteinander verbunden sein Der Geist, der die Gr\u00fcnder von Sta. Christiana inspiriert hat, verbindet uns, er tr\u00e4gt uns, und wir wollen ihn im Sinne der Ordensschwestern von Sta. Christiana weitertragen. Diese uns [&hellip;]\" \/>\n<meta property=\"og:url\" content=\"https:\/\/www.stachristiana.at\/hlw-bafep-frohsdorf\/wofuer-wir-stehen\/schulen-zum-leben\" \/>\n<meta property=\"og:site_name\" content=\"HLW, BAfEP &amp; BASOP Frohsdorf\" \/>\n<meta property=\"article:modified_time\" content=\"2025-02-18T12:28:33+00:00\" \/>\n<meta property=\"og:image\" content=\"https:\/\/www.stachristiana.at\/app\/uploads\/sites\/6\/2023\/01\/Sta-Christiana-08.jpg\" \/>\n\t<meta property=\"og:image:width\" content=\"900\" \/>\n\t<meta property=\"og:image:height\" content=\"600\" \/>\n\t<meta property=\"og:image:type\" content=\"image\/jpeg\" \/>\n<meta name=\"twitter:card\" content=\"summary_large_image\" \/>\n<script type=\"application\/ld+json\" class=\"yoast-schema-graph\">{\"@context\":\"https:\/\/schema.org\",\"@graph\":[{\"@type\":\"WebPage\",\"@id\":\"https:\/\/www.stachristiana.at\/hlw-bafep-frohsdorf\/wofuer-wir-stehen\/schulen-zum-leben\",\"url\":\"https:\/\/www.stachristiana.at\/hlw-bafep-frohsdorf\/wofuer-wir-stehen\/schulen-zum-leben\",\"name\":\"Schulen zum Leben - HLW, BAfEP &amp; BASOP Frohsdorf\",\"isPartOf\":{\"@id\":\"https:\/\/www.stachristiana.at\/hlw-bafep-frohsdorf\/#website\"},\"primaryImageOfPage\":{\"@id\":\"https:\/\/www.stachristiana.at\/hlw-bafep-frohsdorf\/wofuer-wir-stehen\/schulen-zum-leben#primaryimage\"},\"image\":{\"@id\":\"https:\/\/www.stachristiana.at\/hlw-bafep-frohsdorf\/wofuer-wir-stehen\/schulen-zum-leben#primaryimage\"},\"thumbnailUrl\":\"https:\/\/www.stachristiana.at\/app\/uploads\/sites\/6\/2023\/01\/Sta-Christiana-08.jpg\",\"datePublished\":\"2022-12-20T12:07:59+00:00\",\"dateModified\":\"2025-02-18T12:28:33+00:00\",\"breadcrumb\":{\"@id\":\"https:\/\/www.stachristiana.at\/hlw-bafep-frohsdorf\/wofuer-wir-stehen\/schulen-zum-leben#breadcrumb\"},\"inLanguage\":\"de\",\"potentialAction\":[{\"@type\":\"ReadAction\",\"target\":[\"https:\/\/www.stachristiana.at\/hlw-bafep-frohsdorf\/wofuer-wir-stehen\/schulen-zum-leben\"]}]},{\"@type\":\"ImageObject\",\"inLanguage\":\"de\",\"@id\":\"https:\/\/www.stachristiana.at\/hlw-bafep-frohsdorf\/wofuer-wir-stehen\/schulen-zum-leben#primaryimage\",\"url\":\"https:\/\/www.stachristiana.at\/app\/uploads\/sites\/6\/2023\/01\/Sta-Christiana-08.jpg\",\"contentUrl\":\"https:\/\/www.stachristiana.at\/app\/uploads\/sites\/6\/2023\/01\/Sta-Christiana-08.jpg\"},{\"@type\":\"BreadcrumbList\",\"@id\":\"https:\/\/www.stachristiana.at\/hlw-bafep-frohsdorf\/wofuer-wir-stehen\/schulen-zum-leben#breadcrumb\",\"itemListElement\":[{\"@type\":\"ListItem\",\"position\":1,\"name\":\"Start\",\"item\":\"https:\/\/www.stachristiana.at\/\"},{\"@type\":\"ListItem\",\"position\":2,\"name\":\"Wof\u00fcr wir stehen\",\"item\":\"https:\/\/www.stachristiana.at\/hlw-bafep-frohsdorf\/wofuer-wir-stehen\"},{\"@type\":\"ListItem\",\"position\":3,\"name\":\"Schulen zum Leben\"}]},{\"@type\":\"WebSite\",\"@id\":\"https:\/\/www.stachristiana.at\/hlw-bafep-frohsdorf\/#website\",\"url\":\"https:\/\/www.stachristiana.at\/hlw-bafep-frohsdorf\/\",\"name\":\"Sta. Christiana - HLW - BAfEP Frohsdorf\",\"description\":\"H\u00f6here Lehranstalt, Fachschule und Aufbaulehrgang f\u00fcr wirtschaftliche Berufe und Bildungsanstalt und Kolleg f\u00fcr Elementarp\u00e4dagogik\",\"publisher\":{\"@id\":\"https:\/\/www.stachristiana.at\/hlw-bafep-frohsdorf\/#organization\"},\"alternateName\":\"Sta. Christiana\",\"potentialAction\":[{\"@type\":\"SearchAction\",\"target\":{\"@type\":\"EntryPoint\",\"urlTemplate\":\"https:\/\/www.stachristiana.at\/hlw-bafep-frohsdorf\/?s={search_term_string}\"},\"query-input\":{\"@type\":\"PropertyValueSpecification\",\"valueRequired\":true,\"valueName\":\"search_term_string\"}}],\"inLanguage\":\"de\"},{\"@type\":\"Organization\",\"@id\":\"https:\/\/www.stachristiana.at\/hlw-bafep-frohsdorf\/#organization\",\"name\":\"Sta. Christiana - HLW und BAfEP Frohsdorf\",\"alternateName\":\"Sta. Christiana\",\"url\":\"https:\/\/www.stachristiana.at\/hlw-bafep-frohsdorf\/\",\"logo\":{\"@type\":\"ImageObject\",\"inLanguage\":\"de\",\"@id\":\"https:\/\/www.stachristiana.at\/hlw-bafep-frohsdorf\/#\/schema\/logo\/image\/\",\"url\":\"https:\/\/www.stachristiana.at\/app\/uploads\/sites\/6\/2022\/05\/logo-sta-christiana.png\",\"contentUrl\":\"https:\/\/www.stachristiana.at\/app\/uploads\/sites\/6\/2022\/05\/logo-sta-christiana.png\",\"width\":1200,\"height\":491,\"caption\":\"Sta. Christiana - HLW und BAfEP Frohsdorf\"},\"image\":{\"@id\":\"https:\/\/www.stachristiana.at\/hlw-bafep-frohsdorf\/#\/schema\/logo\/image\/\"}}]}<\/script>\n<!-- \/ Yoast SEO plugin. -->","yoast_head_json":{"title":"Schulen zum Leben - HLW, BAfEP &amp; BASOP Frohsdorf","robots":{"index":"index","follow":"follow","max-snippet":"max-snippet:-1","max-image-preview":"max-image-preview:large","max-video-preview":"max-video-preview:-1"},"canonical":"https:\/\/www.stachristiana.at\/hlw-bafep-frohsdorf\/wofuer-wir-stehen\/schulen-zum-leben","og_locale":"de_DE","og_type":"article","og_title":"Schulen zum Leben - HLW, BAfEP &amp; BASOP Frohsdorf","og_description":"Sta. Christiana &#8211; Schulen zum Leben! Die Schulen von Sta. Christiana Frohsdorf sind Lebensr\u00e4ume, in denen Menschlichkeit erfahren und einge\u00fcbt wird. Unsere Werte Miteinander verbunden sein Der Geist, der die Gr\u00fcnder von Sta. Christiana inspiriert hat, verbindet uns, er tr\u00e4gt uns, und wir wollen ihn im Sinne der Ordensschwestern von Sta. Christiana weitertragen. Diese uns [&hellip;]","og_url":"https:\/\/www.stachristiana.at\/hlw-bafep-frohsdorf\/wofuer-wir-stehen\/schulen-zum-leben","og_site_name":"HLW, BAfEP &amp; BASOP Frohsdorf","article_modified_time":"2025-02-18T12:28:33+00:00","og_image":[{"width":900,"height":600,"url":"https:\/\/www.stachristiana.at\/app\/uploads\/sites\/6\/2023\/01\/Sta-Christiana-08.jpg","type":"image\/jpeg"}],"twitter_card":"summary_large_image","schema":{"@context":"https:\/\/schema.org","@graph":[{"@type":"WebPage","@id":"https:\/\/www.stachristiana.at\/hlw-bafep-frohsdorf\/wofuer-wir-stehen\/schulen-zum-leben","url":"https:\/\/www.stachristiana.at\/hlw-bafep-frohsdorf\/wofuer-wir-stehen\/schulen-zum-leben","name":"Schulen zum Leben - HLW, BAfEP &amp; BASOP Frohsdorf","isPartOf":{"@id":"https:\/\/www.stachristiana.at\/hlw-bafep-frohsdorf\/#website"},"primaryImageOfPage":{"@id":"https:\/\/www.stachristiana.at\/hlw-bafep-frohsdorf\/wofuer-wir-stehen\/schulen-zum-leben#primaryimage"},"image":{"@id":"https:\/\/www.stachristiana.at\/hlw-bafep-frohsdorf\/wofuer-wir-stehen\/schulen-zum-leben#primaryimage"},"thumbnailUrl":"https:\/\/www.stachristiana.at\/app\/uploads\/sites\/6\/2023\/01\/Sta-Christiana-08.jpg","datePublished":"2022-12-20T12:07:59+00:00","dateModified":"2025-02-18T12:28:33+00:00","breadcrumb":{"@id":"https:\/\/www.stachristiana.at\/hlw-bafep-frohsdorf\/wofuer-wir-stehen\/schulen-zum-leben#breadcrumb"},"inLanguage":"de","potentialAction":[{"@type":"ReadAction","target":["https:\/\/www.stachristiana.at\/hlw-bafep-frohsdorf\/wofuer-wir-stehen\/schulen-zum-leben"]}]},{"@type":"ImageObject","inLanguage":"de","@id":"https:\/\/www.stachristiana.at\/hlw-bafep-frohsdorf\/wofuer-wir-stehen\/schulen-zum-leben#primaryimage","url":"https:\/\/www.stachristiana.at\/app\/uploads\/sites\/6\/2023\/01\/Sta-Christiana-08.jpg","contentUrl":"https:\/\/www.stachristiana.at\/app\/uploads\/sites\/6\/2023\/01\/Sta-Christiana-08.jpg"},{"@type":"BreadcrumbList","@id":"https:\/\/www.stachristiana.at\/hlw-bafep-frohsdorf\/wofuer-wir-stehen\/schulen-zum-leben#breadcrumb","itemListElement":[{"@type":"ListItem","position":1,"name":"Start","item":"https:\/\/www.stachristiana.at\/"},{"@type":"ListItem","position":2,"name":"Wof\u00fcr wir stehen","item":"https:\/\/www.stachristiana.at\/hlw-bafep-frohsdorf\/wofuer-wir-stehen"},{"@type":"ListItem","position":3,"name":"Schulen zum Leben"}]},{"@type":"WebSite","@id":"https:\/\/www.stachristiana.at\/hlw-bafep-frohsdorf\/#website","url":"https:\/\/www.stachristiana.at\/hlw-bafep-frohsdorf\/","name":"Sta. Christiana - HLW - BAfEP Frohsdorf","description":"H\u00f6here Lehranstalt, Fachschule und Aufbaulehrgang f\u00fcr wirtschaftliche Berufe und Bildungsanstalt und Kolleg f\u00fcr Elementarp\u00e4dagogik","publisher":{"@id":"https:\/\/www.stachristiana.at\/hlw-bafep-frohsdorf\/#organization"},"alternateName":"Sta. Christiana","potentialAction":[{"@type":"SearchAction","target":{"@type":"EntryPoint","urlTemplate":"https:\/\/www.stachristiana.at\/hlw-bafep-frohsdorf\/?s={search_term_string}"},"query-input":{"@type":"PropertyValueSpecification","valueRequired":true,"valueName":"search_term_string"}}],"inLanguage":"de"},{"@type":"Organization","@id":"https:\/\/www.stachristiana.at\/hlw-bafep-frohsdorf\/#organization","name":"Sta. Christiana - HLW und BAfEP Frohsdorf","alternateName":"Sta. Christiana","url":"https:\/\/www.stachristiana.at\/hlw-bafep-frohsdorf\/","logo":{"@type":"ImageObject","inLanguage":"de","@id":"https:\/\/www.stachristiana.at\/hlw-bafep-frohsdorf\/#\/schema\/logo\/image\/","url":"https:\/\/www.stachristiana.at\/app\/uploads\/sites\/6\/2022\/05\/logo-sta-christiana.png","contentUrl":"https:\/\/www.stachristiana.at\/app\/uploads\/sites\/6\/2022\/05\/logo-sta-christiana.png","width":1200,"height":491,"caption":"Sta. Christiana - HLW und BAfEP Frohsdorf"},"image":{"@id":"https:\/\/www.stachristiana.at\/hlw-bafep-frohsdorf\/#\/schema\/logo\/image\/"}}]}},"_links":{"self":[{"href":"https:\/\/www.stachristiana.at\/hlw-bafep-frohsdorf\/wp-json\/wp\/v2\/pages\/862","targetHints":{"allow":["GET"]}}],"collection":[{"href":"https:\/\/www.stachristiana.at\/hlw-bafep-frohsdorf\/wp-json\/wp\/v2\/pages"}],"about":[{"href":"https:\/\/www.stachristiana.at\/hlw-bafep-frohsdorf\/wp-json\/wp\/v2\/types\/page"}],"author":[{"embeddable":true,"href":"https:\/\/www.stachristiana.at\/hlw-bafep-frohsdorf\/wp-json\/wp\/v2\/users\/16"}],"replies":[{"embeddable":true,"href":"https:\/\/www.stachristiana.at\/hlw-bafep-frohsdorf\/wp-json\/wp\/v2\/comments?post=862"}],"version-history":[{"count":4,"href":"https:\/\/www.stachristiana.at\/hlw-bafep-frohsdorf\/wp-json\/wp\/v2\/pages\/862\/revisions"}],"predecessor-version":[{"id":2876,"href":"https:\/\/www.stachristiana.at\/hlw-bafep-frohsdorf\/wp-json\/wp\/v2\/pages\/862\/revisions\/2876"}],"up":[{"embeddable":true,"href":"https:\/\/www.stachristiana.at\/hlw-bafep-frohsdorf\/wp-json\/wp\/v2\/pages\/70"}],"wp:attachment":[{"href":"https:\/\/www.stachristiana.at\/hlw-bafep-frohsdorf\/wp-json\/wp\/v2\/media?parent=862"}],"curies":[{"name":"wp","href":"https:\/\/api.w.org\/{rel}","templated":true}]}}