{"id":823,"date":"2022-12-19T15:32:24","date_gmt":"2022-12-19T14:32:24","guid":{"rendered":"http:\/\/www.sanctachristiana.at\/hlw-bafep-frohsdorf\/?page_id=823"},"modified":"2026-01-19T09:44:37","modified_gmt":"2026-01-19T08:44:37","slug":"kolleg-fuer-elementarpaedagogik","status":"publish","type":"page","link":"https:\/\/www.stachristiana.at\/hlw-bafep-frohsdorf\/was-wir-bieten\/kolleg-fuer-elementarpaedagogik","title":{"rendered":"Kolleg f\u00fcr Elementarp\u00e4dagogik"},"content":{"rendered":"\n<p><strong>Schule auf selber Augenh\u00f6he. Angstfreies Lernen in famili\u00e4rer Atmosph\u00e4re.<\/strong><\/p>\n\n\n\n<p><strong>4-semestrig in Tagesform, Vollzeitstudium<\/strong><\/p>\n\n\n\n<div id=\"linklist-block_00b349182ed5415a2be904cfbd1b19dc\" class=\"linklist\">\n\t\t\n\t\t<a href=\"https:\/\/www.stachristiana.at\/app\/uploads\/sites\/6\/2023\/07\/Kolleg_BAfEP_2023_2024.pdf\" target=\"_blank\" class=\"linklist-item linklist-item-hellblau\">\n\t\t\tStundentafel\t\t<\/a>\n\n\t\t\n\t\t<a href=\"https:\/\/www.stachristiana.at\/app\/uploads\/sites\/6\/2022\/12\/Flyer_Kolleg_V1.pdf\" target=\"_blank\" class=\"linklist-item linklist-item-hellblau\">\n\t\t\tKolleg &#8211; Folder\t\t<\/a>\n\n\t\t\n\t\t<a href=\"https:\/\/www.stachristiana.at\/app\/uploads\/sites\/6\/2024\/12\/Eignungspruefung_Info_2025.pdf\" target=\"_blank\" class=\"linklist-item linklist-item-hellblau\">\n\t\t\tInformationen zur Eignungspr\u00fcfung\t\t<\/a>\n\n\t\t\n\t\t<a href=\"https:\/\/www.stachristiana.at\/hlw-bafep-frohsdorf\/anmeldung\" target=\"_blank\" class=\"linklist-item linklist-item-hellblau\">\n\t\t\tInformationen zur Anmeldung\t\t<\/a>\n\n\t\t\n\t\t<a href=\"https:\/\/www.stachristiana.at\/app\/uploads\/sites\/6\/2022\/12\/Foerderungen_fuer_Privatpersonen.pdf\" target=\"_blank\" class=\"linklist-item linklist-item-hellblau\">\n\t\t\tF\u00f6rderm\u00f6glichkeiten f\u00fcr Privatpersonen\t\t<\/a>\n\n\t\t\n\t\t<a href=\"https:\/\/www.stachristiana.at\/app\/uploads\/sites\/6\/2022\/12\/Kolleg_Steuerliche_Absetzbarkeit.pdf\" target=\"_blank\" class=\"linklist-item linklist-item-hellblau\">\n\t\t\tSteuerliche Absetzbarkeit von Umschulungskosten\t\t<\/a>\n\n\t\t\n\t\t<a href=\"https:\/\/www.ams.at\/arbeitsuchende\/aus-und-weiterbildung\/so-foerdern-wir-ihre-aus--und-weiterbildung-\/fachkraeftestipendium\" target=\"_blank\" class=\"linklist-item linklist-item-hellblau\">\n\t\t\tFachkr\u00e4ftestipendium durch das AMS\t\t<\/a>\n\n\t<\/div>\n\n\n\n<figure class=\"wp-block-image size-full\"><img loading=\"lazy\" decoding=\"async\" width=\"900\" height=\"600\" src=\"https:\/\/www.stachristiana.at\/app\/uploads\/sites\/6\/2023\/01\/Sta-Christiana-08.jpg\" alt=\"\" class=\"wp-image-1155\" srcset=\"https:\/\/www.stachristiana.at\/app\/uploads\/sites\/6\/2023\/01\/Sta-Christiana-08.jpg 900w, https:\/\/www.stachristiana.at\/app\/uploads\/sites\/6\/2023\/01\/Sta-Christiana-08-400x267.jpg 400w, https:\/\/www.stachristiana.at\/app\/uploads\/sites\/6\/2023\/01\/Sta-Christiana-08-768x512.jpg 768w, https:\/\/www.stachristiana.at\/app\/uploads\/sites\/6\/2023\/01\/Sta-Christiana-08-690x460.jpg 690w, https:\/\/www.stachristiana.at\/app\/uploads\/sites\/6\/2023\/01\/Sta-Christiana-08-113x75.jpg 113w\" sizes=\"auto, (max-width: 900px) 100vw, 900px\" \/><\/figure>\n\n\n\n<p>Das Kolleg erf\u00fcllt den Regellehrplan eines Kolleg der Bildungsanstalt f\u00fcr Elementarp\u00e4dagogik. Der am Standort bereits vorhandene Kindergarten sowie der Hort werden in die praktische Ausbildung der Student*innen intensiv eingebunden.&nbsp;<\/p>\n\n\n\n<p>Die berufsspezifische Ausbildung und die musisch-kreative Schulung sollen auf dem Hintergrund eines christlichen Menschenbildes die besondere Liebe zum Kind f\u00f6rdern. \u201eWir bilden Elementarp\u00e4dagog*innen aus, die eine christlich orientierte weltanschauliche Basis haben. Die Berufsausbildung alleine ist zu wenig, gerade bei den Kindergartenp\u00e4dagog*innen f\u00fcr die J\u00fcngsten braucht es auch Herzensbildung&#8220;, so Direktor Dr. Alexander Kucera voller Enthusiasmus.<\/p>\n\n\n\n<p><strong>Aufnahmevoraussetzungen<\/strong><br>Reifepr\u00fcfung AHS\/BHS,&nbsp;Berufsreifepr\u00fcfung oder&nbsp;Studienberechtigungspr\u00fcfung<\/p>\n\n\n\n<p><strong>Eignungspr\u00fcfung<\/strong><br>Die Eignungspr\u00fcfung umfasst f\u00fcr alle Kandidat*innen eine praktische Pr\u00fcfung in 4 Teilbereichen. Ein Nachweis des Schwimmenk\u00f6nnens muss vorgelegt werden.<\/p>\n\n\n\n<p><strong>Abschluss<\/strong><br>Abschluss mit Diplompr\u00fcfung mit Diplomarbeit, schriftlichen Klausuren und kommissioneller m\u00fcndlicher Pr\u00fcfung<\/p>\n\n\n\n<p>Wir erwarten von den Studierenden soziales Engagement, physische und psychische Belastbarkeit, Empathie, Authentizit\u00e4t, Teamf\u00e4higkeit, Durchsetzungsverm\u00f6gen, Flexibilit\u00e4t, Organisationsf\u00e4higkeit und Innovationsfreudigkeit, Kreativit\u00e4t und Bereitschaft zur Selbstreflexion.<\/p>\n\n\n\n<p><strong>Pflichtpraktikum<\/strong><br>2 Wochen in den Ferien ab dem zweiten Semester bis zum Beginn des vierten Semesters<\/p>\n","protected":false},"excerpt":{"rendered":"<p>Schule auf selber Augenh\u00f6he. Angstfreies Lernen in famili\u00e4rer Atmosph\u00e4re. 4-semestrig in Tagesform, Vollzeitstudium Das Kolleg erf\u00fcllt den Regellehrplan eines Kolleg der Bildungsanstalt f\u00fcr Elementarp\u00e4dagogik. Der am Standort bereits vorhandene Kindergarten sowie der Hort werden in die praktische Ausbildung der Student*innen intensiv eingebunden.&nbsp; Die berufsspezifische Ausbildung und die musisch-kreative Schulung sollen auf dem Hintergrund eines christlichen [&hellip;]<\/p>\n","protected":false},"author":16,"featured_media":0,"parent":144,"menu_order":6,"comment_status":"closed","ping_status":"closed","template":"","meta":{"footnotes":""},"class_list":["post-823","page","type-page","status-publish","hentry"],"acf":[],"yoast_head":"<!-- This site is optimized with the Yoast SEO plugin v26.8 - https:\/\/yoast.com\/product\/yoast-seo-wordpress\/ -->\n<title>Kolleg f\u00fcr Elementarp\u00e4dagogik - HLW, BAfEP &amp; BASOP Frohsdorf<\/title>\n<meta name=\"robots\" content=\"index, follow, max-snippet:-1, max-image-preview:large, max-video-preview:-1\" \/>\n<link rel=\"canonical\" href=\"https:\/\/www.stachristiana.at\/hlw-bafep-frohsdorf\/was-wir-bieten\/kolleg-fuer-elementarpaedagogik\" \/>\n<meta property=\"og:locale\" content=\"de_DE\" \/>\n<meta property=\"og:type\" content=\"article\" \/>\n<meta property=\"og:title\" content=\"Kolleg f\u00fcr Elementarp\u00e4dagogik - HLW, BAfEP &amp; BASOP Frohsdorf\" \/>\n<meta property=\"og:description\" content=\"Schule auf selber Augenh\u00f6he. Angstfreies Lernen in famili\u00e4rer Atmosph\u00e4re. 4-semestrig in Tagesform, Vollzeitstudium Das Kolleg erf\u00fcllt den Regellehrplan eines Kolleg der Bildungsanstalt f\u00fcr Elementarp\u00e4dagogik. Der am Standort bereits vorhandene Kindergarten sowie der Hort werden in die praktische Ausbildung der Student*innen intensiv eingebunden.&nbsp; Die berufsspezifische Ausbildung und die musisch-kreative Schulung sollen auf dem Hintergrund eines christlichen [&hellip;]\" \/>\n<meta property=\"og:url\" content=\"https:\/\/www.stachristiana.at\/hlw-bafep-frohsdorf\/was-wir-bieten\/kolleg-fuer-elementarpaedagogik\" \/>\n<meta property=\"og:site_name\" content=\"HLW, BAfEP &amp; BASOP Frohsdorf\" \/>\n<meta property=\"article:modified_time\" content=\"2026-01-19T08:44:37+00:00\" \/>\n<meta property=\"og:image\" content=\"https:\/\/www.stachristiana.at\/app\/uploads\/sites\/6\/2023\/01\/Sta-Christiana-08.jpg\" \/>\n\t<meta property=\"og:image:width\" content=\"900\" \/>\n\t<meta property=\"og:image:height\" content=\"600\" \/>\n\t<meta property=\"og:image:type\" content=\"image\/jpeg\" \/>\n<meta name=\"twitter:card\" content=\"summary_large_image\" \/>\n<meta name=\"twitter:label1\" content=\"Gesch\u00e4tzte Lesezeit\" \/>\n\t<meta name=\"twitter:data1\" content=\"2\u00a0Minuten\" \/>\n<script type=\"application\/ld+json\" class=\"yoast-schema-graph\">{\"@context\":\"https:\/\/schema.org\",\"@graph\":[{\"@type\":\"WebPage\",\"@id\":\"https:\/\/www.stachristiana.at\/hlw-bafep-frohsdorf\/was-wir-bieten\/kolleg-fuer-elementarpaedagogik\",\"url\":\"https:\/\/www.stachristiana.at\/hlw-bafep-frohsdorf\/was-wir-bieten\/kolleg-fuer-elementarpaedagogik\",\"name\":\"Kolleg f\u00fcr Elementarp\u00e4dagogik - HLW, BAfEP &amp; BASOP Frohsdorf\",\"isPartOf\":{\"@id\":\"https:\/\/www.stachristiana.at\/hlw-bafep-frohsdorf\/#website\"},\"primaryImageOfPage\":{\"@id\":\"https:\/\/www.stachristiana.at\/hlw-bafep-frohsdorf\/was-wir-bieten\/kolleg-fuer-elementarpaedagogik#primaryimage\"},\"image\":{\"@id\":\"https:\/\/www.stachristiana.at\/hlw-bafep-frohsdorf\/was-wir-bieten\/kolleg-fuer-elementarpaedagogik#primaryimage\"},\"thumbnailUrl\":\"https:\/\/www.stachristiana.at\/app\/uploads\/sites\/6\/2023\/01\/Sta-Christiana-08.jpg\",\"datePublished\":\"2022-12-19T14:32:24+00:00\",\"dateModified\":\"2026-01-19T08:44:37+00:00\",\"breadcrumb\":{\"@id\":\"https:\/\/www.stachristiana.at\/hlw-bafep-frohsdorf\/was-wir-bieten\/kolleg-fuer-elementarpaedagogik#breadcrumb\"},\"inLanguage\":\"de\",\"potentialAction\":[{\"@type\":\"ReadAction\",\"target\":[\"https:\/\/www.stachristiana.at\/hlw-bafep-frohsdorf\/was-wir-bieten\/kolleg-fuer-elementarpaedagogik\"]}]},{\"@type\":\"ImageObject\",\"inLanguage\":\"de\",\"@id\":\"https:\/\/www.stachristiana.at\/hlw-bafep-frohsdorf\/was-wir-bieten\/kolleg-fuer-elementarpaedagogik#primaryimage\",\"url\":\"https:\/\/www.stachristiana.at\/app\/uploads\/sites\/6\/2023\/01\/Sta-Christiana-08.jpg\",\"contentUrl\":\"https:\/\/www.stachristiana.at\/app\/uploads\/sites\/6\/2023\/01\/Sta-Christiana-08.jpg\"},{\"@type\":\"BreadcrumbList\",\"@id\":\"https:\/\/www.stachristiana.at\/hlw-bafep-frohsdorf\/was-wir-bieten\/kolleg-fuer-elementarpaedagogik#breadcrumb\",\"itemListElement\":[{\"@type\":\"ListItem\",\"position\":1,\"name\":\"Start\",\"item\":\"https:\/\/www.stachristiana.at\/\"},{\"@type\":\"ListItem\",\"position\":2,\"name\":\"Was wir bieten\",\"item\":\"https:\/\/www.stachristiana.at\/hlw-bafep-frohsdorf\/was-wir-bieten\"},{\"@type\":\"ListItem\",\"position\":3,\"name\":\"Kolleg f\u00fcr Elementarp\u00e4dagogik\"}]},{\"@type\":\"WebSite\",\"@id\":\"https:\/\/www.stachristiana.at\/hlw-bafep-frohsdorf\/#website\",\"url\":\"https:\/\/www.stachristiana.at\/hlw-bafep-frohsdorf\/\",\"name\":\"Sta. Christiana - HLW - BAfEP Frohsdorf\",\"description\":\"H\u00f6here Lehranstalt, Fachschule und Aufbaulehrgang f\u00fcr wirtschaftliche Berufe und Bildungsanstalt und Kolleg f\u00fcr Elementarp\u00e4dagogik\",\"publisher\":{\"@id\":\"https:\/\/www.stachristiana.at\/hlw-bafep-frohsdorf\/#organization\"},\"alternateName\":\"Sta. Christiana\",\"potentialAction\":[{\"@type\":\"SearchAction\",\"target\":{\"@type\":\"EntryPoint\",\"urlTemplate\":\"https:\/\/www.stachristiana.at\/hlw-bafep-frohsdorf\/?s={search_term_string}\"},\"query-input\":{\"@type\":\"PropertyValueSpecification\",\"valueRequired\":true,\"valueName\":\"search_term_string\"}}],\"inLanguage\":\"de\"},{\"@type\":\"Organization\",\"@id\":\"https:\/\/www.stachristiana.at\/hlw-bafep-frohsdorf\/#organization\",\"name\":\"Sta. Christiana - HLW und BAfEP Frohsdorf\",\"alternateName\":\"Sta. Christiana\",\"url\":\"https:\/\/www.stachristiana.at\/hlw-bafep-frohsdorf\/\",\"logo\":{\"@type\":\"ImageObject\",\"inLanguage\":\"de\",\"@id\":\"https:\/\/www.stachristiana.at\/hlw-bafep-frohsdorf\/#\/schema\/logo\/image\/\",\"url\":\"https:\/\/www.stachristiana.at\/app\/uploads\/sites\/6\/2022\/05\/logo-sta-christiana.png\",\"contentUrl\":\"https:\/\/www.stachristiana.at\/app\/uploads\/sites\/6\/2022\/05\/logo-sta-christiana.png\",\"width\":1200,\"height\":491,\"caption\":\"Sta. Christiana - HLW und BAfEP Frohsdorf\"},\"image\":{\"@id\":\"https:\/\/www.stachristiana.at\/hlw-bafep-frohsdorf\/#\/schema\/logo\/image\/\"}}]}<\/script>\n<!-- \/ Yoast SEO plugin. -->","yoast_head_json":{"title":"Kolleg f\u00fcr Elementarp\u00e4dagogik - HLW, BAfEP &amp; BASOP Frohsdorf","robots":{"index":"index","follow":"follow","max-snippet":"max-snippet:-1","max-image-preview":"max-image-preview:large","max-video-preview":"max-video-preview:-1"},"canonical":"https:\/\/www.stachristiana.at\/hlw-bafep-frohsdorf\/was-wir-bieten\/kolleg-fuer-elementarpaedagogik","og_locale":"de_DE","og_type":"article","og_title":"Kolleg f\u00fcr Elementarp\u00e4dagogik - HLW, BAfEP &amp; BASOP Frohsdorf","og_description":"Schule auf selber Augenh\u00f6he. Angstfreies Lernen in famili\u00e4rer Atmosph\u00e4re. 4-semestrig in Tagesform, Vollzeitstudium Das Kolleg erf\u00fcllt den Regellehrplan eines Kolleg der Bildungsanstalt f\u00fcr Elementarp\u00e4dagogik. Der am Standort bereits vorhandene Kindergarten sowie der Hort werden in die praktische Ausbildung der Student*innen intensiv eingebunden.&nbsp; Die berufsspezifische Ausbildung und die musisch-kreative Schulung sollen auf dem Hintergrund eines christlichen [&hellip;]","og_url":"https:\/\/www.stachristiana.at\/hlw-bafep-frohsdorf\/was-wir-bieten\/kolleg-fuer-elementarpaedagogik","og_site_name":"HLW, BAfEP &amp; BASOP Frohsdorf","article_modified_time":"2026-01-19T08:44:37+00:00","og_image":[{"width":900,"height":600,"url":"https:\/\/www.stachristiana.at\/app\/uploads\/sites\/6\/2023\/01\/Sta-Christiana-08.jpg","type":"image\/jpeg"}],"twitter_card":"summary_large_image","twitter_misc":{"Gesch\u00e4tzte Lesezeit":"2\u00a0Minuten"},"schema":{"@context":"https:\/\/schema.org","@graph":[{"@type":"WebPage","@id":"https:\/\/www.stachristiana.at\/hlw-bafep-frohsdorf\/was-wir-bieten\/kolleg-fuer-elementarpaedagogik","url":"https:\/\/www.stachristiana.at\/hlw-bafep-frohsdorf\/was-wir-bieten\/kolleg-fuer-elementarpaedagogik","name":"Kolleg f\u00fcr Elementarp\u00e4dagogik - HLW, BAfEP &amp; BASOP Frohsdorf","isPartOf":{"@id":"https:\/\/www.stachristiana.at\/hlw-bafep-frohsdorf\/#website"},"primaryImageOfPage":{"@id":"https:\/\/www.stachristiana.at\/hlw-bafep-frohsdorf\/was-wir-bieten\/kolleg-fuer-elementarpaedagogik#primaryimage"},"image":{"@id":"https:\/\/www.stachristiana.at\/hlw-bafep-frohsdorf\/was-wir-bieten\/kolleg-fuer-elementarpaedagogik#primaryimage"},"thumbnailUrl":"https:\/\/www.stachristiana.at\/app\/uploads\/sites\/6\/2023\/01\/Sta-Christiana-08.jpg","datePublished":"2022-12-19T14:32:24+00:00","dateModified":"2026-01-19T08:44:37+00:00","breadcrumb":{"@id":"https:\/\/www.stachristiana.at\/hlw-bafep-frohsdorf\/was-wir-bieten\/kolleg-fuer-elementarpaedagogik#breadcrumb"},"inLanguage":"de","potentialAction":[{"@type":"ReadAction","target":["https:\/\/www.stachristiana.at\/hlw-bafep-frohsdorf\/was-wir-bieten\/kolleg-fuer-elementarpaedagogik"]}]},{"@type":"ImageObject","inLanguage":"de","@id":"https:\/\/www.stachristiana.at\/hlw-bafep-frohsdorf\/was-wir-bieten\/kolleg-fuer-elementarpaedagogik#primaryimage","url":"https:\/\/www.stachristiana.at\/app\/uploads\/sites\/6\/2023\/01\/Sta-Christiana-08.jpg","contentUrl":"https:\/\/www.stachristiana.at\/app\/uploads\/sites\/6\/2023\/01\/Sta-Christiana-08.jpg"},{"@type":"BreadcrumbList","@id":"https:\/\/www.stachristiana.at\/hlw-bafep-frohsdorf\/was-wir-bieten\/kolleg-fuer-elementarpaedagogik#breadcrumb","itemListElement":[{"@type":"ListItem","position":1,"name":"Start","item":"https:\/\/www.stachristiana.at\/"},{"@type":"ListItem","position":2,"name":"Was wir bieten","item":"https:\/\/www.stachristiana.at\/hlw-bafep-frohsdorf\/was-wir-bieten"},{"@type":"ListItem","position":3,"name":"Kolleg f\u00fcr Elementarp\u00e4dagogik"}]},{"@type":"WebSite","@id":"https:\/\/www.stachristiana.at\/hlw-bafep-frohsdorf\/#website","url":"https:\/\/www.stachristiana.at\/hlw-bafep-frohsdorf\/","name":"Sta. Christiana - HLW - BAfEP Frohsdorf","description":"H\u00f6here Lehranstalt, Fachschule und Aufbaulehrgang f\u00fcr wirtschaftliche Berufe und Bildungsanstalt und Kolleg f\u00fcr Elementarp\u00e4dagogik","publisher":{"@id":"https:\/\/www.stachristiana.at\/hlw-bafep-frohsdorf\/#organization"},"alternateName":"Sta. Christiana","potentialAction":[{"@type":"SearchAction","target":{"@type":"EntryPoint","urlTemplate":"https:\/\/www.stachristiana.at\/hlw-bafep-frohsdorf\/?s={search_term_string}"},"query-input":{"@type":"PropertyValueSpecification","valueRequired":true,"valueName":"search_term_string"}}],"inLanguage":"de"},{"@type":"Organization","@id":"https:\/\/www.stachristiana.at\/hlw-bafep-frohsdorf\/#organization","name":"Sta. Christiana - HLW und BAfEP Frohsdorf","alternateName":"Sta. Christiana","url":"https:\/\/www.stachristiana.at\/hlw-bafep-frohsdorf\/","logo":{"@type":"ImageObject","inLanguage":"de","@id":"https:\/\/www.stachristiana.at\/hlw-bafep-frohsdorf\/#\/schema\/logo\/image\/","url":"https:\/\/www.stachristiana.at\/app\/uploads\/sites\/6\/2022\/05\/logo-sta-christiana.png","contentUrl":"https:\/\/www.stachristiana.at\/app\/uploads\/sites\/6\/2022\/05\/logo-sta-christiana.png","width":1200,"height":491,"caption":"Sta. Christiana - HLW und BAfEP Frohsdorf"},"image":{"@id":"https:\/\/www.stachristiana.at\/hlw-bafep-frohsdorf\/#\/schema\/logo\/image\/"}}]}},"_links":{"self":[{"href":"https:\/\/www.stachristiana.at\/hlw-bafep-frohsdorf\/wp-json\/wp\/v2\/pages\/823","targetHints":{"allow":["GET"]}}],"collection":[{"href":"https:\/\/www.stachristiana.at\/hlw-bafep-frohsdorf\/wp-json\/wp\/v2\/pages"}],"about":[{"href":"https:\/\/www.stachristiana.at\/hlw-bafep-frohsdorf\/wp-json\/wp\/v2\/types\/page"}],"author":[{"embeddable":true,"href":"https:\/\/www.stachristiana.at\/hlw-bafep-frohsdorf\/wp-json\/wp\/v2\/users\/16"}],"replies":[{"embeddable":true,"href":"https:\/\/www.stachristiana.at\/hlw-bafep-frohsdorf\/wp-json\/wp\/v2\/comments?post=823"}],"version-history":[{"count":27,"href":"https:\/\/www.stachristiana.at\/hlw-bafep-frohsdorf\/wp-json\/wp\/v2\/pages\/823\/revisions"}],"predecessor-version":[{"id":3227,"href":"https:\/\/www.stachristiana.at\/hlw-bafep-frohsdorf\/wp-json\/wp\/v2\/pages\/823\/revisions\/3227"}],"up":[{"embeddable":true,"href":"https:\/\/www.stachristiana.at\/hlw-bafep-frohsdorf\/wp-json\/wp\/v2\/pages\/144"}],"wp:attachment":[{"href":"https:\/\/www.stachristiana.at\/hlw-bafep-frohsdorf\/wp-json\/wp\/v2\/media?parent=823"}],"curies":[{"name":"wp","href":"https:\/\/api.w.org\/{rel}","templated":true}]}}