{"id":821,"date":"2022-12-19T15:32:00","date_gmt":"2022-12-19T14:32:00","guid":{"rendered":"http:\/\/www.sanctachristiana.at\/hlw-bafep-frohsdorf\/?page_id=821"},"modified":"2026-01-19T09:43:25","modified_gmt":"2026-01-19T08:43:25","slug":"bildungsanstalt-fuer-elementarpaedagogik","status":"publish","type":"page","link":"https:\/\/www.stachristiana.at\/hlw-bafep-frohsdorf\/was-wir-bieten\/bildungsanstalt-fuer-elementarpaedagogik","title":{"rendered":"Bildungsanstalt f\u00fcr Elementarp\u00e4dagogik"},"content":{"rendered":"\n<p><strong>Schule auf selber Augenh\u00f6he. Angstfreies Lernen in famili\u00e4rer Atmosph\u00e4re.<\/strong><\/p>\n\n\n\n<p>Wir bieten auch eine Elementarp\u00e4dagogik-Ausbildung f\u00fcr Erwachsene an: <a href=\"https:\/\/www.stachristiana.at\/hlw-bafep-frohsdorf\/was-wir-bieten\/kolleg-fuer-elementarpaedagogik\">Kolleg f\u00fcr Elementarp\u00e4dagogik<\/a>!<\/p>\n\n\n\n<div id=\"linklist-block_5d0f0bbd13c66de869f1475866ef3780\" class=\"linklist\">\n\t\t\n\t\t<a href=\"https:\/\/www.stachristiana.at\/app\/uploads\/sites\/6\/2023\/07\/BAfEP_2023_2024.pdf\" target=\"_blank\" class=\"linklist-item linklist-item-hellblau\">\n\t\t\tStundentafel (1.-4. Klasse ab 23\/24,  5. Klasse alte Stundentafel auslaufend)\t\t<\/a>\n\n\t\t\n\t\t<a href=\"https:\/\/www.stachristiana.at\/app\/uploads\/sites\/6\/2024\/12\/Eignungspruefung_Info_2025.pdf\" target=\"_blank\" class=\"linklist-item linklist-item-hellblau\">\n\t\t\tInformationen zur Eignungspr\u00fcfung\t\t<\/a>\n\n\t\t\n\t\t<a href=\"https:\/\/www.stachristiana.at\/hlw-bafep-frohsdorf\/anmeldung\" target=\"_blank\" class=\"linklist-item linklist-item-hellblau\">\n\t\t\tInformationen zur Anmeldung\t\t<\/a>\n\n\t\t\n\t\t<a href=\"https:\/\/www.stachristiana.at\/hlw-bafep-frohsdorf\/was-wir-bieten\/kolleg-fuer-elementarpaedagogik\" target=\"_blank\" class=\"linklist-item linklist-item-hellblau\">\n\t\t\tElementarp\u00e4dagogik-Ausbildung f\u00fcr Erwachsene: Kolleg f\u00fcr Elementarp\u00e4dagogik\t\t<\/a>\n\n\t<\/div>\n\n\n\n<p><\/p>\n\n\n\n<p><strong>Fremdsprachen<\/strong><\/p>\n\n\n\n<ul class=\"wp-block-list\">\n<li>Englisch<\/li>\n\n\n\n<li>Englisch als Arbeitssprache: In unterschiedlichen Gegenst\u00e4nden werden einzelne Themen in Englisch unterrichtet.<\/li>\n<\/ul>\n\n\n\n<p>Die BAfEP erf\u00fcllt den Regellehrplan einer Bildungsanstalt f\u00fcr Elementarp\u00e4dagogik. Der am Standort bereits vorhandene Kindergarten sowie der bew\u00e4hrte Hort werden in die praktische Ausbildung der Sch\u00fcler*innen intensiv eingebunden. Die Leiterinnen der beiden genannten Bildungseinrichtungen sind st\u00e4ndig an der Entwicklung der BAfEPbeteiligt, um die Praxiseinbindung zu optimieren.<\/p>\n\n\n\n<p>Die berufsspezifische Ausbildung, die musisch-kreative Schulung und die Allgemeinbildung sollen auf dem Hintergrund eines christlichen Menschenbildes die besondere Liebe zum Kind f\u00f6rdern. \u201eWir bilden Elementarp\u00e4dagog:innen aus, die eine christlich orientierte weltanschauliche Basis haben. Die Berufsausbildung alleine ist zu wenig, gerade bei den Kindergartenp\u00e4dagog:innen f\u00fcr die J\u00fcngsten braucht es auch Herzensbildung&#8220;, so Direktor Dr. Alexander Kucera voller Enthusiasmus.<\/p>\n\n\n\n<p><strong>Aufnahmekriterien<\/strong><\/p>\n\n\n\n<p>Positiver Abschluss der 4. Klasse NMS oder AHS<br>Aufnahmspr\u00fcfung f\u00fcr Sch\u00fcler:innen, wenn keine positive Beurteilung in der Vertiefung der NMS<\/p>\n\n\n\n<p>Abschluss mit Reife- und Diplompr\u00fcfung mit praktischer Vorpr\u00fcfung und schriftlichen Klausuren sowie kommissioneller m\u00fcndlicher Pr\u00fcfung<\/p>\n\n\n\n<p><strong>Informationen zur Eignungspr\u00fcfung<\/strong><\/p>\n\n\n\n<div id=\"linklist-block_d659fbada8b0a1497b86f3b47c2fc84c\" class=\"linklist\">\n\t\t\n\t\t<a href=\"https:\/\/www.stachristiana.at\/app\/uploads\/sites\/6\/2024\/12\/Eignungspruefung_Info_2025.pdf\" target=\"_blank\" class=\"linklist-item linklist-item-hellblau\">\n\t\t\tInformationen zur Eignungspr\u00fcfung\t\t<\/a>\n\n\t<\/div>\n\n\n\n<figure class=\"wp-block-image size-large\"><img loading=\"lazy\" decoding=\"async\" width=\"739\" height=\"1024\" src=\"https:\/\/www.stachristiana.at\/app\/uploads\/sites\/6\/2023\/01\/Sta-Christiana-12-739x1024.jpg\" alt=\"\" class=\"wp-image-1186\" srcset=\"https:\/\/www.stachristiana.at\/app\/uploads\/sites\/6\/2023\/01\/Sta-Christiana-12-739x1024.jpg 739w, https:\/\/www.stachristiana.at\/app\/uploads\/sites\/6\/2023\/01\/Sta-Christiana-12-289x400.jpg 289w, https:\/\/www.stachristiana.at\/app\/uploads\/sites\/6\/2023\/01\/Sta-Christiana-12-768x1064.jpg 768w, https:\/\/www.stachristiana.at\/app\/uploads\/sites\/6\/2023\/01\/Sta-Christiana-12-332x460.jpg 332w, https:\/\/www.stachristiana.at\/app\/uploads\/sites\/6\/2023\/01\/Sta-Christiana-12-54x75.jpg 54w, https:\/\/www.stachristiana.at\/app\/uploads\/sites\/6\/2023\/01\/Sta-Christiana-12.jpg 900w\" sizes=\"auto, (max-width: 739px) 100vw, 739px\" \/><\/figure>\n\n\n\n<p><strong>Praxis<\/strong><\/p>\n\n\n\n<p>Im ersten Schuljahr wird die Praxis mit dem Kindergarten vor Ort organisiert.<br>Zus\u00e4tzlich d\u00fcrfen die Sch\u00fcler:innen erste Erfahrungen bei Hospitionsbesuchen sammeln.<\/p>\n\n\n\n<p>Ab dem zweiten Schuljahr finden regelm\u00e4\u00dfig Praxisbesuche in Kinderg\u00e4rten statt.&nbsp; Dazu kommen auch noch 6 Praxiswochen und 2 Wochen Pflichtpraktikum in den Ferien nach dem II bis vor dem V. Jahrgang.<\/p>\n\n\n\n<p>Bei der Praxis im Kindergarten haben die Sch\u00fcler die M\u00f6glichkeit zu beobachten und selbst erste Erfahrungen zu sammeln.&nbsp; Hierbei erleben und st\u00e4rken die Sch\u00fcler*innen aber auch ihre Haltung gegen\u00fcber Kindern, Kollegen, Mitarbeitern und Eltern.&nbsp;<\/p>\n\n\n\n<p><strong>Zusatzausbildung<\/strong><\/p>\n\n\n\n<p>Ab dem 3. Jahrgang kann zus\u00e4tzlich Hortp\u00e4dagogik gew\u00e4hlt werden. Es wird dann ein Teil der Kindergartenpraxis auch in diesen Fachbereichen absolviert.<\/p>\n\n\n\n<figure class=\"wp-block-image size-large\"><img loading=\"lazy\" decoding=\"async\" width=\"850\" height=\"1024\" src=\"https:\/\/www.stachristiana.at\/app\/uploads\/sites\/6\/2023\/10\/Schuelerinnen-der-BAfEP-gestalten-in-der-Ausbildung-Angebote-fuer-die-Kindergartenkinder-Variante-1-1-850x1024.jpg\" alt=\"\" class=\"wp-image-2115\" srcset=\"https:\/\/www.stachristiana.at\/app\/uploads\/sites\/6\/2023\/10\/Schuelerinnen-der-BAfEP-gestalten-in-der-Ausbildung-Angebote-fuer-die-Kindergartenkinder-Variante-1-1-850x1024.jpg 850w, https:\/\/www.stachristiana.at\/app\/uploads\/sites\/6\/2023\/10\/Schuelerinnen-der-BAfEP-gestalten-in-der-Ausbildung-Angebote-fuer-die-Kindergartenkinder-Variante-1-1-332x400.jpg 332w, https:\/\/www.stachristiana.at\/app\/uploads\/sites\/6\/2023\/10\/Schuelerinnen-der-BAfEP-gestalten-in-der-Ausbildung-Angebote-fuer-die-Kindergartenkinder-Variante-1-1-768x925.jpg 768w, https:\/\/www.stachristiana.at\/app\/uploads\/sites\/6\/2023\/10\/Schuelerinnen-der-BAfEP-gestalten-in-der-Ausbildung-Angebote-fuer-die-Kindergartenkinder-Variante-1-1-1275x1536.jpg 1275w, https:\/\/www.stachristiana.at\/app\/uploads\/sites\/6\/2023\/10\/Schuelerinnen-der-BAfEP-gestalten-in-der-Ausbildung-Angebote-fuer-die-Kindergartenkinder-Variante-1-1-1700x2048.jpg 1700w, https:\/\/www.stachristiana.at\/app\/uploads\/sites\/6\/2023\/10\/Schuelerinnen-der-BAfEP-gestalten-in-der-Ausbildung-Angebote-fuer-die-Kindergartenkinder-Variante-1-1-382x460.jpg 382w, https:\/\/www.stachristiana.at\/app\/uploads\/sites\/6\/2023\/10\/Schuelerinnen-der-BAfEP-gestalten-in-der-Ausbildung-Angebote-fuer-die-Kindergartenkinder-Variante-1-1-62x75.jpg 62w, https:\/\/www.stachristiana.at\/app\/uploads\/sites\/6\/2023\/10\/Schuelerinnen-der-BAfEP-gestalten-in-der-Ausbildung-Angebote-fuer-die-Kindergartenkinder-Variante-1-1-scaled.jpg 1860w\" sizes=\"auto, (max-width: 850px) 100vw, 850px\" \/><\/figure>\n\n\n\n<p><strong>Ausbildungsziele<\/strong><\/p>\n\n\n\n<p>Die berufsspezifische Ausbildung, die musisch-kreative Schulung und die Allgemeinbildung sollen auf dem Hintergrund eines christlichen Menschenbildes die besondere Liebe zum Kind f\u00f6rdern. Dieses harmonische Zusammenspiel f\u00fchrt zu einer umfassenden Entwicklung der Pers\u00f6nlichkeit und einer fachlich fundierten Erziehungspers\u00f6nlichkeit. Der am Standort gef\u00fchrte Kindergarten sowie der bew\u00e4hrte Hort sind in die praktische Ausbildung der Sch\u00fclerinnen und Sch\u00fcler intensiv eingebunden.<\/p>\n\n\n\n<p>Wir bilden Elementarp\u00e4dagog:innen aus, die eine christlich orientierte weltanschauliche Basis haben. Die Berufsausbildung alleine ist wichtig, aber auch zu wenig, gerade bei den Kindergartenp\u00e4dagog:innen f\u00fcr die J\u00fcngsten braucht es auch Herzensbildung.<\/p>\n\n\n\n<p>Wir stehen f\u00fcr Ganzheitlichkeit. Unser Labor ist das Leben, unsere Werkstatt die Wirklichkeit. Wir sehen P\u00e4dagogik als ganzheitliche Herausforderung. Unseren Unterricht unterziehen wir einem permanenten Reflexionsprozess.<\/p>\n\n\n\n<p>Wir erwarten uns von unseren Absolvent:innen Belastbarkeit, soziale Verantwortung, Kreativit\u00e4t und F\u00fchrungskompetenz. Sch\u00fcler:innen der BAfEP sind Menschen, die Verantwortung \u00fcbernehmen, die sozial engagiert handeln. Selbstst\u00e4ndigkeit, ein klares Wertebewusstsein und Integrationsverm\u00f6gen sind Bedingungen. Die hohe Zahl der Stunden und die breite Palette des Unterrichts stellen hohe Anspr\u00fcche an Sch\u00fcler*innen.<\/p>\n\n\n\n<p><strong>Berufsfelder<\/strong><\/p>\n\n\n\n<p>Der Abschluss der BAfEP bef\u00e4higt zu professioneller Arbeit in Kinderg\u00e4rten, Horten und Einrichtungen der Fr\u00fcherziehung.<br>Wer die BAfEP absolviert, hat das R\u00fcstzeug, um an Universit\u00e4ten, Akademien, Fachhochschulen und Kollegs zu studieren.<\/p>\n","protected":false},"excerpt":{"rendered":"<p>Schule auf selber Augenh\u00f6he. Angstfreies Lernen in famili\u00e4rer Atmosph\u00e4re. Wir bieten auch eine Elementarp\u00e4dagogik-Ausbildung f\u00fcr Erwachsene an: Kolleg f\u00fcr Elementarp\u00e4dagogik! Fremdsprachen Die BAfEP erf\u00fcllt den Regellehrplan einer Bildungsanstalt f\u00fcr Elementarp\u00e4dagogik. Der am Standort bereits vorhandene Kindergarten sowie der bew\u00e4hrte Hort werden in die praktische Ausbildung der Sch\u00fcler*innen intensiv eingebunden. Die Leiterinnen der beiden genannten Bildungseinrichtungen [&hellip;]<\/p>\n","protected":false},"author":16,"featured_media":0,"parent":144,"menu_order":5,"comment_status":"closed","ping_status":"closed","template":"","meta":{"footnotes":""},"class_list":["post-821","page","type-page","status-publish","hentry"],"acf":[],"yoast_head":"<!-- This site is optimized with the Yoast SEO plugin v26.8 - https:\/\/yoast.com\/product\/yoast-seo-wordpress\/ -->\n<title>Bildungsanstalt f\u00fcr Elementarp\u00e4dagogik - HLW, BAfEP &amp; BASOP Frohsdorf<\/title>\n<meta name=\"robots\" content=\"index, follow, max-snippet:-1, max-image-preview:large, max-video-preview:-1\" \/>\n<link rel=\"canonical\" href=\"https:\/\/www.stachristiana.at\/hlw-bafep-frohsdorf\/was-wir-bieten\/bildungsanstalt-fuer-elementarpaedagogik\" \/>\n<meta property=\"og:locale\" content=\"de_DE\" \/>\n<meta property=\"og:type\" content=\"article\" \/>\n<meta property=\"og:title\" content=\"Bildungsanstalt f\u00fcr Elementarp\u00e4dagogik - HLW, BAfEP &amp; BASOP Frohsdorf\" \/>\n<meta property=\"og:description\" content=\"Schule auf selber Augenh\u00f6he. Angstfreies Lernen in famili\u00e4rer Atmosph\u00e4re. Wir bieten auch eine Elementarp\u00e4dagogik-Ausbildung f\u00fcr Erwachsene an: Kolleg f\u00fcr Elementarp\u00e4dagogik! Fremdsprachen Die BAfEP erf\u00fcllt den Regellehrplan einer Bildungsanstalt f\u00fcr Elementarp\u00e4dagogik. Der am Standort bereits vorhandene Kindergarten sowie der bew\u00e4hrte Hort werden in die praktische Ausbildung der Sch\u00fcler*innen intensiv eingebunden. Die Leiterinnen der beiden genannten Bildungseinrichtungen [&hellip;]\" \/>\n<meta property=\"og:url\" content=\"https:\/\/www.stachristiana.at\/hlw-bafep-frohsdorf\/was-wir-bieten\/bildungsanstalt-fuer-elementarpaedagogik\" \/>\n<meta property=\"og:site_name\" content=\"HLW, BAfEP &amp; BASOP Frohsdorf\" \/>\n<meta property=\"article:modified_time\" content=\"2026-01-19T08:43:25+00:00\" \/>\n<meta property=\"og:image\" content=\"https:\/\/www.stachristiana.at\/app\/uploads\/sites\/6\/2023\/01\/Sta-Christiana-12.jpg\" \/>\n\t<meta property=\"og:image:width\" content=\"900\" \/>\n\t<meta property=\"og:image:height\" content=\"1247\" \/>\n\t<meta property=\"og:image:type\" content=\"image\/jpeg\" \/>\n<meta name=\"twitter:card\" content=\"summary_large_image\" \/>\n<meta name=\"twitter:label1\" content=\"Gesch\u00e4tzte Lesezeit\" \/>\n\t<meta name=\"twitter:data1\" content=\"4\u00a0Minuten\" \/>\n<script type=\"application\/ld+json\" class=\"yoast-schema-graph\">{\"@context\":\"https:\/\/schema.org\",\"@graph\":[{\"@type\":\"WebPage\",\"@id\":\"https:\/\/www.stachristiana.at\/hlw-bafep-frohsdorf\/was-wir-bieten\/bildungsanstalt-fuer-elementarpaedagogik\",\"url\":\"https:\/\/www.stachristiana.at\/hlw-bafep-frohsdorf\/was-wir-bieten\/bildungsanstalt-fuer-elementarpaedagogik\",\"name\":\"Bildungsanstalt f\u00fcr Elementarp\u00e4dagogik - HLW, BAfEP &amp; BASOP Frohsdorf\",\"isPartOf\":{\"@id\":\"https:\/\/www.stachristiana.at\/hlw-bafep-frohsdorf\/#website\"},\"primaryImageOfPage\":{\"@id\":\"https:\/\/www.stachristiana.at\/hlw-bafep-frohsdorf\/was-wir-bieten\/bildungsanstalt-fuer-elementarpaedagogik#primaryimage\"},\"image\":{\"@id\":\"https:\/\/www.stachristiana.at\/hlw-bafep-frohsdorf\/was-wir-bieten\/bildungsanstalt-fuer-elementarpaedagogik#primaryimage\"},\"thumbnailUrl\":\"https:\/\/www.stachristiana.at\/app\/uploads\/sites\/6\/2023\/01\/Sta-Christiana-12-739x1024.jpg\",\"datePublished\":\"2022-12-19T14:32:00+00:00\",\"dateModified\":\"2026-01-19T08:43:25+00:00\",\"breadcrumb\":{\"@id\":\"https:\/\/www.stachristiana.at\/hlw-bafep-frohsdorf\/was-wir-bieten\/bildungsanstalt-fuer-elementarpaedagogik#breadcrumb\"},\"inLanguage\":\"de\",\"potentialAction\":[{\"@type\":\"ReadAction\",\"target\":[\"https:\/\/www.stachristiana.at\/hlw-bafep-frohsdorf\/was-wir-bieten\/bildungsanstalt-fuer-elementarpaedagogik\"]}]},{\"@type\":\"ImageObject\",\"inLanguage\":\"de\",\"@id\":\"https:\/\/www.stachristiana.at\/hlw-bafep-frohsdorf\/was-wir-bieten\/bildungsanstalt-fuer-elementarpaedagogik#primaryimage\",\"url\":\"https:\/\/www.stachristiana.at\/app\/uploads\/sites\/6\/2023\/01\/Sta-Christiana-12-739x1024.jpg\",\"contentUrl\":\"https:\/\/www.stachristiana.at\/app\/uploads\/sites\/6\/2023\/01\/Sta-Christiana-12-739x1024.jpg\"},{\"@type\":\"BreadcrumbList\",\"@id\":\"https:\/\/www.stachristiana.at\/hlw-bafep-frohsdorf\/was-wir-bieten\/bildungsanstalt-fuer-elementarpaedagogik#breadcrumb\",\"itemListElement\":[{\"@type\":\"ListItem\",\"position\":1,\"name\":\"Start\",\"item\":\"https:\/\/www.stachristiana.at\/\"},{\"@type\":\"ListItem\",\"position\":2,\"name\":\"Was wir bieten\",\"item\":\"https:\/\/www.stachristiana.at\/hlw-bafep-frohsdorf\/was-wir-bieten\"},{\"@type\":\"ListItem\",\"position\":3,\"name\":\"Bildungsanstalt f\u00fcr Elementarp\u00e4dagogik\"}]},{\"@type\":\"WebSite\",\"@id\":\"https:\/\/www.stachristiana.at\/hlw-bafep-frohsdorf\/#website\",\"url\":\"https:\/\/www.stachristiana.at\/hlw-bafep-frohsdorf\/\",\"name\":\"Sta. Christiana - HLW - BAfEP Frohsdorf\",\"description\":\"H\u00f6here Lehranstalt, Fachschule und Aufbaulehrgang f\u00fcr wirtschaftliche Berufe und Bildungsanstalt und Kolleg f\u00fcr Elementarp\u00e4dagogik\",\"publisher\":{\"@id\":\"https:\/\/www.stachristiana.at\/hlw-bafep-frohsdorf\/#organization\"},\"alternateName\":\"Sta. Christiana\",\"potentialAction\":[{\"@type\":\"SearchAction\",\"target\":{\"@type\":\"EntryPoint\",\"urlTemplate\":\"https:\/\/www.stachristiana.at\/hlw-bafep-frohsdorf\/?s={search_term_string}\"},\"query-input\":{\"@type\":\"PropertyValueSpecification\",\"valueRequired\":true,\"valueName\":\"search_term_string\"}}],\"inLanguage\":\"de\"},{\"@type\":\"Organization\",\"@id\":\"https:\/\/www.stachristiana.at\/hlw-bafep-frohsdorf\/#organization\",\"name\":\"Sta. Christiana - HLW und BAfEP Frohsdorf\",\"alternateName\":\"Sta. Christiana\",\"url\":\"https:\/\/www.stachristiana.at\/hlw-bafep-frohsdorf\/\",\"logo\":{\"@type\":\"ImageObject\",\"inLanguage\":\"de\",\"@id\":\"https:\/\/www.stachristiana.at\/hlw-bafep-frohsdorf\/#\/schema\/logo\/image\/\",\"url\":\"https:\/\/www.stachristiana.at\/app\/uploads\/sites\/6\/2022\/05\/logo-sta-christiana.png\",\"contentUrl\":\"https:\/\/www.stachristiana.at\/app\/uploads\/sites\/6\/2022\/05\/logo-sta-christiana.png\",\"width\":1200,\"height\":491,\"caption\":\"Sta. Christiana - HLW und BAfEP Frohsdorf\"},\"image\":{\"@id\":\"https:\/\/www.stachristiana.at\/hlw-bafep-frohsdorf\/#\/schema\/logo\/image\/\"}}]}<\/script>\n<!-- \/ Yoast SEO plugin. -->","yoast_head_json":{"title":"Bildungsanstalt f\u00fcr Elementarp\u00e4dagogik - HLW, BAfEP &amp; BASOP Frohsdorf","robots":{"index":"index","follow":"follow","max-snippet":"max-snippet:-1","max-image-preview":"max-image-preview:large","max-video-preview":"max-video-preview:-1"},"canonical":"https:\/\/www.stachristiana.at\/hlw-bafep-frohsdorf\/was-wir-bieten\/bildungsanstalt-fuer-elementarpaedagogik","og_locale":"de_DE","og_type":"article","og_title":"Bildungsanstalt f\u00fcr Elementarp\u00e4dagogik - HLW, BAfEP &amp; BASOP Frohsdorf","og_description":"Schule auf selber Augenh\u00f6he. Angstfreies Lernen in famili\u00e4rer Atmosph\u00e4re. Wir bieten auch eine Elementarp\u00e4dagogik-Ausbildung f\u00fcr Erwachsene an: Kolleg f\u00fcr Elementarp\u00e4dagogik! Fremdsprachen Die BAfEP erf\u00fcllt den Regellehrplan einer Bildungsanstalt f\u00fcr Elementarp\u00e4dagogik. Der am Standort bereits vorhandene Kindergarten sowie der bew\u00e4hrte Hort werden in die praktische Ausbildung der Sch\u00fcler*innen intensiv eingebunden. Die Leiterinnen der beiden genannten Bildungseinrichtungen [&hellip;]","og_url":"https:\/\/www.stachristiana.at\/hlw-bafep-frohsdorf\/was-wir-bieten\/bildungsanstalt-fuer-elementarpaedagogik","og_site_name":"HLW, BAfEP &amp; BASOP Frohsdorf","article_modified_time":"2026-01-19T08:43:25+00:00","og_image":[{"width":900,"height":1247,"url":"https:\/\/www.stachristiana.at\/app\/uploads\/sites\/6\/2023\/01\/Sta-Christiana-12.jpg","type":"image\/jpeg"}],"twitter_card":"summary_large_image","twitter_misc":{"Gesch\u00e4tzte Lesezeit":"4\u00a0Minuten"},"schema":{"@context":"https:\/\/schema.org","@graph":[{"@type":"WebPage","@id":"https:\/\/www.stachristiana.at\/hlw-bafep-frohsdorf\/was-wir-bieten\/bildungsanstalt-fuer-elementarpaedagogik","url":"https:\/\/www.stachristiana.at\/hlw-bafep-frohsdorf\/was-wir-bieten\/bildungsanstalt-fuer-elementarpaedagogik","name":"Bildungsanstalt f\u00fcr Elementarp\u00e4dagogik - HLW, BAfEP &amp; BASOP Frohsdorf","isPartOf":{"@id":"https:\/\/www.stachristiana.at\/hlw-bafep-frohsdorf\/#website"},"primaryImageOfPage":{"@id":"https:\/\/www.stachristiana.at\/hlw-bafep-frohsdorf\/was-wir-bieten\/bildungsanstalt-fuer-elementarpaedagogik#primaryimage"},"image":{"@id":"https:\/\/www.stachristiana.at\/hlw-bafep-frohsdorf\/was-wir-bieten\/bildungsanstalt-fuer-elementarpaedagogik#primaryimage"},"thumbnailUrl":"https:\/\/www.stachristiana.at\/app\/uploads\/sites\/6\/2023\/01\/Sta-Christiana-12-739x1024.jpg","datePublished":"2022-12-19T14:32:00+00:00","dateModified":"2026-01-19T08:43:25+00:00","breadcrumb":{"@id":"https:\/\/www.stachristiana.at\/hlw-bafep-frohsdorf\/was-wir-bieten\/bildungsanstalt-fuer-elementarpaedagogik#breadcrumb"},"inLanguage":"de","potentialAction":[{"@type":"ReadAction","target":["https:\/\/www.stachristiana.at\/hlw-bafep-frohsdorf\/was-wir-bieten\/bildungsanstalt-fuer-elementarpaedagogik"]}]},{"@type":"ImageObject","inLanguage":"de","@id":"https:\/\/www.stachristiana.at\/hlw-bafep-frohsdorf\/was-wir-bieten\/bildungsanstalt-fuer-elementarpaedagogik#primaryimage","url":"https:\/\/www.stachristiana.at\/app\/uploads\/sites\/6\/2023\/01\/Sta-Christiana-12-739x1024.jpg","contentUrl":"https:\/\/www.stachristiana.at\/app\/uploads\/sites\/6\/2023\/01\/Sta-Christiana-12-739x1024.jpg"},{"@type":"BreadcrumbList","@id":"https:\/\/www.stachristiana.at\/hlw-bafep-frohsdorf\/was-wir-bieten\/bildungsanstalt-fuer-elementarpaedagogik#breadcrumb","itemListElement":[{"@type":"ListItem","position":1,"name":"Start","item":"https:\/\/www.stachristiana.at\/"},{"@type":"ListItem","position":2,"name":"Was wir bieten","item":"https:\/\/www.stachristiana.at\/hlw-bafep-frohsdorf\/was-wir-bieten"},{"@type":"ListItem","position":3,"name":"Bildungsanstalt f\u00fcr Elementarp\u00e4dagogik"}]},{"@type":"WebSite","@id":"https:\/\/www.stachristiana.at\/hlw-bafep-frohsdorf\/#website","url":"https:\/\/www.stachristiana.at\/hlw-bafep-frohsdorf\/","name":"Sta. Christiana - HLW - BAfEP Frohsdorf","description":"H\u00f6here Lehranstalt, Fachschule und Aufbaulehrgang f\u00fcr wirtschaftliche Berufe und Bildungsanstalt und Kolleg f\u00fcr Elementarp\u00e4dagogik","publisher":{"@id":"https:\/\/www.stachristiana.at\/hlw-bafep-frohsdorf\/#organization"},"alternateName":"Sta. Christiana","potentialAction":[{"@type":"SearchAction","target":{"@type":"EntryPoint","urlTemplate":"https:\/\/www.stachristiana.at\/hlw-bafep-frohsdorf\/?s={search_term_string}"},"query-input":{"@type":"PropertyValueSpecification","valueRequired":true,"valueName":"search_term_string"}}],"inLanguage":"de"},{"@type":"Organization","@id":"https:\/\/www.stachristiana.at\/hlw-bafep-frohsdorf\/#organization","name":"Sta. Christiana - HLW und BAfEP Frohsdorf","alternateName":"Sta. Christiana","url":"https:\/\/www.stachristiana.at\/hlw-bafep-frohsdorf\/","logo":{"@type":"ImageObject","inLanguage":"de","@id":"https:\/\/www.stachristiana.at\/hlw-bafep-frohsdorf\/#\/schema\/logo\/image\/","url":"https:\/\/www.stachristiana.at\/app\/uploads\/sites\/6\/2022\/05\/logo-sta-christiana.png","contentUrl":"https:\/\/www.stachristiana.at\/app\/uploads\/sites\/6\/2022\/05\/logo-sta-christiana.png","width":1200,"height":491,"caption":"Sta. Christiana - HLW und BAfEP Frohsdorf"},"image":{"@id":"https:\/\/www.stachristiana.at\/hlw-bafep-frohsdorf\/#\/schema\/logo\/image\/"}}]}},"_links":{"self":[{"href":"https:\/\/www.stachristiana.at\/hlw-bafep-frohsdorf\/wp-json\/wp\/v2\/pages\/821","targetHints":{"allow":["GET"]}}],"collection":[{"href":"https:\/\/www.stachristiana.at\/hlw-bafep-frohsdorf\/wp-json\/wp\/v2\/pages"}],"about":[{"href":"https:\/\/www.stachristiana.at\/hlw-bafep-frohsdorf\/wp-json\/wp\/v2\/types\/page"}],"author":[{"embeddable":true,"href":"https:\/\/www.stachristiana.at\/hlw-bafep-frohsdorf\/wp-json\/wp\/v2\/users\/16"}],"replies":[{"embeddable":true,"href":"https:\/\/www.stachristiana.at\/hlw-bafep-frohsdorf\/wp-json\/wp\/v2\/comments?post=821"}],"version-history":[{"count":42,"href":"https:\/\/www.stachristiana.at\/hlw-bafep-frohsdorf\/wp-json\/wp\/v2\/pages\/821\/revisions"}],"predecessor-version":[{"id":3226,"href":"https:\/\/www.stachristiana.at\/hlw-bafep-frohsdorf\/wp-json\/wp\/v2\/pages\/821\/revisions\/3226"}],"up":[{"embeddable":true,"href":"https:\/\/www.stachristiana.at\/hlw-bafep-frohsdorf\/wp-json\/wp\/v2\/pages\/144"}],"wp:attachment":[{"href":"https:\/\/www.stachristiana.at\/hlw-bafep-frohsdorf\/wp-json\/wp\/v2\/media?parent=821"}],"curies":[{"name":"wp","href":"https:\/\/api.w.org\/{rel}","templated":true}]}}