{"id":814,"date":"2022-12-19T15:29:13","date_gmt":"2022-12-19T14:29:13","guid":{"rendered":"http:\/\/www.sanctachristiana.at\/hlw-bafep-frohsdorf\/?page_id=814"},"modified":"2026-01-19T09:42:19","modified_gmt":"2026-01-19T08:42:19","slug":"dreijaehrige-fachschule-fuer-wirtschaftliche-berufe","status":"publish","type":"page","link":"https:\/\/www.stachristiana.at\/hlw-bafep-frohsdorf\/was-wir-bieten\/dreijaehrige-fachschule-fuer-wirtschaftliche-berufe","title":{"rendered":"Dreij\u00e4hrige Fachschule f\u00fcr wirtschaftliche Berufe"},"content":{"rendered":"\n<p><strong>Schule auf selber Augenh\u00f6he. Angstfreies Lernen in famili\u00e4rer Atmosph\u00e4re.<\/strong><\/p>\n\n\n\n<p><strong>Schwerpunkt Bewegung|Sport|Kreativit\u00e4t<\/strong><\/p>\n\n\n\n<div id=\"linklist-block_96b602387b12105d6b082c6773e93a06\" class=\"linklist\">\n\t\t\n\t\t<a href=\"https:\/\/www.stachristiana.at\/app\/uploads\/sites\/6\/2022\/12\/FW_2019_2020.pdf\" target=\"_blank\" class=\"linklist-item linklist-item-hellblau\">\n\t\t\tStundentafel\t\t<\/a>\n\n\t\t\n\t\t<a href=\"https:\/\/www.stachristiana.at\/hlw-bafep-frohsdorf\/anmeldung\" target=\"_blank\" class=\"linklist-item linklist-item-hellblau\">\n\t\t\tInformationen zur Anmeldung\t\t<\/a>\n\n\t\t\n\t\t<a href=\"https:\/\/www.stachristiana.at\/hlw-bafep-frohsdorf\/was-wir-bieten\/einjaehrige-fachschule-fuer-wirtschaftliche-berufe\" target=\"_blank\" class=\"linklist-item linklist-item-hellblau\">\n\t\t\tIn der Fachschule gibt es auch eine Einj\u00e4hrige Form!\t\t<\/a>\n\n\t<\/div>\n\n\n\n<p><strong>Fremdsprache<\/strong><\/p>\n\n\n\n<ul class=\"wp-block-list\">\n<li>Englisch&nbsp;<\/li>\n<\/ul>\n\n\n\n<p><\/p>\n\n\n\n<p><strong>Aufnahmekriterien<\/strong><\/p>\n\n\n\n<p>positiver Abschluss der 4. Klasse NMS oder AHS<br>Aufnahmepr\u00fcfung nur f\u00fcr Sch\u00fcler*innen, wenn schlechter als &#8222;Befriedigend&#8220; in einem grundlegenden Bereich der NMS<\/p>\n\n\n\n<p>Diese dreij\u00e4hrige Ausbildung ist ein optimales Startbrett f\u00fcr Sozial-, B\u00fcro- und Gastronomieberufe und schlie\u00dft mit praktischen und schriftlichen Klausuren sowie kommissioneller m\u00fcndlicher Pr\u00fcfung ab.<\/p>\n\n\n\n<p>Auch diese Ausbildung zeichnet sich durch ihre Vielfalt aus, und wird ebenso durch eine Reihe von Zusatzqualifikationen, wie Pr\u00fcfung zur Kinderbetreuer*in, Ordinationshelfer*in, ECDL, Jungsommelier etc. erg\u00e4nzt.<\/p>\n\n\n\n<figure class=\"wp-block-image size-large\"><img loading=\"lazy\" decoding=\"async\" width=\"1024\" height=\"749\" src=\"https:\/\/www.stachristiana.at\/app\/uploads\/sites\/6\/2023\/10\/347227373_6086906791425468_5038247633003788191_n-1024x749.jpg\" alt=\"\" class=\"wp-image-2099\" srcset=\"https:\/\/www.stachristiana.at\/app\/uploads\/sites\/6\/2023\/10\/347227373_6086906791425468_5038247633003788191_n-1024x749.jpg 1024w, https:\/\/www.stachristiana.at\/app\/uploads\/sites\/6\/2023\/10\/347227373_6086906791425468_5038247633003788191_n-400x292.jpg 400w, https:\/\/www.stachristiana.at\/app\/uploads\/sites\/6\/2023\/10\/347227373_6086906791425468_5038247633003788191_n-768x561.jpg 768w, https:\/\/www.stachristiana.at\/app\/uploads\/sites\/6\/2023\/10\/347227373_6086906791425468_5038247633003788191_n-1536x1123.jpg 1536w, https:\/\/www.stachristiana.at\/app\/uploads\/sites\/6\/2023\/10\/347227373_6086906791425468_5038247633003788191_n-629x460.jpg 629w, https:\/\/www.stachristiana.at\/app\/uploads\/sites\/6\/2023\/10\/347227373_6086906791425468_5038247633003788191_n-103x75.jpg 103w, https:\/\/www.stachristiana.at\/app\/uploads\/sites\/6\/2023\/10\/347227373_6086906791425468_5038247633003788191_n.jpg 2048w\" sizes=\"auto, (max-width: 1024px) 100vw, 1024px\" \/><\/figure>\n\n\n\n<p>Zwischen 2. und 3. Klasse sind Sch\u00fcler*innen verpflichtet, ein zweimonatiges Praktikum im Berufsfeld zu absolvieren.&nbsp;<\/p>\n\n\n\n<p>Nach Absolvierung der dreij\u00e4hrigen Fachschule kann ein sofortiger Berufseintritt lt. \u00a7 34 BAG erfolgen (Gastronomie, B\u00fcro) oder diverse Weiterbildungsm\u00f6glichkeiten wie Gesundheits- und Krankenpflegeschulen, Aufbaulehrg\u00e4nge usw. begonnen werden. Durch den kompletten Ersatz der Unternehmerpr\u00fcfung ist ebenfalls ein Einstieg in die Selbst\u00e4ndigkeit m\u00f6glich.<\/p>\n\n\n\n<p><\/p>\n\n\n\n<p><strong>Vertiefung &#8222;Bewegung |Sport | Kreativit\u00e4t&#8220;<\/strong><\/p>\n\n\n\n<p>\u201eSport bringt Bewegung ins Hirn\u2026\u201c<\/p>\n\n\n\n<figure class=\"wp-block-image size-full is-resized\"><img loading=\"lazy\" decoding=\"async\" width=\"900\" height=\"600\" src=\"https:\/\/www.stachristiana.at\/app\/uploads\/sites\/6\/2023\/01\/IMG_9904.jpg\" alt=\"\" class=\"wp-image-1173\" srcset=\"https:\/\/www.stachristiana.at\/app\/uploads\/sites\/6\/2023\/01\/IMG_9904.jpg 900w, https:\/\/www.stachristiana.at\/app\/uploads\/sites\/6\/2023\/01\/IMG_9904-400x267.jpg 400w, https:\/\/www.stachristiana.at\/app\/uploads\/sites\/6\/2023\/01\/IMG_9904-768x512.jpg 768w, https:\/\/www.stachristiana.at\/app\/uploads\/sites\/6\/2023\/01\/IMG_9904-690x460.jpg 690w, https:\/\/www.stachristiana.at\/app\/uploads\/sites\/6\/2023\/01\/IMG_9904-113x75.jpg 113w\" sizes=\"auto, (max-width: 900px) 100vw, 900px\" \/><\/figure>\n\n\n\n<p>Eigentlich wei\u00df heute ja jeder, dass Bewegung die Leistungsf\u00e4higkeit des Gehirns steigert. Wenn das Gehirn blockiert ist und die Inspiration fehlt, kann Sch\u00fcler*innen ein bisschen Bewegung, z. B. ein Spaziergang, viel helfen.<\/p>\n\n\n\n<p><\/p>\n\n\n\n<p>\u201eEtwas mit den H\u00e4nden schaffen, das man hinterher auch sehen kann\u2026\u201c<\/p>\n\n\n\n<figure class=\"wp-block-image size-full is-resized\"><img loading=\"lazy\" decoding=\"async\" width=\"900\" height=\"599\" src=\"https:\/\/www.stachristiana.at\/app\/uploads\/sites\/6\/2023\/01\/11.-Kreativitaet-Gestalten.jpg\" alt=\"\" class=\"wp-image-1174\" srcset=\"https:\/\/www.stachristiana.at\/app\/uploads\/sites\/6\/2023\/01\/11.-Kreativitaet-Gestalten.jpg 900w, https:\/\/www.stachristiana.at\/app\/uploads\/sites\/6\/2023\/01\/11.-Kreativitaet-Gestalten-400x266.jpg 400w, https:\/\/www.stachristiana.at\/app\/uploads\/sites\/6\/2023\/01\/11.-Kreativitaet-Gestalten-768x511.jpg 768w, https:\/\/www.stachristiana.at\/app\/uploads\/sites\/6\/2023\/01\/11.-Kreativitaet-Gestalten-691x460.jpg 691w, https:\/\/www.stachristiana.at\/app\/uploads\/sites\/6\/2023\/01\/11.-Kreativitaet-Gestalten-113x75.jpg 113w\" sizes=\"auto, (max-width: 900px) 100vw, 900px\" \/><\/figure>\n\n\n\n<p>Kreativit\u00e4t ist die F\u00e4higkeit, etwas zu erschaffen, was neu oder originell und dabei n\u00fctzlich oder brauchbar ist. So ist das Arbeiten mit den eigenen H\u00e4nden f\u00fcr viele Sch\u00fcler*innen eine gute M\u00f6glichkeit, einen Ausgleich zum Unterricht zu schaffen. Das Arbeiten mit den H\u00e4nden verbessert die mentale Verfassung und baut Stress und Anspannung ab.&nbsp;Kreative Phantasie und Ideenreichtum sind die Themen des Bereiches \u201eKreativit\u00e4t\u201c. Au\u00dferdem ist eine gute Portion Kundenorientierung und Einf\u00fchlungsverm\u00f6gen erforderlich, denn die kreativen &#8222;Geistesblitze&#8220; m\u00fcssen auf die W\u00fcnsche und Anforderungen der Kunden und Auftraggeber abgestimmt werden.<\/p>\n\n\n\n<p><\/p>\n\n\n\n<p><strong>Berufsfelder<\/strong><\/p>\n\n\n\n<p>Berufe im Bereich Kunst und Design aber auch im Bereich Verkauf, Marketing und Werbung und die kreativen Berufe in der Textil-, Mode- und Produktgestaltung sind m\u00f6gliche Arbeitsfelder der Absolventen der Fachschule.<\/p>\n\n\n\n<p>Ebenso sind Arbeitspl\u00e4tze im Gesundheits- und Sozialbereich m\u00f6glich.&nbsp;Das Spektrum an Berufen und T\u00e4tigkeiten umfasst z. B. die Bereiche Kinder- und Jugendbetreuung, die Beratung und Betreuung von Erwachsenen, aber auch Unternehmensberatung und \u00d6ffentlichkeitsarbeit.<\/p>\n\n\n\n<p><\/p>\n\n\n\n<p><strong>Gleichhaltung mit Lehrabschl\u00fcssen<\/strong><\/p>\n\n\n\n<ul class=\"wp-block-list\">\n<li>Restaurantfachmann\/frau<\/li>\n\n\n\n<li>B\u00fcrokaufmann\/frau<\/li>\n<\/ul>\n\n\n\n<p>Vgl.: BMWFJ-33.800\/0005-I\/4\/2012<\/p>\n\n\n\n<div id=\"linklist-block_499dc34062229cf0f6295f51882684fc\" class=\"linklist\">\n\t\t\n\t\t<a href=\"http:\/\/www.sta-christiana.at\/images\/frohsdorf\/HLW\/Dokumente\/Liste_Facheinschlaegigkeit_gemaess____34a_BAG_BMWFJ__28.2.2.pdf\" target=\"_blank\" class=\"linklist-item linklist-item-hellblau\">\n\t\t\tListe Facheinschl\u00e4gigkeit gem\u00e4\u00df \u00a7 34a BAG\t\t<\/a>\n\n\t\t\n\t\t<a href=\"http:\/\/www.sta-christiana.at\/images\/frohsdorf\/HLW\/Dokumente\/NOE-Merkblatt-Verkuerzte-Lehrzeit-08-2020.pdf\" target=\"_blank\" class=\"linklist-item linklist-item-hellblau\">\n\t\t\tMerkblatt &#8222;Verk\u00fcrzte Lehrzeit&#8220;, Wirtschaftskammer \u00d6sterreich\t\t<\/a>\n\n\t\t\n\t\t<a href=\"https:\/\/lehrberufsliste.bic.at\/\" target=\"_blank\" class=\"linklist-item linklist-item-hellblau\">\n\t\t\tLehrberufsliste online,\u00a0Bundesministerium f\u00fcr Arbeit und Wirtschaft und Wirtschaftskammer \u00d6sterreich\t\t<\/a>\n\n\t<\/div>\n\n\n\n<figure class=\"wp-block-image size-large\"><img loading=\"lazy\" decoding=\"async\" width=\"1024\" height=\"683\" src=\"https:\/\/www.stachristiana.at\/app\/uploads\/sites\/6\/2023\/10\/330389873_902153384330847_2210660899254625360_n-1024x683.jpg\" alt=\"\" class=\"wp-image-2127\" srcset=\"https:\/\/www.stachristiana.at\/app\/uploads\/sites\/6\/2023\/10\/330389873_902153384330847_2210660899254625360_n-1024x683.jpg 1024w, https:\/\/www.stachristiana.at\/app\/uploads\/sites\/6\/2023\/10\/330389873_902153384330847_2210660899254625360_n-400x267.jpg 400w, https:\/\/www.stachristiana.at\/app\/uploads\/sites\/6\/2023\/10\/330389873_902153384330847_2210660899254625360_n-768x512.jpg 768w, https:\/\/www.stachristiana.at\/app\/uploads\/sites\/6\/2023\/10\/330389873_902153384330847_2210660899254625360_n-1536x1024.jpg 1536w, https:\/\/www.stachristiana.at\/app\/uploads\/sites\/6\/2023\/10\/330389873_902153384330847_2210660899254625360_n-690x460.jpg 690w, https:\/\/www.stachristiana.at\/app\/uploads\/sites\/6\/2023\/10\/330389873_902153384330847_2210660899254625360_n-113x75.jpg 113w, https:\/\/www.stachristiana.at\/app\/uploads\/sites\/6\/2023\/10\/330389873_902153384330847_2210660899254625360_n.jpg 2048w\" sizes=\"auto, (max-width: 1024px) 100vw, 1024px\" \/><\/figure>\n\n\n\n<p><strong>Mit der Fachschule zur Matura<\/strong><\/p>\n\n\n\n<p>Viele Absolvent*innen unserer Fachschule gehen weiter in den Aufbaulehrgang f\u00fcr wirtschaftliche Berufe im Haus. Sie erlangen im Aufbaulehrgang in drei Jahren die regul\u00e4re Matura der H\u00f6heren Lehranstalt f\u00fcr wirtschaftliche Berufe.<\/p>\n\n\n\n<p>Absolvent*innen des Aufbaulehrgangs arbeiten heute als Lehrer, Manager, Physiotherapeuten, Unternehmer oder Firmenbesitzer, etc.<\/p>\n\n\n\n<p><\/p>\n\n\n\n<p><strong>Berufssausichten mit Abschluss der Fachschule f\u00fcr wirtschaftliche Berufe<\/strong><\/p>\n\n\n\n<p>Mit dem erfolgreichen Abschluss der dreij\u00e4hrigen Fachschule sind unsere Absolvent*innen nach Europass (<a href=\"https:\/\/www.europass.at\/\">www.europass.at<\/a>) berechtigt, folgende Berufe auszu\u00fcben:<\/p>\n\n\n\n<p>\u2022 Restaurantfachmann\/-fachfrau<br>\u2022 B\u00fcrokaufmann\/-kauffrau<br>\u2022 Gastgewerbeeink\u00e4ufer\/-in<br>\u2022 Hotelkaufmann\/-kauffrau<br>\u2022 Sekret\u00e4r\/-in<br>\u2022 Hotelsekret\u00e4r\/-in<br>\u2022 Kanzleibedienstete\/-r<br>\u2022 Sachbearbeiter\/-in im Verkauf<br>\u2022 Kundenbetreuer\/-in<br>\u2022 Teamassistent\/-in<br>\u2022 Ersatz von Lehrzeiten z.B. Koch\/K\u00f6chin, Reiseb\u00fcroassistent\/-in<\/p>\n\n\n\n<p>Mit einem einschl\u00e4gigen Praxisnachweis entf\u00e4llt die Unternehmerpr\u00fcfung f\u00fcr reglementierte Berufe wie z.B. Gastgewerbe oder Versicherungsagent\/-in.<\/p>\n\n\n\n<p>Die allgemeine Ausbildung umfasst die erweiterten Kenntnisse und Fertigkeiten, die zur Aus\u00fcbung von Berufen in den Bereichen Wirtschaft, Verwaltung, Ern\u00e4hrung, Hotellerie und Gastronomie bef\u00e4higen. Die wesentlichen Kompetenzziele der Ausbildung sind Pers\u00f6nlichkeitsbildung, F\u00e4higkeit der beruflichen Mobilit\u00e4t und Flexibilit\u00e4t, Kreativit\u00e4t, Kritikf\u00e4higkeit und soziales Engagement sowie Kommunikationsf\u00e4higkeit.<\/p>\n","protected":false},"excerpt":{"rendered":"<p>Schule auf selber Augenh\u00f6he. Angstfreies Lernen in famili\u00e4rer Atmosph\u00e4re. Schwerpunkt Bewegung|Sport|Kreativit\u00e4t Fremdsprache Aufnahmekriterien positiver Abschluss der 4. Klasse NMS oder AHSAufnahmepr\u00fcfung nur f\u00fcr Sch\u00fcler*innen, wenn schlechter als &#8222;Befriedigend&#8220; in einem grundlegenden Bereich der NMS Diese dreij\u00e4hrige Ausbildung ist ein optimales Startbrett f\u00fcr Sozial-, B\u00fcro- und Gastronomieberufe und schlie\u00dft mit praktischen und schriftlichen Klausuren sowie kommissioneller [&hellip;]<\/p>\n","protected":false},"author":16,"featured_media":0,"parent":144,"menu_order":2,"comment_status":"closed","ping_status":"closed","template":"","meta":{"footnotes":""},"class_list":["post-814","page","type-page","status-publish","hentry"],"acf":[],"yoast_head":"<!-- This site is optimized with the Yoast SEO plugin v26.8 - https:\/\/yoast.com\/product\/yoast-seo-wordpress\/ -->\n<title>Dreij\u00e4hrige Fachschule f\u00fcr wirtschaftliche Berufe - HLW, BAfEP &amp; BASOP Frohsdorf<\/title>\n<meta name=\"robots\" content=\"index, follow, max-snippet:-1, max-image-preview:large, max-video-preview:-1\" \/>\n<link rel=\"canonical\" href=\"https:\/\/www.stachristiana.at\/hlw-bafep-frohsdorf\/was-wir-bieten\/dreijaehrige-fachschule-fuer-wirtschaftliche-berufe\" \/>\n<meta property=\"og:locale\" content=\"de_DE\" \/>\n<meta property=\"og:type\" content=\"article\" \/>\n<meta property=\"og:title\" content=\"Dreij\u00e4hrige Fachschule f\u00fcr wirtschaftliche Berufe - HLW, BAfEP &amp; BASOP Frohsdorf\" \/>\n<meta property=\"og:description\" content=\"Schule auf selber Augenh\u00f6he. Angstfreies Lernen in famili\u00e4rer Atmosph\u00e4re. Schwerpunkt Bewegung|Sport|Kreativit\u00e4t Fremdsprache Aufnahmekriterien positiver Abschluss der 4. Klasse NMS oder AHSAufnahmepr\u00fcfung nur f\u00fcr Sch\u00fcler*innen, wenn schlechter als &#8222;Befriedigend&#8220; in einem grundlegenden Bereich der NMS Diese dreij\u00e4hrige Ausbildung ist ein optimales Startbrett f\u00fcr Sozial-, B\u00fcro- und Gastronomieberufe und schlie\u00dft mit praktischen und schriftlichen Klausuren sowie kommissioneller [&hellip;]\" \/>\n<meta property=\"og:url\" content=\"https:\/\/www.stachristiana.at\/hlw-bafep-frohsdorf\/was-wir-bieten\/dreijaehrige-fachschule-fuer-wirtschaftliche-berufe\" \/>\n<meta property=\"og:site_name\" content=\"HLW, BAfEP &amp; BASOP Frohsdorf\" \/>\n<meta property=\"article:modified_time\" content=\"2026-01-19T08:42:19+00:00\" \/>\n<meta property=\"og:image\" content=\"https:\/\/www.stachristiana.at\/app\/uploads\/sites\/6\/2023\/10\/347227373_6086906791425468_5038247633003788191_n.jpg\" \/>\n\t<meta property=\"og:image:width\" content=\"2048\" \/>\n\t<meta property=\"og:image:height\" content=\"1497\" \/>\n\t<meta property=\"og:image:type\" content=\"image\/jpeg\" \/>\n<meta name=\"twitter:card\" content=\"summary_large_image\" \/>\n<meta name=\"twitter:label1\" content=\"Gesch\u00e4tzte Lesezeit\" \/>\n\t<meta name=\"twitter:data1\" content=\"4\u00a0Minuten\" \/>\n<script type=\"application\/ld+json\" class=\"yoast-schema-graph\">{\"@context\":\"https:\/\/schema.org\",\"@graph\":[{\"@type\":\"WebPage\",\"@id\":\"https:\/\/www.stachristiana.at\/hlw-bafep-frohsdorf\/was-wir-bieten\/dreijaehrige-fachschule-fuer-wirtschaftliche-berufe\",\"url\":\"https:\/\/www.stachristiana.at\/hlw-bafep-frohsdorf\/was-wir-bieten\/dreijaehrige-fachschule-fuer-wirtschaftliche-berufe\",\"name\":\"Dreij\u00e4hrige Fachschule f\u00fcr wirtschaftliche Berufe - HLW, BAfEP &amp; BASOP Frohsdorf\",\"isPartOf\":{\"@id\":\"https:\/\/www.stachristiana.at\/hlw-bafep-frohsdorf\/#website\"},\"primaryImageOfPage\":{\"@id\":\"https:\/\/www.stachristiana.at\/hlw-bafep-frohsdorf\/was-wir-bieten\/dreijaehrige-fachschule-fuer-wirtschaftliche-berufe#primaryimage\"},\"image\":{\"@id\":\"https:\/\/www.stachristiana.at\/hlw-bafep-frohsdorf\/was-wir-bieten\/dreijaehrige-fachschule-fuer-wirtschaftliche-berufe#primaryimage\"},\"thumbnailUrl\":\"https:\/\/www.stachristiana.at\/app\/uploads\/sites\/6\/2023\/10\/347227373_6086906791425468_5038247633003788191_n-1024x749.jpg\",\"datePublished\":\"2022-12-19T14:29:13+00:00\",\"dateModified\":\"2026-01-19T08:42:19+00:00\",\"breadcrumb\":{\"@id\":\"https:\/\/www.stachristiana.at\/hlw-bafep-frohsdorf\/was-wir-bieten\/dreijaehrige-fachschule-fuer-wirtschaftliche-berufe#breadcrumb\"},\"inLanguage\":\"de\",\"potentialAction\":[{\"@type\":\"ReadAction\",\"target\":[\"https:\/\/www.stachristiana.at\/hlw-bafep-frohsdorf\/was-wir-bieten\/dreijaehrige-fachschule-fuer-wirtschaftliche-berufe\"]}]},{\"@type\":\"ImageObject\",\"inLanguage\":\"de\",\"@id\":\"https:\/\/www.stachristiana.at\/hlw-bafep-frohsdorf\/was-wir-bieten\/dreijaehrige-fachschule-fuer-wirtschaftliche-berufe#primaryimage\",\"url\":\"https:\/\/www.stachristiana.at\/app\/uploads\/sites\/6\/2023\/10\/347227373_6086906791425468_5038247633003788191_n-1024x749.jpg\",\"contentUrl\":\"https:\/\/www.stachristiana.at\/app\/uploads\/sites\/6\/2023\/10\/347227373_6086906791425468_5038247633003788191_n-1024x749.jpg\"},{\"@type\":\"BreadcrumbList\",\"@id\":\"https:\/\/www.stachristiana.at\/hlw-bafep-frohsdorf\/was-wir-bieten\/dreijaehrige-fachschule-fuer-wirtschaftliche-berufe#breadcrumb\",\"itemListElement\":[{\"@type\":\"ListItem\",\"position\":1,\"name\":\"Start\",\"item\":\"https:\/\/www.stachristiana.at\/\"},{\"@type\":\"ListItem\",\"position\":2,\"name\":\"Was wir bieten\",\"item\":\"https:\/\/www.stachristiana.at\/hlw-bafep-frohsdorf\/was-wir-bieten\"},{\"@type\":\"ListItem\",\"position\":3,\"name\":\"Dreij\u00e4hrige Fachschule f\u00fcr wirtschaftliche Berufe\"}]},{\"@type\":\"WebSite\",\"@id\":\"https:\/\/www.stachristiana.at\/hlw-bafep-frohsdorf\/#website\",\"url\":\"https:\/\/www.stachristiana.at\/hlw-bafep-frohsdorf\/\",\"name\":\"Sta. Christiana - HLW - BAfEP Frohsdorf\",\"description\":\"H\u00f6here Lehranstalt, Fachschule und Aufbaulehrgang f\u00fcr wirtschaftliche Berufe und Bildungsanstalt und Kolleg f\u00fcr Elementarp\u00e4dagogik\",\"publisher\":{\"@id\":\"https:\/\/www.stachristiana.at\/hlw-bafep-frohsdorf\/#organization\"},\"alternateName\":\"Sta. Christiana\",\"potentialAction\":[{\"@type\":\"SearchAction\",\"target\":{\"@type\":\"EntryPoint\",\"urlTemplate\":\"https:\/\/www.stachristiana.at\/hlw-bafep-frohsdorf\/?s={search_term_string}\"},\"query-input\":{\"@type\":\"PropertyValueSpecification\",\"valueRequired\":true,\"valueName\":\"search_term_string\"}}],\"inLanguage\":\"de\"},{\"@type\":\"Organization\",\"@id\":\"https:\/\/www.stachristiana.at\/hlw-bafep-frohsdorf\/#organization\",\"name\":\"Sta. Christiana - HLW und BAfEP Frohsdorf\",\"alternateName\":\"Sta. Christiana\",\"url\":\"https:\/\/www.stachristiana.at\/hlw-bafep-frohsdorf\/\",\"logo\":{\"@type\":\"ImageObject\",\"inLanguage\":\"de\",\"@id\":\"https:\/\/www.stachristiana.at\/hlw-bafep-frohsdorf\/#\/schema\/logo\/image\/\",\"url\":\"https:\/\/www.stachristiana.at\/app\/uploads\/sites\/6\/2022\/05\/logo-sta-christiana.png\",\"contentUrl\":\"https:\/\/www.stachristiana.at\/app\/uploads\/sites\/6\/2022\/05\/logo-sta-christiana.png\",\"width\":1200,\"height\":491,\"caption\":\"Sta. Christiana - HLW und BAfEP Frohsdorf\"},\"image\":{\"@id\":\"https:\/\/www.stachristiana.at\/hlw-bafep-frohsdorf\/#\/schema\/logo\/image\/\"}}]}<\/script>\n<!-- \/ Yoast SEO plugin. -->","yoast_head_json":{"title":"Dreij\u00e4hrige Fachschule f\u00fcr wirtschaftliche Berufe - HLW, BAfEP &amp; BASOP Frohsdorf","robots":{"index":"index","follow":"follow","max-snippet":"max-snippet:-1","max-image-preview":"max-image-preview:large","max-video-preview":"max-video-preview:-1"},"canonical":"https:\/\/www.stachristiana.at\/hlw-bafep-frohsdorf\/was-wir-bieten\/dreijaehrige-fachschule-fuer-wirtschaftliche-berufe","og_locale":"de_DE","og_type":"article","og_title":"Dreij\u00e4hrige Fachschule f\u00fcr wirtschaftliche Berufe - HLW, BAfEP &amp; BASOP Frohsdorf","og_description":"Schule auf selber Augenh\u00f6he. Angstfreies Lernen in famili\u00e4rer Atmosph\u00e4re. Schwerpunkt Bewegung|Sport|Kreativit\u00e4t Fremdsprache Aufnahmekriterien positiver Abschluss der 4. Klasse NMS oder AHSAufnahmepr\u00fcfung nur f\u00fcr Sch\u00fcler*innen, wenn schlechter als &#8222;Befriedigend&#8220; in einem grundlegenden Bereich der NMS Diese dreij\u00e4hrige Ausbildung ist ein optimales Startbrett f\u00fcr Sozial-, B\u00fcro- und Gastronomieberufe und schlie\u00dft mit praktischen und schriftlichen Klausuren sowie kommissioneller [&hellip;]","og_url":"https:\/\/www.stachristiana.at\/hlw-bafep-frohsdorf\/was-wir-bieten\/dreijaehrige-fachschule-fuer-wirtschaftliche-berufe","og_site_name":"HLW, BAfEP &amp; BASOP Frohsdorf","article_modified_time":"2026-01-19T08:42:19+00:00","og_image":[{"width":2048,"height":1497,"url":"https:\/\/www.stachristiana.at\/app\/uploads\/sites\/6\/2023\/10\/347227373_6086906791425468_5038247633003788191_n.jpg","type":"image\/jpeg"}],"twitter_card":"summary_large_image","twitter_misc":{"Gesch\u00e4tzte Lesezeit":"4\u00a0Minuten"},"schema":{"@context":"https:\/\/schema.org","@graph":[{"@type":"WebPage","@id":"https:\/\/www.stachristiana.at\/hlw-bafep-frohsdorf\/was-wir-bieten\/dreijaehrige-fachschule-fuer-wirtschaftliche-berufe","url":"https:\/\/www.stachristiana.at\/hlw-bafep-frohsdorf\/was-wir-bieten\/dreijaehrige-fachschule-fuer-wirtschaftliche-berufe","name":"Dreij\u00e4hrige Fachschule f\u00fcr wirtschaftliche Berufe - HLW, BAfEP &amp; BASOP Frohsdorf","isPartOf":{"@id":"https:\/\/www.stachristiana.at\/hlw-bafep-frohsdorf\/#website"},"primaryImageOfPage":{"@id":"https:\/\/www.stachristiana.at\/hlw-bafep-frohsdorf\/was-wir-bieten\/dreijaehrige-fachschule-fuer-wirtschaftliche-berufe#primaryimage"},"image":{"@id":"https:\/\/www.stachristiana.at\/hlw-bafep-frohsdorf\/was-wir-bieten\/dreijaehrige-fachschule-fuer-wirtschaftliche-berufe#primaryimage"},"thumbnailUrl":"https:\/\/www.stachristiana.at\/app\/uploads\/sites\/6\/2023\/10\/347227373_6086906791425468_5038247633003788191_n-1024x749.jpg","datePublished":"2022-12-19T14:29:13+00:00","dateModified":"2026-01-19T08:42:19+00:00","breadcrumb":{"@id":"https:\/\/www.stachristiana.at\/hlw-bafep-frohsdorf\/was-wir-bieten\/dreijaehrige-fachschule-fuer-wirtschaftliche-berufe#breadcrumb"},"inLanguage":"de","potentialAction":[{"@type":"ReadAction","target":["https:\/\/www.stachristiana.at\/hlw-bafep-frohsdorf\/was-wir-bieten\/dreijaehrige-fachschule-fuer-wirtschaftliche-berufe"]}]},{"@type":"ImageObject","inLanguage":"de","@id":"https:\/\/www.stachristiana.at\/hlw-bafep-frohsdorf\/was-wir-bieten\/dreijaehrige-fachschule-fuer-wirtschaftliche-berufe#primaryimage","url":"https:\/\/www.stachristiana.at\/app\/uploads\/sites\/6\/2023\/10\/347227373_6086906791425468_5038247633003788191_n-1024x749.jpg","contentUrl":"https:\/\/www.stachristiana.at\/app\/uploads\/sites\/6\/2023\/10\/347227373_6086906791425468_5038247633003788191_n-1024x749.jpg"},{"@type":"BreadcrumbList","@id":"https:\/\/www.stachristiana.at\/hlw-bafep-frohsdorf\/was-wir-bieten\/dreijaehrige-fachschule-fuer-wirtschaftliche-berufe#breadcrumb","itemListElement":[{"@type":"ListItem","position":1,"name":"Start","item":"https:\/\/www.stachristiana.at\/"},{"@type":"ListItem","position":2,"name":"Was wir bieten","item":"https:\/\/www.stachristiana.at\/hlw-bafep-frohsdorf\/was-wir-bieten"},{"@type":"ListItem","position":3,"name":"Dreij\u00e4hrige Fachschule f\u00fcr wirtschaftliche Berufe"}]},{"@type":"WebSite","@id":"https:\/\/www.stachristiana.at\/hlw-bafep-frohsdorf\/#website","url":"https:\/\/www.stachristiana.at\/hlw-bafep-frohsdorf\/","name":"Sta. Christiana - HLW - BAfEP Frohsdorf","description":"H\u00f6here Lehranstalt, Fachschule und Aufbaulehrgang f\u00fcr wirtschaftliche Berufe und Bildungsanstalt und Kolleg f\u00fcr Elementarp\u00e4dagogik","publisher":{"@id":"https:\/\/www.stachristiana.at\/hlw-bafep-frohsdorf\/#organization"},"alternateName":"Sta. Christiana","potentialAction":[{"@type":"SearchAction","target":{"@type":"EntryPoint","urlTemplate":"https:\/\/www.stachristiana.at\/hlw-bafep-frohsdorf\/?s={search_term_string}"},"query-input":{"@type":"PropertyValueSpecification","valueRequired":true,"valueName":"search_term_string"}}],"inLanguage":"de"},{"@type":"Organization","@id":"https:\/\/www.stachristiana.at\/hlw-bafep-frohsdorf\/#organization","name":"Sta. Christiana - HLW und BAfEP Frohsdorf","alternateName":"Sta. Christiana","url":"https:\/\/www.stachristiana.at\/hlw-bafep-frohsdorf\/","logo":{"@type":"ImageObject","inLanguage":"de","@id":"https:\/\/www.stachristiana.at\/hlw-bafep-frohsdorf\/#\/schema\/logo\/image\/","url":"https:\/\/www.stachristiana.at\/app\/uploads\/sites\/6\/2022\/05\/logo-sta-christiana.png","contentUrl":"https:\/\/www.stachristiana.at\/app\/uploads\/sites\/6\/2022\/05\/logo-sta-christiana.png","width":1200,"height":491,"caption":"Sta. Christiana - HLW und BAfEP Frohsdorf"},"image":{"@id":"https:\/\/www.stachristiana.at\/hlw-bafep-frohsdorf\/#\/schema\/logo\/image\/"}}]}},"_links":{"self":[{"href":"https:\/\/www.stachristiana.at\/hlw-bafep-frohsdorf\/wp-json\/wp\/v2\/pages\/814","targetHints":{"allow":["GET"]}}],"collection":[{"href":"https:\/\/www.stachristiana.at\/hlw-bafep-frohsdorf\/wp-json\/wp\/v2\/pages"}],"about":[{"href":"https:\/\/www.stachristiana.at\/hlw-bafep-frohsdorf\/wp-json\/wp\/v2\/types\/page"}],"author":[{"embeddable":true,"href":"https:\/\/www.stachristiana.at\/hlw-bafep-frohsdorf\/wp-json\/wp\/v2\/users\/16"}],"replies":[{"embeddable":true,"href":"https:\/\/www.stachristiana.at\/hlw-bafep-frohsdorf\/wp-json\/wp\/v2\/comments?post=814"}],"version-history":[{"count":30,"href":"https:\/\/www.stachristiana.at\/hlw-bafep-frohsdorf\/wp-json\/wp\/v2\/pages\/814\/revisions"}],"predecessor-version":[{"id":3223,"href":"https:\/\/www.stachristiana.at\/hlw-bafep-frohsdorf\/wp-json\/wp\/v2\/pages\/814\/revisions\/3223"}],"up":[{"embeddable":true,"href":"https:\/\/www.stachristiana.at\/hlw-bafep-frohsdorf\/wp-json\/wp\/v2\/pages\/144"}],"wp:attachment":[{"href":"https:\/\/www.stachristiana.at\/hlw-bafep-frohsdorf\/wp-json\/wp\/v2\/media?parent=814"}],"curies":[{"name":"wp","href":"https:\/\/api.w.org\/{rel}","templated":true}]}}