{"id":73,"date":"2022-05-02T16:26:34","date_gmt":"2022-05-02T14:26:34","guid":{"rendered":"https:\/\/devmultisite.superfesch.at\/hlw-rodaun\/?page_id=73"},"modified":"2025-09-04T13:48:13","modified_gmt":"2025-09-04T11:48:13","slug":"wer-wir-sind","status":"publish","type":"page","link":"https:\/\/www.stachristiana.at\/hlw-bafep-frohsdorf\/wer-wir-sind","title":{"rendered":"Wer wir sind"},"content":{"rendered":"\n<p><strong>Wir sind eine famili\u00e4re Privatschule mit Tradition &#8211; seit 1854!<\/strong><\/p>\n\n\n\n<p>Wir sind eine Katholische Privatschule mit \u00d6ffentlichkeitsrecht.<\/p>\n\n\n\n<figure class=\"wp-block-image size-large\"><img loading=\"lazy\" decoding=\"async\" width=\"1024\" height=\"602\" src=\"https:\/\/www.stachristiana.at\/app\/uploads\/sites\/6\/2022\/12\/Schule-von-oben-1024x602.jpg\" alt=\"\" class=\"wp-image-833\" srcset=\"https:\/\/www.stachristiana.at\/app\/uploads\/sites\/6\/2022\/12\/Schule-von-oben-1024x602.jpg 1024w, https:\/\/www.stachristiana.at\/app\/uploads\/sites\/6\/2022\/12\/Schule-von-oben-400x235.jpg 400w, https:\/\/www.stachristiana.at\/app\/uploads\/sites\/6\/2022\/12\/Schule-von-oben-768x452.jpg 768w, https:\/\/www.stachristiana.at\/app\/uploads\/sites\/6\/2022\/12\/Schule-von-oben-782x460.jpg 782w, https:\/\/www.stachristiana.at\/app\/uploads\/sites\/6\/2022\/12\/Schule-von-oben-127x75.jpg 127w, https:\/\/www.stachristiana.at\/app\/uploads\/sites\/6\/2022\/12\/Schule-von-oben.jpg 1200w\" sizes=\"auto, (max-width: 1024px) 100vw, 1024px\" \/><\/figure>\n\n\n\n<p>Wir bieten in Sta. Christiana Frohsdorf folgende Ausbildungen an:<\/p>\n\n\n\n<ul class=\"wp-block-list\">\n<li>In der <strong>H\u00f6heren Lehranstalt f\u00fcr wirtschaftliche Berufe &nbsp;(HLW)<\/strong> verbinden wir eine fundierte Ausbildung im Bereich Food &amp; Eventmanagement oder Freizeit- und Sozialmanagement.<\/li>\n\n\n\n<li>In der ein- und dreij\u00e4hrigen <strong>Fachschule f\u00fcr wirtschaftliche Berufe (FW)<\/strong> bieten wir eine fundierte Allgemeinbildung mit Bewegung|Sport|Kreativit\u00e4t.<\/li>\n\n\n\n<li>Im <strong>Aufbaulehrgang f\u00fcr wirtschaftliche Berufe (ALW)<\/strong> werden die Vertiefungen Wellness und Freizeitmanagement und Gastronomie und Hotellerie gef\u00fchrt.<\/li>\n\n\n\n<li>In der <strong>Bildungsanstalt und im Kolleg f\u00fcr Elementarp\u00e4dagogik (BAfEP)<\/strong> bilden wir die Kleinkindp\u00e4dagogInnen und HorterzieherInnen der Zukunft in einer f\u00fcnf- und zweij\u00e4hrigen Variante aus.<\/li>\n\n\n\n<li>Die <strong>Bildungsanstalt f\u00fcr Sozialp\u00e4dagogik<\/strong> <strong>(BASOP)<\/strong> bietet eine fundierte Ausbildung f\u00fcr die Arbeit mit Menschen jeden Alters.<\/li>\n<\/ul>\n\n\n\n<p><\/p>\n\n\n\n<p><br>Wir wollen Engagement, Initiative und Eigenverantwortung &nbsp;durch eine ganzheitliche Entfaltung, bei der die Person im Mittelpunkt steht, f\u00f6rdern.&nbsp;Unser gr\u00f6\u00dftes Anliegen ist, dass sich Schuler*innen bei uns geborgen und wohl f\u00fchlen.<\/p>\n\n\n\n<p>Das Herzst\u00fcck unserer christlichen Orientierung ist der Glaube an die unverwechselbare und unverf\u00fcgbare W\u00fcrde jedes Menschen aufgrund seiner Gottebenbildlichkeit.<\/p>\n\n\n\n<p>Schule muss f\u00fcr uns immer ein Raum sein, in dem der Mensch die eigentliche Gestalt seines Menschseins entfalten kann.<\/p>\n\n\n\n<p>Das sind wir:<\/p>\n\n\n\n<figure class=\"wp-block-image size-large\"><img loading=\"lazy\" decoding=\"async\" width=\"1024\" height=\"683\" src=\"https:\/\/www.stachristiana.at\/app\/uploads\/sites\/6\/2025\/09\/team-2025-1024x683.jpg\" alt=\"\" class=\"wp-image-3084\" srcset=\"https:\/\/www.stachristiana.at\/app\/uploads\/sites\/6\/2025\/09\/team-2025-1024x683.jpg 1024w, https:\/\/www.stachristiana.at\/app\/uploads\/sites\/6\/2025\/09\/team-2025-400x267.jpg 400w, https:\/\/www.stachristiana.at\/app\/uploads\/sites\/6\/2025\/09\/team-2025-768x512.jpg 768w, https:\/\/www.stachristiana.at\/app\/uploads\/sites\/6\/2025\/09\/team-2025-690x460.jpg 690w, https:\/\/www.stachristiana.at\/app\/uploads\/sites\/6\/2025\/09\/team-2025-113x75.jpg 113w, https:\/\/www.stachristiana.at\/app\/uploads\/sites\/6\/2025\/09\/team-2025.jpg 1500w\" sizes=\"auto, (max-width: 1024px) 100vw, 1024px\" \/><\/figure>\n","protected":false},"excerpt":{"rendered":"<p>Wir sind eine famili\u00e4re Privatschule mit Tradition &#8211; seit 1854! Wir sind eine Katholische Privatschule mit \u00d6ffentlichkeitsrecht. Wir bieten in Sta. Christiana Frohsdorf folgende Ausbildungen an: Wir wollen Engagement, Initiative und Eigenverantwortung &nbsp;durch eine ganzheitliche Entfaltung, bei der die Person im Mittelpunkt steht, f\u00f6rdern.&nbsp;Unser gr\u00f6\u00dftes Anliegen ist, dass sich Schuler*innen bei uns geborgen und wohl [&hellip;]<\/p>\n","protected":false},"author":1,"featured_media":0,"parent":0,"menu_order":200,"comment_status":"closed","ping_status":"closed","template":"","meta":{"footnotes":""},"class_list":["post-73","page","type-page","status-publish","hentry"],"acf":[],"yoast_head":"<!-- This site is optimized with the Yoast SEO plugin v26.8 - https:\/\/yoast.com\/product\/yoast-seo-wordpress\/ -->\n<title>Wer wir sind - HLW, BAfEP &amp; BASOP Frohsdorf<\/title>\n<meta name=\"robots\" content=\"index, follow, max-snippet:-1, max-image-preview:large, max-video-preview:-1\" \/>\n<link rel=\"canonical\" href=\"https:\/\/www.stachristiana.at\/hlw-bafep-frohsdorf\/wer-wir-sind\" \/>\n<meta property=\"og:locale\" content=\"de_DE\" \/>\n<meta property=\"og:type\" content=\"article\" \/>\n<meta property=\"og:title\" content=\"Wer wir sind - HLW, BAfEP &amp; BASOP Frohsdorf\" \/>\n<meta property=\"og:description\" content=\"Wir sind eine famili\u00e4re Privatschule mit Tradition &#8211; seit 1854! Wir sind eine Katholische Privatschule mit \u00d6ffentlichkeitsrecht. Wir bieten in Sta. Christiana Frohsdorf folgende Ausbildungen an: Wir wollen Engagement, Initiative und Eigenverantwortung &nbsp;durch eine ganzheitliche Entfaltung, bei der die Person im Mittelpunkt steht, f\u00f6rdern.&nbsp;Unser gr\u00f6\u00dftes Anliegen ist, dass sich Schuler*innen bei uns geborgen und wohl [&hellip;]\" \/>\n<meta property=\"og:url\" content=\"https:\/\/www.stachristiana.at\/hlw-bafep-frohsdorf\/wer-wir-sind\" \/>\n<meta property=\"og:site_name\" content=\"HLW, BAfEP &amp; BASOP Frohsdorf\" \/>\n<meta property=\"article:modified_time\" content=\"2025-09-04T11:48:13+00:00\" \/>\n<meta property=\"og:image\" content=\"https:\/\/www.stachristiana.at\/app\/uploads\/sites\/6\/2022\/12\/Schule-von-oben.jpg\" \/>\n\t<meta property=\"og:image:width\" content=\"1200\" \/>\n\t<meta property=\"og:image:height\" content=\"706\" \/>\n\t<meta property=\"og:image:type\" content=\"image\/jpeg\" \/>\n<meta name=\"twitter:card\" content=\"summary_large_image\" \/>\n<meta name=\"twitter:label1\" content=\"Gesch\u00e4tzte Lesezeit\" \/>\n\t<meta name=\"twitter:data1\" content=\"2\u00a0Minuten\" \/>\n<script type=\"application\/ld+json\" class=\"yoast-schema-graph\">{\"@context\":\"https:\/\/schema.org\",\"@graph\":[{\"@type\":\"WebPage\",\"@id\":\"https:\/\/www.stachristiana.at\/hlw-bafep-frohsdorf\/wer-wir-sind\",\"url\":\"https:\/\/www.stachristiana.at\/hlw-bafep-frohsdorf\/wer-wir-sind\",\"name\":\"Wer wir sind - HLW, BAfEP &amp; BASOP Frohsdorf\",\"isPartOf\":{\"@id\":\"https:\/\/www.stachristiana.at\/hlw-bafep-frohsdorf\/#website\"},\"primaryImageOfPage\":{\"@id\":\"https:\/\/www.stachristiana.at\/hlw-bafep-frohsdorf\/wer-wir-sind#primaryimage\"},\"image\":{\"@id\":\"https:\/\/www.stachristiana.at\/hlw-bafep-frohsdorf\/wer-wir-sind#primaryimage\"},\"thumbnailUrl\":\"https:\/\/www.stachristiana.at\/app\/uploads\/sites\/6\/2022\/12\/Schule-von-oben-1024x602.jpg\",\"datePublished\":\"2022-05-02T14:26:34+00:00\",\"dateModified\":\"2025-09-04T11:48:13+00:00\",\"breadcrumb\":{\"@id\":\"https:\/\/www.stachristiana.at\/hlw-bafep-frohsdorf\/wer-wir-sind#breadcrumb\"},\"inLanguage\":\"de\",\"potentialAction\":[{\"@type\":\"ReadAction\",\"target\":[\"https:\/\/www.stachristiana.at\/hlw-bafep-frohsdorf\/wer-wir-sind\"]}]},{\"@type\":\"ImageObject\",\"inLanguage\":\"de\",\"@id\":\"https:\/\/www.stachristiana.at\/hlw-bafep-frohsdorf\/wer-wir-sind#primaryimage\",\"url\":\"https:\/\/www.stachristiana.at\/app\/uploads\/sites\/6\/2022\/12\/Schule-von-oben-1024x602.jpg\",\"contentUrl\":\"https:\/\/www.stachristiana.at\/app\/uploads\/sites\/6\/2022\/12\/Schule-von-oben-1024x602.jpg\"},{\"@type\":\"BreadcrumbList\",\"@id\":\"https:\/\/www.stachristiana.at\/hlw-bafep-frohsdorf\/wer-wir-sind#breadcrumb\",\"itemListElement\":[{\"@type\":\"ListItem\",\"position\":1,\"name\":\"Start\",\"item\":\"https:\/\/www.stachristiana.at\/\"},{\"@type\":\"ListItem\",\"position\":2,\"name\":\"Wer wir sind\"}]},{\"@type\":\"WebSite\",\"@id\":\"https:\/\/www.stachristiana.at\/hlw-bafep-frohsdorf\/#website\",\"url\":\"https:\/\/www.stachristiana.at\/hlw-bafep-frohsdorf\/\",\"name\":\"Sta. Christiana - HLW - BAfEP Frohsdorf\",\"description\":\"H\u00f6here Lehranstalt, Fachschule und Aufbaulehrgang f\u00fcr wirtschaftliche Berufe und Bildungsanstalt und Kolleg f\u00fcr Elementarp\u00e4dagogik\",\"publisher\":{\"@id\":\"https:\/\/www.stachristiana.at\/hlw-bafep-frohsdorf\/#organization\"},\"alternateName\":\"Sta. Christiana\",\"potentialAction\":[{\"@type\":\"SearchAction\",\"target\":{\"@type\":\"EntryPoint\",\"urlTemplate\":\"https:\/\/www.stachristiana.at\/hlw-bafep-frohsdorf\/?s={search_term_string}\"},\"query-input\":{\"@type\":\"PropertyValueSpecification\",\"valueRequired\":true,\"valueName\":\"search_term_string\"}}],\"inLanguage\":\"de\"},{\"@type\":\"Organization\",\"@id\":\"https:\/\/www.stachristiana.at\/hlw-bafep-frohsdorf\/#organization\",\"name\":\"Sta. Christiana - HLW und BAfEP Frohsdorf\",\"alternateName\":\"Sta. Christiana\",\"url\":\"https:\/\/www.stachristiana.at\/hlw-bafep-frohsdorf\/\",\"logo\":{\"@type\":\"ImageObject\",\"inLanguage\":\"de\",\"@id\":\"https:\/\/www.stachristiana.at\/hlw-bafep-frohsdorf\/#\/schema\/logo\/image\/\",\"url\":\"https:\/\/www.stachristiana.at\/app\/uploads\/sites\/6\/2022\/05\/logo-sta-christiana.png\",\"contentUrl\":\"https:\/\/www.stachristiana.at\/app\/uploads\/sites\/6\/2022\/05\/logo-sta-christiana.png\",\"width\":1200,\"height\":491,\"caption\":\"Sta. Christiana - HLW und BAfEP Frohsdorf\"},\"image\":{\"@id\":\"https:\/\/www.stachristiana.at\/hlw-bafep-frohsdorf\/#\/schema\/logo\/image\/\"}}]}<\/script>\n<!-- \/ Yoast SEO plugin. -->","yoast_head_json":{"title":"Wer wir sind - HLW, BAfEP &amp; BASOP Frohsdorf","robots":{"index":"index","follow":"follow","max-snippet":"max-snippet:-1","max-image-preview":"max-image-preview:large","max-video-preview":"max-video-preview:-1"},"canonical":"https:\/\/www.stachristiana.at\/hlw-bafep-frohsdorf\/wer-wir-sind","og_locale":"de_DE","og_type":"article","og_title":"Wer wir sind - HLW, BAfEP &amp; BASOP Frohsdorf","og_description":"Wir sind eine famili\u00e4re Privatschule mit Tradition &#8211; seit 1854! Wir sind eine Katholische Privatschule mit \u00d6ffentlichkeitsrecht. Wir bieten in Sta. Christiana Frohsdorf folgende Ausbildungen an: Wir wollen Engagement, Initiative und Eigenverantwortung &nbsp;durch eine ganzheitliche Entfaltung, bei der die Person im Mittelpunkt steht, f\u00f6rdern.&nbsp;Unser gr\u00f6\u00dftes Anliegen ist, dass sich Schuler*innen bei uns geborgen und wohl [&hellip;]","og_url":"https:\/\/www.stachristiana.at\/hlw-bafep-frohsdorf\/wer-wir-sind","og_site_name":"HLW, BAfEP &amp; BASOP Frohsdorf","article_modified_time":"2025-09-04T11:48:13+00:00","og_image":[{"width":1200,"height":706,"url":"https:\/\/www.stachristiana.at\/app\/uploads\/sites\/6\/2022\/12\/Schule-von-oben.jpg","type":"image\/jpeg"}],"twitter_card":"summary_large_image","twitter_misc":{"Gesch\u00e4tzte Lesezeit":"2\u00a0Minuten"},"schema":{"@context":"https:\/\/schema.org","@graph":[{"@type":"WebPage","@id":"https:\/\/www.stachristiana.at\/hlw-bafep-frohsdorf\/wer-wir-sind","url":"https:\/\/www.stachristiana.at\/hlw-bafep-frohsdorf\/wer-wir-sind","name":"Wer wir sind - HLW, BAfEP &amp; BASOP Frohsdorf","isPartOf":{"@id":"https:\/\/www.stachristiana.at\/hlw-bafep-frohsdorf\/#website"},"primaryImageOfPage":{"@id":"https:\/\/www.stachristiana.at\/hlw-bafep-frohsdorf\/wer-wir-sind#primaryimage"},"image":{"@id":"https:\/\/www.stachristiana.at\/hlw-bafep-frohsdorf\/wer-wir-sind#primaryimage"},"thumbnailUrl":"https:\/\/www.stachristiana.at\/app\/uploads\/sites\/6\/2022\/12\/Schule-von-oben-1024x602.jpg","datePublished":"2022-05-02T14:26:34+00:00","dateModified":"2025-09-04T11:48:13+00:00","breadcrumb":{"@id":"https:\/\/www.stachristiana.at\/hlw-bafep-frohsdorf\/wer-wir-sind#breadcrumb"},"inLanguage":"de","potentialAction":[{"@type":"ReadAction","target":["https:\/\/www.stachristiana.at\/hlw-bafep-frohsdorf\/wer-wir-sind"]}]},{"@type":"ImageObject","inLanguage":"de","@id":"https:\/\/www.stachristiana.at\/hlw-bafep-frohsdorf\/wer-wir-sind#primaryimage","url":"https:\/\/www.stachristiana.at\/app\/uploads\/sites\/6\/2022\/12\/Schule-von-oben-1024x602.jpg","contentUrl":"https:\/\/www.stachristiana.at\/app\/uploads\/sites\/6\/2022\/12\/Schule-von-oben-1024x602.jpg"},{"@type":"BreadcrumbList","@id":"https:\/\/www.stachristiana.at\/hlw-bafep-frohsdorf\/wer-wir-sind#breadcrumb","itemListElement":[{"@type":"ListItem","position":1,"name":"Start","item":"https:\/\/www.stachristiana.at\/"},{"@type":"ListItem","position":2,"name":"Wer wir sind"}]},{"@type":"WebSite","@id":"https:\/\/www.stachristiana.at\/hlw-bafep-frohsdorf\/#website","url":"https:\/\/www.stachristiana.at\/hlw-bafep-frohsdorf\/","name":"Sta. Christiana - HLW - BAfEP Frohsdorf","description":"H\u00f6here Lehranstalt, Fachschule und Aufbaulehrgang f\u00fcr wirtschaftliche Berufe und Bildungsanstalt und Kolleg f\u00fcr Elementarp\u00e4dagogik","publisher":{"@id":"https:\/\/www.stachristiana.at\/hlw-bafep-frohsdorf\/#organization"},"alternateName":"Sta. Christiana","potentialAction":[{"@type":"SearchAction","target":{"@type":"EntryPoint","urlTemplate":"https:\/\/www.stachristiana.at\/hlw-bafep-frohsdorf\/?s={search_term_string}"},"query-input":{"@type":"PropertyValueSpecification","valueRequired":true,"valueName":"search_term_string"}}],"inLanguage":"de"},{"@type":"Organization","@id":"https:\/\/www.stachristiana.at\/hlw-bafep-frohsdorf\/#organization","name":"Sta. Christiana - HLW und BAfEP Frohsdorf","alternateName":"Sta. Christiana","url":"https:\/\/www.stachristiana.at\/hlw-bafep-frohsdorf\/","logo":{"@type":"ImageObject","inLanguage":"de","@id":"https:\/\/www.stachristiana.at\/hlw-bafep-frohsdorf\/#\/schema\/logo\/image\/","url":"https:\/\/www.stachristiana.at\/app\/uploads\/sites\/6\/2022\/05\/logo-sta-christiana.png","contentUrl":"https:\/\/www.stachristiana.at\/app\/uploads\/sites\/6\/2022\/05\/logo-sta-christiana.png","width":1200,"height":491,"caption":"Sta. Christiana - HLW und BAfEP Frohsdorf"},"image":{"@id":"https:\/\/www.stachristiana.at\/hlw-bafep-frohsdorf\/#\/schema\/logo\/image\/"}}]}},"_links":{"self":[{"href":"https:\/\/www.stachristiana.at\/hlw-bafep-frohsdorf\/wp-json\/wp\/v2\/pages\/73","targetHints":{"allow":["GET"]}}],"collection":[{"href":"https:\/\/www.stachristiana.at\/hlw-bafep-frohsdorf\/wp-json\/wp\/v2\/pages"}],"about":[{"href":"https:\/\/www.stachristiana.at\/hlw-bafep-frohsdorf\/wp-json\/wp\/v2\/types\/page"}],"author":[{"embeddable":true,"href":"https:\/\/www.stachristiana.at\/hlw-bafep-frohsdorf\/wp-json\/wp\/v2\/users\/1"}],"replies":[{"embeddable":true,"href":"https:\/\/www.stachristiana.at\/hlw-bafep-frohsdorf\/wp-json\/wp\/v2\/comments?post=73"}],"version-history":[{"count":17,"href":"https:\/\/www.stachristiana.at\/hlw-bafep-frohsdorf\/wp-json\/wp\/v2\/pages\/73\/revisions"}],"predecessor-version":[{"id":3085,"href":"https:\/\/www.stachristiana.at\/hlw-bafep-frohsdorf\/wp-json\/wp\/v2\/pages\/73\/revisions\/3085"}],"wp:attachment":[{"href":"https:\/\/www.stachristiana.at\/hlw-bafep-frohsdorf\/wp-json\/wp\/v2\/media?parent=73"}],"curies":[{"name":"wp","href":"https:\/\/api.w.org\/{rel}","templated":true}]}}