{"id":671,"date":"2022-09-27T15:41:33","date_gmt":"2022-09-27T13:41:33","guid":{"rendered":"http:\/\/www.sanctachristiana.at\/hlw-bafep-frohsdorf\/?page_id=671"},"modified":"2024-09-05T11:19:55","modified_gmt":"2024-09-05T09:19:55","slug":"ganze-entfaltung","status":"publish","type":"page","link":"https:\/\/www.stachristiana.at\/hlw-bafep-frohsdorf\/wofuer-wir-stehen\/ganze-entfaltung","title":{"rendered":"Ganze Entfaltung"},"content":{"rendered":"\n<p>F\u00fcr uns in Sta. Christiana Frohsdorf&nbsp;steht die ganzheitliche Entfaltung der individuellen Person der Sch\u00fclerin und des Sch\u00fclers im Mittelpunkt.<\/p>\n\n\n\n<ul class=\"wp-block-list\">\n<li>Talente entfalten<\/li>\n\n\n\n<li>Leistung f\u00f6rdern<\/li>\n\n\n\n<li>Wurzeln geben<\/li>\n\n\n\n<li>Identit\u00e4t entwickeln<\/li>\n<\/ul>\n\n\n\n<p><\/p>\n\n\n\n<p><strong>Talente entfalten<\/strong><br>Bildung ist eine wesentliche Grundbedingung des Lebens. Sie tr\u00e4gt zur Entwicklung der F\u00e4higkeiten und zur Personwerdung der und des Einzelnen bei. Die Entfaltung aller Talente der Sch\u00fcler*innen bedarf einer &#8222;P\u00e4dagogik mit Herz, Hirn und Hand&#8220;. Schule soll Lust auf Lernen wecken und Ansporn zu lebenslangem Lernen sein.<\/p>\n\n\n\n<figure class=\"wp-block-image size-full is-resized\"><img loading=\"lazy\" decoding=\"async\" width=\"900\" height=\"400\" src=\"https:\/\/www.stachristiana.at\/app\/uploads\/sites\/6\/2022\/09\/talente-entfalten-gitarrenkonzert.jpg\" alt=\"Gitarrenkonzert von Sch\u00fclerinnen\" class=\"wp-image-672\" style=\"width:675px;height:300px\" title=\"Gitarrenkonzert von Sch\u00fclerinnen\" srcset=\"https:\/\/www.stachristiana.at\/app\/uploads\/sites\/6\/2022\/09\/talente-entfalten-gitarrenkonzert.jpg 900w, https:\/\/www.stachristiana.at\/app\/uploads\/sites\/6\/2022\/09\/talente-entfalten-gitarrenkonzert-400x178.jpg 400w, https:\/\/www.stachristiana.at\/app\/uploads\/sites\/6\/2022\/09\/talente-entfalten-gitarrenkonzert-768x341.jpg 768w, https:\/\/www.stachristiana.at\/app\/uploads\/sites\/6\/2022\/09\/talente-entfalten-gitarrenkonzert-890x396.jpg 890w, https:\/\/www.stachristiana.at\/app\/uploads\/sites\/6\/2022\/09\/talente-entfalten-gitarrenkonzert-169x75.jpg 169w\" sizes=\"auto, (max-width: 900px) 100vw, 900px\" \/><figcaption class=\"wp-element-caption\">Gitarrenkonzert von Sch\u00fclerinnen<\/figcaption><\/figure>\n\n\n\n<p><strong>Leistung f\u00f6rdern<\/strong><br>Die F\u00f6rderung von Sch\u00fclerinnen ist ein grundlegender p\u00e4dagogischer Auftrag unserer Schule und ein elementares Prinzip jedes Unterrichts. F\u00f6rderung meint einerseits die bestm\u00f6gliche Entwicklung der Leistungspotenziale aller Sch\u00fclerinnen. Andererseits soll F\u00f6rderung Lernversagen \u2013 und damit auch negative Beurteilungen \u2013 m\u00f6glichst verhindern. Sie stellt ein Qualit\u00e4tselement von Schule dar. F\u00f6rderung erfolgt &#8211; durch intensives Individualisieren des Unterrichts und durch differenzierte Unterrichtsgestaltung &#8211; durch zus\u00e4tzliche Ma\u00dfnahmen wie Freigegenst\u00e4nde und unverbindliche \u00dcbungen, aber auch durch F\u00f6rderunterricht.<\/p>\n\n\n\n<p><strong>Wurzeln geben<\/strong><br>All unser Tun \u2013 auch im Rahmen einer Schule \u2013 hat eine \u00fcber das Angreifbare hinausgehend Dimension. Es bedeutet f\u00fcr uns einen Wert an sich, auch in der Alltagsarbeit unsere Wurzeln in unser tiefstes Innerstes zu senken, um aus unseren inneren Quellen zu leben.<br>Mit dem Glauben an die Verantwortlichkeit jedes Menschen vor sich selbst und vor der Welt und mit der Hoffnung auf Vollendung bringen wir Unverzichtbares in den Bildungsprozess ein.<\/p>\n\n\n\n<p><strong>Identit\u00e4t entwickeln<\/strong><br>Wir f\u00f6rdern Bildung als Prinzip unseres Lebens. Jeder Mensch wird er selbst durch Weiternetwicklung. Wir unterst\u00fctzen Aktivit\u00e4ten, die der St\u00e4rkung unserer Identit\u00e4t sowie der dynamischen Entwicklung unserer Beitr\u00e4ge im Bildungsbereich dienen. Wir bef\u00e4higen zu einem gelingenden Leben in der heutigen Gesellschaft.<br>Grunds\u00e4tzlich stehen unsere Schulen allen Kindern, Jugendlichen und Erwachsenen offen. Wir wollen die jungen Menschen zu einem Leben aus den ihren Wurzeln ermutigen und ihnen helfen, sich selbst und den Sinn ihres Lebens zu finden, um daraus den Willen zur Gestaltung der Welt zu entwickeln.<br>&nbsp;<\/p>\n\n\n\n<figure class=\"wp-block-image size-full is-resized\"><img loading=\"lazy\" decoding=\"async\" width=\"900\" height=\"400\" src=\"https:\/\/www.stachristiana.at\/app\/uploads\/sites\/6\/2022\/09\/kooperation-spielerisch-lernen.jpg\" alt=\"Kooperation spielerisch lernen\" class=\"wp-image-676\" style=\"width:675px;height:300px\" title=\"Eine Sch\u00fclergruppe steuert mit F\u00e4den einen Kranhaken\" srcset=\"https:\/\/www.stachristiana.at\/app\/uploads\/sites\/6\/2022\/09\/kooperation-spielerisch-lernen.jpg 900w, https:\/\/www.stachristiana.at\/app\/uploads\/sites\/6\/2022\/09\/kooperation-spielerisch-lernen-400x178.jpg 400w, https:\/\/www.stachristiana.at\/app\/uploads\/sites\/6\/2022\/09\/kooperation-spielerisch-lernen-768x341.jpg 768w, https:\/\/www.stachristiana.at\/app\/uploads\/sites\/6\/2022\/09\/kooperation-spielerisch-lernen-890x396.jpg 890w, https:\/\/www.stachristiana.at\/app\/uploads\/sites\/6\/2022\/09\/kooperation-spielerisch-lernen-169x75.jpg 169w\" sizes=\"auto, (max-width: 900px) 100vw, 900px\" \/><figcaption class=\"wp-element-caption\">Kooperation spielerisch lernen<\/figcaption><\/figure>\n\n\n\n<p>Nach: Leitbild der Erzdi\u00f6zese Wien 1999 und Richtlinien des Schulvereins Institut Sta. Christiana 1987<\/p>\n","protected":false},"excerpt":{"rendered":"<p>F\u00fcr uns in Sta. Christiana Frohsdorf&nbsp;steht die ganzheitliche Entfaltung der individuellen Person der Sch\u00fclerin und des Sch\u00fclers im Mittelpunkt. Talente entfaltenBildung ist eine wesentliche Grundbedingung des Lebens. Sie tr\u00e4gt zur Entwicklung der F\u00e4higkeiten und zur Personwerdung der und des Einzelnen bei. Die Entfaltung aller Talente der Sch\u00fcler*innen bedarf einer &#8222;P\u00e4dagogik mit Herz, Hirn und Hand&#8220;. [&hellip;]<\/p>\n","protected":false},"author":5,"featured_media":0,"parent":70,"menu_order":2,"comment_status":"closed","ping_status":"closed","template":"","meta":{"footnotes":""},"class_list":["post-671","page","type-page","status-publish","hentry"],"acf":[],"yoast_head":"<!-- This site is optimized with the Yoast SEO plugin v26.8 - https:\/\/yoast.com\/product\/yoast-seo-wordpress\/ -->\n<title>Ganze Entfaltung - HLW, BAfEP &amp; BASOP Frohsdorf<\/title>\n<meta name=\"robots\" content=\"index, follow, max-snippet:-1, max-image-preview:large, max-video-preview:-1\" \/>\n<link rel=\"canonical\" href=\"https:\/\/www.stachristiana.at\/hlw-bafep-frohsdorf\/wofuer-wir-stehen\/ganze-entfaltung\" \/>\n<meta property=\"og:locale\" content=\"de_DE\" \/>\n<meta property=\"og:type\" content=\"article\" \/>\n<meta property=\"og:title\" content=\"Ganze Entfaltung - HLW, BAfEP &amp; BASOP Frohsdorf\" \/>\n<meta property=\"og:description\" content=\"F\u00fcr uns in Sta. Christiana Frohsdorf&nbsp;steht die ganzheitliche Entfaltung der individuellen Person der Sch\u00fclerin und des Sch\u00fclers im Mittelpunkt. Talente entfaltenBildung ist eine wesentliche Grundbedingung des Lebens. Sie tr\u00e4gt zur Entwicklung der F\u00e4higkeiten und zur Personwerdung der und des Einzelnen bei. Die Entfaltung aller Talente der Sch\u00fcler*innen bedarf einer &#8222;P\u00e4dagogik mit Herz, Hirn und Hand&#8220;. [&hellip;]\" \/>\n<meta property=\"og:url\" content=\"https:\/\/www.stachristiana.at\/hlw-bafep-frohsdorf\/wofuer-wir-stehen\/ganze-entfaltung\" \/>\n<meta property=\"og:site_name\" content=\"HLW, BAfEP &amp; BASOP Frohsdorf\" \/>\n<meta property=\"article:modified_time\" content=\"2024-09-05T09:19:55+00:00\" \/>\n<meta property=\"og:image\" content=\"https:\/\/www.stachristiana.at\/app\/uploads\/sites\/6\/2022\/09\/talente-entfalten-gitarrenkonzert.jpg\" \/>\n<meta name=\"twitter:card\" content=\"summary_large_image\" \/>\n<meta name=\"twitter:label1\" content=\"Gesch\u00e4tzte Lesezeit\" \/>\n\t<meta name=\"twitter:data1\" content=\"3\u00a0Minuten\" \/>\n<script type=\"application\/ld+json\" class=\"yoast-schema-graph\">{\"@context\":\"https:\/\/schema.org\",\"@graph\":[{\"@type\":\"WebPage\",\"@id\":\"https:\/\/www.stachristiana.at\/hlw-bafep-frohsdorf\/wofuer-wir-stehen\/ganze-entfaltung\",\"url\":\"https:\/\/www.stachristiana.at\/hlw-bafep-frohsdorf\/wofuer-wir-stehen\/ganze-entfaltung\",\"name\":\"Ganze Entfaltung - HLW, BAfEP &amp; BASOP Frohsdorf\",\"isPartOf\":{\"@id\":\"https:\/\/www.stachristiana.at\/hlw-bafep-frohsdorf\/#website\"},\"primaryImageOfPage\":{\"@id\":\"https:\/\/www.stachristiana.at\/hlw-bafep-frohsdorf\/wofuer-wir-stehen\/ganze-entfaltung#primaryimage\"},\"image\":{\"@id\":\"https:\/\/www.stachristiana.at\/hlw-bafep-frohsdorf\/wofuer-wir-stehen\/ganze-entfaltung#primaryimage\"},\"thumbnailUrl\":\"https:\/\/www.stachristiana.at\/app\/uploads\/sites\/6\/2022\/09\/talente-entfalten-gitarrenkonzert.jpg\",\"datePublished\":\"2022-09-27T13:41:33+00:00\",\"dateModified\":\"2024-09-05T09:19:55+00:00\",\"breadcrumb\":{\"@id\":\"https:\/\/www.stachristiana.at\/hlw-bafep-frohsdorf\/wofuer-wir-stehen\/ganze-entfaltung#breadcrumb\"},\"inLanguage\":\"de\",\"potentialAction\":[{\"@type\":\"ReadAction\",\"target\":[\"https:\/\/www.stachristiana.at\/hlw-bafep-frohsdorf\/wofuer-wir-stehen\/ganze-entfaltung\"]}]},{\"@type\":\"ImageObject\",\"inLanguage\":\"de\",\"@id\":\"https:\/\/www.stachristiana.at\/hlw-bafep-frohsdorf\/wofuer-wir-stehen\/ganze-entfaltung#primaryimage\",\"url\":\"https:\/\/www.stachristiana.at\/app\/uploads\/sites\/6\/2022\/09\/talente-entfalten-gitarrenkonzert.jpg\",\"contentUrl\":\"https:\/\/www.stachristiana.at\/app\/uploads\/sites\/6\/2022\/09\/talente-entfalten-gitarrenkonzert.jpg\"},{\"@type\":\"BreadcrumbList\",\"@id\":\"https:\/\/www.stachristiana.at\/hlw-bafep-frohsdorf\/wofuer-wir-stehen\/ganze-entfaltung#breadcrumb\",\"itemListElement\":[{\"@type\":\"ListItem\",\"position\":1,\"name\":\"Start\",\"item\":\"https:\/\/www.stachristiana.at\/\"},{\"@type\":\"ListItem\",\"position\":2,\"name\":\"Wof\u00fcr wir stehen\",\"item\":\"https:\/\/www.stachristiana.at\/hlw-bafep-frohsdorf\/wofuer-wir-stehen\"},{\"@type\":\"ListItem\",\"position\":3,\"name\":\"Ganze Entfaltung\"}]},{\"@type\":\"WebSite\",\"@id\":\"https:\/\/www.stachristiana.at\/hlw-bafep-frohsdorf\/#website\",\"url\":\"https:\/\/www.stachristiana.at\/hlw-bafep-frohsdorf\/\",\"name\":\"Sta. Christiana - HLW - BAfEP Frohsdorf\",\"description\":\"H\u00f6here Lehranstalt, Fachschule und Aufbaulehrgang f\u00fcr wirtschaftliche Berufe und Bildungsanstalt und Kolleg f\u00fcr Elementarp\u00e4dagogik\",\"publisher\":{\"@id\":\"https:\/\/www.stachristiana.at\/hlw-bafep-frohsdorf\/#organization\"},\"alternateName\":\"Sta. Christiana\",\"potentialAction\":[{\"@type\":\"SearchAction\",\"target\":{\"@type\":\"EntryPoint\",\"urlTemplate\":\"https:\/\/www.stachristiana.at\/hlw-bafep-frohsdorf\/?s={search_term_string}\"},\"query-input\":{\"@type\":\"PropertyValueSpecification\",\"valueRequired\":true,\"valueName\":\"search_term_string\"}}],\"inLanguage\":\"de\"},{\"@type\":\"Organization\",\"@id\":\"https:\/\/www.stachristiana.at\/hlw-bafep-frohsdorf\/#organization\",\"name\":\"Sta. Christiana - HLW und BAfEP Frohsdorf\",\"alternateName\":\"Sta. Christiana\",\"url\":\"https:\/\/www.stachristiana.at\/hlw-bafep-frohsdorf\/\",\"logo\":{\"@type\":\"ImageObject\",\"inLanguage\":\"de\",\"@id\":\"https:\/\/www.stachristiana.at\/hlw-bafep-frohsdorf\/#\/schema\/logo\/image\/\",\"url\":\"https:\/\/www.stachristiana.at\/app\/uploads\/sites\/6\/2022\/05\/logo-sta-christiana.png\",\"contentUrl\":\"https:\/\/www.stachristiana.at\/app\/uploads\/sites\/6\/2022\/05\/logo-sta-christiana.png\",\"width\":1200,\"height\":491,\"caption\":\"Sta. Christiana - HLW und BAfEP Frohsdorf\"},\"image\":{\"@id\":\"https:\/\/www.stachristiana.at\/hlw-bafep-frohsdorf\/#\/schema\/logo\/image\/\"}}]}<\/script>\n<!-- \/ Yoast SEO plugin. -->","yoast_head_json":{"title":"Ganze Entfaltung - HLW, BAfEP &amp; BASOP Frohsdorf","robots":{"index":"index","follow":"follow","max-snippet":"max-snippet:-1","max-image-preview":"max-image-preview:large","max-video-preview":"max-video-preview:-1"},"canonical":"https:\/\/www.stachristiana.at\/hlw-bafep-frohsdorf\/wofuer-wir-stehen\/ganze-entfaltung","og_locale":"de_DE","og_type":"article","og_title":"Ganze Entfaltung - HLW, BAfEP &amp; BASOP Frohsdorf","og_description":"F\u00fcr uns in Sta. Christiana Frohsdorf&nbsp;steht die ganzheitliche Entfaltung der individuellen Person der Sch\u00fclerin und des Sch\u00fclers im Mittelpunkt. Talente entfaltenBildung ist eine wesentliche Grundbedingung des Lebens. Sie tr\u00e4gt zur Entwicklung der F\u00e4higkeiten und zur Personwerdung der und des Einzelnen bei. Die Entfaltung aller Talente der Sch\u00fcler*innen bedarf einer &#8222;P\u00e4dagogik mit Herz, Hirn und Hand&#8220;. [&hellip;]","og_url":"https:\/\/www.stachristiana.at\/hlw-bafep-frohsdorf\/wofuer-wir-stehen\/ganze-entfaltung","og_site_name":"HLW, BAfEP &amp; BASOP Frohsdorf","article_modified_time":"2024-09-05T09:19:55+00:00","og_image":[{"url":"https:\/\/www.stachristiana.at\/app\/uploads\/sites\/6\/2022\/09\/talente-entfalten-gitarrenkonzert.jpg","type":"","width":"","height":""}],"twitter_card":"summary_large_image","twitter_misc":{"Gesch\u00e4tzte Lesezeit":"3\u00a0Minuten"},"schema":{"@context":"https:\/\/schema.org","@graph":[{"@type":"WebPage","@id":"https:\/\/www.stachristiana.at\/hlw-bafep-frohsdorf\/wofuer-wir-stehen\/ganze-entfaltung","url":"https:\/\/www.stachristiana.at\/hlw-bafep-frohsdorf\/wofuer-wir-stehen\/ganze-entfaltung","name":"Ganze Entfaltung - HLW, BAfEP &amp; BASOP Frohsdorf","isPartOf":{"@id":"https:\/\/www.stachristiana.at\/hlw-bafep-frohsdorf\/#website"},"primaryImageOfPage":{"@id":"https:\/\/www.stachristiana.at\/hlw-bafep-frohsdorf\/wofuer-wir-stehen\/ganze-entfaltung#primaryimage"},"image":{"@id":"https:\/\/www.stachristiana.at\/hlw-bafep-frohsdorf\/wofuer-wir-stehen\/ganze-entfaltung#primaryimage"},"thumbnailUrl":"https:\/\/www.stachristiana.at\/app\/uploads\/sites\/6\/2022\/09\/talente-entfalten-gitarrenkonzert.jpg","datePublished":"2022-09-27T13:41:33+00:00","dateModified":"2024-09-05T09:19:55+00:00","breadcrumb":{"@id":"https:\/\/www.stachristiana.at\/hlw-bafep-frohsdorf\/wofuer-wir-stehen\/ganze-entfaltung#breadcrumb"},"inLanguage":"de","potentialAction":[{"@type":"ReadAction","target":["https:\/\/www.stachristiana.at\/hlw-bafep-frohsdorf\/wofuer-wir-stehen\/ganze-entfaltung"]}]},{"@type":"ImageObject","inLanguage":"de","@id":"https:\/\/www.stachristiana.at\/hlw-bafep-frohsdorf\/wofuer-wir-stehen\/ganze-entfaltung#primaryimage","url":"https:\/\/www.stachristiana.at\/app\/uploads\/sites\/6\/2022\/09\/talente-entfalten-gitarrenkonzert.jpg","contentUrl":"https:\/\/www.stachristiana.at\/app\/uploads\/sites\/6\/2022\/09\/talente-entfalten-gitarrenkonzert.jpg"},{"@type":"BreadcrumbList","@id":"https:\/\/www.stachristiana.at\/hlw-bafep-frohsdorf\/wofuer-wir-stehen\/ganze-entfaltung#breadcrumb","itemListElement":[{"@type":"ListItem","position":1,"name":"Start","item":"https:\/\/www.stachristiana.at\/"},{"@type":"ListItem","position":2,"name":"Wof\u00fcr wir stehen","item":"https:\/\/www.stachristiana.at\/hlw-bafep-frohsdorf\/wofuer-wir-stehen"},{"@type":"ListItem","position":3,"name":"Ganze Entfaltung"}]},{"@type":"WebSite","@id":"https:\/\/www.stachristiana.at\/hlw-bafep-frohsdorf\/#website","url":"https:\/\/www.stachristiana.at\/hlw-bafep-frohsdorf\/","name":"Sta. Christiana - HLW - BAfEP Frohsdorf","description":"H\u00f6here Lehranstalt, Fachschule und Aufbaulehrgang f\u00fcr wirtschaftliche Berufe und Bildungsanstalt und Kolleg f\u00fcr Elementarp\u00e4dagogik","publisher":{"@id":"https:\/\/www.stachristiana.at\/hlw-bafep-frohsdorf\/#organization"},"alternateName":"Sta. Christiana","potentialAction":[{"@type":"SearchAction","target":{"@type":"EntryPoint","urlTemplate":"https:\/\/www.stachristiana.at\/hlw-bafep-frohsdorf\/?s={search_term_string}"},"query-input":{"@type":"PropertyValueSpecification","valueRequired":true,"valueName":"search_term_string"}}],"inLanguage":"de"},{"@type":"Organization","@id":"https:\/\/www.stachristiana.at\/hlw-bafep-frohsdorf\/#organization","name":"Sta. Christiana - HLW und BAfEP Frohsdorf","alternateName":"Sta. Christiana","url":"https:\/\/www.stachristiana.at\/hlw-bafep-frohsdorf\/","logo":{"@type":"ImageObject","inLanguage":"de","@id":"https:\/\/www.stachristiana.at\/hlw-bafep-frohsdorf\/#\/schema\/logo\/image\/","url":"https:\/\/www.stachristiana.at\/app\/uploads\/sites\/6\/2022\/05\/logo-sta-christiana.png","contentUrl":"https:\/\/www.stachristiana.at\/app\/uploads\/sites\/6\/2022\/05\/logo-sta-christiana.png","width":1200,"height":491,"caption":"Sta. Christiana - HLW und BAfEP Frohsdorf"},"image":{"@id":"https:\/\/www.stachristiana.at\/hlw-bafep-frohsdorf\/#\/schema\/logo\/image\/"}}]}},"_links":{"self":[{"href":"https:\/\/www.stachristiana.at\/hlw-bafep-frohsdorf\/wp-json\/wp\/v2\/pages\/671","targetHints":{"allow":["GET"]}}],"collection":[{"href":"https:\/\/www.stachristiana.at\/hlw-bafep-frohsdorf\/wp-json\/wp\/v2\/pages"}],"about":[{"href":"https:\/\/www.stachristiana.at\/hlw-bafep-frohsdorf\/wp-json\/wp\/v2\/types\/page"}],"author":[{"embeddable":true,"href":"https:\/\/www.stachristiana.at\/hlw-bafep-frohsdorf\/wp-json\/wp\/v2\/users\/5"}],"replies":[{"embeddable":true,"href":"https:\/\/www.stachristiana.at\/hlw-bafep-frohsdorf\/wp-json\/wp\/v2\/comments?post=671"}],"version-history":[{"count":11,"href":"https:\/\/www.stachristiana.at\/hlw-bafep-frohsdorf\/wp-json\/wp\/v2\/pages\/671\/revisions"}],"predecessor-version":[{"id":2661,"href":"https:\/\/www.stachristiana.at\/hlw-bafep-frohsdorf\/wp-json\/wp\/v2\/pages\/671\/revisions\/2661"}],"up":[{"embeddable":true,"href":"https:\/\/www.stachristiana.at\/hlw-bafep-frohsdorf\/wp-json\/wp\/v2\/pages\/70"}],"wp:attachment":[{"href":"https:\/\/www.stachristiana.at\/hlw-bafep-frohsdorf\/wp-json\/wp\/v2\/media?parent=671"}],"curies":[{"name":"wp","href":"https:\/\/api.w.org\/{rel}","templated":true}]}}