{"id":467,"date":"2022-06-23T20:19:16","date_gmt":"2022-06-23T18:19:16","guid":{"rendered":"http:\/\/www.sanctachristiana.at\/hlw-bafep-frohsdorf\/?page_id=467"},"modified":"2026-01-19T09:41:21","modified_gmt":"2026-01-19T08:41:21","slug":"einjaehrige-fachschule-fuer-wirtschaftliche-berufe","status":"publish","type":"page","link":"https:\/\/www.stachristiana.at\/hlw-bafep-frohsdorf\/was-wir-bieten\/einjaehrige-fachschule-fuer-wirtschaftliche-berufe","title":{"rendered":"Einj\u00e4hrige Fachschule f\u00fcr wirtschaftliche Berufe"},"content":{"rendered":"\n<p><strong>Schule auf selber Augenh\u00f6he. Angstfreies Lernen in famili\u00e4rer Atmosph\u00e4re.<\/strong><\/p>\n\n\n\n<p><strong>&#8222;Abschluss mit Anschluss\u2026!&#8220;<\/strong><br>Den Absolventinnen und Absolventen der einj\u00e4hrigen Fachschule f\u00fcr wirtschaftliche Berufe stehen neben dem Einstieg in die Arbeitsweilt mit einer Lehre alle Weiterbildungsm\u00f6glichkeiten in unseren mittleren oder h\u00f6heren berufsbildenden Schulen offen.<br>&nbsp;<\/p>\n\n\n\n<figure class=\"wp-block-image size-large is-resized\"><img loading=\"lazy\" decoding=\"async\" width=\"1024\" height=\"621\" src=\"https:\/\/www.stachristiana.at\/app\/uploads\/sites\/6\/2022\/10\/EFW_Grafik-1024x621.png\" alt=\"\" class=\"wp-image-753\" srcset=\"https:\/\/www.stachristiana.at\/app\/uploads\/sites\/6\/2022\/10\/EFW_Grafik-1024x621.png 1024w, https:\/\/www.stachristiana.at\/app\/uploads\/sites\/6\/2022\/10\/EFW_Grafik-400x243.png 400w, https:\/\/www.stachristiana.at\/app\/uploads\/sites\/6\/2022\/10\/EFW_Grafik-768x466.png 768w, https:\/\/www.stachristiana.at\/app\/uploads\/sites\/6\/2022\/10\/EFW_Grafik-1536x932.png 1536w, https:\/\/www.stachristiana.at\/app\/uploads\/sites\/6\/2022\/10\/EFW_Grafik-2048x1242.png 2048w, https:\/\/www.stachristiana.at\/app\/uploads\/sites\/6\/2022\/10\/EFW_Grafik-758x460.png 758w, https:\/\/www.stachristiana.at\/app\/uploads\/sites\/6\/2022\/10\/EFW_Grafik-124x75.png 124w\" sizes=\"auto, (max-width: 1024px) 100vw, 1024px\" \/><\/figure>\n\n\n\n<div id=\"linklist-block_116862ef074bc6670a66b0a35e89e551\" class=\"linklist\">\n\t\t\n\t\t<a href=\"https:\/\/www.stachristiana.at\/app\/uploads\/sites\/6\/2022\/09\/EFW_2019_2020.pdf\" target=\"_blank\" class=\"linklist-item linklist-item-hellblau\">\n\t\t\tStundentafel\t\t<\/a>\n\n\t\t\n\t\t<a href=\"https:\/\/www.stachristiana.at\/app\/uploads\/sites\/6\/2022\/12\/Einlegeblatt_Einjaehrige-Fachschule_V2.pdf\" target=\"_blank\" class=\"linklist-item linklist-item-hellblau\">\n\t\t\tInformationsfolder Einj\u00e4hrige Fachschule\t\t<\/a>\n\n\t\t\n\t\t<a href=\"https:\/\/www.stachristiana.at\/hlw-bafep-frohsdorf\/anmeldung\" target=\"_blank\" class=\"linklist-item linklist-item-hellblau\">\n\t\t\tInformationen zur Anmeldung\t\t<\/a>\n\n\t\t\n\t\t<a href=\"https:\/\/www.stachristiana.at\/hlw-bafep-frohsdorf\/was-wir-bieten\/dreijaehrige-fachschule-fuer-wirtschaftliche-berufe\" target=\"_blank\" class=\"linklist-item linklist-item-hellblau\">\n\t\t\tEs gibt auch eine Dreij\u00e4hrige Form der Fachschule!\t\t<\/a>\n\n\t<\/div>\n\n\n\n<p>Die Sch\u00fclerinnen sollen durch die Vermittlung von Kenntnissen und F\u00e4higkeiten auf den \u00dcbertritt in einen Lehrberuf in den Bereichen Soziales, Wirtschaft, Gastronomie, Verwaltung und Ern\u00e4hrung vorbereit werden.<\/p>\n\n\n\n<ul class=\"wp-block-list\">\n<li>attraktive Alternative zur Polytechnischen Schule<\/li>\n\n\n\n<li>Allgemeinbildung<\/li>\n\n\n\n<li>f\u00e4cher\u00fcbergreifendes Arbeiten<\/li>\n\n\n\n<li>Grundwissen in wirtschaftlicher und politischer Bildung<\/li>\n\n\n\n<li>kreatives Gestalten mit verschiedenen Materialien<\/li>\n\n\n\n<li>praktisches Arbeiten in der Schul- und Betriebsk\u00fcche<\/li>\n\n\n\n<li>vielf\u00e4ltiges zus\u00e4tzliches Sportangebot<\/li>\n<\/ul>\n\n\n\n<p>Die wesentlichen Kompetenzen dieser Ausbildung sind Pers\u00f6nlichkeitsbildung, Flexibilit\u00e4t, Kreativit\u00e4t, Kritikf\u00e4higkeit, soziales Engagement sowie Kommunikationsf\u00e4higkeit in der Mutter- und Fremdsprache. Einen weiteren Schwerpunkt bildet das Erlernen von praktischen Fertigkeiten und Teamf\u00e4higkeit.<\/p>\n\n\n\n<p><strong>Berufspraktische Tage<\/strong><br>W\u00e4hrend des Schuljahres werden durch individuelle berufspraktische Tage in Betrieben Einblick in interessante Lehrberufe geboten. Durch Exkursionen, Lehrausg\u00e4nge und Vortr\u00e4ge werden die Sch\u00fclerinnen noch verst\u00e4rkt auf die Berufswelt vorbereitet werden.<br>&nbsp;<br><strong>Schulabschluss<\/strong><br>Das Abschlusszeugnis der einj\u00e4hrigen Fachschule f\u00fcr wirtschaftliche Berufe gilt als Nachweis der 9. Schulstufe und ist ein vollst\u00e4ndiger Schulabschluss. Die einj\u00e4hrige Fachschule f\u00fcr wirtschaftliche Berufe ist die optimale Vorbereitung f\u00fcr den Berufseinstieg.<br>&nbsp;<br><strong>Mit der einj\u00e4hrigen Fachschule in die Lehre oder weiter in die Schule<\/strong><br>Alle Sch\u00fcler:innen, die nach Abschluss der 9. Schulstufe eine Lehrstelle suchen, finden diese sie aufgrund ihrer Pers\u00f6nlichkeit, ihrer Kompetenzen und ihrer schulischen Leistungen.<\/p>\n\n\n\n<p>Den Absolvent*innen der einj\u00e4hrigen Fachschule f\u00fcr wirtschaftliche Berufe stehen neben einer Lehre alle Weiterbildungsm\u00f6glichkeiten in unseren mittleren oder h\u00f6heren berufsbildenden Schulen offen. <\/p>\n\n\n\n<div id=\"gallery-block_4f067dc6b103581db29b16ffc683fe78\" class=\"gallery\">\n\t\t\n\t\t<a href=\"https:\/\/www.stachristiana.at\/app\/uploads\/sites\/6\/2022\/09\/1fw_apfelkorb.jpg\" class=\"gallery-item\" data-caption=\"&lt;strong&gt;1fw_apfelkorb&lt;\/strong&gt;\" data-fancybox=\"gallery-block_4f067dc6b103581db29b16ffc683fe78\" data-width=\"900\" data-height=\"600\"><img loading=\"lazy\" decoding=\"async\" width=\"400\" height=\"267\" src=\"https:\/\/www.stachristiana.at\/app\/uploads\/sites\/6\/2022\/09\/1fw_apfelkorb-400x267.jpg\" class=\"attachment-medium size-medium\" alt=\"\" srcset=\"https:\/\/www.stachristiana.at\/app\/uploads\/sites\/6\/2022\/09\/1fw_apfelkorb-400x267.jpg 400w, https:\/\/www.stachristiana.at\/app\/uploads\/sites\/6\/2022\/09\/1fw_apfelkorb-768x512.jpg 768w, https:\/\/www.stachristiana.at\/app\/uploads\/sites\/6\/2022\/09\/1fw_apfelkorb-690x460.jpg 690w, https:\/\/www.stachristiana.at\/app\/uploads\/sites\/6\/2022\/09\/1fw_apfelkorb-113x75.jpg 113w, https:\/\/www.stachristiana.at\/app\/uploads\/sites\/6\/2022\/09\/1fw_apfelkorb.jpg 900w\" sizes=\"auto, (max-width: 400px) 100vw, 400px\" \/><\/a>\n\n\t\t\n\t\t<a href=\"https:\/\/www.stachristiana.at\/app\/uploads\/sites\/6\/2022\/09\/1fw_patisserie.jpg\" class=\"gallery-item\" data-caption=\"&lt;strong&gt;1fw_patisserie&lt;\/strong&gt;\" data-fancybox=\"gallery-block_4f067dc6b103581db29b16ffc683fe78\" data-width=\"900\" data-height=\"600\"><img loading=\"lazy\" decoding=\"async\" width=\"400\" height=\"267\" src=\"https:\/\/www.stachristiana.at\/app\/uploads\/sites\/6\/2022\/09\/1fw_patisserie-400x267.jpg\" class=\"attachment-medium size-medium\" alt=\"\" srcset=\"https:\/\/www.stachristiana.at\/app\/uploads\/sites\/6\/2022\/09\/1fw_patisserie-400x267.jpg 400w, https:\/\/www.stachristiana.at\/app\/uploads\/sites\/6\/2022\/09\/1fw_patisserie-768x512.jpg 768w, https:\/\/www.stachristiana.at\/app\/uploads\/sites\/6\/2022\/09\/1fw_patisserie-690x460.jpg 690w, https:\/\/www.stachristiana.at\/app\/uploads\/sites\/6\/2022\/09\/1fw_patisserie-113x75.jpg 113w, https:\/\/www.stachristiana.at\/app\/uploads\/sites\/6\/2022\/09\/1fw_patisserie.jpg 900w\" sizes=\"auto, (max-width: 400px) 100vw, 400px\" \/><\/a>\n\n\t\t\n\t\t<a href=\"https:\/\/www.stachristiana.at\/app\/uploads\/sites\/6\/2022\/09\/1fw_yoga.jpg\" class=\"gallery-item\" data-caption=\"&lt;strong&gt;1fw_yoga&lt;\/strong&gt;\" data-fancybox=\"gallery-block_4f067dc6b103581db29b16ffc683fe78\" data-width=\"900\" data-height=\"600\"><img loading=\"lazy\" decoding=\"async\" width=\"400\" height=\"267\" src=\"https:\/\/www.stachristiana.at\/app\/uploads\/sites\/6\/2022\/09\/1fw_yoga-400x267.jpg\" class=\"attachment-medium size-medium\" alt=\"\" srcset=\"https:\/\/www.stachristiana.at\/app\/uploads\/sites\/6\/2022\/09\/1fw_yoga-400x267.jpg 400w, https:\/\/www.stachristiana.at\/app\/uploads\/sites\/6\/2022\/09\/1fw_yoga-768x512.jpg 768w, https:\/\/www.stachristiana.at\/app\/uploads\/sites\/6\/2022\/09\/1fw_yoga-690x460.jpg 690w, https:\/\/www.stachristiana.at\/app\/uploads\/sites\/6\/2022\/09\/1fw_yoga-113x75.jpg 113w, https:\/\/www.stachristiana.at\/app\/uploads\/sites\/6\/2022\/09\/1fw_yoga.jpg 900w\" sizes=\"auto, (max-width: 400px) 100vw, 400px\" \/><\/a>\n\n\t\t\n\t\t<a href=\"https:\/\/www.stachristiana.at\/app\/uploads\/sites\/6\/2022\/09\/1fw_buchwurm.jpg\" class=\"gallery-item\" data-caption=\"&lt;strong&gt;1fw_buchwurm&lt;\/strong&gt;\" data-fancybox=\"gallery-block_4f067dc6b103581db29b16ffc683fe78\" data-width=\"900\" data-height=\"600\"><img loading=\"lazy\" decoding=\"async\" width=\"400\" height=\"267\" src=\"https:\/\/www.stachristiana.at\/app\/uploads\/sites\/6\/2022\/09\/1fw_buchwurm-400x267.jpg\" class=\"attachment-medium size-medium\" alt=\"\" srcset=\"https:\/\/www.stachristiana.at\/app\/uploads\/sites\/6\/2022\/09\/1fw_buchwurm-400x267.jpg 400w, https:\/\/www.stachristiana.at\/app\/uploads\/sites\/6\/2022\/09\/1fw_buchwurm-768x512.jpg 768w, https:\/\/www.stachristiana.at\/app\/uploads\/sites\/6\/2022\/09\/1fw_buchwurm-690x460.jpg 690w, https:\/\/www.stachristiana.at\/app\/uploads\/sites\/6\/2022\/09\/1fw_buchwurm-113x75.jpg 113w, https:\/\/www.stachristiana.at\/app\/uploads\/sites\/6\/2022\/09\/1fw_buchwurm.jpg 900w\" sizes=\"auto, (max-width: 400px) 100vw, 400px\" \/><\/a>\n\n\t\t\n\t\t<a href=\"https:\/\/www.stachristiana.at\/app\/uploads\/sites\/6\/2022\/09\/1fw_trommeln.jpg\" class=\"gallery-item\" data-caption=\"&lt;strong&gt;1fw_trommeln&lt;\/strong&gt;\" data-fancybox=\"gallery-block_4f067dc6b103581db29b16ffc683fe78\" data-width=\"900\" data-height=\"600\"><img loading=\"lazy\" decoding=\"async\" width=\"400\" height=\"267\" src=\"https:\/\/www.stachristiana.at\/app\/uploads\/sites\/6\/2022\/09\/1fw_trommeln-400x267.jpg\" class=\"attachment-medium size-medium\" alt=\"\" srcset=\"https:\/\/www.stachristiana.at\/app\/uploads\/sites\/6\/2022\/09\/1fw_trommeln-400x267.jpg 400w, https:\/\/www.stachristiana.at\/app\/uploads\/sites\/6\/2022\/09\/1fw_trommeln-768x512.jpg 768w, https:\/\/www.stachristiana.at\/app\/uploads\/sites\/6\/2022\/09\/1fw_trommeln-690x460.jpg 690w, https:\/\/www.stachristiana.at\/app\/uploads\/sites\/6\/2022\/09\/1fw_trommeln-113x75.jpg 113w, https:\/\/www.stachristiana.at\/app\/uploads\/sites\/6\/2022\/09\/1fw_trommeln.jpg 900w\" sizes=\"auto, (max-width: 400px) 100vw, 400px\" \/><\/a>\n\n\t\t\n\t\t<a href=\"https:\/\/www.stachristiana.at\/app\/uploads\/sites\/6\/2022\/09\/1fw_drei-schuelerinnen.jpg\" class=\"gallery-item\" data-caption=\"&lt;strong&gt;1fw_drei-schuelerinnen&lt;\/strong&gt;\" data-fancybox=\"gallery-block_4f067dc6b103581db29b16ffc683fe78\" data-width=\"900\" data-height=\"600\"><img loading=\"lazy\" decoding=\"async\" width=\"400\" height=\"267\" src=\"https:\/\/www.stachristiana.at\/app\/uploads\/sites\/6\/2022\/09\/1fw_drei-schuelerinnen-400x267.jpg\" class=\"attachment-medium size-medium\" alt=\"\" srcset=\"https:\/\/www.stachristiana.at\/app\/uploads\/sites\/6\/2022\/09\/1fw_drei-schuelerinnen-400x267.jpg 400w, https:\/\/www.stachristiana.at\/app\/uploads\/sites\/6\/2022\/09\/1fw_drei-schuelerinnen-768x512.jpg 768w, https:\/\/www.stachristiana.at\/app\/uploads\/sites\/6\/2022\/09\/1fw_drei-schuelerinnen-690x460.jpg 690w, https:\/\/www.stachristiana.at\/app\/uploads\/sites\/6\/2022\/09\/1fw_drei-schuelerinnen-113x75.jpg 113w, https:\/\/www.stachristiana.at\/app\/uploads\/sites\/6\/2022\/09\/1fw_drei-schuelerinnen.jpg 900w\" sizes=\"auto, (max-width: 400px) 100vw, 400px\" \/><\/a>\n\n\t\t\n\t\t<a href=\"https:\/\/www.stachristiana.at\/app\/uploads\/sites\/6\/2022\/09\/1fw_laufteam.jpg\" class=\"gallery-item\" data-caption=\"&lt;strong&gt;1fw_laufteam&lt;\/strong&gt;\" data-fancybox=\"gallery-block_4f067dc6b103581db29b16ffc683fe78\" data-width=\"900\" data-height=\"600\"><img loading=\"lazy\" decoding=\"async\" width=\"400\" height=\"267\" src=\"https:\/\/www.stachristiana.at\/app\/uploads\/sites\/6\/2022\/09\/1fw_laufteam-400x267.jpg\" class=\"attachment-medium size-medium\" alt=\"\" srcset=\"https:\/\/www.stachristiana.at\/app\/uploads\/sites\/6\/2022\/09\/1fw_laufteam-400x267.jpg 400w, https:\/\/www.stachristiana.at\/app\/uploads\/sites\/6\/2022\/09\/1fw_laufteam-768x512.jpg 768w, https:\/\/www.stachristiana.at\/app\/uploads\/sites\/6\/2022\/09\/1fw_laufteam-690x460.jpg 690w, https:\/\/www.stachristiana.at\/app\/uploads\/sites\/6\/2022\/09\/1fw_laufteam-113x75.jpg 113w, https:\/\/www.stachristiana.at\/app\/uploads\/sites\/6\/2022\/09\/1fw_laufteam.jpg 900w\" sizes=\"auto, (max-width: 400px) 100vw, 400px\" \/><\/a>\n\n\t\t\n\t\t<a href=\"https:\/\/www.stachristiana.at\/app\/uploads\/sites\/6\/2022\/09\/1fw_service.jpg\" class=\"gallery-item\" data-caption=\"&lt;strong&gt;1fw_service&lt;\/strong&gt;\" data-fancybox=\"gallery-block_4f067dc6b103581db29b16ffc683fe78\" data-width=\"900\" data-height=\"600\"><img loading=\"lazy\" decoding=\"async\" width=\"400\" height=\"267\" src=\"https:\/\/www.stachristiana.at\/app\/uploads\/sites\/6\/2022\/09\/1fw_service-400x267.jpg\" class=\"attachment-medium size-medium\" alt=\"\" srcset=\"https:\/\/www.stachristiana.at\/app\/uploads\/sites\/6\/2022\/09\/1fw_service-400x267.jpg 400w, https:\/\/www.stachristiana.at\/app\/uploads\/sites\/6\/2022\/09\/1fw_service-768x512.jpg 768w, https:\/\/www.stachristiana.at\/app\/uploads\/sites\/6\/2022\/09\/1fw_service-690x460.jpg 690w, https:\/\/www.stachristiana.at\/app\/uploads\/sites\/6\/2022\/09\/1fw_service-113x75.jpg 113w, https:\/\/www.stachristiana.at\/app\/uploads\/sites\/6\/2022\/09\/1fw_service.jpg 900w\" sizes=\"auto, (max-width: 400px) 100vw, 400px\" \/><\/a>\n\n\t<\/div>\n\n","protected":false},"excerpt":{"rendered":"<p>Schule auf selber Augenh\u00f6he. Angstfreies Lernen in famili\u00e4rer Atmosph\u00e4re. &#8222;Abschluss mit Anschluss\u2026!&#8220;Den Absolventinnen und Absolventen der einj\u00e4hrigen Fachschule f\u00fcr wirtschaftliche Berufe stehen neben dem Einstieg in die Arbeitsweilt mit einer Lehre alle Weiterbildungsm\u00f6glichkeiten in unseren mittleren oder h\u00f6heren berufsbildenden Schulen offen.&nbsp; Die Sch\u00fclerinnen sollen durch die Vermittlung von Kenntnissen und F\u00e4higkeiten auf den \u00dcbertritt in [&hellip;]<\/p>\n","protected":false},"author":5,"featured_media":0,"parent":144,"menu_order":1,"comment_status":"closed","ping_status":"closed","template":"","meta":{"footnotes":""},"class_list":["post-467","page","type-page","status-publish","hentry"],"acf":[],"yoast_head":"<!-- This site is optimized with the Yoast SEO plugin v26.8 - https:\/\/yoast.com\/product\/yoast-seo-wordpress\/ -->\n<title>Einj\u00e4hrige Fachschule f\u00fcr wirtschaftliche Berufe - HLW, BAfEP &amp; BASOP Frohsdorf<\/title>\n<meta name=\"robots\" content=\"index, follow, max-snippet:-1, max-image-preview:large, max-video-preview:-1\" \/>\n<link rel=\"canonical\" href=\"https:\/\/www.stachristiana.at\/hlw-bafep-frohsdorf\/was-wir-bieten\/einjaehrige-fachschule-fuer-wirtschaftliche-berufe\" \/>\n<meta property=\"og:locale\" content=\"de_DE\" \/>\n<meta property=\"og:type\" content=\"article\" \/>\n<meta property=\"og:title\" content=\"Einj\u00e4hrige Fachschule f\u00fcr wirtschaftliche Berufe - HLW, BAfEP &amp; BASOP Frohsdorf\" \/>\n<meta property=\"og:description\" content=\"Schule auf selber Augenh\u00f6he. Angstfreies Lernen in famili\u00e4rer Atmosph\u00e4re. &#8222;Abschluss mit Anschluss\u2026!&#8220;Den Absolventinnen und Absolventen der einj\u00e4hrigen Fachschule f\u00fcr wirtschaftliche Berufe stehen neben dem Einstieg in die Arbeitsweilt mit einer Lehre alle Weiterbildungsm\u00f6glichkeiten in unseren mittleren oder h\u00f6heren berufsbildenden Schulen offen.&nbsp; Die Sch\u00fclerinnen sollen durch die Vermittlung von Kenntnissen und F\u00e4higkeiten auf den \u00dcbertritt in [&hellip;]\" \/>\n<meta property=\"og:url\" content=\"https:\/\/www.stachristiana.at\/hlw-bafep-frohsdorf\/was-wir-bieten\/einjaehrige-fachschule-fuer-wirtschaftliche-berufe\" \/>\n<meta property=\"og:site_name\" content=\"HLW, BAfEP &amp; BASOP Frohsdorf\" \/>\n<meta property=\"article:modified_time\" content=\"2026-01-19T08:41:21+00:00\" \/>\n<meta property=\"og:image\" content=\"https:\/\/www.stachristiana.at\/app\/uploads\/sites\/6\/2022\/10\/EFW_Grafik.png\" \/>\n\t<meta property=\"og:image:width\" content=\"3024\" \/>\n\t<meta property=\"og:image:height\" content=\"1834\" \/>\n\t<meta property=\"og:image:type\" content=\"image\/png\" \/>\n<meta name=\"twitter:card\" content=\"summary_large_image\" \/>\n<meta name=\"twitter:label1\" content=\"Gesch\u00e4tzte Lesezeit\" \/>\n\t<meta name=\"twitter:data1\" content=\"2\u00a0Minuten\" \/>\n<script type=\"application\/ld+json\" class=\"yoast-schema-graph\">{\"@context\":\"https:\/\/schema.org\",\"@graph\":[{\"@type\":\"WebPage\",\"@id\":\"https:\/\/www.stachristiana.at\/hlw-bafep-frohsdorf\/was-wir-bieten\/einjaehrige-fachschule-fuer-wirtschaftliche-berufe\",\"url\":\"https:\/\/www.stachristiana.at\/hlw-bafep-frohsdorf\/was-wir-bieten\/einjaehrige-fachschule-fuer-wirtschaftliche-berufe\",\"name\":\"Einj\u00e4hrige Fachschule f\u00fcr wirtschaftliche Berufe - HLW, BAfEP &amp; BASOP Frohsdorf\",\"isPartOf\":{\"@id\":\"https:\/\/www.stachristiana.at\/hlw-bafep-frohsdorf\/#website\"},\"primaryImageOfPage\":{\"@id\":\"https:\/\/www.stachristiana.at\/hlw-bafep-frohsdorf\/was-wir-bieten\/einjaehrige-fachschule-fuer-wirtschaftliche-berufe#primaryimage\"},\"image\":{\"@id\":\"https:\/\/www.stachristiana.at\/hlw-bafep-frohsdorf\/was-wir-bieten\/einjaehrige-fachschule-fuer-wirtschaftliche-berufe#primaryimage\"},\"thumbnailUrl\":\"https:\/\/www.stachristiana.at\/app\/uploads\/sites\/6\/2022\/10\/EFW_Grafik-1024x621.png\",\"datePublished\":\"2022-06-23T18:19:16+00:00\",\"dateModified\":\"2026-01-19T08:41:21+00:00\",\"breadcrumb\":{\"@id\":\"https:\/\/www.stachristiana.at\/hlw-bafep-frohsdorf\/was-wir-bieten\/einjaehrige-fachschule-fuer-wirtschaftliche-berufe#breadcrumb\"},\"inLanguage\":\"de\",\"potentialAction\":[{\"@type\":\"ReadAction\",\"target\":[\"https:\/\/www.stachristiana.at\/hlw-bafep-frohsdorf\/was-wir-bieten\/einjaehrige-fachschule-fuer-wirtschaftliche-berufe\"]}]},{\"@type\":\"ImageObject\",\"inLanguage\":\"de\",\"@id\":\"https:\/\/www.stachristiana.at\/hlw-bafep-frohsdorf\/was-wir-bieten\/einjaehrige-fachschule-fuer-wirtschaftliche-berufe#primaryimage\",\"url\":\"https:\/\/www.stachristiana.at\/app\/uploads\/sites\/6\/2022\/10\/EFW_Grafik-1024x621.png\",\"contentUrl\":\"https:\/\/www.stachristiana.at\/app\/uploads\/sites\/6\/2022\/10\/EFW_Grafik-1024x621.png\"},{\"@type\":\"BreadcrumbList\",\"@id\":\"https:\/\/www.stachristiana.at\/hlw-bafep-frohsdorf\/was-wir-bieten\/einjaehrige-fachschule-fuer-wirtschaftliche-berufe#breadcrumb\",\"itemListElement\":[{\"@type\":\"ListItem\",\"position\":1,\"name\":\"Start\",\"item\":\"https:\/\/www.stachristiana.at\/\"},{\"@type\":\"ListItem\",\"position\":2,\"name\":\"Was wir bieten\",\"item\":\"https:\/\/www.stachristiana.at\/hlw-bafep-frohsdorf\/was-wir-bieten\"},{\"@type\":\"ListItem\",\"position\":3,\"name\":\"Einj\u00e4hrige Fachschule f\u00fcr wirtschaftliche Berufe\"}]},{\"@type\":\"WebSite\",\"@id\":\"https:\/\/www.stachristiana.at\/hlw-bafep-frohsdorf\/#website\",\"url\":\"https:\/\/www.stachristiana.at\/hlw-bafep-frohsdorf\/\",\"name\":\"Sta. Christiana - HLW - BAfEP Frohsdorf\",\"description\":\"H\u00f6here Lehranstalt, Fachschule und Aufbaulehrgang f\u00fcr wirtschaftliche Berufe und Bildungsanstalt und Kolleg f\u00fcr Elementarp\u00e4dagogik\",\"publisher\":{\"@id\":\"https:\/\/www.stachristiana.at\/hlw-bafep-frohsdorf\/#organization\"},\"alternateName\":\"Sta. Christiana\",\"potentialAction\":[{\"@type\":\"SearchAction\",\"target\":{\"@type\":\"EntryPoint\",\"urlTemplate\":\"https:\/\/www.stachristiana.at\/hlw-bafep-frohsdorf\/?s={search_term_string}\"},\"query-input\":{\"@type\":\"PropertyValueSpecification\",\"valueRequired\":true,\"valueName\":\"search_term_string\"}}],\"inLanguage\":\"de\"},{\"@type\":\"Organization\",\"@id\":\"https:\/\/www.stachristiana.at\/hlw-bafep-frohsdorf\/#organization\",\"name\":\"Sta. Christiana - HLW und BAfEP Frohsdorf\",\"alternateName\":\"Sta. Christiana\",\"url\":\"https:\/\/www.stachristiana.at\/hlw-bafep-frohsdorf\/\",\"logo\":{\"@type\":\"ImageObject\",\"inLanguage\":\"de\",\"@id\":\"https:\/\/www.stachristiana.at\/hlw-bafep-frohsdorf\/#\/schema\/logo\/image\/\",\"url\":\"https:\/\/www.stachristiana.at\/app\/uploads\/sites\/6\/2022\/05\/logo-sta-christiana.png\",\"contentUrl\":\"https:\/\/www.stachristiana.at\/app\/uploads\/sites\/6\/2022\/05\/logo-sta-christiana.png\",\"width\":1200,\"height\":491,\"caption\":\"Sta. Christiana - HLW und BAfEP Frohsdorf\"},\"image\":{\"@id\":\"https:\/\/www.stachristiana.at\/hlw-bafep-frohsdorf\/#\/schema\/logo\/image\/\"}}]}<\/script>\n<!-- \/ Yoast SEO plugin. -->","yoast_head_json":{"title":"Einj\u00e4hrige Fachschule f\u00fcr wirtschaftliche Berufe - HLW, BAfEP &amp; BASOP Frohsdorf","robots":{"index":"index","follow":"follow","max-snippet":"max-snippet:-1","max-image-preview":"max-image-preview:large","max-video-preview":"max-video-preview:-1"},"canonical":"https:\/\/www.stachristiana.at\/hlw-bafep-frohsdorf\/was-wir-bieten\/einjaehrige-fachschule-fuer-wirtschaftliche-berufe","og_locale":"de_DE","og_type":"article","og_title":"Einj\u00e4hrige Fachschule f\u00fcr wirtschaftliche Berufe - HLW, BAfEP &amp; BASOP Frohsdorf","og_description":"Schule auf selber Augenh\u00f6he. Angstfreies Lernen in famili\u00e4rer Atmosph\u00e4re. &#8222;Abschluss mit Anschluss\u2026!&#8220;Den Absolventinnen und Absolventen der einj\u00e4hrigen Fachschule f\u00fcr wirtschaftliche Berufe stehen neben dem Einstieg in die Arbeitsweilt mit einer Lehre alle Weiterbildungsm\u00f6glichkeiten in unseren mittleren oder h\u00f6heren berufsbildenden Schulen offen.&nbsp; Die Sch\u00fclerinnen sollen durch die Vermittlung von Kenntnissen und F\u00e4higkeiten auf den \u00dcbertritt in [&hellip;]","og_url":"https:\/\/www.stachristiana.at\/hlw-bafep-frohsdorf\/was-wir-bieten\/einjaehrige-fachschule-fuer-wirtschaftliche-berufe","og_site_name":"HLW, BAfEP &amp; BASOP Frohsdorf","article_modified_time":"2026-01-19T08:41:21+00:00","og_image":[{"width":3024,"height":1834,"url":"https:\/\/www.stachristiana.at\/app\/uploads\/sites\/6\/2022\/10\/EFW_Grafik.png","type":"image\/png"}],"twitter_card":"summary_large_image","twitter_misc":{"Gesch\u00e4tzte Lesezeit":"2\u00a0Minuten"},"schema":{"@context":"https:\/\/schema.org","@graph":[{"@type":"WebPage","@id":"https:\/\/www.stachristiana.at\/hlw-bafep-frohsdorf\/was-wir-bieten\/einjaehrige-fachschule-fuer-wirtschaftliche-berufe","url":"https:\/\/www.stachristiana.at\/hlw-bafep-frohsdorf\/was-wir-bieten\/einjaehrige-fachschule-fuer-wirtschaftliche-berufe","name":"Einj\u00e4hrige Fachschule f\u00fcr wirtschaftliche Berufe - HLW, BAfEP &amp; BASOP Frohsdorf","isPartOf":{"@id":"https:\/\/www.stachristiana.at\/hlw-bafep-frohsdorf\/#website"},"primaryImageOfPage":{"@id":"https:\/\/www.stachristiana.at\/hlw-bafep-frohsdorf\/was-wir-bieten\/einjaehrige-fachschule-fuer-wirtschaftliche-berufe#primaryimage"},"image":{"@id":"https:\/\/www.stachristiana.at\/hlw-bafep-frohsdorf\/was-wir-bieten\/einjaehrige-fachschule-fuer-wirtschaftliche-berufe#primaryimage"},"thumbnailUrl":"https:\/\/www.stachristiana.at\/app\/uploads\/sites\/6\/2022\/10\/EFW_Grafik-1024x621.png","datePublished":"2022-06-23T18:19:16+00:00","dateModified":"2026-01-19T08:41:21+00:00","breadcrumb":{"@id":"https:\/\/www.stachristiana.at\/hlw-bafep-frohsdorf\/was-wir-bieten\/einjaehrige-fachschule-fuer-wirtschaftliche-berufe#breadcrumb"},"inLanguage":"de","potentialAction":[{"@type":"ReadAction","target":["https:\/\/www.stachristiana.at\/hlw-bafep-frohsdorf\/was-wir-bieten\/einjaehrige-fachschule-fuer-wirtschaftliche-berufe"]}]},{"@type":"ImageObject","inLanguage":"de","@id":"https:\/\/www.stachristiana.at\/hlw-bafep-frohsdorf\/was-wir-bieten\/einjaehrige-fachschule-fuer-wirtschaftliche-berufe#primaryimage","url":"https:\/\/www.stachristiana.at\/app\/uploads\/sites\/6\/2022\/10\/EFW_Grafik-1024x621.png","contentUrl":"https:\/\/www.stachristiana.at\/app\/uploads\/sites\/6\/2022\/10\/EFW_Grafik-1024x621.png"},{"@type":"BreadcrumbList","@id":"https:\/\/www.stachristiana.at\/hlw-bafep-frohsdorf\/was-wir-bieten\/einjaehrige-fachschule-fuer-wirtschaftliche-berufe#breadcrumb","itemListElement":[{"@type":"ListItem","position":1,"name":"Start","item":"https:\/\/www.stachristiana.at\/"},{"@type":"ListItem","position":2,"name":"Was wir bieten","item":"https:\/\/www.stachristiana.at\/hlw-bafep-frohsdorf\/was-wir-bieten"},{"@type":"ListItem","position":3,"name":"Einj\u00e4hrige Fachschule f\u00fcr wirtschaftliche Berufe"}]},{"@type":"WebSite","@id":"https:\/\/www.stachristiana.at\/hlw-bafep-frohsdorf\/#website","url":"https:\/\/www.stachristiana.at\/hlw-bafep-frohsdorf\/","name":"Sta. Christiana - HLW - BAfEP Frohsdorf","description":"H\u00f6here Lehranstalt, Fachschule und Aufbaulehrgang f\u00fcr wirtschaftliche Berufe und Bildungsanstalt und Kolleg f\u00fcr Elementarp\u00e4dagogik","publisher":{"@id":"https:\/\/www.stachristiana.at\/hlw-bafep-frohsdorf\/#organization"},"alternateName":"Sta. Christiana","potentialAction":[{"@type":"SearchAction","target":{"@type":"EntryPoint","urlTemplate":"https:\/\/www.stachristiana.at\/hlw-bafep-frohsdorf\/?s={search_term_string}"},"query-input":{"@type":"PropertyValueSpecification","valueRequired":true,"valueName":"search_term_string"}}],"inLanguage":"de"},{"@type":"Organization","@id":"https:\/\/www.stachristiana.at\/hlw-bafep-frohsdorf\/#organization","name":"Sta. Christiana - HLW und BAfEP Frohsdorf","alternateName":"Sta. Christiana","url":"https:\/\/www.stachristiana.at\/hlw-bafep-frohsdorf\/","logo":{"@type":"ImageObject","inLanguage":"de","@id":"https:\/\/www.stachristiana.at\/hlw-bafep-frohsdorf\/#\/schema\/logo\/image\/","url":"https:\/\/www.stachristiana.at\/app\/uploads\/sites\/6\/2022\/05\/logo-sta-christiana.png","contentUrl":"https:\/\/www.stachristiana.at\/app\/uploads\/sites\/6\/2022\/05\/logo-sta-christiana.png","width":1200,"height":491,"caption":"Sta. Christiana - HLW und BAfEP Frohsdorf"},"image":{"@id":"https:\/\/www.stachristiana.at\/hlw-bafep-frohsdorf\/#\/schema\/logo\/image\/"}}]}},"_links":{"self":[{"href":"https:\/\/www.stachristiana.at\/hlw-bafep-frohsdorf\/wp-json\/wp\/v2\/pages\/467","targetHints":{"allow":["GET"]}}],"collection":[{"href":"https:\/\/www.stachristiana.at\/hlw-bafep-frohsdorf\/wp-json\/wp\/v2\/pages"}],"about":[{"href":"https:\/\/www.stachristiana.at\/hlw-bafep-frohsdorf\/wp-json\/wp\/v2\/types\/page"}],"author":[{"embeddable":true,"href":"https:\/\/www.stachristiana.at\/hlw-bafep-frohsdorf\/wp-json\/wp\/v2\/users\/5"}],"replies":[{"embeddable":true,"href":"https:\/\/www.stachristiana.at\/hlw-bafep-frohsdorf\/wp-json\/wp\/v2\/comments?post=467"}],"version-history":[{"count":38,"href":"https:\/\/www.stachristiana.at\/hlw-bafep-frohsdorf\/wp-json\/wp\/v2\/pages\/467\/revisions"}],"predecessor-version":[{"id":3222,"href":"https:\/\/www.stachristiana.at\/hlw-bafep-frohsdorf\/wp-json\/wp\/v2\/pages\/467\/revisions\/3222"}],"up":[{"embeddable":true,"href":"https:\/\/www.stachristiana.at\/hlw-bafep-frohsdorf\/wp-json\/wp\/v2\/pages\/144"}],"wp:attachment":[{"href":"https:\/\/www.stachristiana.at\/hlw-bafep-frohsdorf\/wp-json\/wp\/v2\/media?parent=467"}],"curies":[{"name":"wp","href":"https:\/\/api.w.org\/{rel}","templated":true}]}}