{"id":3293,"date":"2026-04-21T13:14:30","date_gmt":"2026-04-21T11:14:30","guid":{"rendered":"https:\/\/www.stachristiana.at\/hlw-bafep-frohsdorf\/?page_id=3293"},"modified":"2026-04-21T13:16:12","modified_gmt":"2026-04-21T11:16:12","slug":"unsere-philosophie","status":"publish","type":"page","link":"https:\/\/www.stachristiana.at\/hlw-bafep-frohsdorf\/unsere-philosophie","title":{"rendered":"Unsere Philosophie"},"content":{"rendered":"\n<h2 class=\"wp-block-heading\">Angstfrei, famili\u00e4r, Begegnung auf gleicher Augenh\u00f6he<\/h2>\n\n\n\n<h2 class=\"wp-block-heading\">Angstfreie Schule<\/h2>\n\n\n\n<p>Wir sind eine Schule, in der die Philosophie des angstfreien Lernens in einer famili\u00e4ren Atmosph\u00e4re gelebt wird. Bei uns steht der Mensch im Mittelpunkt, denn wir glauben fest daran, dass Sch\u00fcler:innen und Studierende nur dann ihr volles Potenzial entfalten k\u00f6nnen, wenn sie sich sicher und unterst\u00fctzt f\u00fchlen.<\/p>\n\n\n\n<h2 class=\"wp-block-heading\">Auf gleicher Augenh\u00f6he<\/h2>\n\n\n\n<p>In unserer Schule gehen wir miteinander auf gleicher Augenh\u00f6he um. Das bedeutet, dass jede Person respektiert und wertgesch\u00e4tzt wird, unabh\u00e4ngig von Alter, Hintergrund oder Leistung. Wir schaffen eine Umgebung, in der sich Sch\u00fcler:innen und Studierende frei f\u00fchlen k\u00f6nnen ihre Gedanken und Ideen auszudr\u00fccken ohne Angst vor Kritik oder Bewertung.<\/p>\n\n\n\n<h2 class=\"wp-block-heading\">In famili\u00e4rer Atmosph\u00e4re<\/h2>\n\n\n\n<p>In unserer Schule ist jeder Teil einer gro\u00dfen Familie, in der wir gemeinsam lernen, wachsen und Erfolge feiern. Wir laden ein, Mitglied dieser einzigartigen Gemeinschaft zu werden und sich auf eine Reise des angstfreien Lernens und der pers\u00f6nlichen Entwicklung zu begeben! Warum ist dies wichtig? Angst und Druck k\u00f6nnen die Lernbereitschaft und -f\u00e4higkeit beeintr\u00e4chtigen. Indem wir eine Atmosph\u00e4re der Akzeptanz und Unterst\u00fctzung schaffen, erm\u00f6glichen wir es unseren Sch\u00fcler:innen und Studierenden, sich auf das Lernen zu konzentrieren und ihr volles Potenzial zu entfalten. Unsere Lehrkr\u00e4fte sind nicht nur Lehrende, sondern auch Mentor:innen und Begleiter:innen auf dem individuellen Bildungsweg jedes\/jeder Einzelnen. Dadurch, dass wir auf gleicher Augenh\u00f6he miteinander umgehen, f\u00f6rdern wir nicht nur das Selbstbewusstsein und die Selbstst\u00e4ndigkeit unserer Sch\u00fcler:innen und Studierenden, sondern auch ein respektvolles Miteinander.<\/p>\n","protected":false},"excerpt":{"rendered":"<p>Angstfrei, famili\u00e4r, Begegnung auf gleicher Augenh\u00f6he Angstfreie Schule Wir sind eine Schule, in der die Philosophie des angstfreien Lernens in einer famili\u00e4ren Atmosph\u00e4re gelebt wird. Bei uns steht der Mensch im Mittelpunkt, denn wir glauben fest daran, dass Sch\u00fcler:innen und Studierende nur dann ihr volles Potenzial entfalten k\u00f6nnen, wenn sie sich sicher und unterst\u00fctzt f\u00fchlen. [&hellip;]<\/p>\n","protected":false},"author":16,"featured_media":0,"parent":0,"menu_order":0,"comment_status":"closed","ping_status":"closed","template":"","meta":{"footnotes":""},"class_list":["post-3293","page","type-page","status-publish","hentry"],"acf":[],"yoast_head":"<!-- This site is optimized with the Yoast SEO plugin v26.8 - https:\/\/yoast.com\/product\/yoast-seo-wordpress\/ -->\n<title>Unsere Philosophie - HLW, BAfEP &amp; BASOP Frohsdorf<\/title>\n<meta name=\"robots\" content=\"index, follow, max-snippet:-1, max-image-preview:large, max-video-preview:-1\" \/>\n<link rel=\"canonical\" href=\"https:\/\/www.stachristiana.at\/hlw-bafep-frohsdorf\/unsere-philosophie\" \/>\n<meta property=\"og:locale\" content=\"de_DE\" \/>\n<meta property=\"og:type\" content=\"article\" \/>\n<meta property=\"og:title\" content=\"Unsere Philosophie - HLW, BAfEP &amp; BASOP Frohsdorf\" \/>\n<meta property=\"og:description\" content=\"Angstfrei, famili\u00e4r, Begegnung auf gleicher Augenh\u00f6he Angstfreie Schule Wir sind eine Schule, in der die Philosophie des angstfreien Lernens in einer famili\u00e4ren Atmosph\u00e4re gelebt wird. Bei uns steht der Mensch im Mittelpunkt, denn wir glauben fest daran, dass Sch\u00fcler:innen und Studierende nur dann ihr volles Potenzial entfalten k\u00f6nnen, wenn sie sich sicher und unterst\u00fctzt f\u00fchlen. [&hellip;]\" \/>\n<meta property=\"og:url\" content=\"https:\/\/www.stachristiana.at\/hlw-bafep-frohsdorf\/unsere-philosophie\" \/>\n<meta property=\"og:site_name\" content=\"HLW, BAfEP &amp; BASOP Frohsdorf\" \/>\n<meta property=\"article:modified_time\" content=\"2026-04-21T11:16:12+00:00\" \/>\n<meta property=\"og:image\" content=\"https:\/\/www.stachristiana.at\/app\/uploads\/sites\/6\/2022\/05\/logo-sta-christiana.png\" \/>\n\t<meta property=\"og:image:width\" content=\"1200\" \/>\n\t<meta property=\"og:image:height\" content=\"491\" \/>\n\t<meta property=\"og:image:type\" content=\"image\/png\" \/>\n<meta name=\"twitter:card\" content=\"summary_large_image\" \/>\n<meta name=\"twitter:label1\" content=\"Gesch\u00e4tzte Lesezeit\" \/>\n\t<meta name=\"twitter:data1\" content=\"2\u00a0Minuten\" \/>\n<script type=\"application\/ld+json\" class=\"yoast-schema-graph\">{\"@context\":\"https:\/\/schema.org\",\"@graph\":[{\"@type\":\"WebPage\",\"@id\":\"https:\/\/www.stachristiana.at\/hlw-bafep-frohsdorf\/unsere-philosophie\",\"url\":\"https:\/\/www.stachristiana.at\/hlw-bafep-frohsdorf\/unsere-philosophie\",\"name\":\"Unsere Philosophie - HLW, BAfEP &amp; BASOP Frohsdorf\",\"isPartOf\":{\"@id\":\"https:\/\/www.stachristiana.at\/hlw-bafep-frohsdorf\/#website\"},\"datePublished\":\"2026-04-21T11:14:30+00:00\",\"dateModified\":\"2026-04-21T11:16:12+00:00\",\"breadcrumb\":{\"@id\":\"https:\/\/www.stachristiana.at\/hlw-bafep-frohsdorf\/unsere-philosophie#breadcrumb\"},\"inLanguage\":\"de\",\"potentialAction\":[{\"@type\":\"ReadAction\",\"target\":[\"https:\/\/www.stachristiana.at\/hlw-bafep-frohsdorf\/unsere-philosophie\"]}]},{\"@type\":\"BreadcrumbList\",\"@id\":\"https:\/\/www.stachristiana.at\/hlw-bafep-frohsdorf\/unsere-philosophie#breadcrumb\",\"itemListElement\":[{\"@type\":\"ListItem\",\"position\":1,\"name\":\"Start\",\"item\":\"https:\/\/www.stachristiana.at\/\"},{\"@type\":\"ListItem\",\"position\":2,\"name\":\"Unsere Philosophie\"}]},{\"@type\":\"WebSite\",\"@id\":\"https:\/\/www.stachristiana.at\/hlw-bafep-frohsdorf\/#website\",\"url\":\"https:\/\/www.stachristiana.at\/hlw-bafep-frohsdorf\/\",\"name\":\"Sta. Christiana - HLW - BAfEP Frohsdorf\",\"description\":\"H\u00f6here Lehranstalt, Fachschule und Aufbaulehrgang f\u00fcr wirtschaftliche Berufe und Bildungsanstalt und Kolleg f\u00fcr Elementarp\u00e4dagogik\",\"publisher\":{\"@id\":\"https:\/\/www.stachristiana.at\/hlw-bafep-frohsdorf\/#organization\"},\"alternateName\":\"Sta. Christiana\",\"potentialAction\":[{\"@type\":\"SearchAction\",\"target\":{\"@type\":\"EntryPoint\",\"urlTemplate\":\"https:\/\/www.stachristiana.at\/hlw-bafep-frohsdorf\/?s={search_term_string}\"},\"query-input\":{\"@type\":\"PropertyValueSpecification\",\"valueRequired\":true,\"valueName\":\"search_term_string\"}}],\"inLanguage\":\"de\"},{\"@type\":\"Organization\",\"@id\":\"https:\/\/www.stachristiana.at\/hlw-bafep-frohsdorf\/#organization\",\"name\":\"Sta. Christiana - HLW und BAfEP Frohsdorf\",\"alternateName\":\"Sta. Christiana\",\"url\":\"https:\/\/www.stachristiana.at\/hlw-bafep-frohsdorf\/\",\"logo\":{\"@type\":\"ImageObject\",\"inLanguage\":\"de\",\"@id\":\"https:\/\/www.stachristiana.at\/hlw-bafep-frohsdorf\/#\/schema\/logo\/image\/\",\"url\":\"https:\/\/www.stachristiana.at\/app\/uploads\/sites\/6\/2022\/05\/logo-sta-christiana.png\",\"contentUrl\":\"https:\/\/www.stachristiana.at\/app\/uploads\/sites\/6\/2022\/05\/logo-sta-christiana.png\",\"width\":1200,\"height\":491,\"caption\":\"Sta. Christiana - HLW und BAfEP Frohsdorf\"},\"image\":{\"@id\":\"https:\/\/www.stachristiana.at\/hlw-bafep-frohsdorf\/#\/schema\/logo\/image\/\"}}]}<\/script>\n<!-- \/ Yoast SEO plugin. -->","yoast_head_json":{"title":"Unsere Philosophie - HLW, BAfEP &amp; BASOP Frohsdorf","robots":{"index":"index","follow":"follow","max-snippet":"max-snippet:-1","max-image-preview":"max-image-preview:large","max-video-preview":"max-video-preview:-1"},"canonical":"https:\/\/www.stachristiana.at\/hlw-bafep-frohsdorf\/unsere-philosophie","og_locale":"de_DE","og_type":"article","og_title":"Unsere Philosophie - HLW, BAfEP &amp; BASOP Frohsdorf","og_description":"Angstfrei, famili\u00e4r, Begegnung auf gleicher Augenh\u00f6he Angstfreie Schule Wir sind eine Schule, in der die Philosophie des angstfreien Lernens in einer famili\u00e4ren Atmosph\u00e4re gelebt wird. Bei uns steht der Mensch im Mittelpunkt, denn wir glauben fest daran, dass Sch\u00fcler:innen und Studierende nur dann ihr volles Potenzial entfalten k\u00f6nnen, wenn sie sich sicher und unterst\u00fctzt f\u00fchlen. [&hellip;]","og_url":"https:\/\/www.stachristiana.at\/hlw-bafep-frohsdorf\/unsere-philosophie","og_site_name":"HLW, BAfEP &amp; BASOP Frohsdorf","article_modified_time":"2026-04-21T11:16:12+00:00","og_image":[{"width":1200,"height":491,"url":"https:\/\/www.stachristiana.at\/app\/uploads\/sites\/6\/2022\/05\/logo-sta-christiana.png","type":"image\/png"}],"twitter_card":"summary_large_image","twitter_misc":{"Gesch\u00e4tzte Lesezeit":"2\u00a0Minuten"},"schema":{"@context":"https:\/\/schema.org","@graph":[{"@type":"WebPage","@id":"https:\/\/www.stachristiana.at\/hlw-bafep-frohsdorf\/unsere-philosophie","url":"https:\/\/www.stachristiana.at\/hlw-bafep-frohsdorf\/unsere-philosophie","name":"Unsere Philosophie - HLW, BAfEP &amp; BASOP Frohsdorf","isPartOf":{"@id":"https:\/\/www.stachristiana.at\/hlw-bafep-frohsdorf\/#website"},"datePublished":"2026-04-21T11:14:30+00:00","dateModified":"2026-04-21T11:16:12+00:00","breadcrumb":{"@id":"https:\/\/www.stachristiana.at\/hlw-bafep-frohsdorf\/unsere-philosophie#breadcrumb"},"inLanguage":"de","potentialAction":[{"@type":"ReadAction","target":["https:\/\/www.stachristiana.at\/hlw-bafep-frohsdorf\/unsere-philosophie"]}]},{"@type":"BreadcrumbList","@id":"https:\/\/www.stachristiana.at\/hlw-bafep-frohsdorf\/unsere-philosophie#breadcrumb","itemListElement":[{"@type":"ListItem","position":1,"name":"Start","item":"https:\/\/www.stachristiana.at\/"},{"@type":"ListItem","position":2,"name":"Unsere Philosophie"}]},{"@type":"WebSite","@id":"https:\/\/www.stachristiana.at\/hlw-bafep-frohsdorf\/#website","url":"https:\/\/www.stachristiana.at\/hlw-bafep-frohsdorf\/","name":"Sta. Christiana - HLW - BAfEP Frohsdorf","description":"H\u00f6here Lehranstalt, Fachschule und Aufbaulehrgang f\u00fcr wirtschaftliche Berufe und Bildungsanstalt und Kolleg f\u00fcr Elementarp\u00e4dagogik","publisher":{"@id":"https:\/\/www.stachristiana.at\/hlw-bafep-frohsdorf\/#organization"},"alternateName":"Sta. Christiana","potentialAction":[{"@type":"SearchAction","target":{"@type":"EntryPoint","urlTemplate":"https:\/\/www.stachristiana.at\/hlw-bafep-frohsdorf\/?s={search_term_string}"},"query-input":{"@type":"PropertyValueSpecification","valueRequired":true,"valueName":"search_term_string"}}],"inLanguage":"de"},{"@type":"Organization","@id":"https:\/\/www.stachristiana.at\/hlw-bafep-frohsdorf\/#organization","name":"Sta. Christiana - HLW und BAfEP Frohsdorf","alternateName":"Sta. Christiana","url":"https:\/\/www.stachristiana.at\/hlw-bafep-frohsdorf\/","logo":{"@type":"ImageObject","inLanguage":"de","@id":"https:\/\/www.stachristiana.at\/hlw-bafep-frohsdorf\/#\/schema\/logo\/image\/","url":"https:\/\/www.stachristiana.at\/app\/uploads\/sites\/6\/2022\/05\/logo-sta-christiana.png","contentUrl":"https:\/\/www.stachristiana.at\/app\/uploads\/sites\/6\/2022\/05\/logo-sta-christiana.png","width":1200,"height":491,"caption":"Sta. Christiana - HLW und BAfEP Frohsdorf"},"image":{"@id":"https:\/\/www.stachristiana.at\/hlw-bafep-frohsdorf\/#\/schema\/logo\/image\/"}}]}},"_links":{"self":[{"href":"https:\/\/www.stachristiana.at\/hlw-bafep-frohsdorf\/wp-json\/wp\/v2\/pages\/3293","targetHints":{"allow":["GET"]}}],"collection":[{"href":"https:\/\/www.stachristiana.at\/hlw-bafep-frohsdorf\/wp-json\/wp\/v2\/pages"}],"about":[{"href":"https:\/\/www.stachristiana.at\/hlw-bafep-frohsdorf\/wp-json\/wp\/v2\/types\/page"}],"author":[{"embeddable":true,"href":"https:\/\/www.stachristiana.at\/hlw-bafep-frohsdorf\/wp-json\/wp\/v2\/users\/16"}],"replies":[{"embeddable":true,"href":"https:\/\/www.stachristiana.at\/hlw-bafep-frohsdorf\/wp-json\/wp\/v2\/comments?post=3293"}],"version-history":[{"count":2,"href":"https:\/\/www.stachristiana.at\/hlw-bafep-frohsdorf\/wp-json\/wp\/v2\/pages\/3293\/revisions"}],"predecessor-version":[{"id":3296,"href":"https:\/\/www.stachristiana.at\/hlw-bafep-frohsdorf\/wp-json\/wp\/v2\/pages\/3293\/revisions\/3296"}],"wp:attachment":[{"href":"https:\/\/www.stachristiana.at\/hlw-bafep-frohsdorf\/wp-json\/wp\/v2\/media?parent=3293"}],"curies":[{"name":"wp","href":"https:\/\/api.w.org\/{rel}","templated":true}]}}