{"id":3283,"date":"2026-04-17T10:31:20","date_gmt":"2026-04-17T08:31:20","guid":{"rendered":"https:\/\/www.stachristiana.at\/hlw-bafep-frohsdorf\/?page_id=3283"},"modified":"2026-04-17T10:31:21","modified_gmt":"2026-04-17T08:31:21","slug":"kriseninterventionsteam","status":"publish","type":"page","link":"https:\/\/www.stachristiana.at\/hlw-bafep-frohsdorf\/kriseninterventionsteam","title":{"rendered":"Kriseninterventionsteam"},"content":{"rendered":"\n<h2 class=\"wp-block-heading\">KIZ<\/h2>\n\n\n\n<p>Auch wenn die ganz gro\u00dfen Krisenf\u00e4lle bei uns eher die Ausnahme sind, so braucht es doch Vorbereitung daf\u00fcr, dass im Falle eines massiv belastenden Ereignisses an einer Schule schnell und effizient Ma\u00dfnahmen gesetzt werden k\u00f6nnen.<\/p>\n\n\n\n<p>Das Kriseninterventionsteam (KIT) der Lehrpersonen bereitet Ma\u00dfnahmen f\u00fcr Notf\u00e4lle (Unf\u00e4lle, Tod, Gewalt) vor und setzt diese um, um das Schulleben schnell zu stabilisieren. <\/p>\n\n\n\n<div id=\"persons-block_6380fa2bca4d6b559879a019f45351c6\" class=\"persons-list\">\n\t\t\t\t\n\t\t<div class=\"persons-list-item person-teacher\">\n\t\t\t<figure class=\"person-photo\"><img loading=\"lazy\" decoding=\"async\" width=\"1535\" height=\"2126\" src=\"https:\/\/www.stachristiana.at\/app\/uploads\/sites\/6\/2023\/08\/Poellingerr.jpg\" class=\"attachment-full size-full wp-post-image\" alt=\"136;unknown;unknown;A;Personal;PassSet \/ 136;unknown;unknown;A;Personal;PassSet\" srcset=\"https:\/\/www.stachristiana.at\/app\/uploads\/sites\/6\/2023\/08\/Poellingerr.jpg 1535w, https:\/\/www.stachristiana.at\/app\/uploads\/sites\/6\/2023\/08\/Poellingerr-289x400.jpg 289w, https:\/\/www.stachristiana.at\/app\/uploads\/sites\/6\/2023\/08\/Poellingerr-739x1024.jpg 739w, https:\/\/www.stachristiana.at\/app\/uploads\/sites\/6\/2023\/08\/Poellingerr-768x1064.jpg 768w, https:\/\/www.stachristiana.at\/app\/uploads\/sites\/6\/2023\/08\/Poellingerr-1109x1536.jpg 1109w, https:\/\/www.stachristiana.at\/app\/uploads\/sites\/6\/2023\/08\/Poellingerr-1479x2048.jpg 1479w, https:\/\/www.stachristiana.at\/app\/uploads\/sites\/6\/2023\/08\/Poellingerr-332x460.jpg 332w, https:\/\/www.stachristiana.at\/app\/uploads\/sites\/6\/2023\/08\/Poellingerr-54x75.jpg 54w\" sizes=\"auto, (max-width: 1535px) 100vw, 1535px\" \/><\/figure>\n\t\t\t<div class=\"person-data\">\n\t\t\t\t<h2 class=\"person-name\">Jahoda, Johannes BEd MA<\/h2>\n\t\t\t\t<p class=\"person-position\">Religion (r\u00f6m.-kath.)<\/p>\n\t\t\t\t\t\t\t\t<a href=\"mailto:johannes.jahoda@hlw-bafep-frohsdorf.ac.at\" class=\"person-email\" title=\"Email an johannes.jahoda@hlw-bafep-frohsdorf.ac.at\">\n\t\t\t\t\t<i class=\"fa fa-envelope\" aria-hidden=\"true\"><\/i>\n\t\t\t\t<\/a>\n\t\t\t\t\t\t\t<\/div>\n\t\t<\/div>\n\t\t<\/div>\n","protected":false},"excerpt":{"rendered":"<p>KIZ Auch wenn die ganz gro\u00dfen Krisenf\u00e4lle bei uns eher die Ausnahme sind, so braucht es doch Vorbereitung daf\u00fcr, dass im Falle eines massiv belastenden Ereignisses an einer Schule schnell und effizient Ma\u00dfnahmen gesetzt werden k\u00f6nnen. Das Kriseninterventionsteam (KIT) der Lehrpersonen bereitet Ma\u00dfnahmen f\u00fcr Notf\u00e4lle (Unf\u00e4lle, Tod, Gewalt) vor und setzt diese um, um das [&hellip;]<\/p>\n","protected":false},"author":16,"featured_media":0,"parent":0,"menu_order":0,"comment_status":"closed","ping_status":"closed","template":"","meta":{"footnotes":""},"class_list":["post-3283","page","type-page","status-publish","hentry"],"acf":[],"yoast_head":"<!-- This site is optimized with the Yoast SEO plugin v26.8 - https:\/\/yoast.com\/product\/yoast-seo-wordpress\/ -->\n<title>Kriseninterventionsteam - HLW, BAfEP &amp; BASOP Frohsdorf<\/title>\n<meta name=\"robots\" content=\"index, follow, max-snippet:-1, max-image-preview:large, max-video-preview:-1\" \/>\n<link rel=\"canonical\" href=\"https:\/\/www.stachristiana.at\/hlw-bafep-frohsdorf\/kriseninterventionsteam\" \/>\n<meta property=\"og:locale\" content=\"de_DE\" \/>\n<meta property=\"og:type\" content=\"article\" \/>\n<meta property=\"og:title\" content=\"Kriseninterventionsteam - HLW, BAfEP &amp; BASOP Frohsdorf\" \/>\n<meta property=\"og:description\" content=\"KIZ Auch wenn die ganz gro\u00dfen Krisenf\u00e4lle bei uns eher die Ausnahme sind, so braucht es doch Vorbereitung daf\u00fcr, dass im Falle eines massiv belastenden Ereignisses an einer Schule schnell und effizient Ma\u00dfnahmen gesetzt werden k\u00f6nnen. Das Kriseninterventionsteam (KIT) der Lehrpersonen bereitet Ma\u00dfnahmen f\u00fcr Notf\u00e4lle (Unf\u00e4lle, Tod, Gewalt) vor und setzt diese um, um das [&hellip;]\" \/>\n<meta property=\"og:url\" content=\"https:\/\/www.stachristiana.at\/hlw-bafep-frohsdorf\/kriseninterventionsteam\" \/>\n<meta property=\"og:site_name\" content=\"HLW, BAfEP &amp; BASOP Frohsdorf\" \/>\n<meta property=\"article:modified_time\" content=\"2026-04-17T08:31:21+00:00\" \/>\n<meta property=\"og:image\" content=\"https:\/\/www.stachristiana.at\/app\/uploads\/sites\/6\/2022\/05\/logo-sta-christiana.png\" \/>\n\t<meta property=\"og:image:width\" content=\"1200\" \/>\n\t<meta property=\"og:image:height\" content=\"491\" \/>\n\t<meta property=\"og:image:type\" content=\"image\/png\" \/>\n<meta name=\"twitter:card\" content=\"summary_large_image\" \/>\n<meta name=\"twitter:label1\" content=\"Gesch\u00e4tzte Lesezeit\" \/>\n\t<meta name=\"twitter:data1\" content=\"1\u00a0Minute\" \/>\n<script type=\"application\/ld+json\" class=\"yoast-schema-graph\">{\"@context\":\"https:\/\/schema.org\",\"@graph\":[{\"@type\":\"WebPage\",\"@id\":\"https:\/\/www.stachristiana.at\/hlw-bafep-frohsdorf\/kriseninterventionsteam\",\"url\":\"https:\/\/www.stachristiana.at\/hlw-bafep-frohsdorf\/kriseninterventionsteam\",\"name\":\"Kriseninterventionsteam - HLW, BAfEP &amp; BASOP Frohsdorf\",\"isPartOf\":{\"@id\":\"https:\/\/www.stachristiana.at\/hlw-bafep-frohsdorf\/#website\"},\"datePublished\":\"2026-04-17T08:31:20+00:00\",\"dateModified\":\"2026-04-17T08:31:21+00:00\",\"breadcrumb\":{\"@id\":\"https:\/\/www.stachristiana.at\/hlw-bafep-frohsdorf\/kriseninterventionsteam#breadcrumb\"},\"inLanguage\":\"de\",\"potentialAction\":[{\"@type\":\"ReadAction\",\"target\":[\"https:\/\/www.stachristiana.at\/hlw-bafep-frohsdorf\/kriseninterventionsteam\"]}]},{\"@type\":\"BreadcrumbList\",\"@id\":\"https:\/\/www.stachristiana.at\/hlw-bafep-frohsdorf\/kriseninterventionsteam#breadcrumb\",\"itemListElement\":[{\"@type\":\"ListItem\",\"position\":1,\"name\":\"Start\",\"item\":\"https:\/\/www.stachristiana.at\/\"},{\"@type\":\"ListItem\",\"position\":2,\"name\":\"Kriseninterventionsteam\"}]},{\"@type\":\"WebSite\",\"@id\":\"https:\/\/www.stachristiana.at\/hlw-bafep-frohsdorf\/#website\",\"url\":\"https:\/\/www.stachristiana.at\/hlw-bafep-frohsdorf\/\",\"name\":\"Sta. Christiana - HLW - BAfEP Frohsdorf\",\"description\":\"H\u00f6here Lehranstalt, Fachschule und Aufbaulehrgang f\u00fcr wirtschaftliche Berufe und Bildungsanstalt und Kolleg f\u00fcr Elementarp\u00e4dagogik\",\"publisher\":{\"@id\":\"https:\/\/www.stachristiana.at\/hlw-bafep-frohsdorf\/#organization\"},\"alternateName\":\"Sta. Christiana\",\"potentialAction\":[{\"@type\":\"SearchAction\",\"target\":{\"@type\":\"EntryPoint\",\"urlTemplate\":\"https:\/\/www.stachristiana.at\/hlw-bafep-frohsdorf\/?s={search_term_string}\"},\"query-input\":{\"@type\":\"PropertyValueSpecification\",\"valueRequired\":true,\"valueName\":\"search_term_string\"}}],\"inLanguage\":\"de\"},{\"@type\":\"Organization\",\"@id\":\"https:\/\/www.stachristiana.at\/hlw-bafep-frohsdorf\/#organization\",\"name\":\"Sta. Christiana - HLW und BAfEP Frohsdorf\",\"alternateName\":\"Sta. Christiana\",\"url\":\"https:\/\/www.stachristiana.at\/hlw-bafep-frohsdorf\/\",\"logo\":{\"@type\":\"ImageObject\",\"inLanguage\":\"de\",\"@id\":\"https:\/\/www.stachristiana.at\/hlw-bafep-frohsdorf\/#\/schema\/logo\/image\/\",\"url\":\"https:\/\/www.stachristiana.at\/app\/uploads\/sites\/6\/2022\/05\/logo-sta-christiana.png\",\"contentUrl\":\"https:\/\/www.stachristiana.at\/app\/uploads\/sites\/6\/2022\/05\/logo-sta-christiana.png\",\"width\":1200,\"height\":491,\"caption\":\"Sta. Christiana - HLW und BAfEP Frohsdorf\"},\"image\":{\"@id\":\"https:\/\/www.stachristiana.at\/hlw-bafep-frohsdorf\/#\/schema\/logo\/image\/\"}}]}<\/script>\n<!-- \/ Yoast SEO plugin. -->","yoast_head_json":{"title":"Kriseninterventionsteam - HLW, BAfEP &amp; BASOP Frohsdorf","robots":{"index":"index","follow":"follow","max-snippet":"max-snippet:-1","max-image-preview":"max-image-preview:large","max-video-preview":"max-video-preview:-1"},"canonical":"https:\/\/www.stachristiana.at\/hlw-bafep-frohsdorf\/kriseninterventionsteam","og_locale":"de_DE","og_type":"article","og_title":"Kriseninterventionsteam - HLW, BAfEP &amp; BASOP Frohsdorf","og_description":"KIZ Auch wenn die ganz gro\u00dfen Krisenf\u00e4lle bei uns eher die Ausnahme sind, so braucht es doch Vorbereitung daf\u00fcr, dass im Falle eines massiv belastenden Ereignisses an einer Schule schnell und effizient Ma\u00dfnahmen gesetzt werden k\u00f6nnen. Das Kriseninterventionsteam (KIT) der Lehrpersonen bereitet Ma\u00dfnahmen f\u00fcr Notf\u00e4lle (Unf\u00e4lle, Tod, Gewalt) vor und setzt diese um, um das [&hellip;]","og_url":"https:\/\/www.stachristiana.at\/hlw-bafep-frohsdorf\/kriseninterventionsteam","og_site_name":"HLW, BAfEP &amp; BASOP Frohsdorf","article_modified_time":"2026-04-17T08:31:21+00:00","og_image":[{"width":1200,"height":491,"url":"https:\/\/www.stachristiana.at\/app\/uploads\/sites\/6\/2022\/05\/logo-sta-christiana.png","type":"image\/png"}],"twitter_card":"summary_large_image","twitter_misc":{"Gesch\u00e4tzte Lesezeit":"1\u00a0Minute"},"schema":{"@context":"https:\/\/schema.org","@graph":[{"@type":"WebPage","@id":"https:\/\/www.stachristiana.at\/hlw-bafep-frohsdorf\/kriseninterventionsteam","url":"https:\/\/www.stachristiana.at\/hlw-bafep-frohsdorf\/kriseninterventionsteam","name":"Kriseninterventionsteam - HLW, BAfEP &amp; BASOP Frohsdorf","isPartOf":{"@id":"https:\/\/www.stachristiana.at\/hlw-bafep-frohsdorf\/#website"},"datePublished":"2026-04-17T08:31:20+00:00","dateModified":"2026-04-17T08:31:21+00:00","breadcrumb":{"@id":"https:\/\/www.stachristiana.at\/hlw-bafep-frohsdorf\/kriseninterventionsteam#breadcrumb"},"inLanguage":"de","potentialAction":[{"@type":"ReadAction","target":["https:\/\/www.stachristiana.at\/hlw-bafep-frohsdorf\/kriseninterventionsteam"]}]},{"@type":"BreadcrumbList","@id":"https:\/\/www.stachristiana.at\/hlw-bafep-frohsdorf\/kriseninterventionsteam#breadcrumb","itemListElement":[{"@type":"ListItem","position":1,"name":"Start","item":"https:\/\/www.stachristiana.at\/"},{"@type":"ListItem","position":2,"name":"Kriseninterventionsteam"}]},{"@type":"WebSite","@id":"https:\/\/www.stachristiana.at\/hlw-bafep-frohsdorf\/#website","url":"https:\/\/www.stachristiana.at\/hlw-bafep-frohsdorf\/","name":"Sta. Christiana - HLW - BAfEP Frohsdorf","description":"H\u00f6here Lehranstalt, Fachschule und Aufbaulehrgang f\u00fcr wirtschaftliche Berufe und Bildungsanstalt und Kolleg f\u00fcr Elementarp\u00e4dagogik","publisher":{"@id":"https:\/\/www.stachristiana.at\/hlw-bafep-frohsdorf\/#organization"},"alternateName":"Sta. Christiana","potentialAction":[{"@type":"SearchAction","target":{"@type":"EntryPoint","urlTemplate":"https:\/\/www.stachristiana.at\/hlw-bafep-frohsdorf\/?s={search_term_string}"},"query-input":{"@type":"PropertyValueSpecification","valueRequired":true,"valueName":"search_term_string"}}],"inLanguage":"de"},{"@type":"Organization","@id":"https:\/\/www.stachristiana.at\/hlw-bafep-frohsdorf\/#organization","name":"Sta. Christiana - HLW und BAfEP Frohsdorf","alternateName":"Sta. Christiana","url":"https:\/\/www.stachristiana.at\/hlw-bafep-frohsdorf\/","logo":{"@type":"ImageObject","inLanguage":"de","@id":"https:\/\/www.stachristiana.at\/hlw-bafep-frohsdorf\/#\/schema\/logo\/image\/","url":"https:\/\/www.stachristiana.at\/app\/uploads\/sites\/6\/2022\/05\/logo-sta-christiana.png","contentUrl":"https:\/\/www.stachristiana.at\/app\/uploads\/sites\/6\/2022\/05\/logo-sta-christiana.png","width":1200,"height":491,"caption":"Sta. Christiana - HLW und BAfEP Frohsdorf"},"image":{"@id":"https:\/\/www.stachristiana.at\/hlw-bafep-frohsdorf\/#\/schema\/logo\/image\/"}}]}},"_links":{"self":[{"href":"https:\/\/www.stachristiana.at\/hlw-bafep-frohsdorf\/wp-json\/wp\/v2\/pages\/3283","targetHints":{"allow":["GET"]}}],"collection":[{"href":"https:\/\/www.stachristiana.at\/hlw-bafep-frohsdorf\/wp-json\/wp\/v2\/pages"}],"about":[{"href":"https:\/\/www.stachristiana.at\/hlw-bafep-frohsdorf\/wp-json\/wp\/v2\/types\/page"}],"author":[{"embeddable":true,"href":"https:\/\/www.stachristiana.at\/hlw-bafep-frohsdorf\/wp-json\/wp\/v2\/users\/16"}],"replies":[{"embeddable":true,"href":"https:\/\/www.stachristiana.at\/hlw-bafep-frohsdorf\/wp-json\/wp\/v2\/comments?post=3283"}],"version-history":[{"count":2,"href":"https:\/\/www.stachristiana.at\/hlw-bafep-frohsdorf\/wp-json\/wp\/v2\/pages\/3283\/revisions"}],"predecessor-version":[{"id":3285,"href":"https:\/\/www.stachristiana.at\/hlw-bafep-frohsdorf\/wp-json\/wp\/v2\/pages\/3283\/revisions\/3285"}],"wp:attachment":[{"href":"https:\/\/www.stachristiana.at\/hlw-bafep-frohsdorf\/wp-json\/wp\/v2\/media?parent=3283"}],"curies":[{"name":"wp","href":"https:\/\/api.w.org\/{rel}","templated":true}]}}