{"id":3244,"date":"2026-04-07T10:48:33","date_gmt":"2026-04-07T08:48:33","guid":{"rendered":"https:\/\/www.stachristiana.at\/hlw-bafep-frohsdorf\/?page_id=3244"},"modified":"2026-04-07T11:28:22","modified_gmt":"2026-04-07T09:28:22","slug":"erasmus","status":"publish","type":"page","link":"https:\/\/www.stachristiana.at\/hlw-bafep-frohsdorf\/erasmus","title":{"rendered":"Erasmus+"},"content":{"rendered":"\n<figure class=\"wp-block-image size-full\"><img loading=\"lazy\" decoding=\"async\" width=\"779\" height=\"150\" src=\"https:\/\/www.stachristiana.at\/app\/uploads\/sites\/6\/2022\/09\/OeAD_Logo_Erasmus.jpg\" alt=\"\" class=\"wp-image-642\" srcset=\"https:\/\/www.stachristiana.at\/app\/uploads\/sites\/6\/2022\/09\/OeAD_Logo_Erasmus.jpg 779w, https:\/\/www.stachristiana.at\/app\/uploads\/sites\/6\/2022\/09\/OeAD_Logo_Erasmus-400x77.jpg 400w, https:\/\/www.stachristiana.at\/app\/uploads\/sites\/6\/2022\/09\/OeAD_Logo_Erasmus-768x148.jpg 768w, https:\/\/www.stachristiana.at\/app\/uploads\/sites\/6\/2022\/09\/OeAD_Logo_Erasmus-192x37.jpg 192w\" sizes=\"auto, (max-width: 779px) 100vw, 779px\" \/><\/figure>\n\n\n\n<p>Erasmus+ Schulbildung unterst\u00fctzt grenz\u00fcberschreitende Kooperationen zwischen\u00a0Kinderg\u00e4rten, Schulen und anderen Institutionen\u00a0mit Bezug zur Schule. Zudem f\u00f6rdert das Programm\u00a0Lehr- und Lernaufenthalte\u00a0von\u00a0Kindergarten- und Schulpersonal\u00a0sowie von\u00a0Sch\u00fcler:innen\u00a0im europ\u00e4ischen Ausland.\u00a0<\/p>\n\n\n\n<figure class=\"wp-block-image size-large\"><img loading=\"lazy\" decoding=\"async\" width=\"1024\" height=\"215\" src=\"https:\/\/www.stachristiana.at\/app\/uploads\/sites\/6\/2026\/04\/DE-Kofinanziert-von-der-Europaeischen-Union_POS-1024x215.jpg\" alt=\"\" class=\"wp-image-3258\" srcset=\"https:\/\/www.stachristiana.at\/app\/uploads\/sites\/6\/2026\/04\/DE-Kofinanziert-von-der-Europaeischen-Union_POS-1024x215.jpg 1024w, https:\/\/www.stachristiana.at\/app\/uploads\/sites\/6\/2026\/04\/DE-Kofinanziert-von-der-Europaeischen-Union_POS-400x84.jpg 400w, https:\/\/www.stachristiana.at\/app\/uploads\/sites\/6\/2026\/04\/DE-Kofinanziert-von-der-Europaeischen-Union_POS-768x161.jpg 768w, https:\/\/www.stachristiana.at\/app\/uploads\/sites\/6\/2026\/04\/DE-Kofinanziert-von-der-Europaeischen-Union_POS-1536x322.jpg 1536w, https:\/\/www.stachristiana.at\/app\/uploads\/sites\/6\/2026\/04\/DE-Kofinanziert-von-der-Europaeischen-Union_POS-2048x430.jpg 2048w, https:\/\/www.stachristiana.at\/app\/uploads\/sites\/6\/2026\/04\/DE-Kofinanziert-von-der-Europaeischen-Union_POS-890x187.jpg 890w, https:\/\/www.stachristiana.at\/app\/uploads\/sites\/6\/2026\/04\/DE-Kofinanziert-von-der-Europaeischen-Union_POS-192x40.jpg 192w\" sizes=\"auto, (max-width: 1024px) 100vw, 1024px\" \/><\/figure>\n\n\n\n<h3 class=\"wp-block-heading\">Sch\u00fcler\/innen<\/h3>\n\n\n\n<p>Sch\u00fcler\/innen k\u00f6nnen im Rahmen von Gruppen- oder Einzelmobilit\u00e4ten einen Erasmus+ gef\u00f6rderten Auslandsaufenthalt machen.<\/p>\n\n\n\n<figure class=\"wp-block-image size-full\"><img loading=\"lazy\" decoding=\"async\" width=\"1000\" height=\"563\" src=\"https:\/\/www.stachristiana.at\/app\/uploads\/sites\/6\/2026\/04\/csm_iStock-Ridofranz_1278978962_b4ba43999f.jpg\" alt=\"\" class=\"wp-image-3249\" srcset=\"https:\/\/www.stachristiana.at\/app\/uploads\/sites\/6\/2026\/04\/csm_iStock-Ridofranz_1278978962_b4ba43999f.jpg 1000w, https:\/\/www.stachristiana.at\/app\/uploads\/sites\/6\/2026\/04\/csm_iStock-Ridofranz_1278978962_b4ba43999f-400x225.jpg 400w, https:\/\/www.stachristiana.at\/app\/uploads\/sites\/6\/2026\/04\/csm_iStock-Ridofranz_1278978962_b4ba43999f-768x432.jpg 768w, https:\/\/www.stachristiana.at\/app\/uploads\/sites\/6\/2026\/04\/csm_iStock-Ridofranz_1278978962_b4ba43999f-817x460.jpg 817w, https:\/\/www.stachristiana.at\/app\/uploads\/sites\/6\/2026\/04\/csm_iStock-Ridofranz_1278978962_b4ba43999f-133x75.jpg 133w\" sizes=\"auto, (max-width: 1000px) 100vw, 1000px\" \/><figcaption class=\"wp-element-caption\">\u00a9 iStock\/RidoFranz<\/figcaption><\/figure>\n\n\n\n<p><\/p>\n\n\n\n<h3 class=\"wp-block-heading\">Bildungspersonal<\/h3>\n\n\n\n<p>P\u00e4dagoginnen und P\u00e4dagogen, Lehrkr\u00e4fte sowie nicht-unterrichtendes Schulpersonal k\u00f6nnen sich im europ\u00e4ischen Ausland weiterbilden.<\/p>\n\n\n\n<figure class=\"wp-block-image size-full\"><img loading=\"lazy\" decoding=\"async\" width=\"1000\" height=\"563\" src=\"https:\/\/www.stachristiana.at\/app\/uploads\/sites\/6\/2026\/04\/csm_iStock-FatCamera_1442369573_621ab88fc0.jpg\" alt=\"\" class=\"wp-image-3250\" srcset=\"https:\/\/www.stachristiana.at\/app\/uploads\/sites\/6\/2026\/04\/csm_iStock-FatCamera_1442369573_621ab88fc0.jpg 1000w, https:\/\/www.stachristiana.at\/app\/uploads\/sites\/6\/2026\/04\/csm_iStock-FatCamera_1442369573_621ab88fc0-400x225.jpg 400w, https:\/\/www.stachristiana.at\/app\/uploads\/sites\/6\/2026\/04\/csm_iStock-FatCamera_1442369573_621ab88fc0-768x432.jpg 768w, https:\/\/www.stachristiana.at\/app\/uploads\/sites\/6\/2026\/04\/csm_iStock-FatCamera_1442369573_621ab88fc0-817x460.jpg 817w, https:\/\/www.stachristiana.at\/app\/uploads\/sites\/6\/2026\/04\/csm_iStock-FatCamera_1442369573_621ab88fc0-133x75.jpg 133w\" sizes=\"auto, (max-width: 1000px) 100vw, 1000px\" \/><figcaption class=\"wp-element-caption\">\u00a9 iStock\/FatCamera<\/figcaption><\/figure>\n\n\n\n<p><\/p>\n\n\n\n<h3 class=\"wp-block-heading\">F\u00f6rderhinweis und Haftungsausschluss (Disclaimer)<\/h3>\n\n\n\n<p>S\u00e4mtliche Mitteilungen oder Ver\u00f6ffentlichungen im Zusammenhang mit dem Projekt, die die Zuschussempf\u00e4nger einzeln oder gemeinsam herausgeben, m\u00fcssen ungeachtet ihrer Form und des Informationstr\u00e4gers den Hinweis enthalten, dass ihr Inhalt allein die Meinung der Verfasserin bzw. des Verfassers wiedergibt und dass der OeAD und die Kommission nicht f\u00fcr die Nutzung der enthaltenen Informationen haftet:<\/p>\n\n\n\n<p><em>\u201eVon der Europ\u00e4ischen Union finanziert. Die ge\u00e4u\u00dferten Ansichten und Meinungen entsprechen jedoch ausschlie\u00dflich denen des Autors bzw. der Autoren und spiegeln nicht zwingend die der Europ\u00e4ischen Union oder der OeAD-GmbH wider. Weder die Europ\u00e4ische Union noch die OeAD-GmbH k\u00f6nnen daf\u00fcr verantwortlich gemacht werden.\u201c<\/em><\/p>\n\n\n\n<p><\/p>\n\n\n\n<p><\/p>\n\n\n\n<figure class=\"wp-block-image size-large\"><img loading=\"lazy\" decoding=\"async\" width=\"1024\" height=\"215\" src=\"https:\/\/www.stachristiana.at\/app\/uploads\/sites\/6\/2026\/04\/DE-Kofinanziert-von-der-Europaeischen-Union_POS-1024x215.jpg\" alt=\"\" class=\"wp-image-3258\" srcset=\"https:\/\/www.stachristiana.at\/app\/uploads\/sites\/6\/2026\/04\/DE-Kofinanziert-von-der-Europaeischen-Union_POS-1024x215.jpg 1024w, https:\/\/www.stachristiana.at\/app\/uploads\/sites\/6\/2026\/04\/DE-Kofinanziert-von-der-Europaeischen-Union_POS-400x84.jpg 400w, https:\/\/www.stachristiana.at\/app\/uploads\/sites\/6\/2026\/04\/DE-Kofinanziert-von-der-Europaeischen-Union_POS-768x161.jpg 768w, https:\/\/www.stachristiana.at\/app\/uploads\/sites\/6\/2026\/04\/DE-Kofinanziert-von-der-Europaeischen-Union_POS-1536x322.jpg 1536w, https:\/\/www.stachristiana.at\/app\/uploads\/sites\/6\/2026\/04\/DE-Kofinanziert-von-der-Europaeischen-Union_POS-2048x430.jpg 2048w, https:\/\/www.stachristiana.at\/app\/uploads\/sites\/6\/2026\/04\/DE-Kofinanziert-von-der-Europaeischen-Union_POS-890x187.jpg 890w, https:\/\/www.stachristiana.at\/app\/uploads\/sites\/6\/2026\/04\/DE-Kofinanziert-von-der-Europaeischen-Union_POS-192x40.jpg 192w\" sizes=\"auto, (max-width: 1024px) 100vw, 1024px\" \/><\/figure>\n\n\n\n<p><\/p>\n","protected":false},"excerpt":{"rendered":"<p>Erasmus+ Schulbildung unterst\u00fctzt grenz\u00fcberschreitende Kooperationen zwischen\u00a0Kinderg\u00e4rten, Schulen und anderen Institutionen\u00a0mit Bezug zur Schule. Zudem f\u00f6rdert das Programm\u00a0Lehr- und Lernaufenthalte\u00a0von\u00a0Kindergarten- und Schulpersonal\u00a0sowie von\u00a0Sch\u00fcler:innen\u00a0im europ\u00e4ischen Ausland.\u00a0 Sch\u00fcler\/innen Sch\u00fcler\/innen k\u00f6nnen im Rahmen von Gruppen- oder Einzelmobilit\u00e4ten einen Erasmus+ gef\u00f6rderten Auslandsaufenthalt machen. Bildungspersonal P\u00e4dagoginnen und P\u00e4dagogen, Lehrkr\u00e4fte sowie nicht-unterrichtendes Schulpersonal k\u00f6nnen sich im europ\u00e4ischen Ausland weiterbilden. F\u00f6rderhinweis und Haftungsausschluss [&hellip;]<\/p>\n","protected":false},"author":16,"featured_media":0,"parent":0,"menu_order":0,"comment_status":"closed","ping_status":"closed","template":"","meta":{"footnotes":""},"class_list":["post-3244","page","type-page","status-publish","hentry"],"acf":[],"yoast_head":"<!-- This site is optimized with the Yoast SEO plugin v26.8 - https:\/\/yoast.com\/product\/yoast-seo-wordpress\/ -->\n<title>Erasmus+ - HLW, BAfEP &amp; BASOP Frohsdorf<\/title>\n<meta name=\"robots\" content=\"index, follow, max-snippet:-1, max-image-preview:large, max-video-preview:-1\" \/>\n<link rel=\"canonical\" href=\"https:\/\/www.stachristiana.at\/hlw-bafep-frohsdorf\/erasmus\" \/>\n<meta property=\"og:locale\" content=\"de_DE\" \/>\n<meta property=\"og:type\" content=\"article\" \/>\n<meta property=\"og:title\" content=\"Erasmus+ - HLW, BAfEP &amp; BASOP Frohsdorf\" \/>\n<meta property=\"og:description\" content=\"Erasmus+ Schulbildung unterst\u00fctzt grenz\u00fcberschreitende Kooperationen zwischen\u00a0Kinderg\u00e4rten, Schulen und anderen Institutionen\u00a0mit Bezug zur Schule. Zudem f\u00f6rdert das Programm\u00a0Lehr- und Lernaufenthalte\u00a0von\u00a0Kindergarten- und Schulpersonal\u00a0sowie von\u00a0Sch\u00fcler:innen\u00a0im europ\u00e4ischen Ausland.\u00a0 Sch\u00fcler\/innen Sch\u00fcler\/innen k\u00f6nnen im Rahmen von Gruppen- oder Einzelmobilit\u00e4ten einen Erasmus+ gef\u00f6rderten Auslandsaufenthalt machen. Bildungspersonal P\u00e4dagoginnen und P\u00e4dagogen, Lehrkr\u00e4fte sowie nicht-unterrichtendes Schulpersonal k\u00f6nnen sich im europ\u00e4ischen Ausland weiterbilden. F\u00f6rderhinweis und Haftungsausschluss [&hellip;]\" \/>\n<meta property=\"og:url\" content=\"https:\/\/www.stachristiana.at\/hlw-bafep-frohsdorf\/erasmus\" \/>\n<meta property=\"og:site_name\" content=\"HLW, BAfEP &amp; BASOP Frohsdorf\" \/>\n<meta property=\"article:modified_time\" content=\"2026-04-07T09:28:22+00:00\" \/>\n<meta property=\"og:image\" content=\"https:\/\/www.stachristiana.at\/app\/uploads\/sites\/6\/2022\/09\/OeAD_Logo_Erasmus.jpg\" \/>\n\t<meta property=\"og:image:width\" content=\"779\" \/>\n\t<meta property=\"og:image:height\" content=\"150\" \/>\n\t<meta property=\"og:image:type\" content=\"image\/jpeg\" \/>\n<meta name=\"twitter:card\" content=\"summary_large_image\" \/>\n<meta name=\"twitter:label1\" content=\"Gesch\u00e4tzte Lesezeit\" \/>\n\t<meta name=\"twitter:data1\" content=\"2\u00a0Minuten\" \/>\n<script type=\"application\/ld+json\" class=\"yoast-schema-graph\">{\"@context\":\"https:\/\/schema.org\",\"@graph\":[{\"@type\":\"WebPage\",\"@id\":\"https:\/\/www.stachristiana.at\/hlw-bafep-frohsdorf\/erasmus\",\"url\":\"https:\/\/www.stachristiana.at\/hlw-bafep-frohsdorf\/erasmus\",\"name\":\"Erasmus+ - HLW, BAfEP &amp; BASOP Frohsdorf\",\"isPartOf\":{\"@id\":\"https:\/\/www.stachristiana.at\/hlw-bafep-frohsdorf\/#website\"},\"primaryImageOfPage\":{\"@id\":\"https:\/\/www.stachristiana.at\/hlw-bafep-frohsdorf\/erasmus#primaryimage\"},\"image\":{\"@id\":\"https:\/\/www.stachristiana.at\/hlw-bafep-frohsdorf\/erasmus#primaryimage\"},\"thumbnailUrl\":\"https:\/\/www.stachristiana.at\/app\/uploads\/sites\/6\/2022\/09\/OeAD_Logo_Erasmus.jpg\",\"datePublished\":\"2026-04-07T08:48:33+00:00\",\"dateModified\":\"2026-04-07T09:28:22+00:00\",\"breadcrumb\":{\"@id\":\"https:\/\/www.stachristiana.at\/hlw-bafep-frohsdorf\/erasmus#breadcrumb\"},\"inLanguage\":\"de\",\"potentialAction\":[{\"@type\":\"ReadAction\",\"target\":[\"https:\/\/www.stachristiana.at\/hlw-bafep-frohsdorf\/erasmus\"]}]},{\"@type\":\"ImageObject\",\"inLanguage\":\"de\",\"@id\":\"https:\/\/www.stachristiana.at\/hlw-bafep-frohsdorf\/erasmus#primaryimage\",\"url\":\"https:\/\/www.stachristiana.at\/app\/uploads\/sites\/6\/2022\/09\/OeAD_Logo_Erasmus.jpg\",\"contentUrl\":\"https:\/\/www.stachristiana.at\/app\/uploads\/sites\/6\/2022\/09\/OeAD_Logo_Erasmus.jpg\"},{\"@type\":\"BreadcrumbList\",\"@id\":\"https:\/\/www.stachristiana.at\/hlw-bafep-frohsdorf\/erasmus#breadcrumb\",\"itemListElement\":[{\"@type\":\"ListItem\",\"position\":1,\"name\":\"Start\",\"item\":\"https:\/\/www.stachristiana.at\/\"},{\"@type\":\"ListItem\",\"position\":2,\"name\":\"Erasmus+\"}]},{\"@type\":\"WebSite\",\"@id\":\"https:\/\/www.stachristiana.at\/hlw-bafep-frohsdorf\/#website\",\"url\":\"https:\/\/www.stachristiana.at\/hlw-bafep-frohsdorf\/\",\"name\":\"Sta. Christiana - HLW - BAfEP Frohsdorf\",\"description\":\"H\u00f6here Lehranstalt, Fachschule und Aufbaulehrgang f\u00fcr wirtschaftliche Berufe und Bildungsanstalt und Kolleg f\u00fcr Elementarp\u00e4dagogik\",\"publisher\":{\"@id\":\"https:\/\/www.stachristiana.at\/hlw-bafep-frohsdorf\/#organization\"},\"alternateName\":\"Sta. Christiana\",\"potentialAction\":[{\"@type\":\"SearchAction\",\"target\":{\"@type\":\"EntryPoint\",\"urlTemplate\":\"https:\/\/www.stachristiana.at\/hlw-bafep-frohsdorf\/?s={search_term_string}\"},\"query-input\":{\"@type\":\"PropertyValueSpecification\",\"valueRequired\":true,\"valueName\":\"search_term_string\"}}],\"inLanguage\":\"de\"},{\"@type\":\"Organization\",\"@id\":\"https:\/\/www.stachristiana.at\/hlw-bafep-frohsdorf\/#organization\",\"name\":\"Sta. Christiana - HLW und BAfEP Frohsdorf\",\"alternateName\":\"Sta. Christiana\",\"url\":\"https:\/\/www.stachristiana.at\/hlw-bafep-frohsdorf\/\",\"logo\":{\"@type\":\"ImageObject\",\"inLanguage\":\"de\",\"@id\":\"https:\/\/www.stachristiana.at\/hlw-bafep-frohsdorf\/#\/schema\/logo\/image\/\",\"url\":\"https:\/\/www.stachristiana.at\/app\/uploads\/sites\/6\/2022\/05\/logo-sta-christiana.png\",\"contentUrl\":\"https:\/\/www.stachristiana.at\/app\/uploads\/sites\/6\/2022\/05\/logo-sta-christiana.png\",\"width\":1200,\"height\":491,\"caption\":\"Sta. Christiana - HLW und BAfEP Frohsdorf\"},\"image\":{\"@id\":\"https:\/\/www.stachristiana.at\/hlw-bafep-frohsdorf\/#\/schema\/logo\/image\/\"}}]}<\/script>\n<!-- \/ Yoast SEO plugin. -->","yoast_head_json":{"title":"Erasmus+ - HLW, BAfEP &amp; BASOP Frohsdorf","robots":{"index":"index","follow":"follow","max-snippet":"max-snippet:-1","max-image-preview":"max-image-preview:large","max-video-preview":"max-video-preview:-1"},"canonical":"https:\/\/www.stachristiana.at\/hlw-bafep-frohsdorf\/erasmus","og_locale":"de_DE","og_type":"article","og_title":"Erasmus+ - HLW, BAfEP &amp; BASOP Frohsdorf","og_description":"Erasmus+ Schulbildung unterst\u00fctzt grenz\u00fcberschreitende Kooperationen zwischen\u00a0Kinderg\u00e4rten, Schulen und anderen Institutionen\u00a0mit Bezug zur Schule. Zudem f\u00f6rdert das Programm\u00a0Lehr- und Lernaufenthalte\u00a0von\u00a0Kindergarten- und Schulpersonal\u00a0sowie von\u00a0Sch\u00fcler:innen\u00a0im europ\u00e4ischen Ausland.\u00a0 Sch\u00fcler\/innen Sch\u00fcler\/innen k\u00f6nnen im Rahmen von Gruppen- oder Einzelmobilit\u00e4ten einen Erasmus+ gef\u00f6rderten Auslandsaufenthalt machen. Bildungspersonal P\u00e4dagoginnen und P\u00e4dagogen, Lehrkr\u00e4fte sowie nicht-unterrichtendes Schulpersonal k\u00f6nnen sich im europ\u00e4ischen Ausland weiterbilden. F\u00f6rderhinweis und Haftungsausschluss [&hellip;]","og_url":"https:\/\/www.stachristiana.at\/hlw-bafep-frohsdorf\/erasmus","og_site_name":"HLW, BAfEP &amp; BASOP Frohsdorf","article_modified_time":"2026-04-07T09:28:22+00:00","og_image":[{"width":779,"height":150,"url":"https:\/\/www.stachristiana.at\/app\/uploads\/sites\/6\/2022\/09\/OeAD_Logo_Erasmus.jpg","type":"image\/jpeg"}],"twitter_card":"summary_large_image","twitter_misc":{"Gesch\u00e4tzte Lesezeit":"2\u00a0Minuten"},"schema":{"@context":"https:\/\/schema.org","@graph":[{"@type":"WebPage","@id":"https:\/\/www.stachristiana.at\/hlw-bafep-frohsdorf\/erasmus","url":"https:\/\/www.stachristiana.at\/hlw-bafep-frohsdorf\/erasmus","name":"Erasmus+ - HLW, BAfEP &amp; BASOP Frohsdorf","isPartOf":{"@id":"https:\/\/www.stachristiana.at\/hlw-bafep-frohsdorf\/#website"},"primaryImageOfPage":{"@id":"https:\/\/www.stachristiana.at\/hlw-bafep-frohsdorf\/erasmus#primaryimage"},"image":{"@id":"https:\/\/www.stachristiana.at\/hlw-bafep-frohsdorf\/erasmus#primaryimage"},"thumbnailUrl":"https:\/\/www.stachristiana.at\/app\/uploads\/sites\/6\/2022\/09\/OeAD_Logo_Erasmus.jpg","datePublished":"2026-04-07T08:48:33+00:00","dateModified":"2026-04-07T09:28:22+00:00","breadcrumb":{"@id":"https:\/\/www.stachristiana.at\/hlw-bafep-frohsdorf\/erasmus#breadcrumb"},"inLanguage":"de","potentialAction":[{"@type":"ReadAction","target":["https:\/\/www.stachristiana.at\/hlw-bafep-frohsdorf\/erasmus"]}]},{"@type":"ImageObject","inLanguage":"de","@id":"https:\/\/www.stachristiana.at\/hlw-bafep-frohsdorf\/erasmus#primaryimage","url":"https:\/\/www.stachristiana.at\/app\/uploads\/sites\/6\/2022\/09\/OeAD_Logo_Erasmus.jpg","contentUrl":"https:\/\/www.stachristiana.at\/app\/uploads\/sites\/6\/2022\/09\/OeAD_Logo_Erasmus.jpg"},{"@type":"BreadcrumbList","@id":"https:\/\/www.stachristiana.at\/hlw-bafep-frohsdorf\/erasmus#breadcrumb","itemListElement":[{"@type":"ListItem","position":1,"name":"Start","item":"https:\/\/www.stachristiana.at\/"},{"@type":"ListItem","position":2,"name":"Erasmus+"}]},{"@type":"WebSite","@id":"https:\/\/www.stachristiana.at\/hlw-bafep-frohsdorf\/#website","url":"https:\/\/www.stachristiana.at\/hlw-bafep-frohsdorf\/","name":"Sta. Christiana - HLW - BAfEP Frohsdorf","description":"H\u00f6here Lehranstalt, Fachschule und Aufbaulehrgang f\u00fcr wirtschaftliche Berufe und Bildungsanstalt und Kolleg f\u00fcr Elementarp\u00e4dagogik","publisher":{"@id":"https:\/\/www.stachristiana.at\/hlw-bafep-frohsdorf\/#organization"},"alternateName":"Sta. Christiana","potentialAction":[{"@type":"SearchAction","target":{"@type":"EntryPoint","urlTemplate":"https:\/\/www.stachristiana.at\/hlw-bafep-frohsdorf\/?s={search_term_string}"},"query-input":{"@type":"PropertyValueSpecification","valueRequired":true,"valueName":"search_term_string"}}],"inLanguage":"de"},{"@type":"Organization","@id":"https:\/\/www.stachristiana.at\/hlw-bafep-frohsdorf\/#organization","name":"Sta. Christiana - HLW und BAfEP Frohsdorf","alternateName":"Sta. Christiana","url":"https:\/\/www.stachristiana.at\/hlw-bafep-frohsdorf\/","logo":{"@type":"ImageObject","inLanguage":"de","@id":"https:\/\/www.stachristiana.at\/hlw-bafep-frohsdorf\/#\/schema\/logo\/image\/","url":"https:\/\/www.stachristiana.at\/app\/uploads\/sites\/6\/2022\/05\/logo-sta-christiana.png","contentUrl":"https:\/\/www.stachristiana.at\/app\/uploads\/sites\/6\/2022\/05\/logo-sta-christiana.png","width":1200,"height":491,"caption":"Sta. Christiana - HLW und BAfEP Frohsdorf"},"image":{"@id":"https:\/\/www.stachristiana.at\/hlw-bafep-frohsdorf\/#\/schema\/logo\/image\/"}}]}},"_links":{"self":[{"href":"https:\/\/www.stachristiana.at\/hlw-bafep-frohsdorf\/wp-json\/wp\/v2\/pages\/3244","targetHints":{"allow":["GET"]}}],"collection":[{"href":"https:\/\/www.stachristiana.at\/hlw-bafep-frohsdorf\/wp-json\/wp\/v2\/pages"}],"about":[{"href":"https:\/\/www.stachristiana.at\/hlw-bafep-frohsdorf\/wp-json\/wp\/v2\/types\/page"}],"author":[{"embeddable":true,"href":"https:\/\/www.stachristiana.at\/hlw-bafep-frohsdorf\/wp-json\/wp\/v2\/users\/16"}],"replies":[{"embeddable":true,"href":"https:\/\/www.stachristiana.at\/hlw-bafep-frohsdorf\/wp-json\/wp\/v2\/comments?post=3244"}],"version-history":[{"count":9,"href":"https:\/\/www.stachristiana.at\/hlw-bafep-frohsdorf\/wp-json\/wp\/v2\/pages\/3244\/revisions"}],"predecessor-version":[{"id":3264,"href":"https:\/\/www.stachristiana.at\/hlw-bafep-frohsdorf\/wp-json\/wp\/v2\/pages\/3244\/revisions\/3264"}],"wp:attachment":[{"href":"https:\/\/www.stachristiana.at\/hlw-bafep-frohsdorf\/wp-json\/wp\/v2\/media?parent=3244"}],"curies":[{"name":"wp","href":"https:\/\/api.w.org\/{rel}","templated":true}]}}