{"id":3165,"date":"2025-12-02T09:05:19","date_gmt":"2025-12-02T08:05:19","guid":{"rendered":"https:\/\/www.stachristiana.at\/hlw-bafep-frohsdorf\/?page_id=3165"},"modified":"2025-12-17T07:51:48","modified_gmt":"2025-12-17T06:51:48","slug":"medizinisch-psychosoziale-versorgung","status":"publish","type":"page","link":"https:\/\/www.stachristiana.at\/hlw-bafep-frohsdorf\/medizinisch-psychosoziale-versorgung","title":{"rendered":"Gesundheit und Beratung"},"content":{"rendered":"\n<p><\/p>\n\n\n\n<h2 class=\"wp-block-heading\">Medizinisch-psychosoziale Versorgung<\/h2>\n\n\n\n<div id=\"persons-block_b785d8fa50e58f3d3478c8ab6e47e6c1\" class=\"persons-list\">\n\t\t\t\t\n\t\t<div class=\"persons-list-item person-teacher\">\n\t\t\t<figure class=\"person-photo\"><img loading=\"lazy\" decoding=\"async\" width=\"200\" height=\"258\" src=\"https:\/\/www.stachristiana.at\/app\/uploads\/sites\/6\/2025\/09\/Elena-Wagner.jpg\" class=\"attachment-full size-full wp-post-image\" alt=\"\" srcset=\"https:\/\/www.stachristiana.at\/app\/uploads\/sites\/6\/2025\/09\/Elena-Wagner.jpg 200w, https:\/\/www.stachristiana.at\/app\/uploads\/sites\/6\/2025\/09\/Elena-Wagner-58x75.jpg 58w\" sizes=\"auto, (max-width: 200px) 100vw, 200px\" \/><\/figure>\n\t\t\t<div class=\"person-data\">\n\t\t\t\t<h2 class=\"person-name\">Dr. Elena Wagner<\/h2>\n\t\t\t\t<p class=\"person-position\">Schul\u00e4rztin<\/p>\n\t\t\t\t<p class=\"person-descr\">Dienstag 07:45 Uhr &#8211; 10:30 Uhr\r\nDonnerstag 10:00 Uhr \u2013  12:30 Uhr\r\nTel. zu Ordinationszeiten: 02627 45235 27<\/p>\t\t\t\t<a href=\"mailto:schularzt@hlw-bafep-basop-frohsdorf.ac.at\" class=\"person-email\" title=\"Email an schularzt@hlw-bafep-basop-frohsdorf.ac.at\">\n\t\t\t\t\t<i class=\"fa fa-envelope\" aria-hidden=\"true\"><\/i>\n\t\t\t\t<\/a>\n\t\t\t\t\t\t\t<\/div>\n\t\t<\/div>\n\t\t\t\t\t\n\t\t<div class=\"persons-list-item person-teacher\">\n\t\t\t<figure class=\"person-photo\"><img loading=\"lazy\" decoding=\"async\" width=\"300\" height=\"400\" src=\"https:\/\/www.stachristiana.at\/app\/uploads\/sites\/6\/2023\/01\/Yagbasan.jpg\" class=\"attachment-full size-full wp-post-image\" alt=\"\" srcset=\"https:\/\/www.stachristiana.at\/app\/uploads\/sites\/6\/2023\/01\/Yagbasan.jpg 300w, https:\/\/www.stachristiana.at\/app\/uploads\/sites\/6\/2023\/01\/Yagbasan-56x75.jpg 56w\" sizes=\"auto, (max-width: 300px) 100vw, 300px\" \/><\/figure>\n\t\t\t<div class=\"person-data\">\n\t\t\t\t<h2 class=\"person-name\">Mag. Fatma Yagbasan<\/h2>\n\t\t\t\t<p class=\"person-position\">Schulpsychologin<\/p>\n\t\t\t\t<p class=\"person-descr\">Terminvereinbarung 0664\/8257186 oder per E-Mail\r\n<\/p>\t\t\t\t<a href=\"mailto:fatma.yagbasan@bildung-noe.gv.at\" class=\"person-email\" title=\"Email an fatma.yagbasan@bildung-noe.gv.at\">\n\t\t\t\t\t<i class=\"fa fa-envelope\" aria-hidden=\"true\"><\/i>\n\t\t\t\t<\/a>\n\t\t\t\t\t\t\t<\/div>\n\t\t<\/div>\n\t\t\t\t\t\n\t\t<div class=\"persons-list-item person-teacher\">\n\t\t\t<figure class=\"person-photo\"><img loading=\"lazy\" decoding=\"async\" width=\"300\" height=\"375\" src=\"https:\/\/www.stachristiana.at\/app\/uploads\/sites\/6\/2023\/01\/Marlies-1.jpg\" class=\"attachment-full size-full wp-post-image\" alt=\"\" srcset=\"https:\/\/www.stachristiana.at\/app\/uploads\/sites\/6\/2023\/01\/Marlies-1.jpg 300w, https:\/\/www.stachristiana.at\/app\/uploads\/sites\/6\/2023\/01\/Marlies-1-60x75.jpg 60w\" sizes=\"auto, (max-width: 300px) 100vw, 300px\" \/><\/figure>\n\t\t\t<div class=\"person-data\">\n\t\t\t\t<h2 class=\"person-name\">Mag. Marlies K\u00f6nig<\/h2>\n\t\t\t\t<p class=\"person-position\">Jugendcoaching<\/p>\n\t\t\t\t<p class=\"person-descr\">Terminvereinbarung 0699\/13233974 oder per E-Mail\r\n<\/p>\t\t\t\t<a href=\"mailto:m.koenig@integration-noe.at\" class=\"person-email\" title=\"Email an m.koenig@integration-noe.at\">\n\t\t\t\t\t<i class=\"fa fa-envelope\" aria-hidden=\"true\"><\/i>\n\t\t\t\t<\/a>\n\t\t\t\t\t\t\t<\/div>\n\t\t<\/div>\n\t\t\t\t\t\n\t\t<div class=\"persons-list-item person-teacher\">\n\t\t\t<figure class=\"person-photo\"><img loading=\"lazy\" decoding=\"async\" width=\"100\" height=\"119\" src=\"https:\/\/www.stachristiana.at\/app\/uploads\/sites\/6\/2023\/01\/sylviak_kabelka.jpg\" class=\"attachment-full size-full wp-post-image\" alt=\"\" srcset=\"https:\/\/www.stachristiana.at\/app\/uploads\/sites\/6\/2023\/01\/sylviak_kabelka.jpg 100w, https:\/\/www.stachristiana.at\/app\/uploads\/sites\/6\/2023\/01\/sylviak_kabelka-63x75.jpg 63w\" sizes=\"auto, (max-width: 100px) 100vw, 100px\" \/><\/figure>\n\t\t\t<div class=\"person-data\">\n\t\t\t\t<h2 class=\"person-name\">Mag. Sylvia Kabelka<\/h2>\n\t\t\t\t<p class=\"person-position\">Sch\u00fcler:innen-Beraterin<\/p>\n\t\t\t\t<p class=\"person-descr\">Terminvereinbarung 0680\/322 22 02 oder per E-Mail<\/p>\t\t\t\t<a href=\"mailto:sylvia.kabelka@beth.co.at\" class=\"person-email\" title=\"Email an sylvia.kabelka@beth.co.at\">\n\t\t\t\t\t<i class=\"fa fa-envelope\" aria-hidden=\"true\"><\/i>\n\t\t\t\t<\/a>\n\t\t\t\t\t\t\t<\/div>\n\t\t<\/div>\n\t\t\t\t\t\n\t\t<div class=\"persons-list-item person-teacher\">\n\t\t\t<figure class=\"person-photo\"><img loading=\"lazy\" decoding=\"async\" width=\"200\" height=\"198\" src=\"https:\/\/www.stachristiana.at\/app\/uploads\/sites\/6\/2024\/09\/Foto_Katharina-Ertl-Flick.jpg\" class=\"attachment-full size-full wp-post-image\" alt=\"\" srcset=\"https:\/\/www.stachristiana.at\/app\/uploads\/sites\/6\/2024\/09\/Foto_Katharina-Ertl-Flick.jpg 200w, https:\/\/www.stachristiana.at\/app\/uploads\/sites\/6\/2024\/09\/Foto_Katharina-Ertl-Flick-150x150.jpg 150w, https:\/\/www.stachristiana.at\/app\/uploads\/sites\/6\/2024\/09\/Foto_Katharina-Ertl-Flick-76x75.jpg 76w\" sizes=\"auto, (max-width: 200px) 100vw, 200px\" \/><\/figure>\n\t\t\t<div class=\"person-data\">\n\t\t\t\t<h2 class=\"person-name\">Katharina Ertl-Flick, MSc<\/h2>\n\t\t\t\t<p class=\"person-position\">Schulsozialarbeiterin<\/p>\n\t\t\t\t<p class=\"person-descr\">Terminvereinbarung per E-Mail oder 0677\/637 017 21<\/p>\t\t\t\t<a href=\"mailto:schulsozialarbeit@hlw-bafep-basop-frohsdorf.ac.at\" class=\"person-email\" title=\"Email an schulsozialarbeit@hlw-bafep-basop-frohsdorf.ac.at\">\n\t\t\t\t\t<i class=\"fa fa-envelope\" aria-hidden=\"true\"><\/i>\n\t\t\t\t<\/a>\n\t\t\t\t\t\t\t<\/div>\n\t\t<\/div>\n\t\t\t\t\t\n\t\t<div class=\"persons-list-item person-teacher\">\n\t\t\t<figure class=\"person-photo\"><img loading=\"lazy\" decoding=\"async\" width=\"200\" height=\"277\" src=\"https:\/\/www.stachristiana.at\/app\/uploads\/sites\/6\/2022\/12\/Hirschler-1.jpg\" class=\"attachment-full size-full wp-post-image\" alt=\"\" srcset=\"https:\/\/www.stachristiana.at\/app\/uploads\/sites\/6\/2022\/12\/Hirschler-1.jpg 200w, https:\/\/www.stachristiana.at\/app\/uploads\/sites\/6\/2022\/12\/Hirschler-1-54x75.jpg 54w\" sizes=\"auto, (max-width: 200px) 100vw, 200px\" \/><\/figure>\n\t\t\t<div class=\"person-data\">\n\t\t\t\t<h2 class=\"person-name\">Hirschler, Natascha Dipl.-P\u00e4d. BEd MA<\/h2>\n\t\t\t\t<p class=\"person-position\">Bildungsberatung<\/p>\n\t\t\t\t<p class=\"person-descr\">Sprechstunde: Dienstag, 7. Stunde<\/p>\t\t\t\t<a href=\"mailto:natascha.hirschler@hlw-bafep.frohsdorf.ac.at\" class=\"person-email\" title=\"Email an natascha.hirschler@hlw-bafep.frohsdorf.ac.at\">\n\t\t\t\t\t<i class=\"fa fa-envelope\" aria-hidden=\"true\"><\/i>\n\t\t\t\t<\/a>\n\t\t\t\t\t\t\t<\/div>\n\t\t<\/div>\n\t\t<\/div>\n\n\n\n<div id=\"linklist-block_d0117a93f0db1240ed295f4b64a77f84\" class=\"linklist\">\n\t\t\n\t\t<a href=\"https:\/\/www.stachristiana.at\/app\/uploads\/sites\/6\/2023\/09\/Vorstellung-der-Schulpsychologin.pdf\" target=\"_blank\" class=\"linklist-item linklist-item-hellblau\">\n\t\t\tSchulpsychologische Beratung &#8211; Information\t\t<\/a>\n\n\t\t\n\t\t<a href=\"https:\/\/www.stachristiana.at\/app\/uploads\/sites\/6\/2025\/02\/Sprechstunde-Frohsdorf-2024-25_2.-Semester.pdf\" target=\"_blank\" class=\"linklist-item linklist-item-hellblau\">\n\t\t\tSchulpsychologische Beratung &#8211; Sprechstunden\t\t<\/a>\n\n\t\t\n\t\t<a href=\"https:\/\/www.stachristiana.at\/app\/uploads\/sites\/6\/2025\/09\/Informationsblatt_Bildungsberatung.pdf\" target=\"_blank\" class=\"linklist-item linklist-item-hellblau\">\n\t\t\tBildungsberatung &#8211; Informationen\t\t<\/a>\n\n\t\t\n\t\t<a href=\"https:\/\/www.stachristiana.at\/app\/uploads\/sites\/6\/2023\/01\/JUCO_Infoblatt_Knig.pdf\" target=\"_blank\" class=\"linklist-item linklist-item-hellblau\">\n\t\t\tJugendcoaching &#8211; Folder\t\t<\/a>\n\n\t\t\n\t\t<a href=\"https:\/\/www.stachristiana.at\/app\/uploads\/sites\/6\/2023\/01\/Juco_Schulbrief_AHS_BMHS_allgmein.pdf\" target=\"_blank\" class=\"linklist-item linklist-item-hellblau\">\n\t\t\tJugendcoaching &#8211; Informationen\t\t<\/a>\n\n\t\t\n\t\t<a href=\"https:\/\/www.stachristiana.at\/app\/uploads\/sites\/6\/2023\/01\/Juco_Schulbrief_AHS_BMHS_allgmein.pdf\" target=\"_blank\" class=\"linklist-item linklist-item-hellblau\">\n\t\t\tJugendcoaching &#8211; Brief\t\t<\/a>\n\n\t\t\n\t\t<a href=\"https:\/\/www.stachristiana.at\/app\/uploads\/sites\/6\/2023\/01\/Juco_Schueleranmeldung_AHS_BMHS_MK.docx\" target=\"_blank\" class=\"linklist-item linklist-item-hellblau\">\n\t\t\tJugendcoaching &#8211; Sch\u00fcleranmeldung\t\t<\/a>\n\n\t\t\n\t\t<a href=\"https:\/\/www.stachristiana.at\/app\/uploads\/sites\/6\/2023\/01\/SchuelerInnen-Beratung_MagSylviaKabelka_2017-2018.pdf\" target=\"_blank\" class=\"linklist-item linklist-item-hellblau\">\n\t\t\tSch\u00fcler:innenberatung &#8211; Informationen\t\t<\/a>\n\n\t\t\n\t\t<a href=\"https:\/\/www.stachristiana.at\/app\/uploads\/sites\/6\/2023\/01\/SCHUeLERFRAGEBOGEN.pdf\" target=\"_blank\" class=\"linklist-item linklist-item-hellblau\">\n\t\t\tSch\u00fcler:innenberatung &#8211; Sch\u00fclerfragebogen\t\t<\/a>\n\n\t\t\n\t\t<a href=\"https:\/\/www.stachristiana.at\/app\/uploads\/sites\/6\/2025\/09\/Vorstellungsbrief-2025-26_Schulsozialarbeit_Ertl-Flick_Homepage.pdf\" target=\"_blank\" class=\"linklist-item linklist-item-hellblau\">\n\t\t\tSchulsozialarbeit &#8211; Informationsblatt\t\t<\/a>\n\n\t<\/div>\n\n\n\n<h2 class=\"wp-block-heading\"><\/h2>\n\n\n\n<p><\/p>\n","protected":false},"excerpt":{"rendered":"<p>Medizinisch-psychosoziale Versorgung<\/p>\n","protected":false},"author":16,"featured_media":0,"parent":0,"menu_order":0,"comment_status":"closed","ping_status":"closed","template":"","meta":{"footnotes":""},"class_list":["post-3165","page","type-page","status-publish","hentry"],"acf":[],"yoast_head":"<!-- This site is optimized with the Yoast SEO plugin v26.8 - https:\/\/yoast.com\/product\/yoast-seo-wordpress\/ -->\n<title>Gesundheit und Beratung - HLW, BAfEP &amp; BASOP Frohsdorf<\/title>\n<meta name=\"robots\" content=\"index, follow, max-snippet:-1, max-image-preview:large, max-video-preview:-1\" \/>\n<link rel=\"canonical\" href=\"https:\/\/www.stachristiana.at\/hlw-bafep-frohsdorf\/medizinisch-psychosoziale-versorgung\" \/>\n<meta property=\"og:locale\" content=\"de_DE\" \/>\n<meta property=\"og:type\" content=\"article\" \/>\n<meta property=\"og:title\" content=\"Gesundheit und Beratung - HLW, BAfEP &amp; BASOP Frohsdorf\" \/>\n<meta property=\"og:description\" content=\"Medizinisch-psychosoziale Versorgung\" \/>\n<meta property=\"og:url\" content=\"https:\/\/www.stachristiana.at\/hlw-bafep-frohsdorf\/medizinisch-psychosoziale-versorgung\" \/>\n<meta property=\"og:site_name\" content=\"HLW, BAfEP &amp; BASOP Frohsdorf\" \/>\n<meta property=\"article:modified_time\" content=\"2025-12-17T06:51:48+00:00\" \/>\n<meta property=\"og:image\" content=\"https:\/\/www.stachristiana.at\/app\/uploads\/sites\/6\/2022\/05\/logo-sta-christiana.png\" \/>\n\t<meta property=\"og:image:width\" content=\"1200\" \/>\n\t<meta property=\"og:image:height\" content=\"491\" \/>\n\t<meta property=\"og:image:type\" content=\"image\/png\" \/>\n<meta name=\"twitter:card\" content=\"summary_large_image\" \/>\n<meta name=\"twitter:label1\" content=\"Gesch\u00e4tzte Lesezeit\" \/>\n\t<meta name=\"twitter:data1\" content=\"1\u00a0Minute\" \/>\n<script type=\"application\/ld+json\" class=\"yoast-schema-graph\">{\"@context\":\"https:\/\/schema.org\",\"@graph\":[{\"@type\":\"WebPage\",\"@id\":\"https:\/\/www.stachristiana.at\/hlw-bafep-frohsdorf\/medizinisch-psychosoziale-versorgung\",\"url\":\"https:\/\/www.stachristiana.at\/hlw-bafep-frohsdorf\/medizinisch-psychosoziale-versorgung\",\"name\":\"Gesundheit und Beratung - HLW, BAfEP &amp; BASOP Frohsdorf\",\"isPartOf\":{\"@id\":\"https:\/\/www.stachristiana.at\/hlw-bafep-frohsdorf\/#website\"},\"datePublished\":\"2025-12-02T08:05:19+00:00\",\"dateModified\":\"2025-12-17T06:51:48+00:00\",\"breadcrumb\":{\"@id\":\"https:\/\/www.stachristiana.at\/hlw-bafep-frohsdorf\/medizinisch-psychosoziale-versorgung#breadcrumb\"},\"inLanguage\":\"de\",\"potentialAction\":[{\"@type\":\"ReadAction\",\"target\":[\"https:\/\/www.stachristiana.at\/hlw-bafep-frohsdorf\/medizinisch-psychosoziale-versorgung\"]}]},{\"@type\":\"BreadcrumbList\",\"@id\":\"https:\/\/www.stachristiana.at\/hlw-bafep-frohsdorf\/medizinisch-psychosoziale-versorgung#breadcrumb\",\"itemListElement\":[{\"@type\":\"ListItem\",\"position\":1,\"name\":\"Start\",\"item\":\"https:\/\/www.stachristiana.at\/\"},{\"@type\":\"ListItem\",\"position\":2,\"name\":\"Gesundheit und Beratung\"}]},{\"@type\":\"WebSite\",\"@id\":\"https:\/\/www.stachristiana.at\/hlw-bafep-frohsdorf\/#website\",\"url\":\"https:\/\/www.stachristiana.at\/hlw-bafep-frohsdorf\/\",\"name\":\"Sta. Christiana - HLW - BAfEP Frohsdorf\",\"description\":\"H\u00f6here Lehranstalt, Fachschule und Aufbaulehrgang f\u00fcr wirtschaftliche Berufe und Bildungsanstalt und Kolleg f\u00fcr Elementarp\u00e4dagogik\",\"publisher\":{\"@id\":\"https:\/\/www.stachristiana.at\/hlw-bafep-frohsdorf\/#organization\"},\"alternateName\":\"Sta. Christiana\",\"potentialAction\":[{\"@type\":\"SearchAction\",\"target\":{\"@type\":\"EntryPoint\",\"urlTemplate\":\"https:\/\/www.stachristiana.at\/hlw-bafep-frohsdorf\/?s={search_term_string}\"},\"query-input\":{\"@type\":\"PropertyValueSpecification\",\"valueRequired\":true,\"valueName\":\"search_term_string\"}}],\"inLanguage\":\"de\"},{\"@type\":\"Organization\",\"@id\":\"https:\/\/www.stachristiana.at\/hlw-bafep-frohsdorf\/#organization\",\"name\":\"Sta. Christiana - HLW und BAfEP Frohsdorf\",\"alternateName\":\"Sta. Christiana\",\"url\":\"https:\/\/www.stachristiana.at\/hlw-bafep-frohsdorf\/\",\"logo\":{\"@type\":\"ImageObject\",\"inLanguage\":\"de\",\"@id\":\"https:\/\/www.stachristiana.at\/hlw-bafep-frohsdorf\/#\/schema\/logo\/image\/\",\"url\":\"https:\/\/www.stachristiana.at\/app\/uploads\/sites\/6\/2022\/05\/logo-sta-christiana.png\",\"contentUrl\":\"https:\/\/www.stachristiana.at\/app\/uploads\/sites\/6\/2022\/05\/logo-sta-christiana.png\",\"width\":1200,\"height\":491,\"caption\":\"Sta. Christiana - HLW und BAfEP Frohsdorf\"},\"image\":{\"@id\":\"https:\/\/www.stachristiana.at\/hlw-bafep-frohsdorf\/#\/schema\/logo\/image\/\"}}]}<\/script>\n<!-- \/ Yoast SEO plugin. -->","yoast_head_json":{"title":"Gesundheit und Beratung - HLW, BAfEP &amp; BASOP Frohsdorf","robots":{"index":"index","follow":"follow","max-snippet":"max-snippet:-1","max-image-preview":"max-image-preview:large","max-video-preview":"max-video-preview:-1"},"canonical":"https:\/\/www.stachristiana.at\/hlw-bafep-frohsdorf\/medizinisch-psychosoziale-versorgung","og_locale":"de_DE","og_type":"article","og_title":"Gesundheit und Beratung - HLW, BAfEP &amp; BASOP Frohsdorf","og_description":"Medizinisch-psychosoziale Versorgung","og_url":"https:\/\/www.stachristiana.at\/hlw-bafep-frohsdorf\/medizinisch-psychosoziale-versorgung","og_site_name":"HLW, BAfEP &amp; BASOP Frohsdorf","article_modified_time":"2025-12-17T06:51:48+00:00","og_image":[{"width":1200,"height":491,"url":"https:\/\/www.stachristiana.at\/app\/uploads\/sites\/6\/2022\/05\/logo-sta-christiana.png","type":"image\/png"}],"twitter_card":"summary_large_image","twitter_misc":{"Gesch\u00e4tzte Lesezeit":"1\u00a0Minute"},"schema":{"@context":"https:\/\/schema.org","@graph":[{"@type":"WebPage","@id":"https:\/\/www.stachristiana.at\/hlw-bafep-frohsdorf\/medizinisch-psychosoziale-versorgung","url":"https:\/\/www.stachristiana.at\/hlw-bafep-frohsdorf\/medizinisch-psychosoziale-versorgung","name":"Gesundheit und Beratung - HLW, BAfEP &amp; BASOP Frohsdorf","isPartOf":{"@id":"https:\/\/www.stachristiana.at\/hlw-bafep-frohsdorf\/#website"},"datePublished":"2025-12-02T08:05:19+00:00","dateModified":"2025-12-17T06:51:48+00:00","breadcrumb":{"@id":"https:\/\/www.stachristiana.at\/hlw-bafep-frohsdorf\/medizinisch-psychosoziale-versorgung#breadcrumb"},"inLanguage":"de","potentialAction":[{"@type":"ReadAction","target":["https:\/\/www.stachristiana.at\/hlw-bafep-frohsdorf\/medizinisch-psychosoziale-versorgung"]}]},{"@type":"BreadcrumbList","@id":"https:\/\/www.stachristiana.at\/hlw-bafep-frohsdorf\/medizinisch-psychosoziale-versorgung#breadcrumb","itemListElement":[{"@type":"ListItem","position":1,"name":"Start","item":"https:\/\/www.stachristiana.at\/"},{"@type":"ListItem","position":2,"name":"Gesundheit und Beratung"}]},{"@type":"WebSite","@id":"https:\/\/www.stachristiana.at\/hlw-bafep-frohsdorf\/#website","url":"https:\/\/www.stachristiana.at\/hlw-bafep-frohsdorf\/","name":"Sta. Christiana - HLW - BAfEP Frohsdorf","description":"H\u00f6here Lehranstalt, Fachschule und Aufbaulehrgang f\u00fcr wirtschaftliche Berufe und Bildungsanstalt und Kolleg f\u00fcr Elementarp\u00e4dagogik","publisher":{"@id":"https:\/\/www.stachristiana.at\/hlw-bafep-frohsdorf\/#organization"},"alternateName":"Sta. Christiana","potentialAction":[{"@type":"SearchAction","target":{"@type":"EntryPoint","urlTemplate":"https:\/\/www.stachristiana.at\/hlw-bafep-frohsdorf\/?s={search_term_string}"},"query-input":{"@type":"PropertyValueSpecification","valueRequired":true,"valueName":"search_term_string"}}],"inLanguage":"de"},{"@type":"Organization","@id":"https:\/\/www.stachristiana.at\/hlw-bafep-frohsdorf\/#organization","name":"Sta. Christiana - HLW und BAfEP Frohsdorf","alternateName":"Sta. Christiana","url":"https:\/\/www.stachristiana.at\/hlw-bafep-frohsdorf\/","logo":{"@type":"ImageObject","inLanguage":"de","@id":"https:\/\/www.stachristiana.at\/hlw-bafep-frohsdorf\/#\/schema\/logo\/image\/","url":"https:\/\/www.stachristiana.at\/app\/uploads\/sites\/6\/2022\/05\/logo-sta-christiana.png","contentUrl":"https:\/\/www.stachristiana.at\/app\/uploads\/sites\/6\/2022\/05\/logo-sta-christiana.png","width":1200,"height":491,"caption":"Sta. Christiana - HLW und BAfEP Frohsdorf"},"image":{"@id":"https:\/\/www.stachristiana.at\/hlw-bafep-frohsdorf\/#\/schema\/logo\/image\/"}}]}},"_links":{"self":[{"href":"https:\/\/www.stachristiana.at\/hlw-bafep-frohsdorf\/wp-json\/wp\/v2\/pages\/3165","targetHints":{"allow":["GET"]}}],"collection":[{"href":"https:\/\/www.stachristiana.at\/hlw-bafep-frohsdorf\/wp-json\/wp\/v2\/pages"}],"about":[{"href":"https:\/\/www.stachristiana.at\/hlw-bafep-frohsdorf\/wp-json\/wp\/v2\/types\/page"}],"author":[{"embeddable":true,"href":"https:\/\/www.stachristiana.at\/hlw-bafep-frohsdorf\/wp-json\/wp\/v2\/users\/16"}],"replies":[{"embeddable":true,"href":"https:\/\/www.stachristiana.at\/hlw-bafep-frohsdorf\/wp-json\/wp\/v2\/comments?post=3165"}],"version-history":[{"count":4,"href":"https:\/\/www.stachristiana.at\/hlw-bafep-frohsdorf\/wp-json\/wp\/v2\/pages\/3165\/revisions"}],"predecessor-version":[{"id":3212,"href":"https:\/\/www.stachristiana.at\/hlw-bafep-frohsdorf\/wp-json\/wp\/v2\/pages\/3165\/revisions\/3212"}],"wp:attachment":[{"href":"https:\/\/www.stachristiana.at\/hlw-bafep-frohsdorf\/wp-json\/wp\/v2\/media?parent=3165"}],"curies":[{"name":"wp","href":"https:\/\/api.w.org\/{rel}","templated":true}]}}