{"id":3164,"date":"2025-12-02T09:04:11","date_gmt":"2025-12-02T08:04:11","guid":{"rendered":"https:\/\/www.stachristiana.at\/hlw-bafep-frohsdorf\/?page_id=3164"},"modified":"2025-12-17T07:52:07","modified_gmt":"2025-12-17T06:52:07","slug":"facility-management","status":"publish","type":"page","link":"https:\/\/www.stachristiana.at\/hlw-bafep-frohsdorf\/facility-management","title":{"rendered":"Facility Management"},"content":{"rendered":"\n<p><\/p>\n\n\n\n<h2 class=\"wp-block-heading\">Hausverwaltung<\/h2>\n\n\n\n<p>Ein historisches Haus wie unser Schulcampus bedeutet laufend in Reparatur- und Instandhaltungsma\u00dfnahmen zu investieren. <\/p>\n\n\n\n<p>Neben vielen dazu notwendigen Unternehmen \u00fcberwiegend aus der Region, ist f\u00fcr die Aufrechterhaltung des Schulbetriebes aber auch ein engagiertes Team am Campus erforderlich, das im Hintergrund, meist ohne allzu wahrgenommen zu werden, viele kleine T\u00e4tigkeiten verrichtet. <\/p>\n\n\n\n<p>Neben klassischen organisatorischen und administrativen Aufgaben z\u00e4hlen insbesondere auch die t\u00e4gliche Objektreinigung, diverse Wartungsarbeiten und kleinere Reparaturen in den Geb\u00e4uden, die Pflege unseres gro\u00dfen Au\u00dfenareales, sowie die t\u00e4glich frische Zubereitung der Verpflegung dazu. <\/p>\n\n\n\n<p>Nur mit einem guten Miteinander und eingespielten Arbeitsabl\u00e4ufen kann ein so gro\u00dfes Haus wie unseres kontinuierlich am Laufen gehalten werden<\/p>\n\n\n\n<div id=\"persons-block_1511bcac854b9f41e3fdd5d3c2287c28\" class=\"persons-list\">\n\t\t\t\t\n\t\t<div class=\"persons-list-item person-teacher\">\n\t\t\t<figure class=\"person-photo\"><img loading=\"lazy\" decoding=\"async\" width=\"100\" height=\"132\" src=\"https:\/\/www.stachristiana.at\/app\/uploads\/sites\/6\/2023\/01\/fuerster.jpg\" class=\"attachment-full size-full wp-post-image\" alt=\"\" srcset=\"https:\/\/www.stachristiana.at\/app\/uploads\/sites\/6\/2023\/01\/fuerster.jpg 100w, https:\/\/www.stachristiana.at\/app\/uploads\/sites\/6\/2023\/01\/fuerster-57x75.jpg 57w\" sizes=\"auto, (max-width: 100px) 100vw, 100px\" \/><\/figure>\n\t\t\t<div class=\"person-data\">\n\t\t\t\t<h2 class=\"person-name\">Ing. Hans-J\u00fcrgen F\u00fcrster<\/h2>\n\t\t\t\t<p class=\"person-position\">Verwaltung<\/p>\n\t\t\t\t<p class=\"person-descr\">Tel.: 02627-45235-19<\/p>\t\t\t\t<a href=\"mailto:hans-juergen.fuerster@stachristiana.at\" class=\"person-email\" title=\"Email an hans-juergen.fuerster@stachristiana.at\">\n\t\t\t\t\t<i class=\"fa fa-envelope\" aria-hidden=\"true\"><\/i>\n\t\t\t\t<\/a>\n\t\t\t\t\t\t\t<\/div>\n\t\t<\/div>\n\t\t\t\t\t\n\t\t<div class=\"persons-list-item person-teacher\">\n\t\t\t<figure class=\"person-photo\"><img loading=\"lazy\" decoding=\"async\" width=\"200\" height=\"299\" src=\"https:\/\/www.stachristiana.at\/app\/uploads\/sites\/6\/2023\/01\/Foto.jpg\" class=\"attachment-full size-full wp-post-image\" alt=\"\" srcset=\"https:\/\/www.stachristiana.at\/app\/uploads\/sites\/6\/2023\/01\/Foto.jpg 200w, https:\/\/www.stachristiana.at\/app\/uploads\/sites\/6\/2023\/01\/Foto-50x75.jpg 50w\" sizes=\"auto, (max-width: 200px) 100vw, 200px\" \/><\/figure>\n\t\t\t<div class=\"person-data\">\n\t\t\t\t<h2 class=\"person-name\">Cornelia Puchegger<\/h2>\n\t\t\t\t<p class=\"person-position\">Sekretariat\/Schulgeld<\/p>\n\t\t\t\t<p class=\"person-descr\">B\u00fcrozeiten\r\nMO 7.30 \u2013 15.00 und DI \u2013FR: 7.30 \u2013 12.30\r\nTel.: 02627-45235-17<\/p>\t\t\t\t<a href=\"mailto:cornelia.puchegger@stachristiana.at\" class=\"person-email\" title=\"Email an cornelia.puchegger@stachristiana.at\">\n\t\t\t\t\t<i class=\"fa fa-envelope\" aria-hidden=\"true\"><\/i>\n\t\t\t\t<\/a>\n\t\t\t\t\t\t\t<\/div>\n\t\t<\/div>\n\t\t\t\t\t\n\t\t<div class=\"persons-list-item person-teacher\">\n\t\t\t<figure class=\"person-photo\"><img loading=\"lazy\" decoding=\"async\" width=\"200\" height=\"235\" src=\"https:\/\/www.stachristiana.at\/app\/uploads\/sites\/6\/2024\/01\/kemenesi.jpg\" class=\"attachment-full size-full wp-post-image\" alt=\"\" srcset=\"https:\/\/www.stachristiana.at\/app\/uploads\/sites\/6\/2024\/01\/kemenesi.jpg 200w, https:\/\/www.stachristiana.at\/app\/uploads\/sites\/6\/2024\/01\/kemenesi-64x75.jpg 64w\" sizes=\"auto, (max-width: 200px) 100vw, 200px\" \/><\/figure>\n\t\t\t<div class=\"person-data\">\n\t\t\t\t<h2 class=\"person-name\">Richard Kemenesi<\/h2>\n\t\t\t\t<p class=\"person-position\">Schulwart<\/p>\n\t\t\t\t<p class=\"person-descr\">Tel: 0650-62 65 481<\/p>\t\t\t\t<a href=\"mailto:schulwart.frohsdorf@stachristiana.at\" class=\"person-email\" title=\"Email an schulwart.frohsdorf@stachristiana.at\">\n\t\t\t\t\t<i class=\"fa fa-envelope\" aria-hidden=\"true\"><\/i>\n\t\t\t\t<\/a>\n\t\t\t\t\t\t\t<\/div>\n\t\t<\/div>\n\t\t\t\t\t\n\t\t<div class=\"persons-list-item person-teacher\">\n\t\t\t<figure class=\"person-photo\"><img loading=\"lazy\" decoding=\"async\" width=\"1024\" height=\"768\" src=\"https:\/\/www.stachristiana.at\/app\/uploads\/sites\/6\/2023\/01\/BK.jpg\" class=\"attachment-full size-full wp-post-image\" alt=\"\" srcset=\"https:\/\/www.stachristiana.at\/app\/uploads\/sites\/6\/2023\/01\/BK.jpg 1024w, https:\/\/www.stachristiana.at\/app\/uploads\/sites\/6\/2023\/01\/BK-400x300.jpg 400w, https:\/\/www.stachristiana.at\/app\/uploads\/sites\/6\/2023\/01\/BK-768x576.jpg 768w, https:\/\/www.stachristiana.at\/app\/uploads\/sites\/6\/2023\/01\/BK-613x460.jpg 613w, https:\/\/www.stachristiana.at\/app\/uploads\/sites\/6\/2023\/01\/BK-100x75.jpg 100w\" sizes=\"auto, (max-width: 1024px) 100vw, 1024px\" \/><\/figure>\n\t\t\t<div class=\"person-data\">\n\t\t\t\t<h2 class=\"person-name\">Betriebslehrk\u00fcche<\/h2>\n\t\t\t\t<p class=\"person-position\">Ermira Pireci, Johannes Bammer,  Susanne Wiedenhofer<\/p>\n\t\t\t\t\t\t\t<\/div>\n\t\t<\/div>\n\t\t\t\t\t\n\t\t<div class=\"persons-list-item person-teacher\">\n\t\t\t<figure class=\"person-photo\"><img loading=\"lazy\" decoding=\"async\" width=\"1573\" height=\"1130\" src=\"https:\/\/www.stachristiana.at\/app\/uploads\/sites\/6\/2023\/01\/Reinigungspersonal-1.jpg\" class=\"attachment-full size-full wp-post-image\" alt=\"\" srcset=\"https:\/\/www.stachristiana.at\/app\/uploads\/sites\/6\/2023\/01\/Reinigungspersonal-1.jpg 1573w, https:\/\/www.stachristiana.at\/app\/uploads\/sites\/6\/2023\/01\/Reinigungspersonal-1-400x287.jpg 400w, https:\/\/www.stachristiana.at\/app\/uploads\/sites\/6\/2023\/01\/Reinigungspersonal-1-1024x736.jpg 1024w, https:\/\/www.stachristiana.at\/app\/uploads\/sites\/6\/2023\/01\/Reinigungspersonal-1-768x552.jpg 768w, https:\/\/www.stachristiana.at\/app\/uploads\/sites\/6\/2023\/01\/Reinigungspersonal-1-1536x1103.jpg 1536w, https:\/\/www.stachristiana.at\/app\/uploads\/sites\/6\/2023\/01\/Reinigungspersonal-1-640x460.jpg 640w, https:\/\/www.stachristiana.at\/app\/uploads\/sites\/6\/2023\/01\/Reinigungspersonal-1-104x75.jpg 104w\" sizes=\"auto, (max-width: 1573px) 100vw, 1573px\" \/><\/figure>\n\t\t\t<div class=\"person-data\">\n\t\t\t\t<h2 class=\"person-name\">Reinigung<\/h2>\n\t\t\t\t<p class=\"person-position\">Silvia Kreppenhofer, Tamara F\u00fcrst, Mejzine Muji-Tara, Andrea Wallner, Zehra Akar, Saliha Duvnjak<\/p>\n\t\t\t\t\t\t\t<\/div>\n\t\t<\/div>\n\t\t<\/div>\n\n\n\n<p><strong>Schulgeldverrechnung<\/strong><\/p>\n\n\n\n<p>Die Schulgeldverrechnung und Buchhaltung ist f\u00fcr viele Aufgaben und Personen eine wichtige Anlaufstelle. Neben den damit verbundenen T\u00e4tigkeiten unterst\u00fctzt sie uns in administrativen Belangen. Dabei k\u00fcmmert sie sich mit Hingabe und einem stets netten Wort um die Anliegen der Sch\u00fcler:innen, Erziehungsberechtigten und Lehrer:innen!<\/p>\n\n\n\n<p><strong>Betriebsk\u00fcche<\/strong><\/p>\n\n\n\n<p>Mit viel Liebe werden von unserem K\u00fcchenteam ein reichhaltiges Jausenangebot sowie gesunde warme Speisen zubereitet. Geachtet wird dabei auf die Herkunft sowie die Frische der Zutaten. Dies und ein genau abgestimmter Men\u00fcplan zeichnet unsere K\u00fcche aus, die infolge dessen auch die Zertifizierung \u201eVitalk\u00fcche\u201c erhalten hat!<\/p>\n\n\n\n<p><strong>Hauswart<\/strong><\/p>\n\n\n\n<p>Einer der meist ben\u00f6tigten Personen bei uns im Haus ist unser Schulwart. Der Allrounder hat t\u00e4glich unterschiedlichste Aufgaben und T\u00e4tigkeiten im und rund um das Haus zu erledigen!<\/p>\n\n\n\n<p><strong>Geb\u00e4udereinigung<\/strong><\/p>\n\n\n\n<p>Die t\u00e4gliche Reinigung ist eine Aufgabe, deren Wichtigkeit und Anstrengung oft untersch\u00e4tzt wird. Das Team sorgt nicht nur daf\u00fcr, dass die Klassenzimmer, sondern auch alle anderen R\u00e4umlichkeiten immer sauber sind. Dabei werden t\u00e4glich ca. 5.250m\u00b2 ben\u00fctzter Fl\u00e4che gereinigt!<\/p>\n\n\n\n<p><\/p>\n","protected":false},"excerpt":{"rendered":"<p>Hausverwaltung Ein historisches Haus wie unser Schulcampus bedeutet laufend in Reparatur- und Instandhaltungsma\u00dfnahmen zu investieren. Neben vielen dazu notwendigen Unternehmen \u00fcberwiegend aus der Region, ist f\u00fcr die Aufrechterhaltung des Schulbetriebes aber auch ein engagiertes Team am Campus erforderlich, das im Hintergrund, meist ohne allzu wahrgenommen zu werden, viele kleine T\u00e4tigkeiten verrichtet. Neben klassischen organisatorischen und [&hellip;]<\/p>\n","protected":false},"author":16,"featured_media":0,"parent":0,"menu_order":0,"comment_status":"closed","ping_status":"closed","template":"","meta":{"footnotes":""},"class_list":["post-3164","page","type-page","status-publish","hentry"],"acf":[],"yoast_head":"<!-- This site is optimized with the Yoast SEO plugin v26.8 - https:\/\/yoast.com\/product\/yoast-seo-wordpress\/ -->\n<title>Facility Management - HLW, BAfEP &amp; BASOP Frohsdorf<\/title>\n<meta name=\"robots\" content=\"index, follow, max-snippet:-1, max-image-preview:large, max-video-preview:-1\" \/>\n<link rel=\"canonical\" href=\"https:\/\/www.stachristiana.at\/hlw-bafep-frohsdorf\/facility-management\" \/>\n<meta property=\"og:locale\" content=\"de_DE\" \/>\n<meta property=\"og:type\" content=\"article\" \/>\n<meta property=\"og:title\" content=\"Facility Management - HLW, BAfEP &amp; BASOP Frohsdorf\" \/>\n<meta property=\"og:description\" content=\"Hausverwaltung Ein historisches Haus wie unser Schulcampus bedeutet laufend in Reparatur- und Instandhaltungsma\u00dfnahmen zu investieren. Neben vielen dazu notwendigen Unternehmen \u00fcberwiegend aus der Region, ist f\u00fcr die Aufrechterhaltung des Schulbetriebes aber auch ein engagiertes Team am Campus erforderlich, das im Hintergrund, meist ohne allzu wahrgenommen zu werden, viele kleine T\u00e4tigkeiten verrichtet. Neben klassischen organisatorischen und [&hellip;]\" \/>\n<meta property=\"og:url\" content=\"https:\/\/www.stachristiana.at\/hlw-bafep-frohsdorf\/facility-management\" \/>\n<meta property=\"og:site_name\" content=\"HLW, BAfEP &amp; BASOP Frohsdorf\" \/>\n<meta property=\"article:modified_time\" content=\"2025-12-17T06:52:07+00:00\" \/>\n<meta property=\"og:image\" content=\"https:\/\/www.stachristiana.at\/app\/uploads\/sites\/6\/2022\/05\/logo-sta-christiana.png\" \/>\n\t<meta property=\"og:image:width\" content=\"1200\" \/>\n\t<meta property=\"og:image:height\" content=\"491\" \/>\n\t<meta property=\"og:image:type\" content=\"image\/png\" \/>\n<meta name=\"twitter:card\" content=\"summary_large_image\" \/>\n<meta name=\"twitter:label1\" content=\"Gesch\u00e4tzte Lesezeit\" \/>\n\t<meta name=\"twitter:data1\" content=\"2\u00a0Minuten\" \/>\n<script type=\"application\/ld+json\" class=\"yoast-schema-graph\">{\"@context\":\"https:\/\/schema.org\",\"@graph\":[{\"@type\":\"WebPage\",\"@id\":\"https:\/\/www.stachristiana.at\/hlw-bafep-frohsdorf\/facility-management\",\"url\":\"https:\/\/www.stachristiana.at\/hlw-bafep-frohsdorf\/facility-management\",\"name\":\"Facility Management - HLW, BAfEP &amp; BASOP Frohsdorf\",\"isPartOf\":{\"@id\":\"https:\/\/www.stachristiana.at\/hlw-bafep-frohsdorf\/#website\"},\"datePublished\":\"2025-12-02T08:04:11+00:00\",\"dateModified\":\"2025-12-17T06:52:07+00:00\",\"breadcrumb\":{\"@id\":\"https:\/\/www.stachristiana.at\/hlw-bafep-frohsdorf\/facility-management#breadcrumb\"},\"inLanguage\":\"de\",\"potentialAction\":[{\"@type\":\"ReadAction\",\"target\":[\"https:\/\/www.stachristiana.at\/hlw-bafep-frohsdorf\/facility-management\"]}]},{\"@type\":\"BreadcrumbList\",\"@id\":\"https:\/\/www.stachristiana.at\/hlw-bafep-frohsdorf\/facility-management#breadcrumb\",\"itemListElement\":[{\"@type\":\"ListItem\",\"position\":1,\"name\":\"Start\",\"item\":\"https:\/\/www.stachristiana.at\/\"},{\"@type\":\"ListItem\",\"position\":2,\"name\":\"Facility Management\"}]},{\"@type\":\"WebSite\",\"@id\":\"https:\/\/www.stachristiana.at\/hlw-bafep-frohsdorf\/#website\",\"url\":\"https:\/\/www.stachristiana.at\/hlw-bafep-frohsdorf\/\",\"name\":\"Sta. Christiana - HLW - BAfEP Frohsdorf\",\"description\":\"H\u00f6here Lehranstalt, Fachschule und Aufbaulehrgang f\u00fcr wirtschaftliche Berufe und Bildungsanstalt und Kolleg f\u00fcr Elementarp\u00e4dagogik\",\"publisher\":{\"@id\":\"https:\/\/www.stachristiana.at\/hlw-bafep-frohsdorf\/#organization\"},\"alternateName\":\"Sta. Christiana\",\"potentialAction\":[{\"@type\":\"SearchAction\",\"target\":{\"@type\":\"EntryPoint\",\"urlTemplate\":\"https:\/\/www.stachristiana.at\/hlw-bafep-frohsdorf\/?s={search_term_string}\"},\"query-input\":{\"@type\":\"PropertyValueSpecification\",\"valueRequired\":true,\"valueName\":\"search_term_string\"}}],\"inLanguage\":\"de\"},{\"@type\":\"Organization\",\"@id\":\"https:\/\/www.stachristiana.at\/hlw-bafep-frohsdorf\/#organization\",\"name\":\"Sta. Christiana - HLW und BAfEP Frohsdorf\",\"alternateName\":\"Sta. Christiana\",\"url\":\"https:\/\/www.stachristiana.at\/hlw-bafep-frohsdorf\/\",\"logo\":{\"@type\":\"ImageObject\",\"inLanguage\":\"de\",\"@id\":\"https:\/\/www.stachristiana.at\/hlw-bafep-frohsdorf\/#\/schema\/logo\/image\/\",\"url\":\"https:\/\/www.stachristiana.at\/app\/uploads\/sites\/6\/2022\/05\/logo-sta-christiana.png\",\"contentUrl\":\"https:\/\/www.stachristiana.at\/app\/uploads\/sites\/6\/2022\/05\/logo-sta-christiana.png\",\"width\":1200,\"height\":491,\"caption\":\"Sta. Christiana - HLW und BAfEP Frohsdorf\"},\"image\":{\"@id\":\"https:\/\/www.stachristiana.at\/hlw-bafep-frohsdorf\/#\/schema\/logo\/image\/\"}}]}<\/script>\n<!-- \/ Yoast SEO plugin. -->","yoast_head_json":{"title":"Facility Management - HLW, BAfEP &amp; BASOP Frohsdorf","robots":{"index":"index","follow":"follow","max-snippet":"max-snippet:-1","max-image-preview":"max-image-preview:large","max-video-preview":"max-video-preview:-1"},"canonical":"https:\/\/www.stachristiana.at\/hlw-bafep-frohsdorf\/facility-management","og_locale":"de_DE","og_type":"article","og_title":"Facility Management - HLW, BAfEP &amp; BASOP Frohsdorf","og_description":"Hausverwaltung Ein historisches Haus wie unser Schulcampus bedeutet laufend in Reparatur- und Instandhaltungsma\u00dfnahmen zu investieren. Neben vielen dazu notwendigen Unternehmen \u00fcberwiegend aus der Region, ist f\u00fcr die Aufrechterhaltung des Schulbetriebes aber auch ein engagiertes Team am Campus erforderlich, das im Hintergrund, meist ohne allzu wahrgenommen zu werden, viele kleine T\u00e4tigkeiten verrichtet. Neben klassischen organisatorischen und [&hellip;]","og_url":"https:\/\/www.stachristiana.at\/hlw-bafep-frohsdorf\/facility-management","og_site_name":"HLW, BAfEP &amp; BASOP Frohsdorf","article_modified_time":"2025-12-17T06:52:07+00:00","og_image":[{"width":1200,"height":491,"url":"https:\/\/www.stachristiana.at\/app\/uploads\/sites\/6\/2022\/05\/logo-sta-christiana.png","type":"image\/png"}],"twitter_card":"summary_large_image","twitter_misc":{"Gesch\u00e4tzte Lesezeit":"2\u00a0Minuten"},"schema":{"@context":"https:\/\/schema.org","@graph":[{"@type":"WebPage","@id":"https:\/\/www.stachristiana.at\/hlw-bafep-frohsdorf\/facility-management","url":"https:\/\/www.stachristiana.at\/hlw-bafep-frohsdorf\/facility-management","name":"Facility Management - HLW, BAfEP &amp; BASOP Frohsdorf","isPartOf":{"@id":"https:\/\/www.stachristiana.at\/hlw-bafep-frohsdorf\/#website"},"datePublished":"2025-12-02T08:04:11+00:00","dateModified":"2025-12-17T06:52:07+00:00","breadcrumb":{"@id":"https:\/\/www.stachristiana.at\/hlw-bafep-frohsdorf\/facility-management#breadcrumb"},"inLanguage":"de","potentialAction":[{"@type":"ReadAction","target":["https:\/\/www.stachristiana.at\/hlw-bafep-frohsdorf\/facility-management"]}]},{"@type":"BreadcrumbList","@id":"https:\/\/www.stachristiana.at\/hlw-bafep-frohsdorf\/facility-management#breadcrumb","itemListElement":[{"@type":"ListItem","position":1,"name":"Start","item":"https:\/\/www.stachristiana.at\/"},{"@type":"ListItem","position":2,"name":"Facility Management"}]},{"@type":"WebSite","@id":"https:\/\/www.stachristiana.at\/hlw-bafep-frohsdorf\/#website","url":"https:\/\/www.stachristiana.at\/hlw-bafep-frohsdorf\/","name":"Sta. Christiana - HLW - BAfEP Frohsdorf","description":"H\u00f6here Lehranstalt, Fachschule und Aufbaulehrgang f\u00fcr wirtschaftliche Berufe und Bildungsanstalt und Kolleg f\u00fcr Elementarp\u00e4dagogik","publisher":{"@id":"https:\/\/www.stachristiana.at\/hlw-bafep-frohsdorf\/#organization"},"alternateName":"Sta. Christiana","potentialAction":[{"@type":"SearchAction","target":{"@type":"EntryPoint","urlTemplate":"https:\/\/www.stachristiana.at\/hlw-bafep-frohsdorf\/?s={search_term_string}"},"query-input":{"@type":"PropertyValueSpecification","valueRequired":true,"valueName":"search_term_string"}}],"inLanguage":"de"},{"@type":"Organization","@id":"https:\/\/www.stachristiana.at\/hlw-bafep-frohsdorf\/#organization","name":"Sta. Christiana - HLW und BAfEP Frohsdorf","alternateName":"Sta. Christiana","url":"https:\/\/www.stachristiana.at\/hlw-bafep-frohsdorf\/","logo":{"@type":"ImageObject","inLanguage":"de","@id":"https:\/\/www.stachristiana.at\/hlw-bafep-frohsdorf\/#\/schema\/logo\/image\/","url":"https:\/\/www.stachristiana.at\/app\/uploads\/sites\/6\/2022\/05\/logo-sta-christiana.png","contentUrl":"https:\/\/www.stachristiana.at\/app\/uploads\/sites\/6\/2022\/05\/logo-sta-christiana.png","width":1200,"height":491,"caption":"Sta. Christiana - HLW und BAfEP Frohsdorf"},"image":{"@id":"https:\/\/www.stachristiana.at\/hlw-bafep-frohsdorf\/#\/schema\/logo\/image\/"}}]}},"_links":{"self":[{"href":"https:\/\/www.stachristiana.at\/hlw-bafep-frohsdorf\/wp-json\/wp\/v2\/pages\/3164","targetHints":{"allow":["GET"]}}],"collection":[{"href":"https:\/\/www.stachristiana.at\/hlw-bafep-frohsdorf\/wp-json\/wp\/v2\/pages"}],"about":[{"href":"https:\/\/www.stachristiana.at\/hlw-bafep-frohsdorf\/wp-json\/wp\/v2\/types\/page"}],"author":[{"embeddable":true,"href":"https:\/\/www.stachristiana.at\/hlw-bafep-frohsdorf\/wp-json\/wp\/v2\/users\/16"}],"replies":[{"embeddable":true,"href":"https:\/\/www.stachristiana.at\/hlw-bafep-frohsdorf\/wp-json\/wp\/v2\/comments?post=3164"}],"version-history":[{"count":2,"href":"https:\/\/www.stachristiana.at\/hlw-bafep-frohsdorf\/wp-json\/wp\/v2\/pages\/3164\/revisions"}],"predecessor-version":[{"id":3213,"href":"https:\/\/www.stachristiana.at\/hlw-bafep-frohsdorf\/wp-json\/wp\/v2\/pages\/3164\/revisions\/3213"}],"wp:attachment":[{"href":"https:\/\/www.stachristiana.at\/hlw-bafep-frohsdorf\/wp-json\/wp\/v2\/media?parent=3164"}],"curies":[{"name":"wp","href":"https:\/\/api.w.org\/{rel}","templated":true}]}}