{"id":2805,"date":"2024-12-03T14:00:12","date_gmt":"2024-12-03T13:00:12","guid":{"rendered":"https:\/\/www.stachristiana.at\/hlw-bafep-frohsdorf\/?page_id=2805"},"modified":"2025-06-16T10:02:43","modified_gmt":"2025-06-16T08:02:43","slug":"kinder-und-jugendschutz","status":"publish","type":"page","link":"https:\/\/www.stachristiana.at\/hlw-bafep-frohsdorf\/kinder-und-jugendschutz","title":{"rendered":"Kinder- und Jugendschutz"},"content":{"rendered":"\n<p>Die Schule soll ein Ort sein, an dem Kinder und Jugendliche, Lehrpersonen und anderes schulisches Personal sicher und vor Gewalt gesch\u00fctzt zusammenarbeiten und sich entwickeln k\u00f6nnen. Die Verantwortung tragen alle am Schulleben beteiligten Personen gemeinsam.<\/p>\n\n\n\n<p>Wir haben dazu bis zum Ende des Schuljahres 2024\/25 ein Konzept zum Schutz von Kindern und Jugendlichen (Kinderschutzkonzept) zu erstellen.<\/p>\n\n\n\n<p>Dazu ist ein Kinderschutzteam einzurichten. Das Team hat die Aufgabe, ein Kinderschutzkonzept zu erstellen und damit zu unserem Standortkonzept zu machen und dann dem Kollegium und den Schulpartnern im SGA dar\u00fcber zu berichten. Letztendlich hat der SGA das Papier zu beschlie\u00dfen und wir haben in einen dreij\u00e4hrigen Evaluationszyklus einzusteigen.<\/p>\n\n\n\n<p>Unser Kinderschutzteam besteht aus: FV Birgit Huber, AV Daniela Winkler-Golser BEd, Dir. &#8211; Stellv. MMag. Nina Dvorak, Dir. &#8211; Stellv. Mag. Johannes Kornfeld, Mag. Dr. Elisabeth Spiess, Melanie Halwachs BEd und Mag. Georg Dolezal.<\/p>\n\n\n\n<div id=\"linklist-block_508a084c594302e3f33196eb877164ca\" class=\"linklist\">\n\t\t\n\t\t<a href=\"https:\/\/www.stachristiana.at\/app\/uploads\/sites\/6\/2025\/06\/2024_31_kinderschutzkonzept-BMBWF-1124-Bearbeitung-0525.pdf\" target=\"_blank\" class=\"linklist-item linklist-item-hellblau\">\n\t\t\tUnser Kinder-\/Jugendschutz- und Pr\u00e4ventionskonzept, beschlossen im Schulgemeinschaftsausschuss Mai 2025\t\t<\/a>\n\n\t\t\n\t\t<a href=\"https:\/\/www.stachristiana.at\/app\/uploads\/sites\/6\/2025\/06\/Leitsaetze-zum-Kinder-und-Jugendlichenschutz.pdf\" target=\"_blank\" class=\"linklist-item linklist-item-hellblau\">\n\t\t\tLeits\u00e4tze zu unserem Kinder-\/Jugendschutz- und Pr\u00e4ventionskonzept\t\t<\/a>\n\n\t\t\n\t\t<a href=\"https:\/\/www.stachristiana.at\/app\/uploads\/sites\/6\/2024\/12\/Rahmenordnung_Die_Wahrheit_wird_euch_freimachen_2021.pdf\" target=\"_blank\" class=\"linklist-item linklist-item-hellblau\">\n\t\t\tPr\u00e4ventionskonzept der ED Wien &#8222;Die Wahrheit wird Euch frei machen&#8220;\t\t<\/a>\n\n\t<\/div>\n\n\n\n<p><\/p>\n","protected":false},"excerpt":{"rendered":"<p>Die Schule soll ein Ort sein, an dem Kinder und Jugendliche, Lehrpersonen und anderes schulisches Personal sicher und vor Gewalt gesch\u00fctzt zusammenarbeiten und sich entwickeln k\u00f6nnen. Die Verantwortung tragen alle am Schulleben beteiligten Personen gemeinsam. Wir haben dazu bis zum Ende des Schuljahres 2024\/25 ein Konzept zum Schutz von Kindern und Jugendlichen (Kinderschutzkonzept) zu erstellen. [&hellip;]<\/p>\n","protected":false},"author":16,"featured_media":0,"parent":0,"menu_order":0,"comment_status":"closed","ping_status":"closed","template":"","meta":{"footnotes":""},"class_list":["post-2805","page","type-page","status-publish","hentry"],"acf":[],"yoast_head":"<!-- This site is optimized with the Yoast SEO plugin v26.8 - https:\/\/yoast.com\/product\/yoast-seo-wordpress\/ -->\n<title>Kinder- und Jugendschutz - HLW, BAfEP &amp; BASOP Frohsdorf<\/title>\n<meta name=\"robots\" content=\"index, follow, max-snippet:-1, max-image-preview:large, max-video-preview:-1\" \/>\n<link rel=\"canonical\" href=\"https:\/\/www.stachristiana.at\/hlw-bafep-frohsdorf\/kinder-und-jugendschutz\" \/>\n<meta property=\"og:locale\" content=\"de_DE\" \/>\n<meta property=\"og:type\" content=\"article\" \/>\n<meta property=\"og:title\" content=\"Kinder- und Jugendschutz - HLW, BAfEP &amp; BASOP Frohsdorf\" \/>\n<meta property=\"og:description\" content=\"Die Schule soll ein Ort sein, an dem Kinder und Jugendliche, Lehrpersonen und anderes schulisches Personal sicher und vor Gewalt gesch\u00fctzt zusammenarbeiten und sich entwickeln k\u00f6nnen. Die Verantwortung tragen alle am Schulleben beteiligten Personen gemeinsam. Wir haben dazu bis zum Ende des Schuljahres 2024\/25 ein Konzept zum Schutz von Kindern und Jugendlichen (Kinderschutzkonzept) zu erstellen. [&hellip;]\" \/>\n<meta property=\"og:url\" content=\"https:\/\/www.stachristiana.at\/hlw-bafep-frohsdorf\/kinder-und-jugendschutz\" \/>\n<meta property=\"og:site_name\" content=\"HLW, BAfEP &amp; BASOP Frohsdorf\" \/>\n<meta property=\"article:modified_time\" content=\"2025-06-16T08:02:43+00:00\" \/>\n<meta property=\"og:image\" content=\"https:\/\/www.stachristiana.at\/app\/uploads\/sites\/6\/2022\/05\/logo-sta-christiana.png\" \/>\n\t<meta property=\"og:image:width\" content=\"1200\" \/>\n\t<meta property=\"og:image:height\" content=\"491\" \/>\n\t<meta property=\"og:image:type\" content=\"image\/png\" \/>\n<meta name=\"twitter:card\" content=\"summary_large_image\" \/>\n<meta name=\"twitter:label1\" content=\"Gesch\u00e4tzte Lesezeit\" \/>\n\t<meta name=\"twitter:data1\" content=\"1\u00a0Minute\" \/>\n<script type=\"application\/ld+json\" class=\"yoast-schema-graph\">{\"@context\":\"https:\/\/schema.org\",\"@graph\":[{\"@type\":\"WebPage\",\"@id\":\"https:\/\/www.stachristiana.at\/hlw-bafep-frohsdorf\/kinder-und-jugendschutz\",\"url\":\"https:\/\/www.stachristiana.at\/hlw-bafep-frohsdorf\/kinder-und-jugendschutz\",\"name\":\"Kinder- und Jugendschutz - HLW, BAfEP &amp; BASOP Frohsdorf\",\"isPartOf\":{\"@id\":\"https:\/\/www.stachristiana.at\/hlw-bafep-frohsdorf\/#website\"},\"datePublished\":\"2024-12-03T13:00:12+00:00\",\"dateModified\":\"2025-06-16T08:02:43+00:00\",\"breadcrumb\":{\"@id\":\"https:\/\/www.stachristiana.at\/hlw-bafep-frohsdorf\/kinder-und-jugendschutz#breadcrumb\"},\"inLanguage\":\"de\",\"potentialAction\":[{\"@type\":\"ReadAction\",\"target\":[\"https:\/\/www.stachristiana.at\/hlw-bafep-frohsdorf\/kinder-und-jugendschutz\"]}]},{\"@type\":\"BreadcrumbList\",\"@id\":\"https:\/\/www.stachristiana.at\/hlw-bafep-frohsdorf\/kinder-und-jugendschutz#breadcrumb\",\"itemListElement\":[{\"@type\":\"ListItem\",\"position\":1,\"name\":\"Start\",\"item\":\"https:\/\/www.stachristiana.at\/\"},{\"@type\":\"ListItem\",\"position\":2,\"name\":\"Kinder- und Jugendschutz\"}]},{\"@type\":\"WebSite\",\"@id\":\"https:\/\/www.stachristiana.at\/hlw-bafep-frohsdorf\/#website\",\"url\":\"https:\/\/www.stachristiana.at\/hlw-bafep-frohsdorf\/\",\"name\":\"Sta. Christiana - HLW - BAfEP Frohsdorf\",\"description\":\"H\u00f6here Lehranstalt, Fachschule und Aufbaulehrgang f\u00fcr wirtschaftliche Berufe und Bildungsanstalt und Kolleg f\u00fcr Elementarp\u00e4dagogik\",\"publisher\":{\"@id\":\"https:\/\/www.stachristiana.at\/hlw-bafep-frohsdorf\/#organization\"},\"alternateName\":\"Sta. Christiana\",\"potentialAction\":[{\"@type\":\"SearchAction\",\"target\":{\"@type\":\"EntryPoint\",\"urlTemplate\":\"https:\/\/www.stachristiana.at\/hlw-bafep-frohsdorf\/?s={search_term_string}\"},\"query-input\":{\"@type\":\"PropertyValueSpecification\",\"valueRequired\":true,\"valueName\":\"search_term_string\"}}],\"inLanguage\":\"de\"},{\"@type\":\"Organization\",\"@id\":\"https:\/\/www.stachristiana.at\/hlw-bafep-frohsdorf\/#organization\",\"name\":\"Sta. Christiana - HLW und BAfEP Frohsdorf\",\"alternateName\":\"Sta. Christiana\",\"url\":\"https:\/\/www.stachristiana.at\/hlw-bafep-frohsdorf\/\",\"logo\":{\"@type\":\"ImageObject\",\"inLanguage\":\"de\",\"@id\":\"https:\/\/www.stachristiana.at\/hlw-bafep-frohsdorf\/#\/schema\/logo\/image\/\",\"url\":\"https:\/\/www.stachristiana.at\/app\/uploads\/sites\/6\/2022\/05\/logo-sta-christiana.png\",\"contentUrl\":\"https:\/\/www.stachristiana.at\/app\/uploads\/sites\/6\/2022\/05\/logo-sta-christiana.png\",\"width\":1200,\"height\":491,\"caption\":\"Sta. Christiana - HLW und BAfEP Frohsdorf\"},\"image\":{\"@id\":\"https:\/\/www.stachristiana.at\/hlw-bafep-frohsdorf\/#\/schema\/logo\/image\/\"}}]}<\/script>\n<!-- \/ Yoast SEO plugin. -->","yoast_head_json":{"title":"Kinder- und Jugendschutz - HLW, BAfEP &amp; BASOP Frohsdorf","robots":{"index":"index","follow":"follow","max-snippet":"max-snippet:-1","max-image-preview":"max-image-preview:large","max-video-preview":"max-video-preview:-1"},"canonical":"https:\/\/www.stachristiana.at\/hlw-bafep-frohsdorf\/kinder-und-jugendschutz","og_locale":"de_DE","og_type":"article","og_title":"Kinder- und Jugendschutz - HLW, BAfEP &amp; BASOP Frohsdorf","og_description":"Die Schule soll ein Ort sein, an dem Kinder und Jugendliche, Lehrpersonen und anderes schulisches Personal sicher und vor Gewalt gesch\u00fctzt zusammenarbeiten und sich entwickeln k\u00f6nnen. Die Verantwortung tragen alle am Schulleben beteiligten Personen gemeinsam. Wir haben dazu bis zum Ende des Schuljahres 2024\/25 ein Konzept zum Schutz von Kindern und Jugendlichen (Kinderschutzkonzept) zu erstellen. [&hellip;]","og_url":"https:\/\/www.stachristiana.at\/hlw-bafep-frohsdorf\/kinder-und-jugendschutz","og_site_name":"HLW, BAfEP &amp; BASOP Frohsdorf","article_modified_time":"2025-06-16T08:02:43+00:00","og_image":[{"width":1200,"height":491,"url":"https:\/\/www.stachristiana.at\/app\/uploads\/sites\/6\/2022\/05\/logo-sta-christiana.png","type":"image\/png"}],"twitter_card":"summary_large_image","twitter_misc":{"Gesch\u00e4tzte Lesezeit":"1\u00a0Minute"},"schema":{"@context":"https:\/\/schema.org","@graph":[{"@type":"WebPage","@id":"https:\/\/www.stachristiana.at\/hlw-bafep-frohsdorf\/kinder-und-jugendschutz","url":"https:\/\/www.stachristiana.at\/hlw-bafep-frohsdorf\/kinder-und-jugendschutz","name":"Kinder- und Jugendschutz - HLW, BAfEP &amp; BASOP Frohsdorf","isPartOf":{"@id":"https:\/\/www.stachristiana.at\/hlw-bafep-frohsdorf\/#website"},"datePublished":"2024-12-03T13:00:12+00:00","dateModified":"2025-06-16T08:02:43+00:00","breadcrumb":{"@id":"https:\/\/www.stachristiana.at\/hlw-bafep-frohsdorf\/kinder-und-jugendschutz#breadcrumb"},"inLanguage":"de","potentialAction":[{"@type":"ReadAction","target":["https:\/\/www.stachristiana.at\/hlw-bafep-frohsdorf\/kinder-und-jugendschutz"]}]},{"@type":"BreadcrumbList","@id":"https:\/\/www.stachristiana.at\/hlw-bafep-frohsdorf\/kinder-und-jugendschutz#breadcrumb","itemListElement":[{"@type":"ListItem","position":1,"name":"Start","item":"https:\/\/www.stachristiana.at\/"},{"@type":"ListItem","position":2,"name":"Kinder- und Jugendschutz"}]},{"@type":"WebSite","@id":"https:\/\/www.stachristiana.at\/hlw-bafep-frohsdorf\/#website","url":"https:\/\/www.stachristiana.at\/hlw-bafep-frohsdorf\/","name":"Sta. Christiana - HLW - BAfEP Frohsdorf","description":"H\u00f6here Lehranstalt, Fachschule und Aufbaulehrgang f\u00fcr wirtschaftliche Berufe und Bildungsanstalt und Kolleg f\u00fcr Elementarp\u00e4dagogik","publisher":{"@id":"https:\/\/www.stachristiana.at\/hlw-bafep-frohsdorf\/#organization"},"alternateName":"Sta. Christiana","potentialAction":[{"@type":"SearchAction","target":{"@type":"EntryPoint","urlTemplate":"https:\/\/www.stachristiana.at\/hlw-bafep-frohsdorf\/?s={search_term_string}"},"query-input":{"@type":"PropertyValueSpecification","valueRequired":true,"valueName":"search_term_string"}}],"inLanguage":"de"},{"@type":"Organization","@id":"https:\/\/www.stachristiana.at\/hlw-bafep-frohsdorf\/#organization","name":"Sta. Christiana - HLW und BAfEP Frohsdorf","alternateName":"Sta. Christiana","url":"https:\/\/www.stachristiana.at\/hlw-bafep-frohsdorf\/","logo":{"@type":"ImageObject","inLanguage":"de","@id":"https:\/\/www.stachristiana.at\/hlw-bafep-frohsdorf\/#\/schema\/logo\/image\/","url":"https:\/\/www.stachristiana.at\/app\/uploads\/sites\/6\/2022\/05\/logo-sta-christiana.png","contentUrl":"https:\/\/www.stachristiana.at\/app\/uploads\/sites\/6\/2022\/05\/logo-sta-christiana.png","width":1200,"height":491,"caption":"Sta. Christiana - HLW und BAfEP Frohsdorf"},"image":{"@id":"https:\/\/www.stachristiana.at\/hlw-bafep-frohsdorf\/#\/schema\/logo\/image\/"}}]}},"_links":{"self":[{"href":"https:\/\/www.stachristiana.at\/hlw-bafep-frohsdorf\/wp-json\/wp\/v2\/pages\/2805","targetHints":{"allow":["GET"]}}],"collection":[{"href":"https:\/\/www.stachristiana.at\/hlw-bafep-frohsdorf\/wp-json\/wp\/v2\/pages"}],"about":[{"href":"https:\/\/www.stachristiana.at\/hlw-bafep-frohsdorf\/wp-json\/wp\/v2\/types\/page"}],"author":[{"embeddable":true,"href":"https:\/\/www.stachristiana.at\/hlw-bafep-frohsdorf\/wp-json\/wp\/v2\/users\/16"}],"replies":[{"embeddable":true,"href":"https:\/\/www.stachristiana.at\/hlw-bafep-frohsdorf\/wp-json\/wp\/v2\/comments?post=2805"}],"version-history":[{"count":12,"href":"https:\/\/www.stachristiana.at\/hlw-bafep-frohsdorf\/wp-json\/wp\/v2\/pages\/2805\/revisions"}],"predecessor-version":[{"id":2964,"href":"https:\/\/www.stachristiana.at\/hlw-bafep-frohsdorf\/wp-json\/wp\/v2\/pages\/2805\/revisions\/2964"}],"wp:attachment":[{"href":"https:\/\/www.stachristiana.at\/hlw-bafep-frohsdorf\/wp-json\/wp\/v2\/media?parent=2805"}],"curies":[{"name":"wp","href":"https:\/\/api.w.org\/{rel}","templated":true}]}}