{"id":2547,"date":"2024-08-01T18:45:26","date_gmt":"2024-08-01T16:45:26","guid":{"rendered":"https:\/\/www.stachristiana.at\/hlw-bafep-frohsdorf\/?page_id=2547"},"modified":"2026-01-19T09:40:58","modified_gmt":"2026-01-19T08:40:58","slug":"bildungsanstalt-fuer-sozialpaedagogik","status":"publish","type":"page","link":"https:\/\/www.stachristiana.at\/hlw-bafep-frohsdorf\/was-wir-bieten\/bildungsanstalt-fuer-sozialpaedagogik","title":{"rendered":"Bildungsanstalt f\u00fcr Sozialp\u00e4dagogik"},"content":{"rendered":"\n<p><strong>Schule auf selber Augenh\u00f6he. Angstfreies Lernen in famili\u00e4rer Atmosph\u00e4re.<\/strong><\/p>\n\n\n\n<h2 class=\"wp-block-heading\">Neu ab 2025\/2026 !!!<\/h2>\n\n\n\n<div id=\"linklist-block_a71ff5ee9d3ca31ecd68ff5bc43d6c71\" class=\"linklist\">\n\t\t\n\t\t<a href=\"https:\/\/www.stachristiana.at\/app\/uploads\/sites\/6\/2024\/07\/BASOP-ab-2025_2026.pdf\" target=\"_blank\" class=\"linklist-item linklist-item-hellblau\">\n\t\t\tStundentafel\t\t<\/a>\n\n\t\t\n\t\t<a href=\"https:\/\/www.stachristiana.at\/app\/uploads\/sites\/6\/2024\/12\/Eignungspruefung_Info_2025.pdf\" target=\"_blank\" class=\"linklist-item linklist-item-hellblau\">\n\t\t\tInformationen zur Eignungspr\u00fcfung\t\t<\/a>\n\n\t\t\n\t\t<a href=\"https:\/\/www.stachristiana.at\/hlw-bafep-frohsdorf\/anmeldung\" target=\"_blank\" class=\"linklist-item linklist-item-hellblau\">\n\t\t\tInformationen zur Anmeldung\t\t<\/a>\n\n\t<\/div>\n\n\n\n<h2 class=\"wp-block-heading\">Fundierte Ausbildung f\u00fcr die Arbeit mit Menschen jeden Alters<\/h2>\n\n\n\n<p>In unserer Bildungsanstalt f\u00fcr Sozialp\u00e4dagogik bieten wir eine Ausbildung, die Sch\u00fcler:innen auf anspruchsvolle T\u00e4tigkeiten im sozialen Bereich vorbereitet. Dabei wird gro\u00dfer Wert auf ein tiefes Verst\u00e4ndnis f\u00fcr zwischenmenschliche Dynamiken und soziale Strukturen gelegt.<br><\/p>\n\n\n\n<figure class=\"wp-block-image size-large\"><img loading=\"lazy\" decoding=\"async\" width=\"1024\" height=\"607\" src=\"https:\/\/www.stachristiana.at\/app\/uploads\/sites\/6\/2024\/07\/IMG_4857-1024x607.jpg\" alt=\"\" class=\"wp-image-2528\" srcset=\"https:\/\/www.stachristiana.at\/app\/uploads\/sites\/6\/2024\/07\/IMG_4857-1024x607.jpg 1024w, https:\/\/www.stachristiana.at\/app\/uploads\/sites\/6\/2024\/07\/IMG_4857-400x237.jpg 400w, https:\/\/www.stachristiana.at\/app\/uploads\/sites\/6\/2024\/07\/IMG_4857-768x455.jpg 768w, https:\/\/www.stachristiana.at\/app\/uploads\/sites\/6\/2024\/07\/IMG_4857-1536x911.jpg 1536w, https:\/\/www.stachristiana.at\/app\/uploads\/sites\/6\/2024\/07\/IMG_4857-776x460.jpg 776w, https:\/\/www.stachristiana.at\/app\/uploads\/sites\/6\/2024\/07\/IMG_4857-126x75.jpg 126w, https:\/\/www.stachristiana.at\/app\/uploads\/sites\/6\/2024\/07\/IMG_4857.jpg 1639w\" sizes=\"auto, (max-width: 1024px) 100vw, 1024px\" \/><\/figure>\n\n\n\n<h2 class=\"wp-block-heading\">Wissenserwerb und pers\u00f6nliche Entwicklung<\/h2>\n\n\n\n<p>Wir bieten ein breites Spektrum an Wissen aus verschiedenen Bereichen wie P\u00e4dagogik, Soziologie und Rechtswissenschaft. So k\u00f6nnen wir unsere Sch\u00fcler*innen umfassend ausbilden. Zus\u00e4tzlich bereichern F\u00e4cher wie Musik, Kreativit\u00e4t und Bewegung das Lehrangebot, indem sie nicht nur motorische F\u00e4higkeiten und musikalische Talente f\u00f6rdern, sondern auch wesentlich zur Pers\u00f6nlichkeitsentwicklung beitragen.<\/p>\n\n\n\n<figure class=\"wp-block-image size-full\"><img loading=\"lazy\" decoding=\"async\" width=\"3840\" height=\"5120\" src=\"https:\/\/www.stachristiana.at\/app\/uploads\/sites\/6\/2024\/08\/1.-Wahl.jpg\" alt=\"\" class=\"wp-image-2581\" srcset=\"https:\/\/www.stachristiana.at\/app\/uploads\/sites\/6\/2024\/08\/1.-Wahl.jpg 3840w, https:\/\/www.stachristiana.at\/app\/uploads\/sites\/6\/2024\/08\/1.-Wahl-300x400.jpg 300w, https:\/\/www.stachristiana.at\/app\/uploads\/sites\/6\/2024\/08\/1.-Wahl-768x1024.jpg 768w, https:\/\/www.stachristiana.at\/app\/uploads\/sites\/6\/2024\/08\/1.-Wahl-1152x1536.jpg 1152w, https:\/\/www.stachristiana.at\/app\/uploads\/sites\/6\/2024\/08\/1.-Wahl-1536x2048.jpg 1536w, https:\/\/www.stachristiana.at\/app\/uploads\/sites\/6\/2024\/08\/1.-Wahl-345x460.jpg 345w, https:\/\/www.stachristiana.at\/app\/uploads\/sites\/6\/2024\/08\/1.-Wahl-56x75.jpg 56w\" sizes=\"auto, (max-width: 3840px) 100vw, 3840px\" \/><\/figure>\n\n\n\n<p><br><\/p>\n\n\n\n<h2 class=\"wp-block-heading\">Praxisnahe Umsetzung des Erlernten<\/h2>\n\n\n\n<p>Die praktische Umsetzung dieses Wissens ist ein zentraler Punkt der Ausbildung. Sie beinhaltet Praktika in verschiedenen sozialen Einrichtungen, wo die Sch\u00fcler:innen unter Anleitung von Fachpersonal ihre Kenntnisse anwenden und erweitern k\u00f6nnen. Dies erm\u00f6glicht ihnen, wertvolle Erfahrungen im Umgang mit unterschiedlichen Zielgruppen zu sammeln.<br><\/p>\n\n\n\n<figure class=\"wp-block-image size-full\"><img loading=\"lazy\" decoding=\"async\" width=\"1024\" height=\"768\" src=\"https:\/\/www.stachristiana.at\/app\/uploads\/sites\/6\/2024\/07\/IMG-20231207-WA0004.jpg\" alt=\"\" class=\"wp-image-2529\" srcset=\"https:\/\/www.stachristiana.at\/app\/uploads\/sites\/6\/2024\/07\/IMG-20231207-WA0004.jpg 1024w, https:\/\/www.stachristiana.at\/app\/uploads\/sites\/6\/2024\/07\/IMG-20231207-WA0004-400x300.jpg 400w, https:\/\/www.stachristiana.at\/app\/uploads\/sites\/6\/2024\/07\/IMG-20231207-WA0004-768x576.jpg 768w, https:\/\/www.stachristiana.at\/app\/uploads\/sites\/6\/2024\/07\/IMG-20231207-WA0004-613x460.jpg 613w, https:\/\/www.stachristiana.at\/app\/uploads\/sites\/6\/2024\/07\/IMG-20231207-WA0004-100x75.jpg 100w\" sizes=\"auto, (max-width: 1024px) 100vw, 1024px\" \/><\/figure>\n\n\n\n<h2 class=\"wp-block-heading\">Vielf\u00e4ltige Berufsperspektiven<\/h2>\n\n\n\n<p>Die Absolventen unserer BASOP sind qualifiziert f\u00fcr eine Vielzahl von Berufsfeldern in der sozialen Arbeit, darunter Jugendarbeit, Behindertenarbeit, Familienhilfe, Suchthilfe und Schulsozialarbeit.<br>Sie haben sowohl theoretisches Wissen als auch praktische Erfahrung und k\u00f6nnen deshalb sowohl vorbeugend als auch helfend in unterschiedlichen sozialen Situationen arbeiten.<\/p>\n","protected":false},"excerpt":{"rendered":"<p>Schule auf selber Augenh\u00f6he. Angstfreies Lernen in famili\u00e4rer Atmosph\u00e4re. Neu ab 2025\/2026 !!! Fundierte Ausbildung f\u00fcr die Arbeit mit Menschen jeden Alters In unserer Bildungsanstalt f\u00fcr Sozialp\u00e4dagogik bieten wir eine Ausbildung, die Sch\u00fcler:innen auf anspruchsvolle T\u00e4tigkeiten im sozialen Bereich vorbereitet. Dabei wird gro\u00dfer Wert auf ein tiefes Verst\u00e4ndnis f\u00fcr zwischenmenschliche Dynamiken und soziale Strukturen gelegt. [&hellip;]<\/p>\n","protected":false},"author":5,"featured_media":0,"parent":144,"menu_order":1,"comment_status":"closed","ping_status":"closed","template":"","meta":{"footnotes":""},"class_list":["post-2547","page","type-page","status-publish","hentry"],"acf":[],"yoast_head":"<!-- This site is optimized with the Yoast SEO plugin v26.8 - https:\/\/yoast.com\/product\/yoast-seo-wordpress\/ -->\n<title>Bildungsanstalt f\u00fcr Sozialp\u00e4dagogik - HLW, BAfEP &amp; BASOP Frohsdorf<\/title>\n<meta name=\"robots\" content=\"index, follow, max-snippet:-1, max-image-preview:large, max-video-preview:-1\" \/>\n<link rel=\"canonical\" href=\"https:\/\/www.stachristiana.at\/hlw-bafep-frohsdorf\/was-wir-bieten\/bildungsanstalt-fuer-sozialpaedagogik\" \/>\n<meta property=\"og:locale\" content=\"de_DE\" \/>\n<meta property=\"og:type\" content=\"article\" \/>\n<meta property=\"og:title\" content=\"Bildungsanstalt f\u00fcr Sozialp\u00e4dagogik - HLW, BAfEP &amp; BASOP Frohsdorf\" \/>\n<meta property=\"og:description\" content=\"Schule auf selber Augenh\u00f6he. Angstfreies Lernen in famili\u00e4rer Atmosph\u00e4re. Neu ab 2025\/2026 !!! Fundierte Ausbildung f\u00fcr die Arbeit mit Menschen jeden Alters In unserer Bildungsanstalt f\u00fcr Sozialp\u00e4dagogik bieten wir eine Ausbildung, die Sch\u00fcler:innen auf anspruchsvolle T\u00e4tigkeiten im sozialen Bereich vorbereitet. Dabei wird gro\u00dfer Wert auf ein tiefes Verst\u00e4ndnis f\u00fcr zwischenmenschliche Dynamiken und soziale Strukturen gelegt. [&hellip;]\" \/>\n<meta property=\"og:url\" content=\"https:\/\/www.stachristiana.at\/hlw-bafep-frohsdorf\/was-wir-bieten\/bildungsanstalt-fuer-sozialpaedagogik\" \/>\n<meta property=\"og:site_name\" content=\"HLW, BAfEP &amp; BASOP Frohsdorf\" \/>\n<meta property=\"article:modified_time\" content=\"2026-01-19T08:40:58+00:00\" \/>\n<meta property=\"og:image\" content=\"https:\/\/www.stachristiana.at\/app\/uploads\/sites\/6\/2024\/07\/IMG_4857.jpg\" \/>\n\t<meta property=\"og:image:width\" content=\"1639\" \/>\n\t<meta property=\"og:image:height\" content=\"972\" \/>\n\t<meta property=\"og:image:type\" content=\"image\/jpeg\" \/>\n<meta name=\"twitter:card\" content=\"summary_large_image\" \/>\n<meta name=\"twitter:label1\" content=\"Gesch\u00e4tzte Lesezeit\" \/>\n\t<meta name=\"twitter:data1\" content=\"2\u00a0Minuten\" \/>\n<script type=\"application\/ld+json\" class=\"yoast-schema-graph\">{\"@context\":\"https:\/\/schema.org\",\"@graph\":[{\"@type\":\"WebPage\",\"@id\":\"https:\/\/www.stachristiana.at\/hlw-bafep-frohsdorf\/was-wir-bieten\/bildungsanstalt-fuer-sozialpaedagogik\",\"url\":\"https:\/\/www.stachristiana.at\/hlw-bafep-frohsdorf\/was-wir-bieten\/bildungsanstalt-fuer-sozialpaedagogik\",\"name\":\"Bildungsanstalt f\u00fcr Sozialp\u00e4dagogik - HLW, BAfEP &amp; BASOP Frohsdorf\",\"isPartOf\":{\"@id\":\"https:\/\/www.stachristiana.at\/hlw-bafep-frohsdorf\/#website\"},\"primaryImageOfPage\":{\"@id\":\"https:\/\/www.stachristiana.at\/hlw-bafep-frohsdorf\/was-wir-bieten\/bildungsanstalt-fuer-sozialpaedagogik#primaryimage\"},\"image\":{\"@id\":\"https:\/\/www.stachristiana.at\/hlw-bafep-frohsdorf\/was-wir-bieten\/bildungsanstalt-fuer-sozialpaedagogik#primaryimage\"},\"thumbnailUrl\":\"https:\/\/www.stachristiana.at\/app\/uploads\/sites\/6\/2024\/07\/IMG_4857-1024x607.jpg\",\"datePublished\":\"2024-08-01T16:45:26+00:00\",\"dateModified\":\"2026-01-19T08:40:58+00:00\",\"breadcrumb\":{\"@id\":\"https:\/\/www.stachristiana.at\/hlw-bafep-frohsdorf\/was-wir-bieten\/bildungsanstalt-fuer-sozialpaedagogik#breadcrumb\"},\"inLanguage\":\"de\",\"potentialAction\":[{\"@type\":\"ReadAction\",\"target\":[\"https:\/\/www.stachristiana.at\/hlw-bafep-frohsdorf\/was-wir-bieten\/bildungsanstalt-fuer-sozialpaedagogik\"]}]},{\"@type\":\"ImageObject\",\"inLanguage\":\"de\",\"@id\":\"https:\/\/www.stachristiana.at\/hlw-bafep-frohsdorf\/was-wir-bieten\/bildungsanstalt-fuer-sozialpaedagogik#primaryimage\",\"url\":\"https:\/\/www.stachristiana.at\/app\/uploads\/sites\/6\/2024\/07\/IMG_4857-1024x607.jpg\",\"contentUrl\":\"https:\/\/www.stachristiana.at\/app\/uploads\/sites\/6\/2024\/07\/IMG_4857-1024x607.jpg\"},{\"@type\":\"BreadcrumbList\",\"@id\":\"https:\/\/www.stachristiana.at\/hlw-bafep-frohsdorf\/was-wir-bieten\/bildungsanstalt-fuer-sozialpaedagogik#breadcrumb\",\"itemListElement\":[{\"@type\":\"ListItem\",\"position\":1,\"name\":\"Start\",\"item\":\"https:\/\/www.stachristiana.at\/\"},{\"@type\":\"ListItem\",\"position\":2,\"name\":\"Was wir bieten\",\"item\":\"https:\/\/www.stachristiana.at\/hlw-bafep-frohsdorf\/was-wir-bieten\"},{\"@type\":\"ListItem\",\"position\":3,\"name\":\"Bildungsanstalt f\u00fcr Sozialp\u00e4dagogik\"}]},{\"@type\":\"WebSite\",\"@id\":\"https:\/\/www.stachristiana.at\/hlw-bafep-frohsdorf\/#website\",\"url\":\"https:\/\/www.stachristiana.at\/hlw-bafep-frohsdorf\/\",\"name\":\"Sta. Christiana - HLW - BAfEP Frohsdorf\",\"description\":\"H\u00f6here Lehranstalt, Fachschule und Aufbaulehrgang f\u00fcr wirtschaftliche Berufe und Bildungsanstalt und Kolleg f\u00fcr Elementarp\u00e4dagogik\",\"publisher\":{\"@id\":\"https:\/\/www.stachristiana.at\/hlw-bafep-frohsdorf\/#organization\"},\"alternateName\":\"Sta. Christiana\",\"potentialAction\":[{\"@type\":\"SearchAction\",\"target\":{\"@type\":\"EntryPoint\",\"urlTemplate\":\"https:\/\/www.stachristiana.at\/hlw-bafep-frohsdorf\/?s={search_term_string}\"},\"query-input\":{\"@type\":\"PropertyValueSpecification\",\"valueRequired\":true,\"valueName\":\"search_term_string\"}}],\"inLanguage\":\"de\"},{\"@type\":\"Organization\",\"@id\":\"https:\/\/www.stachristiana.at\/hlw-bafep-frohsdorf\/#organization\",\"name\":\"Sta. Christiana - HLW und BAfEP Frohsdorf\",\"alternateName\":\"Sta. Christiana\",\"url\":\"https:\/\/www.stachristiana.at\/hlw-bafep-frohsdorf\/\",\"logo\":{\"@type\":\"ImageObject\",\"inLanguage\":\"de\",\"@id\":\"https:\/\/www.stachristiana.at\/hlw-bafep-frohsdorf\/#\/schema\/logo\/image\/\",\"url\":\"https:\/\/www.stachristiana.at\/app\/uploads\/sites\/6\/2022\/05\/logo-sta-christiana.png\",\"contentUrl\":\"https:\/\/www.stachristiana.at\/app\/uploads\/sites\/6\/2022\/05\/logo-sta-christiana.png\",\"width\":1200,\"height\":491,\"caption\":\"Sta. Christiana - HLW und BAfEP Frohsdorf\"},\"image\":{\"@id\":\"https:\/\/www.stachristiana.at\/hlw-bafep-frohsdorf\/#\/schema\/logo\/image\/\"}}]}<\/script>\n<!-- \/ Yoast SEO plugin. -->","yoast_head_json":{"title":"Bildungsanstalt f\u00fcr Sozialp\u00e4dagogik - HLW, BAfEP &amp; BASOP Frohsdorf","robots":{"index":"index","follow":"follow","max-snippet":"max-snippet:-1","max-image-preview":"max-image-preview:large","max-video-preview":"max-video-preview:-1"},"canonical":"https:\/\/www.stachristiana.at\/hlw-bafep-frohsdorf\/was-wir-bieten\/bildungsanstalt-fuer-sozialpaedagogik","og_locale":"de_DE","og_type":"article","og_title":"Bildungsanstalt f\u00fcr Sozialp\u00e4dagogik - HLW, BAfEP &amp; BASOP Frohsdorf","og_description":"Schule auf selber Augenh\u00f6he. Angstfreies Lernen in famili\u00e4rer Atmosph\u00e4re. Neu ab 2025\/2026 !!! Fundierte Ausbildung f\u00fcr die Arbeit mit Menschen jeden Alters In unserer Bildungsanstalt f\u00fcr Sozialp\u00e4dagogik bieten wir eine Ausbildung, die Sch\u00fcler:innen auf anspruchsvolle T\u00e4tigkeiten im sozialen Bereich vorbereitet. Dabei wird gro\u00dfer Wert auf ein tiefes Verst\u00e4ndnis f\u00fcr zwischenmenschliche Dynamiken und soziale Strukturen gelegt. [&hellip;]","og_url":"https:\/\/www.stachristiana.at\/hlw-bafep-frohsdorf\/was-wir-bieten\/bildungsanstalt-fuer-sozialpaedagogik","og_site_name":"HLW, BAfEP &amp; BASOP Frohsdorf","article_modified_time":"2026-01-19T08:40:58+00:00","og_image":[{"width":1639,"height":972,"url":"https:\/\/www.stachristiana.at\/app\/uploads\/sites\/6\/2024\/07\/IMG_4857.jpg","type":"image\/jpeg"}],"twitter_card":"summary_large_image","twitter_misc":{"Gesch\u00e4tzte Lesezeit":"2\u00a0Minuten"},"schema":{"@context":"https:\/\/schema.org","@graph":[{"@type":"WebPage","@id":"https:\/\/www.stachristiana.at\/hlw-bafep-frohsdorf\/was-wir-bieten\/bildungsanstalt-fuer-sozialpaedagogik","url":"https:\/\/www.stachristiana.at\/hlw-bafep-frohsdorf\/was-wir-bieten\/bildungsanstalt-fuer-sozialpaedagogik","name":"Bildungsanstalt f\u00fcr Sozialp\u00e4dagogik - HLW, BAfEP &amp; BASOP Frohsdorf","isPartOf":{"@id":"https:\/\/www.stachristiana.at\/hlw-bafep-frohsdorf\/#website"},"primaryImageOfPage":{"@id":"https:\/\/www.stachristiana.at\/hlw-bafep-frohsdorf\/was-wir-bieten\/bildungsanstalt-fuer-sozialpaedagogik#primaryimage"},"image":{"@id":"https:\/\/www.stachristiana.at\/hlw-bafep-frohsdorf\/was-wir-bieten\/bildungsanstalt-fuer-sozialpaedagogik#primaryimage"},"thumbnailUrl":"https:\/\/www.stachristiana.at\/app\/uploads\/sites\/6\/2024\/07\/IMG_4857-1024x607.jpg","datePublished":"2024-08-01T16:45:26+00:00","dateModified":"2026-01-19T08:40:58+00:00","breadcrumb":{"@id":"https:\/\/www.stachristiana.at\/hlw-bafep-frohsdorf\/was-wir-bieten\/bildungsanstalt-fuer-sozialpaedagogik#breadcrumb"},"inLanguage":"de","potentialAction":[{"@type":"ReadAction","target":["https:\/\/www.stachristiana.at\/hlw-bafep-frohsdorf\/was-wir-bieten\/bildungsanstalt-fuer-sozialpaedagogik"]}]},{"@type":"ImageObject","inLanguage":"de","@id":"https:\/\/www.stachristiana.at\/hlw-bafep-frohsdorf\/was-wir-bieten\/bildungsanstalt-fuer-sozialpaedagogik#primaryimage","url":"https:\/\/www.stachristiana.at\/app\/uploads\/sites\/6\/2024\/07\/IMG_4857-1024x607.jpg","contentUrl":"https:\/\/www.stachristiana.at\/app\/uploads\/sites\/6\/2024\/07\/IMG_4857-1024x607.jpg"},{"@type":"BreadcrumbList","@id":"https:\/\/www.stachristiana.at\/hlw-bafep-frohsdorf\/was-wir-bieten\/bildungsanstalt-fuer-sozialpaedagogik#breadcrumb","itemListElement":[{"@type":"ListItem","position":1,"name":"Start","item":"https:\/\/www.stachristiana.at\/"},{"@type":"ListItem","position":2,"name":"Was wir bieten","item":"https:\/\/www.stachristiana.at\/hlw-bafep-frohsdorf\/was-wir-bieten"},{"@type":"ListItem","position":3,"name":"Bildungsanstalt f\u00fcr Sozialp\u00e4dagogik"}]},{"@type":"WebSite","@id":"https:\/\/www.stachristiana.at\/hlw-bafep-frohsdorf\/#website","url":"https:\/\/www.stachristiana.at\/hlw-bafep-frohsdorf\/","name":"Sta. Christiana - HLW - BAfEP Frohsdorf","description":"H\u00f6here Lehranstalt, Fachschule und Aufbaulehrgang f\u00fcr wirtschaftliche Berufe und Bildungsanstalt und Kolleg f\u00fcr Elementarp\u00e4dagogik","publisher":{"@id":"https:\/\/www.stachristiana.at\/hlw-bafep-frohsdorf\/#organization"},"alternateName":"Sta. Christiana","potentialAction":[{"@type":"SearchAction","target":{"@type":"EntryPoint","urlTemplate":"https:\/\/www.stachristiana.at\/hlw-bafep-frohsdorf\/?s={search_term_string}"},"query-input":{"@type":"PropertyValueSpecification","valueRequired":true,"valueName":"search_term_string"}}],"inLanguage":"de"},{"@type":"Organization","@id":"https:\/\/www.stachristiana.at\/hlw-bafep-frohsdorf\/#organization","name":"Sta. Christiana - HLW und BAfEP Frohsdorf","alternateName":"Sta. Christiana","url":"https:\/\/www.stachristiana.at\/hlw-bafep-frohsdorf\/","logo":{"@type":"ImageObject","inLanguage":"de","@id":"https:\/\/www.stachristiana.at\/hlw-bafep-frohsdorf\/#\/schema\/logo\/image\/","url":"https:\/\/www.stachristiana.at\/app\/uploads\/sites\/6\/2022\/05\/logo-sta-christiana.png","contentUrl":"https:\/\/www.stachristiana.at\/app\/uploads\/sites\/6\/2022\/05\/logo-sta-christiana.png","width":1200,"height":491,"caption":"Sta. Christiana - HLW und BAfEP Frohsdorf"},"image":{"@id":"https:\/\/www.stachristiana.at\/hlw-bafep-frohsdorf\/#\/schema\/logo\/image\/"}}]}},"_links":{"self":[{"href":"https:\/\/www.stachristiana.at\/hlw-bafep-frohsdorf\/wp-json\/wp\/v2\/pages\/2547","targetHints":{"allow":["GET"]}}],"collection":[{"href":"https:\/\/www.stachristiana.at\/hlw-bafep-frohsdorf\/wp-json\/wp\/v2\/pages"}],"about":[{"href":"https:\/\/www.stachristiana.at\/hlw-bafep-frohsdorf\/wp-json\/wp\/v2\/types\/page"}],"author":[{"embeddable":true,"href":"https:\/\/www.stachristiana.at\/hlw-bafep-frohsdorf\/wp-json\/wp\/v2\/users\/5"}],"replies":[{"embeddable":true,"href":"https:\/\/www.stachristiana.at\/hlw-bafep-frohsdorf\/wp-json\/wp\/v2\/comments?post=2547"}],"version-history":[{"count":12,"href":"https:\/\/www.stachristiana.at\/hlw-bafep-frohsdorf\/wp-json\/wp\/v2\/pages\/2547\/revisions"}],"predecessor-version":[{"id":3221,"href":"https:\/\/www.stachristiana.at\/hlw-bafep-frohsdorf\/wp-json\/wp\/v2\/pages\/2547\/revisions\/3221"}],"up":[{"embeddable":true,"href":"https:\/\/www.stachristiana.at\/hlw-bafep-frohsdorf\/wp-json\/wp\/v2\/pages\/144"}],"wp:attachment":[{"href":"https:\/\/www.stachristiana.at\/hlw-bafep-frohsdorf\/wp-json\/wp\/v2\/media?parent=2547"}],"curies":[{"name":"wp","href":"https:\/\/api.w.org\/{rel}","templated":true}]}}