{"id":180,"date":"2022-05-11T20:20:48","date_gmt":"2022-05-11T18:20:48","guid":{"rendered":"https:\/\/devmultisite.superfesch.at\/hlw-rodaun\/?page_id=180"},"modified":"2024-09-06T13:34:49","modified_gmt":"2024-09-06T11:34:49","slug":"leitung","status":"publish","type":"page","link":"https:\/\/www.stachristiana.at\/hlw-bafep-frohsdorf\/wer-wir-sind\/leitung","title":{"rendered":"Direktion"},"content":{"rendered":"\n<figure class=\"wp-block-image size-large\"><img loading=\"lazy\" decoding=\"async\" width=\"1024\" height=\"683\" src=\"https:\/\/www.stachristiana.at\/app\/uploads\/sites\/6\/2023\/09\/4er-20x30-1-1024x683.jpg\" alt=\"\" class=\"wp-image-1932\" srcset=\"https:\/\/www.stachristiana.at\/app\/uploads\/sites\/6\/2023\/09\/4er-20x30-1-1024x683.jpg 1024w, https:\/\/www.stachristiana.at\/app\/uploads\/sites\/6\/2023\/09\/4er-20x30-1-400x267.jpg 400w, https:\/\/www.stachristiana.at\/app\/uploads\/sites\/6\/2023\/09\/4er-20x30-1-768x512.jpg 768w, https:\/\/www.stachristiana.at\/app\/uploads\/sites\/6\/2023\/09\/4er-20x30-1-1536x1024.jpg 1536w, https:\/\/www.stachristiana.at\/app\/uploads\/sites\/6\/2023\/09\/4er-20x30-1-2048x1365.jpg 2048w, https:\/\/www.stachristiana.at\/app\/uploads\/sites\/6\/2023\/09\/4er-20x30-1-690x460.jpg 690w, https:\/\/www.stachristiana.at\/app\/uploads\/sites\/6\/2023\/09\/4er-20x30-1-113x75.jpg 113w\" sizes=\"auto, (max-width: 1024px) 100vw, 1024px\" \/><figcaption class=\"wp-element-caption\">v.l.n.r.: Dir. HR Dr. Alexander Kucera, FV DDipl-P\u00e4d. Birgit Huber, AV Daniela Winkler-Golser BEd, Admin. Mag. Roland Zenz<\/figcaption><\/figure>\n\n\n\n<p><\/p>\n\n\n\n<p>&#8222;Wenn Du ein Schiff bauen willst, so trommle nicht die M\u00e4nner zusammen, um Holz zu beschaffen und Werkzeuge vorzubereiten oder die Arbeit einzuteilen und Aufgaben zu vergeben, sondern lehre die M\u00e4nner die Sehnsucht nach dem endlosen, weiten Meer.&#8220;<br>(Antoine de Saint-\u00c9xupery)&#8220;<\/p>\n\n\n\n<p><\/p>\n\n\n\n<div id=\"persons-block_641898525fb2396883da5717f71e96a9\" class=\"persons-list\">\n\t\t\t\t<div class=\"persons-list-item person-management\">\n\t\t\t<figure class=\"person-photo\"><img loading=\"lazy\" decoding=\"async\" width=\"200\" height=\"277\" src=\"https:\/\/www.stachristiana.at\/app\/uploads\/sites\/6\/2022\/09\/DSC_7648_PerfectlyClear.jpg\" class=\"attachment-full size-full wp-post-image\" alt=\"\" srcset=\"https:\/\/www.stachristiana.at\/app\/uploads\/sites\/6\/2022\/09\/DSC_7648_PerfectlyClear.jpg 200w, https:\/\/www.stachristiana.at\/app\/uploads\/sites\/6\/2022\/09\/DSC_7648_PerfectlyClear-54x75.jpg 54w\" sizes=\"auto, (max-width: 200px) 100vw, 200px\" \/><\/figure>\n\t\t\t<div class=\"person-data\">\n\t\t\t\t<p class=\"person-position\">Direktor<\/p>\n\t\t\t\t<h2 class=\"person-name\">Kucera, Dir. HR MMag. Dr. Alexander<\/h2>\n\t\t\t\t\t\t\t\t<a href=\"mailto:alexander.kucera@stachristiana.at\" class=\"person-email\" title=\"Email an alexander.kucera@stachristiana.at\">\n\t\t\t\t\t<i class=\"fa fa-envelope\" aria-hidden=\"true\"><\/i>\n\t\t\t\t\t<span class=\"link-text\">alexander.kucera@stachristiana.at<\/span>\n\t\t\t\t<\/a>\n\t\t\t\t\t\t\t\t\n\t\t\t\t<a href=\"tel:+4326274523533\" class=\"person-phone\">\n\t\t\t\t\t<i class=\"fa fa-phone-square\" aria-hidden=\"true\"><\/i>\n\t\t\t\t\t<span class=\"link-text\">02627 452 35 33<\/span>\n\t\t\t\t<\/a>\n\t\t\t<\/div>\n\t\t<\/div>\n\n\t\t\t<div class=\"persons-list-item person-management\">\n\t\t\t<figure class=\"person-photo\"><img loading=\"lazy\" decoding=\"async\" width=\"200\" height=\"277\" src=\"https:\/\/www.stachristiana.at\/app\/uploads\/sites\/6\/2022\/09\/DSC_7645_PerfectlyClear.jpg\" class=\"attachment-full size-full wp-post-image\" alt=\"\" srcset=\"https:\/\/www.stachristiana.at\/app\/uploads\/sites\/6\/2022\/09\/DSC_7645_PerfectlyClear.jpg 200w, https:\/\/www.stachristiana.at\/app\/uploads\/sites\/6\/2022\/09\/DSC_7645_PerfectlyClear-54x75.jpg 54w\" sizes=\"auto, (max-width: 200px) 100vw, 200px\" \/><\/figure>\n\t\t\t<div class=\"person-data\">\n\t\t\t\t<p class=\"person-position\">Administrator<\/p>\n\t\t\t\t<h2 class=\"person-name\">Zenz, Mag. Roland<\/h2>\n\t\t\t\t\t\t\t\t<a href=\"mailto:roland.zenz@stachristiana.at\" class=\"person-email\" title=\"Email an roland.zenz@stachristiana.at\">\n\t\t\t\t\t<i class=\"fa fa-envelope\" aria-hidden=\"true\"><\/i>\n\t\t\t\t\t<span class=\"link-text\">roland.zenz@stachristiana.at<\/span>\n\t\t\t\t<\/a>\n\t\t\t\t\t\t\t\t\n\t\t\t\t<a href=\"tel:+4326274523531\" class=\"person-phone\">\n\t\t\t\t\t<i class=\"fa fa-phone-square\" aria-hidden=\"true\"><\/i>\n\t\t\t\t\t<span class=\"link-text\">02627 452 35 31<\/span>\n\t\t\t\t<\/a>\n\t\t\t<\/div>\n\t\t<\/div>\n\n\t\t\t<div class=\"persons-list-item person-management\">\n\t\t\t<figure class=\"person-photo\"><img loading=\"lazy\" decoding=\"async\" width=\"200\" height=\"277\" src=\"https:\/\/www.stachristiana.at\/app\/uploads\/sites\/6\/2025\/10\/A_03_.jpg\" class=\"attachment-full size-full wp-post-image\" alt=\"\" srcset=\"https:\/\/www.stachristiana.at\/app\/uploads\/sites\/6\/2025\/10\/A_03_.jpg 200w, https:\/\/www.stachristiana.at\/app\/uploads\/sites\/6\/2025\/10\/A_03_-54x75.jpg 54w\" sizes=\"auto, (max-width: 200px) 100vw, 200px\" \/><\/figure>\n\t\t\t<div class=\"person-data\">\n\t\t\t\t<p class=\"person-position\">Fachvorst\u00e4ndin HLW<\/p>\n\t\t\t\t<h2 class=\"person-name\">Huber, STR DDipl.-P\u00e4d. Birgit<\/h2>\n\t\t\t\t\t\t\t\t<a href=\"mailto:birgit.huber@stachristiana.at\" class=\"person-email\" title=\"Email an birgit.huber@stachristiana.at\">\n\t\t\t\t\t<i class=\"fa fa-envelope\" aria-hidden=\"true\"><\/i>\n\t\t\t\t\t<span class=\"link-text\">birgit.huber@stachristiana.at<\/span>\n\t\t\t\t<\/a>\n\t\t\t\t\t\t\t\t\n\t\t\t\t<a href=\"tel:+4326274523532\" class=\"person-phone\">\n\t\t\t\t\t<i class=\"fa fa-phone-square\" aria-hidden=\"true\"><\/i>\n\t\t\t\t\t<span class=\"link-text\">02627 452 35 32<\/span>\n\t\t\t\t<\/a>\n\t\t\t<\/div>\n\t\t<\/div>\n\n\t\t\t<div class=\"persons-list-item person-management\">\n\t\t\t<figure class=\"person-photo\"><img loading=\"lazy\" decoding=\"async\" width=\"1535\" height=\"2126\" src=\"https:\/\/www.stachristiana.at\/app\/uploads\/sites\/6\/2023\/01\/Personal-D_06.jpg\" class=\"attachment-full size-full wp-post-image\" alt=\"435;unknown;unknown;D;Personal;PassSet \/ 435;unknown;unknown;D;Personal;PassSet\" srcset=\"https:\/\/www.stachristiana.at\/app\/uploads\/sites\/6\/2023\/01\/Personal-D_06.jpg 1535w, https:\/\/www.stachristiana.at\/app\/uploads\/sites\/6\/2023\/01\/Personal-D_06-289x400.jpg 289w, https:\/\/www.stachristiana.at\/app\/uploads\/sites\/6\/2023\/01\/Personal-D_06-739x1024.jpg 739w, https:\/\/www.stachristiana.at\/app\/uploads\/sites\/6\/2023\/01\/Personal-D_06-768x1064.jpg 768w, https:\/\/www.stachristiana.at\/app\/uploads\/sites\/6\/2023\/01\/Personal-D_06-1109x1536.jpg 1109w, https:\/\/www.stachristiana.at\/app\/uploads\/sites\/6\/2023\/01\/Personal-D_06-1479x2048.jpg 1479w, https:\/\/www.stachristiana.at\/app\/uploads\/sites\/6\/2023\/01\/Personal-D_06-332x460.jpg 332w, https:\/\/www.stachristiana.at\/app\/uploads\/sites\/6\/2023\/01\/Personal-D_06-54x75.jpg 54w\" sizes=\"auto, (max-width: 1535px) 100vw, 1535px\" \/><\/figure>\n\t\t\t<div class=\"person-data\">\n\t\t\t\t<p class=\"person-position\">Abteilungsvorst\u00e4ndin BAfEP und BASOP<\/p>\n\t\t\t\t<h2 class=\"person-name\">Winkler-Golser, Daniela BEd<\/h2>\n\t\t\t\t\t\t\t\t<a href=\"mailto:daniela.winkler-golser@stachristiana.at\" class=\"person-email\" title=\"Email an daniela.winkler-golser@stachristiana.at\">\n\t\t\t\t\t<i class=\"fa fa-envelope\" aria-hidden=\"true\"><\/i>\n\t\t\t\t\t<span class=\"link-text\">daniela.winkler-golser@stachristiana.at<\/span>\n\t\t\t\t<\/a>\n\t\t\t\t\t\t\t\t\n\t\t\t\t<a href=\"tel:+4326274523534\" class=\"person-phone\">\n\t\t\t\t\t<i class=\"fa fa-phone-square\" aria-hidden=\"true\"><\/i>\n\t\t\t\t\t<span class=\"link-text\">02627 452 35 34<\/span>\n\t\t\t\t<\/a>\n\t\t\t<\/div>\n\t\t<\/div>\n\n\t\t\t<div class=\"persons-list-item person-management\">\n\t\t\t<figure class=\"person-photo\"><img loading=\"lazy\" decoding=\"async\" width=\"200\" height=\"277\" src=\"https:\/\/www.stachristiana.at\/app\/uploads\/sites\/6\/2022\/12\/Puchegger.jpg\" class=\"attachment-full size-full wp-post-image\" alt=\"112;unknown;unknown;1f2;ZZ;1FW \/ 112;unknown;unknown;1f2;ZZ;1FW\" srcset=\"https:\/\/www.stachristiana.at\/app\/uploads\/sites\/6\/2022\/12\/Puchegger.jpg 200w, https:\/\/www.stachristiana.at\/app\/uploads\/sites\/6\/2022\/12\/Puchegger-54x75.jpg 54w\" sizes=\"auto, (max-width: 200px) 100vw, 200px\" \/><\/figure>\n\t\t\t<div class=\"person-data\">\n\t\t\t\t<p class=\"person-position\">Sekretariat<\/p>\n\t\t\t\t<h2 class=\"person-name\">Puchegger, Cornelia<\/h2>\n\t\t\t\t\t\t\t\t<a href=\"mailto:cornelia.puchegger@stachristiana.at\" class=\"person-email\" title=\"Email an cornelia.puchegger@stachristiana.at\">\n\t\t\t\t\t<i class=\"fa fa-envelope\" aria-hidden=\"true\"><\/i>\n\t\t\t\t\t<span class=\"link-text\">cornelia.puchegger@stachristiana.at<\/span>\n\t\t\t\t<\/a>\n\t\t\t\t\t\t\t\t\n\t\t\t\t<a href=\"tel:+4326274523517\" class=\"person-phone\">\n\t\t\t\t\t<i class=\"fa fa-phone-square\" aria-hidden=\"true\"><\/i>\n\t\t\t\t\t<span class=\"link-text\">02627 45235-17<\/span>\n\t\t\t\t<\/a>\n\t\t\t<\/div>\n\t\t<\/div>\n\n<\/div>\n","protected":false},"excerpt":{"rendered":"<p>&#8222;Wenn Du ein Schiff bauen willst, so trommle nicht die M\u00e4nner zusammen, um Holz zu beschaffen und Werkzeuge vorzubereiten oder die Arbeit einzuteilen und Aufgaben zu vergeben, sondern lehre die M\u00e4nner die Sehnsucht nach dem endlosen, weiten Meer.&#8220;(Antoine de Saint-\u00c9xupery)&#8220;<\/p>\n","protected":false},"author":1,"featured_media":0,"parent":73,"menu_order":0,"comment_status":"closed","ping_status":"closed","template":"","meta":{"footnotes":""},"class_list":["post-180","page","type-page","status-publish","hentry"],"acf":[],"yoast_head":"<!-- This site is optimized with the Yoast SEO plugin v26.8 - https:\/\/yoast.com\/product\/yoast-seo-wordpress\/ -->\n<title>Direktion - HLW, BAfEP &amp; BASOP Frohsdorf<\/title>\n<meta name=\"robots\" content=\"index, follow, max-snippet:-1, max-image-preview:large, max-video-preview:-1\" \/>\n<link rel=\"canonical\" href=\"https:\/\/www.stachristiana.at\/hlw-bafep-frohsdorf\/wer-wir-sind\/leitung\" \/>\n<meta property=\"og:locale\" content=\"de_DE\" \/>\n<meta property=\"og:type\" content=\"article\" \/>\n<meta property=\"og:title\" content=\"Direktion - HLW, BAfEP &amp; BASOP Frohsdorf\" \/>\n<meta property=\"og:description\" content=\"&#8222;Wenn Du ein Schiff bauen willst, so trommle nicht die M\u00e4nner zusammen, um Holz zu beschaffen und Werkzeuge vorzubereiten oder die Arbeit einzuteilen und Aufgaben zu vergeben, sondern lehre die M\u00e4nner die Sehnsucht nach dem endlosen, weiten Meer.&#8220;(Antoine de Saint-\u00c9xupery)&#8220;\" \/>\n<meta property=\"og:url\" content=\"https:\/\/www.stachristiana.at\/hlw-bafep-frohsdorf\/wer-wir-sind\/leitung\" \/>\n<meta property=\"og:site_name\" content=\"HLW, BAfEP &amp; BASOP Frohsdorf\" \/>\n<meta property=\"article:modified_time\" content=\"2024-09-06T11:34:49+00:00\" \/>\n<meta property=\"og:image\" content=\"https:\/\/www.stachristiana.at\/app\/uploads\/sites\/6\/2023\/09\/4er-20x30-1-1024x683.jpg\" \/>\n<meta name=\"twitter:card\" content=\"summary_large_image\" \/>\n<meta name=\"twitter:label1\" content=\"Gesch\u00e4tzte Lesezeit\" \/>\n\t<meta name=\"twitter:data1\" content=\"1\u00a0Minute\" \/>\n<script type=\"application\/ld+json\" class=\"yoast-schema-graph\">{\"@context\":\"https:\/\/schema.org\",\"@graph\":[{\"@type\":\"WebPage\",\"@id\":\"https:\/\/www.stachristiana.at\/hlw-bafep-frohsdorf\/wer-wir-sind\/leitung\",\"url\":\"https:\/\/www.stachristiana.at\/hlw-bafep-frohsdorf\/wer-wir-sind\/leitung\",\"name\":\"Direktion - HLW, BAfEP &amp; BASOP Frohsdorf\",\"isPartOf\":{\"@id\":\"https:\/\/www.stachristiana.at\/hlw-bafep-frohsdorf\/#website\"},\"primaryImageOfPage\":{\"@id\":\"https:\/\/www.stachristiana.at\/hlw-bafep-frohsdorf\/wer-wir-sind\/leitung#primaryimage\"},\"image\":{\"@id\":\"https:\/\/www.stachristiana.at\/hlw-bafep-frohsdorf\/wer-wir-sind\/leitung#primaryimage\"},\"thumbnailUrl\":\"https:\/\/www.stachristiana.at\/app\/uploads\/sites\/6\/2023\/09\/4er-20x30-1-1024x683.jpg\",\"datePublished\":\"2022-05-11T18:20:48+00:00\",\"dateModified\":\"2024-09-06T11:34:49+00:00\",\"breadcrumb\":{\"@id\":\"https:\/\/www.stachristiana.at\/hlw-bafep-frohsdorf\/wer-wir-sind\/leitung#breadcrumb\"},\"inLanguage\":\"de\",\"potentialAction\":[{\"@type\":\"ReadAction\",\"target\":[\"https:\/\/www.stachristiana.at\/hlw-bafep-frohsdorf\/wer-wir-sind\/leitung\"]}]},{\"@type\":\"ImageObject\",\"inLanguage\":\"de\",\"@id\":\"https:\/\/www.stachristiana.at\/hlw-bafep-frohsdorf\/wer-wir-sind\/leitung#primaryimage\",\"url\":\"https:\/\/www.stachristiana.at\/app\/uploads\/sites\/6\/2023\/09\/4er-20x30-1-1024x683.jpg\",\"contentUrl\":\"https:\/\/www.stachristiana.at\/app\/uploads\/sites\/6\/2023\/09\/4er-20x30-1-1024x683.jpg\"},{\"@type\":\"BreadcrumbList\",\"@id\":\"https:\/\/www.stachristiana.at\/hlw-bafep-frohsdorf\/wer-wir-sind\/leitung#breadcrumb\",\"itemListElement\":[{\"@type\":\"ListItem\",\"position\":1,\"name\":\"Start\",\"item\":\"https:\/\/www.stachristiana.at\/\"},{\"@type\":\"ListItem\",\"position\":2,\"name\":\"Wer wir sind\",\"item\":\"https:\/\/www.stachristiana.at\/hlw-bafep-frohsdorf\/wer-wir-sind\"},{\"@type\":\"ListItem\",\"position\":3,\"name\":\"Direktion\"}]},{\"@type\":\"WebSite\",\"@id\":\"https:\/\/www.stachristiana.at\/hlw-bafep-frohsdorf\/#website\",\"url\":\"https:\/\/www.stachristiana.at\/hlw-bafep-frohsdorf\/\",\"name\":\"Sta. Christiana - HLW - BAfEP Frohsdorf\",\"description\":\"H\u00f6here Lehranstalt, Fachschule und Aufbaulehrgang f\u00fcr wirtschaftliche Berufe und Bildungsanstalt und Kolleg f\u00fcr Elementarp\u00e4dagogik\",\"publisher\":{\"@id\":\"https:\/\/www.stachristiana.at\/hlw-bafep-frohsdorf\/#organization\"},\"alternateName\":\"Sta. Christiana\",\"potentialAction\":[{\"@type\":\"SearchAction\",\"target\":{\"@type\":\"EntryPoint\",\"urlTemplate\":\"https:\/\/www.stachristiana.at\/hlw-bafep-frohsdorf\/?s={search_term_string}\"},\"query-input\":{\"@type\":\"PropertyValueSpecification\",\"valueRequired\":true,\"valueName\":\"search_term_string\"}}],\"inLanguage\":\"de\"},{\"@type\":\"Organization\",\"@id\":\"https:\/\/www.stachristiana.at\/hlw-bafep-frohsdorf\/#organization\",\"name\":\"Sta. Christiana - HLW und BAfEP Frohsdorf\",\"alternateName\":\"Sta. Christiana\",\"url\":\"https:\/\/www.stachristiana.at\/hlw-bafep-frohsdorf\/\",\"logo\":{\"@type\":\"ImageObject\",\"inLanguage\":\"de\",\"@id\":\"https:\/\/www.stachristiana.at\/hlw-bafep-frohsdorf\/#\/schema\/logo\/image\/\",\"url\":\"https:\/\/www.stachristiana.at\/app\/uploads\/sites\/6\/2022\/05\/logo-sta-christiana.png\",\"contentUrl\":\"https:\/\/www.stachristiana.at\/app\/uploads\/sites\/6\/2022\/05\/logo-sta-christiana.png\",\"width\":1200,\"height\":491,\"caption\":\"Sta. Christiana - HLW und BAfEP Frohsdorf\"},\"image\":{\"@id\":\"https:\/\/www.stachristiana.at\/hlw-bafep-frohsdorf\/#\/schema\/logo\/image\/\"}}]}<\/script>\n<!-- \/ Yoast SEO plugin. -->","yoast_head_json":{"title":"Direktion - HLW, BAfEP &amp; BASOP Frohsdorf","robots":{"index":"index","follow":"follow","max-snippet":"max-snippet:-1","max-image-preview":"max-image-preview:large","max-video-preview":"max-video-preview:-1"},"canonical":"https:\/\/www.stachristiana.at\/hlw-bafep-frohsdorf\/wer-wir-sind\/leitung","og_locale":"de_DE","og_type":"article","og_title":"Direktion - HLW, BAfEP &amp; BASOP Frohsdorf","og_description":"&#8222;Wenn Du ein Schiff bauen willst, so trommle nicht die M\u00e4nner zusammen, um Holz zu beschaffen und Werkzeuge vorzubereiten oder die Arbeit einzuteilen und Aufgaben zu vergeben, sondern lehre die M\u00e4nner die Sehnsucht nach dem endlosen, weiten Meer.&#8220;(Antoine de Saint-\u00c9xupery)&#8220;","og_url":"https:\/\/www.stachristiana.at\/hlw-bafep-frohsdorf\/wer-wir-sind\/leitung","og_site_name":"HLW, BAfEP &amp; BASOP Frohsdorf","article_modified_time":"2024-09-06T11:34:49+00:00","og_image":[{"url":"https:\/\/www.stachristiana.at\/app\/uploads\/sites\/6\/2023\/09\/4er-20x30-1-1024x683.jpg","type":"","width":"","height":""}],"twitter_card":"summary_large_image","twitter_misc":{"Gesch\u00e4tzte Lesezeit":"1\u00a0Minute"},"schema":{"@context":"https:\/\/schema.org","@graph":[{"@type":"WebPage","@id":"https:\/\/www.stachristiana.at\/hlw-bafep-frohsdorf\/wer-wir-sind\/leitung","url":"https:\/\/www.stachristiana.at\/hlw-bafep-frohsdorf\/wer-wir-sind\/leitung","name":"Direktion - HLW, BAfEP &amp; BASOP Frohsdorf","isPartOf":{"@id":"https:\/\/www.stachristiana.at\/hlw-bafep-frohsdorf\/#website"},"primaryImageOfPage":{"@id":"https:\/\/www.stachristiana.at\/hlw-bafep-frohsdorf\/wer-wir-sind\/leitung#primaryimage"},"image":{"@id":"https:\/\/www.stachristiana.at\/hlw-bafep-frohsdorf\/wer-wir-sind\/leitung#primaryimage"},"thumbnailUrl":"https:\/\/www.stachristiana.at\/app\/uploads\/sites\/6\/2023\/09\/4er-20x30-1-1024x683.jpg","datePublished":"2022-05-11T18:20:48+00:00","dateModified":"2024-09-06T11:34:49+00:00","breadcrumb":{"@id":"https:\/\/www.stachristiana.at\/hlw-bafep-frohsdorf\/wer-wir-sind\/leitung#breadcrumb"},"inLanguage":"de","potentialAction":[{"@type":"ReadAction","target":["https:\/\/www.stachristiana.at\/hlw-bafep-frohsdorf\/wer-wir-sind\/leitung"]}]},{"@type":"ImageObject","inLanguage":"de","@id":"https:\/\/www.stachristiana.at\/hlw-bafep-frohsdorf\/wer-wir-sind\/leitung#primaryimage","url":"https:\/\/www.stachristiana.at\/app\/uploads\/sites\/6\/2023\/09\/4er-20x30-1-1024x683.jpg","contentUrl":"https:\/\/www.stachristiana.at\/app\/uploads\/sites\/6\/2023\/09\/4er-20x30-1-1024x683.jpg"},{"@type":"BreadcrumbList","@id":"https:\/\/www.stachristiana.at\/hlw-bafep-frohsdorf\/wer-wir-sind\/leitung#breadcrumb","itemListElement":[{"@type":"ListItem","position":1,"name":"Start","item":"https:\/\/www.stachristiana.at\/"},{"@type":"ListItem","position":2,"name":"Wer wir sind","item":"https:\/\/www.stachristiana.at\/hlw-bafep-frohsdorf\/wer-wir-sind"},{"@type":"ListItem","position":3,"name":"Direktion"}]},{"@type":"WebSite","@id":"https:\/\/www.stachristiana.at\/hlw-bafep-frohsdorf\/#website","url":"https:\/\/www.stachristiana.at\/hlw-bafep-frohsdorf\/","name":"Sta. Christiana - HLW - BAfEP Frohsdorf","description":"H\u00f6here Lehranstalt, Fachschule und Aufbaulehrgang f\u00fcr wirtschaftliche Berufe und Bildungsanstalt und Kolleg f\u00fcr Elementarp\u00e4dagogik","publisher":{"@id":"https:\/\/www.stachristiana.at\/hlw-bafep-frohsdorf\/#organization"},"alternateName":"Sta. Christiana","potentialAction":[{"@type":"SearchAction","target":{"@type":"EntryPoint","urlTemplate":"https:\/\/www.stachristiana.at\/hlw-bafep-frohsdorf\/?s={search_term_string}"},"query-input":{"@type":"PropertyValueSpecification","valueRequired":true,"valueName":"search_term_string"}}],"inLanguage":"de"},{"@type":"Organization","@id":"https:\/\/www.stachristiana.at\/hlw-bafep-frohsdorf\/#organization","name":"Sta. Christiana - HLW und BAfEP Frohsdorf","alternateName":"Sta. Christiana","url":"https:\/\/www.stachristiana.at\/hlw-bafep-frohsdorf\/","logo":{"@type":"ImageObject","inLanguage":"de","@id":"https:\/\/www.stachristiana.at\/hlw-bafep-frohsdorf\/#\/schema\/logo\/image\/","url":"https:\/\/www.stachristiana.at\/app\/uploads\/sites\/6\/2022\/05\/logo-sta-christiana.png","contentUrl":"https:\/\/www.stachristiana.at\/app\/uploads\/sites\/6\/2022\/05\/logo-sta-christiana.png","width":1200,"height":491,"caption":"Sta. Christiana - HLW und BAfEP Frohsdorf"},"image":{"@id":"https:\/\/www.stachristiana.at\/hlw-bafep-frohsdorf\/#\/schema\/logo\/image\/"}}]}},"_links":{"self":[{"href":"https:\/\/www.stachristiana.at\/hlw-bafep-frohsdorf\/wp-json\/wp\/v2\/pages\/180","targetHints":{"allow":["GET"]}}],"collection":[{"href":"https:\/\/www.stachristiana.at\/hlw-bafep-frohsdorf\/wp-json\/wp\/v2\/pages"}],"about":[{"href":"https:\/\/www.stachristiana.at\/hlw-bafep-frohsdorf\/wp-json\/wp\/v2\/types\/page"}],"author":[{"embeddable":true,"href":"https:\/\/www.stachristiana.at\/hlw-bafep-frohsdorf\/wp-json\/wp\/v2\/users\/1"}],"replies":[{"embeddable":true,"href":"https:\/\/www.stachristiana.at\/hlw-bafep-frohsdorf\/wp-json\/wp\/v2\/comments?post=180"}],"version-history":[{"count":19,"href":"https:\/\/www.stachristiana.at\/hlw-bafep-frohsdorf\/wp-json\/wp\/v2\/pages\/180\/revisions"}],"predecessor-version":[{"id":2669,"href":"https:\/\/www.stachristiana.at\/hlw-bafep-frohsdorf\/wp-json\/wp\/v2\/pages\/180\/revisions\/2669"}],"up":[{"embeddable":true,"href":"https:\/\/www.stachristiana.at\/hlw-bafep-frohsdorf\/wp-json\/wp\/v2\/pages\/73"}],"wp:attachment":[{"href":"https:\/\/www.stachristiana.at\/hlw-bafep-frohsdorf\/wp-json\/wp\/v2\/media?parent=180"}],"curies":[{"name":"wp","href":"https:\/\/api.w.org\/{rel}","templated":true}]}}