{"id":1788,"date":"2023-04-25T10:06:05","date_gmt":"2023-04-25T08:06:05","guid":{"rendered":"https:\/\/www.stachristiana.at\/hlw-bafep-frohsdorf\/?page_id=1788"},"modified":"2024-08-02T06:44:19","modified_gmt":"2024-08-02T04:44:19","slug":"unser-leitbild-als-bildungsanstalt-und-kolleg-fuer-elementarpaedagogik","status":"publish","type":"page","link":"https:\/\/www.stachristiana.at\/hlw-bafep-frohsdorf\/unser-leitbild-als-bildungsanstalt-und-kolleg-fuer-elementarpaedagogik","title":{"rendered":"Unser Leitbild als Bildungsanstalt und Kolleg f\u00fcr Elementar- und Sozialp\u00e4dagogik"},"content":{"rendered":"\n<p>Wir bilden Sch\u00fclerinnen und Sch\u00fcler bzw. Studierenden f\u00fcr die Bildungs- und Erziehungsaufgaben in au\u00dferschulischen und au\u00dferfamili\u00e4ren Einrichtungen aus.<\/p>\n\n\n\n<p><strong>Unser Auftrag<br><\/strong>Wir vermitteln sowohl eine fundierte Allgemeinbildung als auch jene Haltungen und Kompetenzen, die zu einer professionellen Arbeit in den jeweiligen p\u00e4dagogischen Arbeitsfeldern bef\u00e4higen und zur Universit\u00e4tsreife f\u00fchren.<\/p>\n\n\n\n<p>Ganzheitliche Bildung, Pers\u00f6nlichkeitsbildung und der Erwerb sozialer Kompetenzen sind wesentliche Ziele unserer Schulen. Lehrende und Lernende sehen die Reflexion ihres erzieherischen Handelns als Voraussetzung f\u00fcr einen kontinuierlichen Lernprozess.<\/p>\n\n\n\n<p><strong>Lehren und Lernen<br><\/strong>Als Voraussetzung f\u00fcr eine professionelle p\u00e4dagogische Arbeit in verschiedenen Berufsfeldern bieten wir fundierte Allgemeinbildung, berufsspezifische Ausbildung im p\u00e4dagogischen und didaktischen Bereich &#8211; einschlie\u00dflich interkultureller und geschlechtssensibler Erziehung \u2013 und f\u00f6rdern Kommunikationsf\u00e4higkeit, Sprachkompetenz sowie musisch \u2013 kreative F\u00e4higkeiten .<\/p>\n\n\n\n<p>Die Basis unserer Unterrichtsarbeit ist die konsequente Verkn\u00fcpfung von Theorie und Praxis.<\/p>\n\n\n\n<p>Unser Unterricht basiert auf klar formulierten Lernzielen, sorgf\u00e4ltiger Planung und Methodenvielfalt unter Nutzung effizienter Medien und Technologien. Durch vernetzten, praxisbezogenen und ergebnisorientierten Unterricht sowie durch individuelle Begleitung und F\u00f6rderung in der berufspraktischen Ausbildung tragen wir zum nachhaltigen Schulerfolg bei. Eine transparente Leistungsbeurteilung ist f\u00fcr uns selbstverst\u00e4ndlich.<\/p>\n\n\n\n<p><strong>Qualit\u00e4t<br><\/strong>Im Qualit\u00e4tsbereich \u201eLehren und Lernen&#8220; gestalten wir p\u00e4dagogisch \u2013 didaktische Prozesse zielorientiert und transparent. Diese umfassen Planung, Durchf\u00fchrung und Evaluation des Unterrichts und der Praxis sowie Leistungsbeurteilung, F\u00f6rderma\u00dfnahmen und Erziehung. Dabei sehen wir innovative und zukunftsorientierte Methoden als Basis f\u00fcr ein qualit\u00e4tsvolles Arbeiten. Voraussetzung daf\u00fcr ist die laufende Fortbildung aller an der Ausbildung Beteiligten.<\/p>\n\n\n\n<p><strong>Gesellschaftliches Umfeld<br><\/strong>Wir bereiten unsere Sch\u00fclerinnen und Sch\u00fcler bzw. Studierenden gem\u00e4\u00df unserem Bildungsauftrag auf die m\u00fcndige Teilnahme an der Gestaltung unserer Gesellschaft vor. Wir vermitteln die notwendigen Kompetenzen, damit Absolventinnen und Absolventen auf sich ver\u00e4ndernde Sozial- und Gesellschaftsstrukturen professionell reagieren k\u00f6nnen; dazu geh\u00f6ren insbesondere auch die Herausforderungen im Zusammenhang mit einer immer gr\u00f6\u00dfer werdenden Vielfalt von Lebensmodellen und Sozialstrukturen. <\/p>\n\n\n\n<p>Kritikf\u00e4higkeit, Toleranz, soziales Engagement und Verantwortlichkeit f\u00fcr sich und die Umwelt sind uns ein wesentliches Anliegen.<\/p>\n\n\n\n<p><strong>Internationalit\u00e4t<br><\/strong>Wir sehen uns als Bildungseinrichtung mit europ\u00e4ischem bzw. internationalem Bezug. Auf der Grundlage eines gefestigten Demokratiebewusstseins f\u00fchren wir unsere Sch\u00fclerinnen und Sch\u00fcler zu Mobilit\u00e4t, Weltoffenheit und interkulturellem Verst\u00e4ndnis.<\/p>\n\n\n\n<p>Nach: Leitbild der Bildungsanstalten f\u00fcr Kindergartenp\u00e4dagogik, BM:UKK Bundesministerium f\u00fcr Bildung, Unterricht und Kunst 2008<\/p>\n","protected":false},"excerpt":{"rendered":"<p>Wir bilden Sch\u00fclerinnen und Sch\u00fcler bzw. Studierenden f\u00fcr die Bildungs- und Erziehungsaufgaben in au\u00dferschulischen und au\u00dferfamili\u00e4ren Einrichtungen aus. Unser AuftragWir vermitteln sowohl eine fundierte Allgemeinbildung als auch jene Haltungen und Kompetenzen, die zu einer professionellen Arbeit in den jeweiligen p\u00e4dagogischen Arbeitsfeldern bef\u00e4higen und zur Universit\u00e4tsreife f\u00fchren. Ganzheitliche Bildung, Pers\u00f6nlichkeitsbildung und der Erwerb sozialer Kompetenzen sind [&hellip;]<\/p>\n","protected":false},"author":16,"featured_media":0,"parent":0,"menu_order":0,"comment_status":"closed","ping_status":"closed","template":"","meta":{"footnotes":""},"class_list":["post-1788","page","type-page","status-publish","hentry"],"acf":[],"yoast_head":"<!-- This site is optimized with the Yoast SEO plugin v26.8 - https:\/\/yoast.com\/product\/yoast-seo-wordpress\/ -->\n<title>Unser Leitbild als Bildungsanstalt und Kolleg f\u00fcr Elementar- und Sozialp\u00e4dagogik - HLW, BAfEP &amp; BASOP Frohsdorf<\/title>\n<meta name=\"robots\" content=\"index, follow, max-snippet:-1, max-image-preview:large, max-video-preview:-1\" \/>\n<link rel=\"canonical\" href=\"https:\/\/www.stachristiana.at\/hlw-bafep-frohsdorf\/unser-leitbild-als-bildungsanstalt-und-kolleg-fuer-elementarpaedagogik\" \/>\n<meta property=\"og:locale\" content=\"de_DE\" \/>\n<meta property=\"og:type\" content=\"article\" \/>\n<meta property=\"og:title\" content=\"Unser Leitbild als Bildungsanstalt und Kolleg f\u00fcr Elementar- und Sozialp\u00e4dagogik - HLW, BAfEP &amp; BASOP Frohsdorf\" \/>\n<meta property=\"og:description\" content=\"Wir bilden Sch\u00fclerinnen und Sch\u00fcler bzw. Studierenden f\u00fcr die Bildungs- und Erziehungsaufgaben in au\u00dferschulischen und au\u00dferfamili\u00e4ren Einrichtungen aus. Unser AuftragWir vermitteln sowohl eine fundierte Allgemeinbildung als auch jene Haltungen und Kompetenzen, die zu einer professionellen Arbeit in den jeweiligen p\u00e4dagogischen Arbeitsfeldern bef\u00e4higen und zur Universit\u00e4tsreife f\u00fchren. Ganzheitliche Bildung, Pers\u00f6nlichkeitsbildung und der Erwerb sozialer Kompetenzen sind [&hellip;]\" \/>\n<meta property=\"og:url\" content=\"https:\/\/www.stachristiana.at\/hlw-bafep-frohsdorf\/unser-leitbild-als-bildungsanstalt-und-kolleg-fuer-elementarpaedagogik\" \/>\n<meta property=\"og:site_name\" content=\"HLW, BAfEP &amp; BASOP Frohsdorf\" \/>\n<meta property=\"article:modified_time\" content=\"2024-08-02T04:44:19+00:00\" \/>\n<meta property=\"og:image\" content=\"https:\/\/www.stachristiana.at\/app\/uploads\/sites\/6\/2022\/05\/logo-sta-christiana.png\" \/>\n\t<meta property=\"og:image:width\" content=\"1200\" \/>\n\t<meta property=\"og:image:height\" content=\"491\" \/>\n\t<meta property=\"og:image:type\" content=\"image\/png\" \/>\n<meta name=\"twitter:card\" content=\"summary_large_image\" \/>\n<meta name=\"twitter:label1\" content=\"Gesch\u00e4tzte Lesezeit\" \/>\n\t<meta name=\"twitter:data1\" content=\"2\u00a0Minuten\" \/>\n<script type=\"application\/ld+json\" class=\"yoast-schema-graph\">{\"@context\":\"https:\/\/schema.org\",\"@graph\":[{\"@type\":\"WebPage\",\"@id\":\"https:\/\/www.stachristiana.at\/hlw-bafep-frohsdorf\/unser-leitbild-als-bildungsanstalt-und-kolleg-fuer-elementarpaedagogik\",\"url\":\"https:\/\/www.stachristiana.at\/hlw-bafep-frohsdorf\/unser-leitbild-als-bildungsanstalt-und-kolleg-fuer-elementarpaedagogik\",\"name\":\"Unser Leitbild als Bildungsanstalt und Kolleg f\u00fcr Elementar- und Sozialp\u00e4dagogik - HLW, BAfEP &amp; BASOP Frohsdorf\",\"isPartOf\":{\"@id\":\"https:\/\/www.stachristiana.at\/hlw-bafep-frohsdorf\/#website\"},\"datePublished\":\"2023-04-25T08:06:05+00:00\",\"dateModified\":\"2024-08-02T04:44:19+00:00\",\"breadcrumb\":{\"@id\":\"https:\/\/www.stachristiana.at\/hlw-bafep-frohsdorf\/unser-leitbild-als-bildungsanstalt-und-kolleg-fuer-elementarpaedagogik#breadcrumb\"},\"inLanguage\":\"de\",\"potentialAction\":[{\"@type\":\"ReadAction\",\"target\":[\"https:\/\/www.stachristiana.at\/hlw-bafep-frohsdorf\/unser-leitbild-als-bildungsanstalt-und-kolleg-fuer-elementarpaedagogik\"]}]},{\"@type\":\"BreadcrumbList\",\"@id\":\"https:\/\/www.stachristiana.at\/hlw-bafep-frohsdorf\/unser-leitbild-als-bildungsanstalt-und-kolleg-fuer-elementarpaedagogik#breadcrumb\",\"itemListElement\":[{\"@type\":\"ListItem\",\"position\":1,\"name\":\"Start\",\"item\":\"https:\/\/www.stachristiana.at\/\"},{\"@type\":\"ListItem\",\"position\":2,\"name\":\"Unser Leitbild als Bildungsanstalt und Kolleg f\u00fcr Elementar- und Sozialp\u00e4dagogik\"}]},{\"@type\":\"WebSite\",\"@id\":\"https:\/\/www.stachristiana.at\/hlw-bafep-frohsdorf\/#website\",\"url\":\"https:\/\/www.stachristiana.at\/hlw-bafep-frohsdorf\/\",\"name\":\"Sta. Christiana - HLW - BAfEP Frohsdorf\",\"description\":\"H\u00f6here Lehranstalt, Fachschule und Aufbaulehrgang f\u00fcr wirtschaftliche Berufe und Bildungsanstalt und Kolleg f\u00fcr Elementarp\u00e4dagogik\",\"publisher\":{\"@id\":\"https:\/\/www.stachristiana.at\/hlw-bafep-frohsdorf\/#organization\"},\"alternateName\":\"Sta. Christiana\",\"potentialAction\":[{\"@type\":\"SearchAction\",\"target\":{\"@type\":\"EntryPoint\",\"urlTemplate\":\"https:\/\/www.stachristiana.at\/hlw-bafep-frohsdorf\/?s={search_term_string}\"},\"query-input\":{\"@type\":\"PropertyValueSpecification\",\"valueRequired\":true,\"valueName\":\"search_term_string\"}}],\"inLanguage\":\"de\"},{\"@type\":\"Organization\",\"@id\":\"https:\/\/www.stachristiana.at\/hlw-bafep-frohsdorf\/#organization\",\"name\":\"Sta. Christiana - HLW und BAfEP Frohsdorf\",\"alternateName\":\"Sta. Christiana\",\"url\":\"https:\/\/www.stachristiana.at\/hlw-bafep-frohsdorf\/\",\"logo\":{\"@type\":\"ImageObject\",\"inLanguage\":\"de\",\"@id\":\"https:\/\/www.stachristiana.at\/hlw-bafep-frohsdorf\/#\/schema\/logo\/image\/\",\"url\":\"https:\/\/www.stachristiana.at\/app\/uploads\/sites\/6\/2022\/05\/logo-sta-christiana.png\",\"contentUrl\":\"https:\/\/www.stachristiana.at\/app\/uploads\/sites\/6\/2022\/05\/logo-sta-christiana.png\",\"width\":1200,\"height\":491,\"caption\":\"Sta. Christiana - HLW und BAfEP Frohsdorf\"},\"image\":{\"@id\":\"https:\/\/www.stachristiana.at\/hlw-bafep-frohsdorf\/#\/schema\/logo\/image\/\"}}]}<\/script>\n<!-- \/ Yoast SEO plugin. -->","yoast_head_json":{"title":"Unser Leitbild als Bildungsanstalt und Kolleg f\u00fcr Elementar- und Sozialp\u00e4dagogik - HLW, BAfEP &amp; BASOP Frohsdorf","robots":{"index":"index","follow":"follow","max-snippet":"max-snippet:-1","max-image-preview":"max-image-preview:large","max-video-preview":"max-video-preview:-1"},"canonical":"https:\/\/www.stachristiana.at\/hlw-bafep-frohsdorf\/unser-leitbild-als-bildungsanstalt-und-kolleg-fuer-elementarpaedagogik","og_locale":"de_DE","og_type":"article","og_title":"Unser Leitbild als Bildungsanstalt und Kolleg f\u00fcr Elementar- und Sozialp\u00e4dagogik - HLW, BAfEP &amp; BASOP Frohsdorf","og_description":"Wir bilden Sch\u00fclerinnen und Sch\u00fcler bzw. Studierenden f\u00fcr die Bildungs- und Erziehungsaufgaben in au\u00dferschulischen und au\u00dferfamili\u00e4ren Einrichtungen aus. Unser AuftragWir vermitteln sowohl eine fundierte Allgemeinbildung als auch jene Haltungen und Kompetenzen, die zu einer professionellen Arbeit in den jeweiligen p\u00e4dagogischen Arbeitsfeldern bef\u00e4higen und zur Universit\u00e4tsreife f\u00fchren. Ganzheitliche Bildung, Pers\u00f6nlichkeitsbildung und der Erwerb sozialer Kompetenzen sind [&hellip;]","og_url":"https:\/\/www.stachristiana.at\/hlw-bafep-frohsdorf\/unser-leitbild-als-bildungsanstalt-und-kolleg-fuer-elementarpaedagogik","og_site_name":"HLW, BAfEP &amp; BASOP Frohsdorf","article_modified_time":"2024-08-02T04:44:19+00:00","og_image":[{"width":1200,"height":491,"url":"https:\/\/www.stachristiana.at\/app\/uploads\/sites\/6\/2022\/05\/logo-sta-christiana.png","type":"image\/png"}],"twitter_card":"summary_large_image","twitter_misc":{"Gesch\u00e4tzte Lesezeit":"2\u00a0Minuten"},"schema":{"@context":"https:\/\/schema.org","@graph":[{"@type":"WebPage","@id":"https:\/\/www.stachristiana.at\/hlw-bafep-frohsdorf\/unser-leitbild-als-bildungsanstalt-und-kolleg-fuer-elementarpaedagogik","url":"https:\/\/www.stachristiana.at\/hlw-bafep-frohsdorf\/unser-leitbild-als-bildungsanstalt-und-kolleg-fuer-elementarpaedagogik","name":"Unser Leitbild als Bildungsanstalt und Kolleg f\u00fcr Elementar- und Sozialp\u00e4dagogik - HLW, BAfEP &amp; BASOP Frohsdorf","isPartOf":{"@id":"https:\/\/www.stachristiana.at\/hlw-bafep-frohsdorf\/#website"},"datePublished":"2023-04-25T08:06:05+00:00","dateModified":"2024-08-02T04:44:19+00:00","breadcrumb":{"@id":"https:\/\/www.stachristiana.at\/hlw-bafep-frohsdorf\/unser-leitbild-als-bildungsanstalt-und-kolleg-fuer-elementarpaedagogik#breadcrumb"},"inLanguage":"de","potentialAction":[{"@type":"ReadAction","target":["https:\/\/www.stachristiana.at\/hlw-bafep-frohsdorf\/unser-leitbild-als-bildungsanstalt-und-kolleg-fuer-elementarpaedagogik"]}]},{"@type":"BreadcrumbList","@id":"https:\/\/www.stachristiana.at\/hlw-bafep-frohsdorf\/unser-leitbild-als-bildungsanstalt-und-kolleg-fuer-elementarpaedagogik#breadcrumb","itemListElement":[{"@type":"ListItem","position":1,"name":"Start","item":"https:\/\/www.stachristiana.at\/"},{"@type":"ListItem","position":2,"name":"Unser Leitbild als Bildungsanstalt und Kolleg f\u00fcr Elementar- und Sozialp\u00e4dagogik"}]},{"@type":"WebSite","@id":"https:\/\/www.stachristiana.at\/hlw-bafep-frohsdorf\/#website","url":"https:\/\/www.stachristiana.at\/hlw-bafep-frohsdorf\/","name":"Sta. Christiana - HLW - BAfEP Frohsdorf","description":"H\u00f6here Lehranstalt, Fachschule und Aufbaulehrgang f\u00fcr wirtschaftliche Berufe und Bildungsanstalt und Kolleg f\u00fcr Elementarp\u00e4dagogik","publisher":{"@id":"https:\/\/www.stachristiana.at\/hlw-bafep-frohsdorf\/#organization"},"alternateName":"Sta. Christiana","potentialAction":[{"@type":"SearchAction","target":{"@type":"EntryPoint","urlTemplate":"https:\/\/www.stachristiana.at\/hlw-bafep-frohsdorf\/?s={search_term_string}"},"query-input":{"@type":"PropertyValueSpecification","valueRequired":true,"valueName":"search_term_string"}}],"inLanguage":"de"},{"@type":"Organization","@id":"https:\/\/www.stachristiana.at\/hlw-bafep-frohsdorf\/#organization","name":"Sta. Christiana - HLW und BAfEP Frohsdorf","alternateName":"Sta. Christiana","url":"https:\/\/www.stachristiana.at\/hlw-bafep-frohsdorf\/","logo":{"@type":"ImageObject","inLanguage":"de","@id":"https:\/\/www.stachristiana.at\/hlw-bafep-frohsdorf\/#\/schema\/logo\/image\/","url":"https:\/\/www.stachristiana.at\/app\/uploads\/sites\/6\/2022\/05\/logo-sta-christiana.png","contentUrl":"https:\/\/www.stachristiana.at\/app\/uploads\/sites\/6\/2022\/05\/logo-sta-christiana.png","width":1200,"height":491,"caption":"Sta. Christiana - HLW und BAfEP Frohsdorf"},"image":{"@id":"https:\/\/www.stachristiana.at\/hlw-bafep-frohsdorf\/#\/schema\/logo\/image\/"}}]}},"_links":{"self":[{"href":"https:\/\/www.stachristiana.at\/hlw-bafep-frohsdorf\/wp-json\/wp\/v2\/pages\/1788","targetHints":{"allow":["GET"]}}],"collection":[{"href":"https:\/\/www.stachristiana.at\/hlw-bafep-frohsdorf\/wp-json\/wp\/v2\/pages"}],"about":[{"href":"https:\/\/www.stachristiana.at\/hlw-bafep-frohsdorf\/wp-json\/wp\/v2\/types\/page"}],"author":[{"embeddable":true,"href":"https:\/\/www.stachristiana.at\/hlw-bafep-frohsdorf\/wp-json\/wp\/v2\/users\/16"}],"replies":[{"embeddable":true,"href":"https:\/\/www.stachristiana.at\/hlw-bafep-frohsdorf\/wp-json\/wp\/v2\/comments?post=1788"}],"version-history":[{"count":2,"href":"https:\/\/www.stachristiana.at\/hlw-bafep-frohsdorf\/wp-json\/wp\/v2\/pages\/1788\/revisions"}],"predecessor-version":[{"id":2557,"href":"https:\/\/www.stachristiana.at\/hlw-bafep-frohsdorf\/wp-json\/wp\/v2\/pages\/1788\/revisions\/2557"}],"wp:attachment":[{"href":"https:\/\/www.stachristiana.at\/hlw-bafep-frohsdorf\/wp-json\/wp\/v2\/media?parent=1788"}],"curies":[{"name":"wp","href":"https:\/\/api.w.org\/{rel}","templated":true}]}}