{"id":1786,"date":"2023-04-25T10:04:21","date_gmt":"2023-04-25T08:04:21","guid":{"rendered":"https:\/\/www.stachristiana.at\/hlw-bafep-frohsdorf\/?page_id=1786"},"modified":"2023-04-25T10:04:21","modified_gmt":"2023-04-25T08:04:21","slug":"unser-leitbild-als-humanberufliche-schule","status":"publish","type":"page","link":"https:\/\/www.stachristiana.at\/hlw-bafep-frohsdorf\/unser-leitbild-als-humanberufliche-schule","title":{"rendered":"Unser Leitbild als humanberufliche Schule"},"content":{"rendered":"\n<p>Als Berufsbildende mittlere und h\u00f6here Schule sind wir Teil des humanberuflichen Schulwesens.<\/p>\n\n\n\n<p><strong>Unser Auftrag<\/strong><br>Unser vielf\u00e4ltiges Bildungsangebot orientiert sich an den Anforderungen der Berufswelt und bezieht gesellschaftliche und wirtschaftliche Ver\u00e4nderungen mit ein.<br>Wir vermitteln unseren Sch\u00fclerinnen und Sch\u00fclern im Sinne einer ganzheitlichen Bildung vielf\u00e4ltige und umfassende Kompetenzen in Fachpraxis, Fachtheorie sowie Allgemeinbildung.<br>Unsere Absolventinnen und Absolventen zeichnen sich durch soziales, demokratisches und geschlechtergerechtes Verantwortungsbewusstsein und Handeln aus.<\/p>\n\n\n\n<p><strong>Lehren und Lernen<\/strong><br>Tragende S\u00e4ulen unserer Ausbildung sind Allgemeinbildung, Sprachen und Kommunikation, wirtschaftliche Bildung, Fachpraxis, Fachtheorie sowie die F\u00f6rderung der Kreativit\u00e4t.<br>Unser Unterricht basiert auf klar formulierten Lernzielen, sorgf\u00e4ltiger Planung und Methodenvielfalt unter Nutzung effizienter Medien. Wir fordern und f\u00f6rdern unsere Sch\u00fclerinnen und Sch\u00fcler entsprechend ihrer Begabung. Eine transparente Leistungsbeurteilung ist selbstverst\u00e4ndlich.<br>Wir n\u00fctzen regionale, nationale und internationale M\u00f6glichkeiten f\u00fcr Schulpartnerschaften.<\/p>\n\n\n\n<p><strong>Qualit\u00e4t<\/strong><br>Wir gestalten p\u00e4dagogisch &#8211; didaktische Prozesse zielorientiert und transparent.<br>Wir orientieren und messen uns an vergleichbaren Institutionen der beruflichen Erstausbildung.<br>Wir sorgen durch gezielte Planung f\u00fcr ein Bildungsangebot, das den Bed\u00fcrfnissen der Sch\u00fclerinnen und Sch\u00fcler sowie regionalen und \u00fcberregionalen Berufsfeldern entspricht.<\/p>\n\n\n\n<p><strong>Wirtschaft und Gesellschaft<\/strong><br>Wir bereiten unsere Sch\u00fclerinnen und Sch\u00fcler gem\u00e4\u00df unserem Bildungsauftrag auf die m\u00fcndige Teilnahme an den Entwicklungen unserer Gesellschaft vor.<br>Bei der Entwicklung unserer Bildungsangebote beachten wir die Anforderungen der Berufsfelder und sichern dies durch geeignete Abstimmungs- und Evaluationsprozesse.<br>Wesentliche Kennzeichen unserer Ausbildung sind der Praxisbezug und die Vermittlung unternehmerischen Denkens sowie einer positiven Dienstleistungsgesinnung. Die Sch\u00fclerinnen und Sch\u00fcler werden durch Praktika und gemeinsame Projekte von Schule und Wirtschaft auf die Berufswelt vorbereitet.<\/p>\n\n\n\n<p><strong>Internationalit\u00e4t<\/strong><br>Wir sehen uns als Bildungseinrichtung mit starkem europ\u00e4ischem bzw. internationalem Bezug.<br>Wir sehen uns als Bildungseinrichtung, die Sprachkompetenz und interkulturelle Handlungskompetenz fordern und f\u00f6rdern.<br>Zur erfolgreichen Europ\u00e4isierung bzw. Internationalisierung nutzen unsere Schulen s\u00e4mtliche M\u00f6glichkeiten der Teilnahme an Partnerschafts-, Mobilit\u00e4ts- und Austauschprogrammen.<br>Besondere Beachtung schenken wir der F\u00f6rderung von internationalen Praktika.<\/p>\n\n\n\n<p>Nach: Leitbild des humanberuflichen Schulwesens, BM:UKK Bundesministerium f\u00fcr Bildung, Unterricht und Kunst 2005<\/p>\n","protected":false},"excerpt":{"rendered":"<p>Als Berufsbildende mittlere und h\u00f6here Schule sind wir Teil des humanberuflichen Schulwesens. Unser AuftragUnser vielf\u00e4ltiges Bildungsangebot orientiert sich an den Anforderungen der Berufswelt und bezieht gesellschaftliche und wirtschaftliche Ver\u00e4nderungen mit ein.Wir vermitteln unseren Sch\u00fclerinnen und Sch\u00fclern im Sinne einer ganzheitlichen Bildung vielf\u00e4ltige und umfassende Kompetenzen in Fachpraxis, Fachtheorie sowie Allgemeinbildung.Unsere Absolventinnen und Absolventen zeichnen sich [&hellip;]<\/p>\n","protected":false},"author":16,"featured_media":0,"parent":0,"menu_order":0,"comment_status":"closed","ping_status":"closed","template":"","meta":{"footnotes":""},"class_list":["post-1786","page","type-page","status-publish","hentry"],"acf":[],"yoast_head":"<!-- This site is optimized with the Yoast SEO plugin v26.8 - https:\/\/yoast.com\/product\/yoast-seo-wordpress\/ -->\n<title>Unser Leitbild als humanberufliche Schule - HLW, BAfEP &amp; BASOP Frohsdorf<\/title>\n<meta name=\"robots\" content=\"index, follow, max-snippet:-1, max-image-preview:large, max-video-preview:-1\" \/>\n<link rel=\"canonical\" href=\"https:\/\/www.stachristiana.at\/hlw-bafep-frohsdorf\/unser-leitbild-als-humanberufliche-schule\" \/>\n<meta property=\"og:locale\" content=\"de_DE\" \/>\n<meta property=\"og:type\" content=\"article\" \/>\n<meta property=\"og:title\" content=\"Unser Leitbild als humanberufliche Schule - HLW, BAfEP &amp; BASOP Frohsdorf\" \/>\n<meta property=\"og:description\" content=\"Als Berufsbildende mittlere und h\u00f6here Schule sind wir Teil des humanberuflichen Schulwesens. Unser AuftragUnser vielf\u00e4ltiges Bildungsangebot orientiert sich an den Anforderungen der Berufswelt und bezieht gesellschaftliche und wirtschaftliche Ver\u00e4nderungen mit ein.Wir vermitteln unseren Sch\u00fclerinnen und Sch\u00fclern im Sinne einer ganzheitlichen Bildung vielf\u00e4ltige und umfassende Kompetenzen in Fachpraxis, Fachtheorie sowie Allgemeinbildung.Unsere Absolventinnen und Absolventen zeichnen sich [&hellip;]\" \/>\n<meta property=\"og:url\" content=\"https:\/\/www.stachristiana.at\/hlw-bafep-frohsdorf\/unser-leitbild-als-humanberufliche-schule\" \/>\n<meta property=\"og:site_name\" content=\"HLW, BAfEP &amp; BASOP Frohsdorf\" \/>\n<meta property=\"og:image\" content=\"https:\/\/www.stachristiana.at\/app\/uploads\/sites\/6\/2022\/05\/logo-sta-christiana.png\" \/>\n\t<meta property=\"og:image:width\" content=\"1200\" \/>\n\t<meta property=\"og:image:height\" content=\"491\" \/>\n\t<meta property=\"og:image:type\" content=\"image\/png\" \/>\n<meta name=\"twitter:card\" content=\"summary_large_image\" \/>\n<meta name=\"twitter:label1\" content=\"Gesch\u00e4tzte Lesezeit\" \/>\n\t<meta name=\"twitter:data1\" content=\"2\u00a0Minuten\" \/>\n<script type=\"application\/ld+json\" class=\"yoast-schema-graph\">{\"@context\":\"https:\/\/schema.org\",\"@graph\":[{\"@type\":\"WebPage\",\"@id\":\"https:\/\/www.stachristiana.at\/hlw-bafep-frohsdorf\/unser-leitbild-als-humanberufliche-schule\",\"url\":\"https:\/\/www.stachristiana.at\/hlw-bafep-frohsdorf\/unser-leitbild-als-humanberufliche-schule\",\"name\":\"Unser Leitbild als humanberufliche Schule - HLW, BAfEP &amp; BASOP Frohsdorf\",\"isPartOf\":{\"@id\":\"https:\/\/www.stachristiana.at\/hlw-bafep-frohsdorf\/#website\"},\"datePublished\":\"2023-04-25T08:04:21+00:00\",\"breadcrumb\":{\"@id\":\"https:\/\/www.stachristiana.at\/hlw-bafep-frohsdorf\/unser-leitbild-als-humanberufliche-schule#breadcrumb\"},\"inLanguage\":\"de\",\"potentialAction\":[{\"@type\":\"ReadAction\",\"target\":[\"https:\/\/www.stachristiana.at\/hlw-bafep-frohsdorf\/unser-leitbild-als-humanberufliche-schule\"]}]},{\"@type\":\"BreadcrumbList\",\"@id\":\"https:\/\/www.stachristiana.at\/hlw-bafep-frohsdorf\/unser-leitbild-als-humanberufliche-schule#breadcrumb\",\"itemListElement\":[{\"@type\":\"ListItem\",\"position\":1,\"name\":\"Start\",\"item\":\"https:\/\/www.stachristiana.at\/\"},{\"@type\":\"ListItem\",\"position\":2,\"name\":\"Unser Leitbild als humanberufliche Schule\"}]},{\"@type\":\"WebSite\",\"@id\":\"https:\/\/www.stachristiana.at\/hlw-bafep-frohsdorf\/#website\",\"url\":\"https:\/\/www.stachristiana.at\/hlw-bafep-frohsdorf\/\",\"name\":\"Sta. Christiana - HLW - BAfEP Frohsdorf\",\"description\":\"H\u00f6here Lehranstalt, Fachschule und Aufbaulehrgang f\u00fcr wirtschaftliche Berufe und Bildungsanstalt und Kolleg f\u00fcr Elementarp\u00e4dagogik\",\"publisher\":{\"@id\":\"https:\/\/www.stachristiana.at\/hlw-bafep-frohsdorf\/#organization\"},\"alternateName\":\"Sta. Christiana\",\"potentialAction\":[{\"@type\":\"SearchAction\",\"target\":{\"@type\":\"EntryPoint\",\"urlTemplate\":\"https:\/\/www.stachristiana.at\/hlw-bafep-frohsdorf\/?s={search_term_string}\"},\"query-input\":{\"@type\":\"PropertyValueSpecification\",\"valueRequired\":true,\"valueName\":\"search_term_string\"}}],\"inLanguage\":\"de\"},{\"@type\":\"Organization\",\"@id\":\"https:\/\/www.stachristiana.at\/hlw-bafep-frohsdorf\/#organization\",\"name\":\"Sta. Christiana - HLW und BAfEP Frohsdorf\",\"alternateName\":\"Sta. Christiana\",\"url\":\"https:\/\/www.stachristiana.at\/hlw-bafep-frohsdorf\/\",\"logo\":{\"@type\":\"ImageObject\",\"inLanguage\":\"de\",\"@id\":\"https:\/\/www.stachristiana.at\/hlw-bafep-frohsdorf\/#\/schema\/logo\/image\/\",\"url\":\"https:\/\/www.stachristiana.at\/app\/uploads\/sites\/6\/2022\/05\/logo-sta-christiana.png\",\"contentUrl\":\"https:\/\/www.stachristiana.at\/app\/uploads\/sites\/6\/2022\/05\/logo-sta-christiana.png\",\"width\":1200,\"height\":491,\"caption\":\"Sta. Christiana - HLW und BAfEP Frohsdorf\"},\"image\":{\"@id\":\"https:\/\/www.stachristiana.at\/hlw-bafep-frohsdorf\/#\/schema\/logo\/image\/\"}}]}<\/script>\n<!-- \/ Yoast SEO plugin. -->","yoast_head_json":{"title":"Unser Leitbild als humanberufliche Schule - HLW, BAfEP &amp; BASOP Frohsdorf","robots":{"index":"index","follow":"follow","max-snippet":"max-snippet:-1","max-image-preview":"max-image-preview:large","max-video-preview":"max-video-preview:-1"},"canonical":"https:\/\/www.stachristiana.at\/hlw-bafep-frohsdorf\/unser-leitbild-als-humanberufliche-schule","og_locale":"de_DE","og_type":"article","og_title":"Unser Leitbild als humanberufliche Schule - HLW, BAfEP &amp; BASOP Frohsdorf","og_description":"Als Berufsbildende mittlere und h\u00f6here Schule sind wir Teil des humanberuflichen Schulwesens. Unser AuftragUnser vielf\u00e4ltiges Bildungsangebot orientiert sich an den Anforderungen der Berufswelt und bezieht gesellschaftliche und wirtschaftliche Ver\u00e4nderungen mit ein.Wir vermitteln unseren Sch\u00fclerinnen und Sch\u00fclern im Sinne einer ganzheitlichen Bildung vielf\u00e4ltige und umfassende Kompetenzen in Fachpraxis, Fachtheorie sowie Allgemeinbildung.Unsere Absolventinnen und Absolventen zeichnen sich [&hellip;]","og_url":"https:\/\/www.stachristiana.at\/hlw-bafep-frohsdorf\/unser-leitbild-als-humanberufliche-schule","og_site_name":"HLW, BAfEP &amp; BASOP Frohsdorf","og_image":[{"width":1200,"height":491,"url":"https:\/\/www.stachristiana.at\/app\/uploads\/sites\/6\/2022\/05\/logo-sta-christiana.png","type":"image\/png"}],"twitter_card":"summary_large_image","twitter_misc":{"Gesch\u00e4tzte Lesezeit":"2\u00a0Minuten"},"schema":{"@context":"https:\/\/schema.org","@graph":[{"@type":"WebPage","@id":"https:\/\/www.stachristiana.at\/hlw-bafep-frohsdorf\/unser-leitbild-als-humanberufliche-schule","url":"https:\/\/www.stachristiana.at\/hlw-bafep-frohsdorf\/unser-leitbild-als-humanberufliche-schule","name":"Unser Leitbild als humanberufliche Schule - HLW, BAfEP &amp; BASOP Frohsdorf","isPartOf":{"@id":"https:\/\/www.stachristiana.at\/hlw-bafep-frohsdorf\/#website"},"datePublished":"2023-04-25T08:04:21+00:00","breadcrumb":{"@id":"https:\/\/www.stachristiana.at\/hlw-bafep-frohsdorf\/unser-leitbild-als-humanberufliche-schule#breadcrumb"},"inLanguage":"de","potentialAction":[{"@type":"ReadAction","target":["https:\/\/www.stachristiana.at\/hlw-bafep-frohsdorf\/unser-leitbild-als-humanberufliche-schule"]}]},{"@type":"BreadcrumbList","@id":"https:\/\/www.stachristiana.at\/hlw-bafep-frohsdorf\/unser-leitbild-als-humanberufliche-schule#breadcrumb","itemListElement":[{"@type":"ListItem","position":1,"name":"Start","item":"https:\/\/www.stachristiana.at\/"},{"@type":"ListItem","position":2,"name":"Unser Leitbild als humanberufliche Schule"}]},{"@type":"WebSite","@id":"https:\/\/www.stachristiana.at\/hlw-bafep-frohsdorf\/#website","url":"https:\/\/www.stachristiana.at\/hlw-bafep-frohsdorf\/","name":"Sta. Christiana - HLW - BAfEP Frohsdorf","description":"H\u00f6here Lehranstalt, Fachschule und Aufbaulehrgang f\u00fcr wirtschaftliche Berufe und Bildungsanstalt und Kolleg f\u00fcr Elementarp\u00e4dagogik","publisher":{"@id":"https:\/\/www.stachristiana.at\/hlw-bafep-frohsdorf\/#organization"},"alternateName":"Sta. Christiana","potentialAction":[{"@type":"SearchAction","target":{"@type":"EntryPoint","urlTemplate":"https:\/\/www.stachristiana.at\/hlw-bafep-frohsdorf\/?s={search_term_string}"},"query-input":{"@type":"PropertyValueSpecification","valueRequired":true,"valueName":"search_term_string"}}],"inLanguage":"de"},{"@type":"Organization","@id":"https:\/\/www.stachristiana.at\/hlw-bafep-frohsdorf\/#organization","name":"Sta. Christiana - HLW und BAfEP Frohsdorf","alternateName":"Sta. Christiana","url":"https:\/\/www.stachristiana.at\/hlw-bafep-frohsdorf\/","logo":{"@type":"ImageObject","inLanguage":"de","@id":"https:\/\/www.stachristiana.at\/hlw-bafep-frohsdorf\/#\/schema\/logo\/image\/","url":"https:\/\/www.stachristiana.at\/app\/uploads\/sites\/6\/2022\/05\/logo-sta-christiana.png","contentUrl":"https:\/\/www.stachristiana.at\/app\/uploads\/sites\/6\/2022\/05\/logo-sta-christiana.png","width":1200,"height":491,"caption":"Sta. Christiana - HLW und BAfEP Frohsdorf"},"image":{"@id":"https:\/\/www.stachristiana.at\/hlw-bafep-frohsdorf\/#\/schema\/logo\/image\/"}}]}},"_links":{"self":[{"href":"https:\/\/www.stachristiana.at\/hlw-bafep-frohsdorf\/wp-json\/wp\/v2\/pages\/1786","targetHints":{"allow":["GET"]}}],"collection":[{"href":"https:\/\/www.stachristiana.at\/hlw-bafep-frohsdorf\/wp-json\/wp\/v2\/pages"}],"about":[{"href":"https:\/\/www.stachristiana.at\/hlw-bafep-frohsdorf\/wp-json\/wp\/v2\/types\/page"}],"author":[{"embeddable":true,"href":"https:\/\/www.stachristiana.at\/hlw-bafep-frohsdorf\/wp-json\/wp\/v2\/users\/16"}],"replies":[{"embeddable":true,"href":"https:\/\/www.stachristiana.at\/hlw-bafep-frohsdorf\/wp-json\/wp\/v2\/comments?post=1786"}],"version-history":[{"count":1,"href":"https:\/\/www.stachristiana.at\/hlw-bafep-frohsdorf\/wp-json\/wp\/v2\/pages\/1786\/revisions"}],"predecessor-version":[{"id":1787,"href":"https:\/\/www.stachristiana.at\/hlw-bafep-frohsdorf\/wp-json\/wp\/v2\/pages\/1786\/revisions\/1787"}],"wp:attachment":[{"href":"https:\/\/www.stachristiana.at\/hlw-bafep-frohsdorf\/wp-json\/wp\/v2\/media?parent=1786"}],"curies":[{"name":"wp","href":"https:\/\/api.w.org\/{rel}","templated":true}]}}