{"id":1784,"date":"2023-04-25T10:03:09","date_gmt":"2023-04-25T08:03:09","guid":{"rendered":"https:\/\/www.stachristiana.at\/hlw-bafep-frohsdorf\/?page_id=1784"},"modified":"2023-04-25T10:03:09","modified_gmt":"2023-04-25T08:03:09","slug":"unser-leitbild-als-katholische-privatschule","status":"publish","type":"page","link":"https:\/\/www.stachristiana.at\/hlw-bafep-frohsdorf\/unser-leitbild-als-katholische-privatschule","title":{"rendered":"Unser Leitbild als Katholische Privatschule"},"content":{"rendered":"\n<h2 class=\"wp-block-heading\">Unser Leitbild als Katholische Privatschule<\/h2>\n\n\n\n<p>Als von einem katholischen Schwesternorden vor \u00fcber 160 Jahren gegr\u00fcndete Schule sind wir eine konfessionelle Privatschule und damit Mitglied der Gemeinschaft der katholischen Privatschulen.<\/p>\n\n\n\n<p><strong>Beitrag zur Menschwerdung des Menschen<\/strong><br>Angesichts eines gewissen \u00d6konomismus, der europaweit sehr pragmatische Bildungskonzepte wachsen l\u00e4sst, darf Bildung gerade in einer Katholischen Schule ihr prim\u00e4res Ziel nicht aus den Augen verlieren, umfassend und grundlegend zur &#8222;Menschwerdung des Menschen&#8220; beizutragen. Gerade im Bereich der Bildung gilt es jenes menschliche Ma\u00df ernst zu nehmen, um das weltweit immer wieder neu zu ringen ist.<\/p>\n\n\n\n<p><strong>Das christliche Bild vom Menschen<\/strong><br>Das Herzst\u00fcck unserer christlichen Orientierung ist der Glaube an die unverwechselbare und unverf\u00fcgbare W\u00fcrde jedes Menschen aufgrund seiner Gottebenbildlichkeit. Schule muss immer ein Raum sein, in dem der Mensch diese eigentliche Gestalt seines Menschseins entfalten kann. So muss sich also aufgrund des christlichen Menschenbildes die Katholische Schule dem Anspruch stellen, ihr Wirken so zu gestalten, dass sie &#8222;die Person in ihrer umfassenden, transzendentalen und geschichtlichen Identit\u00e4t im Mittelpunkt h\u00e4lt&#8220;, wie es die Bildungskongregation ausgedr\u00fcckt hat.<\/p>\n\n\n\n<p><strong>Religion hat immer die Ganzheit im Auge<\/strong><br>Die katholische Schule setzt auf ein Bildungskonzept, das auf dem traditionellen Begriff von Bildung basiert, der ja immer schon nicht nur den Erwerb von Wissen, sondern auch die Aneignung von Grundhaltungen einschlie\u00dft. Ein aus diesem Anspruch heraus konzipiertes, wahrhaft ganzheitliches Bildungskonzept ist komplex, zielt es doch darauf ab, die zur Zeit verstreuten Aspekte der europ\u00e4ischen Kultur zu einer auf menschliche Bildung ausgerichteten Synthese zusammenzufassen, die f\u00fcr die geistigen Werte offen ist und die W\u00fcrde der Person achtet.<\/p>\n\n\n\n<p><strong>Der etwas h\u00f6here Anspruch<\/strong><br>Worin besteht nun zusammenfassend dieses Mehr, das &#8222;Magis&#8220;, das die Katholische Schule anbietet und das sie sich selbst abverlangt? Mehr Distanz zu Konsumzwang, Konformit\u00e4t und vielfach unbedankter Selbstverst\u00e4ndlichkeit unserer Lebenswelt. Ein wenig mehr Misstrauen gegen\u00fcber der Anma\u00dfung, alles organisieren und in den Griff bekommen zu k\u00f6nnen. Ein bisschen mehr an Wissen, dass man die wirklich entscheidenden Dinge im Leben immer noch und sicher auch in Zukunft geschenkt bekommt. Ein wenig mehr Sorge f\u00fcreinander gegen\u00fcber einer Selbstbezogenheit, deren Preis oft Vereinsamung ist. Etwas mehr Weitblick, weil es sich auszahlt, die Welt und die Menschen mit den liebevollen Augen Gottes zu betrachten. Ein wenig mehr Freude, weil wir, in Gott geborgen ruhend, allen Grund dazu haben. Letztlich ein wenig mehr Hoffnung und Anspruch im &#8211; auch p\u00e4dagogischen &#8211; Alltag und ein wenig mehr Beheimatung in einer guten Gemeinschaft.<\/p>\n\n\n\n<p>Nach: Kardinal Dr. Christoph Sch\u00f6nborn. Miteinander und f\u00fcreinander. Weil einander von Gott anvertraut. Katholische Privatschulen in der Erzdi\u00f6zese Wien, Wien 2002)<\/p>\n","protected":false},"excerpt":{"rendered":"<p>Unser Leitbild als Katholische Privatschule Als von einem katholischen Schwesternorden vor \u00fcber 160 Jahren gegr\u00fcndete Schule sind wir eine konfessionelle Privatschule und damit Mitglied der Gemeinschaft der katholischen Privatschulen. Beitrag zur Menschwerdung des MenschenAngesichts eines gewissen \u00d6konomismus, der europaweit sehr pragmatische Bildungskonzepte wachsen l\u00e4sst, darf Bildung gerade in einer Katholischen Schule ihr prim\u00e4res Ziel nicht [&hellip;]<\/p>\n","protected":false},"author":16,"featured_media":0,"parent":0,"menu_order":0,"comment_status":"closed","ping_status":"closed","template":"","meta":{"footnotes":""},"class_list":["post-1784","page","type-page","status-publish","hentry"],"acf":[],"yoast_head":"<!-- This site is optimized with the Yoast SEO plugin v26.8 - https:\/\/yoast.com\/product\/yoast-seo-wordpress\/ -->\n<title>Unser Leitbild als Katholische Privatschule - HLW, BAfEP &amp; BASOP Frohsdorf<\/title>\n<meta name=\"robots\" content=\"index, follow, max-snippet:-1, max-image-preview:large, max-video-preview:-1\" \/>\n<link rel=\"canonical\" href=\"https:\/\/www.stachristiana.at\/hlw-bafep-frohsdorf\/unser-leitbild-als-katholische-privatschule\" \/>\n<meta property=\"og:locale\" content=\"de_DE\" \/>\n<meta property=\"og:type\" content=\"article\" \/>\n<meta property=\"og:title\" content=\"Unser Leitbild als Katholische Privatschule - HLW, BAfEP &amp; BASOP Frohsdorf\" \/>\n<meta property=\"og:description\" content=\"Unser Leitbild als Katholische Privatschule Als von einem katholischen Schwesternorden vor \u00fcber 160 Jahren gegr\u00fcndete Schule sind wir eine konfessionelle Privatschule und damit Mitglied der Gemeinschaft der katholischen Privatschulen. Beitrag zur Menschwerdung des MenschenAngesichts eines gewissen \u00d6konomismus, der europaweit sehr pragmatische Bildungskonzepte wachsen l\u00e4sst, darf Bildung gerade in einer Katholischen Schule ihr prim\u00e4res Ziel nicht [&hellip;]\" \/>\n<meta property=\"og:url\" content=\"https:\/\/www.stachristiana.at\/hlw-bafep-frohsdorf\/unser-leitbild-als-katholische-privatschule\" \/>\n<meta property=\"og:site_name\" content=\"HLW, BAfEP &amp; BASOP Frohsdorf\" \/>\n<meta property=\"og:image\" content=\"https:\/\/www.stachristiana.at\/app\/uploads\/sites\/6\/2022\/05\/logo-sta-christiana.png\" \/>\n\t<meta property=\"og:image:width\" content=\"1200\" \/>\n\t<meta property=\"og:image:height\" content=\"491\" \/>\n\t<meta property=\"og:image:type\" content=\"image\/png\" \/>\n<meta name=\"twitter:card\" content=\"summary_large_image\" \/>\n<meta name=\"twitter:label1\" content=\"Gesch\u00e4tzte Lesezeit\" \/>\n\t<meta name=\"twitter:data1\" content=\"3\u00a0Minuten\" \/>\n<script type=\"application\/ld+json\" class=\"yoast-schema-graph\">{\"@context\":\"https:\/\/schema.org\",\"@graph\":[{\"@type\":\"WebPage\",\"@id\":\"https:\/\/www.stachristiana.at\/hlw-bafep-frohsdorf\/unser-leitbild-als-katholische-privatschule\",\"url\":\"https:\/\/www.stachristiana.at\/hlw-bafep-frohsdorf\/unser-leitbild-als-katholische-privatschule\",\"name\":\"Unser Leitbild als Katholische Privatschule - HLW, BAfEP &amp; BASOP Frohsdorf\",\"isPartOf\":{\"@id\":\"https:\/\/www.stachristiana.at\/hlw-bafep-frohsdorf\/#website\"},\"datePublished\":\"2023-04-25T08:03:09+00:00\",\"breadcrumb\":{\"@id\":\"https:\/\/www.stachristiana.at\/hlw-bafep-frohsdorf\/unser-leitbild-als-katholische-privatschule#breadcrumb\"},\"inLanguage\":\"de\",\"potentialAction\":[{\"@type\":\"ReadAction\",\"target\":[\"https:\/\/www.stachristiana.at\/hlw-bafep-frohsdorf\/unser-leitbild-als-katholische-privatschule\"]}]},{\"@type\":\"BreadcrumbList\",\"@id\":\"https:\/\/www.stachristiana.at\/hlw-bafep-frohsdorf\/unser-leitbild-als-katholische-privatschule#breadcrumb\",\"itemListElement\":[{\"@type\":\"ListItem\",\"position\":1,\"name\":\"Start\",\"item\":\"https:\/\/www.stachristiana.at\/\"},{\"@type\":\"ListItem\",\"position\":2,\"name\":\"Unser Leitbild als Katholische Privatschule\"}]},{\"@type\":\"WebSite\",\"@id\":\"https:\/\/www.stachristiana.at\/hlw-bafep-frohsdorf\/#website\",\"url\":\"https:\/\/www.stachristiana.at\/hlw-bafep-frohsdorf\/\",\"name\":\"Sta. Christiana - HLW - BAfEP Frohsdorf\",\"description\":\"H\u00f6here Lehranstalt, Fachschule und Aufbaulehrgang f\u00fcr wirtschaftliche Berufe und Bildungsanstalt und Kolleg f\u00fcr Elementarp\u00e4dagogik\",\"publisher\":{\"@id\":\"https:\/\/www.stachristiana.at\/hlw-bafep-frohsdorf\/#organization\"},\"alternateName\":\"Sta. Christiana\",\"potentialAction\":[{\"@type\":\"SearchAction\",\"target\":{\"@type\":\"EntryPoint\",\"urlTemplate\":\"https:\/\/www.stachristiana.at\/hlw-bafep-frohsdorf\/?s={search_term_string}\"},\"query-input\":{\"@type\":\"PropertyValueSpecification\",\"valueRequired\":true,\"valueName\":\"search_term_string\"}}],\"inLanguage\":\"de\"},{\"@type\":\"Organization\",\"@id\":\"https:\/\/www.stachristiana.at\/hlw-bafep-frohsdorf\/#organization\",\"name\":\"Sta. Christiana - HLW und BAfEP Frohsdorf\",\"alternateName\":\"Sta. Christiana\",\"url\":\"https:\/\/www.stachristiana.at\/hlw-bafep-frohsdorf\/\",\"logo\":{\"@type\":\"ImageObject\",\"inLanguage\":\"de\",\"@id\":\"https:\/\/www.stachristiana.at\/hlw-bafep-frohsdorf\/#\/schema\/logo\/image\/\",\"url\":\"https:\/\/www.stachristiana.at\/app\/uploads\/sites\/6\/2022\/05\/logo-sta-christiana.png\",\"contentUrl\":\"https:\/\/www.stachristiana.at\/app\/uploads\/sites\/6\/2022\/05\/logo-sta-christiana.png\",\"width\":1200,\"height\":491,\"caption\":\"Sta. Christiana - HLW und BAfEP Frohsdorf\"},\"image\":{\"@id\":\"https:\/\/www.stachristiana.at\/hlw-bafep-frohsdorf\/#\/schema\/logo\/image\/\"}}]}<\/script>\n<!-- \/ Yoast SEO plugin. -->","yoast_head_json":{"title":"Unser Leitbild als Katholische Privatschule - HLW, BAfEP &amp; BASOP Frohsdorf","robots":{"index":"index","follow":"follow","max-snippet":"max-snippet:-1","max-image-preview":"max-image-preview:large","max-video-preview":"max-video-preview:-1"},"canonical":"https:\/\/www.stachristiana.at\/hlw-bafep-frohsdorf\/unser-leitbild-als-katholische-privatschule","og_locale":"de_DE","og_type":"article","og_title":"Unser Leitbild als Katholische Privatschule - HLW, BAfEP &amp; BASOP Frohsdorf","og_description":"Unser Leitbild als Katholische Privatschule Als von einem katholischen Schwesternorden vor \u00fcber 160 Jahren gegr\u00fcndete Schule sind wir eine konfessionelle Privatschule und damit Mitglied der Gemeinschaft der katholischen Privatschulen. Beitrag zur Menschwerdung des MenschenAngesichts eines gewissen \u00d6konomismus, der europaweit sehr pragmatische Bildungskonzepte wachsen l\u00e4sst, darf Bildung gerade in einer Katholischen Schule ihr prim\u00e4res Ziel nicht [&hellip;]","og_url":"https:\/\/www.stachristiana.at\/hlw-bafep-frohsdorf\/unser-leitbild-als-katholische-privatschule","og_site_name":"HLW, BAfEP &amp; BASOP Frohsdorf","og_image":[{"width":1200,"height":491,"url":"https:\/\/www.stachristiana.at\/app\/uploads\/sites\/6\/2022\/05\/logo-sta-christiana.png","type":"image\/png"}],"twitter_card":"summary_large_image","twitter_misc":{"Gesch\u00e4tzte Lesezeit":"3\u00a0Minuten"},"schema":{"@context":"https:\/\/schema.org","@graph":[{"@type":"WebPage","@id":"https:\/\/www.stachristiana.at\/hlw-bafep-frohsdorf\/unser-leitbild-als-katholische-privatschule","url":"https:\/\/www.stachristiana.at\/hlw-bafep-frohsdorf\/unser-leitbild-als-katholische-privatschule","name":"Unser Leitbild als Katholische Privatschule - HLW, BAfEP &amp; BASOP Frohsdorf","isPartOf":{"@id":"https:\/\/www.stachristiana.at\/hlw-bafep-frohsdorf\/#website"},"datePublished":"2023-04-25T08:03:09+00:00","breadcrumb":{"@id":"https:\/\/www.stachristiana.at\/hlw-bafep-frohsdorf\/unser-leitbild-als-katholische-privatschule#breadcrumb"},"inLanguage":"de","potentialAction":[{"@type":"ReadAction","target":["https:\/\/www.stachristiana.at\/hlw-bafep-frohsdorf\/unser-leitbild-als-katholische-privatschule"]}]},{"@type":"BreadcrumbList","@id":"https:\/\/www.stachristiana.at\/hlw-bafep-frohsdorf\/unser-leitbild-als-katholische-privatschule#breadcrumb","itemListElement":[{"@type":"ListItem","position":1,"name":"Start","item":"https:\/\/www.stachristiana.at\/"},{"@type":"ListItem","position":2,"name":"Unser Leitbild als Katholische Privatschule"}]},{"@type":"WebSite","@id":"https:\/\/www.stachristiana.at\/hlw-bafep-frohsdorf\/#website","url":"https:\/\/www.stachristiana.at\/hlw-bafep-frohsdorf\/","name":"Sta. Christiana - HLW - BAfEP Frohsdorf","description":"H\u00f6here Lehranstalt, Fachschule und Aufbaulehrgang f\u00fcr wirtschaftliche Berufe und Bildungsanstalt und Kolleg f\u00fcr Elementarp\u00e4dagogik","publisher":{"@id":"https:\/\/www.stachristiana.at\/hlw-bafep-frohsdorf\/#organization"},"alternateName":"Sta. Christiana","potentialAction":[{"@type":"SearchAction","target":{"@type":"EntryPoint","urlTemplate":"https:\/\/www.stachristiana.at\/hlw-bafep-frohsdorf\/?s={search_term_string}"},"query-input":{"@type":"PropertyValueSpecification","valueRequired":true,"valueName":"search_term_string"}}],"inLanguage":"de"},{"@type":"Organization","@id":"https:\/\/www.stachristiana.at\/hlw-bafep-frohsdorf\/#organization","name":"Sta. Christiana - HLW und BAfEP Frohsdorf","alternateName":"Sta. Christiana","url":"https:\/\/www.stachristiana.at\/hlw-bafep-frohsdorf\/","logo":{"@type":"ImageObject","inLanguage":"de","@id":"https:\/\/www.stachristiana.at\/hlw-bafep-frohsdorf\/#\/schema\/logo\/image\/","url":"https:\/\/www.stachristiana.at\/app\/uploads\/sites\/6\/2022\/05\/logo-sta-christiana.png","contentUrl":"https:\/\/www.stachristiana.at\/app\/uploads\/sites\/6\/2022\/05\/logo-sta-christiana.png","width":1200,"height":491,"caption":"Sta. Christiana - HLW und BAfEP Frohsdorf"},"image":{"@id":"https:\/\/www.stachristiana.at\/hlw-bafep-frohsdorf\/#\/schema\/logo\/image\/"}}]}},"_links":{"self":[{"href":"https:\/\/www.stachristiana.at\/hlw-bafep-frohsdorf\/wp-json\/wp\/v2\/pages\/1784","targetHints":{"allow":["GET"]}}],"collection":[{"href":"https:\/\/www.stachristiana.at\/hlw-bafep-frohsdorf\/wp-json\/wp\/v2\/pages"}],"about":[{"href":"https:\/\/www.stachristiana.at\/hlw-bafep-frohsdorf\/wp-json\/wp\/v2\/types\/page"}],"author":[{"embeddable":true,"href":"https:\/\/www.stachristiana.at\/hlw-bafep-frohsdorf\/wp-json\/wp\/v2\/users\/16"}],"replies":[{"embeddable":true,"href":"https:\/\/www.stachristiana.at\/hlw-bafep-frohsdorf\/wp-json\/wp\/v2\/comments?post=1784"}],"version-history":[{"count":1,"href":"https:\/\/www.stachristiana.at\/hlw-bafep-frohsdorf\/wp-json\/wp\/v2\/pages\/1784\/revisions"}],"predecessor-version":[{"id":1785,"href":"https:\/\/www.stachristiana.at\/hlw-bafep-frohsdorf\/wp-json\/wp\/v2\/pages\/1784\/revisions\/1785"}],"wp:attachment":[{"href":"https:\/\/www.stachristiana.at\/hlw-bafep-frohsdorf\/wp-json\/wp\/v2\/media?parent=1784"}],"curies":[{"name":"wp","href":"https:\/\/api.w.org\/{rel}","templated":true}]}}