{"id":1722,"date":"2023-02-23T08:09:38","date_gmt":"2023-02-23T07:09:38","guid":{"rendered":"https:\/\/www.stachristiana.at\/hlw-bafep-frohsdorf\/?page_id=1722"},"modified":"2025-11-14T09:06:22","modified_gmt":"2025-11-14T08:06:22","slug":"umweltzeichen","status":"publish","type":"page","link":"https:\/\/www.stachristiana.at\/hlw-bafep-frohsdorf\/umweltzeichen","title":{"rendered":"Umweltzeichen"},"content":{"rendered":"\n<p>Das \u00d6sterreichische Umweltzeichen zertifiziert Schulen und P\u00e4dagogische Hochschulen, denen Bildungsqualit\u00e4t besonders am Herzen liegt. Diese Schulen legen Wert auf hohes Umweltengagement und eine nachhaltige und soziale&nbsp;Schulentwicklung. Biologische, regionale Ern\u00e4hrung und Gesundheitsf\u00f6rderung sind weitere wichtige Kernthemen der Umweltzeichen-Schulen.<\/p>\n\n\n\n<p><a href=\"https:\/\/www.umweltzeichen.at\/de\/bildung\/schulen\">https:\/\/www.umweltzeichen.at\/de\/bildung\/schulen<\/a><\/p>\n\n\n\n<figure class=\"wp-block-image size-full is-resized\"><img loading=\"lazy\" decoding=\"async\" width=\"153\" height=\"150\" src=\"https:\/\/www.stachristiana.at\/app\/uploads\/sites\/6\/2022\/09\/uz-logo.jpg\" alt=\"\" class=\"wp-image-648\" style=\"width:153px;height:150px\" srcset=\"https:\/\/www.stachristiana.at\/app\/uploads\/sites\/6\/2022\/09\/uz-logo.jpg 153w, https:\/\/www.stachristiana.at\/app\/uploads\/sites\/6\/2022\/09\/uz-logo-77x75.jpg 77w\" sizes=\"auto, (max-width: 153px) 100vw, 153px\" \/><\/figure>\n\n\n\n<figure class=\"wp-block-image size-large\"><img loading=\"lazy\" decoding=\"async\" width=\"1024\" height=\"576\" src=\"https:\/\/www.stachristiana.at\/app\/uploads\/sites\/6\/2025\/11\/IMG_8314-1024x576.jpg\" alt=\"\" class=\"wp-image-3157\" srcset=\"https:\/\/www.stachristiana.at\/app\/uploads\/sites\/6\/2025\/11\/IMG_8314-1024x576.jpg 1024w, https:\/\/www.stachristiana.at\/app\/uploads\/sites\/6\/2025\/11\/IMG_8314-400x225.jpg 400w, https:\/\/www.stachristiana.at\/app\/uploads\/sites\/6\/2025\/11\/IMG_8314-768x432.jpg 768w, https:\/\/www.stachristiana.at\/app\/uploads\/sites\/6\/2025\/11\/IMG_8314-1536x864.jpg 1536w, https:\/\/www.stachristiana.at\/app\/uploads\/sites\/6\/2025\/11\/IMG_8314-2048x1152.jpg 2048w, https:\/\/www.stachristiana.at\/app\/uploads\/sites\/6\/2025\/11\/IMG_8314-818x460.jpg 818w, https:\/\/www.stachristiana.at\/app\/uploads\/sites\/6\/2025\/11\/IMG_8314-133x75.jpg 133w\" sizes=\"auto, (max-width: 1024px) 100vw, 1024px\" \/><\/figure>\n\n\n\n<p><strong>Das aktuelle Umweltzeichen-Team<\/strong><\/p>\n\n\n\n<p>\u2022 Verwaltungsdirektor Ing. Hans-J\u00fcrgen F\u00fcrster<br>\u2022 Laura Colazzo, MEd<br>\u2022 MMag. Linda Lorenz<br>\u2022 Melanie Halwachs, BEd<br>\u2022 Mag. Stephanie P\u00fcrbauer<br>\u2022 Magdalena Neutzner, BEd (nicht am Foto)<br>\u2022 Anna Ragossnig, BEd (nicht am Foto)<\/p>\n\n\n\n<p><\/p>\n\n\n\n<h2 class=\"wp-block-heading\">Umweltzeichen HLW<\/h2>\n\n\n\n<p>Anl\u00e4sslich des 20-j\u00e4hrigen Jubil\u00e4ums wurden im September 2022 insgesamt 44 Schulen aus neun Bundesl\u00e4ndern in den Festsaal des Bundesministeriums f\u00fcr Klimaschutz, Umwelt, Energie, Mobilit\u00e4t, Innovation und Technologie eingeladen.  Im Rahmen des Festakts wurde der Schulgemeinschaft offiziell das \u00d6sterreichische Umweltzeichen durch Bildungsminister Ao. Univ.-Prof. Dr. Martin Polaschek und Sektionschef DI Christian Holzer \u00fcberreicht.<\/p>\n\n\n\n<figure class=\"wp-block-image size-large\"><img loading=\"lazy\" decoding=\"async\" width=\"1024\" height=\"681\" src=\"https:\/\/www.stachristiana.at\/app\/uploads\/sites\/6\/2023\/02\/Foto_Umweltzeichen-1024x681.jpg\" alt=\"\" class=\"wp-image-1729\" srcset=\"https:\/\/www.stachristiana.at\/app\/uploads\/sites\/6\/2023\/02\/Foto_Umweltzeichen-1024x681.jpg 1024w, https:\/\/www.stachristiana.at\/app\/uploads\/sites\/6\/2023\/02\/Foto_Umweltzeichen-400x266.jpg 400w, https:\/\/www.stachristiana.at\/app\/uploads\/sites\/6\/2023\/02\/Foto_Umweltzeichen-768x511.jpg 768w, https:\/\/www.stachristiana.at\/app\/uploads\/sites\/6\/2023\/02\/Foto_Umweltzeichen-692x460.jpg 692w, https:\/\/www.stachristiana.at\/app\/uploads\/sites\/6\/2023\/02\/Foto_Umweltzeichen-113x75.jpg 113w, https:\/\/www.stachristiana.at\/app\/uploads\/sites\/6\/2023\/02\/Foto_Umweltzeichen.jpg 1280w\" sizes=\"auto, (max-width: 1024px) 100vw, 1024px\" \/><figcaption class=\"wp-element-caption\">v.li.n.re.:<br>Sektionschef Christian Holzer, Stephanie P\u00fcrbauer, Waltraud Deutsch, Bildungsminister Martin Polaschek<\/figcaption><\/figure>\n\n\n\n<p><\/p>\n\n\n\n<h2 class=\"wp-block-heading\">Umweltzeichen BAfEP<\/h2>\n\n\n\n<p><\/p>\n\n\n\n<figure class=\"wp-block-image size-large\"><img loading=\"lazy\" decoding=\"async\" width=\"1024\" height=\"681\" src=\"https:\/\/www.stachristiana.at\/app\/uploads\/sites\/6\/2023\/09\/BMK5730-1024x681.jpg\" alt=\"\" class=\"wp-image-1978\" srcset=\"https:\/\/www.stachristiana.at\/app\/uploads\/sites\/6\/2023\/09\/BMK5730-1024x681.jpg 1024w, https:\/\/www.stachristiana.at\/app\/uploads\/sites\/6\/2023\/09\/BMK5730-400x266.jpg 400w, https:\/\/www.stachristiana.at\/app\/uploads\/sites\/6\/2023\/09\/BMK5730-768x511.jpg 768w, https:\/\/www.stachristiana.at\/app\/uploads\/sites\/6\/2023\/09\/BMK5730-691x460.jpg 691w, https:\/\/www.stachristiana.at\/app\/uploads\/sites\/6\/2023\/09\/BMK5730-113x75.jpg 113w, https:\/\/www.stachristiana.at\/app\/uploads\/sites\/6\/2023\/09\/BMK5730.jpg 1500w\" sizes=\"auto, (max-width: 1024px) 100vw, 1024px\" \/><figcaption class=\"wp-element-caption\">v.li.n.re.:<br>Bildungsminister Martin Polaschek, Alexander Kucera, Magdalena Neutzner, Klimaministerin Leonore Gewessler<\/figcaption><\/figure>\n","protected":false},"excerpt":{"rendered":"<p>Das \u00d6sterreichische Umweltzeichen zertifiziert Schulen und P\u00e4dagogische Hochschulen, denen Bildungsqualit\u00e4t besonders am Herzen liegt. Diese Schulen legen Wert auf hohes Umweltengagement und eine nachhaltige und soziale&nbsp;Schulentwicklung. Biologische, regionale Ern\u00e4hrung und Gesundheitsf\u00f6rderung sind weitere wichtige Kernthemen der Umweltzeichen-Schulen. https:\/\/www.umweltzeichen.at\/de\/bildung\/schulen Das aktuelle Umweltzeichen-Team \u2022 Verwaltungsdirektor Ing. Hans-J\u00fcrgen F\u00fcrster\u2022 Laura Colazzo, MEd\u2022 MMag. Linda Lorenz\u2022 Melanie Halwachs, BEd\u2022 [&hellip;]<\/p>\n","protected":false},"author":16,"featured_media":0,"parent":0,"menu_order":0,"comment_status":"closed","ping_status":"closed","template":"","meta":{"footnotes":""},"class_list":["post-1722","page","type-page","status-publish","hentry"],"acf":[],"yoast_head":"<!-- This site is optimized with the Yoast SEO plugin v26.8 - https:\/\/yoast.com\/product\/yoast-seo-wordpress\/ -->\n<title>Umweltzeichen - HLW, BAfEP &amp; BASOP Frohsdorf<\/title>\n<meta name=\"robots\" content=\"index, follow, max-snippet:-1, max-image-preview:large, max-video-preview:-1\" \/>\n<link rel=\"canonical\" href=\"https:\/\/www.stachristiana.at\/hlw-bafep-frohsdorf\/umweltzeichen\" \/>\n<meta property=\"og:locale\" content=\"de_DE\" \/>\n<meta property=\"og:type\" content=\"article\" \/>\n<meta property=\"og:title\" content=\"Umweltzeichen - HLW, BAfEP &amp; BASOP Frohsdorf\" \/>\n<meta property=\"og:description\" content=\"Das \u00d6sterreichische Umweltzeichen zertifiziert Schulen und P\u00e4dagogische Hochschulen, denen Bildungsqualit\u00e4t besonders am Herzen liegt. Diese Schulen legen Wert auf hohes Umweltengagement und eine nachhaltige und soziale&nbsp;Schulentwicklung. Biologische, regionale Ern\u00e4hrung und Gesundheitsf\u00f6rderung sind weitere wichtige Kernthemen der Umweltzeichen-Schulen. https:\/\/www.umweltzeichen.at\/de\/bildung\/schulen Das aktuelle Umweltzeichen-Team \u2022 Verwaltungsdirektor Ing. Hans-J\u00fcrgen F\u00fcrster\u2022 Laura Colazzo, MEd\u2022 MMag. Linda Lorenz\u2022 Melanie Halwachs, BEd\u2022 [&hellip;]\" \/>\n<meta property=\"og:url\" content=\"https:\/\/www.stachristiana.at\/hlw-bafep-frohsdorf\/umweltzeichen\" \/>\n<meta property=\"og:site_name\" content=\"HLW, BAfEP &amp; BASOP Frohsdorf\" \/>\n<meta property=\"article:modified_time\" content=\"2025-11-14T08:06:22+00:00\" \/>\n<meta property=\"og:image\" content=\"https:\/\/www.stachristiana.at\/app\/uploads\/sites\/6\/2022\/09\/uz-logo.jpg\" \/>\n\t<meta property=\"og:image:width\" content=\"153\" \/>\n\t<meta property=\"og:image:height\" content=\"150\" \/>\n\t<meta property=\"og:image:type\" content=\"image\/jpeg\" \/>\n<meta name=\"twitter:card\" content=\"summary_large_image\" \/>\n<meta name=\"twitter:label1\" content=\"Gesch\u00e4tzte Lesezeit\" \/>\n\t<meta name=\"twitter:data1\" content=\"2\u00a0Minuten\" \/>\n<script type=\"application\/ld+json\" class=\"yoast-schema-graph\">{\"@context\":\"https:\/\/schema.org\",\"@graph\":[{\"@type\":\"WebPage\",\"@id\":\"https:\/\/www.stachristiana.at\/hlw-bafep-frohsdorf\/umweltzeichen\",\"url\":\"https:\/\/www.stachristiana.at\/hlw-bafep-frohsdorf\/umweltzeichen\",\"name\":\"Umweltzeichen - HLW, BAfEP &amp; BASOP Frohsdorf\",\"isPartOf\":{\"@id\":\"https:\/\/www.stachristiana.at\/hlw-bafep-frohsdorf\/#website\"},\"primaryImageOfPage\":{\"@id\":\"https:\/\/www.stachristiana.at\/hlw-bafep-frohsdorf\/umweltzeichen#primaryimage\"},\"image\":{\"@id\":\"https:\/\/www.stachristiana.at\/hlw-bafep-frohsdorf\/umweltzeichen#primaryimage\"},\"thumbnailUrl\":\"https:\/\/www.stachristiana.at\/app\/uploads\/sites\/6\/2022\/09\/uz-logo.jpg\",\"datePublished\":\"2023-02-23T07:09:38+00:00\",\"dateModified\":\"2025-11-14T08:06:22+00:00\",\"breadcrumb\":{\"@id\":\"https:\/\/www.stachristiana.at\/hlw-bafep-frohsdorf\/umweltzeichen#breadcrumb\"},\"inLanguage\":\"de\",\"potentialAction\":[{\"@type\":\"ReadAction\",\"target\":[\"https:\/\/www.stachristiana.at\/hlw-bafep-frohsdorf\/umweltzeichen\"]}]},{\"@type\":\"ImageObject\",\"inLanguage\":\"de\",\"@id\":\"https:\/\/www.stachristiana.at\/hlw-bafep-frohsdorf\/umweltzeichen#primaryimage\",\"url\":\"https:\/\/www.stachristiana.at\/app\/uploads\/sites\/6\/2022\/09\/uz-logo.jpg\",\"contentUrl\":\"https:\/\/www.stachristiana.at\/app\/uploads\/sites\/6\/2022\/09\/uz-logo.jpg\"},{\"@type\":\"BreadcrumbList\",\"@id\":\"https:\/\/www.stachristiana.at\/hlw-bafep-frohsdorf\/umweltzeichen#breadcrumb\",\"itemListElement\":[{\"@type\":\"ListItem\",\"position\":1,\"name\":\"Start\",\"item\":\"https:\/\/www.stachristiana.at\/\"},{\"@type\":\"ListItem\",\"position\":2,\"name\":\"Umweltzeichen\"}]},{\"@type\":\"WebSite\",\"@id\":\"https:\/\/www.stachristiana.at\/hlw-bafep-frohsdorf\/#website\",\"url\":\"https:\/\/www.stachristiana.at\/hlw-bafep-frohsdorf\/\",\"name\":\"Sta. Christiana - HLW - BAfEP Frohsdorf\",\"description\":\"H\u00f6here Lehranstalt, Fachschule und Aufbaulehrgang f\u00fcr wirtschaftliche Berufe und Bildungsanstalt und Kolleg f\u00fcr Elementarp\u00e4dagogik\",\"publisher\":{\"@id\":\"https:\/\/www.stachristiana.at\/hlw-bafep-frohsdorf\/#organization\"},\"alternateName\":\"Sta. Christiana\",\"potentialAction\":[{\"@type\":\"SearchAction\",\"target\":{\"@type\":\"EntryPoint\",\"urlTemplate\":\"https:\/\/www.stachristiana.at\/hlw-bafep-frohsdorf\/?s={search_term_string}\"},\"query-input\":{\"@type\":\"PropertyValueSpecification\",\"valueRequired\":true,\"valueName\":\"search_term_string\"}}],\"inLanguage\":\"de\"},{\"@type\":\"Organization\",\"@id\":\"https:\/\/www.stachristiana.at\/hlw-bafep-frohsdorf\/#organization\",\"name\":\"Sta. Christiana - HLW und BAfEP Frohsdorf\",\"alternateName\":\"Sta. Christiana\",\"url\":\"https:\/\/www.stachristiana.at\/hlw-bafep-frohsdorf\/\",\"logo\":{\"@type\":\"ImageObject\",\"inLanguage\":\"de\",\"@id\":\"https:\/\/www.stachristiana.at\/hlw-bafep-frohsdorf\/#\/schema\/logo\/image\/\",\"url\":\"https:\/\/www.stachristiana.at\/app\/uploads\/sites\/6\/2022\/05\/logo-sta-christiana.png\",\"contentUrl\":\"https:\/\/www.stachristiana.at\/app\/uploads\/sites\/6\/2022\/05\/logo-sta-christiana.png\",\"width\":1200,\"height\":491,\"caption\":\"Sta. Christiana - HLW und BAfEP Frohsdorf\"},\"image\":{\"@id\":\"https:\/\/www.stachristiana.at\/hlw-bafep-frohsdorf\/#\/schema\/logo\/image\/\"}}]}<\/script>\n<!-- \/ Yoast SEO plugin. -->","yoast_head_json":{"title":"Umweltzeichen - HLW, BAfEP &amp; BASOP Frohsdorf","robots":{"index":"index","follow":"follow","max-snippet":"max-snippet:-1","max-image-preview":"max-image-preview:large","max-video-preview":"max-video-preview:-1"},"canonical":"https:\/\/www.stachristiana.at\/hlw-bafep-frohsdorf\/umweltzeichen","og_locale":"de_DE","og_type":"article","og_title":"Umweltzeichen - HLW, BAfEP &amp; BASOP Frohsdorf","og_description":"Das \u00d6sterreichische Umweltzeichen zertifiziert Schulen und P\u00e4dagogische Hochschulen, denen Bildungsqualit\u00e4t besonders am Herzen liegt. Diese Schulen legen Wert auf hohes Umweltengagement und eine nachhaltige und soziale&nbsp;Schulentwicklung. Biologische, regionale Ern\u00e4hrung und Gesundheitsf\u00f6rderung sind weitere wichtige Kernthemen der Umweltzeichen-Schulen. https:\/\/www.umweltzeichen.at\/de\/bildung\/schulen Das aktuelle Umweltzeichen-Team \u2022 Verwaltungsdirektor Ing. Hans-J\u00fcrgen F\u00fcrster\u2022 Laura Colazzo, MEd\u2022 MMag. Linda Lorenz\u2022 Melanie Halwachs, BEd\u2022 [&hellip;]","og_url":"https:\/\/www.stachristiana.at\/hlw-bafep-frohsdorf\/umweltzeichen","og_site_name":"HLW, BAfEP &amp; BASOP Frohsdorf","article_modified_time":"2025-11-14T08:06:22+00:00","og_image":[{"width":153,"height":150,"url":"https:\/\/www.stachristiana.at\/app\/uploads\/sites\/6\/2022\/09\/uz-logo.jpg","type":"image\/jpeg"}],"twitter_card":"summary_large_image","twitter_misc":{"Gesch\u00e4tzte Lesezeit":"2\u00a0Minuten"},"schema":{"@context":"https:\/\/schema.org","@graph":[{"@type":"WebPage","@id":"https:\/\/www.stachristiana.at\/hlw-bafep-frohsdorf\/umweltzeichen","url":"https:\/\/www.stachristiana.at\/hlw-bafep-frohsdorf\/umweltzeichen","name":"Umweltzeichen - HLW, BAfEP &amp; BASOP Frohsdorf","isPartOf":{"@id":"https:\/\/www.stachristiana.at\/hlw-bafep-frohsdorf\/#website"},"primaryImageOfPage":{"@id":"https:\/\/www.stachristiana.at\/hlw-bafep-frohsdorf\/umweltzeichen#primaryimage"},"image":{"@id":"https:\/\/www.stachristiana.at\/hlw-bafep-frohsdorf\/umweltzeichen#primaryimage"},"thumbnailUrl":"https:\/\/www.stachristiana.at\/app\/uploads\/sites\/6\/2022\/09\/uz-logo.jpg","datePublished":"2023-02-23T07:09:38+00:00","dateModified":"2025-11-14T08:06:22+00:00","breadcrumb":{"@id":"https:\/\/www.stachristiana.at\/hlw-bafep-frohsdorf\/umweltzeichen#breadcrumb"},"inLanguage":"de","potentialAction":[{"@type":"ReadAction","target":["https:\/\/www.stachristiana.at\/hlw-bafep-frohsdorf\/umweltzeichen"]}]},{"@type":"ImageObject","inLanguage":"de","@id":"https:\/\/www.stachristiana.at\/hlw-bafep-frohsdorf\/umweltzeichen#primaryimage","url":"https:\/\/www.stachristiana.at\/app\/uploads\/sites\/6\/2022\/09\/uz-logo.jpg","contentUrl":"https:\/\/www.stachristiana.at\/app\/uploads\/sites\/6\/2022\/09\/uz-logo.jpg"},{"@type":"BreadcrumbList","@id":"https:\/\/www.stachristiana.at\/hlw-bafep-frohsdorf\/umweltzeichen#breadcrumb","itemListElement":[{"@type":"ListItem","position":1,"name":"Start","item":"https:\/\/www.stachristiana.at\/"},{"@type":"ListItem","position":2,"name":"Umweltzeichen"}]},{"@type":"WebSite","@id":"https:\/\/www.stachristiana.at\/hlw-bafep-frohsdorf\/#website","url":"https:\/\/www.stachristiana.at\/hlw-bafep-frohsdorf\/","name":"Sta. Christiana - HLW - BAfEP Frohsdorf","description":"H\u00f6here Lehranstalt, Fachschule und Aufbaulehrgang f\u00fcr wirtschaftliche Berufe und Bildungsanstalt und Kolleg f\u00fcr Elementarp\u00e4dagogik","publisher":{"@id":"https:\/\/www.stachristiana.at\/hlw-bafep-frohsdorf\/#organization"},"alternateName":"Sta. Christiana","potentialAction":[{"@type":"SearchAction","target":{"@type":"EntryPoint","urlTemplate":"https:\/\/www.stachristiana.at\/hlw-bafep-frohsdorf\/?s={search_term_string}"},"query-input":{"@type":"PropertyValueSpecification","valueRequired":true,"valueName":"search_term_string"}}],"inLanguage":"de"},{"@type":"Organization","@id":"https:\/\/www.stachristiana.at\/hlw-bafep-frohsdorf\/#organization","name":"Sta. Christiana - HLW und BAfEP Frohsdorf","alternateName":"Sta. Christiana","url":"https:\/\/www.stachristiana.at\/hlw-bafep-frohsdorf\/","logo":{"@type":"ImageObject","inLanguage":"de","@id":"https:\/\/www.stachristiana.at\/hlw-bafep-frohsdorf\/#\/schema\/logo\/image\/","url":"https:\/\/www.stachristiana.at\/app\/uploads\/sites\/6\/2022\/05\/logo-sta-christiana.png","contentUrl":"https:\/\/www.stachristiana.at\/app\/uploads\/sites\/6\/2022\/05\/logo-sta-christiana.png","width":1200,"height":491,"caption":"Sta. Christiana - HLW und BAfEP Frohsdorf"},"image":{"@id":"https:\/\/www.stachristiana.at\/hlw-bafep-frohsdorf\/#\/schema\/logo\/image\/"}}]}},"_links":{"self":[{"href":"https:\/\/www.stachristiana.at\/hlw-bafep-frohsdorf\/wp-json\/wp\/v2\/pages\/1722","targetHints":{"allow":["GET"]}}],"collection":[{"href":"https:\/\/www.stachristiana.at\/hlw-bafep-frohsdorf\/wp-json\/wp\/v2\/pages"}],"about":[{"href":"https:\/\/www.stachristiana.at\/hlw-bafep-frohsdorf\/wp-json\/wp\/v2\/types\/page"}],"author":[{"embeddable":true,"href":"https:\/\/www.stachristiana.at\/hlw-bafep-frohsdorf\/wp-json\/wp\/v2\/users\/16"}],"replies":[{"embeddable":true,"href":"https:\/\/www.stachristiana.at\/hlw-bafep-frohsdorf\/wp-json\/wp\/v2\/comments?post=1722"}],"version-history":[{"count":18,"href":"https:\/\/www.stachristiana.at\/hlw-bafep-frohsdorf\/wp-json\/wp\/v2\/pages\/1722\/revisions"}],"predecessor-version":[{"id":3159,"href":"https:\/\/www.stachristiana.at\/hlw-bafep-frohsdorf\/wp-json\/wp\/v2\/pages\/1722\/revisions\/3159"}],"wp:attachment":[{"href":"https:\/\/www.stachristiana.at\/hlw-bafep-frohsdorf\/wp-json\/wp\/v2\/media?parent=1722"}],"curies":[{"name":"wp","href":"https:\/\/api.w.org\/{rel}","templated":true}]}}