{"id":171,"date":"2022-05-10T16:52:10","date_gmt":"2022-05-10T14:52:10","guid":{"rendered":"https:\/\/devmultisite.superfesch.at\/hlw-rodaun\/?page_id=171"},"modified":"2024-09-05T11:14:55","modified_gmt":"2024-09-05T09:14:55","slug":"anfahrt","status":"publish","type":"page","link":"https:\/\/www.stachristiana.at\/hlw-bafep-frohsdorf\/anfahrt","title":{"rendered":"Kontakt \/ Anfahrt"},"content":{"rendered":"\n<p><br>Bildungsanstalt und Kolleg f\u00fcr Elementarp\u00e4dagogik<br>H\u00f6here Lehranstalt f\u00fcr wirtschaftliche Berufe<br>Bildungsanstalt f\u00fcr Sozialp\u00e4dagogik<\/p>\n\n\n\n<p>Schulverein Institut Sta. Christiana<\/p>\n\n\n\n<p>Wiener Neust\u00e4dter Stra\u00dfe 74<br>2821 Lanzenkirchen<\/p>\n\n\n\n<p>Tel.: 02627 452 35-16<br><\/p>\n\n\n\n<p><a href=\"mailto:office@hlw-bafep-frohsdorf.ac.at\">office@hlw-bafep-basop-frohsdorf.ac.at<\/a><\/p>\n\n\n\n<p><a href=\"mailto:hlw-bafep.frohsdorf@stachristiana.at\">hlw-bafep-basop.frohsdorf@stachristiana.at<\/a><\/p>\n\n\n\n<p>Alle Lehrer*innen sind \u00fcber&nbsp;vorname.nachname@hlw-bafep-frohsdorf.ac.at &nbsp;zu erreichen!<\/p>\n\n\n\n<p>Die Sprechstunden aller Professor:innen finden Sie <a href=\"https:\/\/melpomene.webuntis.com\/WebUntis\/?school=hlwfrohsdorf#\/basic\/officehours\" target=\"_blank\" rel=\"noreferrer noopener\">hier<\/a>!<\/p>\n\n\n\n<p><\/p>\n\n\n<div id=\"map-block_05c364325e3b5f2dd0d1625d4eedb783\" class=\"map\"><\/div>\n\n\n<p><\/p>\n\n\n\n<script type=\"text\/javascript\" src=\"https:\/\/anachb.vor.at\/webapp\/staticfiles\/hafas-widget-core.1.0.0.js?L=vs_anachb&amp;\"><\/script>\n<div data-hfs-widget=\"true\" data-hfs-widget-tp=\"true\" data-hfs-widget-tp-date=\"20230203\" data-hfs-widget-tp-time=\"081300\" data-hfs-widget-tp-enquiry=\"false\" data-hfs-widget-tp-arr=\"Frohsdorf Sancta Christiana\"><\/div>\n","protected":false},"excerpt":{"rendered":"<p>Bildungsanstalt und Kolleg f\u00fcr Elementarp\u00e4dagogikH\u00f6here Lehranstalt f\u00fcr wirtschaftliche BerufeBildungsanstalt f\u00fcr Sozialp\u00e4dagogik Schulverein Institut Sta. Christiana Wiener Neust\u00e4dter Stra\u00dfe 742821 Lanzenkirchen Tel.: 02627 452 35-16 office@hlw-bafep-basop-frohsdorf.ac.at hlw-bafep-basop.frohsdorf@stachristiana.at Alle Lehrer*innen sind \u00fcber&nbsp;vorname.nachname@hlw-bafep-frohsdorf.ac.at &nbsp;zu erreichen! Die Sprechstunden aller Professor:innen finden Sie hier!<\/p>\n","protected":false},"author":1,"featured_media":0,"parent":0,"menu_order":900,"comment_status":"closed","ping_status":"closed","template":"","meta":{"footnotes":""},"class_list":["post-171","page","type-page","status-publish","hentry"],"acf":[],"yoast_head":"<!-- This site is optimized with the Yoast SEO plugin v26.8 - https:\/\/yoast.com\/product\/yoast-seo-wordpress\/ -->\n<title>Kontakt \/ Anfahrt - HLW, BAfEP &amp; BASOP Frohsdorf<\/title>\n<meta name=\"robots\" content=\"index, follow, max-snippet:-1, max-image-preview:large, max-video-preview:-1\" \/>\n<link rel=\"canonical\" href=\"https:\/\/www.stachristiana.at\/hlw-bafep-frohsdorf\/anfahrt\" \/>\n<meta property=\"og:locale\" content=\"de_DE\" \/>\n<meta property=\"og:type\" content=\"article\" \/>\n<meta property=\"og:title\" content=\"Kontakt \/ Anfahrt - HLW, BAfEP &amp; BASOP Frohsdorf\" \/>\n<meta property=\"og:description\" content=\"Bildungsanstalt und Kolleg f\u00fcr Elementarp\u00e4dagogikH\u00f6here Lehranstalt f\u00fcr wirtschaftliche BerufeBildungsanstalt f\u00fcr Sozialp\u00e4dagogik Schulverein Institut Sta. Christiana Wiener Neust\u00e4dter Stra\u00dfe 742821 Lanzenkirchen Tel.: 02627 452 35-16 office@hlw-bafep-basop-frohsdorf.ac.at hlw-bafep-basop.frohsdorf@stachristiana.at Alle Lehrer*innen sind \u00fcber&nbsp;vorname.nachname@hlw-bafep-frohsdorf.ac.at &nbsp;zu erreichen! Die Sprechstunden aller Professor:innen finden Sie hier!\" \/>\n<meta property=\"og:url\" content=\"https:\/\/www.stachristiana.at\/hlw-bafep-frohsdorf\/anfahrt\" \/>\n<meta property=\"og:site_name\" content=\"HLW, BAfEP &amp; BASOP Frohsdorf\" \/>\n<meta property=\"article:modified_time\" content=\"2024-09-05T09:14:55+00:00\" \/>\n<meta property=\"og:image\" content=\"https:\/\/www.stachristiana.at\/app\/uploads\/sites\/6\/2022\/05\/logo-sta-christiana.png\" \/>\n\t<meta property=\"og:image:width\" content=\"1200\" \/>\n\t<meta property=\"og:image:height\" content=\"491\" \/>\n\t<meta property=\"og:image:type\" content=\"image\/png\" \/>\n<meta name=\"twitter:card\" content=\"summary_large_image\" \/>\n<meta name=\"twitter:label1\" content=\"Gesch\u00e4tzte Lesezeit\" \/>\n\t<meta name=\"twitter:data1\" content=\"1\u00a0Minute\" \/>\n<script type=\"application\/ld+json\" class=\"yoast-schema-graph\">{\"@context\":\"https:\/\/schema.org\",\"@graph\":[{\"@type\":\"WebPage\",\"@id\":\"https:\/\/www.stachristiana.at\/hlw-bafep-frohsdorf\/anfahrt\",\"url\":\"https:\/\/www.stachristiana.at\/hlw-bafep-frohsdorf\/anfahrt\",\"name\":\"Kontakt \/ Anfahrt - HLW, BAfEP &amp; BASOP Frohsdorf\",\"isPartOf\":{\"@id\":\"https:\/\/www.stachristiana.at\/hlw-bafep-frohsdorf\/#website\"},\"datePublished\":\"2022-05-10T14:52:10+00:00\",\"dateModified\":\"2024-09-05T09:14:55+00:00\",\"breadcrumb\":{\"@id\":\"https:\/\/www.stachristiana.at\/hlw-bafep-frohsdorf\/anfahrt#breadcrumb\"},\"inLanguage\":\"de\",\"potentialAction\":[{\"@type\":\"ReadAction\",\"target\":[\"https:\/\/www.stachristiana.at\/hlw-bafep-frohsdorf\/anfahrt\"]}]},{\"@type\":\"BreadcrumbList\",\"@id\":\"https:\/\/www.stachristiana.at\/hlw-bafep-frohsdorf\/anfahrt#breadcrumb\",\"itemListElement\":[{\"@type\":\"ListItem\",\"position\":1,\"name\":\"Start\",\"item\":\"https:\/\/www.stachristiana.at\/\"},{\"@type\":\"ListItem\",\"position\":2,\"name\":\"Kontakt \/ Anfahrt\"}]},{\"@type\":\"WebSite\",\"@id\":\"https:\/\/www.stachristiana.at\/hlw-bafep-frohsdorf\/#website\",\"url\":\"https:\/\/www.stachristiana.at\/hlw-bafep-frohsdorf\/\",\"name\":\"Sta. Christiana - HLW - BAfEP Frohsdorf\",\"description\":\"H\u00f6here Lehranstalt, Fachschule und Aufbaulehrgang f\u00fcr wirtschaftliche Berufe und Bildungsanstalt und Kolleg f\u00fcr Elementarp\u00e4dagogik\",\"publisher\":{\"@id\":\"https:\/\/www.stachristiana.at\/hlw-bafep-frohsdorf\/#organization\"},\"alternateName\":\"Sta. Christiana\",\"potentialAction\":[{\"@type\":\"SearchAction\",\"target\":{\"@type\":\"EntryPoint\",\"urlTemplate\":\"https:\/\/www.stachristiana.at\/hlw-bafep-frohsdorf\/?s={search_term_string}\"},\"query-input\":{\"@type\":\"PropertyValueSpecification\",\"valueRequired\":true,\"valueName\":\"search_term_string\"}}],\"inLanguage\":\"de\"},{\"@type\":\"Organization\",\"@id\":\"https:\/\/www.stachristiana.at\/hlw-bafep-frohsdorf\/#organization\",\"name\":\"Sta. Christiana - HLW und BAfEP Frohsdorf\",\"alternateName\":\"Sta. Christiana\",\"url\":\"https:\/\/www.stachristiana.at\/hlw-bafep-frohsdorf\/\",\"logo\":{\"@type\":\"ImageObject\",\"inLanguage\":\"de\",\"@id\":\"https:\/\/www.stachristiana.at\/hlw-bafep-frohsdorf\/#\/schema\/logo\/image\/\",\"url\":\"https:\/\/www.stachristiana.at\/app\/uploads\/sites\/6\/2022\/05\/logo-sta-christiana.png\",\"contentUrl\":\"https:\/\/www.stachristiana.at\/app\/uploads\/sites\/6\/2022\/05\/logo-sta-christiana.png\",\"width\":1200,\"height\":491,\"caption\":\"Sta. Christiana - HLW und BAfEP Frohsdorf\"},\"image\":{\"@id\":\"https:\/\/www.stachristiana.at\/hlw-bafep-frohsdorf\/#\/schema\/logo\/image\/\"}}]}<\/script>\n<!-- \/ Yoast SEO plugin. -->","yoast_head_json":{"title":"Kontakt \/ Anfahrt - HLW, BAfEP &amp; BASOP Frohsdorf","robots":{"index":"index","follow":"follow","max-snippet":"max-snippet:-1","max-image-preview":"max-image-preview:large","max-video-preview":"max-video-preview:-1"},"canonical":"https:\/\/www.stachristiana.at\/hlw-bafep-frohsdorf\/anfahrt","og_locale":"de_DE","og_type":"article","og_title":"Kontakt \/ Anfahrt - HLW, BAfEP &amp; BASOP Frohsdorf","og_description":"Bildungsanstalt und Kolleg f\u00fcr Elementarp\u00e4dagogikH\u00f6here Lehranstalt f\u00fcr wirtschaftliche BerufeBildungsanstalt f\u00fcr Sozialp\u00e4dagogik Schulverein Institut Sta. Christiana Wiener Neust\u00e4dter Stra\u00dfe 742821 Lanzenkirchen Tel.: 02627 452 35-16 office@hlw-bafep-basop-frohsdorf.ac.at hlw-bafep-basop.frohsdorf@stachristiana.at Alle Lehrer*innen sind \u00fcber&nbsp;vorname.nachname@hlw-bafep-frohsdorf.ac.at &nbsp;zu erreichen! Die Sprechstunden aller Professor:innen finden Sie hier!","og_url":"https:\/\/www.stachristiana.at\/hlw-bafep-frohsdorf\/anfahrt","og_site_name":"HLW, BAfEP &amp; BASOP Frohsdorf","article_modified_time":"2024-09-05T09:14:55+00:00","og_image":[{"width":1200,"height":491,"url":"https:\/\/www.stachristiana.at\/app\/uploads\/sites\/6\/2022\/05\/logo-sta-christiana.png","type":"image\/png"}],"twitter_card":"summary_large_image","twitter_misc":{"Gesch\u00e4tzte Lesezeit":"1\u00a0Minute"},"schema":{"@context":"https:\/\/schema.org","@graph":[{"@type":"WebPage","@id":"https:\/\/www.stachristiana.at\/hlw-bafep-frohsdorf\/anfahrt","url":"https:\/\/www.stachristiana.at\/hlw-bafep-frohsdorf\/anfahrt","name":"Kontakt \/ Anfahrt - HLW, BAfEP &amp; BASOP Frohsdorf","isPartOf":{"@id":"https:\/\/www.stachristiana.at\/hlw-bafep-frohsdorf\/#website"},"datePublished":"2022-05-10T14:52:10+00:00","dateModified":"2024-09-05T09:14:55+00:00","breadcrumb":{"@id":"https:\/\/www.stachristiana.at\/hlw-bafep-frohsdorf\/anfahrt#breadcrumb"},"inLanguage":"de","potentialAction":[{"@type":"ReadAction","target":["https:\/\/www.stachristiana.at\/hlw-bafep-frohsdorf\/anfahrt"]}]},{"@type":"BreadcrumbList","@id":"https:\/\/www.stachristiana.at\/hlw-bafep-frohsdorf\/anfahrt#breadcrumb","itemListElement":[{"@type":"ListItem","position":1,"name":"Start","item":"https:\/\/www.stachristiana.at\/"},{"@type":"ListItem","position":2,"name":"Kontakt \/ Anfahrt"}]},{"@type":"WebSite","@id":"https:\/\/www.stachristiana.at\/hlw-bafep-frohsdorf\/#website","url":"https:\/\/www.stachristiana.at\/hlw-bafep-frohsdorf\/","name":"Sta. Christiana - HLW - BAfEP Frohsdorf","description":"H\u00f6here Lehranstalt, Fachschule und Aufbaulehrgang f\u00fcr wirtschaftliche Berufe und Bildungsanstalt und Kolleg f\u00fcr Elementarp\u00e4dagogik","publisher":{"@id":"https:\/\/www.stachristiana.at\/hlw-bafep-frohsdorf\/#organization"},"alternateName":"Sta. Christiana","potentialAction":[{"@type":"SearchAction","target":{"@type":"EntryPoint","urlTemplate":"https:\/\/www.stachristiana.at\/hlw-bafep-frohsdorf\/?s={search_term_string}"},"query-input":{"@type":"PropertyValueSpecification","valueRequired":true,"valueName":"search_term_string"}}],"inLanguage":"de"},{"@type":"Organization","@id":"https:\/\/www.stachristiana.at\/hlw-bafep-frohsdorf\/#organization","name":"Sta. Christiana - HLW und BAfEP Frohsdorf","alternateName":"Sta. Christiana","url":"https:\/\/www.stachristiana.at\/hlw-bafep-frohsdorf\/","logo":{"@type":"ImageObject","inLanguage":"de","@id":"https:\/\/www.stachristiana.at\/hlw-bafep-frohsdorf\/#\/schema\/logo\/image\/","url":"https:\/\/www.stachristiana.at\/app\/uploads\/sites\/6\/2022\/05\/logo-sta-christiana.png","contentUrl":"https:\/\/www.stachristiana.at\/app\/uploads\/sites\/6\/2022\/05\/logo-sta-christiana.png","width":1200,"height":491,"caption":"Sta. Christiana - HLW und BAfEP Frohsdorf"},"image":{"@id":"https:\/\/www.stachristiana.at\/hlw-bafep-frohsdorf\/#\/schema\/logo\/image\/"}}]}},"_links":{"self":[{"href":"https:\/\/www.stachristiana.at\/hlw-bafep-frohsdorf\/wp-json\/wp\/v2\/pages\/171","targetHints":{"allow":["GET"]}}],"collection":[{"href":"https:\/\/www.stachristiana.at\/hlw-bafep-frohsdorf\/wp-json\/wp\/v2\/pages"}],"about":[{"href":"https:\/\/www.stachristiana.at\/hlw-bafep-frohsdorf\/wp-json\/wp\/v2\/types\/page"}],"author":[{"embeddable":true,"href":"https:\/\/www.stachristiana.at\/hlw-bafep-frohsdorf\/wp-json\/wp\/v2\/users\/1"}],"replies":[{"embeddable":true,"href":"https:\/\/www.stachristiana.at\/hlw-bafep-frohsdorf\/wp-json\/wp\/v2\/comments?post=171"}],"version-history":[{"count":66,"href":"https:\/\/www.stachristiana.at\/hlw-bafep-frohsdorf\/wp-json\/wp\/v2\/pages\/171\/revisions"}],"predecessor-version":[{"id":2657,"href":"https:\/\/www.stachristiana.at\/hlw-bafep-frohsdorf\/wp-json\/wp\/v2\/pages\/171\/revisions\/2657"}],"wp:attachment":[{"href":"https:\/\/www.stachristiana.at\/hlw-bafep-frohsdorf\/wp-json\/wp\/v2\/media?parent=171"}],"curies":[{"name":"wp","href":"https:\/\/api.w.org\/{rel}","templated":true}]}}