{"id":149,"date":"2022-05-10T16:12:03","date_gmt":"2022-05-10T14:12:03","guid":{"rendered":"https:\/\/devmultisite.superfesch.at\/hlw-rodaun\/?page_id=149"},"modified":"2025-08-19T11:33:15","modified_gmt":"2025-08-19T09:33:15","slug":"pressespiegel","status":"publish","type":"page","link":"https:\/\/www.stachristiana.at\/hlw-bafep-frohsdorf\/was-wir-tun\/pressespiegel","title":{"rendered":"Pressespiegel"},"content":{"rendered":"\n<p>Seitdem Dr. Alexander Kucera Leiter der Schulen ist, haben wir jedes Jahr kontinuierlich alle Pressemeldungen der Schule gesammelt. <\/p>\n\n\n\n<p>Damit k\u00f6nnen wir \u00fcber einen Zeitraum von zwei Jahrzehnten jedes Schuljahr auch durch einen Pressespiegel dokumentieren.<\/p>\n\n\n\n<div id=\"linklist-block_8bd9473e3e212ec20f32c28f748fbcad\" class=\"linklist\">\n\t\t\n\t\t<a href=\"https:\/\/www.stachristiana.at\/app\/uploads\/sites\/6\/2025\/08\/Pressespiegel_2024_2025.pdf\" target=\"_blank\" class=\"linklist-item linklist-item-hellblau\">\n\t\t\t2024\/2025\t\t<\/a>\n\n\t\t\n\t\t<a href=\"https:\/\/www.stachristiana.at\/app\/uploads\/sites\/6\/2024\/08\/Pressespiegel_2023_2024.pdf\" target=\"_blank\" class=\"linklist-item linklist-item-hellblau\">\n\t\t\t2023\/2024\t\t<\/a>\n\n\t\t\n\t\t<a href=\"https:\/\/www.stachristiana.at\/app\/uploads\/sites\/6\/2023\/09\/Pressespiegel_2022_2023.pdf\" target=\"_blank\" class=\"linklist-item linklist-item-hellblau\">\n\t\t\t2022\/2023\t\t<\/a>\n\n\t\t\n\t\t<a href=\"https:\/\/www.stachristiana.at\/app\/uploads\/sites\/6\/2022\/12\/Pressespiegel_2021_2022.pdf\" target=\"_blank\" class=\"linklist-item linklist-item-hellblau\">\n\t\t\t2021\/2022\t\t<\/a>\n\n\t\t\n\t\t<a href=\"https:\/\/www.stachristiana.at\/app\/uploads\/sites\/6\/2022\/12\/Pressespiegel_2020_2021.pdf\" target=\"_blank\" class=\"linklist-item linklist-item-hellblau\">\n\t\t\t2020\/2021\t\t<\/a>\n\n\t\t\n\t\t<a href=\"https:\/\/www.stachristiana.at\/app\/uploads\/sites\/6\/2022\/12\/Pressespiegel_2019_2020.pdf\" target=\"_blank\" class=\"linklist-item linklist-item-hellblau\">\n\t\t\t2019\/2020\t\t<\/a>\n\n\t\t\n\t\t<a href=\"https:\/\/www.stachristiana.at\/app\/uploads\/sites\/6\/2022\/12\/Pressespiegel_2018_2019.pdf\" target=\"_blank\" class=\"linklist-item linklist-item-hellblau\">\n\t\t\t2018\/2019\t\t<\/a>\n\n\t\t\n\t\t<a href=\"https:\/\/www.stachristiana.at\/app\/uploads\/sites\/6\/2022\/12\/Pressespiegel_2017_2018.pdf\" target=\"_blank\" class=\"linklist-item linklist-item-hellblau\">\n\t\t\t2017\/2018\t\t<\/a>\n\n\t\t\n\t\t<a href=\"https:\/\/www.stachristiana.at\/app\/uploads\/sites\/6\/2022\/12\/Pressespiegel_2016_2017.pdf\" target=\"_blank\" class=\"linklist-item linklist-item-hellblau\">\n\t\t\t2016\/2017\t\t<\/a>\n\n\t\t\n\t\t<a href=\"https:\/\/www.stachristiana.at\/app\/uploads\/sites\/6\/2022\/12\/Pressespiegel_2015_2016.pdf\" target=\"_blank\" class=\"linklist-item linklist-item-hellblau\">\n\t\t\t2015\/2016\t\t<\/a>\n\n\t\t\n\t\t<a href=\"https:\/\/www.stachristiana.at\/app\/uploads\/sites\/6\/2022\/12\/Pressespiegel_2014_2015.pdf\" target=\"_blank\" class=\"linklist-item linklist-item-hellblau\">\n\t\t\t2014\/2015\t\t<\/a>\n\n\t\t\n\t\t<a href=\"https:\/\/www.stachristiana.at\/app\/uploads\/sites\/6\/2022\/12\/Pressespiegel_2013_2014.pdf\" target=\"_blank\" class=\"linklist-item linklist-item-hellblau\">\n\t\t\t2013\/2014\t\t<\/a>\n\n\t\t\n\t\t<a href=\"https:\/\/www.stachristiana.at\/app\/uploads\/sites\/6\/2022\/12\/Pressespiegel_2012_2013.pdf\" target=\"_blank\" class=\"linklist-item linklist-item-hellblau\">\n\t\t\t2012\/2013\t\t<\/a>\n\n\t\t\n\t\t<a href=\"https:\/\/www.stachristiana.at\/app\/uploads\/sites\/6\/2022\/12\/Pressespiegel-2011_12.pdf\" target=\"_blank\" class=\"linklist-item linklist-item-hellblau\">\n\t\t\t2011\/2012\t\t<\/a>\n\n\t\t\n\t\t<a href=\"https:\/\/www.stachristiana.at\/app\/uploads\/sites\/6\/2022\/12\/Pressespiegel-2010_11.pdf\" target=\"_blank\" class=\"linklist-item linklist-item-hellblau\">\n\t\t\t2010\/2011\t\t<\/a>\n\n\t\t\n\t\t<a href=\"https:\/\/www.stachristiana.at\/app\/uploads\/sites\/6\/2022\/12\/Pressespiegel-2009_10.pdf\" target=\"_blank\" class=\"linklist-item linklist-item-hellblau\">\n\t\t\t2009\/2010\t\t<\/a>\n\n\t\t\n\t\t<a href=\"https:\/\/www.stachristiana.at\/app\/uploads\/sites\/6\/2022\/12\/Pressespiegel-2008_09.pdf\" target=\"_blank\" class=\"linklist-item linklist-item-hellblau\">\n\t\t\t2008\/2009\t\t<\/a>\n\n\t\t\n\t\t<a href=\"https:\/\/www.stachristiana.at\/app\/uploads\/sites\/6\/2022\/12\/Pressespiegel-2007_08.pdf\" target=\"_blank\" class=\"linklist-item linklist-item-hellblau\">\n\t\t\t2007\/2008\t\t<\/a>\n\n\t\t\n\t\t<a href=\"https:\/\/www.stachristiana.at\/app\/uploads\/sites\/6\/2022\/12\/Pressespiegel-2006_07.pdf\" target=\"_blank\" class=\"linklist-item linklist-item-hellblau\">\n\t\t\t2006\/2007\t\t<\/a>\n\n\t\t\n\t\t<a href=\"https:\/\/www.stachristiana.at\/app\/uploads\/sites\/6\/2022\/12\/Pressespiegel200506.pdf\" target=\"_blank\" class=\"linklist-item linklist-item-hellblau\">\n\t\t\t2005\/2006\t\t<\/a>\n\n\t\t\n\t\t<a href=\"https:\/\/www.stachristiana.at\/app\/uploads\/sites\/6\/2022\/12\/Pressespiegel200405.pdf\" target=\"_blank\" class=\"linklist-item linklist-item-hellblau\">\n\t\t\t2004\/2005\t\t<\/a>\n\n\t\t\n\t\t<a href=\"https:\/\/www.stachristiana.at\/app\/uploads\/sites\/6\/2022\/12\/Pressespiegel200304.pdf\" target=\"_blank\" class=\"linklist-item linklist-item-hellblau\">\n\t\t\t2003\/2004\t\t<\/a>\n\n\t\t\n\t\t<a href=\"https:\/\/www.stachristiana.at\/app\/uploads\/sites\/6\/2022\/12\/Pressespiegel-2002_03.pdf\" target=\"_blank\" class=\"linklist-item linklist-item-hellblau\">\n\t\t\t2002\/2003\t\t<\/a>\n\n\t\t\n\t\t<a href=\"https:\/\/www.stachristiana.at\/app\/uploads\/sites\/6\/2022\/12\/Pressespiegel-2001_02.pdf\" target=\"_blank\" class=\"linklist-item linklist-item-hellblau\">\n\t\t\t2001\/2002\t\t<\/a>\n\n\t<\/div>\n\n\n\n<div style=\"height:32px\" aria-hidden=\"true\" class=\"wp-block-spacer\"><\/div>\n","protected":false},"excerpt":{"rendered":"<p>Seitdem Dr. Alexander Kucera Leiter der Schulen ist, haben wir jedes Jahr kontinuierlich alle Pressemeldungen der Schule gesammelt. Damit k\u00f6nnen wir \u00fcber einen Zeitraum von zwei Jahrzehnten jedes Schuljahr auch durch einen Pressespiegel dokumentieren.<\/p>\n","protected":false},"author":1,"featured_media":0,"parent":142,"menu_order":0,"comment_status":"closed","ping_status":"closed","template":"","meta":{"footnotes":""},"class_list":["post-149","page","type-page","status-publish","hentry"],"acf":[],"yoast_head":"<!-- This site is optimized with the Yoast SEO plugin v26.8 - https:\/\/yoast.com\/product\/yoast-seo-wordpress\/ -->\n<title>Pressespiegel - HLW, BAfEP &amp; BASOP Frohsdorf<\/title>\n<meta name=\"robots\" content=\"index, follow, max-snippet:-1, max-image-preview:large, max-video-preview:-1\" \/>\n<link rel=\"canonical\" href=\"https:\/\/www.stachristiana.at\/hlw-bafep-frohsdorf\/was-wir-tun\/pressespiegel\" \/>\n<meta property=\"og:locale\" content=\"de_DE\" \/>\n<meta property=\"og:type\" content=\"article\" \/>\n<meta property=\"og:title\" content=\"Pressespiegel - HLW, BAfEP &amp; BASOP Frohsdorf\" \/>\n<meta property=\"og:description\" content=\"Seitdem Dr. Alexander Kucera Leiter der Schulen ist, haben wir jedes Jahr kontinuierlich alle Pressemeldungen der Schule gesammelt. Damit k\u00f6nnen wir \u00fcber einen Zeitraum von zwei Jahrzehnten jedes Schuljahr auch durch einen Pressespiegel dokumentieren.\" \/>\n<meta property=\"og:url\" content=\"https:\/\/www.stachristiana.at\/hlw-bafep-frohsdorf\/was-wir-tun\/pressespiegel\" \/>\n<meta property=\"og:site_name\" content=\"HLW, BAfEP &amp; BASOP Frohsdorf\" \/>\n<meta property=\"article:modified_time\" content=\"2025-08-19T09:33:15+00:00\" \/>\n<meta property=\"og:image\" content=\"https:\/\/www.stachristiana.at\/app\/uploads\/sites\/6\/2022\/05\/logo-sta-christiana.png\" \/>\n\t<meta property=\"og:image:width\" content=\"1200\" \/>\n\t<meta property=\"og:image:height\" content=\"491\" \/>\n\t<meta property=\"og:image:type\" content=\"image\/png\" \/>\n<meta name=\"twitter:card\" content=\"summary_large_image\" \/>\n<meta name=\"twitter:label1\" content=\"Gesch\u00e4tzte Lesezeit\" \/>\n\t<meta name=\"twitter:data1\" content=\"1\u00a0Minute\" \/>\n<script type=\"application\/ld+json\" class=\"yoast-schema-graph\">{\"@context\":\"https:\/\/schema.org\",\"@graph\":[{\"@type\":\"WebPage\",\"@id\":\"https:\/\/www.stachristiana.at\/hlw-bafep-frohsdorf\/was-wir-tun\/pressespiegel\",\"url\":\"https:\/\/www.stachristiana.at\/hlw-bafep-frohsdorf\/was-wir-tun\/pressespiegel\",\"name\":\"Pressespiegel - HLW, BAfEP &amp; BASOP Frohsdorf\",\"isPartOf\":{\"@id\":\"https:\/\/www.stachristiana.at\/hlw-bafep-frohsdorf\/#website\"},\"datePublished\":\"2022-05-10T14:12:03+00:00\",\"dateModified\":\"2025-08-19T09:33:15+00:00\",\"breadcrumb\":{\"@id\":\"https:\/\/www.stachristiana.at\/hlw-bafep-frohsdorf\/was-wir-tun\/pressespiegel#breadcrumb\"},\"inLanguage\":\"de\",\"potentialAction\":[{\"@type\":\"ReadAction\",\"target\":[\"https:\/\/www.stachristiana.at\/hlw-bafep-frohsdorf\/was-wir-tun\/pressespiegel\"]}]},{\"@type\":\"BreadcrumbList\",\"@id\":\"https:\/\/www.stachristiana.at\/hlw-bafep-frohsdorf\/was-wir-tun\/pressespiegel#breadcrumb\",\"itemListElement\":[{\"@type\":\"ListItem\",\"position\":1,\"name\":\"Start\",\"item\":\"https:\/\/www.stachristiana.at\/\"},{\"@type\":\"ListItem\",\"position\":2,\"name\":\"Was wir tun\",\"item\":\"https:\/\/www.stachristiana.at\/hlw-bafep-frohsdorf\/was-wir-tun\"},{\"@type\":\"ListItem\",\"position\":3,\"name\":\"Pressespiegel\"}]},{\"@type\":\"WebSite\",\"@id\":\"https:\/\/www.stachristiana.at\/hlw-bafep-frohsdorf\/#website\",\"url\":\"https:\/\/www.stachristiana.at\/hlw-bafep-frohsdorf\/\",\"name\":\"Sta. Christiana - HLW - BAfEP Frohsdorf\",\"description\":\"H\u00f6here Lehranstalt, Fachschule und Aufbaulehrgang f\u00fcr wirtschaftliche Berufe und Bildungsanstalt und Kolleg f\u00fcr Elementarp\u00e4dagogik\",\"publisher\":{\"@id\":\"https:\/\/www.stachristiana.at\/hlw-bafep-frohsdorf\/#organization\"},\"alternateName\":\"Sta. Christiana\",\"potentialAction\":[{\"@type\":\"SearchAction\",\"target\":{\"@type\":\"EntryPoint\",\"urlTemplate\":\"https:\/\/www.stachristiana.at\/hlw-bafep-frohsdorf\/?s={search_term_string}\"},\"query-input\":{\"@type\":\"PropertyValueSpecification\",\"valueRequired\":true,\"valueName\":\"search_term_string\"}}],\"inLanguage\":\"de\"},{\"@type\":\"Organization\",\"@id\":\"https:\/\/www.stachristiana.at\/hlw-bafep-frohsdorf\/#organization\",\"name\":\"Sta. Christiana - HLW und BAfEP Frohsdorf\",\"alternateName\":\"Sta. Christiana\",\"url\":\"https:\/\/www.stachristiana.at\/hlw-bafep-frohsdorf\/\",\"logo\":{\"@type\":\"ImageObject\",\"inLanguage\":\"de\",\"@id\":\"https:\/\/www.stachristiana.at\/hlw-bafep-frohsdorf\/#\/schema\/logo\/image\/\",\"url\":\"https:\/\/www.stachristiana.at\/app\/uploads\/sites\/6\/2022\/05\/logo-sta-christiana.png\",\"contentUrl\":\"https:\/\/www.stachristiana.at\/app\/uploads\/sites\/6\/2022\/05\/logo-sta-christiana.png\",\"width\":1200,\"height\":491,\"caption\":\"Sta. Christiana - HLW und BAfEP Frohsdorf\"},\"image\":{\"@id\":\"https:\/\/www.stachristiana.at\/hlw-bafep-frohsdorf\/#\/schema\/logo\/image\/\"}}]}<\/script>\n<!-- \/ Yoast SEO plugin. -->","yoast_head_json":{"title":"Pressespiegel - HLW, BAfEP &amp; BASOP Frohsdorf","robots":{"index":"index","follow":"follow","max-snippet":"max-snippet:-1","max-image-preview":"max-image-preview:large","max-video-preview":"max-video-preview:-1"},"canonical":"https:\/\/www.stachristiana.at\/hlw-bafep-frohsdorf\/was-wir-tun\/pressespiegel","og_locale":"de_DE","og_type":"article","og_title":"Pressespiegel - HLW, BAfEP &amp; BASOP Frohsdorf","og_description":"Seitdem Dr. Alexander Kucera Leiter der Schulen ist, haben wir jedes Jahr kontinuierlich alle Pressemeldungen der Schule gesammelt. Damit k\u00f6nnen wir \u00fcber einen Zeitraum von zwei Jahrzehnten jedes Schuljahr auch durch einen Pressespiegel dokumentieren.","og_url":"https:\/\/www.stachristiana.at\/hlw-bafep-frohsdorf\/was-wir-tun\/pressespiegel","og_site_name":"HLW, BAfEP &amp; BASOP Frohsdorf","article_modified_time":"2025-08-19T09:33:15+00:00","og_image":[{"width":1200,"height":491,"url":"https:\/\/www.stachristiana.at\/app\/uploads\/sites\/6\/2022\/05\/logo-sta-christiana.png","type":"image\/png"}],"twitter_card":"summary_large_image","twitter_misc":{"Gesch\u00e4tzte Lesezeit":"1\u00a0Minute"},"schema":{"@context":"https:\/\/schema.org","@graph":[{"@type":"WebPage","@id":"https:\/\/www.stachristiana.at\/hlw-bafep-frohsdorf\/was-wir-tun\/pressespiegel","url":"https:\/\/www.stachristiana.at\/hlw-bafep-frohsdorf\/was-wir-tun\/pressespiegel","name":"Pressespiegel - HLW, BAfEP &amp; BASOP Frohsdorf","isPartOf":{"@id":"https:\/\/www.stachristiana.at\/hlw-bafep-frohsdorf\/#website"},"datePublished":"2022-05-10T14:12:03+00:00","dateModified":"2025-08-19T09:33:15+00:00","breadcrumb":{"@id":"https:\/\/www.stachristiana.at\/hlw-bafep-frohsdorf\/was-wir-tun\/pressespiegel#breadcrumb"},"inLanguage":"de","potentialAction":[{"@type":"ReadAction","target":["https:\/\/www.stachristiana.at\/hlw-bafep-frohsdorf\/was-wir-tun\/pressespiegel"]}]},{"@type":"BreadcrumbList","@id":"https:\/\/www.stachristiana.at\/hlw-bafep-frohsdorf\/was-wir-tun\/pressespiegel#breadcrumb","itemListElement":[{"@type":"ListItem","position":1,"name":"Start","item":"https:\/\/www.stachristiana.at\/"},{"@type":"ListItem","position":2,"name":"Was wir tun","item":"https:\/\/www.stachristiana.at\/hlw-bafep-frohsdorf\/was-wir-tun"},{"@type":"ListItem","position":3,"name":"Pressespiegel"}]},{"@type":"WebSite","@id":"https:\/\/www.stachristiana.at\/hlw-bafep-frohsdorf\/#website","url":"https:\/\/www.stachristiana.at\/hlw-bafep-frohsdorf\/","name":"Sta. Christiana - HLW - BAfEP Frohsdorf","description":"H\u00f6here Lehranstalt, Fachschule und Aufbaulehrgang f\u00fcr wirtschaftliche Berufe und Bildungsanstalt und Kolleg f\u00fcr Elementarp\u00e4dagogik","publisher":{"@id":"https:\/\/www.stachristiana.at\/hlw-bafep-frohsdorf\/#organization"},"alternateName":"Sta. Christiana","potentialAction":[{"@type":"SearchAction","target":{"@type":"EntryPoint","urlTemplate":"https:\/\/www.stachristiana.at\/hlw-bafep-frohsdorf\/?s={search_term_string}"},"query-input":{"@type":"PropertyValueSpecification","valueRequired":true,"valueName":"search_term_string"}}],"inLanguage":"de"},{"@type":"Organization","@id":"https:\/\/www.stachristiana.at\/hlw-bafep-frohsdorf\/#organization","name":"Sta. Christiana - HLW und BAfEP Frohsdorf","alternateName":"Sta. Christiana","url":"https:\/\/www.stachristiana.at\/hlw-bafep-frohsdorf\/","logo":{"@type":"ImageObject","inLanguage":"de","@id":"https:\/\/www.stachristiana.at\/hlw-bafep-frohsdorf\/#\/schema\/logo\/image\/","url":"https:\/\/www.stachristiana.at\/app\/uploads\/sites\/6\/2022\/05\/logo-sta-christiana.png","contentUrl":"https:\/\/www.stachristiana.at\/app\/uploads\/sites\/6\/2022\/05\/logo-sta-christiana.png","width":1200,"height":491,"caption":"Sta. Christiana - HLW und BAfEP Frohsdorf"},"image":{"@id":"https:\/\/www.stachristiana.at\/hlw-bafep-frohsdorf\/#\/schema\/logo\/image\/"}}]}},"_links":{"self":[{"href":"https:\/\/www.stachristiana.at\/hlw-bafep-frohsdorf\/wp-json\/wp\/v2\/pages\/149","targetHints":{"allow":["GET"]}}],"collection":[{"href":"https:\/\/www.stachristiana.at\/hlw-bafep-frohsdorf\/wp-json\/wp\/v2\/pages"}],"about":[{"href":"https:\/\/www.stachristiana.at\/hlw-bafep-frohsdorf\/wp-json\/wp\/v2\/types\/page"}],"author":[{"embeddable":true,"href":"https:\/\/www.stachristiana.at\/hlw-bafep-frohsdorf\/wp-json\/wp\/v2\/users\/1"}],"replies":[{"embeddable":true,"href":"https:\/\/www.stachristiana.at\/hlw-bafep-frohsdorf\/wp-json\/wp\/v2\/comments?post=149"}],"version-history":[{"count":24,"href":"https:\/\/www.stachristiana.at\/hlw-bafep-frohsdorf\/wp-json\/wp\/v2\/pages\/149\/revisions"}],"predecessor-version":[{"id":3052,"href":"https:\/\/www.stachristiana.at\/hlw-bafep-frohsdorf\/wp-json\/wp\/v2\/pages\/149\/revisions\/3052"}],"up":[{"embeddable":true,"href":"https:\/\/www.stachristiana.at\/hlw-bafep-frohsdorf\/wp-json\/wp\/v2\/pages\/142"}],"wp:attachment":[{"href":"https:\/\/www.stachristiana.at\/hlw-bafep-frohsdorf\/wp-json\/wp\/v2\/media?parent=149"}],"curies":[{"name":"wp","href":"https:\/\/api.w.org\/{rel}","templated":true}]}}