{"id":142,"date":"2022-05-10T16:01:12","date_gmt":"2022-05-10T14:01:12","guid":{"rendered":"https:\/\/devmultisite.superfesch.at\/hlw-rodaun\/?page_id=142"},"modified":"2023-10-30T10:43:52","modified_gmt":"2023-10-30T09:43:52","slug":"was-wir-tun","status":"publish","type":"page","link":"https:\/\/www.stachristiana.at\/hlw-bafep-frohsdorf\/was-wir-tun","title":{"rendered":"Was wir tun"},"content":{"rendered":"\n<p class=\"has-text-align-right\"><strong>&#8222;Sta. Christiana \u2013 Schulen zum Leben!&#8220;<\/strong><br><strong>&#8222;Unsere Schulen sind Lebensr\u00e4ume, in denen Menschlichkeit erfahren und einge\u00fcbt wird.&#8220;<\/strong><\/p>\n\n\n\n<p>Die im Vergleich zu anderen Schulstandorten geringere Gr\u00f6\u00dfe macht unsere Schule sehr famili\u00e4r und flexibel f\u00fcr Ver\u00e4nderungen. Das ist sowohl im sozialen wie auch im p\u00e4dagogischen Alltag positiv bemerkbar.<\/p>\n\n\n\n<p>So halten wir z. B. monatliche p\u00e4dagogische Besprechungen aller Lehrerinnen und Lehrer sowie regelm\u00e4\u00dfige Fachgruppenmeetings ab.<\/p>\n\n\n\n<p>Es besteht au\u00dferdem ein intensiver Kontakt zwischen Sch\u00fcler<em>innen und Lehrer<\/em>innen.<br>&nbsp;<\/p>\n\n\n\n<figure class=\"wp-block-image size-full is-resized\"><img loading=\"lazy\" decoding=\"async\" width=\"900\" height=\"600\" src=\"https:\/\/www.stachristiana.at\/app\/uploads\/sites\/6\/2022\/09\/sitzen-wiese.jpg\" alt=\"\" class=\"wp-image-733\" srcset=\"https:\/\/www.stachristiana.at\/app\/uploads\/sites\/6\/2022\/09\/sitzen-wiese.jpg 900w, https:\/\/www.stachristiana.at\/app\/uploads\/sites\/6\/2022\/09\/sitzen-wiese-400x267.jpg 400w, https:\/\/www.stachristiana.at\/app\/uploads\/sites\/6\/2022\/09\/sitzen-wiese-768x512.jpg 768w, https:\/\/www.stachristiana.at\/app\/uploads\/sites\/6\/2022\/09\/sitzen-wiese-690x460.jpg 690w, https:\/\/www.stachristiana.at\/app\/uploads\/sites\/6\/2022\/09\/sitzen-wiese-113x75.jpg 113w\" sizes=\"auto, (max-width: 900px) 100vw, 900px\" \/><\/figure>\n\n\n\n<p>&nbsp;<br>&#8222;Jede Sch\u00fclerin und jeder Sch\u00fcler hat das Recht, als Teil der Schulgemeinschaft wahrgenommen zu werden und hat das Recht auf pers\u00f6nliche Integrit\u00e4t innerhalb der Grenzen schulischer Disziplin. \/\u2026\/&nbsp;Von Sch\u00fclerinnen und Sch\u00fclern wird erwartet, dass sie nach dem Besten im Schulleben streben, das sie geben k\u00f6nnen.&#8220;<\/p>\n\n\n\n<p>&#8222;Sowohl die Eltern als auch die Schule haben das Recht auf gegenseitige Unterst\u00fctzung und gegenseitigen Respekt f\u00fcr die Verantwortung f\u00fcr die Erziehung der Kinder.\/\u2026\/&nbsp;Eltern haben die Pflicht, sich als Partner in Bildung und Erziehung in der Schule ihrer Kinder zu engagieren.&#8220;<\/p>\n\n\n\n<p>&#8222;Wir haben die h\u00f6chsten Erwartungen an unsere Sch\u00fclerInnen als selbst\u00e4ndig Lernende \/\u2026\/.&nbsp;In allen zwischen-menschlichen Beziehungen legen wir gro\u00dfen Wert auf Offenheit, Ehrlichkeit, Respekt und Toleranz.&#8220;<\/p>\n\n\n\n<p>Charta \u00fcber die Rechte und Pflichten von Eltern in \u00d6sterreich, basierend auf der Charta des Europ\u00e4ischen Elternverbandes<\/p>\n\n\n\n<figure class=\"wp-block-image size-large is-resized\"><img loading=\"lazy\" decoding=\"async\" width=\"769\" height=\"1024\" src=\"https:\/\/www.stachristiana.at\/app\/uploads\/sites\/6\/2023\/01\/6-769x1024.jpg\" alt=\"\" class=\"wp-image-1188\" srcset=\"https:\/\/www.stachristiana.at\/app\/uploads\/sites\/6\/2023\/01\/6-769x1024.jpg 769w, https:\/\/www.stachristiana.at\/app\/uploads\/sites\/6\/2023\/01\/6-300x400.jpg 300w, https:\/\/www.stachristiana.at\/app\/uploads\/sites\/6\/2023\/01\/6-768x1023.jpg 768w, https:\/\/www.stachristiana.at\/app\/uploads\/sites\/6\/2023\/01\/6-345x460.jpg 345w, https:\/\/www.stachristiana.at\/app\/uploads\/sites\/6\/2023\/01\/6-56x75.jpg 56w, https:\/\/www.stachristiana.at\/app\/uploads\/sites\/6\/2023\/01\/6.jpg 900w\" sizes=\"auto, (max-width: 769px) 100vw, 769px\" \/><\/figure>\n\n\n\n<p>Die Anerkennung von Rechten f\u00fchrt aber auch zu einer Wahrnehmung von Pflichten und Verantwortungen.&nbsp;<br>Jede(r) Sch\u00fcler*in ist daf\u00fcr verantwortlich, sich so zu benehmen, dass die Rechte anderer und der Ruf der Schule nicht in Mitleidenschaft gezogen werden.<\/p>\n\n\n\n<p>Von Sch\u00fcler*innen wird erwartet, dass sie nach dem Besten im Schulleben streben, das sie geben k\u00f6nnen.&nbsp;<br>Es wird von Sch\u00fcler*innen erwartet, dass sie grunds\u00e4tzliche gesetzliche Vorgaben und den&nbsp;<strong><a href=\"https:\/\/www.stachristiana.at\/app\/uploads\/sites\/6\/2023\/01\/Frohsdorfer-Codex-12.12.2022.pdf\" target=\"_blank\" rel=\"noreferrer noopener\">Frohsdorfer Codex&nbsp;(download als *.pdf)<\/a><\/strong>&nbsp;sowohl innerhalb als auch au\u00dferhalb der Schule befolgen.<a href=\"https:\/\/www.stachristiana.at\/images\/frohsdorf\/HLW\/Dokumente\/Frohsdorfer_Codex.pdf\"><\/a><\/p>\n\n\n\n<p>Intensives Teamwork und die Beachtung individueller Bed\u00fcrfnisse ist die Basis f\u00fcr erfolgreiches Zusammenleben. Wir haben die h\u00f6chsten Erwartungen an unsere Sch\u00fcler*innen als selbst\u00e4ndig Lernende und verantwortungsvolle B\u00fcrger. In allen zwischenmenschlichen Beziehungen legen wir gro\u00dfen Wert auf Offenheit, Ehrlichkeit, Respekt und Toleranz.<\/p>\n\n\n\n<figure class=\"wp-block-image size-large is-resized\"><img loading=\"lazy\" decoding=\"async\" width=\"739\" height=\"1024\" src=\"https:\/\/www.stachristiana.at\/app\/uploads\/sites\/6\/2023\/01\/Sta-Christiana-12-739x1024.jpg\" alt=\"\" class=\"wp-image-1186\" srcset=\"https:\/\/www.stachristiana.at\/app\/uploads\/sites\/6\/2023\/01\/Sta-Christiana-12-739x1024.jpg 739w, https:\/\/www.stachristiana.at\/app\/uploads\/sites\/6\/2023\/01\/Sta-Christiana-12-289x400.jpg 289w, https:\/\/www.stachristiana.at\/app\/uploads\/sites\/6\/2023\/01\/Sta-Christiana-12-768x1064.jpg 768w, https:\/\/www.stachristiana.at\/app\/uploads\/sites\/6\/2023\/01\/Sta-Christiana-12-332x460.jpg 332w, https:\/\/www.stachristiana.at\/app\/uploads\/sites\/6\/2023\/01\/Sta-Christiana-12-54x75.jpg 54w, https:\/\/www.stachristiana.at\/app\/uploads\/sites\/6\/2023\/01\/Sta-Christiana-12.jpg 900w\" sizes=\"auto, (max-width: 739px) 100vw, 739px\" \/><\/figure>\n\n\n\n<p>In unserer Schule lernen sich Sch\u00fcler*innen und Lehrer*innen sehr gut kennen. Alle gemeinsam nehmen wir am vielf\u00e4ltigen Schulleben vom Unterricht \u00fcber gesellschaftlichen Veranstaltungen bis zu religi\u00f6sen Anl\u00e4ssen teil.<\/p>\n\n\n\n<p><\/p>\n\n\n\n<h2 class=\"wp-block-heading\"><a href=\"https:\/\/www.stachristiana.at\/hlw-bafep-frohsdorf\/news\">News<\/a><\/h2>\n\n\n\n<div id=\"list-block_005351d1b92cac38423a236f590f14fe\" class=\"article-list\">\n\t\t\n\t\t<a href=\"https:\/\/www.stachristiana.at\/hlw-bafep-frohsdorf\/news\/anmeldung.html\" class=\"article-list-item focus-light\">\n\t\t\t<h3 class=\"list-item-title\">Anmeldung<\/h3>\n\t\t\t<figure class=\"list-item-thumb\"><img loading=\"lazy\" decoding=\"async\" width=\"250\" height=\"250\" src=\"https:\/\/www.stachristiana.at\/app\/uploads\/sites\/6\/2023\/01\/Journaldienst_900-250x250.jpg\" class=\"attachment-article-thumb size-article-thumb wp-post-image\" alt=\"\" srcset=\"https:\/\/www.stachristiana.at\/app\/uploads\/sites\/6\/2023\/01\/Journaldienst_900-250x250.jpg 250w, https:\/\/www.stachristiana.at\/app\/uploads\/sites\/6\/2023\/01\/Journaldienst_900-150x150.jpg 150w\" sizes=\"auto, (max-width: 250px) 100vw, 250px\" \/><\/figure>\t\t\t<div class=\"list-item-text\">\n\t\t\t\t<p>Anmeldungen f\u00fcr das kommende Schuljahr sind weiterhin m\u00f6glich! Nutzen Sie einfach jederzeit unsere bequeme Online-Anmeldung! Sie k\u00f6nnen auch von 08:00-14:00 ohne Terminvereinbarung eine Anmeldung in der Schule vornehmen. Wir stehen<span class=\"light\"> &#8230;<\/span> <\/p>\n\t\t\t\t<span class=\"btn-read-more\" aria-hidden=\"true\"><i class=\"fa fa-chevron-right\" aria-hidden=\"true\"><\/i> mehr lesen&#8230;<\/span>\n\t\t\t<\/div>\n\t\t<\/a>\n\n\t\t\n\t\t<a href=\"https:\/\/www.stachristiana.at\/hlw-bafep-frohsdorf\/news\/basop-bildungsanstalt-fuer-sozialpaedagogik.html\" class=\"article-list-item focus-light\">\n\t\t\t<h3 class=\"list-item-title\">BASOP &#8211; Bildungsanstalt f\u00fcr Sozialp\u00e4dagogik<\/h3>\n\t\t\t<figure class=\"list-item-thumb\"><img loading=\"lazy\" decoding=\"async\" width=\"250\" height=\"250\" src=\"https:\/\/www.stachristiana.at\/app\/uploads\/sites\/6\/2024\/08\/1.-Wahl-250x250.jpg\" class=\"attachment-article-thumb size-article-thumb wp-post-image\" alt=\"\" srcset=\"https:\/\/www.stachristiana.at\/app\/uploads\/sites\/6\/2024\/08\/1.-Wahl-250x250.jpg 250w, https:\/\/www.stachristiana.at\/app\/uploads\/sites\/6\/2024\/08\/1.-Wahl-150x150.jpg 150w\" sizes=\"auto, (max-width: 250px) 100vw, 250px\" \/><\/figure>\t\t\t<div class=\"list-item-text\">\n\t\t\t\t<p>Neu ab 2025\/2026 !!! Fundierte Ausbildung f\u00fcr die Arbeit mit Menschen jeden Alters Fundierte Ausbildung f\u00fcr die Arbeit mit Menschen jeden Alters! In unserer Bildungsanstalt f\u00fcr Sozialp\u00e4dagogik bieten wir eine<span class=\"light\"> &#8230;<\/span> <\/p>\n\t\t\t\t<span class=\"btn-read-more\" aria-hidden=\"true\"><i class=\"fa fa-chevron-right\" aria-hidden=\"true\"><\/i> mehr lesen&#8230;<\/span>\n\t\t\t<\/div>\n\t\t<\/a>\n\n\t\t\n\t\t<a href=\"https:\/\/www.stachristiana.at\/hlw-bafep-frohsdorf\/news\/auszeichnung-vitalkueche.html\" class=\"article-list-item focus-light\">\n\t\t\t<h3 class=\"list-item-title\">Auszeichnung &#8222;Vitalk\u00fcche&#8220;<\/h3>\n\t\t\t<figure class=\"list-item-thumb\"><img loading=\"lazy\" decoding=\"async\" width=\"250\" height=\"250\" src=\"https:\/\/www.stachristiana.at\/app\/uploads\/sites\/6\/2024\/02\/20240223_093046-250x250.jpg\" class=\"attachment-article-thumb size-article-thumb wp-post-image\" alt=\"\" srcset=\"https:\/\/www.stachristiana.at\/app\/uploads\/sites\/6\/2024\/02\/20240223_093046-250x250.jpg 250w, https:\/\/www.stachristiana.at\/app\/uploads\/sites\/6\/2024\/02\/20240223_093046-150x150.jpg 150w\" sizes=\"auto, (max-width: 250px) 100vw, 250px\" \/><\/figure>\t\t\t<div class=\"list-item-text\">\n\t\t\t\t<p>Bereits zum dritten Mal in Folge wurden wir als \u201eVitalk\u00fcche\u201c im Rahmen von \u201etut gut N\u00d6\u201c f\u00fcr unsere ausgewogene Jausen- und Mittagsverpflegung aller Sch\u00fcler:innen, P\u00e4dagog:innen und Mitarbeiter:innen ausgezeichnet. Die veranwortlichen<span class=\"light\"> &#8230;<\/span> <\/p>\n\t\t\t\t<span class=\"btn-read-more\" aria-hidden=\"true\"><i class=\"fa fa-chevron-right\" aria-hidden=\"true\"><\/i> mehr lesen&#8230;<\/span>\n\t\t\t<\/div>\n\t\t<\/a>\n\n\t<\/div>\n\n\n\n<hr class=\"wp-block-separator has-css-opacity is-style-wide\"\/>\n\n\n\n<div class=\"wp-block-columns is-layout-flex wp-container-core-columns-is-layout-28f84493 wp-block-columns-is-layout-flex\">\n<div class=\"wp-block-column is-layout-flow wp-block-column-is-layout-flow\">\n<h2 class=\"wp-block-heading\"><a href=\"https:\/\/www.stachristiana.at\/hlw-bafep-frohsdorf\/was-wir-tun\/termine\">Termine<\/a><\/h2>\n\n\n\n<p>Alle Termine auf einem Blick&#8230;<\/p>\n\n\n\n<p><a href=\"https:\/\/www.stachristiana.at\/hlw-bafep-frohsdorf\/was-wir-tun\/termine\">weiter<\/a><\/p>\n<\/div>\n\n\n\n<div class=\"wp-block-column is-layout-flow wp-block-column-is-layout-flow\">\n<h2 class=\"wp-block-heading\"><a href=\"https:\/\/www.stachristiana.at\/hlw-bafep-frohsdorf\/was-wir-tun\/pressestimmen\">Pressestimmen<\/a><\/h2>\n\n\n\n<p>Zu unseren j\u00e4hrlichen Pressespiegeln&#8230;<\/p>\n\n\n\n<p><a href=\"https:\/\/www.stachristiana.at\/hlw-bafep-frohsdorf\/was-wir-tun\/pressespiegel\">weiter<\/a><\/p>\n<\/div>\n<\/div>\n","protected":false},"excerpt":{"rendered":"<p>&#8222;Sta. Christiana \u2013 Schulen zum Leben!&#8220;&#8222;Unsere Schulen sind Lebensr\u00e4ume, in denen Menschlichkeit erfahren und einge\u00fcbt wird.&#8220; Die im Vergleich zu anderen Schulstandorten geringere Gr\u00f6\u00dfe macht unsere Schule sehr famili\u00e4r und flexibel f\u00fcr Ver\u00e4nderungen. Das ist sowohl im sozialen wie auch im p\u00e4dagogischen Alltag positiv bemerkbar. So halten wir z. B. monatliche p\u00e4dagogische Besprechungen aller Lehrerinnen [&hellip;]<\/p>\n","protected":false},"author":1,"featured_media":0,"parent":0,"menu_order":400,"comment_status":"closed","ping_status":"closed","template":"","meta":{"footnotes":""},"class_list":["post-142","page","type-page","status-publish","hentry"],"acf":[],"yoast_head":"<!-- This site is optimized with the Yoast SEO plugin v26.8 - https:\/\/yoast.com\/product\/yoast-seo-wordpress\/ -->\n<title>Was wir tun - HLW, BAfEP &amp; BASOP Frohsdorf<\/title>\n<meta name=\"robots\" content=\"index, follow, max-snippet:-1, max-image-preview:large, max-video-preview:-1\" \/>\n<link rel=\"canonical\" href=\"https:\/\/www.stachristiana.at\/hlw-bafep-frohsdorf\/was-wir-tun\" \/>\n<meta property=\"og:locale\" content=\"de_DE\" \/>\n<meta property=\"og:type\" content=\"article\" \/>\n<meta property=\"og:title\" content=\"Was wir tun - HLW, BAfEP &amp; BASOP Frohsdorf\" \/>\n<meta property=\"og:description\" content=\"&#8222;Sta. Christiana \u2013 Schulen zum Leben!&#8220;&#8222;Unsere Schulen sind Lebensr\u00e4ume, in denen Menschlichkeit erfahren und einge\u00fcbt wird.&#8220; Die im Vergleich zu anderen Schulstandorten geringere Gr\u00f6\u00dfe macht unsere Schule sehr famili\u00e4r und flexibel f\u00fcr Ver\u00e4nderungen. Das ist sowohl im sozialen wie auch im p\u00e4dagogischen Alltag positiv bemerkbar. So halten wir z. B. monatliche p\u00e4dagogische Besprechungen aller Lehrerinnen [&hellip;]\" \/>\n<meta property=\"og:url\" content=\"https:\/\/www.stachristiana.at\/hlw-bafep-frohsdorf\/was-wir-tun\" \/>\n<meta property=\"og:site_name\" content=\"HLW, BAfEP &amp; BASOP Frohsdorf\" \/>\n<meta property=\"article:modified_time\" content=\"2023-10-30T09:43:52+00:00\" \/>\n<meta property=\"og:image\" content=\"https:\/\/www.stachristiana.at\/app\/uploads\/sites\/6\/2022\/09\/sitzen-wiese.jpg\" \/>\n<meta name=\"twitter:card\" content=\"summary_large_image\" \/>\n<meta name=\"twitter:label1\" content=\"Gesch\u00e4tzte Lesezeit\" \/>\n\t<meta name=\"twitter:data1\" content=\"3\u00a0Minuten\" \/>\n<script type=\"application\/ld+json\" class=\"yoast-schema-graph\">{\"@context\":\"https:\/\/schema.org\",\"@graph\":[{\"@type\":\"WebPage\",\"@id\":\"https:\/\/www.stachristiana.at\/hlw-bafep-frohsdorf\/was-wir-tun\",\"url\":\"https:\/\/www.stachristiana.at\/hlw-bafep-frohsdorf\/was-wir-tun\",\"name\":\"Was wir tun - HLW, BAfEP &amp; BASOP Frohsdorf\",\"isPartOf\":{\"@id\":\"https:\/\/www.stachristiana.at\/hlw-bafep-frohsdorf\/#website\"},\"primaryImageOfPage\":{\"@id\":\"https:\/\/www.stachristiana.at\/hlw-bafep-frohsdorf\/was-wir-tun#primaryimage\"},\"image\":{\"@id\":\"https:\/\/www.stachristiana.at\/hlw-bafep-frohsdorf\/was-wir-tun#primaryimage\"},\"thumbnailUrl\":\"https:\/\/www.stachristiana.at\/app\/uploads\/sites\/6\/2022\/09\/sitzen-wiese.jpg\",\"datePublished\":\"2022-05-10T14:01:12+00:00\",\"dateModified\":\"2023-10-30T09:43:52+00:00\",\"breadcrumb\":{\"@id\":\"https:\/\/www.stachristiana.at\/hlw-bafep-frohsdorf\/was-wir-tun#breadcrumb\"},\"inLanguage\":\"de\",\"potentialAction\":[{\"@type\":\"ReadAction\",\"target\":[\"https:\/\/www.stachristiana.at\/hlw-bafep-frohsdorf\/was-wir-tun\"]}]},{\"@type\":\"ImageObject\",\"inLanguage\":\"de\",\"@id\":\"https:\/\/www.stachristiana.at\/hlw-bafep-frohsdorf\/was-wir-tun#primaryimage\",\"url\":\"https:\/\/www.stachristiana.at\/app\/uploads\/sites\/6\/2022\/09\/sitzen-wiese.jpg\",\"contentUrl\":\"https:\/\/www.stachristiana.at\/app\/uploads\/sites\/6\/2022\/09\/sitzen-wiese.jpg\"},{\"@type\":\"BreadcrumbList\",\"@id\":\"https:\/\/www.stachristiana.at\/hlw-bafep-frohsdorf\/was-wir-tun#breadcrumb\",\"itemListElement\":[{\"@type\":\"ListItem\",\"position\":1,\"name\":\"Start\",\"item\":\"https:\/\/www.stachristiana.at\/\"},{\"@type\":\"ListItem\",\"position\":2,\"name\":\"Was wir tun\"}]},{\"@type\":\"WebSite\",\"@id\":\"https:\/\/www.stachristiana.at\/hlw-bafep-frohsdorf\/#website\",\"url\":\"https:\/\/www.stachristiana.at\/hlw-bafep-frohsdorf\/\",\"name\":\"Sta. Christiana - HLW - BAfEP Frohsdorf\",\"description\":\"H\u00f6here Lehranstalt, Fachschule und Aufbaulehrgang f\u00fcr wirtschaftliche Berufe und Bildungsanstalt und Kolleg f\u00fcr Elementarp\u00e4dagogik\",\"publisher\":{\"@id\":\"https:\/\/www.stachristiana.at\/hlw-bafep-frohsdorf\/#organization\"},\"alternateName\":\"Sta. Christiana\",\"potentialAction\":[{\"@type\":\"SearchAction\",\"target\":{\"@type\":\"EntryPoint\",\"urlTemplate\":\"https:\/\/www.stachristiana.at\/hlw-bafep-frohsdorf\/?s={search_term_string}\"},\"query-input\":{\"@type\":\"PropertyValueSpecification\",\"valueRequired\":true,\"valueName\":\"search_term_string\"}}],\"inLanguage\":\"de\"},{\"@type\":\"Organization\",\"@id\":\"https:\/\/www.stachristiana.at\/hlw-bafep-frohsdorf\/#organization\",\"name\":\"Sta. Christiana - HLW und BAfEP Frohsdorf\",\"alternateName\":\"Sta. Christiana\",\"url\":\"https:\/\/www.stachristiana.at\/hlw-bafep-frohsdorf\/\",\"logo\":{\"@type\":\"ImageObject\",\"inLanguage\":\"de\",\"@id\":\"https:\/\/www.stachristiana.at\/hlw-bafep-frohsdorf\/#\/schema\/logo\/image\/\",\"url\":\"https:\/\/www.stachristiana.at\/app\/uploads\/sites\/6\/2022\/05\/logo-sta-christiana.png\",\"contentUrl\":\"https:\/\/www.stachristiana.at\/app\/uploads\/sites\/6\/2022\/05\/logo-sta-christiana.png\",\"width\":1200,\"height\":491,\"caption\":\"Sta. Christiana - HLW und BAfEP Frohsdorf\"},\"image\":{\"@id\":\"https:\/\/www.stachristiana.at\/hlw-bafep-frohsdorf\/#\/schema\/logo\/image\/\"}}]}<\/script>\n<!-- \/ Yoast SEO plugin. -->","yoast_head_json":{"title":"Was wir tun - HLW, BAfEP &amp; BASOP Frohsdorf","robots":{"index":"index","follow":"follow","max-snippet":"max-snippet:-1","max-image-preview":"max-image-preview:large","max-video-preview":"max-video-preview:-1"},"canonical":"https:\/\/www.stachristiana.at\/hlw-bafep-frohsdorf\/was-wir-tun","og_locale":"de_DE","og_type":"article","og_title":"Was wir tun - HLW, BAfEP &amp; BASOP Frohsdorf","og_description":"&#8222;Sta. Christiana \u2013 Schulen zum Leben!&#8220;&#8222;Unsere Schulen sind Lebensr\u00e4ume, in denen Menschlichkeit erfahren und einge\u00fcbt wird.&#8220; Die im Vergleich zu anderen Schulstandorten geringere Gr\u00f6\u00dfe macht unsere Schule sehr famili\u00e4r und flexibel f\u00fcr Ver\u00e4nderungen. Das ist sowohl im sozialen wie auch im p\u00e4dagogischen Alltag positiv bemerkbar. So halten wir z. B. monatliche p\u00e4dagogische Besprechungen aller Lehrerinnen [&hellip;]","og_url":"https:\/\/www.stachristiana.at\/hlw-bafep-frohsdorf\/was-wir-tun","og_site_name":"HLW, BAfEP &amp; BASOP Frohsdorf","article_modified_time":"2023-10-30T09:43:52+00:00","og_image":[{"url":"https:\/\/www.stachristiana.at\/app\/uploads\/sites\/6\/2022\/09\/sitzen-wiese.jpg","type":"","width":"","height":""}],"twitter_card":"summary_large_image","twitter_misc":{"Gesch\u00e4tzte Lesezeit":"3\u00a0Minuten"},"schema":{"@context":"https:\/\/schema.org","@graph":[{"@type":"WebPage","@id":"https:\/\/www.stachristiana.at\/hlw-bafep-frohsdorf\/was-wir-tun","url":"https:\/\/www.stachristiana.at\/hlw-bafep-frohsdorf\/was-wir-tun","name":"Was wir tun - HLW, BAfEP &amp; BASOP Frohsdorf","isPartOf":{"@id":"https:\/\/www.stachristiana.at\/hlw-bafep-frohsdorf\/#website"},"primaryImageOfPage":{"@id":"https:\/\/www.stachristiana.at\/hlw-bafep-frohsdorf\/was-wir-tun#primaryimage"},"image":{"@id":"https:\/\/www.stachristiana.at\/hlw-bafep-frohsdorf\/was-wir-tun#primaryimage"},"thumbnailUrl":"https:\/\/www.stachristiana.at\/app\/uploads\/sites\/6\/2022\/09\/sitzen-wiese.jpg","datePublished":"2022-05-10T14:01:12+00:00","dateModified":"2023-10-30T09:43:52+00:00","breadcrumb":{"@id":"https:\/\/www.stachristiana.at\/hlw-bafep-frohsdorf\/was-wir-tun#breadcrumb"},"inLanguage":"de","potentialAction":[{"@type":"ReadAction","target":["https:\/\/www.stachristiana.at\/hlw-bafep-frohsdorf\/was-wir-tun"]}]},{"@type":"ImageObject","inLanguage":"de","@id":"https:\/\/www.stachristiana.at\/hlw-bafep-frohsdorf\/was-wir-tun#primaryimage","url":"https:\/\/www.stachristiana.at\/app\/uploads\/sites\/6\/2022\/09\/sitzen-wiese.jpg","contentUrl":"https:\/\/www.stachristiana.at\/app\/uploads\/sites\/6\/2022\/09\/sitzen-wiese.jpg"},{"@type":"BreadcrumbList","@id":"https:\/\/www.stachristiana.at\/hlw-bafep-frohsdorf\/was-wir-tun#breadcrumb","itemListElement":[{"@type":"ListItem","position":1,"name":"Start","item":"https:\/\/www.stachristiana.at\/"},{"@type":"ListItem","position":2,"name":"Was wir tun"}]},{"@type":"WebSite","@id":"https:\/\/www.stachristiana.at\/hlw-bafep-frohsdorf\/#website","url":"https:\/\/www.stachristiana.at\/hlw-bafep-frohsdorf\/","name":"Sta. Christiana - HLW - BAfEP Frohsdorf","description":"H\u00f6here Lehranstalt, Fachschule und Aufbaulehrgang f\u00fcr wirtschaftliche Berufe und Bildungsanstalt und Kolleg f\u00fcr Elementarp\u00e4dagogik","publisher":{"@id":"https:\/\/www.stachristiana.at\/hlw-bafep-frohsdorf\/#organization"},"alternateName":"Sta. Christiana","potentialAction":[{"@type":"SearchAction","target":{"@type":"EntryPoint","urlTemplate":"https:\/\/www.stachristiana.at\/hlw-bafep-frohsdorf\/?s={search_term_string}"},"query-input":{"@type":"PropertyValueSpecification","valueRequired":true,"valueName":"search_term_string"}}],"inLanguage":"de"},{"@type":"Organization","@id":"https:\/\/www.stachristiana.at\/hlw-bafep-frohsdorf\/#organization","name":"Sta. Christiana - HLW und BAfEP Frohsdorf","alternateName":"Sta. Christiana","url":"https:\/\/www.stachristiana.at\/hlw-bafep-frohsdorf\/","logo":{"@type":"ImageObject","inLanguage":"de","@id":"https:\/\/www.stachristiana.at\/hlw-bafep-frohsdorf\/#\/schema\/logo\/image\/","url":"https:\/\/www.stachristiana.at\/app\/uploads\/sites\/6\/2022\/05\/logo-sta-christiana.png","contentUrl":"https:\/\/www.stachristiana.at\/app\/uploads\/sites\/6\/2022\/05\/logo-sta-christiana.png","width":1200,"height":491,"caption":"Sta. Christiana - HLW und BAfEP Frohsdorf"},"image":{"@id":"https:\/\/www.stachristiana.at\/hlw-bafep-frohsdorf\/#\/schema\/logo\/image\/"}}]}},"_links":{"self":[{"href":"https:\/\/www.stachristiana.at\/hlw-bafep-frohsdorf\/wp-json\/wp\/v2\/pages\/142","targetHints":{"allow":["GET"]}}],"collection":[{"href":"https:\/\/www.stachristiana.at\/hlw-bafep-frohsdorf\/wp-json\/wp\/v2\/pages"}],"about":[{"href":"https:\/\/www.stachristiana.at\/hlw-bafep-frohsdorf\/wp-json\/wp\/v2\/types\/page"}],"author":[{"embeddable":true,"href":"https:\/\/www.stachristiana.at\/hlw-bafep-frohsdorf\/wp-json\/wp\/v2\/users\/1"}],"replies":[{"embeddable":true,"href":"https:\/\/www.stachristiana.at\/hlw-bafep-frohsdorf\/wp-json\/wp\/v2\/comments?post=142"}],"version-history":[{"count":25,"href":"https:\/\/www.stachristiana.at\/hlw-bafep-frohsdorf\/wp-json\/wp\/v2\/pages\/142\/revisions"}],"predecessor-version":[{"id":2206,"href":"https:\/\/www.stachristiana.at\/hlw-bafep-frohsdorf\/wp-json\/wp\/v2\/pages\/142\/revisions\/2206"}],"wp:attachment":[{"href":"https:\/\/www.stachristiana.at\/hlw-bafep-frohsdorf\/wp-json\/wp\/v2\/media?parent=142"}],"curies":[{"name":"wp","href":"https:\/\/api.w.org\/{rel}","templated":true}]}}