{"id":1338,"date":"2023-01-17T09:17:02","date_gmt":"2023-01-17T08:17:02","guid":{"rendered":"http:\/\/www.sanctachristiana.at\/hlw-bafep-frohsdorf\/?page_id=1338"},"modified":"2023-09-18T20:41:31","modified_gmt":"2023-09-18T18:41:31","slug":"schulveranstaltungen","status":"publish","type":"page","link":"https:\/\/www.stachristiana.at\/hlw-bafep-frohsdorf\/schulveranstaltungen","title":{"rendered":"Schulveranstaltungen"},"content":{"rendered":"\n<p>Wir f\u00fchren viele unterschiedliche Exkursionen, Lehrausg\u00e4nge und mehrt\u00e4gige Schulveranstaltungen durch.<\/p>\n\n\n\n<h2 class=\"wp-block-heading\">Jedes Jahr finden folgende eint\u00e4gige Schulveranstaltungen statt:<\/h2>\n\n\n\n<ul class=\"wp-block-list\">\n<li>Wintersporttag<\/li>\n\n\n\n<li>Gesundheitstag<\/li>\n\n\n\n<li>Businessmaster Turnier<\/li>\n\n\n\n<li>Schulball Sta. Christian Frohsdorf (5HLWA, 5HLWB, 5BA, 3ALW, 3FW, 4HLWA, 4HLWB, 4BA, 2ALW, 2FW)<\/li>\n\n\n\n<li>Eventmanagementtag im Hilton Garden Inn Wr. Neustadt (5HLWA, 5HLWB, 5BA, 3ALW, 3FW)<\/li>\n\n\n\n<li>Unternehmenspr\u00e4sentation\/Live-Einblick LKW WALTER Internationale Transportorganisation AG (5HLWA, 5HLWB, 3ALW)<\/li>\n\n\n\n<li>Kulinarisches Degustationsmen\u00fc \u2013 Abendveranstaltung (3FW, 3HLW, 4HLW)<\/li>\n\n\n\n<li>Pilgerfahrt nach Mariazell mit dem Fahrrad<\/li>\n<\/ul>\n\n\n\n<figure class=\"wp-block-image size-full is-resized\"><img loading=\"lazy\" decoding=\"async\" src=\"https:\/\/www.stachristiana.at\/app\/uploads\/sites\/6\/2023\/01\/12.png\" alt=\"\" class=\"wp-image-1341\" style=\"width:675px;height:506px\" width=\"675\" height=\"506\" srcset=\"https:\/\/www.stachristiana.at\/app\/uploads\/sites\/6\/2023\/01\/12.png 900w, https:\/\/www.stachristiana.at\/app\/uploads\/sites\/6\/2023\/01\/12-400x300.png 400w, https:\/\/www.stachristiana.at\/app\/uploads\/sites\/6\/2023\/01\/12-768x576.png 768w, https:\/\/www.stachristiana.at\/app\/uploads\/sites\/6\/2023\/01\/12-613x460.png 613w, https:\/\/www.stachristiana.at\/app\/uploads\/sites\/6\/2023\/01\/12-100x75.png 100w\" sizes=\"auto, (max-width: 675px) 100vw, 675px\" \/><\/figure>\n\n\n\n<p><\/p>\n\n\n\n<h2 class=\"wp-block-heading\">Folgende mehrt\u00e4gige Schulveranstaltungen sind f\u00fcr die verschiedenen Jahrg\u00e4nge vorgesehen:<\/h2>\n\n\n\n<p><strong>1HLWAB, 1BA, 1FW, 1ALW<\/strong><br>Wintersportwoche<\/p>\n\n\n\n<p><strong>2HLWAB, 2FW<\/strong><br>Sprach- und Studienreise Englisch<\/p>\n\n\n\n<p><strong>2BA<\/strong><br>Sommersportreise<\/p>\n\n\n\n<p><strong>3HLWAB, 3ALW<\/strong><br>Sprach- und Studienreise Franz\u00f6sisch\/Spanisch<\/p>\n\n\n\n<p><strong>4BA<\/strong><br>Sprach- und Studienreise Englisch<br>Studienreise Kroatien<\/p>\n\n\n\n<p><strong>4HLWAB<\/strong><br>Studienreise Kroatien<\/p>\n\n\n\n<p><strong>5HLWAB, 3ALW<\/strong><br>Studienreise Polen<\/p>\n","protected":false},"excerpt":{"rendered":"<p>Wir f\u00fchren viele unterschiedliche Exkursionen, Lehrausg\u00e4nge und mehrt\u00e4gige Schulveranstaltungen durch. Jedes Jahr finden folgende eint\u00e4gige Schulveranstaltungen statt: Folgende mehrt\u00e4gige Schulveranstaltungen sind f\u00fcr die verschiedenen Jahrg\u00e4nge vorgesehen: 1HLWAB, 1BA, 1FW, 1ALWWintersportwoche 2HLWAB, 2FWSprach- und Studienreise Englisch 2BASommersportreise 3HLWAB, 3ALWSprach- und Studienreise Franz\u00f6sisch\/Spanisch 4BASprach- und Studienreise EnglischStudienreise Kroatien 4HLWABStudienreise Kroatien 5HLWAB, 3ALWStudienreise Polen<\/p>\n","protected":false},"author":16,"featured_media":0,"parent":0,"menu_order":0,"comment_status":"closed","ping_status":"closed","template":"","meta":{"footnotes":""},"class_list":["post-1338","page","type-page","status-publish","hentry"],"acf":[],"yoast_head":"<!-- This site is optimized with the Yoast SEO plugin v26.8 - https:\/\/yoast.com\/product\/yoast-seo-wordpress\/ -->\n<title>Schulveranstaltungen - HLW, BAfEP &amp; BASOP Frohsdorf<\/title>\n<meta name=\"robots\" content=\"index, follow, max-snippet:-1, max-image-preview:large, max-video-preview:-1\" \/>\n<link rel=\"canonical\" href=\"https:\/\/www.stachristiana.at\/hlw-bafep-frohsdorf\/schulveranstaltungen\" \/>\n<meta property=\"og:locale\" content=\"de_DE\" \/>\n<meta property=\"og:type\" content=\"article\" \/>\n<meta property=\"og:title\" content=\"Schulveranstaltungen - HLW, BAfEP &amp; BASOP Frohsdorf\" \/>\n<meta property=\"og:description\" content=\"Wir f\u00fchren viele unterschiedliche Exkursionen, Lehrausg\u00e4nge und mehrt\u00e4gige Schulveranstaltungen durch. Jedes Jahr finden folgende eint\u00e4gige Schulveranstaltungen statt: Folgende mehrt\u00e4gige Schulveranstaltungen sind f\u00fcr die verschiedenen Jahrg\u00e4nge vorgesehen: 1HLWAB, 1BA, 1FW, 1ALWWintersportwoche 2HLWAB, 2FWSprach- und Studienreise Englisch 2BASommersportreise 3HLWAB, 3ALWSprach- und Studienreise Franz\u00f6sisch\/Spanisch 4BASprach- und Studienreise EnglischStudienreise Kroatien 4HLWABStudienreise Kroatien 5HLWAB, 3ALWStudienreise Polen\" \/>\n<meta property=\"og:url\" content=\"https:\/\/www.stachristiana.at\/hlw-bafep-frohsdorf\/schulveranstaltungen\" \/>\n<meta property=\"og:site_name\" content=\"HLW, BAfEP &amp; BASOP Frohsdorf\" \/>\n<meta property=\"article:modified_time\" content=\"2023-09-18T18:41:31+00:00\" \/>\n<meta property=\"og:image\" content=\"https:\/\/www.stachristiana.at\/app\/uploads\/sites\/6\/2023\/01\/12.png\" \/>\n<meta name=\"twitter:card\" content=\"summary_large_image\" \/>\n<meta name=\"twitter:label1\" content=\"Gesch\u00e4tzte Lesezeit\" \/>\n\t<meta name=\"twitter:data1\" content=\"1\u00a0Minute\" \/>\n<script type=\"application\/ld+json\" class=\"yoast-schema-graph\">{\"@context\":\"https:\/\/schema.org\",\"@graph\":[{\"@type\":\"WebPage\",\"@id\":\"https:\/\/www.stachristiana.at\/hlw-bafep-frohsdorf\/schulveranstaltungen\",\"url\":\"https:\/\/www.stachristiana.at\/hlw-bafep-frohsdorf\/schulveranstaltungen\",\"name\":\"Schulveranstaltungen - HLW, BAfEP &amp; BASOP Frohsdorf\",\"isPartOf\":{\"@id\":\"https:\/\/www.stachristiana.at\/hlw-bafep-frohsdorf\/#website\"},\"primaryImageOfPage\":{\"@id\":\"https:\/\/www.stachristiana.at\/hlw-bafep-frohsdorf\/schulveranstaltungen#primaryimage\"},\"image\":{\"@id\":\"https:\/\/www.stachristiana.at\/hlw-bafep-frohsdorf\/schulveranstaltungen#primaryimage\"},\"thumbnailUrl\":\"https:\/\/www.stachristiana.at\/app\/uploads\/sites\/6\/2023\/01\/12.png\",\"datePublished\":\"2023-01-17T08:17:02+00:00\",\"dateModified\":\"2023-09-18T18:41:31+00:00\",\"breadcrumb\":{\"@id\":\"https:\/\/www.stachristiana.at\/hlw-bafep-frohsdorf\/schulveranstaltungen#breadcrumb\"},\"inLanguage\":\"de\",\"potentialAction\":[{\"@type\":\"ReadAction\",\"target\":[\"https:\/\/www.stachristiana.at\/hlw-bafep-frohsdorf\/schulveranstaltungen\"]}]},{\"@type\":\"ImageObject\",\"inLanguage\":\"de\",\"@id\":\"https:\/\/www.stachristiana.at\/hlw-bafep-frohsdorf\/schulveranstaltungen#primaryimage\",\"url\":\"https:\/\/www.stachristiana.at\/app\/uploads\/sites\/6\/2023\/01\/12.png\",\"contentUrl\":\"https:\/\/www.stachristiana.at\/app\/uploads\/sites\/6\/2023\/01\/12.png\"},{\"@type\":\"BreadcrumbList\",\"@id\":\"https:\/\/www.stachristiana.at\/hlw-bafep-frohsdorf\/schulveranstaltungen#breadcrumb\",\"itemListElement\":[{\"@type\":\"ListItem\",\"position\":1,\"name\":\"Start\",\"item\":\"https:\/\/www.stachristiana.at\/\"},{\"@type\":\"ListItem\",\"position\":2,\"name\":\"Schulveranstaltungen\"}]},{\"@type\":\"WebSite\",\"@id\":\"https:\/\/www.stachristiana.at\/hlw-bafep-frohsdorf\/#website\",\"url\":\"https:\/\/www.stachristiana.at\/hlw-bafep-frohsdorf\/\",\"name\":\"Sta. Christiana - HLW - BAfEP Frohsdorf\",\"description\":\"H\u00f6here Lehranstalt, Fachschule und Aufbaulehrgang f\u00fcr wirtschaftliche Berufe und Bildungsanstalt und Kolleg f\u00fcr Elementarp\u00e4dagogik\",\"publisher\":{\"@id\":\"https:\/\/www.stachristiana.at\/hlw-bafep-frohsdorf\/#organization\"},\"alternateName\":\"Sta. Christiana\",\"potentialAction\":[{\"@type\":\"SearchAction\",\"target\":{\"@type\":\"EntryPoint\",\"urlTemplate\":\"https:\/\/www.stachristiana.at\/hlw-bafep-frohsdorf\/?s={search_term_string}\"},\"query-input\":{\"@type\":\"PropertyValueSpecification\",\"valueRequired\":true,\"valueName\":\"search_term_string\"}}],\"inLanguage\":\"de\"},{\"@type\":\"Organization\",\"@id\":\"https:\/\/www.stachristiana.at\/hlw-bafep-frohsdorf\/#organization\",\"name\":\"Sta. Christiana - HLW und BAfEP Frohsdorf\",\"alternateName\":\"Sta. Christiana\",\"url\":\"https:\/\/www.stachristiana.at\/hlw-bafep-frohsdorf\/\",\"logo\":{\"@type\":\"ImageObject\",\"inLanguage\":\"de\",\"@id\":\"https:\/\/www.stachristiana.at\/hlw-bafep-frohsdorf\/#\/schema\/logo\/image\/\",\"url\":\"https:\/\/www.stachristiana.at\/app\/uploads\/sites\/6\/2022\/05\/logo-sta-christiana.png\",\"contentUrl\":\"https:\/\/www.stachristiana.at\/app\/uploads\/sites\/6\/2022\/05\/logo-sta-christiana.png\",\"width\":1200,\"height\":491,\"caption\":\"Sta. Christiana - HLW und BAfEP Frohsdorf\"},\"image\":{\"@id\":\"https:\/\/www.stachristiana.at\/hlw-bafep-frohsdorf\/#\/schema\/logo\/image\/\"}}]}<\/script>\n<!-- \/ Yoast SEO plugin. -->","yoast_head_json":{"title":"Schulveranstaltungen - HLW, BAfEP &amp; BASOP Frohsdorf","robots":{"index":"index","follow":"follow","max-snippet":"max-snippet:-1","max-image-preview":"max-image-preview:large","max-video-preview":"max-video-preview:-1"},"canonical":"https:\/\/www.stachristiana.at\/hlw-bafep-frohsdorf\/schulveranstaltungen","og_locale":"de_DE","og_type":"article","og_title":"Schulveranstaltungen - HLW, BAfEP &amp; BASOP Frohsdorf","og_description":"Wir f\u00fchren viele unterschiedliche Exkursionen, Lehrausg\u00e4nge und mehrt\u00e4gige Schulveranstaltungen durch. Jedes Jahr finden folgende eint\u00e4gige Schulveranstaltungen statt: Folgende mehrt\u00e4gige Schulveranstaltungen sind f\u00fcr die verschiedenen Jahrg\u00e4nge vorgesehen: 1HLWAB, 1BA, 1FW, 1ALWWintersportwoche 2HLWAB, 2FWSprach- und Studienreise Englisch 2BASommersportreise 3HLWAB, 3ALWSprach- und Studienreise Franz\u00f6sisch\/Spanisch 4BASprach- und Studienreise EnglischStudienreise Kroatien 4HLWABStudienreise Kroatien 5HLWAB, 3ALWStudienreise Polen","og_url":"https:\/\/www.stachristiana.at\/hlw-bafep-frohsdorf\/schulveranstaltungen","og_site_name":"HLW, BAfEP &amp; BASOP Frohsdorf","article_modified_time":"2023-09-18T18:41:31+00:00","og_image":[{"url":"https:\/\/www.stachristiana.at\/app\/uploads\/sites\/6\/2023\/01\/12.png","type":"","width":"","height":""}],"twitter_card":"summary_large_image","twitter_misc":{"Gesch\u00e4tzte Lesezeit":"1\u00a0Minute"},"schema":{"@context":"https:\/\/schema.org","@graph":[{"@type":"WebPage","@id":"https:\/\/www.stachristiana.at\/hlw-bafep-frohsdorf\/schulveranstaltungen","url":"https:\/\/www.stachristiana.at\/hlw-bafep-frohsdorf\/schulveranstaltungen","name":"Schulveranstaltungen - HLW, BAfEP &amp; BASOP Frohsdorf","isPartOf":{"@id":"https:\/\/www.stachristiana.at\/hlw-bafep-frohsdorf\/#website"},"primaryImageOfPage":{"@id":"https:\/\/www.stachristiana.at\/hlw-bafep-frohsdorf\/schulveranstaltungen#primaryimage"},"image":{"@id":"https:\/\/www.stachristiana.at\/hlw-bafep-frohsdorf\/schulveranstaltungen#primaryimage"},"thumbnailUrl":"https:\/\/www.stachristiana.at\/app\/uploads\/sites\/6\/2023\/01\/12.png","datePublished":"2023-01-17T08:17:02+00:00","dateModified":"2023-09-18T18:41:31+00:00","breadcrumb":{"@id":"https:\/\/www.stachristiana.at\/hlw-bafep-frohsdorf\/schulveranstaltungen#breadcrumb"},"inLanguage":"de","potentialAction":[{"@type":"ReadAction","target":["https:\/\/www.stachristiana.at\/hlw-bafep-frohsdorf\/schulveranstaltungen"]}]},{"@type":"ImageObject","inLanguage":"de","@id":"https:\/\/www.stachristiana.at\/hlw-bafep-frohsdorf\/schulveranstaltungen#primaryimage","url":"https:\/\/www.stachristiana.at\/app\/uploads\/sites\/6\/2023\/01\/12.png","contentUrl":"https:\/\/www.stachristiana.at\/app\/uploads\/sites\/6\/2023\/01\/12.png"},{"@type":"BreadcrumbList","@id":"https:\/\/www.stachristiana.at\/hlw-bafep-frohsdorf\/schulveranstaltungen#breadcrumb","itemListElement":[{"@type":"ListItem","position":1,"name":"Start","item":"https:\/\/www.stachristiana.at\/"},{"@type":"ListItem","position":2,"name":"Schulveranstaltungen"}]},{"@type":"WebSite","@id":"https:\/\/www.stachristiana.at\/hlw-bafep-frohsdorf\/#website","url":"https:\/\/www.stachristiana.at\/hlw-bafep-frohsdorf\/","name":"Sta. Christiana - HLW - BAfEP Frohsdorf","description":"H\u00f6here Lehranstalt, Fachschule und Aufbaulehrgang f\u00fcr wirtschaftliche Berufe und Bildungsanstalt und Kolleg f\u00fcr Elementarp\u00e4dagogik","publisher":{"@id":"https:\/\/www.stachristiana.at\/hlw-bafep-frohsdorf\/#organization"},"alternateName":"Sta. Christiana","potentialAction":[{"@type":"SearchAction","target":{"@type":"EntryPoint","urlTemplate":"https:\/\/www.stachristiana.at\/hlw-bafep-frohsdorf\/?s={search_term_string}"},"query-input":{"@type":"PropertyValueSpecification","valueRequired":true,"valueName":"search_term_string"}}],"inLanguage":"de"},{"@type":"Organization","@id":"https:\/\/www.stachristiana.at\/hlw-bafep-frohsdorf\/#organization","name":"Sta. Christiana - HLW und BAfEP Frohsdorf","alternateName":"Sta. Christiana","url":"https:\/\/www.stachristiana.at\/hlw-bafep-frohsdorf\/","logo":{"@type":"ImageObject","inLanguage":"de","@id":"https:\/\/www.stachristiana.at\/hlw-bafep-frohsdorf\/#\/schema\/logo\/image\/","url":"https:\/\/www.stachristiana.at\/app\/uploads\/sites\/6\/2022\/05\/logo-sta-christiana.png","contentUrl":"https:\/\/www.stachristiana.at\/app\/uploads\/sites\/6\/2022\/05\/logo-sta-christiana.png","width":1200,"height":491,"caption":"Sta. Christiana - HLW und BAfEP Frohsdorf"},"image":{"@id":"https:\/\/www.stachristiana.at\/hlw-bafep-frohsdorf\/#\/schema\/logo\/image\/"}}]}},"_links":{"self":[{"href":"https:\/\/www.stachristiana.at\/hlw-bafep-frohsdorf\/wp-json\/wp\/v2\/pages\/1338","targetHints":{"allow":["GET"]}}],"collection":[{"href":"https:\/\/www.stachristiana.at\/hlw-bafep-frohsdorf\/wp-json\/wp\/v2\/pages"}],"about":[{"href":"https:\/\/www.stachristiana.at\/hlw-bafep-frohsdorf\/wp-json\/wp\/v2\/types\/page"}],"author":[{"embeddable":true,"href":"https:\/\/www.stachristiana.at\/hlw-bafep-frohsdorf\/wp-json\/wp\/v2\/users\/16"}],"replies":[{"embeddable":true,"href":"https:\/\/www.stachristiana.at\/hlw-bafep-frohsdorf\/wp-json\/wp\/v2\/comments?post=1338"}],"version-history":[{"count":8,"href":"https:\/\/www.stachristiana.at\/hlw-bafep-frohsdorf\/wp-json\/wp\/v2\/pages\/1338\/revisions"}],"predecessor-version":[{"id":1977,"href":"https:\/\/www.stachristiana.at\/hlw-bafep-frohsdorf\/wp-json\/wp\/v2\/pages\/1338\/revisions\/1977"}],"wp:attachment":[{"href":"https:\/\/www.stachristiana.at\/hlw-bafep-frohsdorf\/wp-json\/wp\/v2\/media?parent=1338"}],"curies":[{"name":"wp","href":"https:\/\/api.w.org\/{rel}","templated":true}]}}