{"id":1224,"date":"2023-01-12T15:08:40","date_gmt":"2023-01-12T14:08:40","guid":{"rendered":"http:\/\/www.sanctachristiana.at\/hlw-bafep-frohsdorf\/?page_id=1224"},"modified":"2023-01-12T15:08:42","modified_gmt":"2023-01-12T14:08:42","slug":"pflicht-notebook","status":"publish","type":"page","link":"https:\/\/www.stachristiana.at\/hlw-bafep-frohsdorf\/pflicht-notebook","title":{"rendered":"Pflicht-Notebook"},"content":{"rendered":"\n<p><strong>Pflicht-Notebook<\/strong><\/p>\n\n\n\n<p>Ab der 2. Klasse \/ 2. Jahrgang muss&nbsp;jede(r) Sch\u00fcler*in ein privates Notebook in der Schule zur Verf\u00fcgung haben. Es wird f\u00fcr den Unterricht und f\u00fcr schriftliche \u00dcberpr\u00fcfungen eingesetzt.<\/p>\n\n\n\n<p>Zuhause m\u00fcssen ein Drucker und ein Internetzugang vorhanden sein.<\/p>\n\n\n\n<figure class=\"wp-block-image size-full is-resized\"><img loading=\"lazy\" decoding=\"async\" src=\"https:\/\/www.stachristiana.at\/app\/uploads\/sites\/6\/2023\/01\/10-Digitale-Kompetenzen-Social-Media.jpg\" alt=\"\" class=\"wp-image-1196\" width=\"675\" height=\"450\" srcset=\"https:\/\/www.stachristiana.at\/app\/uploads\/sites\/6\/2023\/01\/10-Digitale-Kompetenzen-Social-Media.jpg 900w, https:\/\/www.stachristiana.at\/app\/uploads\/sites\/6\/2023\/01\/10-Digitale-Kompetenzen-Social-Media-400x267.jpg 400w, https:\/\/www.stachristiana.at\/app\/uploads\/sites\/6\/2023\/01\/10-Digitale-Kompetenzen-Social-Media-768x512.jpg 768w, https:\/\/www.stachristiana.at\/app\/uploads\/sites\/6\/2023\/01\/10-Digitale-Kompetenzen-Social-Media-690x460.jpg 690w, https:\/\/www.stachristiana.at\/app\/uploads\/sites\/6\/2023\/01\/10-Digitale-Kompetenzen-Social-Media-113x75.jpg 113w\" sizes=\"auto, (max-width: 675px) 100vw, 675px\" \/><\/figure>\n\n\n\n<p><strong>Vorteile<\/strong><\/p>\n\n\n\n<ul class=\"wp-block-list\">\n<li>Sch\u00fcler*innen haben die Arbeitspl\u00e4tze im Klassenzimmer, im Schulhaus bzw. unterwegs und zuhause.<\/li>\n\n\n\n<li>Die Lernenden r\u00fccken in den Mittelpunkt. Im Sinne des Konstruktivismus k\u00f6nnen sie sich gem\u00e4\u00df eigener Bed\u00fcrfnislage organisieren. \u00dcber die Verwendung zentraler Ressourcen entscheiden sie selbst.<\/li>\n\n\n\n<li>Die Unterrichts- und Kommunikationsprozesse werden nicht behindert. Die Bildschirmgr\u00f6\u00dfe l\u00e4sst Augenkontakt zu. Das Notebook kann auch zugeklappt werden.<\/li>\n\n\n\n<li>Die Kommunikation mit anderen Sch\u00fclerinnen und Sch\u00fclern wird durch Versenden und Empfangen von elektronischer Post erleichtert.<\/li>\n\n\n\n<li>Auch die Zusammenarbeit von Lehrerinnen und Lehrern sowie Sch\u00fclerinnen und Sch\u00fclern \u00fcber das Internet z. B. an Projekten wird erleichtert.<\/li>\n<\/ul>\n\n\n\n<p><strong>Rahmenbedingungen<\/strong><\/p>\n\n\n\n<p>Die Notebooks sind im Eigentum der Sch\u00fcler*innen und m\u00fcssen von ihnen oder den Erziehungsberechtigten grunds\u00e4tzlich selbst beschafft werden. Die Schule wird Empfehlungen zum Kauf angeben. Ma\u00dfnahmen zur Versicherung der Ger\u00e4te werden empfohlen.<\/p>\n","protected":false},"excerpt":{"rendered":"<p>Pflicht-Notebook Ab der 2. Klasse \/ 2. Jahrgang muss&nbsp;jede(r) Sch\u00fcler*in ein privates Notebook in der Schule zur Verf\u00fcgung haben. Es wird f\u00fcr den Unterricht und f\u00fcr schriftliche \u00dcberpr\u00fcfungen eingesetzt. Zuhause m\u00fcssen ein Drucker und ein Internetzugang vorhanden sein. Vorteile Rahmenbedingungen Die Notebooks sind im Eigentum der Sch\u00fcler*innen und m\u00fcssen von ihnen oder den Erziehungsberechtigten grunds\u00e4tzlich [&hellip;]<\/p>\n","protected":false},"author":16,"featured_media":0,"parent":0,"menu_order":0,"comment_status":"closed","ping_status":"closed","template":"","meta":{"footnotes":""},"class_list":["post-1224","page","type-page","status-publish","hentry"],"acf":[],"yoast_head":"<!-- This site is optimized with the Yoast SEO plugin v26.8 - https:\/\/yoast.com\/product\/yoast-seo-wordpress\/ -->\n<title>Pflicht-Notebook - HLW, BAfEP &amp; BASOP Frohsdorf<\/title>\n<meta name=\"robots\" content=\"index, follow, max-snippet:-1, max-image-preview:large, max-video-preview:-1\" \/>\n<link rel=\"canonical\" href=\"http:\/\/www.sanctachristiana.at\/hlw-bafep-frohsdorf\/pflicht-notebook\" \/>\n<meta property=\"og:locale\" content=\"de_DE\" \/>\n<meta property=\"og:type\" content=\"article\" \/>\n<meta property=\"og:title\" content=\"Pflicht-Notebook - HLW, BAfEP &amp; BASOP Frohsdorf\" \/>\n<meta property=\"og:description\" content=\"Pflicht-Notebook Ab der 2. Klasse \/ 2. Jahrgang muss&nbsp;jede(r) Sch\u00fcler*in ein privates Notebook in der Schule zur Verf\u00fcgung haben. Es wird f\u00fcr den Unterricht und f\u00fcr schriftliche \u00dcberpr\u00fcfungen eingesetzt. Zuhause m\u00fcssen ein Drucker und ein Internetzugang vorhanden sein. Vorteile Rahmenbedingungen Die Notebooks sind im Eigentum der Sch\u00fcler*innen und m\u00fcssen von ihnen oder den Erziehungsberechtigten grunds\u00e4tzlich [&hellip;]\" \/>\n<meta property=\"og:url\" content=\"http:\/\/www.sanctachristiana.at\/hlw-bafep-frohsdorf\/pflicht-notebook\" \/>\n<meta property=\"og:site_name\" content=\"HLW, BAfEP &amp; BASOP Frohsdorf\" \/>\n<meta property=\"article:modified_time\" content=\"2023-01-12T14:08:42+00:00\" \/>\n<meta property=\"og:image\" content=\"http:\/\/www.sanctachristiana.at\/app\/uploads\/sites\/6\/2023\/01\/10-Digitale-Kompetenzen-Social-Media.jpg\" \/>\n<meta name=\"twitter:card\" content=\"summary_large_image\" \/>\n<meta name=\"twitter:label1\" content=\"Gesch\u00e4tzte Lesezeit\" \/>\n\t<meta name=\"twitter:data1\" content=\"2\u00a0Minuten\" \/>\n<script type=\"application\/ld+json\" class=\"yoast-schema-graph\">{\"@context\":\"https:\/\/schema.org\",\"@graph\":[{\"@type\":\"WebPage\",\"@id\":\"http:\/\/www.sanctachristiana.at\/hlw-bafep-frohsdorf\/pflicht-notebook\",\"url\":\"http:\/\/www.sanctachristiana.at\/hlw-bafep-frohsdorf\/pflicht-notebook\",\"name\":\"Pflicht-Notebook - HLW, BAfEP &amp; BASOP Frohsdorf\",\"isPartOf\":{\"@id\":\"https:\/\/www.stachristiana.at\/hlw-bafep-frohsdorf\/#website\"},\"primaryImageOfPage\":{\"@id\":\"http:\/\/www.sanctachristiana.at\/hlw-bafep-frohsdorf\/pflicht-notebook#primaryimage\"},\"image\":{\"@id\":\"http:\/\/www.sanctachristiana.at\/hlw-bafep-frohsdorf\/pflicht-notebook#primaryimage\"},\"thumbnailUrl\":\"https:\/\/www.stachristiana.at\/app\/uploads\/sites\/6\/2023\/01\/10-Digitale-Kompetenzen-Social-Media.jpg\",\"datePublished\":\"2023-01-12T14:08:40+00:00\",\"dateModified\":\"2023-01-12T14:08:42+00:00\",\"breadcrumb\":{\"@id\":\"http:\/\/www.sanctachristiana.at\/hlw-bafep-frohsdorf\/pflicht-notebook#breadcrumb\"},\"inLanguage\":\"de\",\"potentialAction\":[{\"@type\":\"ReadAction\",\"target\":[\"http:\/\/www.sanctachristiana.at\/hlw-bafep-frohsdorf\/pflicht-notebook\"]}]},{\"@type\":\"ImageObject\",\"inLanguage\":\"de\",\"@id\":\"http:\/\/www.sanctachristiana.at\/hlw-bafep-frohsdorf\/pflicht-notebook#primaryimage\",\"url\":\"https:\/\/www.stachristiana.at\/app\/uploads\/sites\/6\/2023\/01\/10-Digitale-Kompetenzen-Social-Media.jpg\",\"contentUrl\":\"https:\/\/www.stachristiana.at\/app\/uploads\/sites\/6\/2023\/01\/10-Digitale-Kompetenzen-Social-Media.jpg\"},{\"@type\":\"BreadcrumbList\",\"@id\":\"http:\/\/www.sanctachristiana.at\/hlw-bafep-frohsdorf\/pflicht-notebook#breadcrumb\",\"itemListElement\":[{\"@type\":\"ListItem\",\"position\":1,\"name\":\"Start\",\"item\":\"https:\/\/www.stachristiana.at\/\"},{\"@type\":\"ListItem\",\"position\":2,\"name\":\"Pflicht-Notebook\"}]},{\"@type\":\"WebSite\",\"@id\":\"https:\/\/www.stachristiana.at\/hlw-bafep-frohsdorf\/#website\",\"url\":\"https:\/\/www.stachristiana.at\/hlw-bafep-frohsdorf\/\",\"name\":\"Sta. Christiana - HLW - BAfEP Frohsdorf\",\"description\":\"H\u00f6here Lehranstalt, Fachschule und Aufbaulehrgang f\u00fcr wirtschaftliche Berufe und Bildungsanstalt und Kolleg f\u00fcr Elementarp\u00e4dagogik\",\"publisher\":{\"@id\":\"https:\/\/www.stachristiana.at\/hlw-bafep-frohsdorf\/#organization\"},\"alternateName\":\"Sta. Christiana\",\"potentialAction\":[{\"@type\":\"SearchAction\",\"target\":{\"@type\":\"EntryPoint\",\"urlTemplate\":\"https:\/\/www.stachristiana.at\/hlw-bafep-frohsdorf\/?s={search_term_string}\"},\"query-input\":{\"@type\":\"PropertyValueSpecification\",\"valueRequired\":true,\"valueName\":\"search_term_string\"}}],\"inLanguage\":\"de\"},{\"@type\":\"Organization\",\"@id\":\"https:\/\/www.stachristiana.at\/hlw-bafep-frohsdorf\/#organization\",\"name\":\"Sta. Christiana - HLW und BAfEP Frohsdorf\",\"alternateName\":\"Sta. Christiana\",\"url\":\"https:\/\/www.stachristiana.at\/hlw-bafep-frohsdorf\/\",\"logo\":{\"@type\":\"ImageObject\",\"inLanguage\":\"de\",\"@id\":\"https:\/\/www.stachristiana.at\/hlw-bafep-frohsdorf\/#\/schema\/logo\/image\/\",\"url\":\"https:\/\/www.stachristiana.at\/app\/uploads\/sites\/6\/2022\/05\/logo-sta-christiana.png\",\"contentUrl\":\"https:\/\/www.stachristiana.at\/app\/uploads\/sites\/6\/2022\/05\/logo-sta-christiana.png\",\"width\":1200,\"height\":491,\"caption\":\"Sta. Christiana - HLW und BAfEP Frohsdorf\"},\"image\":{\"@id\":\"https:\/\/www.stachristiana.at\/hlw-bafep-frohsdorf\/#\/schema\/logo\/image\/\"}}]}<\/script>\n<!-- \/ Yoast SEO plugin. -->","yoast_head_json":{"title":"Pflicht-Notebook - HLW, BAfEP &amp; BASOP Frohsdorf","robots":{"index":"index","follow":"follow","max-snippet":"max-snippet:-1","max-image-preview":"max-image-preview:large","max-video-preview":"max-video-preview:-1"},"canonical":"http:\/\/www.sanctachristiana.at\/hlw-bafep-frohsdorf\/pflicht-notebook","og_locale":"de_DE","og_type":"article","og_title":"Pflicht-Notebook - HLW, BAfEP &amp; BASOP Frohsdorf","og_description":"Pflicht-Notebook Ab der 2. Klasse \/ 2. Jahrgang muss&nbsp;jede(r) Sch\u00fcler*in ein privates Notebook in der Schule zur Verf\u00fcgung haben. Es wird f\u00fcr den Unterricht und f\u00fcr schriftliche \u00dcberpr\u00fcfungen eingesetzt. Zuhause m\u00fcssen ein Drucker und ein Internetzugang vorhanden sein. Vorteile Rahmenbedingungen Die Notebooks sind im Eigentum der Sch\u00fcler*innen und m\u00fcssen von ihnen oder den Erziehungsberechtigten grunds\u00e4tzlich [&hellip;]","og_url":"http:\/\/www.sanctachristiana.at\/hlw-bafep-frohsdorf\/pflicht-notebook","og_site_name":"HLW, BAfEP &amp; BASOP Frohsdorf","article_modified_time":"2023-01-12T14:08:42+00:00","og_image":[{"url":"http:\/\/www.sanctachristiana.at\/app\/uploads\/sites\/6\/2023\/01\/10-Digitale-Kompetenzen-Social-Media.jpg","type":"","width":"","height":""}],"twitter_card":"summary_large_image","twitter_misc":{"Gesch\u00e4tzte Lesezeit":"2\u00a0Minuten"},"schema":{"@context":"https:\/\/schema.org","@graph":[{"@type":"WebPage","@id":"http:\/\/www.sanctachristiana.at\/hlw-bafep-frohsdorf\/pflicht-notebook","url":"http:\/\/www.sanctachristiana.at\/hlw-bafep-frohsdorf\/pflicht-notebook","name":"Pflicht-Notebook - HLW, BAfEP &amp; BASOP Frohsdorf","isPartOf":{"@id":"https:\/\/www.stachristiana.at\/hlw-bafep-frohsdorf\/#website"},"primaryImageOfPage":{"@id":"http:\/\/www.sanctachristiana.at\/hlw-bafep-frohsdorf\/pflicht-notebook#primaryimage"},"image":{"@id":"http:\/\/www.sanctachristiana.at\/hlw-bafep-frohsdorf\/pflicht-notebook#primaryimage"},"thumbnailUrl":"https:\/\/www.stachristiana.at\/app\/uploads\/sites\/6\/2023\/01\/10-Digitale-Kompetenzen-Social-Media.jpg","datePublished":"2023-01-12T14:08:40+00:00","dateModified":"2023-01-12T14:08:42+00:00","breadcrumb":{"@id":"http:\/\/www.sanctachristiana.at\/hlw-bafep-frohsdorf\/pflicht-notebook#breadcrumb"},"inLanguage":"de","potentialAction":[{"@type":"ReadAction","target":["http:\/\/www.sanctachristiana.at\/hlw-bafep-frohsdorf\/pflicht-notebook"]}]},{"@type":"ImageObject","inLanguage":"de","@id":"http:\/\/www.sanctachristiana.at\/hlw-bafep-frohsdorf\/pflicht-notebook#primaryimage","url":"https:\/\/www.stachristiana.at\/app\/uploads\/sites\/6\/2023\/01\/10-Digitale-Kompetenzen-Social-Media.jpg","contentUrl":"https:\/\/www.stachristiana.at\/app\/uploads\/sites\/6\/2023\/01\/10-Digitale-Kompetenzen-Social-Media.jpg"},{"@type":"BreadcrumbList","@id":"http:\/\/www.sanctachristiana.at\/hlw-bafep-frohsdorf\/pflicht-notebook#breadcrumb","itemListElement":[{"@type":"ListItem","position":1,"name":"Start","item":"https:\/\/www.stachristiana.at\/"},{"@type":"ListItem","position":2,"name":"Pflicht-Notebook"}]},{"@type":"WebSite","@id":"https:\/\/www.stachristiana.at\/hlw-bafep-frohsdorf\/#website","url":"https:\/\/www.stachristiana.at\/hlw-bafep-frohsdorf\/","name":"Sta. Christiana - HLW - BAfEP Frohsdorf","description":"H\u00f6here Lehranstalt, Fachschule und Aufbaulehrgang f\u00fcr wirtschaftliche Berufe und Bildungsanstalt und Kolleg f\u00fcr Elementarp\u00e4dagogik","publisher":{"@id":"https:\/\/www.stachristiana.at\/hlw-bafep-frohsdorf\/#organization"},"alternateName":"Sta. Christiana","potentialAction":[{"@type":"SearchAction","target":{"@type":"EntryPoint","urlTemplate":"https:\/\/www.stachristiana.at\/hlw-bafep-frohsdorf\/?s={search_term_string}"},"query-input":{"@type":"PropertyValueSpecification","valueRequired":true,"valueName":"search_term_string"}}],"inLanguage":"de"},{"@type":"Organization","@id":"https:\/\/www.stachristiana.at\/hlw-bafep-frohsdorf\/#organization","name":"Sta. Christiana - HLW und BAfEP Frohsdorf","alternateName":"Sta. Christiana","url":"https:\/\/www.stachristiana.at\/hlw-bafep-frohsdorf\/","logo":{"@type":"ImageObject","inLanguage":"de","@id":"https:\/\/www.stachristiana.at\/hlw-bafep-frohsdorf\/#\/schema\/logo\/image\/","url":"https:\/\/www.stachristiana.at\/app\/uploads\/sites\/6\/2022\/05\/logo-sta-christiana.png","contentUrl":"https:\/\/www.stachristiana.at\/app\/uploads\/sites\/6\/2022\/05\/logo-sta-christiana.png","width":1200,"height":491,"caption":"Sta. Christiana - HLW und BAfEP Frohsdorf"},"image":{"@id":"https:\/\/www.stachristiana.at\/hlw-bafep-frohsdorf\/#\/schema\/logo\/image\/"}}]}},"_links":{"self":[{"href":"https:\/\/www.stachristiana.at\/hlw-bafep-frohsdorf\/wp-json\/wp\/v2\/pages\/1224","targetHints":{"allow":["GET"]}}],"collection":[{"href":"https:\/\/www.stachristiana.at\/hlw-bafep-frohsdorf\/wp-json\/wp\/v2\/pages"}],"about":[{"href":"https:\/\/www.stachristiana.at\/hlw-bafep-frohsdorf\/wp-json\/wp\/v2\/types\/page"}],"author":[{"embeddable":true,"href":"https:\/\/www.stachristiana.at\/hlw-bafep-frohsdorf\/wp-json\/wp\/v2\/users\/16"}],"replies":[{"embeddable":true,"href":"https:\/\/www.stachristiana.at\/hlw-bafep-frohsdorf\/wp-json\/wp\/v2\/comments?post=1224"}],"version-history":[{"count":1,"href":"https:\/\/www.stachristiana.at\/hlw-bafep-frohsdorf\/wp-json\/wp\/v2\/pages\/1224\/revisions"}],"predecessor-version":[{"id":1225,"href":"https:\/\/www.stachristiana.at\/hlw-bafep-frohsdorf\/wp-json\/wp\/v2\/pages\/1224\/revisions\/1225"}],"wp:attachment":[{"href":"https:\/\/www.stachristiana.at\/hlw-bafep-frohsdorf\/wp-json\/wp\/v2\/media?parent=1224"}],"curies":[{"name":"wp","href":"https:\/\/api.w.org\/{rel}","templated":true}]}}